{"id":41277,"date":"2022-12-08T20:11:22","date_gmt":"2022-12-08T20:11:22","guid":{"rendered":"https:\/\/jackpotlotteryonline.com\/?page_id=41277"},"modified":"2022-12-30T15:32:26","modified_gmt":"2022-12-30T15:32:26","slug":"saturday-lotto","status":"publish","type":"page","link":"https:\/\/jackpotlotteryonline.com\/sk\/vyherne-cisla\/saturday-lotto\/","title":{"rendered":"Sobota Lotto \u010derpa\u0165 v\u00fdsledky"},"content":{"rendered":"<p>Saturday Lotto zn\u00e1me aj ako Tatts lotto je jednou z najv\u00fdhernej\u0161\u00edch austr\u00e1lskych lot\u00e9ri\u00ed. A teraz, ke\u010f sa lotta m\u00f4\u017eu z\u00fa\u010dastni\u0165 hr\u00e1\u010di na celom svete, je d\u00f4le\u017eitej\u0161ie vybra\u0165 si v\u00fdhern\u00e9 \u010d\u00edsla. V\u00fdhra v tejto austr\u00e1lskej lot\u00e9rii znamen\u00e1, \u017ee sa domov vr\u00e1tite s minim\u00e1lne 5 mili\u00f3nmi dol\u00e1rov. T\u00e1to suma sa pres\u00fava, ak sa po \u017erebovan\u00ed neobjav\u00ed \u017eiadny v\u00fdhern\u00fd tiket. Navy\u0161e, ak sa z\u00fa\u010dastn\u00edte mega \u017erebovania, ktor\u00e9 sa kon\u00e1 raz ro\u010dne na Vianoce, potom si m\u00f4\u017eete vybra\u0165 30 mili\u00f3nov dol\u00e1rov!<\/p>\n<p>Ak ste si e\u0161te nek\u00fapili v\u00fdhern\u00fd tiket do lotta, prejdite na str\u00e1nku jackpotlotteryonline.com a <a href=\"https:\/\/jackpotlotteryonline.com\/sk\/kupit-vstupenky\/saturday-lotto\">zaobstarajte si svoj tiket hne\u010f teraz<\/a>. Potom sa vr\u00e1\u0165te pre v\u00fdhern\u00e9 \u010d\u00edsla.<\/p>\n<h2>V\u00ed\u0165azstvo v sobot\u0148aj\u0161om Lotto<\/h2>\n<p><img loading=\"lazy\" decoding=\"async\" class=\"alignright size-medium wp-image-28157\" src=\"https:\/\/jackpotlotteryonline.com\/wp-content\/uploads\/2022\/11\/1_lotto_money_win-300x150.jpg\" alt=\"Vyhrajte sobot\u0148aj\u0161ie Lotto\" width=\"300\" height=\"150\" srcset=\"https:\/\/jackpotlotteryonline.com\/wp-content\/uploads\/2022\/11\/1_lotto_money_win-300x150.jpg 300w, https:\/\/jackpotlotteryonline.com\/wp-content\/uploads\/2022\/11\/1_lotto_money_win.jpg 320w\" sizes=\"auto, (max-width: 300px) 100vw, 300px\" \/>Tatts lotto sa hr\u00e1 \u013eahko, najm\u00e4 ke\u010f hr\u00e1te online. V z\u00e1sade musia hr\u00e1\u010di vybra\u0165 6 hlavn\u00fdch \u010d\u00edsel v rozmedz\u00ed od 1 do 45. Potom 2 doplnkov\u00e9 \u010d\u00edsla od 1 do 6. Doplnkov\u00e9 \u010d\u00edsla v skuto\u010dnosti nemaj\u00fa ve\u013ea spolo\u010dn\u00e9ho s ur\u010den\u00edm jackpotu. Vyhra\u0165 jackpot znamen\u00e1, \u017ee sta\u010d\u00ed, ak sa zhodujete s \u00f4smimi vy\u017erebovan\u00fdmi \u010d\u00edslami.<\/p>\n<p>V\u00fdhra v lot\u00e9rii teda znamen\u00e1, \u017ee v\u00e1\u0161 tiket sa zhoduje so \u0161iestimi lopti\u010dkami, ktor\u00e9 sa n\u00e1hodne vyber\u00fa zo suda so 45 lopti\u010dkami. Potom sa z \u010fal\u0161ieho suda so \u0161iestimi lopti\u010dkami vyber\u00fa \u010fal\u0161ie dve. Tieto doplnkov\u00e9 lopti\u010dky sa pou\u017e\u00edvaj\u00fa na v\u00fdhru v \u010fal\u0161\u00edch v\u00fdhern\u00fdch kateg\u00f3ri\u00e1ch.<\/p>\n<p>\u017drebovanie sa kon\u00e1 raz t\u00fd\u017edenne, v sobotu. Ak teda chcete z\u00edska\u0165 v\u00fdhern\u00fd \u017ereb, mus\u00edte si vstupenku k\u00fapi\u0165 v\u010das. \u017drebovanie sa kon\u010d\u00ed v sobotu do 19:25 hod. stredoeur\u00f3pskeho \u010dasu. Hr\u00e1\u010di, ktor\u00ed chc\u00fa by\u0165 zaraden\u00ed do \u017erebovania v danom t\u00fd\u017edni, si musia zak\u00fapi\u0165 v\u00fdhern\u00e9 tikety pred \u010dasom uz\u00e1vierky.<\/p>\n<h2>Hranie online<\/h2>\n<p>V kr\u00e1tkosti sa zmienime o v\u00fdhre v lot\u00e9rii online. Ke\u010f nav\u0161t\u00edvite str\u00e1nku sobot\u0148aj\u0161ieho lota na jackpotlotteryonline.com, budete vyzvan\u00ed, aby ste si vybrali v\u00fdhern\u00e9 \u010d\u00edsla. Ak m\u00e1te nejak\u00e9 \u0161peci\u00e1lne d\u00e1tumy, ktor\u00e9 v\u00e1m priniesli \u0161\u0165astie, m\u00f4\u017eete ich pou\u017ei\u0165.<\/p>\n<p>Av\u0161ak t\u00ed, ktor\u00ed nemaj\u00fa na v\u00fdber konkr\u00e9tne \u010d\u00edsla, sa nemusia b\u00e1\u0165. M\u00e1me pre v\u00e1s automatick\u00fd v\u00fdber \u010d\u00edsel, ktor\u00fd v\u00e1m vygeneruje n\u00e1hodn\u00e9 v\u00fdhern\u00e9 \u010d\u00edsla. Ve\u013ea v\u00fdhercov lot\u00e9rie vyhralo pomocou n\u00e1hodn\u00e9ho v\u00fdberu \u010d\u00edsel.<\/p>\n<p>Po v\u00fdbere v\u00fdhern\u00fdch \u010d\u00edsel sa potom zapoj\u00edte do t\u00fd\u017edenn\u00e9ho \u017erebovania. Pred spracovan\u00edm platby v\u00e1s po\u017eiadame o registr\u00e1ciu. Je to preto, aby bol v\u00e1\u0161 tiket v bezpe\u010d\u00ed a aby sme v\u00e1m pomohli s vypl\u00e1can\u00edm v\u00fdhier. K tomu sa dostaneme \u010doskoro.<\/p>\n<section class=\"layout\" style=\"border: solid 1px; width: 100%;\">\n<div class=\"img-div\" style=\"margin-top: 5px;\"><img decoding=\"async\" class=\"wp-image-17212 alignleft\" style=\"height: 45px; margin: 8px 8px 0px;\" src=\"https:\/\/jackpotlotteryonline.com\/wp-content\/uploads\/2022\/11\/read1.jpg\" alt=\"pre\u010d\u00edtajte si\" width=\"\" height=\"\" \/><\/div>\n<div style=\"padding-left: 5px;\">\n<div style=\"font-size: 1.1em;\">\n<p><strong>Sledujte \u017erebovanie \u010d\u00edsel lot\u00e9rie v priamom prenose<\/strong><\/p>\n<p style=\"font-size: 0.85em; margin-top: -1.5em;\">Ako sledova\u0165 \u017eiv\u00e9 \u017erebovania ob\u013e\u00faben\u00fdch lot\u00e9ri\u00ed <a href=\"https:\/\/jackpotlotteryonline.com\/sk\/sledujte-ako-sa-losuju-cisla-v-loterii-nazivo\">\u010d\u00edtaj viac<\/a><\/p>\n<\/div>\n<\/div>\n<\/section>\n<h2>Rozdelenie v\u00fdhier<\/h2>\n<p>V\u00fdhra v lot\u00e9rii Tatts nie je len o v\u00fdhre jackpotu. Toto loto m\u00e1 celkovo osem v\u00fdhern\u00fdch div\u00edzi\u00ed. Ke\u010f si k\u00fapite tiket do lotta, m\u00e1te \u0161ancu na niektor\u00fa z t\u00fdchto v\u00fdhern\u00fdch kateg\u00f3ri\u00ed. V\u00fdhern\u00e9 \u010d\u00edsla pre ka\u017ed\u00fa div\u00edziu s\u00fa uveden\u00e9 ni\u017e\u0161ie.<\/p>\n<p>Div\u00edzia 1: Z\u00e1pas 6 (jackpot)<\/p>\n<p>Div\u00edzia 2: Zhoda 5 + 1 doplnkov\u00e9 \u010d\u00edslo<\/p>\n<p>Div\u00edzia 3: marec 5<\/p>\n<p>Div\u00edzia 4: Z\u00e1pas 4<\/p>\n<p>Div\u00edzia 5: z\u00e1pas 3 + 1 doplnkov\u00e9 \u010d\u00edslo<\/p>\n<p>Div\u00edzia 6: z\u00e1pas 3<\/p>\n<p>Jedn\u00fdm z d\u00f4vodov, pre\u010do Austr\u00e1l\u010dania tak ve\u013emi miluj\u00fa t\u00fato lot\u00e9riu, je pravdepodobne to, ako \u013eahko sa v nej d\u00e1 vyhra\u0165. Pravdepodobnos\u0165 v\u00fdhry je fantastick\u00e1 a pri minim\u00e1lnej v\u00fdhre 5 mili\u00f3nov AUD sa tomu ani nemo\u017eno \u010dudova\u0165. Ak ste tak e\u0161te neurobili, je vhodn\u00fd \u010das na to, aby ste sa zamysleli nad k\u00fapou v\u00fdhern\u00e9ho tiketu.<\/p>\n<h2>Doplnkov\u00e9 \u010d\u00edsla<\/h2>\n<p>Spomenuli sme doplnkov\u00e9 \u010d\u00edsla a pravdepodobne ste si u\u017e v\u0161imli, \u017ee niektor\u00e9 div\u00edzie ich pou\u017e\u00edvaj\u00fa. V\u0161imnite si, \u017ee s\u00fa n\u00e1hodne generovan\u00e9 po\u010das \u017erebovania a pou\u017e\u00edvaj\u00fa sa na ur\u010denie div\u00edzi\u00ed 2 a 5. Hr\u00e1\u010di si tieto \u010d\u00edsla nevyberaj\u00fa a nemaj\u00fa nad nimi \u017eiadnu kontrolu. Preto sa ne\u013eakajte, ak pri k\u00fape tiketov t\u00fato mo\u017enos\u0165 neuvid\u00edte.<\/p>\n<h2>Ako skontrolova\u0165 v\u00fdhern\u00e9 v\u00fdsledky<\/h2>\n<p>Teraz, ke\u010f ste si zak\u00fapili svoj vstup, ako skontrolujete, \u010di m\u00e1te v\u00fdhern\u00fd tiket? Najlep\u0161\u00ed sp\u00f4sob, ako to urobi\u0165, je vr\u00e1ti\u0165 sa priamo sem. Po \u017erebovan\u00ed uverej\u0148ujeme v\u00fdhern\u00e9 v\u00fdsledky sobot\u0148aj\u0161ieho lota na tejto str\u00e1nke.<\/p>\n<p>Nezverej\u0148ujeme len \u010d\u00edsla jackpotov. Uverej\u0148ujeme aj v\u00fdhern\u00e9 \u010d\u00edsla v\u0161etk\u00fdch ostatn\u00fdch div\u00edzi\u00ed. Na prv\u00fd poh\u013ead tak m\u00f4\u017eete zisti\u0165, ako bl\u00edzko ste boli k v\u00fdhre v lote.<\/p>\n<p>Ak ste sa u n\u00e1s zaregistrovali, potom je to e\u0161te jednoduch\u0161ie. Nemus\u00edte nikam chodi\u0165, aby ste sa dozvedeli, \u010di ste vyhrali lotto. Nie, preto\u017ee v\u00e1m po\u0161leme ozn\u00e1menie hne\u010f, ako vyhr\u00e1te cenu. Presne tak. Dostanete e-mail s upozornen\u00edm, \u017ee m\u00e1te v\u00fdhern\u00e9 \u010d\u00edsla lotta. Rob\u00edme v\u0161etko pre to, aby ste mohli hra\u0165 loto jednoducho a bez stresu odkia\u013eko\u013evek.<\/p>\n<h2>V\u00fdplata v\u00fdhier<\/h2>\n<p><img loading=\"lazy\" decoding=\"async\" class=\"alignright size-medium wp-image-34997\" src=\"https:\/\/jackpotlotteryonline.com\/wp-content\/uploads\/2022\/11\/2_ticket_saturday_lotto_au-1-166x300.jpg\" alt=\"Sobotn\u00e9 Lotto online potvrdenie\" width=\"166\" height=\"300\" srcset=\"https:\/\/jackpotlotteryonline.com\/wp-content\/uploads\/2022\/11\/2_ticket_saturday_lotto_au-1-166x300.jpg 166w, https:\/\/jackpotlotteryonline.com\/wp-content\/uploads\/2022\/11\/2_ticket_saturday_lotto_au-1.jpg 250w\" sizes=\"auto, (max-width: 166px) 100vw, 166px\" \/>Ak ste vyhrali lotto, \u010fal\u0161\u00edm krokom je z\u00edska\u0165 pr\u00edstup k svojej v\u00fdhre. V\u00fdhra v lotto v Austr\u00e1lii nem\u00e1 zmysel, ak sa nem\u00f4\u017eete dosta\u0165 k svojej v\u00fdhre. A pr\u00e1ve tu sa veci st\u00e1vaj\u00fa skuto\u010dne zauj\u00edmav\u00fdmi.<\/p>\n<p>Ak ste vyhrali cenu v lotto, ktor\u00e1 je ni\u017e\u0161ia ako 2 500 eur, potom je z\u00edskanie va\u0161ej v\u00fdhry neuverite\u013ene jednoduch\u00e9. Sta\u010d\u00ed si vybra\u0165 v\u00fdhru z na\u0161ej platformy priamo do svojej banky. M\u00e1me nieko\u013eko met\u00f3d, ktor\u00e9 m\u00f4\u017eete pou\u017ei\u0165 na pohodln\u00e9 vyplatenie v\u00fdhry.<\/p>\n<p>Ak je va\u0161a v\u00fdhra vy\u0161\u0161ia ako 2 500 eur, mo\u017eno budete musie\u0165 kontaktova\u0165 lot\u00e9riov\u00fa spolo\u010dnos\u0165 a uplatni\u0165 si n\u00e1rok na v\u00fdhru. Poskytneme v\u00e1m k tomu potrebn\u00fa podporu t\u00fdm, \u017ee v\u00e1m za\u0161leme reklama\u010dn\u00fd formul\u00e1r, ktor\u00fd mus\u00edte vyplni\u0165. Ide o jednoduch\u00fd proces s prakticky nulov\u00fdmi \u0165a\u017ekos\u0165ami.<\/p>\n<h2>Z\u00e1ver<\/h2>\n<p>V\u00fdhodou n\u00e1kupu \u017erebov od n\u00e1s je, \u017ee viete, \u017ee ste si zak\u00fapili vstup do lot\u00e9rie. U n\u00e1s si na v\u00fdsledok nevsad\u00edte. V skuto\u010dnosti si kupujete vstup. Ak teda vyhr\u00e1te, dostanete svoju v\u00fdhru.<\/p>\n<p>Hr\u00e1\u010dom u\u013eah\u010dujeme hranie najlep\u0161\u00edch medzin\u00e1rodn\u00fdch lot\u00e9ri\u00ed. M\u00f4\u017eete si k\u00fapi\u0165 tikety, skontrolova\u0165 v\u00fdhern\u00fa kombin\u00e1ciu a jednoducho si vyplati\u0165 v\u00fdhru. Postarali sme sa o v\u0161etky detaily, tak\u017ee m\u00f4\u017eete relaxova\u0165 a bavi\u0165 sa. Ke\u010f <a href=\"https:\/\/jackpotlotteryonline.com\/sk\/ako-hrat\/saturday-lotto\">hr\u00e1te lot\u00e9riu s jackpotlotteryonline.com<\/a>, z\u00edskate situ\u00e1ciu, v ktorej vyhr\u00e1 ka\u017ed\u00e1 strana. Zaregistrujte sa u n\u00e1s e\u0161te dnes.<\/p>\n","protected":false},"excerpt":{"rendered":"<p>Saturday Lotto zn\u00e1me aj ako Tatts lotto je jednou z najv\u00fdhernej\u0161\u00edch austr\u00e1lskych lot\u00e9ri\u00ed. A teraz, ke\u010f sa lotta m\u00f4\u017eu z\u00fa\u010dastni\u0165 hr\u00e1\u010di na celom svete, je d\u00f4le\u017eitej\u0161ie vybra\u0165 si v\u00fdhern\u00e9 \u010d\u00edsla. V\u00fdhra v tejto austr\u00e1lskej lot\u00e9rii znamen\u00e1, \u017ee sa domov vr\u00e1tite s minim\u00e1lne 5 mili\u00f3nmi dol\u00e1rov. T\u00e1to suma sa pres\u00fava, ak sa po \u017erebovan\u00ed neobjav\u00ed \u017eiadny [&hellip;]<\/p>\n","protected":false},"author":1,"featured_media":0,"parent":35852,"menu_order":18,"comment_status":"closed","ping_status":"closed","template":"saturday-lotto-results.php","meta":{"_et_pb_use_builder":"","_et_pb_old_content":"","_et_gb_content_width":"","exclude_from_search":false,"footnotes":""},"class_list":["post-41277","page","type-page","status-publish","hentry"],"yoast_head":"<!-- This site is optimized with the Yoast SEO plugin v23.3 - https:\/\/yoast.com\/wordpress\/plugins\/seo\/ -->\n<title>Sobot\u0148aj\u0161ie Lotto v\u00ed\u0165azn\u00e9 \u010d\u00edsla a v\u00fdsledky \u017erebovania<\/title>\n<meta name=\"description\" content=\"Porovnajte svoj tiket s v\u00fdsledkami posledn\u00e9ho sobot\u0148aj\u0161ieho \u017erebovania Lotto - pozrite si v\u00fdhern\u00e9 \u010d\u00edsla tu!\" \/>\n<meta name=\"robots\" content=\"index, follow, max-snippet:-1, max-image-preview:large, max-video-preview:-1\" \/>\n<link rel=\"canonical\" href=\"https:\/\/jackpotlotteryonline.com\/sk\/vyherne-cisla\/saturday-lotto\/\" \/>\n<meta property=\"og:locale\" content=\"sk_SK\" \/>\n<meta property=\"og:type\" content=\"article\" \/>\n<meta property=\"og:title\" content=\"Sobot\u0148aj\u0161ie Lotto v\u00ed\u0165azn\u00e9 \u010d\u00edsla a v\u00fdsledky \u017erebovania\" \/>\n<meta property=\"og:description\" content=\"Porovnajte svoj tiket s v\u00fdsledkami posledn\u00e9ho sobot\u0148aj\u0161ieho \u017erebovania Lotto - pozrite si v\u00fdhern\u00e9 \u010d\u00edsla tu!\" \/>\n<meta property=\"og:url\" content=\"https:\/\/jackpotlotteryonline.com\/sk\/vyherne-cisla\/saturday-lotto\/\" \/>\n<meta property=\"og:site_name\" content=\"Lotto Online - Crack The International Lottery Jackpots\" \/>\n<meta property=\"article:modified_time\" content=\"2022-12-30T15:32:26+00:00\" \/>\n<meta property=\"og:image\" content=\"https:\/\/jackpotlotteryonline.com\/wp-content\/uploads\/2022\/11\/1_lotto_money_win-300x150.jpg\" \/>\n<meta name=\"twitter:card\" content=\"summary_large_image\" \/>\n<meta name=\"twitter:label1\" content=\"Predpokladan\u00fd \u010das \u010d\u00edtania\" \/>\n\t<meta name=\"twitter:data1\" content=\"5 min\u00fat\" \/>\n<!-- \/ Yoast SEO plugin. -->","yoast_head_json":{"title":"Sobot\u0148aj\u0161ie Lotto v\u00ed\u0165azn\u00e9 \u010d\u00edsla a v\u00fdsledky \u017erebovania","description":"Porovnajte svoj tiket s v\u00fdsledkami posledn\u00e9ho sobot\u0148aj\u0161ieho \u017erebovania Lotto - pozrite si v\u00fdhern\u00e9 \u010d\u00edsla tu!","robots":{"index":"index","follow":"follow","max-snippet":"max-snippet:-1","max-image-preview":"max-image-preview:large","max-video-preview":"max-video-preview:-1"},"canonical":"https:\/\/jackpotlotteryonline.com\/sk\/vyherne-cisla\/saturday-lotto\/","og_locale":"sk_SK","og_type":"article","og_title":"Sobot\u0148aj\u0161ie Lotto v\u00ed\u0165azn\u00e9 \u010d\u00edsla a v\u00fdsledky \u017erebovania","og_description":"Porovnajte svoj tiket s v\u00fdsledkami posledn\u00e9ho sobot\u0148aj\u0161ieho \u017erebovania Lotto - pozrite si v\u00fdhern\u00e9 \u010d\u00edsla tu!","og_url":"https:\/\/jackpotlotteryonline.com\/sk\/vyherne-cisla\/saturday-lotto\/","og_site_name":"Lotto Online - Crack The International Lottery Jackpots","article_modified_time":"2022-12-30T15:32:26+00:00","og_image":[{"url":"https:\/\/jackpotlotteryonline.com\/wp-content\/uploads\/2022\/11\/1_lotto_money_win-300x150.jpg"}],"twitter_card":"summary_large_image","twitter_misc":{"Predpokladan\u00fd \u010das \u010d\u00edtania":"5 min\u00fat"},"schema":{"@context":"https:\/\/schema.org","@graph":[{"@type":"WebPage","@id":"https:\/\/jackpotlotteryonline.com\/sk\/vyherne-cisla\/saturday-lotto\/","url":"https:\/\/jackpotlotteryonline.com\/sk\/vyherne-cisla\/saturday-lotto\/","name":"Sobot\u0148aj\u0161ie Lotto v\u00ed\u0165azn\u00e9 \u010d\u00edsla a v\u00fdsledky \u017erebovania","isPartOf":{"@id":"https:\/\/jackpotlotteryonline.com\/#website"},"primaryImageOfPage":{"@id":"https:\/\/jackpotlotteryonline.com\/sk\/vyherne-cisla\/saturday-lotto\/#primaryimage"},"image":{"@id":"https:\/\/jackpotlotteryonline.com\/sk\/vyherne-cisla\/saturday-lotto\/#primaryimage"},"thumbnailUrl":"https:\/\/jackpotlotteryonline.com\/wp-content\/uploads\/2022\/11\/1_lotto_money_win-300x150.jpg","datePublished":"2022-12-08T20:11:22+00:00","dateModified":"2022-12-30T15:32:26+00:00","description":"Porovnajte svoj tiket s v\u00fdsledkami posledn\u00e9ho sobot\u0148aj\u0161ieho \u017erebovania Lotto - pozrite si v\u00fdhern\u00e9 \u010d\u00edsla tu!","breadcrumb":{"@id":"https:\/\/jackpotlotteryonline.com\/sk\/vyherne-cisla\/saturday-lotto\/#breadcrumb"},"inLanguage":"sk-SK","potentialAction":[{"@type":"ReadAction","target":["https:\/\/jackpotlotteryonline.com\/sk\/vyherne-cisla\/saturday-lotto\/"]}]},{"@type":"ImageObject","inLanguage":"sk-SK","@id":"https:\/\/jackpotlotteryonline.com\/sk\/vyherne-cisla\/saturday-lotto\/#primaryimage","url":"https:\/\/jackpotlotteryonline.com\/wp-content\/uploads\/2022\/11\/1_lotto_money_win-300x150.jpg","contentUrl":"https:\/\/jackpotlotteryonline.com\/wp-content\/uploads\/2022\/11\/1_lotto_money_win-300x150.jpg"},{"@type":"BreadcrumbList","@id":"https:\/\/jackpotlotteryonline.com\/sk\/vyherne-cisla\/saturday-lotto\/#breadcrumb","itemListElement":[{"@type":"ListItem","position":1,"name":"Home","item":"https:\/\/jackpotlotteryonline.com\/sk\/"},{"@type":"ListItem","position":2,"name":"V\u00fdsledky lot\u00e9rie","item":"https:\/\/jackpotlotteryonline.com\/sk\/vyherne-cisla\/"},{"@type":"ListItem","position":3,"name":"Sobota Lotto \u010derpa\u0165 v\u00fdsledky"}]},{"@type":"WebSite","@id":"https:\/\/jackpotlotteryonline.com\/#website","url":"https:\/\/jackpotlotteryonline.com\/","name":"Lotto Online - Crack The International Lottery Jackpots","description":"","potentialAction":[{"@type":"SearchAction","target":{"@type":"EntryPoint","urlTemplate":"https:\/\/jackpotlotteryonline.com\/?s={search_term_string}"},"query-input":"required name=search_term_string"}],"inLanguage":"sk-SK"}]}},"_links":{"self":[{"href":"https:\/\/jackpotlotteryonline.com\/sk\/wp-json\/wp\/v2\/pages\/41277","targetHints":{"allow":["GET"]}}],"collection":[{"href":"https:\/\/jackpotlotteryonline.com\/sk\/wp-json\/wp\/v2\/pages"}],"about":[{"href":"https:\/\/jackpotlotteryonline.com\/sk\/wp-json\/wp\/v2\/types\/page"}],"author":[{"embeddable":true,"href":"https:\/\/jackpotlotteryonline.com\/sk\/wp-json\/wp\/v2\/users\/1"}],"replies":[{"embeddable":true,"href":"https:\/\/jackpotlotteryonline.com\/sk\/wp-json\/wp\/v2\/comments?post=41277"}],"version-history":[{"count":0,"href":"https:\/\/jackpotlotteryonline.com\/sk\/wp-json\/wp\/v2\/pages\/41277\/revisions"}],"up":[{"embeddable":true,"href":"https:\/\/jackpotlotteryonline.com\/sk\/wp-json\/wp\/v2\/pages\/35852"}],"wp:attachment":[{"href":"https:\/\/jackpotlotteryonline.com\/sk\/wp-json\/wp\/v2\/media?parent=41277"}],"curies":[{"name":"wp","href":"https:\/\/api.w.org\/{rel}","templated":true}]}}