{"id":41331,"date":"2022-12-09T07:05:11","date_gmt":"2022-12-09T07:05:11","guid":{"rendered":"https:\/\/jackpotlotteryonline.com\/?page_id=41331"},"modified":"2022-12-29T14:08:21","modified_gmt":"2022-12-29T14:08:21","slug":"thunderball","status":"publish","type":"page","link":"https:\/\/jackpotlotteryonline.com\/sk\/vyherne-cisla\/thunderball\/","title":{"rendered":"Thunderball lot\u00e9rie \u010derpanie v\u00fdsledky"},"content":{"rendered":"<p>Thunderball je jednou z najpopul\u00e1rnej\u0161\u00edch lot\u00e9ri\u00ed v Spojenom kr\u00e1\u013eovstve. U\u017e za mal\u00fa sumu m\u00f4\u017eu tipuj\u00faci vyhra\u0165 pol mili\u00f3na libier, \u010do je fantastick\u00e9. Existuje ve\u013ea lot\u00e9ri\u00ed, ale na Thunderball je jednoducho nie\u010do, \u010do hr\u00e1\u010dov pri\u0165ahuje. M\u00f4\u017ee to by\u0165 neuverite\u013ene priazniv\u00fd kurz alebo skuto\u010dnos\u0165, \u017ee prin\u00e1\u0161a ve\u013ea v\u00fdhier. Nech u\u017e je d\u00f4vod ak\u00fdko\u013evek, hr\u00e1\u010di na celom svete si kupuj\u00fa \u017ereby lot\u00e9rie Thunderball aj online.<\/p>\n<p>Ak <a href=\"https:\/\/jackpotlotteryonline.com\/sk\/ako-hrat\/thunderball\">hr\u00e1te lot\u00e9riu online<\/a>, je nevyhnutn\u00e9 skontrolova\u0165 v\u00fdhern\u00e9 \u010d\u00edsla. To preto, aby ste vedeli, \u010di m\u00e1te tiket, ktor\u00fd zodpoved\u00e1 vy\u017erebovan\u00fdm \u010d\u00edslam. Ak v\u00e1s zauj\u00edma, ako skontrolova\u0165 v\u00fdsledky \u017erebovania, potom ste na spr\u00e1vnom mieste. Podel\u00edme sa s vami aj o najlep\u0161\u00ed sp\u00f4sob kontroly v\u00fdsledkov \u017erebovania<\/p>\n<p>Ak si <a href=\"https:\/\/jackpotlotteryonline.com\/sk\/kupit-vstupenky\/thunderball\">kupujete tikety na str\u00e1nke jackpotlotteryonline.com<\/a>, potom \u010d\u00edtajte \u010falej a dozviete sa, ako si m\u00f4\u017eete uplatni\u0165 svoje v\u00fdhry.<\/p>\n<h2>V\u00fdber v\u00fdhern\u00fdch \u010d\u00edsel Thunderball<\/h2>\n<p><img loading=\"lazy\" decoding=\"async\" class=\"alignright size-medium wp-image-29480\" src=\"https:\/\/jackpotlotteryonline.com\/wp-content\/uploads\/2022\/11\/1_rain_lottery_money_win-282x300.jpg\" alt=\"V\u00fdhern\u00e9 \u010d\u00edsla hry Thunderball\" width=\"282\" height=\"300\" srcset=\"https:\/\/jackpotlotteryonline.com\/wp-content\/uploads\/2022\/11\/1_rain_lottery_money_win-282x300.jpg 282w, https:\/\/jackpotlotteryonline.com\/wp-content\/uploads\/2022\/11\/1_rain_lottery_money_win.jpg 300w\" sizes=\"auto, (max-width: 282px) 100vw, 282px\" \/>Existuj\u00fa dva hlavn\u00e9 sp\u00f4soby, ktor\u00e9 hr\u00e1\u010di pou\u017e\u00edvaj\u00fa na v\u00fdber \u010d\u00edsel, ktor\u00e9 chc\u00fa hra\u0165. Pri v\u00e4\u010d\u0161ine lot\u00e9ri\u00ed si mus\u00edte vybra\u0165 z ur\u010dit\u00e9ho rozsahu. Niektor\u00ed hr\u00e1\u010di si preto radi vyberaj\u00fa d\u00e1tumy, ktor\u00e9 s\u00fa pre nich v\u00fdnimo\u010dn\u00e9; napr\u00edklad narodeniny alebo v\u00fdro\u010dia. Tieto d\u00e1tumy sa naz\u00fdvaj\u00fa \u0161\u0165astn\u00e9.<\/p>\n<p>V niektor\u00fdch \u010dastiach sveta maj\u00fa niektor\u00ed \u013eudia \u010d\u00edsla, ktor\u00e9 pova\u017euj\u00fa za \u0161\u0165astn\u00e9. Niektor\u00ed m\u00f4\u017eu napr\u00edklad pova\u017eova\u0165 \u010d\u00edslo 7 za \u0161\u0165astn\u00e9 \u010d\u00edslo, zatia\u013e \u010do in\u00ed pova\u017euj\u00fa \u010d\u00edslo 13 za ne\u0161\u0165astn\u00e9. Z\u00e1le\u017e\u00ed na tom, \u010do pova\u017eujete za \u0161\u0165astn\u00e9. T\u00fato met\u00f3du uprednost\u0148uje mnoho hr\u00e1\u010dov na celom svete a mohla by fungova\u0165 aj pre v\u00e1s.<\/p>\n<p>Druh\u00fdm sp\u00f4sobom je pou\u017ei\u0165 n\u00e1\u0161 automatick\u00fd gener\u00e1tor na n\u00e1hodn\u00fd v\u00fdber \u010d\u00edsel. Niektor\u00fdm \u013eu\u010fom to funguje jednoducho preto, \u017ee lot\u00e9ria je hra o \u0161\u0165astie. M\u00f4\u017eete s\u00edce robi\u0165 veci, ktor\u00e9 v\u00e1m prines\u00fa pocit \u0161\u0165astia, ale v\u00fdhru v\u00e1m nikto nezaru\u010d\u00ed.<\/p>\n<h2>Ako hra\u0165 Thunderball online<\/h2>\n<p>Hra Thunderball v Spojenom kr\u00e1\u013eovstve je vzru\u0161uj\u00faca hra. Postup je rovnak\u00fd ako pri akejko\u013evek inej lotto hre. V podstate mus\u00edte vybra\u0165 5 \u010d\u00edsel z rozsahu 1 a\u017e 39 a \u0161peci\u00e1lne \u010d\u00edslo od 1 do 14. \u0160peci\u00e1lne \u010d\u00edslo sa naz\u00fdva &#8220;Thunderball&#8221; a sl\u00fa\u017ei na ur\u010denie \u0161iestich v\u00fdhern\u00fdch kateg\u00f3ri\u00ed vr\u00e1tane jackpotu.<\/p>\n<p>Hranie online sa a\u017e tak nel\u00ed\u0161i, len na v\u00fdber n\u00e1hodn\u00fdch \u010d\u00edsel m\u00f4\u017eete pou\u017ei\u0165 gener\u00e1tor \u010d\u00edsel. Je to nie\u010do ako &#8220;\u0161\u0165astn\u00fd \u017ereb&#8221; pre t\u00fdch, ktor\u00ed s\u00fa zvyknut\u00ed na fyzick\u00e9 tikety. M\u00f4\u017eete si vybra\u0165 nieko\u013eko l\u00edni\u00ed a viacero tiketov, aby ste zv\u00fd\u0161ili svoje \u0161ance na v\u00fdhru v hre Thunderball.<\/p>\n<p>\u010eal\u0161\u00edm krokom je vstup do \u017erebovania a to je t\u00e1 najlep\u0161ia \u010das\u0165. Upozor\u0148ujeme, \u017ee je \u00faplne v poriadku, ak sa z\u00fa\u010dastn\u00edte viacer\u00fdch \u017erebovan\u00ed. A ak si l\u00edstok k\u00fapite u n\u00e1s, m\u00f4\u017eete sa do \u017erebovania zapoji\u0165 aj nieko\u013eko t\u00fd\u017ed\u0148ov vopred. To v\u00e1m d\u00e1va v\u00fdhodu, pokia\u013e ide o hranie tejto hazardnej hry.<\/p>\n<section class=\"layout\" style=\"border: solid 1px; width: 100%;\">\n<div class=\"img-div\" style=\"margin-top: 5px;\"><img decoding=\"async\" class=\"wp-image-17212 alignleft\" style=\"height: 45px; margin: 8px 8px 0px;\" src=\"https:\/\/jackpotlotteryonline.com\/wp-content\/uploads\/2022\/11\/read1.jpg\" alt=\"pre\u010d\u00edtajte si\" width=\"\" height=\"\" \/><\/div>\n<div style=\"padding-left: 5px;\">\n<div style=\"font-size: 1.1em;\">\n<p><strong>Loterie, ktor\u00e9 maj\u00fa najlep\u0161ie \u0161ance na ve\u013ek\u00fa v\u00fdhru<\/strong><\/p>\n<p style=\"font-size: 0.85em; margin-top: -1.5em;\">Ktor\u00e1 lot\u00e9ria m\u00e1 najlep\u0161ie \u0161ance na v\u00fdhru?\u00a0<a href=\"https:\/\/jackpotlotteryonline.com\/sk\/ktora-loteria-ma-najlepsie-sance-na-vyhru\"> \u010d\u00edtaj viac<\/a><\/p>\n<\/div>\n<\/div>\n<\/section>\n<h2>Dni \u017erebovania Thunderball<\/h2>\n<p>\u017drebovacie dni s\u00fa \u0161tyrikr\u00e1t t\u00fd\u017edenne, v utorok, stredu, piatok a sobotu. T\u00e1to britsk\u00e1 lot\u00e9ria m\u00e1 ka\u017ed\u00fd t\u00fd\u017ede\u0148 \u0161tyri \u017erebovania. Pre hr\u00e1\u010dov to znamen\u00e1, \u017ee pravdepodobnos\u0165 v\u00fdhry jackpotu v Thunderball je \u0161tyrikr\u00e1t vy\u0161\u0161ia.<\/p>\n<p>M\u00f4\u017eete sa z\u00fa\u010dastni\u0165 jedn\u00e9ho \u017erebovania, ale pravdepodobne je lep\u0161ie z\u00fa\u010dastni\u0165 sa viacer\u00fdch \u017erebovan\u00ed, aby ste mali ove\u013ea v\u00e4\u010d\u0161iu \u0161ancu na v\u00fdhru. Nezabudnite, \u017ee pri v\u00e4\u010d\u0161om po\u010dte vstupov m\u00e1te vy\u0161\u0161iu pravdepodobnos\u0165 v\u00fdhry.<\/p>\n<h2>Ako skontrolova\u0165 v\u00fdsledky \u017erebovania Thunderball<\/h2>\n<p>Teraz k najlep\u0161ej \u010dasti, ktorou je kontrola v\u00fdsledkov \u017erebovania. Jedin\u00fd sp\u00f4sob, ako zisti\u0165, \u010di m\u00e1te spr\u00e1vnu kombin\u00e1ciu, je skontrolova\u0165 v\u00fdsledky \u017erebovania. V\u00e4\u010d\u0161ina lot\u00e9ri\u00ed organizuje \u017eiv\u00e9 \u017erebovania a Thunderball nie je v\u00fdnimkou. \u017div\u00e9 \u017erebovanie teda m\u00f4\u017eete sledova\u0165 online. Je d\u00f4le\u017eit\u00e9 si uvedomi\u0165, \u017ee \u017erebovania na\u017eivo sa konaj\u00fa v ur\u010ditom \u010dase a ak vyhr\u00e1te, pr\u00eddete o svoju v\u00fdhru.<\/p>\n<p>Samozrejme, v\u017edy m\u00f4\u017eete na internete zisti\u0165, \u010di ste vyhrali. Bohu\u017eia\u013e, zatia\u013e \u010do kombin\u00e1ciu pre jackpot m\u00f4\u017eete z\u00edska\u0165, v pr\u00edpade ostatn\u00fdch v\u00fdhern\u00fdch kateg\u00f3ri\u00ed to nie je tak\u00e9 jednoduch\u00e9. V\u00fdhra druhej \u00farovne pre Thunderball je 5000 libier a t\u00fa by ste si ur\u010dite nechceli necha\u0165 ujs\u0165.<\/p>\n<p>Najlep\u0161ou mo\u017enos\u0165ou je skontrolova\u0165 t\u00fato str\u00e1nku po ka\u017edom \u017erebovan\u00ed. Uverej\u0148ujeme najnov\u0161ie v\u00fdsledky \u017erebovania vo v\u0161etk\u00fdch kateg\u00f3ri\u00e1ch. Navy\u0161e, ak ste si u n\u00e1s k\u00fapili tiket, upozorn\u00edme v\u00e1s, ak vyhr\u00e1te niektor\u00fa z cien.<\/p>\n<h2>Ceny, ktor\u00e9 m\u00f4\u017eete vyhra\u0165<\/h2>\n<p>Ako u\u017e bolo povedan\u00e9, ak\u00e9 s\u00fa jednotliv\u00e9 ceny v r\u00f4znych kateg\u00f3ri\u00e1ch? Britsk\u00fd Thunderball m\u00e1 nieko\u013eko v\u00fdhern\u00fdch kateg\u00f3ri\u00ed, v ktor\u00fdch sa nach\u00e1dza v\u00fdhra len za zhodu s Thunderballom. Existuje vysok\u00e1 \u0161anca, \u017ee hr\u00e1\u010d m\u00f4\u017ee vyhra\u0165 cenu.<\/p>\n<p>Tu je rozdelenie v\u00fdhern\u00fdch kateg\u00f3ri\u00ed pre UK Thunderball, ako aj \u0161ance na v\u00fdhru.<\/p>\n<p>Kateg\u00f3ria 1: Match 5 + Thunderball &#8211; 1 k 8 060 598 &#8211; 500 000 GBP<\/p>\n<p>Kateg\u00f3ria 2: iba Match 5 &#8211; 1 k 620 046 &#8211; 5 000 GBP<\/p>\n<p>Kateg\u00f3ria 3: Match 4 + Thunderball &#8211; 1 ku 47 416 &#8211; 250 GBP<\/p>\n<p>Kateg\u00f3ria 4: Len Match 4 &#8211; 1 z 3 648 &#8211; 100 GBP<\/p>\n<p>Kateg\u00f3ria 5: Match 3 + Thunderball &#8211; 1 z 1 437 &#8211; 20 GBP<\/p>\n<p>Kateg\u00f3ria 6: Len Match 3 &#8211; 1 zo 111 &#8211; 10 GBP<\/p>\n<p>Kateg\u00f3ria 7: Match 2 + Thunderball &#8211; 1 zo 135 &#8211; 10 GBP<\/p>\n<p>Kateg\u00f3ria 8: Match 1 + Thunderball &#8211; 1 z 35 &#8211; 5 GBP<\/p>\n<p>Kateg\u00f3ria 9: Match Thunderball &#8211; 1 z 29 &#8211; 3 GBP<\/p>\n<p>Cenu Thunderball m\u00f4\u017ee vyhra\u0165 ka\u017ed\u00fd, aj ke\u010f \u017eije mimo Spojen\u00e9ho kr\u00e1\u013eovstva. Sta\u010d\u00ed si k\u00fapi\u0165 tiket online a m\u00e1te \u0161ancu na ve\u013ek\u00fa v\u00fdhru.<\/p>\n<h2>V\u00fdplata v\u00fdhier<\/h2>\n<p><img loading=\"lazy\" decoding=\"async\" class=\"alignright size-full wp-image-28832\" src=\"https:\/\/jackpotlotteryonline.com\/wp-content\/uploads\/2022\/11\/1_online_win_lottery.jpg\" alt=\"uplatnenie n\u00e1roku na v\u00fdhru Thunderball\" width=\"250\" height=\"167\" \/>Spomenuli sme, \u017ee ak m\u00e1te v\u00fdhern\u00fd tiket, ozn\u00e1mime v\u00e1m to e-mailom a prostredn\u00edctvom v\u00e1\u0161ho \u00fa\u010dtu. Ako si v\u0161ak m\u00f4\u017eete vybra\u0165 svoju v\u00fdhru, ke\u010f \u017eijete mimo Spojen\u00e9ho kr\u00e1\u013eovstva? To je ot\u00e1zka, ktor\u00e1 tr\u00e1pi mnoh\u00fdch st\u00e1vkuj\u00facich. Nu\u017e, sme tu, aby sme v\u00e1s v ot\u00e1zke va\u0161ich v\u00fdhier upokojili.<\/p>\n<p>Ke\u010f sa u n\u00e1s zaregistrujete a k\u00fapite si u n\u00e1s svoje \u017ereby, zjednodu\u0161\u00edme v\u00e1m tento proces. Ako port\u00e1l concierge sme vytvorili bezprobl\u00e9mov\u00fd proces, v\u010faka ktor\u00e9mu si m\u00f4\u017eete jednoducho vybra\u0165 svoje v\u00fdhry. Pri v\u00fdhrach, ktor\u00e9 s\u00fa ni\u017e\u0161ie ako 2 500 eur, sta\u010d\u00ed, ak si z na\u0161ej str\u00e1nky vyberiete peniaze na svoj \u00fa\u010det.<\/p>\n<p>Ak ste vyhrali cenu, ktor\u00e1 je vy\u0161\u0161ia ako t\u00e1to suma, budete si musie\u0165 svoju v\u00fdhru vy\u017eiada\u0165 priamo od lot\u00e9riovej spolo\u010dnosti. Poskytneme v\u00e1m formul\u00e1r na uplatnenie n\u00e1roku a prevedieme v\u00e1s cel\u00fdm procesom. Nemus\u00edte sa teda b\u00e1\u0165, postar\u00e1me sa o to, aby bolo v\u0161etko jednoduch\u00e9 a bez stresu.<\/p>\n<h2>\u010co by ste mali vedie\u0165 pred t\u00fdm, ako si uplatn\u00edte n\u00e1rok na v\u00fdhru<\/h2>\n<p>Predt\u00fdm, ako si uplatn\u00edte n\u00e1rok na v\u00fdhru, je d\u00f4le\u017eit\u00e9 vedie\u0165 nieko\u013eko vec\u00ed o hran\u00ed lot\u00e9rie v Spojenom kr\u00e1\u013eovstve. U\u017e vieme, \u017ee lot\u00e9rie sa m\u00f4\u017ee z\u00fa\u010dastni\u0165 ka\u017ed\u00fd bez oh\u013eadu na \u0161t\u00e1tnu pr\u00edslu\u0161nos\u0165, tu je v\u0161ak nieko\u013eko vec\u00ed, na ktor\u00e9 je potrebn\u00e9 upozorni\u0165:<\/p>\n<ul>\n<li>lot\u00e9rie sa m\u00f4\u017eu z\u00fa\u010dastni\u0165 hr\u00e1\u010di star\u0161\u00ed ako 16 rokov<\/li>\n<li>V\u00fdhry sa vypl\u00e1caj\u00fa jednorazovo<\/li>\n<li>V\u00fdhry v lot\u00e9rii nepodliehaj\u00fa v krajine zdaneniu. Ak v\u0161ak hr\u00e1te mimo krajiny, mali by ste si overi\u0165 da\u0148ov\u00e9 z\u00e1kony svojej krajiny<\/li>\n<li>Na uplatnenie n\u00e1roku na v\u00fdhru m\u00e1te 180 dn\u00ed, k\u00fdm sa vr\u00e1ti sp\u00e4\u0165 do fondu<\/li>\n<li>Ak ste sa do lot\u00e9rie zapojili prostredn\u00edctvom fyzick\u00e9ho predajcu, mo\u017eno budete musie\u0165 kontaktova\u0165 organiz\u00e1torov lot\u00e9rie, aby ste si mohli uplatni\u0165 n\u00e1rok na v\u00fdhru.<\/li>\n<\/ul>\n<h2>V\u00fdhody hrania lot\u00e9rie s Jackpotlotteryonline.com<\/h2>\n<ul>\n<li>Z\u00edskate r\u00fdchly a okam\u017eit\u00fd pr\u00edstup k lot\u00e9rii. Nemus\u00edte \u017ei\u0165 v Spojenom kr\u00e1\u013eovstve, aby ste mohli hra\u0165 lot\u00e9riu<\/li>\n<li>Je to mimoriadne pohodln\u00e9, preto\u017ee nemus\u00edte opusti\u0165 pohodlie svojho domova. Svoju kombin\u00e1ciu si m\u00f4\u017eete skontrolova\u0165 z po\u010d\u00edta\u010da alebo mobiln\u00e9ho zariadenia.<\/li>\n<li>Je to aj bezpe\u010dnej\u0161ie, preto\u017ee v\u00e1\u0161 tiket je ulo\u017een\u00fd digit\u00e1lne. To je d\u00f4le\u017eit\u00e9, preto\u017ee len tak si m\u00f4\u017eete uplatni\u0165 n\u00e1rok na v\u00fdhru.<\/li>\n<li>Nemus\u00edte zme\u0161ka\u0165 svoju v\u00fdhru, preto\u017ee v\u00e1s okam\u017eite upozorn\u00edme, ak vyhr\u00e1te nejak\u00fa cenu<\/li>\n<li>Ka\u017ed\u00fa v\u00fdhru si m\u00f4\u017eete jednoducho vybra\u0165 online bez toho, aby ste museli niekam chodi\u0165<\/li>\n<\/ul>\n<p>Ak ste si e\u0161te nek\u00fapili svoj tiket Thunderball, je na to skvel\u00fd \u010das, aby ste sa mohli zapoji\u0165 do \u010fal\u0161ieho \u017erebovania.<\/p>\n<h2>\u010co je to concierge site?<\/h2>\n<p>Spomenuli sme, \u017ee sme concierge site, a mo\u017eno v\u00e1s zauj\u00edma, \u010do to znamen\u00e1. Nu\u017e, jedn\u00fdm z probl\u00e9mov, ktor\u00e9 maj\u00fa hr\u00e1\u010di pri n\u00e1kupe tiketov online, je, \u017ee nikdy nevedia, \u010di sa do lot\u00e9rie zapojili. Mnoh\u00e9 str\u00e1nky umo\u017e\u0148uj\u00fa svojim hr\u00e1\u010dom vs\u00e1dza\u0165 na v\u00fdsledok lot\u00e9rie, \u010do je nie\u010do \u00faplne in\u00e9.<\/p>\n<p>Na str\u00e1nke jackpotlotteryonline.com poskytujeme na\u0161im pou\u017e\u00edvate\u013eom pr\u00edstup k najlep\u0161\u00edm medzin\u00e1rodn\u00fdm lot\u00e9ri\u00e1m na celom svete. Je to preto, \u017ee prev\u00e1dzkujeme port\u00e1l concierge, kde m\u00e1me agentov v r\u00f4znych \u010dastiach sveta. Ke\u010f si u n\u00e1s k\u00fapite \u017ereb, n\u00e1\u0161 agent v danej krajine k\u00fapi fyzick\u00fd \u017ereb s pr\u00edslu\u0161n\u00fdmi \u010d\u00edslami. Tiket sa potom naskenuje a po\u0161le v\u00e1m.<\/p>\n<p>Ke\u010f si od n\u00e1s k\u00fapite los Thunderball, m\u00e1te istotu, \u017ee ak sa zhodujete s vy\u017erebovan\u00fdmi \u010d\u00edslami, vyhr\u00e1te v lot\u00e9rii. Je to tak\u00e9 jednoduch\u00e9, a predsa je to jedin\u00e1 vec, ktor\u00e1 na\u0161im z\u00e1kazn\u00edkom poskytuje pokoj pri hran\u00ed lot\u00e9rie online.<\/p>\n<h2>Tipy na v\u00fdhru Thunderball<\/h2>\n<p>Hoci je Thunderball n\u00e1hodn\u00e1 hra, existuj\u00fa veci, ktor\u00e9 m\u00f4\u017eete urobi\u0165, aby ste zv\u00fd\u0161ili svoju pravdepodobnos\u0165 v\u00fdhry. Nieko\u013eko z nich uv\u00e1dzame ni\u017e\u0161ie:<\/p>\n<ul>\n<li>Vyberte si svoje \u0161\u0165astn\u00e9 \u010d\u00edslice. Pri hre Thunderball nem\u00f4\u017eete ma\u0165 pr\u00edli\u0161 ve\u013ea \u0161\u0165astia.<\/li>\n<li>K\u00fapte si viac tiketov a z\u00fa\u010dastnite sa viacer\u00fdch \u017erebovan\u00ed. \u010c\u00edm viac vstupov toti\u017e m\u00e1te, t\u00fdm je va\u0161a \u0161anca na v\u00fdhru vy\u0161\u0161ia.<\/li>\n<li>Pridajte sa k syndik\u00e1tu alebo ho vytvorte. Ide o skupinu \u013eud\u00ed, ktor\u00ed sp\u00e1jaj\u00fa svoje zdroje, aby si mohli k\u00fapi\u0165 viac tiketov.<\/li>\n<li>Pevne verte, \u017ee vyhr\u00e1te. Na viere z cel\u00e9ho srdca je nie\u010do, \u010do k v\u00e1m pri\u0165ahuje \u0161\u0165astie. Viacer\u00ed v\u00fdhercovia lot\u00e9rie hovorili o svojej viere, \u017ee vyhraj\u00fa.<\/li>\n<\/ul>\n<h2>Skontrolujte si svoju v\u00fdhern\u00fa kombin\u00e1ciu na str\u00e1nke jackpotlotteryonline.com<\/h2>\n<p>Hr\u00e1\u010dom u\u013eah\u010dujeme pr\u00edstup k najlep\u0161\u00edm medzin\u00e1rodn\u00fdm lot\u00e9ri\u00e1m poskytovan\u00edm tiketov online. Okrem toho si m\u00f4\u017eete na na\u0161ej str\u00e1nke skontrolova\u0165 aj v\u00fdsledky \u017erebovania a vyplati\u0165 svoje v\u00fdhry. Hranie Thunderball nikdy nebolo uvo\u013enenej\u0161ie a bez stresu. A my sme tvrdo pracovali na tom, aby to tak aj zostalo.<\/p>\n<p>Ak si chcete vysk\u00fa\u0161a\u0165 hru Thunderball v Spojenom kr\u00e1\u013eovstve, nev\u00e1hajte a zak\u00fapte si svoje tikety u\u017e teraz. Po ka\u017edom \u017erebovan\u00ed nav\u0161t\u00edvte na\u0161u str\u00e1nku, aby ste zistili v\u00fdsledky \u017erebovania a \u013eahko si vyplatili svoje v\u00fdhry.<\/p>\n","protected":false},"excerpt":{"rendered":"<p>Thunderball je jednou z najpopul\u00e1rnej\u0161\u00edch lot\u00e9ri\u00ed v Spojenom kr\u00e1\u013eovstve. U\u017e za mal\u00fa sumu m\u00f4\u017eu tipuj\u00faci vyhra\u0165 pol mili\u00f3na libier, \u010do je fantastick\u00e9. Existuje ve\u013ea lot\u00e9ri\u00ed, ale na Thunderball je jednoducho nie\u010do, \u010do hr\u00e1\u010dov pri\u0165ahuje. M\u00f4\u017ee to by\u0165 neuverite\u013ene priazniv\u00fd kurz alebo skuto\u010dnos\u0165, \u017ee prin\u00e1\u0161a ve\u013ea v\u00fdhier. Nech u\u017e je d\u00f4vod ak\u00fdko\u013evek, hr\u00e1\u010di na celom svete [&hellip;]<\/p>\n","protected":false},"author":1,"featured_media":0,"parent":35852,"menu_order":12,"comment_status":"closed","ping_status":"closed","template":"thunderball-results.php","meta":{"_et_pb_use_builder":"","_et_pb_old_content":"","_et_gb_content_width":"","exclude_from_search":false,"footnotes":""},"class_list":["post-41331","page","type-page","status-publish","hentry"],"yoast_head":"<!-- This site is optimized with the Yoast SEO plugin v23.3 - https:\/\/yoast.com\/wordpress\/plugins\/seo\/ -->\n<title>V\u00fdhern\u00e9 \u010d\u00edsla lot\u00e9rie Thunderball a v\u00fdsledky \u017erebovania<\/title>\n<meta name=\"description\" content=\"Skontrolujte svoj tiket pod\u013ea v\u00fdhern\u00fdch \u010d\u00edsel a v\u00fdsledkov posledn\u00e9ho \u017erebovania Thunderball alebo vyh\u013eadajte historick\u00e9 v\u00fdsledky \u017erebovania\" \/>\n<meta name=\"robots\" content=\"index, follow, max-snippet:-1, max-image-preview:large, max-video-preview:-1\" \/>\n<link rel=\"canonical\" href=\"https:\/\/jackpotlotteryonline.com\/sk\/vyherne-cisla\/thunderball\/\" \/>\n<meta property=\"og:locale\" content=\"sk_SK\" \/>\n<meta property=\"og:type\" content=\"article\" \/>\n<meta property=\"og:title\" content=\"V\u00fdhern\u00e9 \u010d\u00edsla lot\u00e9rie Thunderball a v\u00fdsledky \u017erebovania\" \/>\n<meta property=\"og:description\" content=\"Skontrolujte svoj tiket pod\u013ea v\u00fdhern\u00fdch \u010d\u00edsel a v\u00fdsledkov posledn\u00e9ho \u017erebovania Thunderball alebo vyh\u013eadajte historick\u00e9 v\u00fdsledky \u017erebovania\" \/>\n<meta property=\"og:url\" content=\"https:\/\/jackpotlotteryonline.com\/sk\/vyherne-cisla\/thunderball\/\" \/>\n<meta property=\"og:site_name\" content=\"Lotto Online - Crack The International Lottery Jackpots\" \/>\n<meta property=\"article:modified_time\" content=\"2022-12-29T14:08:21+00:00\" \/>\n<meta property=\"og:image\" content=\"https:\/\/jackpotlotteryonline.com\/wp-content\/uploads\/2022\/11\/1_rain_lottery_money_win-282x300.jpg\" \/>\n<meta name=\"twitter:card\" content=\"summary_large_image\" \/>\n<meta name=\"twitter:label1\" content=\"Predpokladan\u00fd \u010das \u010d\u00edtania\" \/>\n\t<meta name=\"twitter:data1\" content=\"7 min\u00fat\" \/>\n<!-- \/ Yoast SEO plugin. -->","yoast_head_json":{"title":"V\u00fdhern\u00e9 \u010d\u00edsla lot\u00e9rie Thunderball a v\u00fdsledky \u017erebovania","description":"Skontrolujte svoj tiket pod\u013ea v\u00fdhern\u00fdch \u010d\u00edsel a v\u00fdsledkov posledn\u00e9ho \u017erebovania Thunderball alebo vyh\u013eadajte historick\u00e9 v\u00fdsledky \u017erebovania","robots":{"index":"index","follow":"follow","max-snippet":"max-snippet:-1","max-image-preview":"max-image-preview:large","max-video-preview":"max-video-preview:-1"},"canonical":"https:\/\/jackpotlotteryonline.com\/sk\/vyherne-cisla\/thunderball\/","og_locale":"sk_SK","og_type":"article","og_title":"V\u00fdhern\u00e9 \u010d\u00edsla lot\u00e9rie Thunderball a v\u00fdsledky \u017erebovania","og_description":"Skontrolujte svoj tiket pod\u013ea v\u00fdhern\u00fdch \u010d\u00edsel a v\u00fdsledkov posledn\u00e9ho \u017erebovania Thunderball alebo vyh\u013eadajte historick\u00e9 v\u00fdsledky \u017erebovania","og_url":"https:\/\/jackpotlotteryonline.com\/sk\/vyherne-cisla\/thunderball\/","og_site_name":"Lotto Online - Crack The International Lottery Jackpots","article_modified_time":"2022-12-29T14:08:21+00:00","og_image":[{"url":"https:\/\/jackpotlotteryonline.com\/wp-content\/uploads\/2022\/11\/1_rain_lottery_money_win-282x300.jpg"}],"twitter_card":"summary_large_image","twitter_misc":{"Predpokladan\u00fd \u010das \u010d\u00edtania":"7 min\u00fat"},"schema":{"@context":"https:\/\/schema.org","@graph":[{"@type":"WebPage","@id":"https:\/\/jackpotlotteryonline.com\/sk\/vyherne-cisla\/thunderball\/","url":"https:\/\/jackpotlotteryonline.com\/sk\/vyherne-cisla\/thunderball\/","name":"V\u00fdhern\u00e9 \u010d\u00edsla lot\u00e9rie Thunderball a v\u00fdsledky \u017erebovania","isPartOf":{"@id":"https:\/\/jackpotlotteryonline.com\/#website"},"primaryImageOfPage":{"@id":"https:\/\/jackpotlotteryonline.com\/sk\/vyherne-cisla\/thunderball\/#primaryimage"},"image":{"@id":"https:\/\/jackpotlotteryonline.com\/sk\/vyherne-cisla\/thunderball\/#primaryimage"},"thumbnailUrl":"https:\/\/jackpotlotteryonline.com\/wp-content\/uploads\/2022\/11\/1_rain_lottery_money_win-282x300.jpg","datePublished":"2022-12-09T07:05:11+00:00","dateModified":"2022-12-29T14:08:21+00:00","description":"Skontrolujte svoj tiket pod\u013ea v\u00fdhern\u00fdch \u010d\u00edsel a v\u00fdsledkov posledn\u00e9ho \u017erebovania Thunderball alebo vyh\u013eadajte historick\u00e9 v\u00fdsledky \u017erebovania","breadcrumb":{"@id":"https:\/\/jackpotlotteryonline.com\/sk\/vyherne-cisla\/thunderball\/#breadcrumb"},"inLanguage":"sk-SK","potentialAction":[{"@type":"ReadAction","target":["https:\/\/jackpotlotteryonline.com\/sk\/vyherne-cisla\/thunderball\/"]}]},{"@type":"ImageObject","inLanguage":"sk-SK","@id":"https:\/\/jackpotlotteryonline.com\/sk\/vyherne-cisla\/thunderball\/#primaryimage","url":"https:\/\/jackpotlotteryonline.com\/wp-content\/uploads\/2022\/11\/1_rain_lottery_money_win-282x300.jpg","contentUrl":"https:\/\/jackpotlotteryonline.com\/wp-content\/uploads\/2022\/11\/1_rain_lottery_money_win-282x300.jpg"},{"@type":"BreadcrumbList","@id":"https:\/\/jackpotlotteryonline.com\/sk\/vyherne-cisla\/thunderball\/#breadcrumb","itemListElement":[{"@type":"ListItem","position":1,"name":"Home","item":"https:\/\/jackpotlotteryonline.com\/sk\/"},{"@type":"ListItem","position":2,"name":"V\u00fdsledky lot\u00e9rie","item":"https:\/\/jackpotlotteryonline.com\/sk\/vyherne-cisla\/"},{"@type":"ListItem","position":3,"name":"Thunderball lot\u00e9rie \u010derpanie v\u00fdsledky"}]},{"@type":"WebSite","@id":"https:\/\/jackpotlotteryonline.com\/#website","url":"https:\/\/jackpotlotteryonline.com\/","name":"Lotto Online - Crack The International Lottery Jackpots","description":"","potentialAction":[{"@type":"SearchAction","target":{"@type":"EntryPoint","urlTemplate":"https:\/\/jackpotlotteryonline.com\/?s={search_term_string}"},"query-input":"required name=search_term_string"}],"inLanguage":"sk-SK"}]}},"_links":{"self":[{"href":"https:\/\/jackpotlotteryonline.com\/sk\/wp-json\/wp\/v2\/pages\/41331","targetHints":{"allow":["GET"]}}],"collection":[{"href":"https:\/\/jackpotlotteryonline.com\/sk\/wp-json\/wp\/v2\/pages"}],"about":[{"href":"https:\/\/jackpotlotteryonline.com\/sk\/wp-json\/wp\/v2\/types\/page"}],"author":[{"embeddable":true,"href":"https:\/\/jackpotlotteryonline.com\/sk\/wp-json\/wp\/v2\/users\/1"}],"replies":[{"embeddable":true,"href":"https:\/\/jackpotlotteryonline.com\/sk\/wp-json\/wp\/v2\/comments?post=41331"}],"version-history":[{"count":0,"href":"https:\/\/jackpotlotteryonline.com\/sk\/wp-json\/wp\/v2\/pages\/41331\/revisions"}],"up":[{"embeddable":true,"href":"https:\/\/jackpotlotteryonline.com\/sk\/wp-json\/wp\/v2\/pages\/35852"}],"wp:attachment":[{"href":"https:\/\/jackpotlotteryonline.com\/sk\/wp-json\/wp\/v2\/media?parent=41331"}],"curies":[{"name":"wp","href":"https:\/\/api.w.org\/{rel}","templated":true}]}}