{"id":41386,"date":"2022-12-09T08:59:46","date_gmt":"2022-12-09T08:59:46","guid":{"rendered":"https:\/\/jackpotlotteryonline.com\/?page_id=41386"},"modified":"2022-12-30T10:23:17","modified_gmt":"2022-12-30T10:23:17","slug":"new-york-lottery","status":"publish","type":"page","link":"https:\/\/jackpotlotteryonline.com\/sk\/vyherne-cisla\/new-york-lottery\/","title":{"rendered":"New York lot\u00e9rie \u010derpanie v\u00fdsledky"},"content":{"rendered":"<p>Newyorsk\u00e9 loto b\u00fdvalo jednou z t\u00fdch prehliadan\u00fdch lot\u00e9ri\u00ed. Hlavne preto, \u017ee ste sa do lot\u00e9rie mohli zapoji\u0165 len ako obyvatelia New Yorku. To sa teraz zmenilo, ke\u010f\u017ee losy si m\u00f4\u017eu k\u00fapi\u0165 hr\u00e1\u010di na celom svete. Teraz si viac lot\u00e9riov\u00fdch nad\u0161encov vyber\u00e1 v\u00fdhern\u00e9 \u010d\u00edsla hran\u00edm online. Toto newyorsk\u00e9 loto bolo zalo\u017een\u00e9 s cie\u013eom z\u00edska\u0165 finan\u010dn\u00e9 prostriedky na vzdel\u00e1vanie, tak\u017ee m\u00e1 svoj p\u00f4vod v dobrej veci. Zaka\u017ed\u00fdm, ke\u010f si k\u00fapite tiket, prispievate na financovanie vzdel\u00e1vania.<\/p>\n<p>Pri k\u00fape tiketu lot\u00e9rie si m\u00f4\u017eete vybra\u0165 <a href=\"https:\/\/jackpotlotteryonline.com\/sk\/kupit-vstupenky\/new-york-lottery\">kombin\u00e1ciu New York lotto na str\u00e1nke jackpotlotteryonline.com.<\/a><\/p>\n<h2>Ako hra\u0165 New York lotto online<\/h2>\n<p><img loading=\"lazy\" decoding=\"async\" class=\"alignright size-full wp-image-29534\" src=\"http:\/\/jackpotlotteryonline.com\/wp-content\/uploads\/2022\/11\/1_results_lottery_online5.jpg\" alt=\"Hra\u0165 lotto New York online\" width=\"300\" height=\"200\" \/>Hranie lot\u00e9rie je z\u00e1bavn\u00e9 a vzru\u0161uj\u00face. Tento z\u00e1\u017eitok sa v\u0161ak e\u0161te umocn\u00ed, ke\u010f hr\u00e1te online. Vstup do lot\u00e9rie online je r\u00fdchly, jednoduch\u00fd a \u00faplne preh\u013eadn\u00fd. Ak hr\u00e1te lotto New York, tu s\u00fa uveden\u00e9 nasleduj\u00face kroky:<\/p>\n<ul>\n<li>Nav\u0161t\u00edvte vybran\u00fa str\u00e1nku (napr\u00edklad jackpotlotteryonline.com) a kliknite na lot\u00e9riu, ktor\u00fa chcete hra\u0165.<\/li>\n<li>Vyberte si 6 z rozsahu 1 a\u017e 59. Existuje aj 7. \u010d\u00edslo, ale to je n\u00e1hodne vylosovan\u00e9 lot\u00e9riovou spolo\u010dnos\u0165ou a nie je s\u00fa\u010das\u0165ou v\u00e1\u0161ho tiketu.<\/li>\n<li>Zadajte \u017erebovania, ktor\u00e9 s\u00fa ka\u017ed\u00fd t\u00fd\u017ede\u0148 v stredu a v sobotu. M\u00f4\u017eete sa z\u00fa\u010dastni\u0165 len jedn\u00e9ho \u017erebovania alebo oboch.<\/li>\n<li>Dokon\u010dite svoju platbu. V\u00e4\u010d\u0161ina lot\u00e9riov\u00fdch str\u00e1nok v\u00e1s po\u017eiada o registr\u00e1ciu, aby ste mohli dokon\u010di\u0165 platbu. Je to preto, aby ste mali po zak\u00fapen\u00ed tiketu k nemu jednoduch\u00fd pr\u00edstup.<\/li>\n<\/ul>\n<p>Hranie lot\u00e9rie online je naozaj tak\u00e9 jednoduch\u00e9. Neexistuje \u017eiadny in\u00fd sp\u00f4sob, ako z\u00edska\u0165 tikety mimo New Yorku. Preto poskytujeme najlep\u0161iu mo\u017enos\u0165 pre hr\u00e1\u010dov, ktor\u00ed \u017eij\u00fa v inej \u010dasti sveta.<\/p>\n<h2>Ako si vybra\u0165 v\u00fdhern\u00e9 \u010d\u00edsla<\/h2>\n<p>Dobre, naozaj existuje strat\u00e9gia na v\u00fdber kombin\u00e1ci\u00ed, ktor\u00e9 zaru\u010duj\u00fa v\u00fdhru v lot\u00e9rii? Nemysl\u00edme si, \u017ee existuje, a to z jednoduch\u00e9ho d\u00f4vodu, \u017ee lot\u00e9ria je n\u00e1hodn\u00e1 hra. Je dos\u0165 \u0165a\u017ek\u00e9 poveda\u0165, ktor\u00e1 kombin\u00e1cia v\u00e1m pom\u00f4\u017ee vyhra\u0165 v lot\u00e9rii, najm\u00e4 preto, \u017ee \u017erebovania s\u00fa n\u00e1hodn\u00e9.<\/p>\n<p>Napriek tomu m\u00f4\u017eete svoje \u0161\u0165astie posilni\u0165 v\u00fdberom v\u00fdhern\u00fdch \u010d\u00edsel, ktor\u00e9 v\u00e1m prines\u00fa pocit \u0161\u0165astia. M\u00f4\u017eete si teda vybra\u0165 narodeniny, v\u00fdro\u010dia, \u010d\u00edslice, ktor\u00e9 v\u00e1m cel\u00fd \u017eivot prin\u00e1\u0161ali \u0161\u0165astie, at\u010f. Alebo m\u00f4\u017eete jednoducho pou\u017ei\u0165 n\u00e1stroj automatick\u00e9ho gener\u00e1tora na na\u0161ej str\u00e1nke a vybra\u0165 n\u00e1hodn\u00e9 \u010d\u00edsla.<\/p>\n<h2>Kateg\u00f3rie cien lot\u00e9rie New York<\/h2>\n<p>Toto loto New York m\u00e1 minim\u00e1lnu v\u00fd\u0161ku jackpotu 2 mili\u00f3ny dol\u00e1rov. Ak v\u0161ak po \u017erebovan\u00ed nikto jackpot nevyhr\u00e1, zv\u00fd\u0161i sa o 300 000 dol\u00e1rov. T\u00e1to cena sa na\u010falej zvy\u0161uje, k\u00fdm sa neobjav\u00ed v\u00ed\u0165az.<\/p>\n<p>Celkovo existuje p\u00e4\u0165 v\u00fdhern\u00fdch kateg\u00f3ri\u00ed vr\u00e1tane jackpotu. \u0160anca na celkov\u00fa v\u00fdhru je 1 ku 92,05. Rozdelenie v\u00fdhier z\u00e1vis\u00ed od celkov\u00e9ho predaja. Pri ka\u017edom lote sa teda 40 % tr\u017eieb pride\u013euje ako v\u00fdhra. Jackpot predstavuje percento z tejto sumy a nie je pevne stanoven\u00fd. Kateg\u00f3rie v\u00fdhier v lot\u00e9rii New York s\u00fa uveden\u00e9 ni\u017e\u0161ie:<\/p>\n<p>Kateg\u00f3ria 1: 6 \u010d\u00edsel &#8211; jackpot (30 %)<\/p>\n<p>Kateg\u00f3ria 2: 5 + bonusov\u00e9 \u010d\u00edslo &#8211; 2,9 % z predaja<\/p>\n<p>Kateg\u00f3ria 3: 5 \u010d\u00edsel &#8211; 2,2 % z predaja<\/p>\n<p>Kateg\u00f3ria 4: 4 \u010d\u00edsla &#8211; 2,5 % z predaja<\/p>\n<p>Kateg\u00f3ria 5: 3 \u010d\u00edsla &#8211; 2,4 % z predaja<\/p>\n<h2>Ako skontrolova\u0165 v\u00fdhern\u00e9 \u010d\u00edsla<\/h2>\n<p>Ako zist\u00edte, \u010di ste vyhrali v\u00fdhru? V z\u00e1sade plat\u00ed, \u017ee ak hr\u00e1te lotto New York na jackpotlotteryonline.com, potom v\u00e1s budeme informova\u0165, \u010di ste vyhrali cenu. Urob\u00edme to tak, \u017ee v\u00e1m po\u0161leme spr\u00e1vu na v\u00e1\u0161 \u00fa\u010det a na v\u00e1\u0161 e-mail. Ak ste u n\u00e1s zaregistrovan\u00ed, naozaj neexistuje sp\u00f4sob, ako by ste mohli o svoju v\u00fdhru pr\u00eds\u0165.<\/p>\n<p>Aj ke\u010f cenu nevyhr\u00e1te, m\u00f4\u017eete si skontrolova\u0165 v\u00fdhern\u00e9 \u010d\u00edsla na tejto str\u00e1nke. V\u00fdsledky \u017erebovania uverej\u0148ujeme po ka\u017edom \u017erebovan\u00ed pr\u00e1ve tu. Preto sa sem vracajte a pozrite si, ak\u00e1 kombin\u00e1cia vyhrala jackpot alebo ceny z in\u00fdch kateg\u00f3ri\u00ed.<\/p>\n<h2>Ako si m\u00f4\u017eete vybra\u0165 v\u00fdhru<\/h2>\n<p><img loading=\"lazy\" decoding=\"async\" class=\"alignright size-medium wp-image-29183\" src=\"http:\/\/jackpotlotteryonline.com\/wp-content\/uploads\/2022\/11\/1_play_lotto-online-300x199.jpg\" alt=\"V\u00ed\u0165azn\u00e9 \u010d\u00edsla lot\u00e9rie New York\" width=\"300\" height=\"199\" srcset=\"https:\/\/jackpotlotteryonline.com\/wp-content\/uploads\/2022\/11\/1_play_lotto-online-300x199.jpg 300w, https:\/\/jackpotlotteryonline.com\/wp-content\/uploads\/2022\/11\/1_play_lotto-online.jpg 350w\" sizes=\"auto, (max-width: 300px) 100vw, 300px\" \/>Ak ste vyhrali cenu, m\u00f4\u017eete sa k svojej v\u00fdhre \u013eahko dosta\u0165 priamo tu na na\u0161ej str\u00e1nke. V pr\u00edpade v\u00fdhier ni\u017e\u0161\u00edch ako 2 500 eur si m\u00f4\u017eete svoju v\u00fdhru vybra\u0165 priamo v na\u0161ej platforme. Je to len ot\u00e1zka nieko\u013ek\u00fdch kliknut\u00ed a svoju v\u00fdhru dostanete bez probl\u00e9mov.<\/p>\n<p>Ak je v\u0161ak va\u0161a v\u00fdhra vy\u0161\u0161ia ako 2 500 eur, mo\u017eno budete musie\u0165 kontaktova\u0165 priamo lot\u00e9riov\u00fa spolo\u010dnos\u0165. V takom pr\u00edpade v\u00e1m za\u0161leme formul\u00e1r na uplatnenie n\u00e1roku, ktor\u00fd vypln\u00edte a pom\u00f4\u017eeme v\u00e1m s vybaven\u00edm va\u0161ej v\u00fdhry.<\/p>\n<h2>Tipy pre hranie New York loto<\/h2>\n<p>Ak potrebujete nieko\u013eko tipov na hranie lot\u00e9rie, \u010d\u00edtajte \u010falej. Tieto tipy s\u00fa u\u017eito\u010dn\u00e9, ke\u010f hr\u00e1te ktor\u00fako\u013evek \u0161pi\u010dkov\u00fa medzin\u00e1rodn\u00fa lot\u00e9riu. Nie s\u00fa teda obmedzen\u00e9 len na lotto New York.<\/p>\n<ul>\n<li>V\u00fdhern\u00e9 \u010d\u00edsla si vyberajte opatrne. Aj ke\u010f v\u00fdhercu lot\u00e9rie nem\u00f4\u017eete predpoveda\u0165, v\u017edy je dobr\u00e9 vybra\u0165 si kombin\u00e1ciu, ktor\u00e1 m\u00e1 pre v\u00e1s v\u00fdznam.<\/li>\n<li>Pre toto loto New York je d\u00f4le\u017eit\u00e9 bonusov\u00e9 \u010d\u00edslo, preto\u017ee ur\u010duje v\u00fdhru v druhej kateg\u00f3rii. Preto ho neignorujte, preto\u017ee m\u00f4\u017eete od\u00eds\u0165 domov s peknou v\u00fdhrou, aj ke\u010f nevyhr\u00e1te jackpot.<\/li>\n<li>Venujte pozornos\u0165 d\u0148om \u017erebovania, preto\u017ee pr\u00e1ve vtedy sa dozvieme \u010d\u00edslo, ktor\u00e9 vyhr\u00e1va. Takisto plat\u00ed, \u017ee ak sa nezapoj\u00edte do \u017erebovania, nem\u00f4\u017eete po\u010das neho vyhra\u0165 \u017eiadnu cenu. Tak\u017ee \u017erebovacie dni s\u00fa naozaj d\u00f4le\u017eit\u00e9. Do \u017erebovania sa m\u00f4\u017eete prihl\u00e1si\u0165 aj nieko\u013eko t\u00fd\u017ed\u0148ov vopred (nesk\u00f4r v\u00e1m uk\u00e1\u017eeme, ako na to).<\/li>\n<\/ul>\n<section class=\"layout\" style=\"border: solid 1px; width: 100%;\">\n<div class=\"img-div\" style=\"margin-top: 5px;\"><img decoding=\"async\" class=\"wp-image-17212 alignleft\" style=\"height: 45px; margin: 8px 8px 0px;\" src=\"http:\/\/jackpotlotteryonline.com\/wp-content\/uploads\/2022\/11\/read1.jpg\" alt=\"pre\u010d\u00edtajte si\" width=\"\" height=\"\" \/><\/div>\n<div style=\"padding-left: 5px;\">\n<div style=\"font-size: 1.1em;\">\n<p><strong>Ak\u00e9 je tajomstvo \u00faspechu v lot\u00e9rii?<\/strong><\/p>\n<p style=\"font-size: 0.85em; margin-top: -1.5em;\">Ako \u00faspe\u0161ne hra\u0165 lot\u00e9riu\u00a0 <a href=\"https:\/\/jackpotlotteryonline.com\/sk\/ake-je-tajomstvo-loterie-uspechu\">\u010d\u00edtaj viac<\/a><\/p>\n<\/div>\n<\/div>\n<\/section>\n<h2>V\u00fdsledky \u017erebovania si m\u00f4\u017eete pozrie\u0165 na str\u00e1nke jackpotlotteryonline.com<\/h2>\n<p>Sme port\u00e1l, ktor\u00fd sa star\u00e1 o detaily, aby si na\u0161i z\u00e1kazn\u00edci mohli vychutna\u0165 z\u00e1\u017eitok z hrania lot\u00e9rie. Ch\u00e1peme, \u017ee nikto sa nechce stara\u0165 o mali\u010dkosti. Tento \u010das by ste mohli lep\u0161ie str\u00e1vi\u0165 zdokona\u013eovan\u00edm svojej lot\u00e9riovej strat\u00e9gie. A pr\u00e1ve preto sme tu my.<\/p>\n<p>Na\u0161im z\u00e1kazn\u00edkom d\u00e1vame mo\u017enos\u0165 z\u00fa\u010dastni\u0165 sa lot\u00e9ri\u00ed na celom svete. Priamo tu tie\u017e zverej\u0148ujeme v\u00fdsledky lot\u00e9ri\u00ed a poskytujeme bezprobl\u00e9mov\u00fd syst\u00e9m, aby ste mali pr\u00edstup k svojim v\u00fdhram.<\/p>\n<p><a href=\"https:\/\/jackpotlotteryonline.com\/sk\/ako-hrat\/new-york-lottery-2\">Hranie lot\u00e9rie New York s<\/a> nami je v\u00fdhrou pre v\u0161etk\u00fdch.<\/p>\n","protected":false},"excerpt":{"rendered":"<p>Newyorsk\u00e9 loto b\u00fdvalo jednou z t\u00fdch prehliadan\u00fdch lot\u00e9ri\u00ed. Hlavne preto, \u017ee ste sa do lot\u00e9rie mohli zapoji\u0165 len ako obyvatelia New Yorku. To sa teraz zmenilo, ke\u010f\u017ee losy si m\u00f4\u017eu k\u00fapi\u0165 hr\u00e1\u010di na celom svete. Teraz si viac lot\u00e9riov\u00fdch nad\u0161encov vyber\u00e1 v\u00fdhern\u00e9 \u010d\u00edsla hran\u00edm online. Toto newyorsk\u00e9 loto bolo zalo\u017een\u00e9 s cie\u013eom z\u00edska\u0165 finan\u010dn\u00e9 prostriedky [&hellip;]<\/p>\n","protected":false},"author":1,"featured_media":0,"parent":35852,"menu_order":15,"comment_status":"closed","ping_status":"closed","template":"newyork-results.php","meta":{"_et_pb_use_builder":"","_et_pb_old_content":"","_et_gb_content_width":"","exclude_from_search":false,"footnotes":""},"class_list":["post-41386","page","type-page","status-publish","hentry"],"yoast_head":"<!-- This site is optimized with the Yoast SEO plugin v23.3 - https:\/\/yoast.com\/wordpress\/plugins\/seo\/ -->\n<title>New York lot\u00e9rie v\u00ed\u0165azn\u00e9 \u010d\u00edsla a v\u00fdsledky \u017erebovania<\/title>\n<meta name=\"description\" content=\"V\u00fdsledky \u017erebovania lot\u00e9rie New York - vy\u017erebovan\u00e9 \u010d\u00edsla, vyhran\u00e9 sumy za v\u0161etky minul\u00e9 a s\u00fa\u010dasn\u00e9 \u017erebovania.\" \/>\n<meta name=\"robots\" content=\"index, follow, max-snippet:-1, max-image-preview:large, max-video-preview:-1\" \/>\n<link rel=\"canonical\" href=\"https:\/\/jackpotlotteryonline.com\/sk\/vyherne-cisla\/new-york-lottery\/\" \/>\n<meta property=\"og:locale\" content=\"sk_SK\" \/>\n<meta property=\"og:type\" content=\"article\" \/>\n<meta property=\"og:title\" content=\"New York lot\u00e9rie v\u00ed\u0165azn\u00e9 \u010d\u00edsla a v\u00fdsledky \u017erebovania\" \/>\n<meta property=\"og:description\" content=\"V\u00fdsledky \u017erebovania lot\u00e9rie New York - vy\u017erebovan\u00e9 \u010d\u00edsla, vyhran\u00e9 sumy za v\u0161etky minul\u00e9 a s\u00fa\u010dasn\u00e9 \u017erebovania.\" \/>\n<meta property=\"og:url\" content=\"https:\/\/jackpotlotteryonline.com\/sk\/vyherne-cisla\/new-york-lottery\/\" \/>\n<meta property=\"og:site_name\" content=\"Lotto Online - Crack The International Lottery Jackpots\" \/>\n<meta property=\"article:modified_time\" content=\"2022-12-30T10:23:17+00:00\" \/>\n<meta property=\"og:image\" content=\"http:\/\/jackpotlotteryonline.com\/wp-content\/uploads\/2022\/11\/1_results_lottery_online5.jpg\" \/>\n<meta name=\"twitter:card\" content=\"summary_large_image\" \/>\n<meta name=\"twitter:label1\" content=\"Predpokladan\u00fd \u010das \u010d\u00edtania\" \/>\n\t<meta name=\"twitter:data1\" content=\"5 min\u00fat\" \/>\n<!-- \/ Yoast SEO plugin. -->","yoast_head_json":{"title":"New York lot\u00e9rie v\u00ed\u0165azn\u00e9 \u010d\u00edsla a v\u00fdsledky \u017erebovania","description":"V\u00fdsledky \u017erebovania lot\u00e9rie New York - vy\u017erebovan\u00e9 \u010d\u00edsla, vyhran\u00e9 sumy za v\u0161etky minul\u00e9 a s\u00fa\u010dasn\u00e9 \u017erebovania.","robots":{"index":"index","follow":"follow","max-snippet":"max-snippet:-1","max-image-preview":"max-image-preview:large","max-video-preview":"max-video-preview:-1"},"canonical":"https:\/\/jackpotlotteryonline.com\/sk\/vyherne-cisla\/new-york-lottery\/","og_locale":"sk_SK","og_type":"article","og_title":"New York lot\u00e9rie v\u00ed\u0165azn\u00e9 \u010d\u00edsla a v\u00fdsledky \u017erebovania","og_description":"V\u00fdsledky \u017erebovania lot\u00e9rie New York - vy\u017erebovan\u00e9 \u010d\u00edsla, vyhran\u00e9 sumy za v\u0161etky minul\u00e9 a s\u00fa\u010dasn\u00e9 \u017erebovania.","og_url":"https:\/\/jackpotlotteryonline.com\/sk\/vyherne-cisla\/new-york-lottery\/","og_site_name":"Lotto Online - Crack The International Lottery Jackpots","article_modified_time":"2022-12-30T10:23:17+00:00","og_image":[{"url":"http:\/\/jackpotlotteryonline.com\/wp-content\/uploads\/2022\/11\/1_results_lottery_online5.jpg"}],"twitter_card":"summary_large_image","twitter_misc":{"Predpokladan\u00fd \u010das \u010d\u00edtania":"5 min\u00fat"},"schema":{"@context":"https:\/\/schema.org","@graph":[{"@type":"WebPage","@id":"https:\/\/jackpotlotteryonline.com\/sk\/vyherne-cisla\/new-york-lottery\/","url":"https:\/\/jackpotlotteryonline.com\/sk\/vyherne-cisla\/new-york-lottery\/","name":"New York lot\u00e9rie v\u00ed\u0165azn\u00e9 \u010d\u00edsla a v\u00fdsledky \u017erebovania","isPartOf":{"@id":"https:\/\/jackpotlotteryonline.com\/#website"},"primaryImageOfPage":{"@id":"https:\/\/jackpotlotteryonline.com\/sk\/vyherne-cisla\/new-york-lottery\/#primaryimage"},"image":{"@id":"https:\/\/jackpotlotteryonline.com\/sk\/vyherne-cisla\/new-york-lottery\/#primaryimage"},"thumbnailUrl":"http:\/\/jackpotlotteryonline.com\/wp-content\/uploads\/2022\/11\/1_results_lottery_online5.jpg","datePublished":"2022-12-09T08:59:46+00:00","dateModified":"2022-12-30T10:23:17+00:00","description":"V\u00fdsledky \u017erebovania lot\u00e9rie New York - vy\u017erebovan\u00e9 \u010d\u00edsla, vyhran\u00e9 sumy za v\u0161etky minul\u00e9 a s\u00fa\u010dasn\u00e9 \u017erebovania.","breadcrumb":{"@id":"https:\/\/jackpotlotteryonline.com\/sk\/vyherne-cisla\/new-york-lottery\/#breadcrumb"},"inLanguage":"sk-SK","potentialAction":[{"@type":"ReadAction","target":["https:\/\/jackpotlotteryonline.com\/sk\/vyherne-cisla\/new-york-lottery\/"]}]},{"@type":"ImageObject","inLanguage":"sk-SK","@id":"https:\/\/jackpotlotteryonline.com\/sk\/vyherne-cisla\/new-york-lottery\/#primaryimage","url":"http:\/\/jackpotlotteryonline.com\/wp-content\/uploads\/2022\/11\/1_results_lottery_online5.jpg","contentUrl":"http:\/\/jackpotlotteryonline.com\/wp-content\/uploads\/2022\/11\/1_results_lottery_online5.jpg"},{"@type":"BreadcrumbList","@id":"https:\/\/jackpotlotteryonline.com\/sk\/vyherne-cisla\/new-york-lottery\/#breadcrumb","itemListElement":[{"@type":"ListItem","position":1,"name":"Home","item":"https:\/\/jackpotlotteryonline.com\/sk\/"},{"@type":"ListItem","position":2,"name":"V\u00fdsledky lot\u00e9rie","item":"https:\/\/jackpotlotteryonline.com\/sk\/vyherne-cisla\/"},{"@type":"ListItem","position":3,"name":"New York lot\u00e9rie \u010derpanie v\u00fdsledky"}]},{"@type":"WebSite","@id":"https:\/\/jackpotlotteryonline.com\/#website","url":"https:\/\/jackpotlotteryonline.com\/","name":"Lotto Online - Crack The International Lottery Jackpots","description":"","potentialAction":[{"@type":"SearchAction","target":{"@type":"EntryPoint","urlTemplate":"https:\/\/jackpotlotteryonline.com\/?s={search_term_string}"},"query-input":"required name=search_term_string"}],"inLanguage":"sk-SK"}]}},"_links":{"self":[{"href":"https:\/\/jackpotlotteryonline.com\/sk\/wp-json\/wp\/v2\/pages\/41386","targetHints":{"allow":["GET"]}}],"collection":[{"href":"https:\/\/jackpotlotteryonline.com\/sk\/wp-json\/wp\/v2\/pages"}],"about":[{"href":"https:\/\/jackpotlotteryonline.com\/sk\/wp-json\/wp\/v2\/types\/page"}],"author":[{"embeddable":true,"href":"https:\/\/jackpotlotteryonline.com\/sk\/wp-json\/wp\/v2\/users\/1"}],"replies":[{"embeddable":true,"href":"https:\/\/jackpotlotteryonline.com\/sk\/wp-json\/wp\/v2\/comments?post=41386"}],"version-history":[{"count":0,"href":"https:\/\/jackpotlotteryonline.com\/sk\/wp-json\/wp\/v2\/pages\/41386\/revisions"}],"up":[{"embeddable":true,"href":"https:\/\/jackpotlotteryonline.com\/sk\/wp-json\/wp\/v2\/pages\/35852"}],"wp:attachment":[{"href":"https:\/\/jackpotlotteryonline.com\/sk\/wp-json\/wp\/v2\/media?parent=41386"}],"curies":[{"name":"wp","href":"https:\/\/api.w.org\/{rel}","templated":true}]}}