{"id":41438,"date":"2022-12-09T10:48:49","date_gmt":"2022-12-09T10:48:49","guid":{"rendered":"https:\/\/jackpotlotteryonline.com\/?page_id=41438"},"modified":"2022-12-30T12:24:28","modified_gmt":"2022-12-30T12:24:28","slug":"oz-lotto","status":"publish","type":"page","link":"https:\/\/jackpotlotteryonline.com\/sk\/vyherne-cisla\/oz-lotto\/","title":{"rendered":"Oz Lotto \u010derpanie v\u00fdsledky"},"content":{"rendered":"<h2>Oz Lotto \u010derpa\u0165 v\u00fdsledky Inform\u00e1cie<\/h2>\n<p><img loading=\"lazy\" decoding=\"async\" class=\"alignright size-full wp-image-26942\" src=\"http:\/\/jackpotlotteryonline.com\/wp-content\/uploads\/2022\/11\/1_euromillions_results.jpg\" alt=\"Oz Lotto v\u00fdsledky \u017erebovania\" width=\"300\" height=\"200\" \/>Ste zvedav\u00ed na v\u00fdsledky losovania Oz Lotto alebo na to, \u010do sa stane po tom, ako niekto vyhr\u00e1? Nu\u017e, tento \u010dl\u00e1nok v\u00e1m porad\u00ed, ako postupova\u0165, aby ste si na tieto ot\u00e1zky odpovedali.<\/p>\n<p>Toto austr\u00e1lske Lotto sa \u017erebuje ka\u017ed\u00fd utorok a sobotu o 19.30 hod. v\u00fdchodn\u00e9ho letn\u00e9ho \u010dasu, tak\u017ee po vy\u017erebovan\u00ed \u010d\u00edsel si m\u00f4\u017eete sadn\u00fa\u0165 a \u010daka\u0165 na \u017erebovanie. \u017drebovanie sa uskuto\u010d\u0148uje v Sydney prostredn\u00edctvom po\u010d\u00edta\u010dov\u00e9ho gener\u00e1tora \u010d\u00edsel.<\/p>\n<p>Oz Lotto je pomerne v\u00fdnosn\u00e1 hra, ktor\u00e1 m\u00e1 sedem v\u00fdhern\u00fdch div\u00edzi\u00ed, v ktor\u00fdch, ak sa nevyhr\u00e1 div\u00edzia 1 (jackpot), mo\u017eno vyhra\u0165 \u010fal\u0161ie ceny, ak hr\u00e1\u010d traf\u00ed p\u00e4\u0165 alebo \u0161tyri \u010d\u00edsla. Okrem toho sa ude\u013euje desa\u0165 v\u00fdhier po 2 mili\u00f3ny dol\u00e1rov, ke\u010f \u017eiadny hr\u00e1\u010d nedok\u00e1\u017ee trafi\u0165 v\u0161etk\u00fdch sedem vy\u017erebovan\u00fdch \u010d\u00edsel.<\/p>\n<p>V\u00fdsledky \u017erebovania lot\u00e9rie sa uverej\u0148uj\u00fa aj t\u00fd\u017ede\u0148 po \u017erebovan\u00ed na webovej str\u00e1nke vl\u00e1dy \u0161t\u00e1tu Victoria. \u010cas \u017erebovania je neverejn\u00fd, a to z d\u00f4vodu ochrany s\u00fakromia \u00fa\u010dastn\u00edkov.<\/p>\n<h2>Ako m\u00f4\u017eem vyhra\u0165 austr\u00e1lsku lot\u00e9riu Oz Lotto?<\/h2>\n<p>Ak chcete vyhra\u0165 ak\u00fako\u013evek cenu v Oz Lotto, mali by ste vedie\u0165 nasleduj\u00face:<\/p>\n<ol>\n<li>Ak chcete <a href=\"https:\/\/jackpotlotteryonline.com\/sk\/ako-hrat\/oz-lotto\">hra\u0165 Oz Lotto<\/a>, hr\u00e1\u010d mus\u00ed vylosova\u0165 desa\u0165 \u010d\u00edsel z celkov\u00e9ho po\u010dtu 47.<\/li>\n<li>Prv\u00fdch sedem vy\u017erebovan\u00fdch \u010d\u00edsel sa pova\u017euje za v\u00fdhern\u00e9 \u010d\u00edsla pre z\u00edskanie hlavnej v\u00fdhry.<\/li>\n<li>Zvy\u0161n\u00e9 tri vy\u017erebovan\u00e9 \u010d\u00edsla s\u00fa doplnkov\u00e9 \u010d\u00edsla, ktor\u00e9 sa pou\u017e\u00edvaj\u00fa na ur\u010denie v\u00fdhier v ostatn\u00fdch div\u00edzi\u00e1ch.<\/li>\n<li>\u010c\u00edm viac zhodn\u00fdch \u010d\u00edsel hr\u00e1\u010d vy\u017erebuje, t\u00fdm vy\u0161\u0161ia je v\u00fdhra.<\/li>\n<li>\u00da\u010das\u0165 v hre Oz Lotto je hra so \u0161ancou; m\u00f4\u017eete bu\u010f vyhra\u0165, alebo prehra\u0165.<\/li>\n<\/ol>\n<h2>Ako si m\u00f4\u017eem overi\u0165, \u010di som vyhral v konkr\u00e9tnom \u017erebovan\u00ed?<\/h2>\n<p><img loading=\"lazy\" decoding=\"async\" class=\"alignright size-full wp-image-26159\" src=\"http:\/\/jackpotlotteryonline.com\/wp-content\/uploads\/2022\/11\/1_buy_lottery_online.jpg\" alt=\"Oz Lotto v\u00fdsledky \u017erebovania\" width=\"212\" height=\"142\" \/>Ak ste <a href=\"https:\/\/jackpotlotteryonline.com\/sk\/kupit-vstupenky\/oz-lotto\">si u n\u00e1s zak\u00fapili tiket<\/a>, skontrolujte si l\u00e1skavo v\u00fdsledky \u017erebovania na na\u0161ej webovej str\u00e1nke. Najjednoduch\u0161\u00ed sp\u00f4sob, ako zisti\u0165, \u010di ste vyhrali, je prihl\u00e1si\u0165 sa do svojho hr\u00e1\u010dskeho konta na na\u0161ej webovej str\u00e1nke. Potom prejdite do \u010dasti &#8220;moje tikety&#8221; a uvid\u00edte sken svojho tiketu s \u010d\u00edslami, s ktor\u00fdmi ste hrali. Po \u017erebovan\u00ed bud\u00fa v\u0161etky zhodn\u00e9 \u010d\u00edslice zv\u00fdraznen\u00e9.<\/p>\n<p>\u010eal\u0161\u00edm sp\u00f4sobom, ako zisti\u0165, \u010di ste vyhrali, je skontrolova\u0165 si e-mail. Bezprostredne po \u017erebovan\u00ed v\u00e1m pr\u00edde e-mail, ktor\u00fd v\u00e1s o tom informuje. Pomocou tejto inform\u00e1cie zist\u00edte, \u010di ste v danom \u017erebovan\u00ed vyhrali.<\/p>\n<p>M\u00f4\u017eete tie\u017e nav\u0161t\u00edvi\u0165 ofici\u00e1lnu webov\u00fa str\u00e1nku austr\u00e1lskej lot\u00e9rie Oz Lotto, kde sa dozviete viac o minul\u00fdch v\u00fdsledkoch a v\u0161eobecn\u00e9 inform\u00e1cie o tejto lot\u00e9rii.<\/p>\n<h2>Sp\u00f4soby, ako zv\u00fd\u0161i\u0165 svoje \u0161ance na v\u00fdhru<\/h2>\n<p>Ak chcete zv\u00fd\u0161i\u0165 svoje \u0161ance na z\u00edskanie jackpotu, m\u00f4\u017eete sa z\u00fa\u010dastni\u0165 viacer\u00fdch \u017erebovan\u00ed zak\u00fapen\u00edm tiketov pre po sebe id\u00face \u017erebovania. To umo\u017e\u0148uje hra\u0165 ten ist\u00fd v\u00fdber nieko\u013eko t\u00fd\u017ed\u0148ov. No hran\u00edm t\u00fdmto sp\u00f4sobom sa zv\u00fd\u0161ia n\u00e1klady na va\u0161e objedn\u00e1vky, ale umo\u017en\u00ed v\u00e1m to hra\u0165 vo viacer\u00fdch \u017erebovaniach.<\/p>\n<section class=\"layout\" style=\"border: solid 1px; width: 100%;\">\n<div class=\"img-div\" style=\"margin-top: 5px;\"><img decoding=\"async\" class=\"wp-image-17212 alignleft\" style=\"height: 45px; margin: 8px 8px 0px;\" src=\"http:\/\/jackpotlotteryonline.com\/wp-content\/uploads\/2022\/11\/read1.jpg\" alt=\"pre\u010d\u00edtajte si\" width=\"\" height=\"\" \/><\/div>\n<div style=\"padding-left: 5px;\">\n<div style=\"font-size: 1.1em;\">\n<p><strong>Vyberte si v\u00fdhern\u00e9 \u010d\u00edsla lot\u00e9rie ru\u010dne alebo pomocou RNG<\/strong><\/p>\n<p style=\"font-size: 0.85em; margin-top: -1.5em;\">Ako vygenerova\u0165 v\u00fdhern\u00e9 lotto \u010d\u00edsla?\u00a0 <a href=\"https:\/\/jackpotlotteryonline.com\/sk\/ako-generovat-vitazne-lotto-cisla\">\u010d\u00edtaj viac<\/a><\/p>\n<\/div>\n<\/div>\n<\/section>\n<h2>Ako m\u00f4\u017eem z\u00edska\u0165 svoju v\u00fdhru?<\/h2>\n<p>V pr\u00edpade v\u00fdhry akejko\u013evek ceny si v\u0161\u00edmajte nasleduj\u00face inform\u00e1cie:<\/p>\n<ul>\n<li>V\u00fdhry ni\u017e\u0161ie ako 2500 EUR bud\u00fa automaticky preveden\u00e9 na v\u00e1\u0161 hr\u00e1\u010dsky \u00fa\u010det. V\u00fdhru si m\u00f4\u017eete vybra\u0165 alebo pokra\u010dova\u0165 v n\u00e1kupe \u010fal\u0161\u00edch tiketov za v\u00fdhru.<\/li>\n<li>V pr\u00edpade v\u00fdhry vy\u0161\u0161ej ako 2500 \u20ac v\u00e1m bude v\u00fdhra vyplaten\u00e1 priamo z lot\u00e9riovej komisie a m\u00f4\u017eete ju z\u00edska\u0165 bu\u010f bankov\u00fdm prevodom, alebo \u0161ekom.<\/li>\n<\/ul>\n<p>Ur\u010dite si nenechajte ujs\u0165 \u017erebovanie. Aby ste mali istotu, \u017ee v\u00e1m neunikne \u017eiadna inform\u00e1cia, odpor\u00fa\u010dame hr\u00e1\u010dom, aby si str\u00e1nku jackpotlotteryonline.com dali na biely zoznam d\u00f4veryhodn\u00fdch poskytovate\u013eov e-mailov\u00fdch slu\u017eieb.<\/p>\n<p><strong>Na z\u00e1ver&#8230;<\/strong><\/p>\n<p>Oz Lotto je jednou z najob\u013e\u00fabenej\u0161\u00edch lot\u00e9riov\u00fdch hier v Austr\u00e1lii od roku 1994. Mnoh\u00ed \u013eudia sa v\u010faka nej stali zo d\u0148a na de\u0148 milion\u00e1rmi. \u010co v\u00e1s teda n\u00fati nehra\u0165? Z\u00fa\u010dastnite sa tejto austr\u00e1lskej lot\u00e9rie a majte \u0161ancu vyhra\u0165 jednu z mnoh\u00fdch cien, ak nie rovno jackpot.<\/p>\n<p><strong>Zaregistrujte sa e\u0161te dnes a vyhrajte!<\/strong><\/p>\n","protected":false},"excerpt":{"rendered":"<p>Oz Lotto \u010derpa\u0165 v\u00fdsledky Inform\u00e1cie Ste zvedav\u00ed na v\u00fdsledky losovania Oz Lotto alebo na to, \u010do sa stane po tom, ako niekto vyhr\u00e1? Nu\u017e, tento \u010dl\u00e1nok v\u00e1m porad\u00ed, ako postupova\u0165, aby ste si na tieto ot\u00e1zky odpovedali. Toto austr\u00e1lske Lotto sa \u017erebuje ka\u017ed\u00fd utorok a sobotu o 19.30 hod. v\u00fdchodn\u00e9ho letn\u00e9ho \u010dasu, tak\u017ee po vy\u017erebovan\u00ed [&hellip;]<\/p>\n","protected":false},"author":1,"featured_media":0,"parent":35852,"menu_order":16,"comment_status":"closed","ping_status":"closed","template":"","meta":{"_et_pb_use_builder":"","_et_pb_old_content":"","_et_gb_content_width":"","exclude_from_search":false,"footnotes":""},"class_list":["post-41438","page","type-page","status-publish","hentry"],"yoast_head":"<!-- This site is optimized with the Yoast SEO plugin v23.3 - https:\/\/yoast.com\/wordpress\/plugins\/seo\/ -->\n<title>Oz Lotto v\u00ed\u0165azn\u00e9 \u010d\u00edsla a v\u00fdsledky \u017erebovania<\/title>\n<meta name=\"description\" content=\"Pozrite si v\u00fdhern\u00e9 \u010d\u00edsla a minul\u00e9 v\u00fdsledky austr\u00e1lskej lot\u00e9rie Oz Lotto na na\u0161ej str\u00e1nke s v\u00fdsledkami \u017erebovania. Uistite sa, \u017ee v\u00e1m ni\u010d neunikne!\" \/>\n<meta name=\"robots\" content=\"index, follow, max-snippet:-1, max-image-preview:large, max-video-preview:-1\" \/>\n<link rel=\"canonical\" href=\"https:\/\/jackpotlotteryonline.com\/sk\/vyherne-cisla\/oz-lotto\/\" \/>\n<meta property=\"og:locale\" content=\"sk_SK\" \/>\n<meta property=\"og:type\" content=\"article\" \/>\n<meta property=\"og:title\" content=\"Oz Lotto v\u00ed\u0165azn\u00e9 \u010d\u00edsla a v\u00fdsledky \u017erebovania\" \/>\n<meta property=\"og:description\" content=\"Pozrite si v\u00fdhern\u00e9 \u010d\u00edsla a minul\u00e9 v\u00fdsledky austr\u00e1lskej lot\u00e9rie Oz Lotto na na\u0161ej str\u00e1nke s v\u00fdsledkami \u017erebovania. Uistite sa, \u017ee v\u00e1m ni\u010d neunikne!\" \/>\n<meta property=\"og:url\" content=\"https:\/\/jackpotlotteryonline.com\/sk\/vyherne-cisla\/oz-lotto\/\" \/>\n<meta property=\"og:site_name\" content=\"Lotto Online - Crack The International Lottery Jackpots\" \/>\n<meta property=\"article:modified_time\" content=\"2022-12-30T12:24:28+00:00\" \/>\n<meta property=\"og:image\" content=\"http:\/\/jackpotlotteryonline.com\/wp-content\/uploads\/2022\/11\/1_euromillions_results.jpg\" \/>\n<meta name=\"twitter:card\" content=\"summary_large_image\" \/>\n<meta name=\"twitter:label1\" content=\"Predpokladan\u00fd \u010das \u010d\u00edtania\" \/>\n\t<meta name=\"twitter:data1\" content=\"3 min\u00faty\" \/>\n<!-- \/ Yoast SEO plugin. -->","yoast_head_json":{"title":"Oz Lotto v\u00ed\u0165azn\u00e9 \u010d\u00edsla a v\u00fdsledky \u017erebovania","description":"Pozrite si v\u00fdhern\u00e9 \u010d\u00edsla a minul\u00e9 v\u00fdsledky austr\u00e1lskej lot\u00e9rie Oz Lotto na na\u0161ej str\u00e1nke s v\u00fdsledkami \u017erebovania. Uistite sa, \u017ee v\u00e1m ni\u010d neunikne!","robots":{"index":"index","follow":"follow","max-snippet":"max-snippet:-1","max-image-preview":"max-image-preview:large","max-video-preview":"max-video-preview:-1"},"canonical":"https:\/\/jackpotlotteryonline.com\/sk\/vyherne-cisla\/oz-lotto\/","og_locale":"sk_SK","og_type":"article","og_title":"Oz Lotto v\u00ed\u0165azn\u00e9 \u010d\u00edsla a v\u00fdsledky \u017erebovania","og_description":"Pozrite si v\u00fdhern\u00e9 \u010d\u00edsla a minul\u00e9 v\u00fdsledky austr\u00e1lskej lot\u00e9rie Oz Lotto na na\u0161ej str\u00e1nke s v\u00fdsledkami \u017erebovania. Uistite sa, \u017ee v\u00e1m ni\u010d neunikne!","og_url":"https:\/\/jackpotlotteryonline.com\/sk\/vyherne-cisla\/oz-lotto\/","og_site_name":"Lotto Online - Crack The International Lottery Jackpots","article_modified_time":"2022-12-30T12:24:28+00:00","og_image":[{"url":"http:\/\/jackpotlotteryonline.com\/wp-content\/uploads\/2022\/11\/1_euromillions_results.jpg"}],"twitter_card":"summary_large_image","twitter_misc":{"Predpokladan\u00fd \u010das \u010d\u00edtania":"3 min\u00faty"},"schema":{"@context":"https:\/\/schema.org","@graph":[{"@type":"WebPage","@id":"https:\/\/jackpotlotteryonline.com\/sk\/vyherne-cisla\/oz-lotto\/","url":"https:\/\/jackpotlotteryonline.com\/sk\/vyherne-cisla\/oz-lotto\/","name":"Oz Lotto v\u00ed\u0165azn\u00e9 \u010d\u00edsla a v\u00fdsledky \u017erebovania","isPartOf":{"@id":"https:\/\/jackpotlotteryonline.com\/#website"},"primaryImageOfPage":{"@id":"https:\/\/jackpotlotteryonline.com\/sk\/vyherne-cisla\/oz-lotto\/#primaryimage"},"image":{"@id":"https:\/\/jackpotlotteryonline.com\/sk\/vyherne-cisla\/oz-lotto\/#primaryimage"},"thumbnailUrl":"http:\/\/jackpotlotteryonline.com\/wp-content\/uploads\/2022\/11\/1_euromillions_results.jpg","datePublished":"2022-12-09T10:48:49+00:00","dateModified":"2022-12-30T12:24:28+00:00","description":"Pozrite si v\u00fdhern\u00e9 \u010d\u00edsla a minul\u00e9 v\u00fdsledky austr\u00e1lskej lot\u00e9rie Oz Lotto na na\u0161ej str\u00e1nke s v\u00fdsledkami \u017erebovania. Uistite sa, \u017ee v\u00e1m ni\u010d neunikne!","breadcrumb":{"@id":"https:\/\/jackpotlotteryonline.com\/sk\/vyherne-cisla\/oz-lotto\/#breadcrumb"},"inLanguage":"sk-SK","potentialAction":[{"@type":"ReadAction","target":["https:\/\/jackpotlotteryonline.com\/sk\/vyherne-cisla\/oz-lotto\/"]}]},{"@type":"ImageObject","inLanguage":"sk-SK","@id":"https:\/\/jackpotlotteryonline.com\/sk\/vyherne-cisla\/oz-lotto\/#primaryimage","url":"http:\/\/jackpotlotteryonline.com\/wp-content\/uploads\/2022\/11\/1_euromillions_results.jpg","contentUrl":"http:\/\/jackpotlotteryonline.com\/wp-content\/uploads\/2022\/11\/1_euromillions_results.jpg"},{"@type":"BreadcrumbList","@id":"https:\/\/jackpotlotteryonline.com\/sk\/vyherne-cisla\/oz-lotto\/#breadcrumb","itemListElement":[{"@type":"ListItem","position":1,"name":"Home","item":"https:\/\/jackpotlotteryonline.com\/sk\/"},{"@type":"ListItem","position":2,"name":"V\u00fdsledky lot\u00e9rie","item":"https:\/\/jackpotlotteryonline.com\/sk\/vyherne-cisla\/"},{"@type":"ListItem","position":3,"name":"Oz Lotto \u010derpanie v\u00fdsledky"}]},{"@type":"WebSite","@id":"https:\/\/jackpotlotteryonline.com\/#website","url":"https:\/\/jackpotlotteryonline.com\/","name":"Lotto Online - Crack The International Lottery Jackpots","description":"","potentialAction":[{"@type":"SearchAction","target":{"@type":"EntryPoint","urlTemplate":"https:\/\/jackpotlotteryonline.com\/?s={search_term_string}"},"query-input":"required name=search_term_string"}],"inLanguage":"sk-SK"}]}},"_links":{"self":[{"href":"https:\/\/jackpotlotteryonline.com\/sk\/wp-json\/wp\/v2\/pages\/41438","targetHints":{"allow":["GET"]}}],"collection":[{"href":"https:\/\/jackpotlotteryonline.com\/sk\/wp-json\/wp\/v2\/pages"}],"about":[{"href":"https:\/\/jackpotlotteryonline.com\/sk\/wp-json\/wp\/v2\/types\/page"}],"author":[{"embeddable":true,"href":"https:\/\/jackpotlotteryonline.com\/sk\/wp-json\/wp\/v2\/users\/1"}],"replies":[{"embeddable":true,"href":"https:\/\/jackpotlotteryonline.com\/sk\/wp-json\/wp\/v2\/comments?post=41438"}],"version-history":[{"count":0,"href":"https:\/\/jackpotlotteryonline.com\/sk\/wp-json\/wp\/v2\/pages\/41438\/revisions"}],"up":[{"embeddable":true,"href":"https:\/\/jackpotlotteryonline.com\/sk\/wp-json\/wp\/v2\/pages\/35852"}],"wp:attachment":[{"href":"https:\/\/jackpotlotteryonline.com\/sk\/wp-json\/wp\/v2\/media?parent=41438"}],"curies":[{"name":"wp","href":"https:\/\/api.w.org\/{rel}","templated":true}]}}