{"id":41490,"date":"2022-12-09T12:56:47","date_gmt":"2022-12-09T12:56:47","guid":{"rendered":"https:\/\/jackpotlotteryonline.com\/?page_id=41490"},"modified":"2022-12-30T14:26:03","modified_gmt":"2022-12-30T14:26:03","slug":"powerball-australia","status":"publish","type":"page","link":"https:\/\/jackpotlotteryonline.com\/sk\/vyherne-cisla\/powerball-australia\/","title":{"rendered":"V\u00fdsledky \u017erebovania Powerball Austr\u00e1lia"},"content":{"rendered":"<p><a href=\"https:\/\/jackpotlotteryonline.com\/sk\/ako-hrat\/powerball-australia\">Hranie austr\u00e1lskeho Powerballu<\/a> je jednoduch\u00e9, ke\u010f si tikety k\u00fapite online. Takto m\u00f4\u017eete z\u00edska\u0165 pr\u00edstup k hre Powerball odkia\u013eko\u013evek na svete. K\u00fapa tiketu je v\u0161ak len \u010das\u0165ou hrania Powerball. Mus\u00edte si tie\u017e skontrolova\u0165 v\u00fdsledky \u017erebovania a zisti\u0165 v\u00fdhern\u00e9 \u010d\u00edsla. Takto sa dozviete, \u010di ste v lot\u00e9rii vyhrali alebo nie. Tu v\u00e1m poskytneme tipy a inform\u00e1cie o tom, ako si m\u00f4\u017eete skontrolova\u0165 v\u00fdsledky \u017erebovania a z\u00edska\u0165 pr\u00edstup k svojej v\u00fdhre.<\/p>\n<h2>Ako skontrolova\u0165 v\u00fdhern\u00e9 \u010d\u00edsla Powerball Australia<\/h2>\n<p>Ak chcete hra\u0165 Powerball, mus\u00edte si vybra\u0165 7 \u010d\u00edsel z rozsahu od 1 do 35 plus \u010d\u00edslo Powerball od 1 do 20. Po\u010das \u017erebovania sa n\u00e1hodne vy\u017erebuje 8 \u010d\u00edsel. Kto sa zhoduje s vy\u017erebovan\u00fdmi \u010d\u00edslami, m\u00e1 v\u00fdhern\u00fd tiket Powerball.<\/p>\n<p>Mo\u017eno sa v\u00e1m nepodar\u00ed sledova\u0165 \u017erebovanie Powerball v priamom telev\u00edznom prenose. M\u00f4\u017eete si v\u0161ak pozrie\u0165 online spravodajsk\u00e9 str\u00e1nky, kde n\u00e1jdete v\u00fdhern\u00e9 \u010d\u00edsla Powerball. Tieto str\u00e1nky v\u0161ak v\u00e4\u010d\u0161inou zverej\u0148uj\u00fa len kombin\u00e1ciu, ktor\u00e1 vyhr\u00e1va jackpot. A Powerball m\u00e1 nieko\u013eko \u010fal\u0161\u00edch v\u00fdhern\u00fdch \u00farovn\u00ed.<\/p>\n<p>Ak teda chcete pozna\u0165 v\u00fdhern\u00e9 \u010d\u00edsla Powerball pre v\u0161etky v\u00fdhern\u00e9 \u00farovne, m\u00f4\u017eete sa po ka\u017edom \u017erebovan\u00ed pozrie\u0165 priamo sem. V\u00fdhern\u00e9 \u010d\u00edsla Powerball uverej\u0148ujeme na na\u0161ej str\u00e1nke. Ak ste si u n\u00e1s zak\u00fapili tiket Powerball, upozorn\u00edme v\u00e1s aj na to, \u010di m\u00e1te niektor\u00e9 z v\u00fdhern\u00fdch \u010d\u00edsel. Po\u0161leme v\u00e1m e-mail a na v\u00e1\u0161 \u00fa\u010det umiestnime upozornenie. Takto sa nemus\u00edte b\u00e1\u0165, \u017ee by ste pri\u0161li o svoje v\u00fdhry.<\/p>\n<h2>Ak\u00e9 s\u00fa \u0161ance na v\u00fdhru v Powerball?<\/h2>\n<p><img loading=\"lazy\" decoding=\"async\" class=\"alignright size-full wp-image-31181\" src=\"https:\/\/jackpotlotteryonline.com\/wp-content\/uploads\/2022\/11\/logo_powerball-300x50-1.jpg\" alt=\"v\u00fdhra v hre Powerball\" width=\"300\" height=\"50\" \/>Vyhra\u0165 v lot\u00e9rii nie je jednoduch\u00e9. V\u00e4\u010d\u0161ina \u013eud\u00ed by povedala, \u017ee \u0161ance s\u00fa neuverite\u013ene vysok\u00e9. Napriek tomu sa dozved\u00e1me o \u013eu\u010foch, ktor\u00ed vyhrali sumy, ktor\u00e9 im zmenili \u017eivot. Najm\u00e4 austr\u00e1lska lot\u00e9ria Powerball m\u00e1 dlh\u00fd zoznam v\u00fdhercov, a to pravdepodobne pr\u00e1ve kv\u00f4li kurzom.<\/p>\n<p>\u0160anca na v\u00fdhru v lot\u00e9rii Powerball je 1 k 70 mili\u00f3nom. To znamen\u00e1, \u017ee v lot\u00e9rii Powerball m\u00f4\u017ee vyhra\u0165 doslova ka\u017ed\u00fd.<\/p>\n<p>Okrem toho m\u00e1 lot\u00e9ria Powerball celkom 9 v\u00fdhern\u00fdch kateg\u00f3ri\u00ed, \u010do e\u0161te zvy\u0161uje \u0161ance na v\u00fdhru v tejto lot\u00e9rii.<\/p>\n<h2>Ceny Powerball<\/h2>\n<p>Jackpot v lot\u00e9rii Powerball je zvy\u010dajne v priemere 8 mili\u00f3nov austr\u00e1lskych dol\u00e1rov. Existuje v\u0161ak nieko\u013eko \u010fal\u0161\u00edch cien, ktor\u00e9 m\u00f4\u017eete vyhra\u0165, ak m\u00e1te v\u00fdhern\u00e9 \u010d\u00edsla lot\u00e9rie Powerball Australia.<\/p>\n<p>Tu s\u00fa uveden\u00e9 kateg\u00f3rie cien a ich v\u00fdplata v jednom zo \u017erebovan\u00ed Powerball. Upozor\u0148ujeme, \u017ee v\u00fdplata nebude pri ka\u017edom \u017erebovan\u00ed rovnak\u00e1, preto\u017ee ceny z\u00e1visia od lot\u00e9riov\u00e9ho fondu. Toto je v\u0161ak len pre va\u0161u predstavu, \u010do m\u00f4\u017eete o\u010dak\u00e1va\u0165, ke\u010f v\u00e1m padn\u00fa v\u00fdhern\u00e9 \u010d\u00edsla Powerball.<\/p>\n<p>Div\u00edzia 1: zhodn\u00e9 \u010d\u00edslo 7 + Powerball &#8211; 8 000 000,00 USD (jackpot)<\/p>\n<p>Div\u00edzia 2: iba zhoda 7 &#8211; 95 726,15 USD<\/p>\n<p>Div\u00edzia 3: zhoda 6 + Powerball &#8211; 5 661,20 USD<\/p>\n<p>Div\u00edzia 4: iba z\u00e1pas 6 &#8211; 501,70 USD<\/p>\n<p>Div\u00edzia 5: z\u00e1pas 5 + Powerball &#8211; 166,75 USD<\/p>\n<p>Div\u00edzia 6: iba z\u00e1pas 5 &#8211; 73,10 USD<\/p>\n<p>Div\u00edzia 7: z\u00e1pas 4 + Powerball &#8211; 41,60 USD<\/p>\n<p>Div\u00edzia 8: z\u00e1pas 3 + Powerball &#8211; 18,05 USD<\/p>\n<p>Div\u00edzia 9: z\u00e1pas 2 + Powerball &#8211; 10,95 USD<\/p>\n<h2>\u010co robi\u0165, ak m\u00e1te v\u00fdhern\u00e9 \u010d\u00edsla<\/h2>\n<p>Ak skontrolujete v\u00fdsledky \u017erebovania a zist\u00edte, \u017ee m\u00e1te v\u00fdhern\u00e9 \u010d\u00edsla Powerball, \u010fal\u0161\u00edm krokom je, ako sa dosta\u0165 k svojej v\u00fdhre. Vzh\u013eadom na to, \u017ee hr\u00e1te Powerball mimo krajiny Oz, pravdepodobne h\u013ead\u00e1te pohodln\u00fd sp\u00f4sob, ako si v\u00fdhru vyplati\u0165.<\/p>\n<p>Ke\u010f <a href=\"https:\/\/jackpotlotteryonline.com\/sk\/kupit-vstupenky\/powerball-australia\">si u n\u00e1s k\u00fapite tiket Powerball<\/a>, m\u00f4\u017eete z\u00edska\u0165 pr\u00edstup k v\u00fdhre aj odkia\u013eko\u013evek. V pr\u00edpade v\u00fdhier ni\u017e\u0161\u00edch ako ur\u010dit\u00e1 suma sta\u010d\u00ed, ak si svoju v\u00fdhru vyberiete z na\u0161ej platformy. M\u00f4\u017eete si ju vybra\u0165 priamo na svoj bankov\u00fd \u00fa\u010det.<\/p>\n<p>Ak je va\u0161a v\u00fdhra vy\u0161\u0161ia ako uveden\u00e1 suma, poskytneme v\u00e1m formul\u00e1r na uplatnenie n\u00e1roku, ktor\u00fd mus\u00edte vyplni\u0165. Takto si m\u00f4\u017eete bez probl\u00e9mov vy\u017eiada\u0165 v\u00fdhru priamo od lot\u00e9riovej spolo\u010dnosti Powerball.<\/p>\n<section class=\"layout\" style=\"border: solid 1px; width: 100%;\">\n<div class=\"img-div\" style=\"margin-top: 5px;\"><img decoding=\"async\" class=\"wp-image-17212 alignleft\" style=\"height: 45px; margin: 8px 8px 0px;\" src=\"https:\/\/jackpotlotteryonline.com\/wp-content\/uploads\/2022\/11\/read1.jpg\" alt=\"pre\u010d\u00edtajte si\" width=\"\" height=\"\" \/><\/div>\n<div style=\"padding-left: 5px;\">\n<div style=\"font-size: 1.1em;\">\n<p><strong>Ak\u00e9 auto by ste si k\u00fapili, keby ste vyhrali v lot\u00e9rii?<\/strong><\/p>\n<p style=\"font-size: 0.85em; margin-top: -1.5em;\">Vyhrajte v lot\u00e9rii a z\u00edskajte nov\u00e9 auto\u00a0<a href=\"https:\/\/jackpotlotteryonline.com\/sk\/ake-auto-by-ste-si-kupili-keby-ste-vyhrali-v-loterii\"> \u010d\u00edtaj viace<\/a><\/p>\n<\/div>\n<\/div>\n<\/section>\n<h2>V\u00fdhody hrania Powerball s Jackpotlotteryonline.com<\/h2>\n<ul>\n<li>Z\u00edskate r\u00fdchly a okam\u017eit\u00fd pr\u00edstup k lot\u00e9rii. Nemus\u00edte \u017ei\u0165 v Austr\u00e1lii, aby ste mohli hra\u0165 Powerball<\/li>\n<li>Je to mimoriadne pohodln\u00e9, preto\u017ee nemus\u00edte opusti\u0165 pohodlie svojho domova. Svoje v\u00fdhern\u00e9 \u010d\u00edsla si m\u00f4\u017eete skontrolova\u0165 z po\u010d\u00edta\u010da alebo mobiln\u00e9ho zariadenia.<\/li>\n<li>Je to aj bezpe\u010dnej\u0161ie, preto\u017ee v\u00e1\u0161 tiket je ulo\u017een\u00fd digit\u00e1lne. To je d\u00f4le\u017eit\u00e9, preto\u017ee len tak si m\u00f4\u017eete uplatni\u0165 n\u00e1rok na v\u00fdhru.<\/li>\n<li>Nemus\u00edte zme\u0161ka\u0165 svoju v\u00fdhru, preto\u017ee v\u00e1s okam\u017eite upozorn\u00edme, ak vyhr\u00e1te nejak\u00fa cenu<\/li>\n<li>Ka\u017ed\u00fa v\u00fdhru si m\u00f4\u017eete jednoducho vybra\u0165 online bez toho, aby ste museli niekam chodi\u0165<\/li>\n<\/ul>\n<h2>Skontrolujte si u n\u00e1s svoje v\u00fdhern\u00e9 \u010d\u00edsla<\/h2>\n<p>V priebehu \u010dasu sme venovali ve\u013ea prostriedkov a \u00fasilia, aby sme na\u0161im hr\u00e1\u010dom zabezpe\u010dili \u010do najlep\u0161\u00ed z\u00e1\u017eitok. Nielen\u017ee v\u00e1m u\u013eah\u010dujeme n\u00e1kup tiketov do najlep\u0161\u00edch medzin\u00e1rodn\u00fdch lot\u00e9ri\u00ed, ale ideme e\u0161te o nieko\u013eko krokov \u010falej. Rob\u00edme to tak, \u017ee poskytujeme aktu\u00e1lne v\u00fdsledky \u017erebovania, tak\u017ee si m\u00f4\u017eete \u013eahko skontrolova\u0165 v\u00fdhern\u00e9 \u010d\u00edsla.<\/p>\n<p>A napokon, v pr\u00edpade v\u00fdhry sa nemus\u00edte stara\u0165 o to, ako sa dostanete k svojim v\u00fdhram. Mysleli sme na v\u0161etko, aby ste sa mohli s\u00fastredi\u0165 na to, \u010do je d\u00f4le\u017eit\u00e9. Zaregistrujte sa u n\u00e1s e\u0161te dnes.<\/p>\n","protected":false},"excerpt":{"rendered":"<p>Hranie austr\u00e1lskeho Powerballu je jednoduch\u00e9, ke\u010f si tikety k\u00fapite online. Takto m\u00f4\u017eete z\u00edska\u0165 pr\u00edstup k hre Powerball odkia\u013eko\u013evek na svete. K\u00fapa tiketu je v\u0161ak len \u010das\u0165ou hrania Powerball. Mus\u00edte si tie\u017e skontrolova\u0165 v\u00fdsledky \u017erebovania a zisti\u0165 v\u00fdhern\u00e9 \u010d\u00edsla. Takto sa dozviete, \u010di ste v lot\u00e9rii vyhrali alebo nie. Tu v\u00e1m poskytneme tipy a inform\u00e1cie o [&hellip;]<\/p>\n","protected":false},"author":1,"featured_media":0,"parent":35852,"menu_order":17,"comment_status":"closed","ping_status":"closed","template":"powerball-au-results.php","meta":{"_et_pb_use_builder":"","_et_pb_old_content":"","_et_gb_content_width":"","exclude_from_search":false,"footnotes":""},"class_list":["post-41490","page","type-page","status-publish","hentry"],"yoast_head":"<!-- This site is optimized with the Yoast SEO plugin v23.3 - https:\/\/yoast.com\/wordpress\/plugins\/seo\/ -->\n<title>Powerball Austr\u00e1lia v\u00ed\u0165azn\u00e9 \u010d\u00edsla a v\u00fdsledky \u017erebovania<\/title>\n<meta name=\"description\" content=\"H\u013ead\u00e1te v\u00fdhern\u00e9 \u010d\u00edsla hry Powerball Australia? N\u00e1jdite v\u00fdsledky \u017erebovania austr\u00e1lskych lot\u00e9ri\u00ed na tejto str\u00e1nke\" \/>\n<meta name=\"robots\" content=\"index, follow, max-snippet:-1, max-image-preview:large, max-video-preview:-1\" \/>\n<link rel=\"canonical\" href=\"https:\/\/jackpotlotteryonline.com\/sk\/vyherne-cisla\/powerball-australia\/\" \/>\n<meta property=\"og:locale\" content=\"sk_SK\" \/>\n<meta property=\"og:type\" content=\"article\" \/>\n<meta property=\"og:title\" content=\"Powerball Austr\u00e1lia v\u00ed\u0165azn\u00e9 \u010d\u00edsla a v\u00fdsledky \u017erebovania\" \/>\n<meta property=\"og:description\" content=\"H\u013ead\u00e1te v\u00fdhern\u00e9 \u010d\u00edsla hry Powerball Australia? N\u00e1jdite v\u00fdsledky \u017erebovania austr\u00e1lskych lot\u00e9ri\u00ed na tejto str\u00e1nke\" \/>\n<meta property=\"og:url\" content=\"https:\/\/jackpotlotteryonline.com\/sk\/vyherne-cisla\/powerball-australia\/\" \/>\n<meta property=\"og:site_name\" content=\"Lotto Online - Crack The International Lottery Jackpots\" \/>\n<meta property=\"article:modified_time\" content=\"2022-12-30T14:26:03+00:00\" \/>\n<meta property=\"og:image\" content=\"https:\/\/jackpotlotteryonline.com\/wp-content\/uploads\/2022\/11\/logo_powerball-300x50-1.jpg\" \/>\n<meta name=\"twitter:card\" content=\"summary_large_image\" \/>\n<meta name=\"twitter:label1\" content=\"Predpokladan\u00fd \u010das \u010d\u00edtania\" \/>\n\t<meta name=\"twitter:data1\" content=\"4 min\u00faty\" \/>\n<!-- \/ Yoast SEO plugin. -->","yoast_head_json":{"title":"Powerball Austr\u00e1lia v\u00ed\u0165azn\u00e9 \u010d\u00edsla a v\u00fdsledky \u017erebovania","description":"H\u013ead\u00e1te v\u00fdhern\u00e9 \u010d\u00edsla hry Powerball Australia? N\u00e1jdite v\u00fdsledky \u017erebovania austr\u00e1lskych lot\u00e9ri\u00ed na tejto str\u00e1nke","robots":{"index":"index","follow":"follow","max-snippet":"max-snippet:-1","max-image-preview":"max-image-preview:large","max-video-preview":"max-video-preview:-1"},"canonical":"https:\/\/jackpotlotteryonline.com\/sk\/vyherne-cisla\/powerball-australia\/","og_locale":"sk_SK","og_type":"article","og_title":"Powerball Austr\u00e1lia v\u00ed\u0165azn\u00e9 \u010d\u00edsla a v\u00fdsledky \u017erebovania","og_description":"H\u013ead\u00e1te v\u00fdhern\u00e9 \u010d\u00edsla hry Powerball Australia? N\u00e1jdite v\u00fdsledky \u017erebovania austr\u00e1lskych lot\u00e9ri\u00ed na tejto str\u00e1nke","og_url":"https:\/\/jackpotlotteryonline.com\/sk\/vyherne-cisla\/powerball-australia\/","og_site_name":"Lotto Online - Crack The International Lottery Jackpots","article_modified_time":"2022-12-30T14:26:03+00:00","og_image":[{"url":"https:\/\/jackpotlotteryonline.com\/wp-content\/uploads\/2022\/11\/logo_powerball-300x50-1.jpg"}],"twitter_card":"summary_large_image","twitter_misc":{"Predpokladan\u00fd \u010das \u010d\u00edtania":"4 min\u00faty"},"schema":{"@context":"https:\/\/schema.org","@graph":[{"@type":"WebPage","@id":"https:\/\/jackpotlotteryonline.com\/sk\/vyherne-cisla\/powerball-australia\/","url":"https:\/\/jackpotlotteryonline.com\/sk\/vyherne-cisla\/powerball-australia\/","name":"Powerball Austr\u00e1lia v\u00ed\u0165azn\u00e9 \u010d\u00edsla a v\u00fdsledky \u017erebovania","isPartOf":{"@id":"https:\/\/jackpotlotteryonline.com\/#website"},"primaryImageOfPage":{"@id":"https:\/\/jackpotlotteryonline.com\/sk\/vyherne-cisla\/powerball-australia\/#primaryimage"},"image":{"@id":"https:\/\/jackpotlotteryonline.com\/sk\/vyherne-cisla\/powerball-australia\/#primaryimage"},"thumbnailUrl":"https:\/\/jackpotlotteryonline.com\/wp-content\/uploads\/2022\/11\/logo_powerball-300x50-1.jpg","datePublished":"2022-12-09T12:56:47+00:00","dateModified":"2022-12-30T14:26:03+00:00","description":"H\u013ead\u00e1te v\u00fdhern\u00e9 \u010d\u00edsla hry Powerball Australia? N\u00e1jdite v\u00fdsledky \u017erebovania austr\u00e1lskych lot\u00e9ri\u00ed na tejto str\u00e1nke","breadcrumb":{"@id":"https:\/\/jackpotlotteryonline.com\/sk\/vyherne-cisla\/powerball-australia\/#breadcrumb"},"inLanguage":"sk-SK","potentialAction":[{"@type":"ReadAction","target":["https:\/\/jackpotlotteryonline.com\/sk\/vyherne-cisla\/powerball-australia\/"]}]},{"@type":"ImageObject","inLanguage":"sk-SK","@id":"https:\/\/jackpotlotteryonline.com\/sk\/vyherne-cisla\/powerball-australia\/#primaryimage","url":"https:\/\/jackpotlotteryonline.com\/wp-content\/uploads\/2022\/11\/logo_powerball-300x50-1.jpg","contentUrl":"https:\/\/jackpotlotteryonline.com\/wp-content\/uploads\/2022\/11\/logo_powerball-300x50-1.jpg"},{"@type":"BreadcrumbList","@id":"https:\/\/jackpotlotteryonline.com\/sk\/vyherne-cisla\/powerball-australia\/#breadcrumb","itemListElement":[{"@type":"ListItem","position":1,"name":"Home","item":"https:\/\/jackpotlotteryonline.com\/sk\/"},{"@type":"ListItem","position":2,"name":"V\u00fdsledky lot\u00e9rie","item":"https:\/\/jackpotlotteryonline.com\/sk\/vyherne-cisla\/"},{"@type":"ListItem","position":3,"name":"V\u00fdsledky \u017erebovania Powerball Austr\u00e1lia"}]},{"@type":"WebSite","@id":"https:\/\/jackpotlotteryonline.com\/#website","url":"https:\/\/jackpotlotteryonline.com\/","name":"Lotto Online - Crack The International Lottery Jackpots","description":"","potentialAction":[{"@type":"SearchAction","target":{"@type":"EntryPoint","urlTemplate":"https:\/\/jackpotlotteryonline.com\/?s={search_term_string}"},"query-input":"required name=search_term_string"}],"inLanguage":"sk-SK"}]}},"_links":{"self":[{"href":"https:\/\/jackpotlotteryonline.com\/sk\/wp-json\/wp\/v2\/pages\/41490","targetHints":{"allow":["GET"]}}],"collection":[{"href":"https:\/\/jackpotlotteryonline.com\/sk\/wp-json\/wp\/v2\/pages"}],"about":[{"href":"https:\/\/jackpotlotteryonline.com\/sk\/wp-json\/wp\/v2\/types\/page"}],"author":[{"embeddable":true,"href":"https:\/\/jackpotlotteryonline.com\/sk\/wp-json\/wp\/v2\/users\/1"}],"replies":[{"embeddable":true,"href":"https:\/\/jackpotlotteryonline.com\/sk\/wp-json\/wp\/v2\/comments?post=41490"}],"version-history":[{"count":0,"href":"https:\/\/jackpotlotteryonline.com\/sk\/wp-json\/wp\/v2\/pages\/41490\/revisions"}],"up":[{"embeddable":true,"href":"https:\/\/jackpotlotteryonline.com\/sk\/wp-json\/wp\/v2\/pages\/35852"}],"wp:attachment":[{"href":"https:\/\/jackpotlotteryonline.com\/sk\/wp-json\/wp\/v2\/media?parent=41490"}],"curies":[{"name":"wp","href":"https:\/\/api.w.org\/{rel}","templated":true}]}}