{"id":41545,"date":"2022-12-09T14:58:15","date_gmt":"2022-12-09T14:58:15","guid":{"rendered":"https:\/\/jackpotlotteryonline.com\/?page_id=41545"},"modified":"2022-12-29T18:17:05","modified_gmt":"2022-12-29T18:17:05","slug":"lotto-america","status":"publish","type":"page","link":"https:\/\/jackpotlotteryonline.com\/sk\/vyherne-cisla\/lotto-america\/","title":{"rendered":"Lotto America \u010derpanie v\u00fdsledky"},"content":{"rendered":"<p>Lotto America je lot\u00e9riov\u00e1 hra v USA, ktor\u00e1 priniesla ve\u013ea milion\u00e1rov. Pravdepodobnos\u0165 v\u00fdhry v lot\u00e9rii je fantastick\u00e1, \u010do z nej rob\u00ed atrakt\u00edvnu hru pre fan\u00fa\u0161ikov lot\u00e9rie. Teraz si hr\u00e1\u010di na celom svete m\u00f4\u017eu <a href=\"https:\/\/jackpotlotteryonline.com\/sk\/kupit-vstupenky\/lotto-america\">k\u00fapi\u0165 tikety tejto americkej lot\u00e9rie online<\/a>. Nielen to, ale m\u00f4\u017eu si tie\u017e skontrolova\u0165 v\u00fdhern\u00e9 \u010d\u00edsla a zisti\u0165, \u010di v lot\u00e9rii vyhrali.<\/p>\n<p>L\u00edstky do najlep\u0161\u00edch medzin\u00e1rodn\u00fdch lot\u00e9ri\u00ed si m\u00f4\u017eete k\u00fapi\u0165 na str\u00e1nke jackpotlotteryonline.com a skontrolova\u0165 si tu aj v\u00fdhern\u00e9 \u010d\u00edsla. A ak v\u00e1s zauj\u00edma, ako sa k v\u00fdhram dostanete online, \u010d\u00edtajte \u010falej. Podel\u00edme sa s vami o v\u0161etky podrobnosti a r\u00fdchlo v\u00e1m bude jasn\u00e9, \u017ee hranie online je t\u00e1 spr\u00e1vna cesta.<\/p>\n<h2>Hranie Lotto America online<\/h2>\n<p><img loading=\"lazy\" decoding=\"async\" class=\"size-full wp-image-32081 alignright\" src=\"https:\/\/jackpotlotteryonline.com\/wp-content\/uploads\/2022\/11\/1_mega_lotto_win-213x300-1.jpg\" alt=\"Zahrajte si Lotto America online\" width=\"213\" height=\"300\" \/>Spomenuli sme, \u017ee <a href=\"https:\/\/jackpotlotteryonline.com\/sk\/ako-hrat\/lotto-america-2\">t\u00fato lot\u00e9riu m\u00f4\u017eete hra\u0165 online<\/a> a nez\u00e1le\u017e\u00ed na tom, kde \u017eijete. Zvy\u010dajne sa tikety pred\u00e1vaj\u00fa v USA, ale m\u00f4\u017eete si ich k\u00fapi\u0165 aj tu na str\u00e1nke jackpotlotteryonline.com.<\/p>\n<p>Existuj\u00fa aj in\u00e9 str\u00e1nky, ktor\u00e9 pred\u00e1vaj\u00fa tikety do tejto lot\u00e9rie, ale tie umo\u017e\u0148uj\u00fa hr\u00e1\u010dom len tipova\u0165 na v\u00fdsledok lot\u00e9rie. To znamen\u00e1, \u017ee k\u00fapou \u017erebu na tejto str\u00e1nke sa do lot\u00e9rie nedostanete. Tak\u017ee aj ke\u010f v\u00e1m padn\u00fa v\u0161etky vy\u017erebovan\u00e9 \u010d\u00edsla, jackpot nevyhr\u00e1te. V\u00fdber str\u00e1nky, ktor\u00fa pou\u017e\u00edvate, je teda ve\u013emi d\u00f4le\u017eit\u00fd.<\/p>\n<h2>Kroky k hraniu lot\u00e9rie online<\/h2>\n<p>Ke\u010f ste sa rozhodli pre str\u00e1nku, postupujte pod\u013ea nasleduj\u00facich krokov:<\/p>\n<ol>\n<li>Nav\u0161t\u00edvte str\u00e1nku, ktor\u00fa chcete pou\u017ei\u0165, a kliknite na Lotto America<\/li>\n<li>Vyberte si 5 \u010d\u00edsel z rozsahu 1 a\u017e 52 (ak si nie ste ist\u00ed, ak\u00e9 \u010d\u00edsla pou\u017ei\u0165, vysk\u00fa\u0161ajte automatick\u00fd gener\u00e1tor \u010d\u00edsel).<\/li>\n<li>Potom vyberte bonusov\u00e9 \u010d\u00edslo (Star Ball) od 1 do 10.<\/li>\n<li>K\u00fapte si \u010fal\u0161ie \u010d\u00edseln\u00e9 rady pre vy\u0161\u0161iu \u0161ancu na v\u00fdhru<\/li>\n<li>Zapojte sa do \u017erebovania (m\u00f4\u017eete sa zapoji\u0165 do viac ako jedn\u00e9ho \u017erebovania)<\/li>\n<li>Zaregistrujte sa a zapla\u0165te za svoje pr\u00edspevky.<\/li>\n<\/ol>\n<p>\u017diadame v\u00e1s, aby ste sa zaregistrovali z nieko\u013ek\u00fdch d\u00f4vodov. Po prv\u00e9, chceme zabezpe\u010di\u0165, aby bol v\u00e1\u0161 digit\u00e1lny tiket v bezpe\u010d\u00ed. Po druh\u00e9, v\u00e1\u0161 \u00fa\u010det pou\u017e\u00edvame na to, aby sme v\u00e1s kontaktovali v pr\u00edpade, \u017ee vyhr\u00e1te nejak\u00fa cenu. O tom budeme hovori\u0165 nesk\u00f4r.<\/p>\n<h2>Lotto America \u010derpanie dn\u00ed a jackpot<\/h2>\n<p>T\u00e1to americk\u00e1 lot\u00e9ria m\u00e1 tri t\u00fd\u017edenn\u00e9 \u017erebovania, a to v pondelok, stredu a sobotu. Po\u010das t\u00fdchto \u017erebovan\u00ed sa vyhlasuje v\u00fdhern\u00fd tiket. Ak chcete vyhra\u0165 jackpot, v\u00e1\u0161 tiket sa mus\u00ed zhodova\u0165 so \u0161iestimi vy\u017erebovan\u00fdmi \u010d\u00edslami.<\/p>\n<p>V\u00fdhry jackpotu Lotto America sa za\u010d\u00ednaj\u00fa na 2 mili\u00f3noch dol\u00e1rov a m\u00f4\u017eu sa preklopi\u0165, ak po \u017erebovan\u00ed nie je \u017eiadny v\u00ed\u0165az. Ke\u010f\u017ee sa po ka\u017edom \u017erebovan\u00ed (ak nie je v\u00fdherca) preklop\u00ed, m\u00f4\u017ee dosiahnu\u0165 a\u017e 18 mili\u00f3nov dol\u00e1rov. To je slu\u0161n\u00e1 suma na v\u00fdhru, v\u0161ak?<\/p>\n<p>V skuto\u010dnosti bol rekordn\u00fd jackpot v lot\u00e9rii Lotto America 23 mili\u00f3nov dol\u00e1rov a vyhrala ho rodina v roku 2018.<\/p>\n<section class=\"layout\" style=\"border: solid 1px; width: 100%;\">\n<div class=\"img-div\" style=\"margin-top: 5px;\"><img decoding=\"async\" class=\"wp-image-17212 alignleft\" style=\"height: 45px; margin: 8px 8px 0px;\" src=\"https:\/\/jackpotlotteryonline.com\/wp-content\/uploads\/2022\/11\/read1.jpg\" alt=\"pre\u010d\u00edtajte si\" width=\"\" height=\"\" \/><\/div>\n<div style=\"padding-left: 5px;\">\n<div style=\"font-size: 1.1em;\">\n<p><strong>Nekateri zmagovalci loterije so se vrnili v skupnost<\/strong><\/p>\n<p style=\"font-size: 0.85em; margin-top: -1.5em;\">Nekaj zanimivih in ganljivih zgodb o loterijskih zmagovalcih, ki se vra\u010dajo\u00a0 <a href=\"https:\/\/jackpotlotteryonline.com\/sl\/zgodbe-o-loterijskih-zmagovalcih-ki-dajejo-nazaj\"> \u010d\u00edtaj viac<\/a><\/p>\n<\/div>\n<\/div>\n<\/section>\n<h2>Kateg\u00f3rie v\u00fdhier<\/h2>\n<p>Jackpot je, samozrejme, hlavnou v\u00fdhrou lot\u00e9rie. T\u00e1to lot\u00e9ria m\u00e1 v\u0161ak 9 r\u00f4znych v\u00fdhern\u00fdch kateg\u00f3ri\u00ed, v\u010faka ktor\u00fdm maj\u00fa hr\u00e1\u010di mo\u017enos\u0165 vyhra\u0165 zauj\u00edmav\u00e9 ceny.<\/p>\n<p>Aj ke\u010f nevyhr\u00e1te jackpot, st\u00e1le m\u00f4\u017eete od\u00eds\u0165 domov s ve\u013ekou v\u00fdhrou v\u010faka zhode v\u00fdhern\u00fdch \u010d\u00edsel v in\u00fdch kateg\u00f3ri\u00e1ch. Tu je rozdelenie cien spolu s pravdepodobnos\u0165ou v\u00fdhry v jednotliv\u00fdch kateg\u00f3ri\u00e1ch.<\/p>\n<p>Div\u00edzia 1: 5 + Star Ball &#8211; 1 ku 25 989 600 &#8211; Jackpot<\/p>\n<p>Div\u00edzia 2: 5 &#8211; 1 ku 2 887 733 &#8211; 20 000 USD<\/p>\n<p>Div\u00edzia 3: 4 + Star Ball &#8211; 1 ku 110 594 &#8211; 1 000 USD<\/p>\n<p>Div\u00edzia 4: 4 &#8211; 1 z 12 288 &#8211; 100 USD<\/p>\n<p>Div\u00edzia 5: 3 + Star Ball &#8211; 1 z 2 404 &#8211; 20 USD<\/p>\n<p>Div\u00edzia 6: 3 &#8211; 1 z 267 &#8211; 5 USD<\/p>\n<p>Div\u00edzia 7: 2 + Star Ball &#8211; 1 zo 160 &#8211; 5 USD<\/p>\n<p>Div\u00edzia 8: 1 + Star Ball &#8211; 1 z 29 &#8211; 2 USD<\/p>\n<p>Div\u00edzia 9: 0 + Star Ball &#8211; 1 zo 17 &#8211; 2 USD<\/p>\n<h2>Ako skontrolova\u0165 vy\u017erebovan\u00e9 \u010d\u00edsla<\/h2>\n<p>Skontrolova\u0165, \u010di ste vyhrali niektor\u00fa z cien, je tak\u00e9 jednoduch\u00e9, ako sa po \u017erebovan\u00ed vr\u00e1ti\u0165 na t\u00fato str\u00e1nku. Po ka\u017edom \u017erebovan\u00ed uverej\u0148ujeme v\u00fdsledky \u017erebovania pre jednotliv\u00e9 v\u00fdhern\u00e9 kateg\u00f3rie. Tak\u017ee na\u0161u str\u00e1nku m\u00f4\u017eete pohodlne skontrolova\u0165 bez stresu.<\/p>\n<p>Navy\u0161e, ak ste si u n\u00e1s zak\u00fapili tiket, potom ste sa u n\u00e1s aj zaregistrovali. To znamen\u00e1, \u017ee ak vyhr\u00e1te cenu, m\u00f4\u017eeme v\u00e1s na to upozorni\u0165 prostredn\u00edctvom v\u00e1\u0161ho \u00fa\u010dtu a tie\u017e e-mailom.<\/p>\n<p>Ke\u010f si u n\u00e1s k\u00fapite svoj \u017ereb, nikdy v\u00e1m \u017eiadna v\u00fdhra neunikne.<\/p>\n<h2>V\u00fdplata v\u00fdhry<\/h2>\n<p><img loading=\"lazy\" decoding=\"async\" class=\"alignright size-full wp-image-31532\" src=\"https:\/\/jackpotlotteryonline.com\/wp-content\/uploads\/2022\/11\/lottoballs.jpg\" alt=\"V\u00ed\u0165azn\u00e9 \u010d\u00edsla Lotto America\" width=\"245\" height=\"123\" \/>Jednou z ot\u00e1zok, ktor\u00fa \u010dasto po\u010d\u00favame od tipuj\u00facich, je, ako sa dosta\u0165 k svojej v\u00fdhre, ke\u010f vst\u00fapia do lot\u00e9rie Lotto America online. Ak si k\u00fapite \u017ereby cez na\u0161u str\u00e1nku, pon\u00fakame jednoduch\u00fd a bezprobl\u00e9mov\u00fd sp\u00f4sob, ako si vyzdvihn\u00fa\u0165 svoje v\u00fdhry.<\/p>\n<p>V\u00fdhry vo v\u00fd\u0161ke 2500 \u20ac v\u00e1m bud\u00fa prip\u00edsan\u00e9 na \u00fa\u010det a potom si ich m\u00f4\u017eete bez \u010fal\u0161\u00edch n\u00e1kladov vybra\u0165. Zatia\u013e \u010do v\u00e4\u010d\u0161ie v\u00fdhry si vy\u017eaduj\u00fa trochu in\u00fd postup. V pr\u00edpade v\u00e4\u010d\u0161\u00edch v\u00fdhier by ste si museli v\u00fdhru vy\u017eiada\u0165 od lot\u00e9riovej spolo\u010dnosti. My v\u00e1m v\u0161ak poskytneme formul\u00e1r \u017eiadosti, ktor\u00fd vypln\u00edte, a ke\u010f tak urob\u00edte, \u017eiados\u0165 spracujeme za v\u00e1s.<\/p>\n<p>D\u00f4vodom je, \u017ee sa budete musie\u0165 identifikova\u0165. Takisto niektor\u00e9 lot\u00e9riov\u00e9 spolo\u010dnosti m\u00f4\u017eu vy\u017eadova\u0165, aby ste sa dostavili osobne na vyzdvihnutie v\u00e4\u010d\u0161\u00edch s\u00fam. Ak sa tak stane, okam\u017eite v\u00e1s budeme informova\u0165.<\/p>\n<h2>K\u00fapi\u0165 Lotto America vstupenky na jackpotlotteryonline.com<\/h2>\n<p>Existuje mnoho d\u00f4vodov, pre\u010do by ste si mali k\u00fapi\u0165 l\u00edstky Lotto America u n\u00e1s. Po prv\u00e9, sme port\u00e1l s recepciou. To znamen\u00e1, \u017ee sa m\u00f4\u017eete pohodlne usadi\u0165 a relaxova\u0165, zatia\u013e \u010do my za v\u00e1s vybav\u00edme tie najjemnej\u0161ie detaily. Pom\u00f4\u017eeme v\u00e1m teda z\u00edska\u0165 pr\u00edstup k najlep\u0161\u00edm medzin\u00e1rodn\u00fdm lot\u00e9ri\u00e1m, ako je Lotto America.<\/p>\n<p>T\u00fdm v\u0161ak nekon\u010d\u00edme. Poskytujeme aj syst\u00e9m, ktor\u00fd v\u00e1m pom\u00f4\u017ee spravova\u0165 va\u0161e lot\u00e9riov\u00e9 hry. M\u00f4\u017eete doslova, vst\u00fapi\u0165 do viacer\u00fdch lot\u00e9ri\u00ed a \u017erebovan\u00ed priamo z na\u0161ej str\u00e1nky. Nemus\u00edte chodi\u0165 nikam inam. Taktie\u017e v\u00e1m poskytujeme pohodln\u00fd sp\u00f4sob, ako skontrolova\u0165 v\u00fdsledky lot\u00e9rie Lotto America, a to na jednom mieste.<\/p>\n<p>A nakoniec, m\u00f4\u017eete si jednoducho skontrolova\u0165 v\u00fdhern\u00e9 \u010d\u00edsla a vybra\u0165 si v\u00fdhry z na\u0161ej platformy priamo na svoj \u00fa\u010det. Ka\u017ed\u00fd de\u0148 usilovne pracujeme na tom, aby sme pre v\u00e1s zdokonalili bezprobl\u00e9mov\u00fd syst\u00e9m. Zbav\u00edme v\u00e1s stresu, aby ste sa mohli s\u00fastredi\u0165 na z\u00e1bavu. Zaregistrujte sa u n\u00e1s a hrajte lot\u00e9riu e\u0161te dnes.<\/p>\n","protected":false},"excerpt":{"rendered":"<p>Lotto America je lot\u00e9riov\u00e1 hra v USA, ktor\u00e1 priniesla ve\u013ea milion\u00e1rov. Pravdepodobnos\u0165 v\u00fdhry v lot\u00e9rii je fantastick\u00e1, \u010do z nej rob\u00ed atrakt\u00edvnu hru pre fan\u00fa\u0161ikov lot\u00e9rie. Teraz si hr\u00e1\u010di na celom svete m\u00f4\u017eu k\u00fapi\u0165 tikety tejto americkej lot\u00e9rie online. Nielen to, ale m\u00f4\u017eu si tie\u017e skontrolova\u0165 v\u00fdhern\u00e9 \u010d\u00edsla a zisti\u0165, \u010di v lot\u00e9rii vyhrali. L\u00edstky [&hellip;]<\/p>\n","protected":false},"author":1,"featured_media":0,"parent":35852,"menu_order":13,"comment_status":"closed","ping_status":"closed","template":"lotto-america-results.php","meta":{"_et_pb_use_builder":"","_et_pb_old_content":"","_et_gb_content_width":"","exclude_from_search":false,"footnotes":""},"class_list":["post-41545","page","type-page","status-publish","hentry"],"yoast_head":"<!-- This site is optimized with the Yoast SEO plugin v23.3 - https:\/\/yoast.com\/wordpress\/plugins\/seo\/ -->\n<title>V\u00ed\u0165azn\u00e9 \u010d\u00edsla a v\u00fdsledky \u017erebovania Lotto America<\/title>\n<meta name=\"description\" content=\"H\u013ead\u00e1te v\u00fdhern\u00e9 \u010d\u00edsla programu Lotto America? V\u00fdsledky \u017erebovania v\u0161etk\u00fdch ve\u013ek\u00fdch americk\u00fdch lot\u00e9ri\u00ed n\u00e1jdete na na\u0161ej webovej str\u00e1nke!\" \/>\n<meta name=\"robots\" content=\"index, follow, max-snippet:-1, max-image-preview:large, max-video-preview:-1\" \/>\n<link rel=\"canonical\" href=\"https:\/\/jackpotlotteryonline.com\/sk\/vyherne-cisla\/lotto-america\/\" \/>\n<meta property=\"og:locale\" content=\"sk_SK\" \/>\n<meta property=\"og:type\" content=\"article\" \/>\n<meta property=\"og:title\" content=\"V\u00ed\u0165azn\u00e9 \u010d\u00edsla a v\u00fdsledky \u017erebovania Lotto America\" \/>\n<meta property=\"og:description\" content=\"H\u013ead\u00e1te v\u00fdhern\u00e9 \u010d\u00edsla programu Lotto America? V\u00fdsledky \u017erebovania v\u0161etk\u00fdch ve\u013ek\u00fdch americk\u00fdch lot\u00e9ri\u00ed n\u00e1jdete na na\u0161ej webovej str\u00e1nke!\" \/>\n<meta property=\"og:url\" content=\"https:\/\/jackpotlotteryonline.com\/sk\/vyherne-cisla\/lotto-america\/\" \/>\n<meta property=\"og:site_name\" content=\"Lotto Online - Crack The International Lottery Jackpots\" \/>\n<meta property=\"article:modified_time\" content=\"2022-12-29T18:17:05+00:00\" \/>\n<meta property=\"og:image\" content=\"https:\/\/jackpotlotteryonline.com\/wp-content\/uploads\/2022\/11\/1_mega_lotto_win-213x300-1.jpg\" \/>\n<meta name=\"twitter:card\" content=\"summary_large_image\" \/>\n<meta name=\"twitter:label1\" content=\"Predpokladan\u00fd \u010das \u010d\u00edtania\" \/>\n\t<meta name=\"twitter:data1\" content=\"5 min\u00fat\" \/>\n<!-- \/ Yoast SEO plugin. -->","yoast_head_json":{"title":"V\u00ed\u0165azn\u00e9 \u010d\u00edsla a v\u00fdsledky \u017erebovania Lotto America","description":"H\u013ead\u00e1te v\u00fdhern\u00e9 \u010d\u00edsla programu Lotto America? V\u00fdsledky \u017erebovania v\u0161etk\u00fdch ve\u013ek\u00fdch americk\u00fdch lot\u00e9ri\u00ed n\u00e1jdete na na\u0161ej webovej str\u00e1nke!","robots":{"index":"index","follow":"follow","max-snippet":"max-snippet:-1","max-image-preview":"max-image-preview:large","max-video-preview":"max-video-preview:-1"},"canonical":"https:\/\/jackpotlotteryonline.com\/sk\/vyherne-cisla\/lotto-america\/","og_locale":"sk_SK","og_type":"article","og_title":"V\u00ed\u0165azn\u00e9 \u010d\u00edsla a v\u00fdsledky \u017erebovania Lotto America","og_description":"H\u013ead\u00e1te v\u00fdhern\u00e9 \u010d\u00edsla programu Lotto America? V\u00fdsledky \u017erebovania v\u0161etk\u00fdch ve\u013ek\u00fdch americk\u00fdch lot\u00e9ri\u00ed n\u00e1jdete na na\u0161ej webovej str\u00e1nke!","og_url":"https:\/\/jackpotlotteryonline.com\/sk\/vyherne-cisla\/lotto-america\/","og_site_name":"Lotto Online - Crack The International Lottery Jackpots","article_modified_time":"2022-12-29T18:17:05+00:00","og_image":[{"url":"https:\/\/jackpotlotteryonline.com\/wp-content\/uploads\/2022\/11\/1_mega_lotto_win-213x300-1.jpg"}],"twitter_card":"summary_large_image","twitter_misc":{"Predpokladan\u00fd \u010das \u010d\u00edtania":"5 min\u00fat"},"schema":{"@context":"https:\/\/schema.org","@graph":[{"@type":"WebPage","@id":"https:\/\/jackpotlotteryonline.com\/sk\/vyherne-cisla\/lotto-america\/","url":"https:\/\/jackpotlotteryonline.com\/sk\/vyherne-cisla\/lotto-america\/","name":"V\u00ed\u0165azn\u00e9 \u010d\u00edsla a v\u00fdsledky \u017erebovania Lotto America","isPartOf":{"@id":"https:\/\/jackpotlotteryonline.com\/#website"},"primaryImageOfPage":{"@id":"https:\/\/jackpotlotteryonline.com\/sk\/vyherne-cisla\/lotto-america\/#primaryimage"},"image":{"@id":"https:\/\/jackpotlotteryonline.com\/sk\/vyherne-cisla\/lotto-america\/#primaryimage"},"thumbnailUrl":"https:\/\/jackpotlotteryonline.com\/wp-content\/uploads\/2022\/11\/1_mega_lotto_win-213x300-1.jpg","datePublished":"2022-12-09T14:58:15+00:00","dateModified":"2022-12-29T18:17:05+00:00","description":"H\u013ead\u00e1te v\u00fdhern\u00e9 \u010d\u00edsla programu Lotto America? V\u00fdsledky \u017erebovania v\u0161etk\u00fdch ve\u013ek\u00fdch americk\u00fdch lot\u00e9ri\u00ed n\u00e1jdete na na\u0161ej webovej str\u00e1nke!","breadcrumb":{"@id":"https:\/\/jackpotlotteryonline.com\/sk\/vyherne-cisla\/lotto-america\/#breadcrumb"},"inLanguage":"sk-SK","potentialAction":[{"@type":"ReadAction","target":["https:\/\/jackpotlotteryonline.com\/sk\/vyherne-cisla\/lotto-america\/"]}]},{"@type":"ImageObject","inLanguage":"sk-SK","@id":"https:\/\/jackpotlotteryonline.com\/sk\/vyherne-cisla\/lotto-america\/#primaryimage","url":"https:\/\/jackpotlotteryonline.com\/wp-content\/uploads\/2022\/11\/1_mega_lotto_win-213x300-1.jpg","contentUrl":"https:\/\/jackpotlotteryonline.com\/wp-content\/uploads\/2022\/11\/1_mega_lotto_win-213x300-1.jpg"},{"@type":"BreadcrumbList","@id":"https:\/\/jackpotlotteryonline.com\/sk\/vyherne-cisla\/lotto-america\/#breadcrumb","itemListElement":[{"@type":"ListItem","position":1,"name":"Home","item":"https:\/\/jackpotlotteryonline.com\/sk\/"},{"@type":"ListItem","position":2,"name":"V\u00fdsledky lot\u00e9rie","item":"https:\/\/jackpotlotteryonline.com\/sk\/vyherne-cisla\/"},{"@type":"ListItem","position":3,"name":"Lotto America \u010derpanie v\u00fdsledky"}]},{"@type":"WebSite","@id":"https:\/\/jackpotlotteryonline.com\/#website","url":"https:\/\/jackpotlotteryonline.com\/","name":"Lotto Online - Crack The International Lottery Jackpots","description":"","potentialAction":[{"@type":"SearchAction","target":{"@type":"EntryPoint","urlTemplate":"https:\/\/jackpotlotteryonline.com\/?s={search_term_string}"},"query-input":"required name=search_term_string"}],"inLanguage":"sk-SK"}]}},"_links":{"self":[{"href":"https:\/\/jackpotlotteryonline.com\/sk\/wp-json\/wp\/v2\/pages\/41545","targetHints":{"allow":["GET"]}}],"collection":[{"href":"https:\/\/jackpotlotteryonline.com\/sk\/wp-json\/wp\/v2\/pages"}],"about":[{"href":"https:\/\/jackpotlotteryonline.com\/sk\/wp-json\/wp\/v2\/types\/page"}],"author":[{"embeddable":true,"href":"https:\/\/jackpotlotteryonline.com\/sk\/wp-json\/wp\/v2\/users\/1"}],"replies":[{"embeddable":true,"href":"https:\/\/jackpotlotteryonline.com\/sk\/wp-json\/wp\/v2\/comments?post=41545"}],"version-history":[{"count":0,"href":"https:\/\/jackpotlotteryonline.com\/sk\/wp-json\/wp\/v2\/pages\/41545\/revisions"}],"up":[{"embeddable":true,"href":"https:\/\/jackpotlotteryonline.com\/sk\/wp-json\/wp\/v2\/pages\/35852"}],"wp:attachment":[{"href":"https:\/\/jackpotlotteryonline.com\/sk\/wp-json\/wp\/v2\/media?parent=41545"}],"curies":[{"name":"wp","href":"https:\/\/api.w.org\/{rel}","templated":true}]}}