{"id":72973,"date":"2025-02-02T17:41:47","date_gmt":"2025-02-02T17:41:47","guid":{"rendered":"https:\/\/jackpotlotteryonline.com\/?page_id=72973"},"modified":"2025-02-02T17:41:47","modified_gmt":"2025-02-02T17:41:47","slug":"zasady-ochrany-osobnych-udajov","status":"publish","type":"page","link":"https:\/\/jackpotlotteryonline.com\/sk\/zasady-ochrany-osobnych-udajov\/","title":{"rendered":"Z\u00e1sady ochrany osobn\u00fdch \u00fadajov"},"content":{"rendered":"<p>Tieto z\u00e1sady ochrany osobn\u00fdch \u00fadajov sa vz\u0165ahuj\u00fa na webov\u00fa str\u00e1nku Playlottoonline (\u010falej len &#8220;Z\u00e1sady&#8221;) a s\u00fa spravovan\u00e9 spolo\u010dnos\u0165ou LLL World Marketing Limited so s\u00eddlom na adrese: Peiraios 30, 1. poschodie, kancel\u00e1ria 1, 2023 Strovolos, Nik\u00f3zia, Cyprus. Pou\u017e\u00edvan\u00edm webovej str\u00e1nky s\u00fahlas\u00edte s t\u00fdmito Z\u00e1sadami ochrany osobn\u00fdch \u00fadajov a s podmienkami pou\u017e\u00edvania, ktor\u00e9 s\u00fa s nimi spojen\u00e9.<\/p>\n<h3><strong>Ak\u00e9 \u00fadaje zbierame?<\/strong><\/h3>\n<h4><strong>\u00dadaje poskytnut\u00e9 vami<\/strong><\/h4>\n<p>Pri registr\u00e1cii na str\u00e1nke sa po\u017eaduje zada\u0165 e-mailov\u00fa adresu, ktor\u00e1 sl\u00fa\u017ei na jedine\u010dn\u00fa identifik\u00e1ciu v\u00e1\u0161ho \u00fa\u010dtu a na jeho aktiv\u00e1ciu, ak je to potrebn\u00e9. E-mailov\u00e1 adresa sa tie\u017e pou\u017e\u00edva na obnovenie hesla.<\/p>\n<p>E-mailov\u00e1 adresa a telef\u00f3nne \u010d\u00edslo m\u00f4\u017eu by\u0165 pou\u017eit\u00e9 na zasielanie ozn\u00e1men\u00ed t\u00fdkaj\u00facich sa fungovania webovej str\u00e1nky (napr\u00edklad pr\u00e1vne upozornenia), inform\u00e1ci\u00ed o aktualiz\u00e1ci\u00e1ch str\u00e1nky, pon\u00fakan\u00fdch produktoch a slu\u017eb\u00e1ch, ako aj na marketingov\u00e9 \u00fa\u010dely (vr\u00e1tane tret\u00edch str\u00e1n, \u010falej len &#8220;Ozn\u00e1menia&#8221;). M\u00f4\u017eete sa odhl\u00e1si\u0165 od prij\u00edmania marketingov\u00fdch Ozn\u00e1men\u00ed kedyko\u013evek, kliknut\u00edm na odkaz na odhl\u00e1senie v e-mailoch alebo kontaktovan\u00edm n\u00e1s prostredn\u00edctvom e-mailu, telef\u00f3nu alebo kontaktn\u00e9ho formul\u00e1ra.<\/p>\n<p>Po registr\u00e1cii m\u00f4\u017eete doplni\u0165 svoj profil o meno, priezvisko, adresu, d\u00e1tum narodenia, telef\u00f3nne \u010d\u00edslo a \u010dasov\u00e9 p\u00e1smo. Tieto \u00fadaje sa pou\u017e\u00edvaj\u00fa na spracovanie platieb, vkladov a v\u00fdberov, personaliz\u00e1ciu str\u00e1nky (vr\u00e1tane Ozn\u00e1men\u00ed) a na spracovanie v\u00fdhier presahuj\u00facich 2500 USD, ako je pop\u00edsan\u00e9 v bode 3.5 podmienok pou\u017e\u00edvania.<\/p>\n<p>Okrem toho m\u00f4\u017eeme uchov\u00e1va\u0165 inform\u00e1cie, ktor\u00e9 poskytujete dobrovo\u013ene prostredn\u00edctvom kontaktn\u00e9ho formul\u00e1ra, telefonick\u00fdch hovorov, e-mailov, komunik\u00e1cie na soci\u00e1lnych sie\u0165ach ako Facebook, Twitter alebo in\u00fdmi sp\u00f4sobmi. Tieto inform\u00e1cie m\u00f4\u017eu zah\u0155\u0148a\u0165 meno, e-mailov\u00fa adresu, telef\u00f3nne \u010d\u00edslo a fyzick\u00fa adresu. Meno a e-mailov\u00e1 adresa s\u00fa povinn\u00e9 na odpove\u010f na kontaktn\u00fd formul\u00e1r.<\/p>\n<h4><strong>\u00dadaje zbieran\u00e9 automaticky<\/strong><\/h4>\n<p>Pri pou\u017e\u00edvan\u00ed webovej str\u00e1nky automaticky zbierame ur\u010dit\u00e9 inform\u00e1cie na zabezpe\u010denie z\u00e1kladn\u00fdch funkci\u00ed, personaliz\u00e1ciu str\u00e1nky (vr\u00e1tane Ozn\u00e1men\u00ed), monitorovanie n\u00e1v\u0161tevnosti a zabezpe\u010denie. Tieto inform\u00e1cie zah\u0155\u0148aj\u00fa:<\/p>\n<ul>\n<li>IP adresa;<\/li>\n<li>HTTP hlavi\u010dky odosielan\u00e9 prehliada\u010dom (napr\u00edklad &#8220;User-Agent&#8221;, &#8220;Accept-Language&#8221;, &#8220;Referer&#8221;), ktor\u00e9 obsahuj\u00fa inform\u00e1cie o type a verzii prehliada\u010da, jazyku, type a verzii opera\u010dn\u00e9ho syst\u00e9mu a URL str\u00e1nku, z ktorej bol po\u017eiadavok odoslan\u00fd;<\/li>\n<li>\u010cas syst\u00e9mu;<\/li>\n<li>HTTP po\u017eiadavky;<\/li>\n<li>Cookies ulo\u017een\u00e9 na dom\u00e9ne playlottoonline.org alebo jeho subdom\u00e9nach.<\/li>\n<\/ul>\n<p>Va\u0161a IP adresa m\u00f4\u017ee by\u0165 pou\u017eit\u00e1 na ur\u010denie va\u0161ej skuto\u010dnej polohy, \u010do n\u00e1m pom\u00e1ha zlep\u0161i\u0165 kvalitu na\u0161ich slu\u017eieb a personalizova\u0165 str\u00e1nku (vr\u00e1tane Ozn\u00e1men\u00ed).<\/p>\n<p>Okrem toho str\u00e1nka pou\u017e\u00edva cache v prehliada\u010di na ur\u00fdchlenie na\u010d\u00edtania a zlep\u0161enie pou\u017e\u00edvate\u013esk\u00e9ho z\u00e1\u017eitku, uchov\u00e1van\u00edm \u00fadajov medzi rel\u00e1ciami, aj po re\u0161tartovan\u00ed prehliada\u010da.<\/p>\n<h4><strong>Slu\u017eby tret\u00edch str\u00e1n<\/strong><\/h4>\n<h5><strong>Analytika, reklama a bezpe\u010dnos\u0165<\/strong><\/h5>\n<p>Na zabezpe\u010denie str\u00e1nky a zbieranie a anal\u00fdzu \u00fadajov o jej v\u00fdkonnosti pou\u017e\u00edvame slu\u017eby tret\u00edch str\u00e1n, vr\u00e1tane:<\/p>\n<ul>\n<li><strong>Google Analytics<\/strong> \u2013 na sledovanie n\u00e1v\u0161tevnosti na str\u00e1nke a anal\u00fdzu jej v\u00fdkonnosti;<\/li>\n<li><strong>Google reCAPTCHA<\/strong> \u2013 na zv\u00fd\u0161enie bezpe\u010dnosti a ochranu pred automatick\u00fdmi \u00fatokmi;<\/li>\n<li><strong>Facebook Pixel<\/strong> \u2013 na sledovanie n\u00e1v\u0161tevnosti a optimaliz\u00e1ciu reklamn\u00fdch kampan\u00ed.<\/li>\n<\/ul>\n<p>Tieto slu\u017eby zbieraj\u00fa a pou\u017e\u00edvaj\u00fa \u00fadaje v s\u00falade so svojimi vlastn\u00fdmi z\u00e1sadami ochrany osobn\u00fdch \u00fadajov. Ak chcete z\u00edska\u0165 viac inform\u00e1ci\u00ed o tom, ako Google zbiera a spracov\u00e1va \u00fadaje, nav\u0161t\u00edvte <strong>Z\u00e1sady ochrany osobn\u00fdch \u00fadajov Google<\/strong>. Podrobnosti o \u00fadajoch, ktor\u00e9 zbiera Facebook, n\u00e1jdete v <strong>Z\u00e1sad\u00e1ch ochrany osobn\u00fdch \u00fadajov Facebooku<\/strong>.<\/p>\n","protected":false},"excerpt":{"rendered":"<p>Tieto z\u00e1sady ochrany osobn\u00fdch \u00fadajov sa vz\u0165ahuj\u00fa na webov\u00fa str\u00e1nku Playlottoonline (\u010falej len &#8220;Z\u00e1sady&#8221;) a s\u00fa spravovan\u00e9 spolo\u010dnos\u0165ou LLL World Marketing Limited so s\u00eddlom na adrese: Peiraios 30, 1. poschodie, kancel\u00e1ria 1, 2023 Strovolos, Nik\u00f3zia, Cyprus. Pou\u017e\u00edvan\u00edm webovej str\u00e1nky s\u00fahlas\u00edte s t\u00fdmito Z\u00e1sadami ochrany osobn\u00fdch \u00fadajov a s podmienkami pou\u017e\u00edvania, ktor\u00e9 s\u00fa s nimi spojen\u00e9. [&hellip;]<\/p>\n","protected":false},"author":7,"featured_media":0,"parent":0,"menu_order":0,"comment_status":"closed","ping_status":"closed","template":"","meta":{"_et_pb_use_builder":"","_et_pb_old_content":"","_et_gb_content_width":"","exclude_from_search":false,"footnotes":""},"class_list":["post-72973","page","type-page","status-publish","hentry"],"yoast_head":"<!-- This site is optimized with the Yoast SEO plugin v23.3 - https:\/\/yoast.com\/wordpress\/plugins\/seo\/ -->\n<title>Z\u00e1sady ochrany osobn\u00fdch \u00fadajov - Lotto Online - Crack The International Lottery Jackpots<\/title>\n<meta name=\"robots\" content=\"index, follow, max-snippet:-1, max-image-preview:large, max-video-preview:-1\" \/>\n<link rel=\"canonical\" href=\"https:\/\/jackpotlotteryonline.com\/privacy-policy-2\/\" \/>\n<meta property=\"og:locale\" content=\"sk_SK\" \/>\n<meta property=\"og:type\" content=\"article\" \/>\n<meta property=\"og:title\" content=\"Z\u00e1sady ochrany osobn\u00fdch \u00fadajov - Lotto Online - Crack The International Lottery Jackpots\" \/>\n<meta property=\"og:description\" content=\"Tieto z\u00e1sady ochrany osobn\u00fdch \u00fadajov sa vz\u0165ahuj\u00fa na webov\u00fa str\u00e1nku Playlottoonline (\u010falej len &#8220;Z\u00e1sady&#8221;) a s\u00fa spravovan\u00e9 spolo\u010dnos\u0165ou LLL World Marketing Limited so s\u00eddlom na adrese: Peiraios 30, 1. poschodie, kancel\u00e1ria 1, 2023 Strovolos, Nik\u00f3zia, Cyprus. Pou\u017e\u00edvan\u00edm webovej str\u00e1nky s\u00fahlas\u00edte s t\u00fdmito Z\u00e1sadami ochrany osobn\u00fdch \u00fadajov a s podmienkami pou\u017e\u00edvania, ktor\u00e9 s\u00fa s nimi spojen\u00e9. [&hellip;]\" \/>\n<meta property=\"og:url\" content=\"https:\/\/jackpotlotteryonline.com\/privacy-policy-2\/\" \/>\n<meta property=\"og:site_name\" content=\"Lotto Online - Crack The International Lottery Jackpots\" \/>\n<meta name=\"twitter:card\" content=\"summary_large_image\" \/>\n<meta name=\"twitter:label1\" content=\"Predpokladan\u00fd \u010das \u010d\u00edtania\" \/>\n\t<meta name=\"twitter:data1\" content=\"3 min\u00faty\" \/>\n<!-- \/ Yoast SEO plugin. -->","yoast_head_json":{"title":"Z\u00e1sady ochrany osobn\u00fdch \u00fadajov - Lotto Online - Crack The International Lottery Jackpots","robots":{"index":"index","follow":"follow","max-snippet":"max-snippet:-1","max-image-preview":"max-image-preview:large","max-video-preview":"max-video-preview:-1"},"canonical":"https:\/\/jackpotlotteryonline.com\/privacy-policy-2\/","og_locale":"sk_SK","og_type":"article","og_title":"Z\u00e1sady ochrany osobn\u00fdch \u00fadajov - Lotto Online - Crack The International Lottery Jackpots","og_description":"Tieto z\u00e1sady ochrany osobn\u00fdch \u00fadajov sa vz\u0165ahuj\u00fa na webov\u00fa str\u00e1nku Playlottoonline (\u010falej len &#8220;Z\u00e1sady&#8221;) a s\u00fa spravovan\u00e9 spolo\u010dnos\u0165ou LLL World Marketing Limited so s\u00eddlom na adrese: Peiraios 30, 1. poschodie, kancel\u00e1ria 1, 2023 Strovolos, Nik\u00f3zia, Cyprus. Pou\u017e\u00edvan\u00edm webovej str\u00e1nky s\u00fahlas\u00edte s t\u00fdmito Z\u00e1sadami ochrany osobn\u00fdch \u00fadajov a s podmienkami pou\u017e\u00edvania, ktor\u00e9 s\u00fa s nimi spojen\u00e9. [&hellip;]","og_url":"https:\/\/jackpotlotteryonline.com\/privacy-policy-2\/","og_site_name":"Lotto Online - Crack The International Lottery Jackpots","twitter_card":"summary_large_image","twitter_misc":{"Predpokladan\u00fd \u010das \u010d\u00edtania":"3 min\u00faty"},"schema":{"@context":"https:\/\/schema.org","@graph":[{"@type":"WebPage","@id":"https:\/\/jackpotlotteryonline.com\/privacy-policy-2\/","url":"https:\/\/jackpotlotteryonline.com\/privacy-policy-2\/","name":"Z\u00e1sady ochrany osobn\u00fdch \u00fadajov - Lotto Online - Crack The International Lottery Jackpots","isPartOf":{"@id":"https:\/\/jackpotlotteryonline.com\/#website"},"datePublished":"2025-02-02T17:41:47+00:00","dateModified":"2025-02-02T17:41:47+00:00","breadcrumb":{"@id":"https:\/\/jackpotlotteryonline.com\/privacy-policy-2\/#breadcrumb"},"inLanguage":"sk-SK","potentialAction":[{"@type":"ReadAction","target":["https:\/\/jackpotlotteryonline.com\/privacy-policy-2\/"]}]},{"@type":"BreadcrumbList","@id":"https:\/\/jackpotlotteryonline.com\/privacy-policy-2\/#breadcrumb","itemListElement":[{"@type":"ListItem","position":1,"name":"Home","item":"https:\/\/jackpotlotteryonline.com\/sk\/"},{"@type":"ListItem","position":2,"name":"Z\u00e1sady ochrany osobn\u00fdch \u00fadajov"}]},{"@type":"WebSite","@id":"https:\/\/jackpotlotteryonline.com\/#website","url":"https:\/\/jackpotlotteryonline.com\/","name":"Lotto Online - Crack The International Lottery Jackpots","description":"","potentialAction":[{"@type":"SearchAction","target":{"@type":"EntryPoint","urlTemplate":"https:\/\/jackpotlotteryonline.com\/?s={search_term_string}"},"query-input":"required name=search_term_string"}],"inLanguage":"sk-SK"}]}},"_links":{"self":[{"href":"https:\/\/jackpotlotteryonline.com\/sk\/wp-json\/wp\/v2\/pages\/72973","targetHints":{"allow":["GET"]}}],"collection":[{"href":"https:\/\/jackpotlotteryonline.com\/sk\/wp-json\/wp\/v2\/pages"}],"about":[{"href":"https:\/\/jackpotlotteryonline.com\/sk\/wp-json\/wp\/v2\/types\/page"}],"author":[{"embeddable":true,"href":"https:\/\/jackpotlotteryonline.com\/sk\/wp-json\/wp\/v2\/users\/7"}],"replies":[{"embeddable":true,"href":"https:\/\/jackpotlotteryonline.com\/sk\/wp-json\/wp\/v2\/comments?post=72973"}],"version-history":[{"count":0,"href":"https:\/\/jackpotlotteryonline.com\/sk\/wp-json\/wp\/v2\/pages\/72973\/revisions"}],"wp:attachment":[{"href":"https:\/\/jackpotlotteryonline.com\/sk\/wp-json\/wp\/v2\/media?parent=72973"}],"curies":[{"name":"wp","href":"https:\/\/api.w.org\/{rel}","templated":true}]}}