{"id":73036,"date":"2025-02-02T18:37:00","date_gmt":"2025-02-02T18:37:00","guid":{"rendered":"https:\/\/jackpotlotteryonline.com\/?page_id=73036"},"modified":"2025-02-02T18:37:00","modified_gmt":"2025-02-02T18:37:00","slug":"podmienky-a-pravidla","status":"publish","type":"page","link":"https:\/\/jackpotlotteryonline.com\/sk\/podmienky-a-pravidla\/","title":{"rendered":"Podmienky a pravidl\u00e1"},"content":{"rendered":"<p>Podmienky pou\u017e\u00edvania Jackpot Lottery Online (\u010falej len \u201ePodmienky pou\u017e\u00edvania\u201c) sa vz\u0165ahuj\u00fa na webov\u00fa str\u00e1nku jackpotlotteryonline.com (\u010falej len \u201ewebov\u00e1 str\u00e1nka\u201c), ktor\u00fa prev\u00e1dzkuje LLL World Marketing Limited, Peiraios 30, 1st floor, office 1, 2023 Strovolos, Nicosia &#8211; Cyprus.<\/p>\n<p>Zobrazen\u00edm, prehliadan\u00edm alebo ak\u00fdmko\u013evek sp\u00f4sobom pou\u017e\u00edvan\u00edm webovej str\u00e1nky jackpotlotteryonline.com sa hr\u00e1\u010d podria\u010fuje t\u00fdmto Podmienkam pou\u017e\u00edvania, ako aj na\u0161im Z\u00e1sad\u00e1m ochrany osobn\u00fdch \u00fadajov. V pr\u00edpade, \u017ee Hr\u00e1\u010d nes\u00fahlas\u00ed ani s jedn\u00fdm z nich, \u017eiadame Hr\u00e1\u010da, aby prestal pou\u017e\u00edva\u0165 jackpotlotteryonline.com.<\/p>\n<p>V pr\u00edpade ak\u00fdchko\u013evek ot\u00e1zok t\u00fdkaj\u00facich sa na\u0161ich Podmienok pou\u017e\u00edvania alebo na\u0161ich Z\u00e1sad ochrany osobn\u00fdch \u00fadajov n\u00e1s kontaktujte prostredn\u00edctvom n\u00e1\u0161ho kontaktn\u00e9ho formul\u00e1ra.<\/p>\n<p>Tieto Podmienky pou\u017e\u00edvania sa riadia cypersk\u00fdmi z\u00e1konmi.<\/p>\n<p>1. Defin\u00edcie<br \/>\nLot\u00e9ria &#8211; \u010d\u00edseln\u00e1 hra, v r\u00e1mci ktorej sa uskuto\u010d\u0148uje \u017erebovanie.<br \/>\n\u017drebovanie &#8211; \u017drebovanie ur\u010den\u00e9ho po\u010dtu \u010d\u00edsel z ur\u010den\u00fdch intervalov \u0161tandardn\u00fdch \u010d\u00edsel alebo \u0161tandardn\u00fdch a bonusov\u00fdch \u010d\u00edsel v r\u00e1mci konkr\u00e9tnej Lot\u00e9rie. Losovanie sa uskuto\u010d\u0148uje opakovane v d\u0148och a hodin\u00e1ch, ktor\u00e9 stanov\u00ed prev\u00e1dzkovate\u013e konkr\u00e9tnej lot\u00e9rie.<br \/>\nPrev\u00e1dzkovate\u013e &#8211; subjekt, ktor\u00fd organizuje \u017erebovanie v r\u00e1mci konkr\u00e9tnej lot\u00e9rie.<br \/>\nHr\u00e1\u010d &#8211; Osoba, ktor\u00e1 sa z\u00fa\u010dast\u0148uje jednej z lot\u00e9ri\u00ed pon\u00fakan\u00fdch na jackpotlotteryonline.com.<br \/>\nTiket &#8211; Elektronick\u00fd tiket pre Slosovanie, ktor\u00fd si Hr\u00e1\u010d vyberie v konkr\u00e9tnej Loterii a ktor\u00fd obsahuje jednu alebo viac L\u00edni\u00ed.<br \/>\nL\u00ednia &#8211; Jedna sada \u010d\u00edsel, ktor\u00fa si Hr\u00e1\u010d vybral pre konkr\u00e9tne \u017erebovanie Lot\u00e9rie. V z\u00e1vislosti od Loterie m\u00f4\u017ee obsahova\u0165 in\u00fa sumu a\/alebo in\u00fd s\u00fabor (in\u00e9ho rozsahu) \u0161tandardn\u00fdch a bonusov\u00fdch \u010d\u00edsel (ak existuj\u00fa).<br \/>\nV\u00fdhra &#8211; Suma, ktor\u00fa Hr\u00e1\u010d vyhr\u00e1, ak sa l\u00ednia vytvoren\u00e1 Hr\u00e1\u010dom zhoduje s preddefinovanou sadou \u010d\u00edsel vy\u017erebovan\u00fdch v Losovan\u00ed, pre ktor\u00e9 bol zak\u00fapen\u00fd Tiket obsahuj\u00faci t\u00fato l\u00edniu.<br \/>\nVklad &#8211; Finan\u010dn\u00e9 prostriedky ulo\u017een\u00e9 na hr\u00e1\u010dskom \u00fa\u010dte, ktor\u00e9 sa nesk\u00f4r pou\u017eij\u00fa na n\u00e1kup Tiketov.<br \/>\n\u00da\u010det &#8211; pou\u017e\u00edvate\u013esk\u00fd \u00fa\u010det Hr\u00e1\u010da, ku ktor\u00e9mu s\u00fa priraden\u00e9 finan\u010dn\u00e9 prostriedky Hr\u00e1\u010da, zak\u00fapen\u00e9 Tikety a \u00fadaje Hr\u00e1\u010da.<br \/>\n2. V\u0161eobecn\u00e9 inform\u00e1cie<br \/>\n2.1 Webov\u00e1 str\u00e1nka jackpotlotteryonline.com poskytuje pr\u00edstup k lot\u00e9ri\u00e1m prostredn\u00edctvom online platformy.<br \/>\n2.2 Hr\u00e1\u010di musia ma\u0165 minim\u00e1lne 18 rokov, aby mohli pou\u017e\u00edva\u0165 Webov\u00fa str\u00e1nku.<br \/>\n2.3. Hr\u00e1\u010d je povinn\u00fd overi\u0165 si, \u010di je \u00fa\u010das\u0165 na online lot\u00e9ri\u00e1ch leg\u00e1lna v r\u00e1mci jeho jurisdikcie.<br \/>\n2.4 Spolo\u010dnos\u0165 LLL World Marketing Limited nie je ofici\u00e1lnym prev\u00e1dzkovate\u013eom lot\u00e9rie. Poskytovan\u00e9 slu\u017eby sa t\u00fdkaj\u00fa pr\u00edstupu k \u017erebom lot\u00e9rie.<\/p>\n<p>3. Pou\u017e\u00edvate\u013esk\u00fd \u00fa\u010det<br \/>\n3.1. Hr\u00e1\u010di si musia zaregistrova\u0165 \u00fa\u010det na jackpotlotteryonline.com, aby si mohli zak\u00fapi\u0165 tikety.<br \/>\n3.2. Osobn\u00e9 \u00fadaje poskytnut\u00e9 po\u010das registr\u00e1cie musia by\u0165 presn\u00e9. Ak\u00e9ko\u013evek nepravdiv\u00e9 alebo zav\u00e1dzaj\u00face \u00fadaje m\u00f4\u017eu vies\u0165 k pozastaveniu alebo zru\u0161eniu Konta.<br \/>\n3.3 Hr\u00e1\u010di s\u00fa zodpovedn\u00ed za zachovanie d\u00f4vernosti svojich prihlasovac\u00edch \u00fadajov. Spolo\u010dnos\u0165 nenesie zodpovednos\u0165 za neopr\u00e1vnen\u00fd pr\u00edstup z d\u00f4vodu nedbanlivosti.<\/p>\n<p>4. Vklady a platby<br \/>\n4.1. Vklady je mo\u017en\u00e9 realizova\u0165 prostredn\u00edctvom platobn\u00fdch met\u00f3d dostupn\u00fdch na jackpotlotteryonline.com.<br \/>\n4.2 Hr\u00e1\u010di s\u00fa zodpovedn\u00ed za to, \u017ee na svojom \u00fa\u010dte maj\u00fa dostatok finan\u010dn\u00fdch prostriedkov na n\u00e1kup tiketov.<br \/>\n4.3 V\u0161etky platby s\u00fa spracovan\u00e9 bezpe\u010dne. Spolo\u010dnos\u0165 si vyhradzuje pr\u00e1vo vy\u017eiada\u0165 si v pr\u00edpade potreby dodato\u010dn\u00e9 overenie.<\/p>\n<p>5. N\u00e1kup Vstupeniek<br \/>\n5.1 Hr\u00e1\u010di si m\u00f4\u017eu zak\u00fapi\u0165 Vstupenky na r\u00f4zne lot\u00e9rie pon\u00fakan\u00e9 na jackpotlotteryonline.com.<br \/>\n5.2 Vstupenky sa pova\u017euj\u00fa za platn\u00e9 a\u017e po \u00faspe\u0161nom potvrden\u00ed platby.<\/p>\n<p>6. V\u00fdhry<br \/>\n6.1 V\u00fdhry sa vypo\u010d\u00edtavaj\u00fa na z\u00e1klade zhody medzi \u010d\u00edslami vybran\u00fdmi hr\u00e1\u010dom a \u010d\u00edslami vy\u017erebovan\u00fdmi ofici\u00e1lnym prev\u00e1dzkovate\u013eom lot\u00e9rie.<br \/>\n6.2. Spolo\u010dnos\u0165 vynalo\u017e\u00ed maxim\u00e1lne \u00fasilie, aby v\u00fdhry boli Hr\u00e1\u010dovi vyplaten\u00e9 bezodkladne.<br \/>\n6.3 Ve\u013ek\u00e9 v\u00fdhry si m\u00f4\u017eu vy\u017eadova\u0165 dodato\u010dn\u00e9 overenie toto\u017enosti pred ich vydan\u00edm Hr\u00e1\u010dovi.<\/p>\n<p>7. Obmedzenie zodpovednosti<br \/>\n7.1 Spolo\u010dnos\u0165 nezodpoved\u00e1 za \u017eiadne technick\u00e9 chyby alebo poruchy, ktor\u00e9 sa m\u00f4\u017eu vyskytn\u00fa\u0165 pri pou\u017e\u00edvan\u00ed str\u00e1nky jackpotlotteryonline.com.<br \/>\n7.2. Spolo\u010dnos\u0165 v \u017eiadnom pr\u00edpade nenesie zodpovednos\u0165 za nepriame, n\u00e1hodn\u00e9 alebo n\u00e1sledn\u00e9 \u0161kody, ktor\u00e9 vznikn\u00fa v d\u00f4sledku pou\u017e\u00edvania webovej str\u00e1nky.<\/p>\n<p>8. Ukon\u010denie<br \/>\n8.1 Spolo\u010dnos\u0165 si vyhradzuje pr\u00e1vo ukon\u010di\u0165 alebo pozastavi\u0165 \u00fa\u010det ktor\u00e9hoko\u013evek hr\u00e1\u010da z d\u00f4vodu poru\u0161enia podmienok pou\u017e\u00edvania.<br \/>\n8.2 Hr\u00e1\u010di m\u00f4\u017eu kedyko\u013evek po\u017eiada\u0165 o zru\u0161enie \u00da\u010dtu kontaktovan\u00edm podpory prostredn\u00edctvom kontaktn\u00e9ho formul\u00e1ra.<\/p>\n<p>Rozhodn\u00e9 pr\u00e1vo<br \/>\n9.1 Tieto Podmienky pou\u017e\u00edvania sa riadia a vykladaj\u00fa v s\u00falade s cypersk\u00fdm pr\u00e1vom.<\/p>\n<p>Pou\u017e\u00edvan\u00edm jackpotlotteryonline.com hr\u00e1\u010d s\u00fahlas\u00ed s dodr\u017eiavan\u00edm v\u0161etk\u00fdch vy\u0161\u0161ie uveden\u00fdch Podmienok pou\u017e\u00edvania.<\/p>\n","protected":false},"excerpt":{"rendered":"<p>Podmienky pou\u017e\u00edvania Jackpot Lottery Online (\u010falej len \u201ePodmienky pou\u017e\u00edvania\u201c) sa vz\u0165ahuj\u00fa na webov\u00fa str\u00e1nku jackpotlotteryonline.com (\u010falej len \u201ewebov\u00e1 str\u00e1nka\u201c), ktor\u00fa prev\u00e1dzkuje LLL World Marketing Limited, Peiraios 30, 1st floor, office 1, 2023 Strovolos, Nicosia &#8211; Cyprus. Zobrazen\u00edm, prehliadan\u00edm alebo ak\u00fdmko\u013evek sp\u00f4sobom pou\u017e\u00edvan\u00edm webovej str\u00e1nky jackpotlotteryonline.com sa hr\u00e1\u010d podria\u010fuje t\u00fdmto Podmienkam pou\u017e\u00edvania, ako aj na\u0161im Z\u00e1sad\u00e1m [&hellip;]<\/p>\n","protected":false},"author":7,"featured_media":0,"parent":0,"menu_order":0,"comment_status":"closed","ping_status":"closed","template":"","meta":{"_et_pb_use_builder":"","_et_pb_old_content":"","_et_gb_content_width":"","exclude_from_search":false,"footnotes":""},"class_list":["post-73036","page","type-page","status-publish","hentry"],"yoast_head":"<!-- This site is optimized with the Yoast SEO plugin v23.3 - https:\/\/yoast.com\/wordpress\/plugins\/seo\/ -->\n<title>Podmienky a pravidl\u00e1 - Lotto Online - Crack The International Lottery Jackpots<\/title>\n<meta name=\"robots\" content=\"index, follow, max-snippet:-1, max-image-preview:large, max-video-preview:-1\" \/>\n<link rel=\"canonical\" href=\"https:\/\/jackpotlotteryonline.com\/sk\/podmienky-a-pravidla\/\" \/>\n<meta property=\"og:locale\" content=\"sk_SK\" \/>\n<meta property=\"og:type\" content=\"article\" \/>\n<meta property=\"og:title\" content=\"Podmienky a pravidl\u00e1 - Lotto Online - Crack The International Lottery Jackpots\" \/>\n<meta property=\"og:description\" content=\"Podmienky pou\u017e\u00edvania Jackpot Lottery Online (\u010falej len \u201ePodmienky pou\u017e\u00edvania\u201c) sa vz\u0165ahuj\u00fa na webov\u00fa str\u00e1nku jackpotlotteryonline.com (\u010falej len \u201ewebov\u00e1 str\u00e1nka\u201c), ktor\u00fa prev\u00e1dzkuje LLL World Marketing Limited, Peiraios 30, 1st floor, office 1, 2023 Strovolos, Nicosia &#8211; Cyprus. Zobrazen\u00edm, prehliadan\u00edm alebo ak\u00fdmko\u013evek sp\u00f4sobom pou\u017e\u00edvan\u00edm webovej str\u00e1nky jackpotlotteryonline.com sa hr\u00e1\u010d podria\u010fuje t\u00fdmto Podmienkam pou\u017e\u00edvania, ako aj na\u0161im Z\u00e1sad\u00e1m [&hellip;]\" \/>\n<meta property=\"og:url\" content=\"https:\/\/jackpotlotteryonline.com\/sk\/podmienky-a-pravidla\/\" \/>\n<meta property=\"og:site_name\" content=\"Lotto Online - Crack The International Lottery Jackpots\" \/>\n<meta name=\"twitter:card\" content=\"summary_large_image\" \/>\n<meta name=\"twitter:label1\" content=\"Predpokladan\u00fd \u010das \u010d\u00edtania\" \/>\n\t<meta name=\"twitter:data1\" content=\"3 min\u00faty\" \/>\n<!-- \/ Yoast SEO plugin. -->","yoast_head_json":{"title":"Podmienky a pravidl\u00e1 - Lotto Online - Crack The International Lottery Jackpots","robots":{"index":"index","follow":"follow","max-snippet":"max-snippet:-1","max-image-preview":"max-image-preview:large","max-video-preview":"max-video-preview:-1"},"canonical":"https:\/\/jackpotlotteryonline.com\/sk\/podmienky-a-pravidla\/","og_locale":"sk_SK","og_type":"article","og_title":"Podmienky a pravidl\u00e1 - Lotto Online - Crack The International Lottery Jackpots","og_description":"Podmienky pou\u017e\u00edvania Jackpot Lottery Online (\u010falej len \u201ePodmienky pou\u017e\u00edvania\u201c) sa vz\u0165ahuj\u00fa na webov\u00fa str\u00e1nku jackpotlotteryonline.com (\u010falej len \u201ewebov\u00e1 str\u00e1nka\u201c), ktor\u00fa prev\u00e1dzkuje LLL World Marketing Limited, Peiraios 30, 1st floor, office 1, 2023 Strovolos, Nicosia &#8211; Cyprus. Zobrazen\u00edm, prehliadan\u00edm alebo ak\u00fdmko\u013evek sp\u00f4sobom pou\u017e\u00edvan\u00edm webovej str\u00e1nky jackpotlotteryonline.com sa hr\u00e1\u010d podria\u010fuje t\u00fdmto Podmienkam pou\u017e\u00edvania, ako aj na\u0161im Z\u00e1sad\u00e1m [&hellip;]","og_url":"https:\/\/jackpotlotteryonline.com\/sk\/podmienky-a-pravidla\/","og_site_name":"Lotto Online - Crack The International Lottery Jackpots","twitter_card":"summary_large_image","twitter_misc":{"Predpokladan\u00fd \u010das \u010d\u00edtania":"3 min\u00faty"},"schema":{"@context":"https:\/\/schema.org","@graph":[{"@type":"WebPage","@id":"https:\/\/jackpotlotteryonline.com\/sk\/podmienky-a-pravidla\/","url":"https:\/\/jackpotlotteryonline.com\/sk\/podmienky-a-pravidla\/","name":"Podmienky a pravidl\u00e1 - Lotto Online - Crack The International Lottery Jackpots","isPartOf":{"@id":"https:\/\/jackpotlotteryonline.com\/#website"},"datePublished":"2025-02-02T18:37:00+00:00","dateModified":"2025-02-02T18:37:00+00:00","breadcrumb":{"@id":"https:\/\/jackpotlotteryonline.com\/sk\/podmienky-a-pravidla\/#breadcrumb"},"inLanguage":"sk-SK","potentialAction":[{"@type":"ReadAction","target":["https:\/\/jackpotlotteryonline.com\/sk\/podmienky-a-pravidla\/"]}]},{"@type":"BreadcrumbList","@id":"https:\/\/jackpotlotteryonline.com\/sk\/podmienky-a-pravidla\/#breadcrumb","itemListElement":[{"@type":"ListItem","position":1,"name":"Home","item":"https:\/\/jackpotlotteryonline.com\/sk\/"},{"@type":"ListItem","position":2,"name":"Podmienky a pravidl\u00e1"}]},{"@type":"WebSite","@id":"https:\/\/jackpotlotteryonline.com\/#website","url":"https:\/\/jackpotlotteryonline.com\/","name":"Lotto Online - Crack The International Lottery Jackpots","description":"","potentialAction":[{"@type":"SearchAction","target":{"@type":"EntryPoint","urlTemplate":"https:\/\/jackpotlotteryonline.com\/?s={search_term_string}"},"query-input":"required name=search_term_string"}],"inLanguage":"sk-SK"}]}},"_links":{"self":[{"href":"https:\/\/jackpotlotteryonline.com\/sk\/wp-json\/wp\/v2\/pages\/73036","targetHints":{"allow":["GET"]}}],"collection":[{"href":"https:\/\/jackpotlotteryonline.com\/sk\/wp-json\/wp\/v2\/pages"}],"about":[{"href":"https:\/\/jackpotlotteryonline.com\/sk\/wp-json\/wp\/v2\/types\/page"}],"author":[{"embeddable":true,"href":"https:\/\/jackpotlotteryonline.com\/sk\/wp-json\/wp\/v2\/users\/7"}],"replies":[{"embeddable":true,"href":"https:\/\/jackpotlotteryonline.com\/sk\/wp-json\/wp\/v2\/comments?post=73036"}],"version-history":[{"count":0,"href":"https:\/\/jackpotlotteryonline.com\/sk\/wp-json\/wp\/v2\/pages\/73036\/revisions"}],"wp:attachment":[{"href":"https:\/\/jackpotlotteryonline.com\/sk\/wp-json\/wp\/v2\/media?parent=73036"}],"curies":[{"name":"wp","href":"https:\/\/api.w.org\/{rel}","templated":true}]}}