{"id":73187,"date":"2025-02-03T06:56:10","date_gmt":"2025-02-03T06:56:10","guid":{"rendered":"https:\/\/jackpotlotteryonline.com\/?page_id=73187"},"modified":"2025-02-03T06:56:10","modified_gmt":"2025-02-03T06:56:10","slug":"zasady-ochrany-osobnych-udajov-2","status":"publish","type":"page","link":"https:\/\/jackpotlotteryonline.com\/sk\/zasady-ochrany-osobnych-udajov-2\/","title":{"rendered":"Z\u00e1sady ochrany osobn\u00fdch \u00fadajov"},"content":{"rendered":"<p>Na Jackpotlottery n\u00e1m z\u00e1le\u017e\u00ed na va\u0161ej ochrane s\u00fakromia. Tieto Z\u00e1sady ochrany osobn\u00fdch \u00fadajov popisuj\u00fa, ako zhroma\u017e\u010fujeme, pou\u017e\u00edvame a chr\u00e1nime va\u0161e osobn\u00e9 inform\u00e1cie, ke\u010f nav\u0161t\u00edvite alebo pou\u017e\u00edvate na\u0161u webov\u00fa str\u00e1nku (jackpotlottery.org).<\/p>\n<p>Pou\u017e\u00edvan\u00edm webovej str\u00e1nky s\u00fahlas\u00edte s podmienkami t\u00fdchto Z\u00e1sad ochrany osobn\u00fdch \u00fadajov. Ak nes\u00fahlas\u00edte, okam\u017eite presta\u0148te pou\u017e\u00edva\u0165 webov\u00fa str\u00e1nku.<\/p>\n<h3><strong>Inform\u00e1cie, ktor\u00e9 zhroma\u017e\u010fujeme<\/strong><\/h3>\n<h4><strong>Inform\u00e1cie, ktor\u00e9 n\u00e1m poskytujete<\/strong><\/h4>\n<p>Zhroma\u017e\u010fujeme osobn\u00e9 \u00fadaje, ktor\u00e9 n\u00e1m dobrovo\u013ene poskytujete, ke\u010f:<\/p>\n<ul>\n<li>Vytv\u00e1rate \u00fa\u010det na Jackpotlottery.<\/li>\n<li>Rob\u00edte n\u00e1kup alebo sa z\u00fa\u010dast\u0148ujete lot\u00e9rie.<\/li>\n<li>Komunikujete s na\u0161\u00edm t\u00edmom z\u00e1kazn\u00edckej podpory.<\/li>\n<li>Vypl\u0148ujete formul\u00e1re alebo posielate dotazy prostredn\u00edctvom webovej str\u00e1nky.<\/li>\n<\/ul>\n<p>Tieto \u00fadaje zah\u0155\u0148aj\u00fa, ale nie s\u00fa obmedzen\u00e9 na:<\/p>\n<ul>\n<li>Meno<\/li>\n<li>Emailov\u00e1 adresa<\/li>\n<li>Telef\u00f3nne \u010d\u00edslo<\/li>\n<li>Inform\u00e1cie o platbe<\/li>\n<li>Adresa<\/li>\n<li>D\u00e1tum narodenia<\/li>\n<\/ul>\n<h4><strong>Automaticky zhroma\u017eden\u00e9 inform\u00e1cie<\/strong><\/h4>\n<p>Taktie\u017e m\u00f4\u017eeme automaticky zhroma\u017e\u010fova\u0165 \u00fadaje, ke\u010f nav\u0161t\u00edvite webov\u00fa str\u00e1nku, ako napr\u00edklad:<\/p>\n<ul>\n<li>IP adresa<\/li>\n<li>Typ a verzia prehliada\u010da<\/li>\n<li>Nastavenia \u010dasovej z\u00f3ny<\/li>\n<li>Typy a verzie doplnkov prehliada\u010da<\/li>\n<li>Opera\u010dn\u00fd syst\u00e9m a platforma<\/li>\n<li>Inform\u00e1cie o va\u0161ej n\u00e1v\u0161teve, vr\u00e1tane zobrazen\u00fdch str\u00e1nok, \u010dasu str\u00e1ven\u00e9ho na str\u00e1nkach a interakcie s webovou str\u00e1nkou (napr. rolovanie, kliknutia)<\/li>\n<\/ul>\n<p>Tieto inform\u00e1cie sa zhroma\u017e\u010fuj\u00fa prostredn\u00edctvom cookies a podobn\u00fdch technol\u00f3gi\u00ed sledovania.<\/p>\n<h3><strong>Ako pou\u017e\u00edvame va\u0161e \u00fadaje<\/strong><\/h3>\n<p>Zhroma\u017eden\u00e9 \u00fadaje pou\u017e\u00edvame na:<\/p>\n<ul>\n<li>Spravovanie v\u00e1\u0161ho \u00fa\u010dtu a poskytovanie slu\u017eieb.<\/li>\n<li>Spracovanie platieb, v\u00fdberov a vkladov.<\/li>\n<li>Prisp\u00f4sobenie a zlep\u0161enie pou\u017e\u00edvate\u013eskej sk\u00fasenosti.<\/li>\n<li>Komunik\u00e1ciu s vami o slu\u017eb\u00e1ch, aktualiz\u00e1ci\u00e1ch alebo akci\u00e1ch.<\/li>\n<li>Dodr\u017eiavanie pr\u00e1vnych po\u017eiadaviek.<\/li>\n<\/ul>\n<h3><strong>Zdie\u013eanie va\u0161ich \u00fadajov<\/strong><\/h3>\n<p>Va\u0161e osobn\u00e9 \u00fadaje nepred\u00e1vame, neobchodujeme ani nepo\u017ei\u010diavame. Va\u0161e inform\u00e1cie m\u00f4\u017eeme zdie\u013ea\u0165 s tret\u00edmi stranami iba v t\u00fdchto pr\u00edpadoch:<\/p>\n<ul>\n<li>Pre spracovanie platieb prostredn\u00edctvom d\u00f4veryhodn\u00fdch poskytovate\u013eov platieb.<\/li>\n<li>Na splnenie pr\u00e1vnych alebo regula\u010dn\u00fdch po\u017eiadaviek.<\/li>\n<li>S poskytovate\u013emi slu\u017eieb, ktor\u00ed n\u00e1m pom\u00e1haj\u00fa prev\u00e1dzkova\u0165 webov\u00fa str\u00e1nku alebo poskytova\u0165 slu\u017eby (napr. marketingov\u00ed partneri alebo IT poskytovatelia).<\/li>\n<\/ul>\n<p>V\u0161etky tretie strany s\u00fa viazan\u00e9 dohodami o ml\u010danlivosti a s\u00fa povinn\u00e9 zaobch\u00e1dza\u0165 s va\u0161imi \u00fadajmi v s\u00falade s platn\u00fdmi z\u00e1konmi.<\/p>\n<h3><strong>Va\u0161e pr\u00e1va<\/strong><\/h3>\n<p>Ako pou\u017e\u00edvate\u013e m\u00e1te pod\u013ea platn\u00fdch pr\u00e1vnych predpisov o ochrane \u00fadajov nasleduj\u00face pr\u00e1va:<\/p>\n<ul>\n<li><strong>Pr\u00e1vo na pr\u00edstup<\/strong>: Po\u017eiada\u0165 o inform\u00e1cie o osobn\u00fdch \u00fadajoch, ktor\u00e9 o v\u00e1s m\u00e1me.<\/li>\n<li><strong>Pr\u00e1vo na opravu<\/strong>: Po\u017eiada\u0165 o opravu nepresn\u00fdch alebo ne\u00fapln\u00fdch \u00fadajov.<\/li>\n<li><strong>Pr\u00e1vo na vymazanie<\/strong>: Po\u017eiada\u0165 o vymazanie va\u0161ich osobn\u00fdch \u00fadajov, pokia\u013e to nie je v rozpore s pr\u00e1vnymi povinnos\u0165ami uchov\u00e1vania \u00fadajov.<\/li>\n<li><strong>Pr\u00e1vo na obmedzenie spracovania<\/strong>: Po\u017eiada\u0165 o obmedzenie spracovania va\u0161ich \u00fadajov.<\/li>\n<li><strong>Pr\u00e1vo na n\u00e1mietku<\/strong>: Namieta\u0165 proti spracovaniu va\u0161ich \u00fadajov na konkr\u00e9tne \u00fa\u010dely (napr. marketing).<\/li>\n<li><strong>Pr\u00e1vo na prenosnos\u0165 \u00fadajov<\/strong>: Po\u017eiada\u0165 o prenos va\u0161ich \u00fadajov k in\u00e9mu poskytovate\u013eovi slu\u017eieb.<\/li>\n<\/ul>\n<p>Ak chcete uplatni\u0165 tieto pr\u00e1va, kontaktujte n\u00e1s na <strong><a rel=\"noopener\">support@jackpotlottery.org<\/a><\/strong>.<\/p>\n<h3><strong>Bezpe\u010dnos\u0165 \u00fadajov<\/strong><\/h3>\n<p>Bezpe\u010dnos\u0165 \u00fadajov berieme v\u00e1\u017ene a prij\u00edmame technick\u00e9 a organiza\u010dn\u00e9 opatrenia na ochranu va\u0161ich \u00fadajov pred neopr\u00e1vnen\u00fdm pr\u00edstupom, zmenou alebo zni\u010den\u00edm. Napriek na\u0161im snah\u00e1m nie je \u017eiadny syst\u00e9m \u00faplne bezpe\u010dn\u00fd a nem\u00f4\u017eeme zaru\u010di\u0165 absol\u00fatnu bezpe\u010dnos\u0165.<\/p>\n<h3><strong>Uchov\u00e1vanie \u00fadajov<\/strong><\/h3>\n<p>Va\u0161e \u00fadaje uchov\u00e1vame len po dobu, ktor\u00e1 je nevyhnutn\u00e1 na:<\/p>\n<ul>\n<li>Poskytovanie slu\u017eieb.<\/li>\n<li>Dodr\u017eiavanie pr\u00e1vnych a regula\u010dn\u00fdch povinnost\u00ed.<\/li>\n<\/ul>\n<h3><strong>Cookies<\/strong><\/h3>\n<p>Jackpotlottery pou\u017e\u00edva cookies na zlep\u0161enie v\u00e1\u0161ho z\u00e1\u017eitku pri prehliadan\u00ed a z\u00edskavanie inform\u00e1ci\u00ed o pou\u017e\u00edvan\u00ed webovej str\u00e1nky. Cookies n\u00e1m pom\u00e1haj\u00fa:<\/p>\n<ul>\n<li>Rozpozna\u0165 v\u00e1s pri n\u00e1vrate na webov\u00fa str\u00e1nku.<\/li>\n<li>Sledova\u0165 a analyzova\u0165 v\u00fdkon a pou\u017e\u00edvanie webovej str\u00e1nky.<\/li>\n<\/ul>\n<p>Svoje preferencie t\u00fdkaj\u00face sa cookies m\u00f4\u017eete spravova\u0165 pomocou nastaven\u00ed prehliada\u010da.<\/p>\n<h3><strong>Zmeny tejto Politiky ochrany osobn\u00fdch \u00fadajov<\/strong><\/h3>\n<p>Tieto Z\u00e1sady ochrany osobn\u00fdch \u00fadajov m\u00f4\u017eeme ob\u010das aktualizova\u0165, aby odr\u00e1\u017eali zmeny v na\u0161ich praktik\u00e1ch, pr\u00e1vnych po\u017eiadavk\u00e1ch alebo in\u00fdch faktoroch. Zmeny bud\u00fa zverejnen\u00e9 na tejto str\u00e1nke s aktualizovan\u00fdm d\u00e1tumom rev\u00edzie. Odpor\u00fa\u010dame pravidelne kontrolova\u0165 Z\u00e1sady ochrany osobn\u00fdch \u00fadajov, aby ste boli informovan\u00ed.<\/p>\n<h3><strong>Kontaktujte n\u00e1s<\/strong><\/h3>\n<p>Ak m\u00e1te ak\u00e9ko\u013evek ot\u00e1zky t\u00fdkaj\u00face sa t\u00fdchto Z\u00e1sad ochrany osobn\u00fdch \u00fadajov alebo va\u0161ich osobn\u00fdch \u00fadajov, nev\u00e1hajte n\u00e1s kontaktova\u0165:<\/p>\n<p>\ud83d\udce7 <strong>Email<\/strong>: <a rel=\"noopener\">support@jackpotlottery.org<\/a><br \/>\n\ud83d\udccd <strong>Adresa<\/strong>: LLL World Marketing Limited, Peiraios 30, 1. poschodie, kancel\u00e1ria 1, 2023 Strovolos, Nik\u00f3zia \u2013 Cyprus<\/p>\n","protected":false},"excerpt":{"rendered":"<p>Na Jackpotlottery n\u00e1m z\u00e1le\u017e\u00ed na va\u0161ej ochrane s\u00fakromia. Tieto Z\u00e1sady ochrany osobn\u00fdch \u00fadajov popisuj\u00fa, ako zhroma\u017e\u010fujeme, pou\u017e\u00edvame a chr\u00e1nime va\u0161e osobn\u00e9 inform\u00e1cie, ke\u010f nav\u0161t\u00edvite alebo pou\u017e\u00edvate na\u0161u webov\u00fa str\u00e1nku (jackpotlottery.org). Pou\u017e\u00edvan\u00edm webovej str\u00e1nky s\u00fahlas\u00edte s podmienkami t\u00fdchto Z\u00e1sad ochrany osobn\u00fdch \u00fadajov. Ak nes\u00fahlas\u00edte, okam\u017eite presta\u0148te pou\u017e\u00edva\u0165 webov\u00fa str\u00e1nku. Inform\u00e1cie, ktor\u00e9 zhroma\u017e\u010fujeme Inform\u00e1cie, ktor\u00e9 n\u00e1m poskytujete [&hellip;]<\/p>\n","protected":false},"author":7,"featured_media":0,"parent":0,"menu_order":0,"comment_status":"closed","ping_status":"closed","template":"","meta":{"_et_pb_use_builder":"","_et_pb_old_content":"","_et_gb_content_width":"","exclude_from_search":false,"footnotes":""},"class_list":["post-73187","page","type-page","status-publish","hentry"],"yoast_head":"<!-- This site is optimized with the Yoast SEO plugin v23.3 - https:\/\/yoast.com\/wordpress\/plugins\/seo\/ -->\n<title>Z\u00e1sady ochrany osobn\u00fdch \u00fadajov - Lotto Online - Crack The International Lottery Jackpots<\/title>\n<meta name=\"robots\" content=\"index, follow, max-snippet:-1, max-image-preview:large, max-video-preview:-1\" \/>\n<link rel=\"canonical\" href=\"https:\/\/jackpotlotteryonline.com\/sk\/zasady-ochrany-osobnych-udajov-2\/\" \/>\n<meta property=\"og:locale\" content=\"sk_SK\" \/>\n<meta property=\"og:type\" content=\"article\" \/>\n<meta property=\"og:title\" content=\"Z\u00e1sady ochrany osobn\u00fdch \u00fadajov - Lotto Online - Crack The International Lottery Jackpots\" \/>\n<meta property=\"og:description\" content=\"Na Jackpotlottery n\u00e1m z\u00e1le\u017e\u00ed na va\u0161ej ochrane s\u00fakromia. Tieto Z\u00e1sady ochrany osobn\u00fdch \u00fadajov popisuj\u00fa, ako zhroma\u017e\u010fujeme, pou\u017e\u00edvame a chr\u00e1nime va\u0161e osobn\u00e9 inform\u00e1cie, ke\u010f nav\u0161t\u00edvite alebo pou\u017e\u00edvate na\u0161u webov\u00fa str\u00e1nku (jackpotlottery.org). Pou\u017e\u00edvan\u00edm webovej str\u00e1nky s\u00fahlas\u00edte s podmienkami t\u00fdchto Z\u00e1sad ochrany osobn\u00fdch \u00fadajov. Ak nes\u00fahlas\u00edte, okam\u017eite presta\u0148te pou\u017e\u00edva\u0165 webov\u00fa str\u00e1nku. Inform\u00e1cie, ktor\u00e9 zhroma\u017e\u010fujeme Inform\u00e1cie, ktor\u00e9 n\u00e1m poskytujete [&hellip;]\" \/>\n<meta property=\"og:url\" content=\"https:\/\/jackpotlotteryonline.com\/sk\/zasady-ochrany-osobnych-udajov-2\/\" \/>\n<meta property=\"og:site_name\" content=\"Lotto Online - Crack The International Lottery Jackpots\" \/>\n<meta name=\"twitter:card\" content=\"summary_large_image\" \/>\n<meta name=\"twitter:label1\" content=\"Predpokladan\u00fd \u010das \u010d\u00edtania\" \/>\n\t<meta name=\"twitter:data1\" content=\"3 min\u00faty\" \/>\n<!-- \/ Yoast SEO plugin. -->","yoast_head_json":{"title":"Z\u00e1sady ochrany osobn\u00fdch \u00fadajov - Lotto Online - Crack The International Lottery Jackpots","robots":{"index":"index","follow":"follow","max-snippet":"max-snippet:-1","max-image-preview":"max-image-preview:large","max-video-preview":"max-video-preview:-1"},"canonical":"https:\/\/jackpotlotteryonline.com\/sk\/zasady-ochrany-osobnych-udajov-2\/","og_locale":"sk_SK","og_type":"article","og_title":"Z\u00e1sady ochrany osobn\u00fdch \u00fadajov - Lotto Online - Crack The International Lottery Jackpots","og_description":"Na Jackpotlottery n\u00e1m z\u00e1le\u017e\u00ed na va\u0161ej ochrane s\u00fakromia. Tieto Z\u00e1sady ochrany osobn\u00fdch \u00fadajov popisuj\u00fa, ako zhroma\u017e\u010fujeme, pou\u017e\u00edvame a chr\u00e1nime va\u0161e osobn\u00e9 inform\u00e1cie, ke\u010f nav\u0161t\u00edvite alebo pou\u017e\u00edvate na\u0161u webov\u00fa str\u00e1nku (jackpotlottery.org). Pou\u017e\u00edvan\u00edm webovej str\u00e1nky s\u00fahlas\u00edte s podmienkami t\u00fdchto Z\u00e1sad ochrany osobn\u00fdch \u00fadajov. Ak nes\u00fahlas\u00edte, okam\u017eite presta\u0148te pou\u017e\u00edva\u0165 webov\u00fa str\u00e1nku. Inform\u00e1cie, ktor\u00e9 zhroma\u017e\u010fujeme Inform\u00e1cie, ktor\u00e9 n\u00e1m poskytujete [&hellip;]","og_url":"https:\/\/jackpotlotteryonline.com\/sk\/zasady-ochrany-osobnych-udajov-2\/","og_site_name":"Lotto Online - Crack The International Lottery Jackpots","twitter_card":"summary_large_image","twitter_misc":{"Predpokladan\u00fd \u010das \u010d\u00edtania":"3 min\u00faty"},"schema":{"@context":"https:\/\/schema.org","@graph":[{"@type":"WebPage","@id":"https:\/\/jackpotlotteryonline.com\/sk\/zasady-ochrany-osobnych-udajov-2\/","url":"https:\/\/jackpotlotteryonline.com\/sk\/zasady-ochrany-osobnych-udajov-2\/","name":"Z\u00e1sady ochrany osobn\u00fdch \u00fadajov - Lotto Online - Crack The International Lottery Jackpots","isPartOf":{"@id":"https:\/\/jackpotlotteryonline.com\/#website"},"datePublished":"2025-02-03T06:56:10+00:00","dateModified":"2025-02-03T06:56:10+00:00","breadcrumb":{"@id":"https:\/\/jackpotlotteryonline.com\/sk\/zasady-ochrany-osobnych-udajov-2\/#breadcrumb"},"inLanguage":"sk-SK","potentialAction":[{"@type":"ReadAction","target":["https:\/\/jackpotlotteryonline.com\/sk\/zasady-ochrany-osobnych-udajov-2\/"]}]},{"@type":"BreadcrumbList","@id":"https:\/\/jackpotlotteryonline.com\/sk\/zasady-ochrany-osobnych-udajov-2\/#breadcrumb","itemListElement":[{"@type":"ListItem","position":1,"name":"Home","item":"https:\/\/jackpotlotteryonline.com\/sk\/"},{"@type":"ListItem","position":2,"name":"Z\u00e1sady ochrany osobn\u00fdch \u00fadajov"}]},{"@type":"WebSite","@id":"https:\/\/jackpotlotteryonline.com\/#website","url":"https:\/\/jackpotlotteryonline.com\/","name":"Lotto Online - Crack The International Lottery Jackpots","description":"","potentialAction":[{"@type":"SearchAction","target":{"@type":"EntryPoint","urlTemplate":"https:\/\/jackpotlotteryonline.com\/?s={search_term_string}"},"query-input":"required name=search_term_string"}],"inLanguage":"sk-SK"}]}},"_links":{"self":[{"href":"https:\/\/jackpotlotteryonline.com\/sk\/wp-json\/wp\/v2\/pages\/73187","targetHints":{"allow":["GET"]}}],"collection":[{"href":"https:\/\/jackpotlotteryonline.com\/sk\/wp-json\/wp\/v2\/pages"}],"about":[{"href":"https:\/\/jackpotlotteryonline.com\/sk\/wp-json\/wp\/v2\/types\/page"}],"author":[{"embeddable":true,"href":"https:\/\/jackpotlotteryonline.com\/sk\/wp-json\/wp\/v2\/users\/7"}],"replies":[{"embeddable":true,"href":"https:\/\/jackpotlotteryonline.com\/sk\/wp-json\/wp\/v2\/comments?post=73187"}],"version-history":[{"count":0,"href":"https:\/\/jackpotlotteryonline.com\/sk\/wp-json\/wp\/v2\/pages\/73187\/revisions"}],"wp:attachment":[{"href":"https:\/\/jackpotlotteryonline.com\/sk\/wp-json\/wp\/v2\/media?parent=73187"}],"curies":[{"name":"wp","href":"https:\/\/api.w.org\/{rel}","templated":true}]}}