{"id":77639,"date":"2025-03-21T17:53:10","date_gmt":"2025-03-21T17:53:10","guid":{"rendered":"https:\/\/jackpotlotteryonline.com\/?page_id=77639"},"modified":"2025-03-21T17:53:10","modified_gmt":"2025-03-21T17:53:10","slug":"kde-si-mozete-kupit-listky-do-loterie-v-new-yorku-mimo-usa","status":"publish","type":"page","link":"https:\/\/jackpotlotteryonline.com\/sk\/kupit-vstupenky\/kde-si-mozete-kupit-listky-do-loterie-v-new-yorku-mimo-usa\/","title":{"rendered":"Kde si m\u00f4\u017eete k\u00fapi\u0165 l\u00edstky do lot\u00e9rie v New Yorku mimo USA?"},"content":{"rendered":"<p>Tie newyorsk\u00e9 jackpoty s\u00fa absol\u00fatne obrovsk\u00e9 \u2013 s\u00fa prakticky legend\u00e1rne. \u013dudia na celom svete ich prenasleduj\u00fa! A \u010do \u013eudia, ktor\u00ed nie s\u00fa v USA? M\u00f4\u017eete si k\u00fapi\u0165 l\u00edstky do lot\u00e9rie v New Yorku z kraj\u00edn mimo USA Absol\u00fatne! H\u00e1dajte \u010do? JackpotLottery v\u00e1m umo\u017en\u00ed chyti\u0165 skuto\u010dn\u00e9 l\u00edstky do lot\u00e9rie New York online, napr\u00edklad odkia\u013eko\u013evek na plan\u00e9te!<\/p>\n<h2>M\u00f4\u017eete si k\u00fapi\u0165 l\u00edstky do lot\u00e9rie v New Yorku mimo \u00fazemia USA?<\/h2>\n<p>\u00daplne! Tak\u017ee, aj ke\u010f nie ste v New Yorku alebo dokonca v Amerike, st\u00e1le sa m\u00f4\u017eete zapoji\u0165 do lot\u00e9rie v New Yorku. S JackpotLottery m\u00f4\u017eu medzin\u00e1rodn\u00ed hr\u00e1\u010di bezpe\u010dne nakupova\u0165 l\u00edstky do lot\u00e9rie odkia\u013eko\u013evek. T\u00fdm sa vyrovnaj\u00fa hracie pole a z\u00edskate rovnak\u00e9 \u0161ance na v\u00fdhru, ako keby ste si l\u00edstok kupovali osobne. V podstate, JackpotLottery m\u00e1 niekoho, kto v\u00e1m k\u00fapi tiket, napr\u00edklad osobn\u00e9ho nakupuj\u00faceho v lot\u00e9rii. Na svoj \u00fa\u010det dostanete naskenovan\u00fa k\u00f3piu ofici\u00e1lnej vstupenky, ktor\u00e1 poskytuje jasn\u00fd d\u00f4kaz o n\u00e1kupe a zv\u00fd\u0161en\u00fa bezpe\u010dnos\u0165.<\/p>\n<h3>Ako k\u00fapi\u0165 l\u00edstky na lot\u00e9riu v New Yorku online s lot\u00e9riou JackpotLottery<img loading=\"lazy\" decoding=\"async\" class=\" wp-image-29318 alignright\" src=\"https:\/\/jackpotlotteryonline.com\/wp-content\/uploads\/2022\/11\/1_play_onlinelottery4-300x200.jpg\" alt=\"Lottery Outside New York\" alt width=\"262\" height=\"174\" srcset=\"https:\/\/jackpotlotteryonline.com\/wp-content\/uploads\/2022\/11\/1_play_onlinelottery4-300x200.jpg 300w, https:\/\/jackpotlotteryonline.com\/wp-content\/uploads\/2022\/11\/1_play_onlinelottery4.jpg 320w\" sizes=\"auto, (max-width: 262px) 100vw, 262px\" \/><\/h3>\n<p>Hranie newyorskej lot\u00e9rie na medzin\u00e1rodnej \u00farovni je ve\u013emi dostupn\u00e9 pri pou\u017e\u00edvan\u00ed Jackpotlottery. Tieto jednoduch\u00e9 pokyny v\u00e1s preved\u00fa:<\/p>\n<p>1. Za\u010dnite registr\u00e1ciou. Za\u010dnite s JackpotLottery zadan\u00edm svojich \u00fadajov a overen\u00edm svojej identity. T\u00fdmto sp\u00f4sobom je v\u0161etko v bezpe\u010d\u00ed a nebudete ma\u0165 probl\u00e9m z\u00edska\u0165 svoje v\u00fdhry.<br \/>\n2. V sekcii lot\u00e9rie vyberte New York Lottery. Ak h\u013ead\u00e1te ve\u013ek\u00fd jackpot, New York Lotto je ve\u013emi popul\u00e1rna mo\u017enos\u0165.<br \/>\n3. Teraz si vyberte svoje \u010d\u00edsla. M\u00e1te mo\u017enos\u0165 manu\u00e1lne vybra\u0165 \u0161es\u0165 \u010d\u00edsel v rozsahu od 1 do 59, alebo m\u00f4\u017eete vyu\u017ei\u0165 funkciu R\u00fdchly v\u00fdber, aby v\u00e1m ich syst\u00e9m n\u00e1hodne vygeneroval.<br \/>\n4. Pokra\u010dujte ku k\u00fape l\u00edstka. Vyberte si z na\u0161ich dostupn\u00fdch sp\u00f4sobov platby a pohodlne si zak\u00fapte l\u00edstok. Po \u00faspe\u0161nom potvrden\u00ed n\u00e1kupu JackpotLottery prist\u00fapi k z\u00edskaniu ofici\u00e1lneho tiketu na va\u0161e meno.<\/p>\n<p>5. Zistite v\u00fdsledky \u017erebovania.<br \/>\nOkam\u017eite zistite, \u010di ste dosiahli jackpot.<br \/>\n6. Overen\u00e1 z\u00e1ruka platby<br \/>\nMal\u00e9 v\u00fdhry id\u00fa priamo na v\u00e1\u0161 \u00fa\u010det a o t\u00fdch ve\u013ek\u00fdch sa o v\u0161etko postar\u00e1 JackpotLottery.<\/p>\n<p><strong>Zahrajte si lot\u00e9riu v New Yorku e\u0161te dnes<\/strong><br \/>\nTeraz viete, ako hra\u0165 zo zahrani\u010dia, \u00eds\u0165 do toho a pok\u00fasi\u0165 sa vyhra\u0165 ve\u013ek\u00e9 v\u00ed\u0165azstvo v lot\u00e9rii v New Yorku. Vst\u00fapte do akcie! Zaregistrujte sa v JackpotLottery, z\u00edskajte svoj tiket a sta\u0148te sa s\u00fa\u010das\u0165ou vzru\u0161uj\u00faceho \u017erebovania americkej lot\u00e9rie! Od splnenia va\u0161ich snov o jackpote v\u00e1s del\u00ed u\u017e len jeden tiket.<\/p>\n","protected":false},"excerpt":{"rendered":"<p>Tie newyorsk\u00e9 jackpoty s\u00fa absol\u00fatne obrovsk\u00e9 \u2013 s\u00fa prakticky legend\u00e1rne. \u013dudia na celom svete ich prenasleduj\u00fa! A \u010do \u013eudia, ktor\u00ed nie s\u00fa v USA? M\u00f4\u017eete si k\u00fapi\u0165 l\u00edstky do lot\u00e9rie v New Yorku z kraj\u00edn mimo USA Absol\u00fatne! H\u00e1dajte \u010do? JackpotLottery v\u00e1m umo\u017en\u00ed chyti\u0165 skuto\u010dn\u00e9 l\u00edstky do lot\u00e9rie New York online, napr\u00edklad odkia\u013eko\u013evek na plan\u00e9te! [&hellip;]<\/p>\n","protected":false},"author":7,"featured_media":0,"parent":35778,"menu_order":0,"comment_status":"closed","ping_status":"closed","template":"","meta":{"_et_pb_use_builder":"","_et_pb_old_content":"","_et_gb_content_width":"","exclude_from_search":false,"footnotes":""},"class_list":["post-77639","page","type-page","status-publish","hentry"],"yoast_head":"<!-- This site is optimized with the Yoast SEO plugin v23.3 - https:\/\/yoast.com\/wordpress\/plugins\/seo\/ -->\n<title>M\u00f4\u017eete si k\u00fapi\u0165 l\u00edstky do lot\u00e9rie v New Yorku z kraj\u00edn mimo USA?<\/title>\n<meta name=\"description\" content=\"Zauj\u00edma v\u00e1s, \u010di si m\u00f4\u017eete k\u00fapi\u0165 l\u00edstky do lot\u00e9rie New York mimo USA? Objavte najlep\u0161ie sp\u00f4soby hrania online a z\u00edskajte ceny na medzin\u00e1rodnej \u00farovni!\" \/>\n<meta name=\"robots\" content=\"index, follow, max-snippet:-1, max-image-preview:large, max-video-preview:-1\" \/>\n<link rel=\"canonical\" href=\"https:\/\/jackpotlotteryonline.com\/where-can-you-buy-new-york-lottery-tickets-outside-the-usa\/\" \/>\n<meta property=\"og:locale\" content=\"sk_SK\" \/>\n<meta property=\"og:type\" content=\"article\" \/>\n<meta property=\"og:title\" content=\"M\u00f4\u017eete si k\u00fapi\u0165 l\u00edstky do lot\u00e9rie v New Yorku z kraj\u00edn mimo USA?\" \/>\n<meta property=\"og:description\" content=\"Zauj\u00edma v\u00e1s, \u010di si m\u00f4\u017eete k\u00fapi\u0165 l\u00edstky do lot\u00e9rie New York mimo USA? Objavte najlep\u0161ie sp\u00f4soby hrania online a z\u00edskajte ceny na medzin\u00e1rodnej \u00farovni!\" \/>\n<meta property=\"og:url\" content=\"https:\/\/jackpotlotteryonline.com\/where-can-you-buy-new-york-lottery-tickets-outside-the-usa\/\" \/>\n<meta property=\"og:site_name\" content=\"Lotto Online - Crack The International Lottery Jackpots\" \/>\n<meta property=\"og:image\" content=\"https:\/\/jackpotlotteryonline.com\/wp-content\/uploads\/2022\/11\/1_play_onlinelottery4-300x200.jpg\" \/>\n<meta name=\"twitter:card\" content=\"summary_large_image\" \/>\n<!-- \/ Yoast SEO plugin. -->","yoast_head_json":{"title":"M\u00f4\u017eete si k\u00fapi\u0165 l\u00edstky do lot\u00e9rie v New Yorku z kraj\u00edn mimo USA?","description":"Zauj\u00edma v\u00e1s, \u010di si m\u00f4\u017eete k\u00fapi\u0165 l\u00edstky do lot\u00e9rie New York mimo USA? Objavte najlep\u0161ie sp\u00f4soby hrania online a z\u00edskajte ceny na medzin\u00e1rodnej \u00farovni!","robots":{"index":"index","follow":"follow","max-snippet":"max-snippet:-1","max-image-preview":"max-image-preview:large","max-video-preview":"max-video-preview:-1"},"canonical":"https:\/\/jackpotlotteryonline.com\/where-can-you-buy-new-york-lottery-tickets-outside-the-usa\/","og_locale":"sk_SK","og_type":"article","og_title":"M\u00f4\u017eete si k\u00fapi\u0165 l\u00edstky do lot\u00e9rie v New Yorku z kraj\u00edn mimo USA?","og_description":"Zauj\u00edma v\u00e1s, \u010di si m\u00f4\u017eete k\u00fapi\u0165 l\u00edstky do lot\u00e9rie New York mimo USA? Objavte najlep\u0161ie sp\u00f4soby hrania online a z\u00edskajte ceny na medzin\u00e1rodnej \u00farovni!","og_url":"https:\/\/jackpotlotteryonline.com\/where-can-you-buy-new-york-lottery-tickets-outside-the-usa\/","og_site_name":"Lotto Online - Crack The International Lottery Jackpots","og_image":[{"url":"https:\/\/jackpotlotteryonline.com\/wp-content\/uploads\/2022\/11\/1_play_onlinelottery4-300x200.jpg"}],"twitter_card":"summary_large_image","schema":{"@context":"https:\/\/schema.org","@graph":[{"@type":"WebPage","@id":"https:\/\/jackpotlotteryonline.com\/where-can-you-buy-new-york-lottery-tickets-outside-the-usa\/","url":"https:\/\/jackpotlotteryonline.com\/where-can-you-buy-new-york-lottery-tickets-outside-the-usa\/","name":"M\u00f4\u017eete si k\u00fapi\u0165 l\u00edstky do lot\u00e9rie v New Yorku z kraj\u00edn mimo USA?","isPartOf":{"@id":"https:\/\/jackpotlotteryonline.com\/#website"},"primaryImageOfPage":{"@id":"https:\/\/jackpotlotteryonline.com\/where-can-you-buy-new-york-lottery-tickets-outside-the-usa\/#primaryimage"},"image":{"@id":"https:\/\/jackpotlotteryonline.com\/where-can-you-buy-new-york-lottery-tickets-outside-the-usa\/#primaryimage"},"thumbnailUrl":"https:\/\/jackpotlotteryonline.com\/wp-content\/uploads\/2022\/11\/1_play_onlinelottery4-300x200.jpg","datePublished":"2025-03-21T17:53:10+00:00","dateModified":"2025-03-21T17:53:10+00:00","description":"Zauj\u00edma v\u00e1s, \u010di si m\u00f4\u017eete k\u00fapi\u0165 l\u00edstky do lot\u00e9rie New York mimo USA? Objavte najlep\u0161ie sp\u00f4soby hrania online a z\u00edskajte ceny na medzin\u00e1rodnej \u00farovni!","breadcrumb":{"@id":"https:\/\/jackpotlotteryonline.com\/where-can-you-buy-new-york-lottery-tickets-outside-the-usa\/#breadcrumb"},"inLanguage":"sk-SK","potentialAction":[{"@type":"ReadAction","target":["https:\/\/jackpotlotteryonline.com\/where-can-you-buy-new-york-lottery-tickets-outside-the-usa\/"]}]},{"@type":"ImageObject","inLanguage":"sk-SK","@id":"https:\/\/jackpotlotteryonline.com\/where-can-you-buy-new-york-lottery-tickets-outside-the-usa\/#primaryimage","url":"https:\/\/jackpotlotteryonline.com\/wp-content\/uploads\/2022\/11\/1_play_onlinelottery4-300x200.jpg","contentUrl":"https:\/\/jackpotlotteryonline.com\/wp-content\/uploads\/2022\/11\/1_play_onlinelottery4-300x200.jpg"},{"@type":"BreadcrumbList","@id":"https:\/\/jackpotlotteryonline.com\/where-can-you-buy-new-york-lottery-tickets-outside-the-usa\/#breadcrumb","itemListElement":[{"@type":"ListItem","position":1,"name":"Home","item":"https:\/\/jackpotlotteryonline.com\/sk\/"},{"@type":"ListItem","position":2,"name":"Kde si m\u00f4\u017eete k\u00fapi\u0165 l\u00edstky do lot\u00e9rie v New Yorku mimo USA?"}]},{"@type":"WebSite","@id":"https:\/\/jackpotlotteryonline.com\/#website","url":"https:\/\/jackpotlotteryonline.com\/","name":"Lotto Online - Crack The International Lottery Jackpots","description":"","potentialAction":[{"@type":"SearchAction","target":{"@type":"EntryPoint","urlTemplate":"https:\/\/jackpotlotteryonline.com\/?s={search_term_string}"},"query-input":"required name=search_term_string"}],"inLanguage":"sk-SK"}]}},"_links":{"self":[{"href":"https:\/\/jackpotlotteryonline.com\/sk\/wp-json\/wp\/v2\/pages\/77639","targetHints":{"allow":["GET"]}}],"collection":[{"href":"https:\/\/jackpotlotteryonline.com\/sk\/wp-json\/wp\/v2\/pages"}],"about":[{"href":"https:\/\/jackpotlotteryonline.com\/sk\/wp-json\/wp\/v2\/types\/page"}],"author":[{"embeddable":true,"href":"https:\/\/jackpotlotteryonline.com\/sk\/wp-json\/wp\/v2\/users\/7"}],"replies":[{"embeddable":true,"href":"https:\/\/jackpotlotteryonline.com\/sk\/wp-json\/wp\/v2\/comments?post=77639"}],"version-history":[{"count":1,"href":"https:\/\/jackpotlotteryonline.com\/sk\/wp-json\/wp\/v2\/pages\/77639\/revisions"}],"predecessor-version":[{"id":77640,"href":"https:\/\/jackpotlotteryonline.com\/sk\/wp-json\/wp\/v2\/pages\/77639\/revisions\/77640"}],"up":[{"embeddable":true,"href":"https:\/\/jackpotlotteryonline.com\/sk\/wp-json\/wp\/v2\/pages\/35778"}],"wp:attachment":[{"href":"https:\/\/jackpotlotteryonline.com\/sk\/wp-json\/wp\/v2\/media?parent=77639"}],"curies":[{"name":"wp","href":"https:\/\/api.w.org\/{rel}","templated":true}]}}