{"id":77709,"date":"2025-03-22T08:05:38","date_gmt":"2025-03-22T08:05:38","guid":{"rendered":"https:\/\/jackpotlotteryonline.com\/?page_id=77709"},"modified":"2025-03-22T08:05:38","modified_gmt":"2025-03-22T08:05:38","slug":"zistite-dnesne-vysledky-loterie-v-new-yorku","status":"publish","type":"page","link":"https:\/\/jackpotlotteryonline.com\/sk\/vyherne-cisla\/zistite-dnesne-vysledky-loterie-v-new-yorku\/","title":{"rendered":"Zistite dne\u0161n\u00e9 v\u00fdsledky lot\u00e9rie v New Yorku"},"content":{"rendered":"<p>\u013dudia s\u00fa v\u017edy nad\u0161en\u00ed z lot\u00e9rie v New Yorku a \u010dakaj\u00fa na najnov\u0161ie \u017erebovanie. Ak potrebujete dne\u0161n\u00e9 \u010d\u00edsla lot\u00e9rie v New Yorku, ste presne tam, kde by ste mali by\u0165. Kontrola \u010d\u00edsel New York Lotto je r\u00fdchla a jednoduch\u00e1, sta\u010d\u00ed p\u00e1r kliknut\u00ed.<\/p>\n<h2>Kde si m\u00f4\u017eem pozrie\u0165 dne\u0161n\u00e9 v\u00fdsledky lot\u00e9rie v New Yorku?<\/h2>\n<p>Skontrolova\u0165 dne\u0161n\u00e9 v\u00fdsledky lot\u00e9rie v New Yorku je jednoduch\u00e9 a pohodln\u00e9. Tu je miesto, kde m\u00f4\u017eete h\u013eada\u0165 v\u00fdhern\u00e9 \u010d\u00edsla;<br \/>\nSpo\u013eahnite sa na JackpotLottery pre aktu\u00e1lne v\u00fdsledky lot\u00e9rie a mo\u017enos\u0165 k\u00fapi\u0165 si tikety priamo online. Ihne\u010f po vyhl\u00e1sen\u00ed v\u00fdsledkov s\u00fa zvy\u010dajne dostupn\u00e9 na tejto platforme. Okrem toho budete v pr\u00edpade v\u00fdhry okam\u017eite informovan\u00ed, aby ste o svoju v\u00fdhru nepri\u0161li.<\/p>\n<p><strong>Kedy sa \u017erebuje lot\u00e9ria v New Yorku?<img loading=\"lazy\" decoding=\"async\" class=\" wp-image-51568 alignright\" src=\"https:\/\/jackpotlotteryonline.com\/wp-content\/uploads\/2023\/09\/8.png\" alt=\"Kde si dnes m\u00f4\u017eem pozrie\u0165 v\u00fdsledky lot\u00e9rie v New Yorku?\" width=\"233\" height=\"233\" srcset=\"https:\/\/jackpotlotteryonline.com\/wp-content\/uploads\/2023\/09\/8.png 300w, https:\/\/jackpotlotteryonline.com\/wp-content\/uploads\/2023\/09\/8-100x100.png 100w, https:\/\/jackpotlotteryonline.com\/wp-content\/uploads\/2023\/09\/8-150x150.png 150w\" sizes=\"auto, (max-width: 233px) 100vw, 233px\" \/><\/strong><\/p>\n<p>\u017drebovanie New York Lotto m\u00f4\u017eete sledova\u0165 ka\u017ed\u00fa stredu a sobotu o 23:21 v\u00fdchodn\u00e9ho \u010dasu. Pri pou\u017e\u00edvan\u00ed tejto platformy budete v\u017edy aktualizovan\u00fd. Odpo\u010d\u00edtavanie do \u017erebovania je v\u017edy zobrazen\u00e9 ved\u013ea lot\u00e9rie.<\/p>\n<h3>Ako skontrolova\u0165, \u010di ste vyhrali lot\u00e9riu v New Yorku<\/h3>\n<ul>\n<li>Ke\u010f z\u00edskate dne\u0161n\u00e9 v\u00fdsledky lot\u00e9rie v New Yorku, tieto kroky v\u00e1s preved\u00fa overen\u00edm tiketu.<\/li>\n<li>Porovnajte svoje \u010d\u00edsla: Overte, \u010di sa vami zvolen\u00e9 \u010d\u00edsla zhoduj\u00fa s vy\u017erebovan\u00fdmi \u010d\u00edslami.<\/li>\n<li>Pozrite sa, \u010di m\u00e1te doplnky: Niektor\u00e9 hry maj\u00fa bonusov\u00e9 \u010d\u00edsla a multiplik\u00e1tory.<\/li>\n<li>Ak chcete z\u00edska\u0165 v\u00fdhry, dodr\u017eujte n\u00e1\u0161 postup na uplatnenie n\u00e1roku, ktor\u00fd sa l\u00ed\u0161i v z\u00e1vislosti od v\u00fd\u0161ky v\u00fdhry, \u010do m\u00f4\u017ee zah\u0155\u0148a\u0165 online n\u00e1rokovanie men\u0161\u00edch s\u00fam alebo osobn\u00e9 overenie v pr\u00edpade ve\u013ek\u00fdch jackpotov.<\/li>\n<\/ul>\n<h2>Pokyny pre v\u00ed\u0165azov lot\u00e9rie v New Yorku<\/h2>\n<p>Ak vyhr\u00e1te v lot\u00e9rii, v\u00e1\u0161 \u017eivot sa \u010doskoro zmen\u00ed, tak\u017ee mus\u00edte robi\u0165 veci spr\u00e1vnym sp\u00f4sobom.<\/p>\n<ul>\n<li>Bu\u010fte na \u00farovni a overte si: Pred oslavou sa uistite, \u017ee v\u00e1\u0161 l\u00edstok zodpoved\u00e1 ofici\u00e1lnym \u010d\u00edslam.<\/li>\n<li>Rozhodnite sa, ako chcete svoje v\u00fdhry: Jackpoty sa be\u017ene vypl\u00e1caj\u00fa ako jedna platba alebo prostredn\u00edctvom s\u00e9rie ro\u010dn\u00fdch platieb.<\/li>\n<li>Zaistite dlhodob\u00fa bezpe\u010dnos\u0165: Po\u017eiadajte o radu finan\u010dn\u00e9ho poradcu, aby ste svoje v\u00fdhry v lot\u00e9rii spravovali rozumne.<\/li>\n<li>Uvedomte si term\u00edny na uplatnenie n\u00e1roku: Uistite sa, \u017ee ste si v\u00fdhru uplatnili v stanovenom \u010dase, preto\u017ee ka\u017ed\u00e1 hra m\u00e1 uz\u00e1vierku.<\/li>\n<\/ul>\n<p><strong>Okam\u017eite z\u00edskajte najnov\u0161ie v\u00fdsledky lot\u00e9rie v New Yorku!<\/strong><\/p>\n<p>Teraz, ke\u010f pozn\u00e1te odpove\u010f na; Kde si m\u00f4\u017eem pozrie\u0165 dne\u0161n\u00e9 v\u00fdsledky lot\u00e9rie v New Yorku, uistite sa, \u017ee \u010dasto kontrolujete svoje tikety. By\u0165 informovan\u00fd o najnov\u0161\u00edch \u017erebovaniach zvy\u0161uje va\u0161e \u0161ance na \u00faspech bez oh\u013eadu na to, \u010di hr\u00e1te n\u00e1hodne alebo o jackpot. Z\u00edskajte v\u0161etky najnov\u0161ie aktualiz\u00e1cie z JackpotLottery a zv\u00fd\u0161te svoje \u0161ance na v\u00fdhru! Prajeme v\u0161etko dobr\u00e9.<\/p>\n","protected":false},"excerpt":{"rendered":"<p>\u013dudia s\u00fa v\u017edy nad\u0161en\u00ed z lot\u00e9rie v New Yorku a \u010dakaj\u00fa na najnov\u0161ie \u017erebovanie. Ak potrebujete dne\u0161n\u00e9 \u010d\u00edsla lot\u00e9rie v New Yorku, ste presne tam, kde by ste mali by\u0165. Kontrola \u010d\u00edsel New York Lotto je r\u00fdchla a jednoduch\u00e1, sta\u010d\u00ed p\u00e1r kliknut\u00ed. Kde si m\u00f4\u017eem pozrie\u0165 dne\u0161n\u00e9 v\u00fdsledky lot\u00e9rie v New Yorku? Skontrolova\u0165 dne\u0161n\u00e9 v\u00fdsledky [&hellip;]<\/p>\n","protected":false},"author":7,"featured_media":0,"parent":35852,"menu_order":0,"comment_status":"closed","ping_status":"closed","template":"","meta":{"_et_pb_use_builder":"","_et_pb_old_content":"","_et_gb_content_width":"","exclude_from_search":false,"footnotes":""},"class_list":["post-77709","page","type-page","status-publish","hentry"],"yoast_head":"<!-- This site is optimized with the Yoast SEO plugin v23.3 - https:\/\/yoast.com\/wordpress\/plugins\/seo\/ -->\n<title>Kde si dnes m\u00f4\u017eem pozrie\u0165 v\u00fdsledky lot\u00e9rie v New Yorku<\/title>\n<meta name=\"description\" content=\"Kde si m\u00f4\u017eem pozrie\u0165 dne\u0161n\u00e9 v\u00fdsledky lot\u00e9rie v New Yorku? Zistite, kde m\u00f4\u017eete okam\u017eite skontrolova\u0165 najnov\u0161ie v\u00fdhern\u00e9 \u010d\u00edsla a zosta\u0165 v obraze\" \/>\n<meta name=\"robots\" content=\"index, follow, max-snippet:-1, max-image-preview:large, max-video-preview:-1\" \/>\n<link rel=\"canonical\" href=\"https:\/\/jackpotlotteryonline.com\/find-out-todays-results-for-new-york-lottery-2\/\" \/>\n<meta property=\"og:locale\" content=\"sk_SK\" \/>\n<meta property=\"og:type\" content=\"article\" \/>\n<meta property=\"og:title\" content=\"Kde si dnes m\u00f4\u017eem pozrie\u0165 v\u00fdsledky lot\u00e9rie v New Yorku\" \/>\n<meta property=\"og:description\" content=\"Kde si m\u00f4\u017eem pozrie\u0165 dne\u0161n\u00e9 v\u00fdsledky lot\u00e9rie v New Yorku? Zistite, kde m\u00f4\u017eete okam\u017eite skontrolova\u0165 najnov\u0161ie v\u00fdhern\u00e9 \u010d\u00edsla a zosta\u0165 v obraze\" \/>\n<meta property=\"og:url\" content=\"https:\/\/jackpotlotteryonline.com\/find-out-todays-results-for-new-york-lottery-2\/\" \/>\n<meta property=\"og:site_name\" content=\"Lotto Online - Crack The International Lottery Jackpots\" \/>\n<meta property=\"og:image\" content=\"https:\/\/jackpotlotteryonline.com\/wp-content\/uploads\/2023\/09\/8.png\" \/>\n<meta name=\"twitter:card\" content=\"summary_large_image\" \/>\n<!-- \/ Yoast SEO plugin. -->","yoast_head_json":{"title":"Kde si dnes m\u00f4\u017eem pozrie\u0165 v\u00fdsledky lot\u00e9rie v New Yorku","description":"Kde si m\u00f4\u017eem pozrie\u0165 dne\u0161n\u00e9 v\u00fdsledky lot\u00e9rie v New Yorku? Zistite, kde m\u00f4\u017eete okam\u017eite skontrolova\u0165 najnov\u0161ie v\u00fdhern\u00e9 \u010d\u00edsla a zosta\u0165 v obraze","robots":{"index":"index","follow":"follow","max-snippet":"max-snippet:-1","max-image-preview":"max-image-preview:large","max-video-preview":"max-video-preview:-1"},"canonical":"https:\/\/jackpotlotteryonline.com\/find-out-todays-results-for-new-york-lottery-2\/","og_locale":"sk_SK","og_type":"article","og_title":"Kde si dnes m\u00f4\u017eem pozrie\u0165 v\u00fdsledky lot\u00e9rie v New Yorku","og_description":"Kde si m\u00f4\u017eem pozrie\u0165 dne\u0161n\u00e9 v\u00fdsledky lot\u00e9rie v New Yorku? Zistite, kde m\u00f4\u017eete okam\u017eite skontrolova\u0165 najnov\u0161ie v\u00fdhern\u00e9 \u010d\u00edsla a zosta\u0165 v obraze","og_url":"https:\/\/jackpotlotteryonline.com\/find-out-todays-results-for-new-york-lottery-2\/","og_site_name":"Lotto Online - Crack The International Lottery Jackpots","og_image":[{"url":"https:\/\/jackpotlotteryonline.com\/wp-content\/uploads\/2023\/09\/8.png"}],"twitter_card":"summary_large_image","schema":{"@context":"https:\/\/schema.org","@graph":[{"@type":"WebPage","@id":"https:\/\/jackpotlotteryonline.com\/find-out-todays-results-for-new-york-lottery-2\/","url":"https:\/\/jackpotlotteryonline.com\/find-out-todays-results-for-new-york-lottery-2\/","name":"Kde si dnes m\u00f4\u017eem pozrie\u0165 v\u00fdsledky lot\u00e9rie v New Yorku","isPartOf":{"@id":"https:\/\/jackpotlotteryonline.com\/#website"},"primaryImageOfPage":{"@id":"https:\/\/jackpotlotteryonline.com\/find-out-todays-results-for-new-york-lottery-2\/#primaryimage"},"image":{"@id":"https:\/\/jackpotlotteryonline.com\/find-out-todays-results-for-new-york-lottery-2\/#primaryimage"},"thumbnailUrl":"https:\/\/jackpotlotteryonline.com\/wp-content\/uploads\/2023\/09\/8.png","datePublished":"2025-03-22T08:05:38+00:00","dateModified":"2025-03-22T08:05:38+00:00","description":"Kde si m\u00f4\u017eem pozrie\u0165 dne\u0161n\u00e9 v\u00fdsledky lot\u00e9rie v New Yorku? Zistite, kde m\u00f4\u017eete okam\u017eite skontrolova\u0165 najnov\u0161ie v\u00fdhern\u00e9 \u010d\u00edsla a zosta\u0165 v obraze","breadcrumb":{"@id":"https:\/\/jackpotlotteryonline.com\/find-out-todays-results-for-new-york-lottery-2\/#breadcrumb"},"inLanguage":"sk-SK","potentialAction":[{"@type":"ReadAction","target":["https:\/\/jackpotlotteryonline.com\/find-out-todays-results-for-new-york-lottery-2\/"]}]},{"@type":"ImageObject","inLanguage":"sk-SK","@id":"https:\/\/jackpotlotteryonline.com\/find-out-todays-results-for-new-york-lottery-2\/#primaryimage","url":"https:\/\/jackpotlotteryonline.com\/wp-content\/uploads\/2023\/09\/8.png","contentUrl":"https:\/\/jackpotlotteryonline.com\/wp-content\/uploads\/2023\/09\/8.png"},{"@type":"BreadcrumbList","@id":"https:\/\/jackpotlotteryonline.com\/find-out-todays-results-for-new-york-lottery-2\/#breadcrumb","itemListElement":[{"@type":"ListItem","position":1,"name":"Home","item":"https:\/\/jackpotlotteryonline.com\/sk\/"},{"@type":"ListItem","position":2,"name":"Zistite dne\u0161n\u00e9 v\u00fdsledky lot\u00e9rie v New Yorku"}]},{"@type":"WebSite","@id":"https:\/\/jackpotlotteryonline.com\/#website","url":"https:\/\/jackpotlotteryonline.com\/","name":"Lotto Online - Crack The International Lottery Jackpots","description":"","potentialAction":[{"@type":"SearchAction","target":{"@type":"EntryPoint","urlTemplate":"https:\/\/jackpotlotteryonline.com\/?s={search_term_string}"},"query-input":"required name=search_term_string"}],"inLanguage":"sk-SK"}]}},"_links":{"self":[{"href":"https:\/\/jackpotlotteryonline.com\/sk\/wp-json\/wp\/v2\/pages\/77709","targetHints":{"allow":["GET"]}}],"collection":[{"href":"https:\/\/jackpotlotteryonline.com\/sk\/wp-json\/wp\/v2\/pages"}],"about":[{"href":"https:\/\/jackpotlotteryonline.com\/sk\/wp-json\/wp\/v2\/types\/page"}],"author":[{"embeddable":true,"href":"https:\/\/jackpotlotteryonline.com\/sk\/wp-json\/wp\/v2\/users\/7"}],"replies":[{"embeddable":true,"href":"https:\/\/jackpotlotteryonline.com\/sk\/wp-json\/wp\/v2\/comments?post=77709"}],"version-history":[{"count":1,"href":"https:\/\/jackpotlotteryonline.com\/sk\/wp-json\/wp\/v2\/pages\/77709\/revisions"}],"predecessor-version":[{"id":77710,"href":"https:\/\/jackpotlotteryonline.com\/sk\/wp-json\/wp\/v2\/pages\/77709\/revisions\/77710"}],"up":[{"embeddable":true,"href":"https:\/\/jackpotlotteryonline.com\/sk\/wp-json\/wp\/v2\/pages\/35852"}],"wp:attachment":[{"href":"https:\/\/jackpotlotteryonline.com\/sk\/wp-json\/wp\/v2\/media?parent=77709"}],"curies":[{"name":"wp","href":"https:\/\/api.w.org\/{rel}","templated":true}]}}