{"id":77781,"date":"2025-03-22T09:05:03","date_gmt":"2025-03-22T09:05:03","guid":{"rendered":"https:\/\/jackpotlotteryonline.com\/?page_id=77781"},"modified":"2025-03-22T09:06:04","modified_gmt":"2025-03-22T09:06:04","slug":"tsvaga-maitiro-ekutamba-iyo-new-york-lottery-kubva-kunze-kweus","status":"publish","type":"page","link":"https:\/\/jackpotlotteryonline.com\/sk\/tsvaga-maitiro-ekutamba-iyo-new-york-lottery-kubva-kunze-kweus\/","title":{"rendered":"Zistite, ako hra\u0165 newyorsk\u00fa lot\u00e9riu z kraj\u00edn mimo USA"},"content":{"rendered":"<p>Tak\u017ee, chcete hra\u0165 New York Lottery, aj ke\u010f ste na polceste cez zemegu\u013eu? Tie newyorsk\u00e9 jackpoty s\u00fa tak\u00e9 obrovsk\u00e9. Nie s\u00fa vtipn\u00e9. \u013dudia z cel\u00e9ho sveta sn\u00edvaj\u00fa o v\u00ed\u0165azstve. Dobre, predstavte si toto: New York Lottery, v\u0161ak? Ve\u013ek\u00e9 ceny, v\u00fdhry, ktor\u00e9 menia \u017eivot. Ale nie ste pr\u00e1ve na Times Square. \u017diadny pot! V\u010faka Jackpotlotteryonline; kde si m\u00f4\u017eete k\u00fapi\u0165 l\u00edstky do lot\u00e9rie New York mimo USA, m\u00f4\u017eete sa do hry \u00faplne pusti\u0165 odkia\u013eko\u013evek.<\/p>\n<h2>M\u00f4\u017eete hra\u0165 newyorsk\u00fa lot\u00e9riu z kraj\u00edn mimo USA<img loading=\"lazy\" decoding=\"async\" class=\" wp-image-28535 alignright\" src=\"http:\/\/jackpotlotteryonline.com\/wp-content\/uploads\/2022\/11\/1_online_lottery_success-300x213.jpg\" z New Yorku The Outside do New Yorku alt width=\"220\" height=\"156\" srcset=\"https:\/\/jackpotlotteryonline.com\/wp-content\/uploads\/2022\/11\/1_online_lottery_success-300x213.jpg 300w, https:\/\/jackpotlotteryonline.com\/wp-content\/uploads\/2022\/11\/1_online_lottery_success.jpg 320w\" sizes=\"auto, (max-width: 220px) 100vw, 220px\" \/><\/h2>\n<p>\u00c1no, a nemus\u00edte by\u0165 v New Yorku a dokonca ani v USA. Na\u0161a platforma v\u00e1m umo\u017e\u0148uje z\u00edska\u0165 vstupenky a zapoji\u0165 sa do z\u00e1bavy, ako ke\u010f si niekto kupuje l\u00edstok v obchode na rohu. M\u00e1te rovnak\u00fa \u0161ancu trafi\u0165 jackpot.<\/p>\n<h3>Ako hra\u0165 lot\u00e9riu New York z kraj\u00edn mimo USA<\/h3>\n<p>S Jackpotlotteryonline je to super jednoduch\u00e9:<\/p>\n<ul>\n<li>Vytvorte si \u00fa\u010det: zaregistrujte sa, zadajte svoje inform\u00e1cie a dok\u00e1\u017ete, \u017ee ste to vy. Majte svoje vstupenky a hotovos\u0165 v bezpe\u010d\u00ed.<\/li>\n<li>Za\u010dnite n\u00e1jden\u00edm sekcie Lot\u00e9ria a potom vyberte hru New York Lotto.<\/li>\n<li>Vyberte si svoje \u0161\u0165astn\u00e9 \u010d\u00edsla: Vyberte \u0161es\u0165 \u010d\u00edsel (1 \u2013 59) alebo stla\u010dte tla\u010didlo funkcie r\u00fdchleho v\u00fdberu.<\/li>\n<li>K\u00fapte si l\u00edstok: Zapla\u0165te \u010d\u00edmko\u013evek, \u010do funguje, a my v\u00e1m po\u0161leme naskenovan\u00fd v\u00e1\u0161 ofici\u00e1lny l\u00edstok.<\/li>\n<li>Po\u010dkajte na \u017erebovanie: \u017drebovanie prebieha v stredu a v sobotu ve\u010der. Skontrolujte v\u00fdsledky na tejto platforme.<\/li>\n<\/ul>\n<h3>Pre\u010do aj tak hra\u0165 online?<\/h3>\n<ul>\n<li>Jednoduch\u00e9: Hrajte z pohovky, nie je potrebn\u00e9 cestova\u0165.<\/li>\n<li>R\u00fdchle l\u00edstky: K\u00fapte si ich r\u00fdchlo, bez radov.<\/li>\n<li>\u017diadne straten\u00e9 vstupenky: Va\u0161e vstupenky \u017eij\u00fa online, bezpe\u010dne a v poriadku.<\/li>\n<li>Vyhrali ste!: Hne\u010f v\u00e1m to povieme a mal\u00e9 v\u00fdhry id\u00fa priamo na v\u00e1\u0161 \u00fa\u010det.<br \/>\nBezpe\u010dn\u00e1 hotovos\u0165: Postar\u00e1me sa o to, aby ste dostali svoje v\u00fdhry, \u017eiadne vtipn\u00e9 z\u00e1le\u017eitosti.<\/li>\n<\/ul>\n<p><strong>Z\u00edskanie pe\u0148az\u00ed, ke\u010f vyhr\u00e1te:<\/strong><\/p>\n<ul>\n<li>Mal\u00e9 v\u00fdhry: D\u00e1me to priamo na v\u00e1\u0161 \u00fa\u010det.<\/li>\n<li>Ve\u013ek\u00e9 v\u00fdhry: Pom\u00f4\u017eeme v\u00e1m ich z\u00edska\u0165, mo\u017eno aj osobne.<\/li>\n<li>\u00daplne bezpe\u010dn\u00e9: Va\u0161e v\u00fdhry dr\u017e\u00edme pod z\u00e1mkom.<\/li>\n<\/ul>\n<p><strong>Chcete sk\u00fasi\u0165 svoje \u0161\u0165astie?<\/strong><br \/>\nHra\u0165 New York Lottery na celom svete je teraz neuverite\u013ene jednoduch\u00e9. Jackpotlotteryonline v\u00e1m prin\u00e1\u0161a vzru\u0161enie z lot\u00e9rie v New Yorku, nech ste kdeko\u013evek. V\u00fdber \u010d\u00edsel je hra\u010dka, \u010di u\u017e si ich vyberiete sami, alebo pou\u017eijete r\u00fdchly v\u00fdber, a je to v\u017edy bezpe\u010dn\u00e9 a jednoduch\u00e9. Teraz, ke\u010f m\u00f4\u017eete hra\u0165 l\u00edstky do lot\u00e9rie New York mimo USA, zaregistrujte sa alebo sa prihl\u00e1ste na na\u0161ej platforme, ak u\u017e u n\u00e1s m\u00e1te \u00fa\u010det a zapojte sa do z\u00e1bavy. Ktovie, mo\u017eno pr\u00e1ve vyhr\u00e1te ve\u013ea! V\u00e1\u0161 sen o jackpote m\u00f4\u017ee by\u0165 vzdialen\u00fd len p\u00e1r kliknut\u00ed.<\/p>\n","protected":false},"excerpt":{"rendered":"<p>Tak\u017ee, chcete hra\u0165 New York Lottery, aj ke\u010f ste na polceste cez zemegu\u013eu? Tie newyorsk\u00e9 jackpoty s\u00fa tak\u00e9 obrovsk\u00e9. Nie s\u00fa vtipn\u00e9. \u013dudia z cel\u00e9ho sveta sn\u00edvaj\u00fa o v\u00ed\u0165azstve. Dobre, predstavte si toto: New York Lottery, v\u0161ak? Ve\u013ek\u00e9 ceny, v\u00fdhry, ktor\u00e9 menia \u017eivot. Ale nie ste pr\u00e1ve na Times Square. \u017diadny pot! V\u010faka Jackpotlotteryonline; kde [&hellip;]<\/p>\n","protected":false},"author":7,"featured_media":0,"parent":0,"menu_order":0,"comment_status":"closed","ping_status":"closed","template":"","meta":{"_et_pb_use_builder":"","_et_pb_old_content":"","_et_gb_content_width":"","exclude_from_search":false,"footnotes":""},"class_list":["post-77781","page","type-page","status-publish","hentry"],"yoast_head":"<!-- This site is optimized with the Yoast SEO plugin v23.3 - https:\/\/yoast.com\/wordpress\/plugins\/seo\/ -->\n<title>Ako hra\u0165 lot\u00e9riu v New Yorku mimo \u00fazemia Spojen\u00fdch \u0161t\u00e1tov<\/title>\n<meta name=\"description\" content=\"Zistite, ako hra\u0165 newyorsk\u00fa lot\u00e9riu mimo \u00fazemia USA Objavte online mo\u017enosti a ako z\u00edska\u0165 ceny odkia\u013eko\u013evek\" \/>\n<meta name=\"robots\" content=\"index, follow, max-snippet:-1, max-image-preview:large, max-video-preview:-1\" \/>\n<link rel=\"canonical\" href=\"https:\/\/jackpotlotteryonline.com\/find-out-how-to-play-the-new-york-lottery-from-outside-the-us\/\" \/>\n<meta property=\"og:locale\" content=\"sk_SK\" \/>\n<meta property=\"og:type\" content=\"article\" \/>\n<meta property=\"og:title\" content=\"Ako hra\u0165 lot\u00e9riu v New Yorku mimo \u00fazemia Spojen\u00fdch \u0161t\u00e1tov\" \/>\n<meta property=\"og:description\" content=\"Zistite, ako hra\u0165 newyorsk\u00fa lot\u00e9riu mimo \u00fazemia USA Objavte online mo\u017enosti a ako z\u00edska\u0165 ceny odkia\u013eko\u013evek\" \/>\n<meta property=\"og:url\" content=\"https:\/\/jackpotlotteryonline.com\/find-out-how-to-play-the-new-york-lottery-from-outside-the-us\/\" \/>\n<meta property=\"og:site_name\" content=\"Lotto Online - Crack The International Lottery Jackpots\" \/>\n<meta property=\"article:modified_time\" content=\"2025-03-22T09:06:04+00:00\" \/>\n<meta property=\"og:image\" content=\"http:\/\/jackpotlotteryonline.com\/wp-content\/uploads\/2022\/11\/1_online_lottery_success-300x213.jpg\" \/>\n<meta name=\"twitter:card\" content=\"summary_large_image\" \/>\n<meta name=\"twitter:label1\" content=\"Predpokladan\u00fd \u010das \u010d\u00edtania\" \/>\n\t<meta name=\"twitter:data1\" content=\"2 min\u00faty\" \/>\n<!-- \/ Yoast SEO plugin. -->","yoast_head_json":{"title":"Ako hra\u0165 lot\u00e9riu v New Yorku mimo \u00fazemia Spojen\u00fdch \u0161t\u00e1tov","description":"Zistite, ako hra\u0165 newyorsk\u00fa lot\u00e9riu mimo \u00fazemia USA Objavte online mo\u017enosti a ako z\u00edska\u0165 ceny odkia\u013eko\u013evek","robots":{"index":"index","follow":"follow","max-snippet":"max-snippet:-1","max-image-preview":"max-image-preview:large","max-video-preview":"max-video-preview:-1"},"canonical":"https:\/\/jackpotlotteryonline.com\/find-out-how-to-play-the-new-york-lottery-from-outside-the-us\/","og_locale":"sk_SK","og_type":"article","og_title":"Ako hra\u0165 lot\u00e9riu v New Yorku mimo \u00fazemia Spojen\u00fdch \u0161t\u00e1tov","og_description":"Zistite, ako hra\u0165 newyorsk\u00fa lot\u00e9riu mimo \u00fazemia USA Objavte online mo\u017enosti a ako z\u00edska\u0165 ceny odkia\u013eko\u013evek","og_url":"https:\/\/jackpotlotteryonline.com\/find-out-how-to-play-the-new-york-lottery-from-outside-the-us\/","og_site_name":"Lotto Online - Crack The International Lottery Jackpots","article_modified_time":"2025-03-22T09:06:04+00:00","og_image":[{"url":"http:\/\/jackpotlotteryonline.com\/wp-content\/uploads\/2022\/11\/1_online_lottery_success-300x213.jpg"}],"twitter_card":"summary_large_image","twitter_misc":{"Predpokladan\u00fd \u010das \u010d\u00edtania":"2 min\u00faty"},"schema":{"@context":"https:\/\/schema.org","@graph":[{"@type":"WebPage","@id":"https:\/\/jackpotlotteryonline.com\/find-out-how-to-play-the-new-york-lottery-from-outside-the-us\/","url":"https:\/\/jackpotlotteryonline.com\/find-out-how-to-play-the-new-york-lottery-from-outside-the-us\/","name":"Ako hra\u0165 lot\u00e9riu v New Yorku mimo \u00fazemia Spojen\u00fdch \u0161t\u00e1tov","isPartOf":{"@id":"https:\/\/jackpotlotteryonline.com\/#website"},"primaryImageOfPage":{"@id":"https:\/\/jackpotlotteryonline.com\/find-out-how-to-play-the-new-york-lottery-from-outside-the-us\/#primaryimage"},"image":{"@id":"https:\/\/jackpotlotteryonline.com\/find-out-how-to-play-the-new-york-lottery-from-outside-the-us\/#primaryimage"},"thumbnailUrl":"http:\/\/jackpotlotteryonline.com\/wp-content\/uploads\/2022\/11\/1_online_lottery_success-300x213.jpg","datePublished":"2025-03-22T09:05:03+00:00","dateModified":"2025-03-22T09:06:04+00:00","description":"Zistite, ako hra\u0165 newyorsk\u00fa lot\u00e9riu mimo \u00fazemia USA Objavte online mo\u017enosti a ako z\u00edska\u0165 ceny odkia\u013eko\u013evek","breadcrumb":{"@id":"https:\/\/jackpotlotteryonline.com\/find-out-how-to-play-the-new-york-lottery-from-outside-the-us\/#breadcrumb"},"inLanguage":"sk-SK","potentialAction":[{"@type":"ReadAction","target":["https:\/\/jackpotlotteryonline.com\/find-out-how-to-play-the-new-york-lottery-from-outside-the-us\/"]}]},{"@type":"ImageObject","inLanguage":"sk-SK","@id":"https:\/\/jackpotlotteryonline.com\/find-out-how-to-play-the-new-york-lottery-from-outside-the-us\/#primaryimage","url":"http:\/\/jackpotlotteryonline.com\/wp-content\/uploads\/2022\/11\/1_online_lottery_success-300x213.jpg","contentUrl":"http:\/\/jackpotlotteryonline.com\/wp-content\/uploads\/2022\/11\/1_online_lottery_success-300x213.jpg"},{"@type":"BreadcrumbList","@id":"https:\/\/jackpotlotteryonline.com\/find-out-how-to-play-the-new-york-lottery-from-outside-the-us\/#breadcrumb","itemListElement":[{"@type":"ListItem","position":1,"name":"Home","item":"https:\/\/jackpotlotteryonline.com\/sk\/"},{"@type":"ListItem","position":2,"name":"Zistite, ako hra\u0165 newyorsk\u00fa lot\u00e9riu z kraj\u00edn mimo USA"}]},{"@type":"WebSite","@id":"https:\/\/jackpotlotteryonline.com\/#website","url":"https:\/\/jackpotlotteryonline.com\/","name":"Lotto Online - Crack The International Lottery Jackpots","description":"","potentialAction":[{"@type":"SearchAction","target":{"@type":"EntryPoint","urlTemplate":"https:\/\/jackpotlotteryonline.com\/?s={search_term_string}"},"query-input":"required name=search_term_string"}],"inLanguage":"sk-SK"}]}},"_links":{"self":[{"href":"https:\/\/jackpotlotteryonline.com\/sk\/wp-json\/wp\/v2\/pages\/77781","targetHints":{"allow":["GET"]}}],"collection":[{"href":"https:\/\/jackpotlotteryonline.com\/sk\/wp-json\/wp\/v2\/pages"}],"about":[{"href":"https:\/\/jackpotlotteryonline.com\/sk\/wp-json\/wp\/v2\/types\/page"}],"author":[{"embeddable":true,"href":"https:\/\/jackpotlotteryonline.com\/sk\/wp-json\/wp\/v2\/users\/7"}],"replies":[{"embeddable":true,"href":"https:\/\/jackpotlotteryonline.com\/sk\/wp-json\/wp\/v2\/comments?post=77781"}],"version-history":[{"count":2,"href":"https:\/\/jackpotlotteryonline.com\/sk\/wp-json\/wp\/v2\/pages\/77781\/revisions"}],"predecessor-version":[{"id":77783,"href":"https:\/\/jackpotlotteryonline.com\/sk\/wp-json\/wp\/v2\/pages\/77781\/revisions\/77783"}],"wp:attachment":[{"href":"https:\/\/jackpotlotteryonline.com\/sk\/wp-json\/wp\/v2\/media?parent=77781"}],"curies":[{"name":"wp","href":"https:\/\/api.w.org\/{rel}","templated":true}]}}