{"id":31983,"date":"2022-11-01T09:39:54","date_gmt":"2022-11-01T09:39:54","guid":{"rendered":"https:\/\/jackpotlotteryonline.com\/?page_id=31983"},"modified":"2023-01-06T11:57:08","modified_gmt":"2023-01-06T11:57:08","slug":"home","status":"publish","type":"page","link":"https:\/\/jackpotlotteryonline.com\/sl\/","title":{"rendered":"Home"},"content":{"rendered":"<h2>Igrajte loto prek spleta in izbolj\u0161ajte svoje mo\u017enosti<\/h2>\n<p>Predstavljamo vam na\u010dine, kako lahko preprosto <a href=\"https:\/\/jackpotlotteryonline.com\/sl\/kako-igrati\">igrate loto na spletu<\/a> &#8211; za VSE tiste velike dobitke, za loterije ne le v va\u0161i dr\u017eavi, ampak povsod po svetu. Va\u0161a nacionalna loterija nima privla\u010dnih loterij? To ni ve\u010d te\u017eava, le \u0161e za res velike dobitke. Ne zapravljajte denarja za majhne dobitke &#8211; tam zunaj so loterije z ogromnimi glavnimi dobitki.<\/p>\n<p><strong>Preverite pasice na na\u0161i spletni strani in si oglejte najve\u010dje glavne dobitke, za katere lahko trenutno igrate.<\/strong><br \/>\n<img loading=\"lazy\" decoding=\"async\" class=\"size-full wp-image-18302 alignright\" src=\"http:\/\/jackpotlotteryonline.com\/wp-content\/uploads\/2022\/10\/ticket_balls.jpg\" alt=\"Igrajte loto na spletu\" width=\"297\" height=\"101\" \/><\/p>\n<p>Vsi ti veliki loterijski dogodki z glavnimi dobitki so zdaj enostavno na voljo, ne glede na to, kje \u017eivite. Preprosto kliknite eno od povezav za igranje lota na spletu in se prijavite na RedFoxLotto, kjer lahko prek spleta kupite sre\u010dko za vsakega od teh velikih jackpotov! RedFoxLotto vam omogo\u010da, da kupite sre\u010dko za katerega koli od najve\u010djih jackpotov na svetu, ne glede na to, kje \u017eivite. Za vas bodo zanesljivo kupili va\u0161o sre\u010dko in poskrbeli, da boste prejeli svoj dobitek.<\/p>\n<h2>Pridobite dostop do mednarodnih loterij<\/h2>\n<p>Na na\u0161i spletni strani vam nudimo podrobne informacije o vseh velikih svetovnih loterijah z jackpotom, kako igrati prek spleta, kako pla\u010dati, kako dobiti dobitek in kaj morate storiti, \u010de jackpot razbijete. Preprosto preberite \u010dlanke o tem, kako sodelovati, in ocene loterij na tej spletni strani (preverite zgornji meni) in zlahka boste izbrali pravi dogodek zase.<\/p>\n<h2>Enostavno je igrati prek spleta<\/h2>\n<p>Ne glede na to, ali \u017eelite igrati ameri\u0161ki jackpot Powerball, jackpot EuroMillions, \u0161panski El Gordo, italijansko SuperEnaLotto ali katero koli drugo loterijo, lahko vse <a href=\"https:\/\/jackpotlotteryonline.com\/sl\/kupiti-vstopnice\">svoje sre\u010dke kupite na enem mestu<\/a> &#8211; tukaj na na\u0161i spletni strani<\/p>\n<p>Z na\u0161o pomo\u010djo niste ve\u010d omejeni na nacionalno loterijo &#8211; zdaj lahko prek spleta igrate spletno loterijo za kateri koli dogodek, ki ga \u017eelite. Tako lahko izberete glavni dobitek, ki je trenutno najvi\u0161ji, in tako pove\u010date svoje mo\u017enosti za veliko zmago. Lahko pa izberete loto, ki bo iz\u017ereban naslednji\u010d &#8211; tako vam ne bo treba ve\u010dno \u010dakati, da bi izvedeli, ali ste zmagali! Vse od izbire glavnega dobitka loterije do izbire \u0161tevilk in vpla\u010dila je tako preprosto, kot je le mogo\u010de.<\/p>\n<section class=\"layout\" style=\"border: solid 1px; width: 100%;\">\n<div class=\"img-div\" style=\"margin-top: 5px;\"><img decoding=\"async\" class=\"wp-image-17212 alignleft\" style=\"height: 45px; margin: 8px 8px 0px;\" src=\"http:\/\/jackpotlotteryonline.com\/wp-content\/uploads\/2022\/11\/read1.jpg\" alt=\"Preberite\" width=\"\" height=\"\" \/><\/div>\n<div style=\"padding-left: 5px;\">\n<div style=\"font-size: 1.1em;\">\n<p><strong>Ali je igranje loterije iz drugih dr\u017eav na spletu zakonito?<\/strong><\/p>\n<p style=\"font-size: 0.85em; margin-top: -1.5em;\">Ali je zakonito kupiti loterijski listek prek spleta in ali bom dejansko prejel pla\u010dilo?\u00a0<a href=\"https:\/\/jackpotlotteryonline.com\/sl\/ali-je-igranje-loterij-iz-drugih-drzav-na-spletu-zakonito\"> preberi ve\u010d<\/a><\/p>\n<\/div>\n<\/div>\n<\/section>\n<h2>Spletni servis sre\u010dk<\/h2>\n<p>Deluje takole: Ponujamo kurirsko storitev za mednarodne sre\u010dke za loto. S klikom na eno od zgornjih pasic izberete loterijo, ki jo \u017eelite igrati na spletu. Nato izberete svoje \u0161tevilke na spletu. \u010ce \u017eelite, da \u0161tevilke lota izbere generator naklju\u010dnih \u0161tevilk, lahko izberete tudi to. Ko izberete \u0161tevilke, se prijavite na ra\u010dun in izberete na\u010din pla\u010dila za sre\u010dko lotto. Na voljo je ve\u010d varnih na\u010dinov pla\u010dila.<\/p>\n<p>Na\u0161i zastopniki nato kupijo sre\u010dko za vas in vam kot dokazilo o nakupu po\u0161ljejo potrditveno e-po\u0161tno sporo\u010dilo. Skenirana kopija va\u0161e sre\u010dke lotto se bo kmalu po nakupu prikazala v va\u0161em ra\u010dunu.<\/p>\n<h2>Prednosti igranja mednarodnih loterij prek spleta<\/h2>\n<ul>\n<li>Ve\u010d izbire &#8211; namesto da bi bili prisiljeni igrati lokalno loterijo, ne glede na to, kako velik je trenutni glavni dobitek, lahko izbirate med ve\u010d loterijami<\/li>\n<li>Bolj\u0161e razmerje med ceno in kakovostjo &#8211; namesto da bi na primer pla\u010dali 2 \u20ac za sre\u010dko, na kateri lahko osvojite 1 milijon \u20ac, lahko igrate za Mega-Jackpot v vi\u0161ini 100 milijonov \u20ac ali veliko ve\u010d. Tudi \u010de za ve\u010djo loterijo pla\u010date vi\u0161jo ceno na sre\u010dko, je matemati\u010dno gledano bolje, da svoj denar porabite za igro za ve\u010djo nagrado.<\/li>\n<li>Priro\u010dnost &#8211; za sre\u010dko vam ni treba ve\u010d zapustiti hi\u0161e. Loterijo lahko kupite od doma ali pa za igranje loterije uporabite mobilni telefon.<\/li>\n<li>Varnost &#8211; spletne loterijske sre\u010dke ni mogo\u010de izgubiti, tako kot fizi\u010dne loterijske sre\u010dke. Loterijske sre\u010dke so varno shranjene v va\u0161em spletnem ra\u010dunu.<\/li>\n<\/ul>\n<h2>Kdaj potekajo \u017erebanja za vse te loterije?<\/h2>\n<p>Oglejte si spodnjo sliko. Prikazuje pregled dni v tednu za \u017erebanja najve\u010djih loterij.<br \/>\n<img loading=\"lazy\" decoding=\"async\" class=\"wp-image-17843 aligncenter\" src=\"http:\/\/jackpotlotteryonline.com\/wp-content\/uploads\/2022\/10\/Lotto-draw-calendar-UTC-300x50.jpg\" alt=\"\u010crpanje loterije \u010dasi\" width=\"684\" height=\"114\" srcset=\"https:\/\/jackpotlotteryonline.com\/wp-content\/uploads\/2022\/10\/Lotto-draw-calendar-UTC-300x50.jpg 300w, https:\/\/jackpotlotteryonline.com\/wp-content\/uploads\/2022\/10\/Lotto-draw-calendar-UTC-600x101.jpg 600w, https:\/\/jackpotlotteryonline.com\/wp-content\/uploads\/2022\/10\/Lotto-draw-calendar-UTC-1024x172.jpg 1024w, https:\/\/jackpotlotteryonline.com\/wp-content\/uploads\/2022\/10\/Lotto-draw-calendar-UTC-768x129.jpg 768w, https:\/\/jackpotlotteryonline.com\/wp-content\/uploads\/2022\/10\/Lotto-draw-calendar-UTC.jpg 1287w\" sizes=\"auto, (max-width: 684px) 100vw, 684px\" \/><\/p>\n<h2>Kaj pa, \u010de osvojite loterijski dobitek?<\/h2>\n<p>\u010ce boste zmagali, vam bomo poslali obvestilo o va\u0161em dobitku po elektronski po\u0161ti. Nikoli ne smete zamuditi dobitka ali izgubiti sre\u010dke. Va\u0161 zahtevek za izpla\u010dilo bomo obdelali tako, da ga bomo posredovali loterijskemu podjetju, ki vam bo nato izdalo \u010dek ali preneslo dobitek na va\u0161 ban\u010dni ra\u010dun. \u010ce osvojite velik glavni dobitek, se boste v nekaterih primerih morali osebno zglasiti na sede\u017eu loterije. To ni te\u017eava, kajne?<\/p>\n<p>Manj\u0161i dobitki do 2500 EUR bodo takoj dodani na va\u0161 igralni ra\u010dun, vi pa jih lahko izpla\u010date ali pa sredstva uporabite za nakup ve\u010d sre\u010dk.<\/p>\n<p><strong>To je na\u010din delovanja. Ste pripravljeni na velik dobitek? \u0160e danes si priskrbite sre\u010dke!<\/strong><\/p>\n","protected":false},"excerpt":{"rendered":"<p>Igrajte loto prek spleta in izbolj\u0161ajte svoje mo\u017enosti Predstavljamo vam na\u010dine, kako lahko preprosto igrate loto na spletu &#8211; za VSE tiste velike dobitke, za loterije ne le v va\u0161i dr\u017eavi, ampak povsod po svetu. Va\u0161a nacionalna loterija nima privla\u010dnih loterij? To ni ve\u010d te\u017eava, le \u0161e za res velike dobitke. Ne zapravljajte denarja za [&hellip;]<\/p>\n","protected":false},"author":1,"featured_media":0,"parent":0,"menu_order":1,"comment_status":"closed","ping_status":"closed","template":"lotto.php","meta":{"_et_pb_use_builder":"","_et_pb_old_content":"","_et_gb_content_width":"","exclude_from_search":false,"footnotes":""},"class_list":["post-31983","page","type-page","status-publish","hentry"],"yoast_head":"<!-- This site is optimized with the Yoast SEO plugin v23.3 - https:\/\/yoast.com\/wordpress\/plugins\/seo\/ -->\n<title>Igrajte Lotto na spletu - Razbijte jackpote mednarodne loterije!<\/title>\n<meta name=\"description\" content=\"Priskrbite si vstopnico za loterijske jackpote po vsem svetu - igrajte vse na spletu in osvojite milijone\" \/>\n<meta name=\"robots\" content=\"index, follow, max-snippet:-1, max-image-preview:large, max-video-preview:-1\" \/>\n<link rel=\"canonical\" href=\"https:\/\/jackpotlotteryonline.com\/sl\/\" \/>\n<meta property=\"og:locale\" content=\"sl_SI\" \/>\n<meta property=\"og:type\" content=\"article\" \/>\n<meta property=\"og:title\" content=\"Igrajte Lotto na spletu - Razbijte jackpote mednarodne loterije!\" \/>\n<meta property=\"og:description\" content=\"Priskrbite si vstopnico za loterijske jackpote po vsem svetu - igrajte vse na spletu in osvojite milijone\" \/>\n<meta property=\"og:url\" content=\"https:\/\/jackpotlotteryonline.com\/sl\/\" \/>\n<meta property=\"og:site_name\" content=\"Lotto Online - Crack The International Lottery Jackpots\" \/>\n<meta property=\"article:modified_time\" content=\"2023-01-06T11:57:08+00:00\" \/>\n<meta property=\"og:image\" content=\"http:\/\/jackpotlotteryonline.com\/wp-content\/uploads\/2022\/10\/ticket_balls.jpg\" \/>\n<meta name=\"twitter:card\" content=\"summary_large_image\" \/>\n<meta name=\"twitter:label1\" content=\"Est. reading time\" \/>\n\t<meta name=\"twitter:data1\" content=\"4 minute\" \/>\n<!-- \/ Yoast SEO plugin. -->","yoast_head_json":{"title":"Igrajte Lotto na spletu - Razbijte jackpote mednarodne loterije!","description":"Priskrbite si vstopnico za loterijske jackpote po vsem svetu - igrajte vse na spletu in osvojite milijone","robots":{"index":"index","follow":"follow","max-snippet":"max-snippet:-1","max-image-preview":"max-image-preview:large","max-video-preview":"max-video-preview:-1"},"canonical":"https:\/\/jackpotlotteryonline.com\/sl\/","og_locale":"sl_SI","og_type":"article","og_title":"Igrajte Lotto na spletu - Razbijte jackpote mednarodne loterije!","og_description":"Priskrbite si vstopnico za loterijske jackpote po vsem svetu - igrajte vse na spletu in osvojite milijone","og_url":"https:\/\/jackpotlotteryonline.com\/sl\/","og_site_name":"Lotto Online - Crack The International Lottery Jackpots","article_modified_time":"2023-01-06T11:57:08+00:00","og_image":[{"url":"http:\/\/jackpotlotteryonline.com\/wp-content\/uploads\/2022\/10\/ticket_balls.jpg"}],"twitter_card":"summary_large_image","twitter_misc":{"Est. reading time":"4 minute"},"schema":{"@context":"https:\/\/schema.org","@graph":[{"@type":"WebPage","@id":"https:\/\/jackpotlotteryonline.com\/sl\/","url":"https:\/\/jackpotlotteryonline.com\/sl\/","name":"Igrajte Lotto na spletu - Razbijte jackpote mednarodne loterije!","isPartOf":{"@id":"https:\/\/jackpotlotteryonline.com\/#website"},"primaryImageOfPage":{"@id":"https:\/\/jackpotlotteryonline.com\/sl\/#primaryimage"},"image":{"@id":"https:\/\/jackpotlotteryonline.com\/sl\/#primaryimage"},"thumbnailUrl":"http:\/\/jackpotlotteryonline.com\/wp-content\/uploads\/2022\/10\/ticket_balls.jpg","datePublished":"2022-11-01T09:39:54+00:00","dateModified":"2023-01-06T11:57:08+00:00","description":"Priskrbite si vstopnico za loterijske jackpote po vsem svetu - igrajte vse na spletu in osvojite milijone","breadcrumb":{"@id":"https:\/\/jackpotlotteryonline.com\/sl\/#breadcrumb"},"inLanguage":"sl-SI","potentialAction":[{"@type":"ReadAction","target":["https:\/\/jackpotlotteryonline.com\/sl\/"]}]},{"@type":"ImageObject","inLanguage":"sl-SI","@id":"https:\/\/jackpotlotteryonline.com\/sl\/#primaryimage","url":"http:\/\/jackpotlotteryonline.com\/wp-content\/uploads\/2022\/10\/ticket_balls.jpg","contentUrl":"http:\/\/jackpotlotteryonline.com\/wp-content\/uploads\/2022\/10\/ticket_balls.jpg"},{"@type":"BreadcrumbList","@id":"https:\/\/jackpotlotteryonline.com\/sl\/#breadcrumb","itemListElement":[{"@type":"ListItem","position":1,"name":"Home","item":"https:\/\/jackpotlotteryonline.com\/sl\/"},{"@type":"ListItem","position":2,"name":"Home"}]},{"@type":"WebSite","@id":"https:\/\/jackpotlotteryonline.com\/#website","url":"https:\/\/jackpotlotteryonline.com\/","name":"Lotto Online - Crack The International Lottery Jackpots","description":"","potentialAction":[{"@type":"SearchAction","target":{"@type":"EntryPoint","urlTemplate":"https:\/\/jackpotlotteryonline.com\/?s={search_term_string}"},"query-input":"required name=search_term_string"}],"inLanguage":"sl-SI"}]}},"_links":{"self":[{"href":"https:\/\/jackpotlotteryonline.com\/sl\/wp-json\/wp\/v2\/pages\/31983","targetHints":{"allow":["GET"]}}],"collection":[{"href":"https:\/\/jackpotlotteryonline.com\/sl\/wp-json\/wp\/v2\/pages"}],"about":[{"href":"https:\/\/jackpotlotteryonline.com\/sl\/wp-json\/wp\/v2\/types\/page"}],"author":[{"embeddable":true,"href":"https:\/\/jackpotlotteryonline.com\/sl\/wp-json\/wp\/v2\/users\/1"}],"replies":[{"embeddable":true,"href":"https:\/\/jackpotlotteryonline.com\/sl\/wp-json\/wp\/v2\/comments?post=31983"}],"version-history":[{"count":0,"href":"https:\/\/jackpotlotteryonline.com\/sl\/wp-json\/wp\/v2\/pages\/31983\/revisions"}],"wp:attachment":[{"href":"https:\/\/jackpotlotteryonline.com\/sl\/wp-json\/wp\/v2\/media?parent=31983"}],"curies":[{"name":"wp","href":"https:\/\/api.w.org\/{rel}","templated":true}]}}