{"id":35721,"date":"2022-11-01T11:03:59","date_gmt":"2022-11-01T11:03:59","guid":{"rendered":"https:\/\/jackpotlotteryonline.com\/?page_id=35721"},"modified":"2022-12-19T07:57:45","modified_gmt":"2022-12-19T07:57:45","slug":"kako-igrati","status":"publish","type":"page","link":"https:\/\/jackpotlotteryonline.com\/sl\/kako-igrati\/","title":{"rendered":"Kako igrati"},"content":{"rendered":"<h2>Spletne loterije Dogodki in igre<\/h2>\n<p>\u017delite imeti mo\u017enost, da postanete milijonar? \u010ce je tako, potem se pridru\u017eite milijonom ljudi po vsem svetu in za\u010dnite igrati spletno loterijo. Ne glede na to, kje se nahajate, v Zdru\u017eenih dr\u017eavah Amerike, Zdru\u017eenem kraljestvu, Avstraliji ali Novi Zelandiji, lahko na spletu igrate \u0161tevilne razli\u010dne vrste mednarodnih iger loto, med katerimi lahko izbirate, vse pa imajo velike glavne dobitke, za katere imate mo\u017enost, da jih osvojite.<br \/>\n<img loading=\"lazy\" decoding=\"async\" class=\"size-full wp-image-17816 alignright\" src=\"https:\/\/jackpotlotteryonline.com\/wp-content\/uploads\/2022\/10\/lotteryticket.jpg\" alt=\"igranje spletne loterije\" width=\"212\" height=\"142\" \/><\/p>\n<p>Za\u010detek igranja spletnega lota je zelo preprost. Najprej morate obiskati na\u0161o spletno stran in si ogledati razli\u010dne loterije, ki so na voljo. To lahko preprosto storite tako, da izberete eno ali ve\u010d na\u0161tetih loterij, med katerimi so na primer loterija El Gordo, britanska nacionalna loterija, Thunderball Lotto, loterija New York in \u0161tevilne druge.<\/p>\n<p>V vsaki vrsti loterije boste lahko izvedeli vse, kar morate vedeti. Nato lahko uporabite na\u0161o storitev za <a href=\"https:\/\/jackpotlotteryonline.com\/sl\/kupiti-vstopnice\">spletni nakup sre\u010dke<\/a>.<\/p>\n<p>V opisu vsake loterije boste na\u0161li podrobnosti, kot so, kak\u0161en je trenutno glavni dobitek, koliko se za\u010dne po dobitku, pa tudi, koliko \u0161tevilk morate ujeti, da osvojite glavni dobitek, in kak\u0161ne so druge stopnje dobitkov. Prav tako boste lahko izvedeli informacije, kot so, koliko let morate biti stari, da lahko igrate loterijske igre na spletu za vsako vrsto, ter kateri dnevi in ure potekajo \u017erebanja.<\/p>\n<section class=\"layout\" style=\"border: solid 1px; width: 100%;\">\n<div class=\"img-div\" style=\"margin-top: 5px;\"><img decoding=\"async\" class=\"wp-image-17212 alignleft\" style=\"height: 45px; margin: 8px 8px 0px;\" src=\"https:\/\/jackpotlotteryonline.com\/wp-content\/uploads\/2022\/11\/read1.jpg\" alt=\"kako igrati\" width=\"\" height=\"\" \/><\/div>\n<div style=\"padding-left: 5px;\">\n<div style=\"font-size: 1.1em;\">\n<p><strong>Nekaj trikov in nasvetov za izbiro \u0161tevilk<\/strong><\/p>\n<p style=\"font-size: 0.85em; margin-top: -1.5em;\">Pove\u010dajte svoje mo\u017enosti za zmago &#8211; uporabite strategijo za izbiro \u0161tevilk.<a href=\"https:\/\/jackpotlotteryonline.com\/sl\/a-nekaj-trikov-in-nasvetov-za-izbiranje-svojih-stevilk\">Preberi ve\u010d<\/a><\/p>\n<\/div>\n<\/div>\n<\/section>\n<h2>Mednarodni loto<\/h2>\n<p>Da bi pove\u010dali svoje mo\u017enosti za osvojitev najvi\u0161jega mo\u017enega glavnega dobitka, boste na\u0161li, kak\u0161ni so trenutni glavni dobitki. To pomeni, da lahko strate\u0161ko izberete, katere loterijske igre boste igrali na spletu, in se odlo\u010dite za tiste z najvi\u0161jimi mo\u017enimi glavnimi dobitki.<\/p>\n<p>Prav tako boste lahko igrali ve\u010d loterijskih iger na spletu. To pomeni, da vam ni treba vpla\u010dati listka samo za eno vrsto loterije, ampak lahko po \u017eelji hkrati igrate razli\u010dne vrste. \u010ce \u017eelite, lahko na primer isto\u010dasno igrate loterijo iz ZDA in Zdru\u017eenega kraljestva, kar bo mo\u010dno pove\u010dalo va\u0161e mo\u017enosti za osvojitev denarne nagrade.<br \/>\n<img loading=\"lazy\" decoding=\"async\" class=\"alignright size-full wp-image-18329\" src=\"https:\/\/jackpotlotteryonline.com\/wp-content\/uploads\/2022\/10\/ticket_numbers_pick.jpg\" alt=\"spletna sre\u010dka za loto\" width=\"212\" height=\"142\" \/><\/p>\n<p>Poleg tega, da lahko mednarodne loterijske igre igrate na spletu ne glede na to, kje se nahajate, boste lahko preverili tudi rezultate loterijskih iger. <a href=\"https:\/\/jackpotlotteryonline.com\/sl\/zmagovalne-stevilke\">Rezultati vseh loterijskih<\/a> iger, ne glede na to, za katero gre, bodo na spletu posodobljeni v realnem \u010dasu. To pomeni, da bodo rezultati na voljo zelo hitro po tem, ko bo izvedeno \u017erebanje za igro, ki ste jo izbrali za igranje.<\/p>\n<p>Prav tako boste na\u0161li podrobnosti o tem, kako natan\u010dno igrati vsako loterijsko igro na spletu. Na primer, nikoli ne smete izbrati premalo ali preve\u010d \u0161tevilk &#8211; na\u0161 sistem sre\u010dk vam bo ob vsaki tak\u0161ni napaki prikazal sporo\u010dilo in vam pokazal, kako jo popraviti.<\/p>\n<p>Tudi \u010de torej v preteklosti \u0161e nikoli niste igrali loterije dolo\u010dene dr\u017eave, boste imeli na voljo vse podrobnosti, da boste lahko igrali, kot da ste profesionalec!<\/p>\n","protected":false},"excerpt":{"rendered":"<p>Spletne loterije Dogodki in igre \u017delite imeti mo\u017enost, da postanete milijonar? \u010ce je tako, potem se pridru\u017eite milijonom ljudi po vsem svetu in za\u010dnite igrati spletno loterijo. Ne glede na to, kje se nahajate, v Zdru\u017eenih dr\u017eavah Amerike, Zdru\u017eenem kraljestvu, Avstraliji ali Novi Zelandiji, lahko na spletu igrate \u0161tevilne razli\u010dne vrste mednarodnih iger loto, med [&hellip;]<\/p>\n","protected":false},"author":1,"featured_media":0,"parent":0,"menu_order":2,"comment_status":"closed","ping_status":"closed","template":"Play-all.php","meta":{"_et_pb_use_builder":"","_et_pb_old_content":"","_et_gb_content_width":"","exclude_from_search":false,"footnotes":""},"class_list":["post-35721","page","type-page","status-publish","hentry"],"yoast_head":"<!-- This site is optimized with the Yoast SEO plugin v23.3 - https:\/\/yoast.com\/wordpress\/plugins\/seo\/ -->\n<title>Ali lahko sodelujem v mednarodnih loterijskih dogodkih prek spleta?<\/title>\n<meta name=\"description\" content=\"Za sodelovanje v loterijskih dobitkih katere koli dr\u017eave vam ni treba imeti stalnega prebivali\u0161\u010da\" \/>\n<meta name=\"robots\" content=\"index, follow, max-snippet:-1, max-image-preview:large, max-video-preview:-1\" \/>\n<link rel=\"canonical\" href=\"https:\/\/jackpotlotteryonline.com\/play-online\/\" \/>\n<meta property=\"og:locale\" content=\"sl_SI\" \/>\n<meta property=\"og:type\" content=\"article\" \/>\n<meta property=\"og:title\" content=\"Ali lahko sodelujem v mednarodnih loterijskih dogodkih prek spleta?\" \/>\n<meta property=\"og:description\" content=\"Za sodelovanje v loterijskih dobitkih katere koli dr\u017eave vam ni treba imeti stalnega prebivali\u0161\u010da\" \/>\n<meta property=\"og:url\" content=\"https:\/\/jackpotlotteryonline.com\/play-online\/\" \/>\n<meta property=\"og:site_name\" content=\"Lotto Online - Crack The International Lottery Jackpots\" \/>\n<meta property=\"article:modified_time\" content=\"2022-12-19T07:57:45+00:00\" \/>\n<meta property=\"og:image\" content=\"https:\/\/jackpotlotteryonline.com\/wp-content\/uploads\/2022\/10\/lotteryticket.jpg\" \/>\n<meta name=\"twitter:card\" content=\"summary_large_image\" \/>\n<meta name=\"twitter:label1\" content=\"Est. reading time\" \/>\n\t<meta name=\"twitter:data1\" content=\"3 minute\" \/>\n<!-- \/ Yoast SEO plugin. -->","yoast_head_json":{"title":"Ali lahko sodelujem v mednarodnih loterijskih dogodkih prek spleta?","description":"Za sodelovanje v loterijskih dobitkih katere koli dr\u017eave vam ni treba imeti stalnega prebivali\u0161\u010da","robots":{"index":"index","follow":"follow","max-snippet":"max-snippet:-1","max-image-preview":"max-image-preview:large","max-video-preview":"max-video-preview:-1"},"canonical":"https:\/\/jackpotlotteryonline.com\/play-online\/","og_locale":"sl_SI","og_type":"article","og_title":"Ali lahko sodelujem v mednarodnih loterijskih dogodkih prek spleta?","og_description":"Za sodelovanje v loterijskih dobitkih katere koli dr\u017eave vam ni treba imeti stalnega prebivali\u0161\u010da","og_url":"https:\/\/jackpotlotteryonline.com\/play-online\/","og_site_name":"Lotto Online - Crack The International Lottery Jackpots","article_modified_time":"2022-12-19T07:57:45+00:00","og_image":[{"url":"https:\/\/jackpotlotteryonline.com\/wp-content\/uploads\/2022\/10\/lotteryticket.jpg"}],"twitter_card":"summary_large_image","twitter_misc":{"Est. reading time":"3 minute"},"schema":{"@context":"https:\/\/schema.org","@graph":[{"@type":"WebPage","@id":"https:\/\/jackpotlotteryonline.com\/play-online\/","url":"https:\/\/jackpotlotteryonline.com\/play-online\/","name":"Ali lahko sodelujem v mednarodnih loterijskih dogodkih prek spleta?","isPartOf":{"@id":"https:\/\/jackpotlotteryonline.com\/#website"},"primaryImageOfPage":{"@id":"https:\/\/jackpotlotteryonline.com\/play-online\/#primaryimage"},"image":{"@id":"https:\/\/jackpotlotteryonline.com\/play-online\/#primaryimage"},"thumbnailUrl":"https:\/\/jackpotlotteryonline.com\/wp-content\/uploads\/2022\/10\/lotteryticket.jpg","datePublished":"2022-11-01T11:03:59+00:00","dateModified":"2022-12-19T07:57:45+00:00","description":"Za sodelovanje v loterijskih dobitkih katere koli dr\u017eave vam ni treba imeti stalnega prebivali\u0161\u010da","breadcrumb":{"@id":"https:\/\/jackpotlotteryonline.com\/play-online\/#breadcrumb"},"inLanguage":"sl-SI","potentialAction":[{"@type":"ReadAction","target":["https:\/\/jackpotlotteryonline.com\/play-online\/"]}]},{"@type":"ImageObject","inLanguage":"sl-SI","@id":"https:\/\/jackpotlotteryonline.com\/play-online\/#primaryimage","url":"https:\/\/jackpotlotteryonline.com\/wp-content\/uploads\/2022\/10\/lotteryticket.jpg","contentUrl":"https:\/\/jackpotlotteryonline.com\/wp-content\/uploads\/2022\/10\/lotteryticket.jpg"},{"@type":"BreadcrumbList","@id":"https:\/\/jackpotlotteryonline.com\/play-online\/#breadcrumb","itemListElement":[{"@type":"ListItem","position":1,"name":"Home","item":"https:\/\/jackpotlotteryonline.com\/sl\/"},{"@type":"ListItem","position":2,"name":"Kako igrati"}]},{"@type":"WebSite","@id":"https:\/\/jackpotlotteryonline.com\/#website","url":"https:\/\/jackpotlotteryonline.com\/","name":"Lotto Online - Crack The International Lottery Jackpots","description":"","potentialAction":[{"@type":"SearchAction","target":{"@type":"EntryPoint","urlTemplate":"https:\/\/jackpotlotteryonline.com\/?s={search_term_string}"},"query-input":"required name=search_term_string"}],"inLanguage":"sl-SI"}]}},"_links":{"self":[{"href":"https:\/\/jackpotlotteryonline.com\/sl\/wp-json\/wp\/v2\/pages\/35721","targetHints":{"allow":["GET"]}}],"collection":[{"href":"https:\/\/jackpotlotteryonline.com\/sl\/wp-json\/wp\/v2\/pages"}],"about":[{"href":"https:\/\/jackpotlotteryonline.com\/sl\/wp-json\/wp\/v2\/types\/page"}],"author":[{"embeddable":true,"href":"https:\/\/jackpotlotteryonline.com\/sl\/wp-json\/wp\/v2\/users\/1"}],"replies":[{"embeddable":true,"href":"https:\/\/jackpotlotteryonline.com\/sl\/wp-json\/wp\/v2\/comments?post=35721"}],"version-history":[{"count":0,"href":"https:\/\/jackpotlotteryonline.com\/sl\/wp-json\/wp\/v2\/pages\/35721\/revisions"}],"wp:attachment":[{"href":"https:\/\/jackpotlotteryonline.com\/sl\/wp-json\/wp\/v2\/media?parent=35721"}],"curies":[{"name":"wp","href":"https:\/\/api.w.org\/{rel}","templated":true}]}}