{"id":35780,"date":"2022-11-01T13:42:28","date_gmt":"2022-11-01T13:42:28","guid":{"rendered":"https:\/\/jackpotlotteryonline.com\/?page_id=35780"},"modified":"2022-12-19T11:28:02","modified_gmt":"2022-12-19T11:28:02","slug":"kupiti-vstopnice","status":"publish","type":"page","link":"https:\/\/jackpotlotteryonline.com\/sl\/kupiti-vstopnice\/","title":{"rendered":"Kako kupiti loterijske vstopnice na spletu"},"content":{"rendered":"<p>Nakup loterijskih sre\u010dk prek spleta je zdaj postal zelo priljubljen. Ljubitelji loterije z vsega sveta uporabljajo na\u0161o storitev spletnega kupovanja loterijskih sre\u010dk. Za to obstaja veliko dobrih razlogov.<\/p>\n<p>Za nekatere igralce loterije je to edini na\u010din, da sploh lahko kupijo loterijske sre\u010dke, saj v dr\u017eavi njihovega prebivali\u0161\u010da ni na voljo nobene loterije. Zato i\u0161\u010dejo na\u010dine, da bi imeli mo\u017enost osvojiti velike vsote denarja, in za to si ogledajo loterije v drugih dr\u017eavah. Na na\u0161em spletnem mestu lahko izbirate med \u0161tevilnimi loterijskimi glavnimi dobitki.<\/p>\n<p>Drugi ljubitelji loterije imajo loterije v svojih dr\u017eavah, vendar te morda zanje niso tako privla\u010dne. Pogosto imajo te lokalne loterije manj\u0161e najvi\u0161je nagrade in glavne dobitke ali pa se igrajo le enkrat na teden. Zato igralci i\u0161\u010dejo druge, <a href=\"https:\/\/jackpotlotteryonline.com\/sl\/kako-igrati\">bolj donosne mo\u017enosti.<\/a><\/p>\n<h2>Vi\u0161ji dobitki, ki jih ponujajo loterije v drugih dr\u017eavah<\/h2>\n<p><img loading=\"lazy\" decoding=\"async\" class=\"alignright wp-image-17212\" src=\"https:\/\/jackpotlotteryonline.com\/wp-content\/uploads\/2022\/10\/1_buy_ticket_online.jpg\" alt=\"kupiti loterijo na spletu\" width=\"272\" height=\"204\" \/><\/p>\n<p>Znano na\u010delo je, da je bolj smiselno vlo\u017eiti denar v sre\u010dko, ko so glavni dobitki zelo visoki. Konec koncev, ko kupujete sre\u010dko, \u017eelite za svoj denar dobiti kar najve\u010djo vrednost. To pomeni, da \u010de je cena sre\u010dke enaka, vam potencialno vi\u0161ji dobitek zagotavlja bolj\u0161e razmerje med ceno in kakovostjo.<\/p>\n<p>Toda tudi \u010de bi bila spletna sre\u010dka za loterijo, ki jo \u017eelite igrati, dvakrat dra\u017eja od sre\u010dke za lokalno loterijo, bi bilo najve\u010dkrat \u0161e vedno smiselno kupiti dra\u017ejo spletno sre\u010dko. \u010ce je mo\u017eni glavni dobitek ve\u010d kot dvakrat ve\u010dji od glavnega dobitka va\u0161e lokalne loterije, so va\u0161e matemati\u010dne mo\u017enosti za zmago ve\u010dje pri loteriji, za katero morate kupiti spletno sre\u010dko.<\/p>\n<h2>Nekje na svetu je vedno velik glavni dobitek<\/h2>\n<p>In to je glavni razlog za nakup loterijskih sre\u010dk prek spleta. Ker vam je prek spletnih storitev za prodajo sre\u010dk na voljo toliko loterij, boste vedno na\u0161li velik glavni dobitek, v katerega se spla\u010da investirati. Pravzaprav velik del na\u0161ih strank sledi preprosti strategiji: Za katero loterijo je trenutno najve\u010dji glavni dobitek, za to loterijo kupijo svojo sre\u010dko. Popolnoma smiselno, kajne?<\/p>\n<section class=\"layout\" style=\"border: solid 1px; width: 100%;\">\n<div class=\"img-div\" style=\"margin-top: 5px;\"><img decoding=\"async\" class=\"wp-image-17212 alignleft\" style=\"height: 45px; margin: 8px 8px 0px;\" src=\"https:\/\/jackpotlotteryonline.com\/wp-content\/uploads\/2022\/11\/read1.jpg\" alt=\"pazite na goljufive loterije\" width=\"\" height=\"\" \/><\/div>\n<div style=\"padding-left: 5px;\">\n<div style=\"font-size: 1.1em;\">\n<p><strong>Loterijske prevare, na katere morate biti pozorni<\/strong><\/p>\n<p style=\"font-size: 0.85em; margin-top: -1.5em;\">Ne nasedajte pastem loterije \u00a0<a href=\"https:\/\/jackpotlotteryonline.com\/sl\/pazite-na-spletne-loterijske-prevare\">preberi ve\u010d<\/a><\/p>\n<\/div>\n<\/div>\n<\/section>\n<h2>Ali je nakup spletne sre\u010dke za eno od teh loterij zakonit?<\/h2>\n<p>Da, je. Predstavljajte si, da ste v ZDA in da ima lokalna loterija Powerball ogromen glavni dobitek. Odpravite se in kupite sre\u010dko, ki je dobitna. Seveda vam mora loterija izpla\u010dati dobitek, tudi \u010de vas v <a href=\"https:\/\/jackpotlotteryonline.com\/sl\/zmagovalne-stevilke\">\u010dasu \u017erebanja ni ve\u010d<\/a> v dr\u017eavi. Lestvico ste kupili zakonito. Ni pomembno, ali \u017eivite v ZDA ali ne. Enako velja za vse druge svetovne loterije.<\/p>\n<p>Razlika v na\u0161i spletni storitvi je v tem, da dejansko sre\u010dko kupimo v va\u0161em imenu. Vi jo naro\u010dite prek spleta, eden od na\u0161ih lokalnih zastopnikov pa za vas kupi fizi\u010dno vstopnico. Prav tako bo va\u0161o vstopnico skeniral in jo nalo\u017eil v va\u0161 igralni ra\u010dun, tako da boste lahko videli, da smo za vas kupili dejansko vstopnico.<br \/>\n<img loading=\"lazy\" decoding=\"async\" class=\"alignright size-medium wp-image-25854\" src=\"https:\/\/jackpotlotteryonline.com\/wp-content\/uploads\/2022\/10\/1_results_tickets_lotto-300x212.jpg\" alt=\"loterija vstopnice\" width=\"300\" height=\"212\" srcset=\"https:\/\/jackpotlotteryonline.com\/wp-content\/uploads\/2022\/10\/1_results_tickets_lotto-300x212.jpg 300w, https:\/\/jackpotlotteryonline.com\/wp-content\/uploads\/2022\/10\/1_results_tickets_lotto.jpg 320w\" sizes=\"auto, (max-width: 300px) 100vw, 300px\" \/><\/p>\n<p>\u010ce osvojite velik dobitek, je od vas odvisno, ali \u017eelite odpotovati v dr\u017eavo, v kateri poteka loterija. \u010ce \u017eelite, lahko sre\u010dko prevzamete pri nas in jo osebno predlo\u017eite loterijski komisiji. Kako bodo vedeli, kdo jo je kupil?<\/p>\n<p>Pravzaprav vam tega ni treba storiti na ta na\u010din. Ker je del na\u0161e storitve spletnega loterijskega listka tudi to, da lahko za vas poskrbimo za izpla\u010dilo. Obdelamo va\u0161 dobitek, komisija za loterijo pa vam po\u0161lje \u010dek ali pa dobitek naka\u017ee na va\u0161 ban\u010dni ra\u010dun.<\/p>\n<p>In ali ste vedeli, da bodo vsi manj\u0161i dobitki (pod 2500,00 \u20ac) takoj nakazani na va\u0161 igralni ra\u010dun na na\u0161i spletni strani? Za te manj\u0161e dobitke vam ni treba storiti ni\u010desar. Za izpla\u010dilo pa lahko zaprosite kadar koli in ta sredstva bomo izpla\u010dali na va\u0161 ban\u010dni ra\u010dun, kreditno kartico ali v va\u0161o denarnico s kriptovalutami (\u010de jo imate).<\/p>\n<h2>Druge prednosti spletnega nakupa loterijskih sre\u010dk<\/h2>\n<p>Na\u0161a storitev prodaje sre\u010dk ima \u0161e nekaj drugih, povsem o\u010ditnih prednosti, ki so:<\/p>\n<ul>\n<li>za nakup sre\u010dke vam ni treba zapustiti hi\u0161e<\/li>\n<li>ni \u010dakalnih vrst pri zastopniku loterije ali v trgovini (kar je pomembno zlasti, kadar so glavni dobitki veliki!)<\/li>\n<li>Va\u0161a sre\u010dka se ne more izgubiti, saj je skenirana in shranjena v na\u0161ih varnih trezorjih.<\/li>\n<\/ul>\n<p>Na kaj \u0161e \u010dakate? Izberite loterijo in kupite spletne sre\u010dke \u0161e danes &#8211; z malo sre\u010de ste lahko jutri\u0161nji dobitnik glavnega dobitka!<\/p>\n","protected":false},"excerpt":{"rendered":"<p>Nakup loterijskih sre\u010dk prek spleta je zdaj postal zelo priljubljen. Ljubitelji loterije z vsega sveta uporabljajo na\u0161o storitev spletnega kupovanja loterijskih sre\u010dk. Za to obstaja veliko dobrih razlogov. Za nekatere igralce loterije je to edini na\u010din, da sploh lahko kupijo loterijske sre\u010dke, saj v dr\u017eavi njihovega prebivali\u0161\u010da ni na voljo nobene loterije. Zato i\u0161\u010dejo na\u010dine, [&hellip;]<\/p>\n","protected":false},"author":1,"featured_media":0,"parent":0,"menu_order":3,"comment_status":"closed","ping_status":"closed","template":"Information.php","meta":{"_et_pb_use_builder":"","_et_pb_old_content":"","_et_gb_content_width":"","exclude_from_search":false,"footnotes":""},"class_list":["post-35780","page","type-page","status-publish","hentry"],"yoast_head":"<!-- This site is optimized with the Yoast SEO plugin v23.3 - https:\/\/yoast.com\/wordpress\/plugins\/seo\/ -->\n<title>Kako kupiti spletne sre\u010dke za svetovne loterije<\/title>\n<meta name=\"description\" content=\"Na kaj morate biti pozorni pri spletnem nakupu sre\u010dk za mednarodne loterije. Nekatere spletne storitve za prodajo vstopnic so manj priporo\u010dljive, ugotovite, katere\" \/>\n<meta name=\"robots\" content=\"index, follow, max-snippet:-1, max-image-preview:large, max-video-preview:-1\" \/>\n<link rel=\"canonical\" href=\"https:\/\/jackpotlotteryonline.com\/sl\/kupiti-vstopnice\/\" \/>\n<meta property=\"og:locale\" content=\"sl_SI\" \/>\n<meta property=\"og:type\" content=\"article\" \/>\n<meta property=\"og:title\" content=\"Kako kupiti spletne sre\u010dke za svetovne loterije\" \/>\n<meta property=\"og:description\" content=\"Na kaj morate biti pozorni pri spletnem nakupu sre\u010dk za mednarodne loterije. Nekatere spletne storitve za prodajo vstopnic so manj priporo\u010dljive, ugotovite, katere\" \/>\n<meta property=\"og:url\" content=\"https:\/\/jackpotlotteryonline.com\/sl\/kupiti-vstopnice\/\" \/>\n<meta property=\"og:site_name\" content=\"Lotto Online - Crack The International Lottery Jackpots\" \/>\n<meta property=\"article:modified_time\" content=\"2022-12-19T11:28:02+00:00\" \/>\n<meta property=\"og:image\" content=\"https:\/\/jackpotlotteryonline.com\/wp-content\/uploads\/2022\/10\/1_buy_ticket_online.jpg\" \/>\n<meta name=\"twitter:card\" content=\"summary_large_image\" \/>\n<meta name=\"twitter:label1\" content=\"Est. reading time\" \/>\n\t<meta name=\"twitter:data1\" content=\"4 minute\" \/>\n<!-- \/ Yoast SEO plugin. -->","yoast_head_json":{"title":"Kako kupiti spletne sre\u010dke za svetovne loterije","description":"Na kaj morate biti pozorni pri spletnem nakupu sre\u010dk za mednarodne loterije. Nekatere spletne storitve za prodajo vstopnic so manj priporo\u010dljive, ugotovite, katere","robots":{"index":"index","follow":"follow","max-snippet":"max-snippet:-1","max-image-preview":"max-image-preview:large","max-video-preview":"max-video-preview:-1"},"canonical":"https:\/\/jackpotlotteryonline.com\/sl\/kupiti-vstopnice\/","og_locale":"sl_SI","og_type":"article","og_title":"Kako kupiti spletne sre\u010dke za svetovne loterije","og_description":"Na kaj morate biti pozorni pri spletnem nakupu sre\u010dk za mednarodne loterije. Nekatere spletne storitve za prodajo vstopnic so manj priporo\u010dljive, ugotovite, katere","og_url":"https:\/\/jackpotlotteryonline.com\/sl\/kupiti-vstopnice\/","og_site_name":"Lotto Online - Crack The International Lottery Jackpots","article_modified_time":"2022-12-19T11:28:02+00:00","og_image":[{"url":"https:\/\/jackpotlotteryonline.com\/wp-content\/uploads\/2022\/10\/1_buy_ticket_online.jpg"}],"twitter_card":"summary_large_image","twitter_misc":{"Est. reading time":"4 minute"},"schema":{"@context":"https:\/\/schema.org","@graph":[{"@type":"WebPage","@id":"https:\/\/jackpotlotteryonline.com\/sl\/kupiti-vstopnice\/","url":"https:\/\/jackpotlotteryonline.com\/sl\/kupiti-vstopnice\/","name":"Kako kupiti spletne sre\u010dke za svetovne loterije","isPartOf":{"@id":"https:\/\/jackpotlotteryonline.com\/#website"},"primaryImageOfPage":{"@id":"https:\/\/jackpotlotteryonline.com\/sl\/kupiti-vstopnice\/#primaryimage"},"image":{"@id":"https:\/\/jackpotlotteryonline.com\/sl\/kupiti-vstopnice\/#primaryimage"},"thumbnailUrl":"https:\/\/jackpotlotteryonline.com\/wp-content\/uploads\/2022\/10\/1_buy_ticket_online.jpg","datePublished":"2022-11-01T13:42:28+00:00","dateModified":"2022-12-19T11:28:02+00:00","description":"Na kaj morate biti pozorni pri spletnem nakupu sre\u010dk za mednarodne loterije. Nekatere spletne storitve za prodajo vstopnic so manj priporo\u010dljive, ugotovite, katere","breadcrumb":{"@id":"https:\/\/jackpotlotteryonline.com\/sl\/kupiti-vstopnice\/#breadcrumb"},"inLanguage":"sl-SI","potentialAction":[{"@type":"ReadAction","target":["https:\/\/jackpotlotteryonline.com\/sl\/kupiti-vstopnice\/"]}]},{"@type":"ImageObject","inLanguage":"sl-SI","@id":"https:\/\/jackpotlotteryonline.com\/sl\/kupiti-vstopnice\/#primaryimage","url":"https:\/\/jackpotlotteryonline.com\/wp-content\/uploads\/2022\/10\/1_buy_ticket_online.jpg","contentUrl":"https:\/\/jackpotlotteryonline.com\/wp-content\/uploads\/2022\/10\/1_buy_ticket_online.jpg"},{"@type":"BreadcrumbList","@id":"https:\/\/jackpotlotteryonline.com\/sl\/kupiti-vstopnice\/#breadcrumb","itemListElement":[{"@type":"ListItem","position":1,"name":"Home","item":"https:\/\/jackpotlotteryonline.com\/sl\/"},{"@type":"ListItem","position":2,"name":"Kako kupiti loterijske vstopnice na spletu"}]},{"@type":"WebSite","@id":"https:\/\/jackpotlotteryonline.com\/#website","url":"https:\/\/jackpotlotteryonline.com\/","name":"Lotto Online - Crack The International Lottery Jackpots","description":"","potentialAction":[{"@type":"SearchAction","target":{"@type":"EntryPoint","urlTemplate":"https:\/\/jackpotlotteryonline.com\/?s={search_term_string}"},"query-input":"required name=search_term_string"}],"inLanguage":"sl-SI"}]}},"_links":{"self":[{"href":"https:\/\/jackpotlotteryonline.com\/sl\/wp-json\/wp\/v2\/pages\/35780","targetHints":{"allow":["GET"]}}],"collection":[{"href":"https:\/\/jackpotlotteryonline.com\/sl\/wp-json\/wp\/v2\/pages"}],"about":[{"href":"https:\/\/jackpotlotteryonline.com\/sl\/wp-json\/wp\/v2\/types\/page"}],"author":[{"embeddable":true,"href":"https:\/\/jackpotlotteryonline.com\/sl\/wp-json\/wp\/v2\/users\/1"}],"replies":[{"embeddable":true,"href":"https:\/\/jackpotlotteryonline.com\/sl\/wp-json\/wp\/v2\/comments?post=35780"}],"version-history":[{"count":0,"href":"https:\/\/jackpotlotteryonline.com\/sl\/wp-json\/wp\/v2\/pages\/35780\/revisions"}],"wp:attachment":[{"href":"https:\/\/jackpotlotteryonline.com\/sl\/wp-json\/wp\/v2\/media?parent=35780"}],"curies":[{"name":"wp","href":"https:\/\/api.w.org\/{rel}","templated":true}]}}