{"id":35854,"date":"2022-11-02T07:38:25","date_gmt":"2022-11-02T07:38:25","guid":{"rendered":"https:\/\/jackpotlotteryonline.com\/?page_id=35854"},"modified":"2022-12-26T08:35:09","modified_gmt":"2022-12-26T08:35:09","slug":"zmagovalne-stevilke","status":"publish","type":"page","link":"https:\/\/jackpotlotteryonline.com\/sl\/zmagovalne-stevilke\/","title":{"rendered":"Loterija rezultati"},"content":{"rendered":"<h2>Loterija rezultati na spletu<\/h2>\n<p>Ob tako velikem \u0161tevilu loterij, ki so na voljo za igranje, in preprostem dostopu do interneta danes veliko ljudi raje hitro preveri rezultate loterije na spletu. \u010ce ste kupili loterijski listek, boste zagotovo \u017eeleli izvedeti, katere so dobitne \u0161tevilke za dolo\u010deno \u017erebanje. <strong>Zdaj lahko rezultate mednarodnih loterijskih jackpotov v nekaj sekundah preprosto preverite na spletu.<\/strong><\/p>\n<p>Ta storitev je na voljo po vsem svetu, zato vam ne glede na to, kje se nahajate, ali ste na po\u010ditnicah, poslovnem potovanju v tujini ali preprosto v slu\u017ebi ali s prijatelji, ni ve\u010d treba brskati po lokalnem \u010dasopisu ali \u010dakati nekaj dni, da bi izvedeli, ali ste dobitnik glavnega dobitka. Zdaj lahko preprosto obi\u0161\u010dete na\u0161o spletno stran in izberete rezultate loterije, na katero ste stavili, ter hitro ugotovite, ali ste ujeli katero od \u0161tevilk.<\/p>\n<section class=\"layout\" style=\"border: solid 1px; width: 100%;\">\n<div class=\"img-div\" style=\"margin-top: 5px;\"><img decoding=\"async\" class=\"wp-image-17212 alignleft\" style=\"height: 45px; margin: 8px 8px 0px;\" src=\"https:\/\/jackpotlotteryonline.com\/wp-content\/uploads\/2022\/11\/read1.jpg\" alt=\"Preberite\" width=\"\" height=\"\" \/><\/div>\n<div style=\"padding-left: 5px;\">\n<div style=\"font-size: 1.1em;\">\n<p><strong>Oglejte si \u017erebanje loterijskih \u0161tevilk v \u017eivo<\/strong><\/p>\n<p style=\"font-size: 0.85em; margin-top: -1.5em;\">Kako gledati \u017erebanja v \u017eivo va\u0161ih najljub\u0161ih loterij\u00a0 <a href=\"https:\/\/jackpotlotteryonline.com\/sl\/spremljajte-svoje-loterijske-stevilke-ki-se-crpajo-v-zivo\">preberi ve\u010d<\/a><\/p>\n<\/div>\n<\/div>\n<\/section>\n<h2>Mednarodne \u0161tevilke loterije, ki so osvojile glavni dobitek<\/h2>\n<p>Preverite zmagovalne \u0161tevilke tega tedna za najve\u010dje mednarodne loterijske jackpote, ki se dnevno posodabljajo na na\u0161em spletnem mestu. Navajamo najbolj\u0161e in najve\u010dje loterije na planetu, vklju\u010dno z El Gordo, Euromillions, Mega Millions, Powerball, SuperEnaLotto in \u0161tevilnimi drugimi.<br \/>\n<img loading=\"lazy\" decoding=\"async\" class=\"alignright size-medium wp-image-19277\" src=\"https:\/\/jackpotlotteryonline.com\/wp-content\/uploads\/2022\/10\/2_ticket_powerball_au2-163x300.jpg\" alt=\"skeniranje loterijskih listkov\" width=\"163\" height=\"300\" srcset=\"https:\/\/jackpotlotteryonline.com\/wp-content\/uploads\/2022\/10\/2_ticket_powerball_au2-163x300.jpg 163w, https:\/\/jackpotlotteryonline.com\/wp-content\/uploads\/2022\/10\/2_ticket_powerball_au2.jpg 250w\" sizes=\"auto, (max-width: 163px) 100vw, 163px\" \/><\/p>\n<p><strong>Morda mislite, da ve\u010dina teh loterij ni na voljo za igranje, vendar to ni res!<\/strong> Danes lahko na <a href=\"https:\/\/jackpotlotteryonline.com\/sl\/kupiti-vstopnice\">spletu preprosto kupite sre\u010dke<\/a> za skoraj vse loterije. To pomeni, da vam ni treba \u017eiveti v dr\u017eavi, v kateri poteka loterija.<\/p>\n<p><strong>To vam omogo\u010da na\u0161a storitev.<\/strong><\/p>\n<p>Samo kliknite na katerega koli od zgornjih <a href=\"https:\/\/jackpotlotteryonline.com\/sl\/kako-igrati\">gumbov &#8220;Igraj&#8221;<\/a> in odprla se vam bo stran za izbiro \u0161tevilk za dolo\u010deno loterijo. Izberite \u0161tevilke, se registrirajte in pla\u010dajte prek spleta &#8211; tako preprosto je! Takoj po opravljenem nakupu boste prejeli potrditev osebne sre\u010dke, malo pozneje pa \u0161e skenirano sre\u010dko. Poskrbeli bomo tudi za to, da boste dobili izpla\u010dano tisto, kar ste osvojili. Ti svetovni glavni dobitki so lahko pogosto 100-krat vi\u0161ji kot na lokalni loteriji, tako da na kaj \u0161e \u010dakate? Izberite!<\/p>\n<h2>Preverite, ali ste zmagali &#8211; primerjajte svoj listek z dobitnimi \u0161tevilkami<\/h2>\n<p>Ne samo, da lahko rezultate loterije preverite prek spleta s prenosnega ali namiznega ra\u010dunalnika ali celo iPhona doma ali v pisarni, ampak lahko rezultate \u0161tevilnih loterij preverite takoj na eni strani.<\/p>\n<p>Ko se izvede vsako \u017erebanje lota, se rezultati vsake od njih posodabljajo v realnem \u010dasu. To pomeni, da so rezultati mednarodnih jackpotov na spletu na voljo ali pa lahko do njih dostopate v nekaj trenutkih po \u017erebanju.<br \/>\n<img loading=\"lazy\" decoding=\"async\" class=\"alignright wp-image-19599\" src=\"https:\/\/jackpotlotteryonline.com\/wp-content\/uploads\/2022\/10\/1_balls_draw_lotto_numbers-200x300.jpg\" alt=\"zmagovalne \u0161tevilke loterije\" width=\"154\" height=\"231\" srcset=\"https:\/\/jackpotlotteryonline.com\/wp-content\/uploads\/2022\/10\/1_balls_draw_lotto_numbers-200x300.jpg 200w, https:\/\/jackpotlotteryonline.com\/wp-content\/uploads\/2022\/10\/1_balls_draw_lotto_numbers.jpg 320w\" sizes=\"auto, (max-width: 154px) 100vw, 154px\" \/><\/p>\n<p>\u010ce ste se odlo\u010dili za spletni nakup sre\u010dke loto, ne glede na to, za katero vrsto lota gre, je preverjanje rezultatov spletne loterije tukaj na na\u0161i spletni strani \u0161e la\u017eje. To pa zato, ker boste morali ob oddaji spletne sre\u010dke lotto vnesti svoj e-po\u0161tni naslov. Ta ni potreben le za odprtje ra\u010duna za igranje, temve\u010d tudi za obve\u0161\u010danje o dobitku.<\/p>\n<p>Ko bo \u017erebanje lota potekalo, boste po elektronski po\u0161ti samodejno obve\u0161\u010deni, \u010de ste ujeli \u0161tevilke, ki so vam morda prinesle denarno nagrado. Preprosto preverite svoj e-po\u0161tni predal.<\/p>\n<p>\u010ce ste loterijski listek kupili tukaj prek spleta, se lahko prijavite v svoj strankarski ra\u010dun in rezultati bodo za primerjavo prikazani tik ob va\u0161em listku. \u0160tevilke na va\u0161i sre\u010dki, ki se ujemajo z \u017erebanjem, bodo poudarjene. To je tako priro\u010dno, kot je le mogo\u010de!<\/p>\n<p>Zaradi \u0161tevilnih odli\u010dnih ugodnosti in priro\u010dnih funkcij, kot je mo\u017enost hitrega spletnega preverjanja rezultatov loterije,<strong> se zdaj veliko ljudi raje odlo\u010da za nakup loterijskih sre\u010dk prek spleta kot v trgovinah.<\/strong><\/p>\n","protected":false},"excerpt":{"rendered":"<p>Loterija rezultati na spletu Ob tako velikem \u0161tevilu loterij, ki so na voljo za igranje, in preprostem dostopu do interneta danes veliko ljudi raje hitro preveri rezultate loterije na spletu. \u010ce ste kupili loterijski listek, boste zagotovo \u017eeleli izvedeti, katere so dobitne \u0161tevilke za dolo\u010deno \u017erebanje. Zdaj lahko rezultate mednarodnih loterijskih jackpotov v nekaj sekundah [&hellip;]<\/p>\n","protected":false},"author":1,"featured_media":0,"parent":0,"menu_order":4,"comment_status":"closed","ping_status":"closed","template":"Results.php","meta":{"_et_pb_use_builder":"","_et_pb_old_content":"","_et_gb_content_width":"","exclude_from_search":false,"footnotes":""},"class_list":["post-35854","page","type-page","status-publish","hentry"],"yoast_head":"<!-- This site is optimized with the Yoast SEO plugin v23.3 - https:\/\/yoast.com\/wordpress\/plugins\/seo\/ -->\n<title>Zmagovalne \u0161tevilke in rezultati za mednarodne jackpote loto<\/title>\n<meta name=\"description\" content=\"Na tej strani so prikazani rezultati in dobitne \u0161tevilke ve\u010dine mednarodnih spletnih loterij z jackpotom\" \/>\n<meta name=\"robots\" content=\"index, follow, max-snippet:-1, max-image-preview:large, max-video-preview:-1\" \/>\n<link rel=\"canonical\" href=\"https:\/\/jackpotlotteryonline.com\/sl\/zmagovalne-stevilke\/\" \/>\n<meta property=\"og:locale\" content=\"sl_SI\" \/>\n<meta property=\"og:type\" content=\"article\" \/>\n<meta property=\"og:title\" content=\"Zmagovalne \u0161tevilke in rezultati za mednarodne jackpote loto\" \/>\n<meta property=\"og:description\" content=\"Na tej strani so prikazani rezultati in dobitne \u0161tevilke ve\u010dine mednarodnih spletnih loterij z jackpotom\" \/>\n<meta property=\"og:url\" content=\"https:\/\/jackpotlotteryonline.com\/sl\/zmagovalne-stevilke\/\" \/>\n<meta property=\"og:site_name\" content=\"Lotto Online - Crack The International Lottery Jackpots\" \/>\n<meta property=\"article:modified_time\" content=\"2022-12-26T08:35:09+00:00\" \/>\n<meta property=\"og:image\" content=\"https:\/\/jackpotlotteryonline.com\/wp-content\/uploads\/2022\/11\/read1.jpg\" \/>\n<meta name=\"twitter:card\" content=\"summary_large_image\" \/>\n<meta name=\"twitter:label1\" content=\"Est. reading time\" \/>\n\t<meta name=\"twitter:data1\" content=\"3 minute\" \/>\n<!-- \/ Yoast SEO plugin. -->","yoast_head_json":{"title":"Zmagovalne \u0161tevilke in rezultati za mednarodne jackpote loto","description":"Na tej strani so prikazani rezultati in dobitne \u0161tevilke ve\u010dine mednarodnih spletnih loterij z jackpotom","robots":{"index":"index","follow":"follow","max-snippet":"max-snippet:-1","max-image-preview":"max-image-preview:large","max-video-preview":"max-video-preview:-1"},"canonical":"https:\/\/jackpotlotteryonline.com\/sl\/zmagovalne-stevilke\/","og_locale":"sl_SI","og_type":"article","og_title":"Zmagovalne \u0161tevilke in rezultati za mednarodne jackpote loto","og_description":"Na tej strani so prikazani rezultati in dobitne \u0161tevilke ve\u010dine mednarodnih spletnih loterij z jackpotom","og_url":"https:\/\/jackpotlotteryonline.com\/sl\/zmagovalne-stevilke\/","og_site_name":"Lotto Online - Crack The International Lottery Jackpots","article_modified_time":"2022-12-26T08:35:09+00:00","og_image":[{"url":"https:\/\/jackpotlotteryonline.com\/wp-content\/uploads\/2022\/11\/read1.jpg"}],"twitter_card":"summary_large_image","twitter_misc":{"Est. reading time":"3 minute"},"schema":{"@context":"https:\/\/schema.org","@graph":[{"@type":"WebPage","@id":"https:\/\/jackpotlotteryonline.com\/sl\/zmagovalne-stevilke\/","url":"https:\/\/jackpotlotteryonline.com\/sl\/zmagovalne-stevilke\/","name":"Zmagovalne \u0161tevilke in rezultati za mednarodne jackpote loto","isPartOf":{"@id":"https:\/\/jackpotlotteryonline.com\/#website"},"primaryImageOfPage":{"@id":"https:\/\/jackpotlotteryonline.com\/sl\/zmagovalne-stevilke\/#primaryimage"},"image":{"@id":"https:\/\/jackpotlotteryonline.com\/sl\/zmagovalne-stevilke\/#primaryimage"},"thumbnailUrl":"https:\/\/jackpotlotteryonline.com\/wp-content\/uploads\/2022\/11\/read1.jpg","datePublished":"2022-11-02T07:38:25+00:00","dateModified":"2022-12-26T08:35:09+00:00","description":"Na tej strani so prikazani rezultati in dobitne \u0161tevilke ve\u010dine mednarodnih spletnih loterij z jackpotom","breadcrumb":{"@id":"https:\/\/jackpotlotteryonline.com\/sl\/zmagovalne-stevilke\/#breadcrumb"},"inLanguage":"sl-SI","potentialAction":[{"@type":"ReadAction","target":["https:\/\/jackpotlotteryonline.com\/sl\/zmagovalne-stevilke\/"]}]},{"@type":"ImageObject","inLanguage":"sl-SI","@id":"https:\/\/jackpotlotteryonline.com\/sl\/zmagovalne-stevilke\/#primaryimage","url":"https:\/\/jackpotlotteryonline.com\/wp-content\/uploads\/2022\/11\/read1.jpg","contentUrl":"https:\/\/jackpotlotteryonline.com\/wp-content\/uploads\/2022\/11\/read1.jpg"},{"@type":"BreadcrumbList","@id":"https:\/\/jackpotlotteryonline.com\/sl\/zmagovalne-stevilke\/#breadcrumb","itemListElement":[{"@type":"ListItem","position":1,"name":"Home","item":"https:\/\/jackpotlotteryonline.com\/sl\/"},{"@type":"ListItem","position":2,"name":"Loterija rezultati"}]},{"@type":"WebSite","@id":"https:\/\/jackpotlotteryonline.com\/#website","url":"https:\/\/jackpotlotteryonline.com\/","name":"Lotto Online - Crack The International Lottery Jackpots","description":"","potentialAction":[{"@type":"SearchAction","target":{"@type":"EntryPoint","urlTemplate":"https:\/\/jackpotlotteryonline.com\/?s={search_term_string}"},"query-input":"required name=search_term_string"}],"inLanguage":"sl-SI"}]}},"_links":{"self":[{"href":"https:\/\/jackpotlotteryonline.com\/sl\/wp-json\/wp\/v2\/pages\/35854","targetHints":{"allow":["GET"]}}],"collection":[{"href":"https:\/\/jackpotlotteryonline.com\/sl\/wp-json\/wp\/v2\/pages"}],"about":[{"href":"https:\/\/jackpotlotteryonline.com\/sl\/wp-json\/wp\/v2\/types\/page"}],"author":[{"embeddable":true,"href":"https:\/\/jackpotlotteryonline.com\/sl\/wp-json\/wp\/v2\/users\/1"}],"replies":[{"embeddable":true,"href":"https:\/\/jackpotlotteryonline.com\/sl\/wp-json\/wp\/v2\/comments?post=35854"}],"version-history":[{"count":0,"href":"https:\/\/jackpotlotteryonline.com\/sl\/wp-json\/wp\/v2\/pages\/35854\/revisions"}],"wp:attachment":[{"href":"https:\/\/jackpotlotteryonline.com\/sl\/wp-json\/wp\/v2\/media?parent=35854"}],"curies":[{"name":"wp","href":"https:\/\/api.w.org\/{rel}","templated":true}]}}