{"id":35907,"date":"2022-11-02T09:49:43","date_gmt":"2022-11-02T09:49:43","guid":{"rendered":"https:\/\/jackpotlotteryonline.com\/?page_id=35907"},"modified":"2022-12-19T09:29:40","modified_gmt":"2022-12-19T09:29:40","slug":"powerball","status":"publish","type":"page","link":"https:\/\/jackpotlotteryonline.com\/sl\/kako-igrati\/powerball\/","title":{"rendered":"Powerball ZDA"},"content":{"rendered":"<h2>Jackpot loterije Powerball na spletu<\/h2>\n<p><img loading=\"lazy\" decoding=\"async\" class=\"alignright size-full wp-image-19358\" src=\"https:\/\/jackpotlotteryonline.com\/wp-content\/uploads\/2022\/10\/2_ticket_powerball3.jpg\" alt=\"vstopnica za igro powerball\" width=\"180\" height=\"194\" \/><\/p>\n<p>Pred vami je ena najstarej\u0161ih in najve\u010djih loterij v ZDA. Jackpot loterije Powerball ponuja ve\u010ddr\u017eavna komisija za loterijo, ki jo je ustanovilo 41 ameri\u0161kih zveznih dr\u017eav. Izvaja se v vseh zveznih dr\u017eavah (vklju\u010dno z Devi\u0161kimi otoki in okro\u017ejem Kolumbija) ZDA razen v osmih (Nevada, Kalifornija, Utah, Mississippi, Wyoming, Alabama, Havaji in Aljaska).<\/p>\n<p>Glavni dobitek spletne loterije Powerball je ve\u010dkrat presegel 300 milijonov dolarjev, najvi\u0161ji dobitek doslej pa je bil 1500 milijonov dolarjev. Obi\u010dajno se glavni dobitki za\u010dnejo pri 20 milijonih dolarjev in se vsaki\u010d, ko glavni dobitek ni bil zadetek, pove\u010dajo za najmanj 5 milijonov dolarjev.<\/p>\n<section class=\"layout\" style=\"border: solid 1px; width: 100%;\">\n<div class=\"img-div\" style=\"margin-top: 5px;\"><img decoding=\"async\" class=\"wp-image-17212 alignleft\" style=\"height: 45px; margin: 8px 8px 0px;\" src=\"https:\/\/jackpotlotteryonline.com\/wp-content\/uploads\/2022\/11\/read1.jpg\" alt=\"najve\u010dji loterijski jackpot\" width=\"\" height=\"\" \/><\/div>\n<div style=\"padding-left: 5px;\">\n<div style=\"font-size: 1.1em;\">\n<p><strong>Zgodovinski rekordni loterijski jackpoti<\/strong><\/p>\n<p style=\"font-size: 0.85em; margin-top: -1.5em;\">Zaradi najve\u010djih jackpotov v zgodovini loterije se vam bo zavrtelo v glavi <a href=\"https:\/\/jackpotlotteryonline.com\/sl\/najvecje-jackpote-loto-v-zgodovini\">preberi ve\u010d<\/a><\/p>\n<\/div>\n<\/div>\n<\/section>\n<h2>Kako igrati loterijo Powerball<\/h2>\n<p>Svojo loterijsko <strong><a href=\"https:\/\/jackpotlotteryonline.com\/sl\/kupiti-vstopnice\/powerball\">sre\u010dko lahko preprosto dobite prek na\u0161e<\/a> spletne strani. Za igranje in osvojitev glavnega dobitka loterije Powerball<\/strong> vam ni treba biti dr\u017eavljan ZDA &#8211; lahko \u017eivite zunaj ZDA, vendar morate biti stari vsaj 18 let. Vse, kar morate storiti, je, da kliknete na eno od loterijskih pasic, se registrirate in preverite ter opravite pla\u010dilo. Za vse ostalo bomo poskrbeli, ko boste oddali naro\u010dilo. Nakup vstopnic, dostava in pomo\u010d pri logistiki denarja so podro\u010dja, pri katerih vam lahko pomagamo.<br \/>\n<img loading=\"lazy\" decoding=\"async\" class=\"alignright size-full wp-image-18167\" src=\"https:\/\/jackpotlotteryonline.com\/wp-content\/uploads\/2022\/10\/powerball_globe_logo.png\" alt=\"igranje igre powerball prek spleta\" width=\"200\" height=\"212\" \/><\/p>\n<p>\u010ce \u017eelite zadeti jackpot loterije Powerball, morate pravilno izbrati pet \u0161tevilk od 59 ter \u0161tevilko Powerball med 1 in 39. Obstaja devet na\u010dinov za osvojitev dobitka, eno ceno pa dobite \u017ee, \u010de zadenete \u0161tevilko Powerball.<\/p>\n<p><a href=\"https:\/\/jackpotlotteryonline.com\/sl\/kupiti-vstopnice\/powerball\">Glavni dobitek loterije Powerball<\/a> na spletu je tradicionalna loterija z dvema bobnoma. V enem bobnu je 59 belih kroglic, v drugem pa 39 rde\u010dih kroglic. Izbrati boste morali 5 belih kroglic in eno rde\u010do kroglico. \u017dogice lahko izberete naklju\u010dno, vrstni red izbire pa ne vpliva na rezultat.<\/p>\n<p>Vsekakor ima spletno igranje loterije Powerball svoje prednosti in zaradi izjemnih mo\u017enosti za zmago je povpra\u0161evanje po tej loteriji veliko.<\/p>\n<h2>\u010cas je, da preizkusite svojo sre\u010do v igri Powerball<\/h2>\n<p>\u010ce ste oseba, ki rada preizku\u0161a sre\u010do v igrah na sre\u010do, je loterija Powerball zagotovo pravi za\u010detek. Na na\u0161i spletni strani je na voljo veliko ve\u010d informacij, ki vam lahko pomagajo pri odlo\u010ditvi, katere \u0161tevilke izbrati in igrati.<\/p>\n<p>Veliko ljudi meni, da je loterija igra na sre\u010do. Toda ko bodo razumeli, kako deluje loterija Powerball, bodo morda za\u010deli razmi\u0161ljati nekoliko druga\u010de. <strong>Mnogi so \u017ee zmagali na loteriji Powerball in ni razloga, da tudi vi ne bi bili med njimi. Za\u010dnite zdaj&#8230;!<\/strong><\/p>\n","protected":false},"excerpt":{"rendered":"<p>Jackpot loterije Powerball na spletu Pred vami je ena najstarej\u0161ih in najve\u010djih loterij v ZDA. Jackpot loterije Powerball ponuja ve\u010ddr\u017eavna komisija za loterijo, ki jo je ustanovilo 41 ameri\u0161kih zveznih dr\u017eav. Izvaja se v vseh zveznih dr\u017eavah (vklju\u010dno z Devi\u0161kimi otoki in okro\u017ejem Kolumbija) ZDA razen v osmih (Nevada, Kalifornija, Utah, Mississippi, Wyoming, Alabama, Havaji [&hellip;]<\/p>\n","protected":false},"author":1,"featured_media":0,"parent":35721,"menu_order":1,"comment_status":"closed","ping_status":"closed","template":"powerball-usa.php","meta":{"_et_pb_use_builder":"","_et_pb_old_content":"","_et_gb_content_width":"","exclude_from_search":false,"footnotes":""},"class_list":["post-35907","page","type-page","status-publish","hentry"],"yoast_head":"<!-- This site is optimized with the Yoast SEO plugin v23.3 - https:\/\/yoast.com\/wordpress\/plugins\/seo\/ -->\n<title>Igranje loterije Powerball na spletu, zunaj ZDA<\/title>\n<meta name=\"description\" content=\"Loterija Powerball je ena najstarej\u0161ih loterij v ZDA - preberite si to in ugotovite, kako lahko danes igrate na spletu in iz dr\u017eave zunaj ZDA!\" \/>\n<meta name=\"robots\" content=\"index, follow, max-snippet:-1, max-image-preview:large, max-video-preview:-1\" \/>\n<link rel=\"canonical\" href=\"https:\/\/jackpotlotteryonline.com\/play-online\/powerball\/\" \/>\n<meta property=\"og:locale\" content=\"sl_SI\" \/>\n<meta property=\"og:type\" content=\"article\" \/>\n<meta property=\"og:title\" content=\"Igranje loterije Powerball na spletu, zunaj ZDA\" \/>\n<meta property=\"og:description\" content=\"Loterija Powerball je ena najstarej\u0161ih loterij v ZDA - preberite si to in ugotovite, kako lahko danes igrate na spletu in iz dr\u017eave zunaj ZDA!\" \/>\n<meta property=\"og:url\" content=\"https:\/\/jackpotlotteryonline.com\/play-online\/powerball\/\" \/>\n<meta property=\"og:site_name\" content=\"Lotto Online - Crack The International Lottery Jackpots\" \/>\n<meta property=\"article:modified_time\" content=\"2022-12-19T09:29:40+00:00\" \/>\n<meta property=\"og:image\" content=\"https:\/\/jackpotlotteryonline.com\/wp-content\/uploads\/2022\/10\/2_ticket_powerball3.jpg\" \/>\n<meta name=\"twitter:card\" content=\"summary_large_image\" \/>\n<meta name=\"twitter:label1\" content=\"Est. reading time\" \/>\n\t<meta name=\"twitter:data1\" content=\"3 minute\" \/>\n<!-- \/ Yoast SEO plugin. -->","yoast_head_json":{"title":"Igranje loterije Powerball na spletu, zunaj ZDA","description":"Loterija Powerball je ena najstarej\u0161ih loterij v ZDA - preberite si to in ugotovite, kako lahko danes igrate na spletu in iz dr\u017eave zunaj ZDA!","robots":{"index":"index","follow":"follow","max-snippet":"max-snippet:-1","max-image-preview":"max-image-preview:large","max-video-preview":"max-video-preview:-1"},"canonical":"https:\/\/jackpotlotteryonline.com\/play-online\/powerball\/","og_locale":"sl_SI","og_type":"article","og_title":"Igranje loterije Powerball na spletu, zunaj ZDA","og_description":"Loterija Powerball je ena najstarej\u0161ih loterij v ZDA - preberite si to in ugotovite, kako lahko danes igrate na spletu in iz dr\u017eave zunaj ZDA!","og_url":"https:\/\/jackpotlotteryonline.com\/play-online\/powerball\/","og_site_name":"Lotto Online - Crack The International Lottery Jackpots","article_modified_time":"2022-12-19T09:29:40+00:00","og_image":[{"url":"https:\/\/jackpotlotteryonline.com\/wp-content\/uploads\/2022\/10\/2_ticket_powerball3.jpg"}],"twitter_card":"summary_large_image","twitter_misc":{"Est. reading time":"3 minute"},"schema":{"@context":"https:\/\/schema.org","@graph":[{"@type":"WebPage","@id":"https:\/\/jackpotlotteryonline.com\/play-online\/powerball\/","url":"https:\/\/jackpotlotteryonline.com\/play-online\/powerball\/","name":"Igranje loterije Powerball na spletu, zunaj ZDA","isPartOf":{"@id":"https:\/\/jackpotlotteryonline.com\/#website"},"primaryImageOfPage":{"@id":"https:\/\/jackpotlotteryonline.com\/play-online\/powerball\/#primaryimage"},"image":{"@id":"https:\/\/jackpotlotteryonline.com\/play-online\/powerball\/#primaryimage"},"thumbnailUrl":"https:\/\/jackpotlotteryonline.com\/wp-content\/uploads\/2022\/10\/2_ticket_powerball3.jpg","datePublished":"2022-11-02T09:49:43+00:00","dateModified":"2022-12-19T09:29:40+00:00","description":"Loterija Powerball je ena najstarej\u0161ih loterij v ZDA - preberite si to in ugotovite, kako lahko danes igrate na spletu in iz dr\u017eave zunaj ZDA!","breadcrumb":{"@id":"https:\/\/jackpotlotteryonline.com\/play-online\/powerball\/#breadcrumb"},"inLanguage":"sl-SI","potentialAction":[{"@type":"ReadAction","target":["https:\/\/jackpotlotteryonline.com\/play-online\/powerball\/"]}]},{"@type":"ImageObject","inLanguage":"sl-SI","@id":"https:\/\/jackpotlotteryonline.com\/play-online\/powerball\/#primaryimage","url":"https:\/\/jackpotlotteryonline.com\/wp-content\/uploads\/2022\/10\/2_ticket_powerball3.jpg","contentUrl":"https:\/\/jackpotlotteryonline.com\/wp-content\/uploads\/2022\/10\/2_ticket_powerball3.jpg"},{"@type":"BreadcrumbList","@id":"https:\/\/jackpotlotteryonline.com\/play-online\/powerball\/#breadcrumb","itemListElement":[{"@type":"ListItem","position":1,"name":"Home","item":"https:\/\/jackpotlotteryonline.com\/sl\/"},{"@type":"ListItem","position":2,"name":"Kako igrati","item":"https:\/\/jackpotlotteryonline.com\/play-online\/"},{"@type":"ListItem","position":3,"name":"Powerball ZDA"}]},{"@type":"WebSite","@id":"https:\/\/jackpotlotteryonline.com\/#website","url":"https:\/\/jackpotlotteryonline.com\/","name":"Lotto Online - Crack The International Lottery Jackpots","description":"","potentialAction":[{"@type":"SearchAction","target":{"@type":"EntryPoint","urlTemplate":"https:\/\/jackpotlotteryonline.com\/?s={search_term_string}"},"query-input":"required name=search_term_string"}],"inLanguage":"sl-SI"}]}},"_links":{"self":[{"href":"https:\/\/jackpotlotteryonline.com\/sl\/wp-json\/wp\/v2\/pages\/35907","targetHints":{"allow":["GET"]}}],"collection":[{"href":"https:\/\/jackpotlotteryonline.com\/sl\/wp-json\/wp\/v2\/pages"}],"about":[{"href":"https:\/\/jackpotlotteryonline.com\/sl\/wp-json\/wp\/v2\/types\/page"}],"author":[{"embeddable":true,"href":"https:\/\/jackpotlotteryonline.com\/sl\/wp-json\/wp\/v2\/users\/1"}],"replies":[{"embeddable":true,"href":"https:\/\/jackpotlotteryonline.com\/sl\/wp-json\/wp\/v2\/comments?post=35907"}],"version-history":[{"count":0,"href":"https:\/\/jackpotlotteryonline.com\/sl\/wp-json\/wp\/v2\/pages\/35907\/revisions"}],"up":[{"embeddable":true,"href":"https:\/\/jackpotlotteryonline.com\/sl\/wp-json\/wp\/v2\/pages\/35721"}],"wp:attachment":[{"href":"https:\/\/jackpotlotteryonline.com\/sl\/wp-json\/wp\/v2\/media?parent=35907"}],"curies":[{"name":"wp","href":"https:\/\/api.w.org\/{rel}","templated":true}]}}