{"id":35972,"date":"2022-11-02T12:38:49","date_gmt":"2022-11-02T12:38:49","guid":{"rendered":"https:\/\/jackpotlotteryonline.com\/?page_id=35972"},"modified":"2022-12-30T19:32:52","modified_gmt":"2022-12-30T19:32:52","slug":"mega-millions","status":"publish","type":"page","link":"https:\/\/jackpotlotteryonline.com\/sl\/kako-igrati\/mega-millions\/","title":{"rendered":"Mega Millions ZDA"},"content":{"rendered":"<h2>Spletni loterijski jackpot Mega Millions<\/h2>\n<p>Jackpot lota Mega Millions se nahaja v Michiganu v ZDA in se igra v 12 zveznih dr\u017eavah ZDA. Ker so \u017erebanja predvidena vsak torek in petek zve\u010der ob 20. uri, je lahko pogostost dobitkov za sre\u010dnega igralca precej visoka. Lestvica Mega Millions je relativno poceni, najve\u010dji jackpot, ki je bil kdajkoli izpla\u010dan, pa je zna\u0161al ve\u010d kot 1500 milijonov dolarjev.<br \/>\n<img loading=\"lazy\" decoding=\"async\" class=\"alignright size-full wp-image-17546\" src=\"https:\/\/jackpotlotteryonline.com\/wp-content\/uploads\/2022\/10\/logo_Mega_Millions_233x110.png\" alt=\"igranje mega milijonov na spletu\" width=\"232\" height=\"110\" \/><\/p>\n<p>\u010ce razmi\u0161ljate o igranju igre Mega Millions, in to redno, si lahko predstavljate, koliko \u010dasa in energije je treba vlo\u017eiti v to, da dvakrat tedensko te\u010dete na loterijo. Najbolj\u0161i na\u010din za odpravo zapletov in prihranek \u010dasa je igranje prek spleta. <a href=\"https:\/\/jackpotlotteryonline.com\/sl\/zmagovalne-stevilke\/mega-millions\">Nakup sre\u010dke<\/a> z va\u0161imi najljub\u0161imi \u0161tevilkami in dostava na va\u0161 dom \u0161e nikoli ni bila tako preprosta. Z na\u0161o pomo\u010djo lahko jackpot Mega Millions Lotto prek spleta osvoji vsakdo na svetu!<\/p>\n<h2>Kako igrati igro Mega Millions prek spleta<\/h2>\n<p>Loterija Mega Millions se za\u010dne z zneskom 20 milijonov dolarjev in se je zapisala v zgodovino, ko je dosegla 1,5 milijarde dolarjev, kar je najvi\u0161ji loterijski jackpot v zgodovini ZDA! Igralci lahko izberejo pet \u0161tevilk med 1 in 56 (bela kroglica) ter eno tako imenovano Mega \u0161tevilko med 1 in 46 (zlata kroglica).<br \/>\n<img loading=\"lazy\" decoding=\"async\" class=\"alignright size-full wp-image-19115\" src=\"https:\/\/jackpotlotteryonline.com\/wp-content\/uploads\/2022\/10\/2_ticket_mega_millions3.jpg\" alt=\"Skeniranje mega milijonov\" width=\"180\" height=\"193\" \/><\/p>\n<p>\u010ce \u017eelite osvojiti ta jackpot, morate pravilno izbrati vseh pet \u0161tevilk in mega \u0161tevilko. Toda tudi \u010de vam ne uspe zadeti glavnega dobitka, imate veliko mo\u017enosti za zmago, saj je dobitna ena od 40 sre\u010dk. Vsi se strinjajo, da so to zelo dobre mo\u017enosti za zmago na loteriji.<\/p>\n<p>Jackpot bo izpla\u010dan v 26 letnih izpla\u010dilih, imenovanih tudi mo\u017enost rente, lahko pa se odlo\u010dite za izpla\u010dilo v celoti v gotovini, pri \u010demer vam bo izpla\u010dana sedanja vrednost rente.<a href=\"https:\/\/jackpotlotteryonline.com\/sl\/zmagovalne-stevilke\/mega-millions\"> \u017drebanja<\/a> obi\u010dajno potekajo v Idahu (Georgia), ko pa glavni dobitek prese\u017ee 200 milijonov dolarjev, \u017erebanje poteka na Times Squaru (New York).<\/p>\n<p>Za igranje te loterije morate biti stari najmanj 18 let, ni pa nujno, da ste dr\u017eavljan ali prebivalec ZDA. Z na\u0161o pomo\u010djo lahko igrate zunaj ZDA, pravzaprav kjer koli na svetu. Pravzaprav vam bomo pomagali tudi pri tem, da dobitek varno in brez te\u017eav prejmete.<\/p>\n<h2>Dodatki<\/h2>\n<p>V skoraj vseh jurisdikcijah (42 od 43, razen v Kaliforniji) igre Mega Millions imajo igralci mo\u017enost aktivirati dodatek, imenovan Megaplier. Megaplier podvoji stavo v igri in igralci lahko nagrade, ki niso dobitki, pomno\u017eijo z 2,3 ali 4. Seveda tu ni treba omenjati, da se kvote zni\u017eujejo.<\/p>\n<p>Glede na to, da je na kocki tako veliko, je torej \u010das, da razmislite o igranju igre Mega Millions, saj lahko z njo uresni\u010dite svoje sanje. Registrirajte se na na\u0161i spletni strani in se preizkusite v najve\u010dji ameri\u0161ki loteriji doslej.<\/p>\n<section class=\"layout\" style=\"border: solid 1px; width: 100%;\">\n<div class=\"img-div\" style=\"margin-top: 5px;\"><img decoding=\"async\" class=\"wp-image-17212 alignleft\" style=\"height: 45px; margin: 8px 8px 0px;\" src=\"https:\/\/jackpotlotteryonline.com\/wp-content\/uploads\/2022\/11\/read1.jpg\" alt=\"Preberite\" width=\"\" height=\"\" \/><\/div>\n<div style=\"padding-left: 5px;\">\n<div style=\"font-size: 1.1em;\">\n<p><strong>Va\u0161a nacionalna loterija v mednarodni primerjavi<\/strong><\/p>\n<p style=\"font-size: 0.85em; margin-top: -1.5em;\">Va\u0161a lokalna loterija je lahko najslab\u0161a mo\u017enost &#8211; zakaj je bolj smiselno pla\u010dati ve\u010d, a se odlo\u010diti za ve\u010dje dobitke\u00a0 <a href=\"https:\/\/jackpotlotteryonline.com\/sl\/vasa-mestna-loterija-v-mednarodni-primerjavi\"> preberi ve\u010d<\/a><\/p>\n<\/div>\n<\/div>\n<\/section>\n","protected":false},"excerpt":{"rendered":"<p>Spletni loterijski jackpot Mega Millions Jackpot lota Mega Millions se nahaja v Michiganu v ZDA in se igra v 12 zveznih dr\u017eavah ZDA. Ker so \u017erebanja predvidena vsak torek in petek zve\u010der ob 20. uri, je lahko pogostost dobitkov za sre\u010dnega igralca precej visoka. Lestvica Mega Millions je relativno poceni, najve\u010dji jackpot, ki je bil [&hellip;]<\/p>\n","protected":false},"author":1,"featured_media":0,"parent":35721,"menu_order":2,"comment_status":"closed","ping_status":"closed","template":"megamillion.php","meta":{"_et_pb_use_builder":"","_et_pb_old_content":"","_et_gb_content_width":"","exclude_from_search":false,"footnotes":""},"class_list":["post-35972","page","type-page","status-publish","hentry"],"yoast_head":"<!-- This site is optimized with the Yoast SEO plugin v23.3 - https:\/\/yoast.com\/wordpress\/plugins\/seo\/ -->\n<title>Igranje Mega Millions na spletu zunaj ZDA<\/title>\n<meta name=\"description\" content=\"Loto jackpot Mega Millions v ZDA je mati vseh loterij in zdaj ga lahko igrate na spletu, tudi \u010de \u017eivite zunaj ZDA.\" \/>\n<meta name=\"robots\" content=\"index, follow, max-snippet:-1, max-image-preview:large, max-video-preview:-1\" \/>\n<link rel=\"canonical\" href=\"https:\/\/jackpotlotteryonline.com\/play-online\/mega-millions\/\" \/>\n<meta property=\"og:locale\" content=\"sl_SI\" \/>\n<meta property=\"og:type\" content=\"article\" \/>\n<meta property=\"og:title\" content=\"Igranje Mega Millions na spletu zunaj ZDA\" \/>\n<meta property=\"og:description\" content=\"Loto jackpot Mega Millions v ZDA je mati vseh loterij in zdaj ga lahko igrate na spletu, tudi \u010de \u017eivite zunaj ZDA.\" \/>\n<meta property=\"og:url\" content=\"https:\/\/jackpotlotteryonline.com\/play-online\/mega-millions\/\" \/>\n<meta property=\"og:site_name\" content=\"Lotto Online - Crack The International Lottery Jackpots\" \/>\n<meta property=\"article:modified_time\" content=\"2022-12-30T19:32:52+00:00\" \/>\n<meta property=\"og:image\" content=\"https:\/\/jackpotlotteryonline.com\/wp-content\/uploads\/2022\/10\/logo_Mega_Millions_233x110.png\" \/>\n<meta name=\"twitter:card\" content=\"summary_large_image\" \/>\n<meta name=\"twitter:label1\" content=\"Est. reading time\" \/>\n\t<meta name=\"twitter:data1\" content=\"3 minute\" \/>\n<!-- \/ Yoast SEO plugin. -->","yoast_head_json":{"title":"Igranje Mega Millions na spletu zunaj ZDA","description":"Loto jackpot Mega Millions v ZDA je mati vseh loterij in zdaj ga lahko igrate na spletu, tudi \u010de \u017eivite zunaj ZDA.","robots":{"index":"index","follow":"follow","max-snippet":"max-snippet:-1","max-image-preview":"max-image-preview:large","max-video-preview":"max-video-preview:-1"},"canonical":"https:\/\/jackpotlotteryonline.com\/play-online\/mega-millions\/","og_locale":"sl_SI","og_type":"article","og_title":"Igranje Mega Millions na spletu zunaj ZDA","og_description":"Loto jackpot Mega Millions v ZDA je mati vseh loterij in zdaj ga lahko igrate na spletu, tudi \u010de \u017eivite zunaj ZDA.","og_url":"https:\/\/jackpotlotteryonline.com\/play-online\/mega-millions\/","og_site_name":"Lotto Online - Crack The International Lottery Jackpots","article_modified_time":"2022-12-30T19:32:52+00:00","og_image":[{"url":"https:\/\/jackpotlotteryonline.com\/wp-content\/uploads\/2022\/10\/logo_Mega_Millions_233x110.png"}],"twitter_card":"summary_large_image","twitter_misc":{"Est. reading time":"3 minute"},"schema":{"@context":"https:\/\/schema.org","@graph":[{"@type":"WebPage","@id":"https:\/\/jackpotlotteryonline.com\/play-online\/mega-millions\/","url":"https:\/\/jackpotlotteryonline.com\/play-online\/mega-millions\/","name":"Igranje Mega Millions na spletu zunaj ZDA","isPartOf":{"@id":"https:\/\/jackpotlotteryonline.com\/#website"},"primaryImageOfPage":{"@id":"https:\/\/jackpotlotteryonline.com\/play-online\/mega-millions\/#primaryimage"},"image":{"@id":"https:\/\/jackpotlotteryonline.com\/play-online\/mega-millions\/#primaryimage"},"thumbnailUrl":"https:\/\/jackpotlotteryonline.com\/wp-content\/uploads\/2022\/10\/logo_Mega_Millions_233x110.png","datePublished":"2022-11-02T12:38:49+00:00","dateModified":"2022-12-30T19:32:52+00:00","description":"Loto jackpot Mega Millions v ZDA je mati vseh loterij in zdaj ga lahko igrate na spletu, tudi \u010de \u017eivite zunaj ZDA.","breadcrumb":{"@id":"https:\/\/jackpotlotteryonline.com\/play-online\/mega-millions\/#breadcrumb"},"inLanguage":"sl-SI","potentialAction":[{"@type":"ReadAction","target":["https:\/\/jackpotlotteryonline.com\/play-online\/mega-millions\/"]}]},{"@type":"ImageObject","inLanguage":"sl-SI","@id":"https:\/\/jackpotlotteryonline.com\/play-online\/mega-millions\/#primaryimage","url":"https:\/\/jackpotlotteryonline.com\/wp-content\/uploads\/2022\/10\/logo_Mega_Millions_233x110.png","contentUrl":"https:\/\/jackpotlotteryonline.com\/wp-content\/uploads\/2022\/10\/logo_Mega_Millions_233x110.png"},{"@type":"BreadcrumbList","@id":"https:\/\/jackpotlotteryonline.com\/play-online\/mega-millions\/#breadcrumb","itemListElement":[{"@type":"ListItem","position":1,"name":"Home","item":"https:\/\/jackpotlotteryonline.com\/sl\/"},{"@type":"ListItem","position":2,"name":"Kako igrati","item":"https:\/\/jackpotlotteryonline.com\/play-online\/"},{"@type":"ListItem","position":3,"name":"Mega Millions ZDA"}]},{"@type":"WebSite","@id":"https:\/\/jackpotlotteryonline.com\/#website","url":"https:\/\/jackpotlotteryonline.com\/","name":"Lotto Online - Crack The International Lottery Jackpots","description":"","potentialAction":[{"@type":"SearchAction","target":{"@type":"EntryPoint","urlTemplate":"https:\/\/jackpotlotteryonline.com\/?s={search_term_string}"},"query-input":"required name=search_term_string"}],"inLanguage":"sl-SI"}]}},"_links":{"self":[{"href":"https:\/\/jackpotlotteryonline.com\/sl\/wp-json\/wp\/v2\/pages\/35972","targetHints":{"allow":["GET"]}}],"collection":[{"href":"https:\/\/jackpotlotteryonline.com\/sl\/wp-json\/wp\/v2\/pages"}],"about":[{"href":"https:\/\/jackpotlotteryonline.com\/sl\/wp-json\/wp\/v2\/types\/page"}],"author":[{"embeddable":true,"href":"https:\/\/jackpotlotteryonline.com\/sl\/wp-json\/wp\/v2\/users\/1"}],"replies":[{"embeddable":true,"href":"https:\/\/jackpotlotteryonline.com\/sl\/wp-json\/wp\/v2\/comments?post=35972"}],"version-history":[{"count":0,"href":"https:\/\/jackpotlotteryonline.com\/sl\/wp-json\/wp\/v2\/pages\/35972\/revisions"}],"up":[{"embeddable":true,"href":"https:\/\/jackpotlotteryonline.com\/sl\/wp-json\/wp\/v2\/pages\/35721"}],"wp:attachment":[{"href":"https:\/\/jackpotlotteryonline.com\/sl\/wp-json\/wp\/v2\/media?parent=35972"}],"curies":[{"name":"wp","href":"https:\/\/api.w.org\/{rel}","templated":true}]}}