{"id":36040,"date":"2022-11-03T08:37:40","date_gmt":"2022-11-03T08:37:40","guid":{"rendered":"https:\/\/jackpotlotteryonline.com\/?page_id=36040"},"modified":"2022-12-30T20:23:11","modified_gmt":"2022-12-30T20:23:11","slug":"euromillions","status":"publish","type":"page","link":"https:\/\/jackpotlotteryonline.com\/sl\/kako-igrati\/euromillions\/","title":{"rendered":"Igrajte Euro Millions"},"content":{"rendered":"<h2>Pridobite vstopnico za Euromilijon na spletu<\/h2>\n<p><img loading=\"lazy\" decoding=\"async\" class=\"alignright wp-image-18926\" src=\"http:\/\/jackpotlotteryonline.com\/wp-content\/uploads\/2022\/10\/2_ticket_euromillions3-111x300.jpg\" alt=\"vstopnica euromillions\" width=\"83\" height=\"224\" srcset=\"https:\/\/jackpotlotteryonline.com\/wp-content\/uploads\/2022\/10\/2_ticket_euromillions3-111x300.jpg 111w, https:\/\/jackpotlotteryonline.com\/wp-content\/uploads\/2022\/10\/2_ticket_euromillions3.jpg 180w\" sizes=\"auto, (max-width: 83px) 100vw, 83px\" \/><\/p>\n<p>Euromillions je loterija, ki poteka v ve\u010d evropskih dr\u017eavah, kot so Francija, Zdru\u017eeno kraljestvo, \u0160panija, Irska, Belgija, Luksemburg in \u0160vica. Glavni dobitek spletne loterije Euromillions se za\u010dne z zneskom 15 milijonov evrov, rekordni glavni dobitek pa zna\u0161a 190 milijonov evrov.<\/p>\n<p>Za igranje loterije Euromillions z glavnim dobitkom morate biti stari vsaj 18 let, vendar jo lahko igrate iz katere koli dr\u017eave na svetu z uporabo storitve, ki jo zagotavljamo na tem spletnem mestu. Na\u0161a ponudba je precej edinstvena, saj vsem po vsem svetu, vklju\u010dno z dr\u017eavami, kot so Nem\u010dija, Nizozemska, Italija, in celo zunaj Evrope in \u0161e ve\u010d, omogo\u010da igranje in osvojitev glavnega dobitka prek spleta. Z mo\u017enostjo sre\u010dnega izbora la\u017eje izberete naklju\u010dne \u0161tevilke, namesto da bi pritiskali na svoje sive celice.<\/p>\n<h2>Kako kupiti sre\u010dko za glavni dobitek Euromillions zunaj Evrope<\/h2>\n<p><a href=\"https:\/\/jackpotlotteryonline.com\/sl\/kupiti-vstopnice\/euromillions\">Nakup sre\u010dk za glavni dobitek spletne loterije Euromillions<\/a> je lahko pri nas manj naporen. Ko se registrirate na na\u0161em spletnem mestu in se preverite, morate le izbrati loterijo in opraviti zahtevano pla\u010dilo. Ko to storite, se v va\u0161em imenu kupi loterijska sre\u010dka in na va\u0161 ra\u010dun nalo\u017ei skenogram, ko ste pla\u010dali z izbranim pla\u010dilnim sredstvom.<\/p>\n<p>Poleg tega lahko, \u010de \u017eelite \u0161e nekaj \u010dasa igrati spletni glavni dobitek Euromillions, izberete svoje \u0161tevilke ali jih naklju\u010dno izberete in sodelujete v ve\u010d \u017erebanjih, vendar boste morali pla\u010dati le enkrat na nekaj tednov.<\/p>\n<h2>Kako deluje spletni jackpot loterije Euromillions<\/h2>\n<p><img loading=\"lazy\" decoding=\"async\" class=\"alignright wp-image-17411\" src=\"http:\/\/jackpotlotteryonline.com\/wp-content\/uploads\/2022\/10\/euromillions.png\" alt=\"igranje euromillions na spletu\" width=\"143\" height=\"152\" \/><\/p>\n<p>Za osvojitev glavnega dobitka morate izbrati pet \u0161tevilk med 1 in 50 ter dve dodatni \u0161tevilki Lucky Star (med 1 in 9). <a href=\"http:\/\/jackpotlotteryonline.com\/sl\/zmagovalne-stevilke\/euromillions\">\u017drebanje glavnega dobitka Euromillions<\/a> poteka vsak petek zve\u010der, poleg glavnega dobitka pa je na voljo \u0161e 11 vrst nagrad. Verjetnost, da osvojite vsaj eno nagrado, je ena proti 24.<\/p>\n<h2>Preverjanje rezultatov<\/h2>\n<p>Po koncu \u017erebanja lahko rezultate kadar koli preverite prek spleta. Za spremljanje lahko uporabite iPad, iPhone ali katero koli drugo podobno napravo. Ko boste imeli sre\u010do in osvojili nagrado ali glavni dobitek spletne loterije Euromillions, vam bomo pomagali tudi pri prevzemu nagrade in poskrbeli, da vam bo dostavljena.<\/p>\n<section class=\"layout\" style=\"border: solid 1px; width: 100%;\">\n<div class=\"img-div\" style=\"margin-top: 5px;\"><img decoding=\"async\" class=\"wp-image-17212 alignleft\" style=\"height: 45px; margin: 8px 8px 0px;\" src=\"http:\/\/jackpotlotteryonline.com\/wp-content\/uploads\/2022\/11\/read1.jpg\" alt=\"Preberite\" width=\"\" height=\"\" \/><\/div>\n<div style=\"padding-left: 5px;\">\n<div style=\"font-size: 1.1em;\">\n<p><strong>Loterije z najve\u010djimi mo\u017enostmi za veliko zmago<\/strong><\/p>\n<p style=\"font-size: 0.85em; margin-top: -1.5em;\">Katera loterija ima najbolj\u0161e mo\u017enosti za zmago?\u00a0<a href=\"https:\/\/jackpotlotteryonline.com\/sl\/katera-loterija-ima-najboljse-moznosti-za-zmago\"> preberi ve\u010d<\/a><\/p>\n<\/div>\n<\/div>\n<\/section>\n<h2>Glavni dobitek spletne loterije Euromillions<\/h2>\n<p>Glavni dobitek Euromillions je bil prvotno razpisan 7. februarja 2004, prvo \u017erebanje pa je potekalo 13. februarja 2004 v Parizu. Najznamenitej\u0161i dobitek je bil v enem od zadnjih \u017erebanj (12. julija 2011), znesek 185.000.000 EUR pa sta v \u017eep pospravila Colin in Chris Weir iz Glasgowa (Zdru\u017eeno kraljestvo).<\/p>\n<p>Pri spletnem jackpotu loterije Euromillions ni manjkalo \u0161kandalov &#8211; predvsem tistega, ki se je leta 2009 zgodil v Belgiji. Vendar so bili ti \u0161kandali neutemeljeni in so bili od takrat odpravljeni. Zato je \u010das, da preizkusite svojo sre\u010do v eni najve\u010djih denarnih ponudb doslej.<\/p>\n","protected":false},"excerpt":{"rendered":"<p>Pridobite vstopnico za Euromilijon na spletu Euromillions je loterija, ki poteka v ve\u010d evropskih dr\u017eavah, kot so Francija, Zdru\u017eeno kraljestvo, \u0160panija, Irska, Belgija, Luksemburg in \u0160vica. Glavni dobitek spletne loterije Euromillions se za\u010dne z zneskom 15 milijonov evrov, rekordni glavni dobitek pa zna\u0161a 190 milijonov evrov. Za igranje loterije Euromillions z glavnim dobitkom morate biti [&hellip;]<\/p>\n","protected":false},"author":1,"featured_media":0,"parent":35721,"menu_order":3,"comment_status":"closed","ping_status":"closed","template":"euromillions.php","meta":{"_et_pb_use_builder":"","_et_pb_old_content":"","_et_gb_content_width":"","exclude_from_search":false,"footnotes":""},"class_list":["post-36040","page","type-page","status-publish","hentry"],"yoast_head":"<!-- This site is optimized with the Yoast SEO plugin v23.3 - https:\/\/yoast.com\/wordpress\/plugins\/seo\/ -->\n<title>Igrajte Euromillions prek spleta od koderkoli, tudi zunaj Evrope<\/title>\n<meta name=\"description\" content=\"Loterija Euromillions je ena najbolj iskanih loterij. Zdaj lahko igrate s spletno sre\u010dko, tudi \u010de ste zunaj Evrope\" \/>\n<meta name=\"robots\" content=\"index, follow, max-snippet:-1, max-image-preview:large, max-video-preview:-1\" \/>\n<link rel=\"canonical\" href=\"https:\/\/jackpotlotteryonline.com\/play-online\/euromillions\/\" \/>\n<meta property=\"og:locale\" content=\"sl_SI\" \/>\n<meta property=\"og:type\" content=\"article\" \/>\n<meta property=\"og:title\" content=\"Igrajte Euromillions prek spleta od koderkoli, tudi zunaj Evrope\" \/>\n<meta property=\"og:description\" content=\"Loterija Euromillions je ena najbolj iskanih loterij. Zdaj lahko igrate s spletno sre\u010dko, tudi \u010de ste zunaj Evrope\" \/>\n<meta property=\"og:url\" content=\"https:\/\/jackpotlotteryonline.com\/play-online\/euromillions\/\" \/>\n<meta property=\"og:site_name\" content=\"Lotto Online - Crack The International Lottery Jackpots\" \/>\n<meta property=\"article:modified_time\" content=\"2022-12-30T20:23:11+00:00\" \/>\n<meta property=\"og:image\" content=\"http:\/\/jackpotlotteryonline.com\/wp-content\/uploads\/2022\/10\/2_ticket_euromillions3-111x300.jpg\" \/>\n<meta name=\"twitter:card\" content=\"summary_large_image\" \/>\n<meta name=\"twitter:label1\" content=\"Est. reading time\" \/>\n\t<meta name=\"twitter:data1\" content=\"3 minute\" \/>\n<!-- \/ Yoast SEO plugin. -->","yoast_head_json":{"title":"Igrajte Euromillions prek spleta od koderkoli, tudi zunaj Evrope","description":"Loterija Euromillions je ena najbolj iskanih loterij. Zdaj lahko igrate s spletno sre\u010dko, tudi \u010de ste zunaj Evrope","robots":{"index":"index","follow":"follow","max-snippet":"max-snippet:-1","max-image-preview":"max-image-preview:large","max-video-preview":"max-video-preview:-1"},"canonical":"https:\/\/jackpotlotteryonline.com\/play-online\/euromillions\/","og_locale":"sl_SI","og_type":"article","og_title":"Igrajte Euromillions prek spleta od koderkoli, tudi zunaj Evrope","og_description":"Loterija Euromillions je ena najbolj iskanih loterij. Zdaj lahko igrate s spletno sre\u010dko, tudi \u010de ste zunaj Evrope","og_url":"https:\/\/jackpotlotteryonline.com\/play-online\/euromillions\/","og_site_name":"Lotto Online - Crack The International Lottery Jackpots","article_modified_time":"2022-12-30T20:23:11+00:00","og_image":[{"url":"http:\/\/jackpotlotteryonline.com\/wp-content\/uploads\/2022\/10\/2_ticket_euromillions3-111x300.jpg"}],"twitter_card":"summary_large_image","twitter_misc":{"Est. reading time":"3 minute"},"schema":{"@context":"https:\/\/schema.org","@graph":[{"@type":"WebPage","@id":"https:\/\/jackpotlotteryonline.com\/play-online\/euromillions\/","url":"https:\/\/jackpotlotteryonline.com\/play-online\/euromillions\/","name":"Igrajte Euromillions prek spleta od koderkoli, tudi zunaj Evrope","isPartOf":{"@id":"https:\/\/jackpotlotteryonline.com\/#website"},"primaryImageOfPage":{"@id":"https:\/\/jackpotlotteryonline.com\/play-online\/euromillions\/#primaryimage"},"image":{"@id":"https:\/\/jackpotlotteryonline.com\/play-online\/euromillions\/#primaryimage"},"thumbnailUrl":"http:\/\/jackpotlotteryonline.com\/wp-content\/uploads\/2022\/10\/2_ticket_euromillions3-111x300.jpg","datePublished":"2022-11-03T08:37:40+00:00","dateModified":"2022-12-30T20:23:11+00:00","description":"Loterija Euromillions je ena najbolj iskanih loterij. Zdaj lahko igrate s spletno sre\u010dko, tudi \u010de ste zunaj Evrope","breadcrumb":{"@id":"https:\/\/jackpotlotteryonline.com\/play-online\/euromillions\/#breadcrumb"},"inLanguage":"sl-SI","potentialAction":[{"@type":"ReadAction","target":["https:\/\/jackpotlotteryonline.com\/play-online\/euromillions\/"]}]},{"@type":"ImageObject","inLanguage":"sl-SI","@id":"https:\/\/jackpotlotteryonline.com\/play-online\/euromillions\/#primaryimage","url":"http:\/\/jackpotlotteryonline.com\/wp-content\/uploads\/2022\/10\/2_ticket_euromillions3-111x300.jpg","contentUrl":"http:\/\/jackpotlotteryonline.com\/wp-content\/uploads\/2022\/10\/2_ticket_euromillions3-111x300.jpg"},{"@type":"BreadcrumbList","@id":"https:\/\/jackpotlotteryonline.com\/play-online\/euromillions\/#breadcrumb","itemListElement":[{"@type":"ListItem","position":1,"name":"Home","item":"https:\/\/jackpotlotteryonline.com\/sl\/"},{"@type":"ListItem","position":2,"name":"Kako igrati","item":"https:\/\/jackpotlotteryonline.com\/play-online\/"},{"@type":"ListItem","position":3,"name":"Igrajte Euro Millions"}]},{"@type":"WebSite","@id":"https:\/\/jackpotlotteryonline.com\/#website","url":"https:\/\/jackpotlotteryonline.com\/","name":"Lotto Online - Crack The International Lottery Jackpots","description":"","potentialAction":[{"@type":"SearchAction","target":{"@type":"EntryPoint","urlTemplate":"https:\/\/jackpotlotteryonline.com\/?s={search_term_string}"},"query-input":"required name=search_term_string"}],"inLanguage":"sl-SI"}]}},"_links":{"self":[{"href":"https:\/\/jackpotlotteryonline.com\/sl\/wp-json\/wp\/v2\/pages\/36040","targetHints":{"allow":["GET"]}}],"collection":[{"href":"https:\/\/jackpotlotteryonline.com\/sl\/wp-json\/wp\/v2\/pages"}],"about":[{"href":"https:\/\/jackpotlotteryonline.com\/sl\/wp-json\/wp\/v2\/types\/page"}],"author":[{"embeddable":true,"href":"https:\/\/jackpotlotteryonline.com\/sl\/wp-json\/wp\/v2\/users\/1"}],"replies":[{"embeddable":true,"href":"https:\/\/jackpotlotteryonline.com\/sl\/wp-json\/wp\/v2\/comments?post=36040"}],"version-history":[{"count":0,"href":"https:\/\/jackpotlotteryonline.com\/sl\/wp-json\/wp\/v2\/pages\/36040\/revisions"}],"up":[{"embeddable":true,"href":"https:\/\/jackpotlotteryonline.com\/sl\/wp-json\/wp\/v2\/pages\/35721"}],"wp:attachment":[{"href":"https:\/\/jackpotlotteryonline.com\/sl\/wp-json\/wp\/v2\/media?parent=36040"}],"curies":[{"name":"wp","href":"https:\/\/api.w.org\/{rel}","templated":true}]}}