{"id":36093,"date":"2022-11-03T10:10:34","date_gmt":"2022-11-03T10:10:34","guid":{"rendered":"https:\/\/jackpotlotteryonline.com\/?page_id=36093"},"modified":"2022-12-30T21:10:55","modified_gmt":"2022-12-30T21:10:55","slug":"eurojackpot","status":"publish","type":"page","link":"https:\/\/jackpotlotteryonline.com\/sl\/kako-igrati\/eurojackpot\/","title":{"rendered":"EuroJackpot"},"content":{"rendered":"<h2>Kako sodelovati v igri Eurojackpot iz katere koli dr\u017eave<\/h2>\n<p><strong>Eurojackpot<\/strong> je poleg Euromilijonov ena najve\u010djih in najbolj priljubljenih loterij v vsej Evropi, ki jo vsak teden igra na milijone ljudi po vsem svetu. Eurojackpot je bil prvi\u010d ustvarjen leta 1994, vendar se je zaradi \u0161tevilnih sprememb pravil in oblike nekaj let zavla\u010deval, dokler ni bil leta 2004 kon\u010dno uveden in pripravljen za igranje v Evropi.<br \/>\n<img loading=\"lazy\" decoding=\"async\" class=\"alignright wp-image-18574\" src=\"https:\/\/jackpotlotteryonline.com\/wp-content\/uploads\/2022\/10\/1_online_ticket_eurojackpot2.jpg\" alt=\"igranje igre eurojackpot na spletu\" width=\"260\" height=\"173\" \/><\/p>\n<p>Od prvega \u017erebanja leta 2004 je to neverjetno igro na sre\u010do igralo na milijone ljudi in veliko je bilo dobitnikov glavnih dobitkov, med katerimi so nekateri imeli sre\u010do in so osvojili glavne dobitke v vi\u0161ini ve\u010d kot 180 milijonov evrov!<\/p>\n<p>Ker standardni glavni dobitek zna\u0161a 15 milijonov evrov, ki spremeni \u017eivljenje, ni \u010dudno, da igro EuroJackpot na spletu vsak teden igra na milijone ljudi. Pravila so zelo preprosta &#8211; \u010de \u017eelite igrati in osvojiti glavni dobitek, morate pravilno izbrati 5 \u0161tevilk iz razpona od 1 do 50, poleg tega pa morate pravilno ujeti \u0161e 2 \u0161tevilki, poimenovani &#8220;sre\u010dne zvezde&#8221;, od 1 do 11.<\/p>\n<p><a href=\"https:\/\/jackpotlotteryonline.com\/sl\/kupiti-vstopnice\/eurojackpot\">Svojo spletno vstopnico lahko zdaj<\/a> pridobite prek na\u0161e storitve &#8211; vsak lahko sodeluje in zmaga!<\/p>\n<section class=\"layout\" style=\"border: solid 1px; width: 100%;\">\n<div class=\"img-div\" style=\"margin-top: 5px;\"><img decoding=\"async\" class=\"wp-image-17212 alignleft\" style=\"height: 45px; margin: 8px 8px 0px;\" src=\"https:\/\/jackpotlotteryonline.com\/wp-content\/uploads\/2022\/11\/read1.jpg\" alt=\"Preberite\" width=\"\" height=\"\" \/><\/div>\n<div style=\"padding-left: 5px;\">\n<div style=\"font-size: 1.1em;\">\n<p><strong>Katera mednarodna loterija je najbolj\u0161a?<\/strong><\/p>\n<p style=\"font-size: 0.85em; margin-top: -1.5em;\">Katera od mednarodnih loterij ima najbolj\u0161e mo\u017enosti za zmago \u00a0<a href=\"https:\/\/jackpotlotteryonline.com\/sk\/ktora-medzinarodna-loteria-je-najlepsia\"> preberi ve\u010d<\/a><\/p>\n<\/div>\n<\/div>\n<\/section>\n<h2>Kupite spletno sre\u010dko za EuroJackpot<\/h2>\n<p><strong>Pri spletnem igranju igre EuroJackpot je odli\u010dno<\/strong> to, da je na voljo veliko nagrad, zato ne skrbite, \u010de niste dobitnik glavnega dobitka, saj imate \u0161e vedno veliko mo\u017enosti za dobitek velikih denarnih nagrad. Poleg velikega glavnega dobitka, ki ga lahko osvojite, ko kupite listek za spletno igro EuroJackpot, lahko osvojite \u0161e 13 razli\u010dnih nagrad.<br \/>\n<img loading=\"lazy\" decoding=\"async\" class=\"alignright size-medium wp-image-18736\" src=\"https:\/\/jackpotlotteryonline.com\/wp-content\/uploads\/2022\/10\/2_ticket_eurojackpot-141x300.jpg\" alt=\"Eurojackpot vstopnica\" width=\"141\" height=\"300\" srcset=\"https:\/\/jackpotlotteryonline.com\/wp-content\/uploads\/2022\/10\/2_ticket_eurojackpot-141x300.jpg 141w, https:\/\/jackpotlotteryonline.com\/wp-content\/uploads\/2022\/10\/2_ticket_eurojackpot.jpg 150w\" sizes=\"auto, (max-width: 141px) 100vw, 141px\" \/><\/p>\n<p>\u010ce dobitnik glavne nagrade Eurojackpot ni izbran, se Eurojackpot prevesi v drug teden. Zato so bili v preteklosti veliki glavni dobitki v vi\u0161ini 100 milijonov evrov ali ve\u010d. Loterijo obi\u010dajno igrajo prebivalci evropskih dr\u017eav, zato udele\u017eenci iz krajev, kot so Zdru\u017eeno kraljestvo, Francija, Nem\u010dija in \u0160vica, vsak teden kupijo spletne sre\u010dke za Eurojackpot.<\/p>\n<p>Spletni nakup loterijske sre\u010dke hitro postaja najbolj priljubljen na\u010din igranja loterije Eurojackpot. Pravila so enaka, vendar je celoten postopek igranja veliko hitrej\u0161i in enostavnej\u0161i, kar zadeva nakup sre\u010dke. Namesto da se odpravite v lokalno trgovino in kupite fizi\u010dno sre\u010dko, se lahko na primer preprosto prijavite na spletno stran igre in v nekaj sekundah izberete svoje \u0161tevilke v udobju svojega doma ali celo pisarne.<\/p>\n<p>Ko izberete sre\u010dne \u0161tevilke ali celo ve\u010d nizov \u0161tevilk, \u010de \u017eelite pove\u010dati svoje mo\u017enosti za dobitek, lahko varno in zanesljivo pla\u010date svojo vstopnico tudi prek spleta. Po vsakem <a href=\"https:\/\/jackpotlotteryonline.com\/sl\/zmagovalne-stevilke\/euromillions\">\u017erebanju loterije Eurojackpot bodo<\/a> rezultati na spletu posodobljeni v trenutku po tem, ko bo vsak teden razkrita zadnja \u0161tevilka. To pomeni, da se lahko preprosto znova prijavite v svoj ra\u010dun in si v nekaj sekundah ogledate dobitne \u0161tevilke, tako da vam ni treba iskati rezultatov v \u010dasopisih.<\/p>\n<p>\u0160e ve\u010d, ko z nami igrate EuroJackpot prek spleta, vam bomo samodejno poslali elektronsko sporo\u010dilo, \u010de ste ujeli katero od \u0161tevilk.<\/p>\n","protected":false},"excerpt":{"rendered":"<p>Kako sodelovati v igri Eurojackpot iz katere koli dr\u017eave Eurojackpot je poleg Euromilijonov ena najve\u010djih in najbolj priljubljenih loterij v vsej Evropi, ki jo vsak teden igra na milijone ljudi po vsem svetu. Eurojackpot je bil prvi\u010d ustvarjen leta 1994, vendar se je zaradi \u0161tevilnih sprememb pravil in oblike nekaj let zavla\u010deval, dokler ni bil [&hellip;]<\/p>\n","protected":false},"author":1,"featured_media":0,"parent":35721,"menu_order":4,"comment_status":"closed","ping_status":"closed","template":"eurojackpot.php","meta":{"_et_pb_use_builder":"","_et_pb_old_content":"","_et_gb_content_width":"","exclude_from_search":false,"footnotes":""},"class_list":["post-36093","page","type-page","status-publish","hentry"],"yoast_head":"<!-- This site is optimized with the Yoast SEO plugin v23.3 - https:\/\/yoast.com\/wordpress\/plugins\/seo\/ -->\n<title>Igrajte Eurojackpot prek spleta, tudi zunaj Evrope<\/title>\n<meta name=\"description\" content=\"Z igranjem Eurojackpota na spletu ste bli\u017eje temu, da postanete milijonar!\" \/>\n<meta name=\"robots\" content=\"index, follow, max-snippet:-1, max-image-preview:large, max-video-preview:-1\" \/>\n<link rel=\"canonical\" href=\"https:\/\/jackpotlotteryonline.com\/play-online\/eurojackpot\/\" \/>\n<meta property=\"og:locale\" content=\"sl_SI\" \/>\n<meta property=\"og:type\" content=\"article\" \/>\n<meta property=\"og:title\" content=\"Igrajte Eurojackpot prek spleta, tudi zunaj Evrope\" \/>\n<meta property=\"og:description\" content=\"Z igranjem Eurojackpota na spletu ste bli\u017eje temu, da postanete milijonar!\" \/>\n<meta property=\"og:url\" content=\"https:\/\/jackpotlotteryonline.com\/play-online\/eurojackpot\/\" \/>\n<meta property=\"og:site_name\" content=\"Lotto Online - Crack The International Lottery Jackpots\" \/>\n<meta property=\"article:modified_time\" content=\"2022-12-30T21:10:55+00:00\" \/>\n<meta property=\"og:image\" content=\"https:\/\/jackpotlotteryonline.com\/wp-content\/uploads\/2022\/10\/1_online_ticket_eurojackpot2.jpg\" \/>\n<meta name=\"twitter:card\" content=\"summary_large_image\" \/>\n<meta name=\"twitter:label1\" content=\"Est. reading time\" \/>\n\t<meta name=\"twitter:data1\" content=\"3 minute\" \/>\n<!-- \/ Yoast SEO plugin. -->","yoast_head_json":{"title":"Igrajte Eurojackpot prek spleta, tudi zunaj Evrope","description":"Z igranjem Eurojackpota na spletu ste bli\u017eje temu, da postanete milijonar!","robots":{"index":"index","follow":"follow","max-snippet":"max-snippet:-1","max-image-preview":"max-image-preview:large","max-video-preview":"max-video-preview:-1"},"canonical":"https:\/\/jackpotlotteryonline.com\/play-online\/eurojackpot\/","og_locale":"sl_SI","og_type":"article","og_title":"Igrajte Eurojackpot prek spleta, tudi zunaj Evrope","og_description":"Z igranjem Eurojackpota na spletu ste bli\u017eje temu, da postanete milijonar!","og_url":"https:\/\/jackpotlotteryonline.com\/play-online\/eurojackpot\/","og_site_name":"Lotto Online - Crack The International Lottery Jackpots","article_modified_time":"2022-12-30T21:10:55+00:00","og_image":[{"url":"https:\/\/jackpotlotteryonline.com\/wp-content\/uploads\/2022\/10\/1_online_ticket_eurojackpot2.jpg"}],"twitter_card":"summary_large_image","twitter_misc":{"Est. reading time":"3 minute"},"schema":{"@context":"https:\/\/schema.org","@graph":[{"@type":"WebPage","@id":"https:\/\/jackpotlotteryonline.com\/play-online\/eurojackpot\/","url":"https:\/\/jackpotlotteryonline.com\/play-online\/eurojackpot\/","name":"Igrajte Eurojackpot prek spleta, tudi zunaj Evrope","isPartOf":{"@id":"https:\/\/jackpotlotteryonline.com\/#website"},"primaryImageOfPage":{"@id":"https:\/\/jackpotlotteryonline.com\/play-online\/eurojackpot\/#primaryimage"},"image":{"@id":"https:\/\/jackpotlotteryonline.com\/play-online\/eurojackpot\/#primaryimage"},"thumbnailUrl":"https:\/\/jackpotlotteryonline.com\/wp-content\/uploads\/2022\/10\/1_online_ticket_eurojackpot2.jpg","datePublished":"2022-11-03T10:10:34+00:00","dateModified":"2022-12-30T21:10:55+00:00","description":"Z igranjem Eurojackpota na spletu ste bli\u017eje temu, da postanete milijonar!","breadcrumb":{"@id":"https:\/\/jackpotlotteryonline.com\/play-online\/eurojackpot\/#breadcrumb"},"inLanguage":"sl-SI","potentialAction":[{"@type":"ReadAction","target":["https:\/\/jackpotlotteryonline.com\/play-online\/eurojackpot\/"]}]},{"@type":"ImageObject","inLanguage":"sl-SI","@id":"https:\/\/jackpotlotteryonline.com\/play-online\/eurojackpot\/#primaryimage","url":"https:\/\/jackpotlotteryonline.com\/wp-content\/uploads\/2022\/10\/1_online_ticket_eurojackpot2.jpg","contentUrl":"https:\/\/jackpotlotteryonline.com\/wp-content\/uploads\/2022\/10\/1_online_ticket_eurojackpot2.jpg"},{"@type":"BreadcrumbList","@id":"https:\/\/jackpotlotteryonline.com\/play-online\/eurojackpot\/#breadcrumb","itemListElement":[{"@type":"ListItem","position":1,"name":"Home","item":"https:\/\/jackpotlotteryonline.com\/sl\/"},{"@type":"ListItem","position":2,"name":"Kako igrati","item":"https:\/\/jackpotlotteryonline.com\/play-online\/"},{"@type":"ListItem","position":3,"name":"EuroJackpot"}]},{"@type":"WebSite","@id":"https:\/\/jackpotlotteryonline.com\/#website","url":"https:\/\/jackpotlotteryonline.com\/","name":"Lotto Online - Crack The International Lottery Jackpots","description":"","potentialAction":[{"@type":"SearchAction","target":{"@type":"EntryPoint","urlTemplate":"https:\/\/jackpotlotteryonline.com\/?s={search_term_string}"},"query-input":"required name=search_term_string"}],"inLanguage":"sl-SI"}]}},"_links":{"self":[{"href":"https:\/\/jackpotlotteryonline.com\/sl\/wp-json\/wp\/v2\/pages\/36093","targetHints":{"allow":["GET"]}}],"collection":[{"href":"https:\/\/jackpotlotteryonline.com\/sl\/wp-json\/wp\/v2\/pages"}],"about":[{"href":"https:\/\/jackpotlotteryonline.com\/sl\/wp-json\/wp\/v2\/types\/page"}],"author":[{"embeddable":true,"href":"https:\/\/jackpotlotteryonline.com\/sl\/wp-json\/wp\/v2\/users\/1"}],"replies":[{"embeddable":true,"href":"https:\/\/jackpotlotteryonline.com\/sl\/wp-json\/wp\/v2\/comments?post=36093"}],"version-history":[{"count":0,"href":"https:\/\/jackpotlotteryonline.com\/sl\/wp-json\/wp\/v2\/pages\/36093\/revisions"}],"up":[{"embeddable":true,"href":"https:\/\/jackpotlotteryonline.com\/sl\/wp-json\/wp\/v2\/pages\/35721"}],"wp:attachment":[{"href":"https:\/\/jackpotlotteryonline.com\/sl\/wp-json\/wp\/v2\/media?parent=36093"}],"curies":[{"name":"wp","href":"https:\/\/api.w.org\/{rel}","templated":true}]}}