{"id":36146,"date":"2022-11-03T13:47:16","date_gmt":"2022-11-03T13:47:16","guid":{"rendered":"https:\/\/jackpotlotteryonline.com\/?page_id=36146"},"modified":"2022-12-31T07:44:43","modified_gmt":"2022-12-31T07:44:43","slug":"superenalotto","status":"publish","type":"page","link":"https:\/\/jackpotlotteryonline.com\/sl\/kako-igrati\/superenalotto\/","title":{"rendered":"SuperEnaLotto Italija"},"content":{"rendered":"<h2>Superenalotto Italia<\/h2>\n<p>To je italijanska jackpot loterija, ki je bila prvi\u010d iz\u017erebana 3. decembra 1997, spletni <strong>jackpot Superenalotto<\/strong> pa zelo pogosto dosega astronomske zneske. \u017drebanje poteka vsak torek, \u010detrtek in soboto to\u010dno ob 20.00. Ker gre za najvi\u0161je zneske glavnega dobitka, so mo\u017enosti za dobitek na tej loteriji med najni\u017ejimi. <strong>Superenalotto Italia<\/strong> je znana po tem, da je njen glavni dobitek zna\u0161al ve\u010d kot 250 milijonov evrov.<\/p>\n<section class=\"layout\" style=\"border: solid 1px; width: 100%;\">\n<div class=\"img-div\" style=\"margin-top: 5px;\"><img decoding=\"async\" class=\"wp-image-17212 alignleft\" style=\"height: 45px; margin: 8px 8px 0px;\" src=\"https:\/\/jackpotlotteryonline.com\/wp-content\/uploads\/2022\/11\/read1.jpg\" alt=\"Preberite\" width=\"\" height=\"\" \/><\/div>\n<div style=\"padding-left: 5px;\">\n<div style=\"font-size: 1.1em;\">\n<p><strong>Evropske loterije<\/strong><\/p>\n<p style=\"font-size: 0.85em; margin-top: -1.5em;\">Katere evropske loterije so najbolj\u0161e? <a href=\"https:\/\/jackpotlotteryonline.com\/sl\/katere-evropske-loterije-so-najboljse\">preberi ve\u010d<\/a><\/p>\n<\/div>\n<\/div>\n<\/section>\n<h2>Kako deluje Superenalotto<\/h2>\n<p><img loading=\"lazy\" decoding=\"async\" class=\"alignright wp-image-17735\" src=\"https:\/\/jackpotlotteryonline.com\/wp-content\/uploads\/2022\/10\/logo_superenalotto.png\" alt=\"igranje superenalotto na spletu\" width=\"168\" height=\"178\" \/><\/p>\n<p>Pri igri <strong>Superenalotto<\/strong> je treba ujeti 6 od 90 \u0161tevilk. <a href=\"https:\/\/jackpotlotteryonline.com\/sl\/zmagovalne-stevilke\/superenalotto\">V glavnem \u017erebanju<\/a> se iz\u017ereba vseh 6 \u0161tevilk, med katerimi je tudi \u0161tevilka Jolly, nato pa se izvede \u0161e drugo in neodvisno \u017erebanje za \u0161tevilko Superstar. \u010ce \u017eelite v igri <strong>Superenalotto Italia<\/strong> karkoli osvojiti, morate ujeti vsaj 3 \u0161tevilke, pri \u010demer je verjetnost, da vam to uspe, 1 : 327. \u010ce \u017eelite osvojiti glavni dobitek, je verjetnost 1 proti 622 milijonom.<\/p>\n<p>Igranje \u0161tevilke Superstar je dodatno drago, a \u010de ste dovolj sre\u010dni in jo zadenete, se lahko dobitek pove\u010da za 100-krat. \u010ce ujamete \u0161tevilko Superstar in ne ujamete \u0161estih osnovnih \u0161tevilk, lahko prav tako odidete s fiksnim zneskom nagrade.<\/p>\n<h2>Kaj lahko osvojite z jackpotom Superenalotto?<\/h2>\n<p>V letu 2022 je trenutno najvi\u0161ji jackpot, ki ga je kdajkoli osvojila igra <strong>Superenalotto Italia in trenutno zna\u0161<\/strong>a 295 milijonov evrov. To je dale\u010d najve\u010dji glavni dobitek v zgodovini italijanskega lota in v \u010dasu posodobitve te strani zmagovalec \u0161e ni bil znan!<br \/>\n<img loading=\"lazy\" decoding=\"async\" class=\"alignright size-medium wp-image-19493\" src=\"https:\/\/jackpotlotteryonline.com\/wp-content\/uploads\/2022\/10\/2_ticket_superenalotto4-211x300.jpg\" alt=\"Superenalotto vstopnica\" width=\"211\" height=\"300\" srcset=\"https:\/\/jackpotlotteryonline.com\/wp-content\/uploads\/2022\/10\/2_ticket_superenalotto4-211x300.jpg 211w, https:\/\/jackpotlotteryonline.com\/wp-content\/uploads\/2022\/10\/2_ticket_superenalotto4.jpg 300w\" sizes=\"auto, (max-width: 211px) 100vw, 211px\" \/><\/p>\n<p>Vendar pa ni razloga za obup. Pravzaprav velja, da ve\u010dje kot so kvote, ve\u010dji je glavni dobitek, ki ga lahko osvojite, in bolj\u0161i je adrenalinski naval. Loterija je \u017ee od nekdaj igra na sre\u010do in obstaja mo\u017enost, da ste naslednji sre\u010dne\u017e.<\/p>\n<p>Najbolj\u0161i vidik glavnega <strong>dobitka spletne loterije Superena<\/strong> je, da lahko v njej sodeluje kdor koli od koder koli na svetu, celo zunaj Italije, edina podlaga za sodelovanje pa je, da ste stari ve\u010d kot 18 let. <strong>Na na\u0161i spletni<\/strong> strani imate <a href=\"https:\/\/jackpotlotteryonline.com\/sl\/kupiti-vstopnice\/superenalotto\">najbolj\u0161e mo\u017enosti za Superenalotto Italia<\/a>, in \u010de je \u0161e niste igrali, potiskate sre\u010do na napa\u010dnem mestu.<\/p>\n<p>Ko se prijavite na na\u0161o spletno stran in preverite svoje poverilnice, boste morali le \u0161e izbrati \u0161tevilke in opraviti pla\u010dilo, da boste imeli rezerviran sede\u017e na avtobusu za milijone. Na\u0161 lokalni predstavnik bo na kraju samem kupil va\u0161o vozovnico z navedenimi \u0161tevilkami in poskrbel, da si boste kmalu zatem lahko ogledali sken te vozovnice.<\/p>\n<p>Medtem ko je zmaga v igri <strong>Superenalotto Italia<\/strong> stvar neugodnih kvot, si lahko s pomo\u010djo na\u0161e storitve ogledate tudi druge loterije po vsem svetu, ki jih lahko igrate na spletu.<\/p>\n<p>Izberite svoje najljub\u0161e igre na sre\u010do in pove\u010dajte odstotke dobitkov tako, da se \u0161e danes pridru\u017eite skupnosti na\u0161ih uporabnikov. \u010cas je, da svojo sre\u010do postavite na najve\u010dji preizkus.<\/p>\n","protected":false},"excerpt":{"rendered":"<p>Superenalotto Italia To je italijanska jackpot loterija, ki je bila prvi\u010d iz\u017erebana 3. decembra 1997, spletni jackpot Superenalotto pa zelo pogosto dosega astronomske zneske. \u017drebanje poteka vsak torek, \u010detrtek in soboto to\u010dno ob 20.00. Ker gre za najvi\u0161je zneske glavnega dobitka, so mo\u017enosti za dobitek na tej loteriji med najni\u017ejimi. Superenalotto Italia je znana po [&hellip;]<\/p>\n","protected":false},"author":1,"featured_media":0,"parent":35721,"menu_order":5,"comment_status":"closed","ping_status":"closed","template":"superenalotto.php","meta":{"_et_pb_use_builder":"","_et_pb_old_content":"","_et_gb_content_width":"","exclude_from_search":false,"footnotes":""},"class_list":["post-36146","page","type-page","status-publish","hentry"],"yoast_head":"<!-- This site is optimized with the Yoast SEO plugin v23.3 - https:\/\/yoast.com\/wordpress\/plugins\/seo\/ -->\n<title>Igrajte SuperEnaLotto na spletu zunaj Italije<\/title>\n<meta name=\"description\" content=\"Superenalotto se morda zdi trd oreh, vendar \u010de zadenete jackpot, osvojite veliko. Igrajte Superenalotto zunaj Italije tukaj!\" \/>\n<meta name=\"robots\" content=\"index, follow, max-snippet:-1, max-image-preview:large, max-video-preview:-1\" \/>\n<link rel=\"canonical\" href=\"https:\/\/jackpotlotteryonline.com\/play-online\/superenalotto\/\" \/>\n<meta property=\"og:locale\" content=\"sl_SI\" \/>\n<meta property=\"og:type\" content=\"article\" \/>\n<meta property=\"og:title\" content=\"Igrajte SuperEnaLotto na spletu zunaj Italije\" \/>\n<meta property=\"og:description\" content=\"Superenalotto se morda zdi trd oreh, vendar \u010de zadenete jackpot, osvojite veliko. Igrajte Superenalotto zunaj Italije tukaj!\" \/>\n<meta property=\"og:url\" content=\"https:\/\/jackpotlotteryonline.com\/play-online\/superenalotto\/\" \/>\n<meta property=\"og:site_name\" content=\"Lotto Online - Crack The International Lottery Jackpots\" \/>\n<meta property=\"article:modified_time\" content=\"2022-12-31T07:44:43+00:00\" \/>\n<meta property=\"og:image\" content=\"https:\/\/jackpotlotteryonline.com\/wp-content\/uploads\/2022\/11\/read1.jpg\" \/>\n<meta name=\"twitter:card\" content=\"summary_large_image\" \/>\n<meta name=\"twitter:label1\" content=\"Est. reading time\" \/>\n\t<meta name=\"twitter:data1\" content=\"3 minute\" \/>\n<!-- \/ Yoast SEO plugin. -->","yoast_head_json":{"title":"Igrajte SuperEnaLotto na spletu zunaj Italije","description":"Superenalotto se morda zdi trd oreh, vendar \u010de zadenete jackpot, osvojite veliko. Igrajte Superenalotto zunaj Italije tukaj!","robots":{"index":"index","follow":"follow","max-snippet":"max-snippet:-1","max-image-preview":"max-image-preview:large","max-video-preview":"max-video-preview:-1"},"canonical":"https:\/\/jackpotlotteryonline.com\/play-online\/superenalotto\/","og_locale":"sl_SI","og_type":"article","og_title":"Igrajte SuperEnaLotto na spletu zunaj Italije","og_description":"Superenalotto se morda zdi trd oreh, vendar \u010de zadenete jackpot, osvojite veliko. Igrajte Superenalotto zunaj Italije tukaj!","og_url":"https:\/\/jackpotlotteryonline.com\/play-online\/superenalotto\/","og_site_name":"Lotto Online - Crack The International Lottery Jackpots","article_modified_time":"2022-12-31T07:44:43+00:00","og_image":[{"url":"https:\/\/jackpotlotteryonline.com\/wp-content\/uploads\/2022\/11\/read1.jpg"}],"twitter_card":"summary_large_image","twitter_misc":{"Est. reading time":"3 minute"},"schema":{"@context":"https:\/\/schema.org","@graph":[{"@type":"WebPage","@id":"https:\/\/jackpotlotteryonline.com\/play-online\/superenalotto\/","url":"https:\/\/jackpotlotteryonline.com\/play-online\/superenalotto\/","name":"Igrajte SuperEnaLotto na spletu zunaj Italije","isPartOf":{"@id":"https:\/\/jackpotlotteryonline.com\/#website"},"primaryImageOfPage":{"@id":"https:\/\/jackpotlotteryonline.com\/play-online\/superenalotto\/#primaryimage"},"image":{"@id":"https:\/\/jackpotlotteryonline.com\/play-online\/superenalotto\/#primaryimage"},"thumbnailUrl":"https:\/\/jackpotlotteryonline.com\/wp-content\/uploads\/2022\/11\/read1.jpg","datePublished":"2022-11-03T13:47:16+00:00","dateModified":"2022-12-31T07:44:43+00:00","description":"Superenalotto se morda zdi trd oreh, vendar \u010de zadenete jackpot, osvojite veliko. Igrajte Superenalotto zunaj Italije tukaj!","breadcrumb":{"@id":"https:\/\/jackpotlotteryonline.com\/play-online\/superenalotto\/#breadcrumb"},"inLanguage":"sl-SI","potentialAction":[{"@type":"ReadAction","target":["https:\/\/jackpotlotteryonline.com\/play-online\/superenalotto\/"]}]},{"@type":"ImageObject","inLanguage":"sl-SI","@id":"https:\/\/jackpotlotteryonline.com\/play-online\/superenalotto\/#primaryimage","url":"https:\/\/jackpotlotteryonline.com\/wp-content\/uploads\/2022\/11\/read1.jpg","contentUrl":"https:\/\/jackpotlotteryonline.com\/wp-content\/uploads\/2022\/11\/read1.jpg"},{"@type":"BreadcrumbList","@id":"https:\/\/jackpotlotteryonline.com\/play-online\/superenalotto\/#breadcrumb","itemListElement":[{"@type":"ListItem","position":1,"name":"Home","item":"https:\/\/jackpotlotteryonline.com\/sl\/"},{"@type":"ListItem","position":2,"name":"Kako igrati","item":"https:\/\/jackpotlotteryonline.com\/play-online\/"},{"@type":"ListItem","position":3,"name":"SuperEnaLotto Italija"}]},{"@type":"WebSite","@id":"https:\/\/jackpotlotteryonline.com\/#website","url":"https:\/\/jackpotlotteryonline.com\/","name":"Lotto Online - Crack The International Lottery Jackpots","description":"","potentialAction":[{"@type":"SearchAction","target":{"@type":"EntryPoint","urlTemplate":"https:\/\/jackpotlotteryonline.com\/?s={search_term_string}"},"query-input":"required name=search_term_string"}],"inLanguage":"sl-SI"}]}},"_links":{"self":[{"href":"https:\/\/jackpotlotteryonline.com\/sl\/wp-json\/wp\/v2\/pages\/36146","targetHints":{"allow":["GET"]}}],"collection":[{"href":"https:\/\/jackpotlotteryonline.com\/sl\/wp-json\/wp\/v2\/pages"}],"about":[{"href":"https:\/\/jackpotlotteryonline.com\/sl\/wp-json\/wp\/v2\/types\/page"}],"author":[{"embeddable":true,"href":"https:\/\/jackpotlotteryonline.com\/sl\/wp-json\/wp\/v2\/users\/1"}],"replies":[{"embeddable":true,"href":"https:\/\/jackpotlotteryonline.com\/sl\/wp-json\/wp\/v2\/comments?post=36146"}],"version-history":[{"count":0,"href":"https:\/\/jackpotlotteryonline.com\/sl\/wp-json\/wp\/v2\/pages\/36146\/revisions"}],"up":[{"embeddable":true,"href":"https:\/\/jackpotlotteryonline.com\/sl\/wp-json\/wp\/v2\/pages\/35721"}],"wp:attachment":[{"href":"https:\/\/jackpotlotteryonline.com\/sl\/wp-json\/wp\/v2\/media?parent=36146"}],"curies":[{"name":"wp","href":"https:\/\/api.w.org\/{rel}","templated":true}]}}