{"id":36206,"date":"2022-11-04T06:57:07","date_gmt":"2022-11-04T06:57:07","guid":{"rendered":"https:\/\/jackpotlotteryonline.com\/?page_id=36206"},"modified":"2023-01-03T08:34:27","modified_gmt":"2023-01-03T08:34:27","slug":"el-gordo","status":"publish","type":"page","link":"https:\/\/jackpotlotteryonline.com\/sl\/kako-igrati\/el-gordo\/","title":{"rendered":"Igrajte El Gordo Lotto \u0160panija"},"content":{"rendered":"<h2>Spletni loterijski jackpot El Gordo<\/h2>\n<p><img loading=\"lazy\" decoding=\"async\" class=\"alignright wp-image-18709\" src=\"https:\/\/jackpotlotteryonline.com\/wp-content\/uploads\/2022\/10\/2_ticket_el_gordo3-218x300.jpg\" alt=\"Lestvica el gordo\" width=\"174\" height=\"239\" srcset=\"https:\/\/jackpotlotteryonline.com\/wp-content\/uploads\/2022\/10\/2_ticket_el_gordo3-218x300.jpg 218w, https:\/\/jackpotlotteryonline.com\/wp-content\/uploads\/2022\/10\/2_ticket_el_gordo3.jpg 570w\" sizes=\"auto, (max-width: 174px) 100vw, 174px\" \/><\/p>\n<p>Povpre\u010den \u0160panec je leta 2009 za glavni dobitek El Gordo lotto porabil neverjetnih 60 evrov. No, \u0161tevilka 60 \u20ac se morda ne zdi velika, a \u010de jo pomno\u017eite s \u0161tevilom prebivalcev \u0160panije, lahko osupnete. Loterija El Gordo, ki je najbolj znana po \u0161panski bo\u017ei\u010dni izdaji loterije, je tudi tedenski dogodek.<\/p>\n<p>Gre za loterijo z <a href=\"https:\/\/jackpotlotteryonline.com\/sl\/zmagovalne-stevilke\/el-gordo-draw-results\">enim \u017erebanjem na teden (vsako nedeljo)<\/a>, pri \u010demer morate izbrati 5 \u0161tevilk iz nabora 54 \u0161tevilk. Mimogrede, ime El Gordo v \u0161pan\u0161\u010dini pomeni &#8220;veliki&#8221;.<\/p>\n<h2>Bo\u017ei\u010dno \u017erebanje El Gordo<\/h2>\n<p>Loterija El Gordo Navidad, ki se igra enkrat na leto v bo\u017ei\u010dnem \u010dasu, se zelo razlikuje od drugih primerljivih loterij na svetu, saj je na voljo le 85000 \u0161tevilk (od 00000 do 84999), \u017erebanje pa je zelo poseben dogodek, za pripravo in izvedbo katerega je potrebno veliko \u010dasa.<\/p>\n<section class=\"layout\" style=\"border: solid 1px; width: 100%;\">\n<div class=\"img-div\" style=\"margin-top: 5px;\"><img decoding=\"async\" class=\"wp-image-17212 alignleft\" style=\"height: 45px; margin: 8px 8px 0px;\" src=\"https:\/\/jackpotlotteryonline.com\/wp-content\/uploads\/2022\/11\/read1.jpg\" alt=\"Preberite\" width=\"\" height=\"\" \/><\/div>\n<div style=\"padding-left: 5px;\">\n<div style=\"font-size: 1.1em;\">\n<p><strong>Ne zamudite \u010dasov \u017erebanja najve\u010djih loterijskih jackpotov na svetu<\/strong><\/p>\n<p style=\"font-size: 0.85em; margin-top: -1.5em;\">Seznam \u010dasov \u017erebanja za mednarodne loterije\u00a0 <a href=\"https:\/\/jackpotlotteryonline.com\/sl\/kdaj-so-casi-zrebanja-mednarodnih-loterij\"> preberi ve\u010d<\/a><\/p>\n<\/div>\n<\/div>\n<\/section>\n<h2>Zakaj je bo\u017ei\u010dni El Gordo edinstven?<\/h2>\n<p><img loading=\"lazy\" decoding=\"async\" class=\"alignright size-full wp-image-17870\" src=\"https:\/\/jackpotlotteryonline.com\/wp-content\/uploads\/2022\/10\/lotto_euros.jpg\" alt=\"zmagati bo\u017ei\u010d El Gordo\" width=\"225\" height=\"134\" \/><\/p>\n<p>\u017de samo \u017erebanje je zelo edinstveno in druga\u010dno. Pri njem ni skoraj nobenega stroja ali tehnologije. Ogromna krogla je napolnjena z lesenimi kroglami, na vsaki od njih pa je ena od petmestnih \u0161tevilk. V drugi krogli so krogle z nagradami. \u017drebanje opravita dva otroka, ki iz vsake krogle vzameta po eno kroglo, ki dolo\u010da zmagovalno \u0161tevilko in nagrado, ki jo je ta \u0161tevilka dobila.<\/p>\n<p>Glavni dobitek El Gordo Online lotto, ki ga v celoti iz\u017erebajo \u010dlove\u0161ke roke, je zelo edinstven in eden najbolj iskanih v celinski Evropi. Na voljo so tri glavne nagrade in ve\u010d kot 1000 manj\u0161ih nagrad, nekaj pa dobijo tudi \u0161tevilke, ki se delno ujemajo s tremi glavnimi nagradnimi \u0161tevilkami. Tako se mo\u017enosti za dobitek precej pove\u010dajo.<\/p>\n<p>El Gordo je eden najve\u010djih loterijskih jackpotov na svetu, katerega skupni letni dobitek zna\u0161a ve\u010d kot 3 milijarde evrov (od zdaj naprej in se nenehno pove\u010duje). Ni treba, da ste \u0161panski ali evropski dr\u017eavljan, v igri El Gordo Lotto lahko igra vsakdo, ki je starej\u0161i od 18 let.<\/p>\n<h2>Kako in zakaj bi igrali El Gordo na spletu?<\/h2>\n<p>\u0160e danes se prijavite na na\u0161i spletni strani in se prepri\u010dajte, da ste rezervirali svoj sede\u017e za bogastvo. Pomagali bomo igralcem, ki niso iz \u0160panije, da sodelujejo v loteriji El Gordo. Vse, kar morate storiti, je, da vzpostavite svoj ra\u010dun, izberete \u0161tevilke in opravite pla\u010dilo. Nato bomo poskrbeli, da bo <a href=\"https:\/\/jackpotlotteryonline.com\/sl\/kupiti-vstopnice\/el-gordo\">v va\u0161em imenu kupljena sre\u010dka za glavni dobitek El Gordo lotto<\/a>. Lestvica z va\u0161imi izbranimi \u0161tevilkami bo za vas skenirana, v primeru, da boste osvojili bogastvo, pa bomo pomagali tudi poskrbeti, da bo denar \u010dim prej pri\u0161el do vas. Priporo\u010damo vam, da \u0161e danes rezervirate sre\u010dko z va\u0161imi najljub\u0161imi \u0161tevilkami.<\/p>\n","protected":false},"excerpt":{"rendered":"<p>Spletni loterijski jackpot El Gordo Povpre\u010den \u0160panec je leta 2009 za glavni dobitek El Gordo lotto porabil neverjetnih 60 evrov. No, \u0161tevilka 60 \u20ac se morda ne zdi velika, a \u010de jo pomno\u017eite s \u0161tevilom prebivalcev \u0160panije, lahko osupnete. Loterija El Gordo, ki je najbolj znana po \u0161panski bo\u017ei\u010dni izdaji loterije, je tudi tedenski dogodek. [&hellip;]<\/p>\n","protected":false},"author":1,"featured_media":0,"parent":35721,"menu_order":6,"comment_status":"closed","ping_status":"closed","template":"el-gordo.php","meta":{"_et_pb_use_builder":"","_et_pb_old_content":"","_et_gb_content_width":"","exclude_from_search":false,"footnotes":""},"class_list":["post-36206","page","type-page","status-publish","hentry"],"yoast_head":"<!-- This site is optimized with the Yoast SEO plugin v23.3 - https:\/\/yoast.com\/wordpress\/plugins\/seo\/ -->\n<title>Igrajte \u0161panski El Gordo Lotto prek spleta - tudi zunaj \u0160panije<\/title>\n<meta name=\"description\" content=\"Spletni jackpot El Gordo Lotto je eden najve\u010djih jackpotov na svetu in ga lahko igrate na spletu tudi iz dr\u017eav zunaj \u0160panije.\" \/>\n<meta name=\"robots\" content=\"index, follow, max-snippet:-1, max-image-preview:large, max-video-preview:-1\" \/>\n<link rel=\"canonical\" href=\"https:\/\/jackpotlotteryonline.com\/play-online\/el-gordo\/\" \/>\n<meta property=\"og:locale\" content=\"sl_SI\" \/>\n<meta property=\"og:type\" content=\"article\" \/>\n<meta property=\"og:title\" content=\"Igrajte \u0161panski El Gordo Lotto prek spleta - tudi zunaj \u0160panije\" \/>\n<meta property=\"og:description\" content=\"Spletni jackpot El Gordo Lotto je eden najve\u010djih jackpotov na svetu in ga lahko igrate na spletu tudi iz dr\u017eav zunaj \u0160panije.\" \/>\n<meta property=\"og:url\" content=\"https:\/\/jackpotlotteryonline.com\/play-online\/el-gordo\/\" \/>\n<meta property=\"og:site_name\" content=\"Lotto Online - Crack The International Lottery Jackpots\" \/>\n<meta property=\"article:modified_time\" content=\"2023-01-03T08:34:27+00:00\" \/>\n<meta property=\"og:image\" content=\"https:\/\/jackpotlotteryonline.com\/wp-content\/uploads\/2022\/10\/2_ticket_el_gordo3-218x300.jpg\" \/>\n<meta name=\"twitter:card\" content=\"summary_large_image\" \/>\n<meta name=\"twitter:label1\" content=\"Est. reading time\" \/>\n\t<meta name=\"twitter:data1\" content=\"3 minute\" \/>\n<!-- \/ Yoast SEO plugin. -->","yoast_head_json":{"title":"Igrajte \u0161panski El Gordo Lotto prek spleta - tudi zunaj \u0160panije","description":"Spletni jackpot El Gordo Lotto je eden najve\u010djih jackpotov na svetu in ga lahko igrate na spletu tudi iz dr\u017eav zunaj \u0160panije.","robots":{"index":"index","follow":"follow","max-snippet":"max-snippet:-1","max-image-preview":"max-image-preview:large","max-video-preview":"max-video-preview:-1"},"canonical":"https:\/\/jackpotlotteryonline.com\/play-online\/el-gordo\/","og_locale":"sl_SI","og_type":"article","og_title":"Igrajte \u0161panski El Gordo Lotto prek spleta - tudi zunaj \u0160panije","og_description":"Spletni jackpot El Gordo Lotto je eden najve\u010djih jackpotov na svetu in ga lahko igrate na spletu tudi iz dr\u017eav zunaj \u0160panije.","og_url":"https:\/\/jackpotlotteryonline.com\/play-online\/el-gordo\/","og_site_name":"Lotto Online - Crack The International Lottery Jackpots","article_modified_time":"2023-01-03T08:34:27+00:00","og_image":[{"url":"https:\/\/jackpotlotteryonline.com\/wp-content\/uploads\/2022\/10\/2_ticket_el_gordo3-218x300.jpg"}],"twitter_card":"summary_large_image","twitter_misc":{"Est. reading time":"3 minute"},"schema":{"@context":"https:\/\/schema.org","@graph":[{"@type":"WebPage","@id":"https:\/\/jackpotlotteryonline.com\/play-online\/el-gordo\/","url":"https:\/\/jackpotlotteryonline.com\/play-online\/el-gordo\/","name":"Igrajte \u0161panski El Gordo Lotto prek spleta - tudi zunaj \u0160panije","isPartOf":{"@id":"https:\/\/jackpotlotteryonline.com\/#website"},"primaryImageOfPage":{"@id":"https:\/\/jackpotlotteryonline.com\/play-online\/el-gordo\/#primaryimage"},"image":{"@id":"https:\/\/jackpotlotteryonline.com\/play-online\/el-gordo\/#primaryimage"},"thumbnailUrl":"https:\/\/jackpotlotteryonline.com\/wp-content\/uploads\/2022\/10\/2_ticket_el_gordo3-218x300.jpg","datePublished":"2022-11-04T06:57:07+00:00","dateModified":"2023-01-03T08:34:27+00:00","description":"Spletni jackpot El Gordo Lotto je eden najve\u010djih jackpotov na svetu in ga lahko igrate na spletu tudi iz dr\u017eav zunaj \u0160panije.","breadcrumb":{"@id":"https:\/\/jackpotlotteryonline.com\/play-online\/el-gordo\/#breadcrumb"},"inLanguage":"sl-SI","potentialAction":[{"@type":"ReadAction","target":["https:\/\/jackpotlotteryonline.com\/play-online\/el-gordo\/"]}]},{"@type":"ImageObject","inLanguage":"sl-SI","@id":"https:\/\/jackpotlotteryonline.com\/play-online\/el-gordo\/#primaryimage","url":"https:\/\/jackpotlotteryonline.com\/wp-content\/uploads\/2022\/10\/2_ticket_el_gordo3-218x300.jpg","contentUrl":"https:\/\/jackpotlotteryonline.com\/wp-content\/uploads\/2022\/10\/2_ticket_el_gordo3-218x300.jpg"},{"@type":"BreadcrumbList","@id":"https:\/\/jackpotlotteryonline.com\/play-online\/el-gordo\/#breadcrumb","itemListElement":[{"@type":"ListItem","position":1,"name":"Home","item":"https:\/\/jackpotlotteryonline.com\/sl\/"},{"@type":"ListItem","position":2,"name":"Kako igrati","item":"https:\/\/jackpotlotteryonline.com\/play-online\/"},{"@type":"ListItem","position":3,"name":"Igrajte El Gordo Lotto \u0160panija"}]},{"@type":"WebSite","@id":"https:\/\/jackpotlotteryonline.com\/#website","url":"https:\/\/jackpotlotteryonline.com\/","name":"Lotto Online - Crack The International Lottery Jackpots","description":"","potentialAction":[{"@type":"SearchAction","target":{"@type":"EntryPoint","urlTemplate":"https:\/\/jackpotlotteryonline.com\/?s={search_term_string}"},"query-input":"required name=search_term_string"}],"inLanguage":"sl-SI"}]}},"_links":{"self":[{"href":"https:\/\/jackpotlotteryonline.com\/sl\/wp-json\/wp\/v2\/pages\/36206","targetHints":{"allow":["GET"]}}],"collection":[{"href":"https:\/\/jackpotlotteryonline.com\/sl\/wp-json\/wp\/v2\/pages"}],"about":[{"href":"https:\/\/jackpotlotteryonline.com\/sl\/wp-json\/wp\/v2\/types\/page"}],"author":[{"embeddable":true,"href":"https:\/\/jackpotlotteryonline.com\/sl\/wp-json\/wp\/v2\/users\/1"}],"replies":[{"embeddable":true,"href":"https:\/\/jackpotlotteryonline.com\/sl\/wp-json\/wp\/v2\/comments?post=36206"}],"version-history":[{"count":0,"href":"https:\/\/jackpotlotteryonline.com\/sl\/wp-json\/wp\/v2\/pages\/36206\/revisions"}],"up":[{"embeddable":true,"href":"https:\/\/jackpotlotteryonline.com\/sl\/wp-json\/wp\/v2\/pages\/35721"}],"wp:attachment":[{"href":"https:\/\/jackpotlotteryonline.com\/sl\/wp-json\/wp\/v2\/media?parent=36206"}],"curies":[{"name":"wp","href":"https:\/\/api.w.org\/{rel}","templated":true}]}}