{"id":36262,"date":"2022-11-04T08:36:51","date_gmt":"2022-11-04T08:36:51","guid":{"rendered":"https:\/\/jackpotlotteryonline.com\/?page_id=36262"},"modified":"2022-12-31T11:05:05","modified_gmt":"2022-12-31T11:05:05","slug":"france-lotto","status":"publish","type":"page","link":"https:\/\/jackpotlotteryonline.com\/sl\/kako-igrati\/france-lotto\/","title":{"rendered":"Igrajte francosko loterijo"},"content":{"rendered":"<h2>Francija Lotto na spletu<\/h2>\n<p><img loading=\"lazy\" decoding=\"async\" class=\"alignright size-full wp-image-18410\" src=\"https:\/\/jackpotlotteryonline.com\/wp-content\/uploads\/2022\/10\/win_big.jpg\" alt=\"igranje france lotto na spletu\" width=\"224\" height=\"134\" \/><\/p>\n<p>France Lotto je ena najstarej\u0161ih organiziranih evropskih loterij, ki jo organizira in upravlja skupina Francaise des Jeux. V Franciji in drugih delih Evrope je zelo priljubljena. Ker so Francozi zelo strastni ljubitelji igre na sre\u010do, se <a href=\"https:\/\/jackpotlotteryonline.com\/sl\/zmagovalne-stevilke\/france-lotto-2\">France Lotto online \u017ereba trikrat na teden (ob ponedeljkih, sredah in sobotah)<\/a> v nasprotju z ve\u010dino drugih evropskih loterij, ki se \u017erebajo le dvakrat na teden. Skupni dobitki, ki jih razdeli francoska loterija Lotto, so ocenjeni na ve\u010d kot 4,4 milijarde evrov na leto in vklju\u010dujejo velik glavni dobitek.<\/p>\n<p>Ni nujno, da imate stalno prebivali\u0161\u010de v Franciji &#8211; <strong>igranje francoskega lota zunaj Francije je z na\u0161o pomo\u010djo omogo\u010deno prek spleta.<\/strong><\/p>\n<p>V primerjavi z drugimi evropskimi loterijami je pri francoskem lotu na spletu opazen velik prirastek glavnega dobitka, saj se glavni dobitek pove\u010da za milijon evrov. S tremi tedenskimi \u017erebanji se dokaj hitro kopi\u010di in pove\u010duje, dokler ga ne osvojite. Dejstvo, da glavni dobitek ne \u0161teje kot najvi\u0161ji med loterijami, dokazuje, da je glavni dobitek osvojen pogosteje kot pri drugih loterijah.<\/p>\n<p>Spletna loterija France Lotto naj bi ustvarila ve\u010d milijonarjev kot ve\u010dina drugih primerljivih loterij v Evropi. Izkoristite prilo\u017enost in <a href=\"https:\/\/jackpotlotteryonline.com\/sl\/kupiti-vstopnice\/lotto-france\">kupite spletno sre\u010dko za France Lotto<\/a> ter postanite naslednji milijonar.<\/p>\n<p>Tukaj smo, da vam pomagamo igrati France Lotto online. Igranje te igre je tako preprosto kot ABC in pomagali vam bodo na vsej poti.<\/p>\n<section class=\"layout\" style=\"border: solid 1px; width: 100%;\">\n<div class=\"img-div\" style=\"margin-top: 5px;\"><img decoding=\"async\" class=\"wp-image-17212 alignleft\" style=\"height: 45px; margin: 8px 8px 0px;\" src=\"https:\/\/jackpotlotteryonline.com\/wp-content\/uploads\/2022\/11\/read1.jpg\" alt=\"Preberite\" width=\"\" height=\"\" \/><\/div>\n<div style=\"padding-left: 5px;\">\n<div style=\"font-size: 1.1em;\">\n<p><strong>Oglejte si \u017erebanje loterijskih \u0161tevilk v \u017eivo<\/strong><\/p>\n<p style=\"font-size: 0.85em; margin-top: -1.5em;\">Kako gledati \u017erebanja v \u017eivo va\u0161ih najljub\u0161ih loterij\u00a0 <a href=\"https:\/\/jackpotlotteryonline.com\/sl\/spremljajte-svoje-loterijske-stevilke-ki-se-crpajo-v-zivo\"> preberi ve\u010d<\/a><\/p>\n<\/div>\n<\/div>\n<\/section>\n<h2>Kako igrati France Lotto na spletu?<\/h2>\n<p><img loading=\"lazy\" decoding=\"async\" class=\"alignright wp-image-27131\" src=\"https:\/\/jackpotlotteryonline.com\/wp-content\/uploads\/2022\/11\/1_jckpot_win_online.jpg\" alt=\"francoska loterija jackpot\" width=\"159\" height=\"159\" srcset=\"https:\/\/jackpotlotteryonline.com\/wp-content\/uploads\/2022\/11\/1_jckpot_win_online.jpg 300w, https:\/\/jackpotlotteryonline.com\/wp-content\/uploads\/2022\/11\/1_jckpot_win_online-100x100.jpg 100w, https:\/\/jackpotlotteryonline.com\/wp-content\/uploads\/2022\/11\/1_jckpot_win_online-150x150.jpg 150w\" sizes=\"auto, (max-width: 159px) 100vw, 159px\" \/><\/p>\n<p>Tako kot vsaka druga loterija tudi France lotto vklju\u010duje izbiro 5 \u0161tevilk od 49 in ene \u0161tevilke iz druge skupine 10 \u0161tevilk. Nakup sre\u010dke je enostaven, saj bomo po naro\u010dilu prek nas kupili sre\u010dko v va\u0161em imenu. Takoj po nakupu lahko na svojem ra\u010dunu vidite \u0161tevilke, ki ste jih izbrali, malo pozneje pa bo na va\u0161em ra\u010dunu viden tudi sken va\u0161ega vnosa.<\/p>\n<p>\u010ce ste skepti\u010dni glede izbire \u0161tevilk, imamo tudi generator loterijskih \u0161tevilk, mo\u017enost hitrega izbiranja France Lotto online pa omogo\u010da igranje naklju\u010dnih \u0161tevilk.<\/p>\n<p>Za nakup spletne sre\u010dke France Lotto morate biti starej\u0161i od 18 let, preden pa to storite prek nas, lahko opravite nekaj raziskav o preteklih rezultatih, ki vam bodo pomagale izbrati va\u0161e lastne sre\u010dne \u0161tevilke.<\/p>\n<h2>Prevzemanje nagrad iz France lotto online<\/h2>\n<p>Poleg glavnega dobitka France Lotto online ponuja tudi druge nagrade za ujemanje \u0161tevilk. Za razliko od ameri\u0161kih loterij se nagrade izpla\u010dajo v celoti in v gotovini. Svoje zahtevke morate vlo\u017eiti v 2 mesecih od datuma \u017erebanja, pri \u010demer vam bomo pomagali. Denarne nagrade, ki ne presegajo 2500 evrov, bodo nakazane na va\u0161 ra\u010dun na na\u0161i spletni strani. Denarne nagrade nad tem zneskom je treba posredovati v pla\u010dilni center Francaise des Jeux.<\/p>\n<p>\u010ce igrate prek nas, vam bomo pomagali tudi pri prevzemu nagrad, in sicer tako, da bomo v va\u0161em imenu vlo\u017eili zahtevek in poskrbeli, da vam bo nagrada dostavljena v najkraj\u0161em mo\u017enem \u010dasu. Registrirajte se brezpla\u010dno \u0161e danes in zahtevajte nepredvidene ugodnosti&#8230;!<\/p>\n<p>Vse nagrade, osvojene pri France Lotto, so neobdav\u010dene!<\/p>\n","protected":false},"excerpt":{"rendered":"<p>Francija Lotto na spletu France Lotto je ena najstarej\u0161ih organiziranih evropskih loterij, ki jo organizira in upravlja skupina Francaise des Jeux. V Franciji in drugih delih Evrope je zelo priljubljena. Ker so Francozi zelo strastni ljubitelji igre na sre\u010do, se France Lotto online \u017ereba trikrat na teden (ob ponedeljkih, sredah in sobotah) v nasprotju z [&hellip;]<\/p>\n","protected":false},"author":1,"featured_media":0,"parent":35721,"menu_order":9,"comment_status":"closed","ping_status":"closed","template":"lotto-fr.php","meta":{"_et_pb_use_builder":"","_et_pb_old_content":"","_et_gb_content_width":"","exclude_from_search":false,"footnotes":""},"class_list":["post-36262","page","type-page","status-publish","hentry"],"yoast_head":"<!-- This site is optimized with the Yoast SEO plugin v23.3 - https:\/\/yoast.com\/wordpress\/plugins\/seo\/ -->\n<title>Sodelujte v igri France Lotto na spletu, zunaj Francije<\/title>\n<meta name=\"description\" content=\"Kupite sre\u010dko za France lotto na tukaj - omogo\u010damo ljubiteljem lota zunaj Francije, da dobijo sre\u010dko za to priljubljeno loterijo\" \/>\n<meta name=\"robots\" content=\"index, follow, max-snippet:-1, max-image-preview:large, max-video-preview:-1\" \/>\n<link rel=\"canonical\" href=\"https:\/\/jackpotlotteryonline.com\/play-online\/france-lotto\/\" \/>\n<meta property=\"og:locale\" content=\"sl_SI\" \/>\n<meta property=\"og:type\" content=\"article\" \/>\n<meta property=\"og:title\" content=\"Sodelujte v igri France Lotto na spletu, zunaj Francije\" \/>\n<meta property=\"og:description\" content=\"Kupite sre\u010dko za France lotto na tukaj - omogo\u010damo ljubiteljem lota zunaj Francije, da dobijo sre\u010dko za to priljubljeno loterijo\" \/>\n<meta property=\"og:url\" content=\"https:\/\/jackpotlotteryonline.com\/play-online\/france-lotto\/\" \/>\n<meta property=\"og:site_name\" content=\"Lotto Online - Crack The International Lottery Jackpots\" \/>\n<meta property=\"article:modified_time\" content=\"2022-12-31T11:05:05+00:00\" \/>\n<meta property=\"og:image\" content=\"https:\/\/jackpotlotteryonline.com\/wp-content\/uploads\/2022\/10\/win_big.jpg\" \/>\n<meta name=\"twitter:card\" content=\"summary_large_image\" \/>\n<meta name=\"twitter:label1\" content=\"Est. reading time\" \/>\n\t<meta name=\"twitter:data1\" content=\"3 minute\" \/>\n<!-- \/ Yoast SEO plugin. -->","yoast_head_json":{"title":"Sodelujte v igri France Lotto na spletu, zunaj Francije","description":"Kupite sre\u010dko za France lotto na tukaj - omogo\u010damo ljubiteljem lota zunaj Francije, da dobijo sre\u010dko za to priljubljeno loterijo","robots":{"index":"index","follow":"follow","max-snippet":"max-snippet:-1","max-image-preview":"max-image-preview:large","max-video-preview":"max-video-preview:-1"},"canonical":"https:\/\/jackpotlotteryonline.com\/play-online\/france-lotto\/","og_locale":"sl_SI","og_type":"article","og_title":"Sodelujte v igri France Lotto na spletu, zunaj Francije","og_description":"Kupite sre\u010dko za France lotto na tukaj - omogo\u010damo ljubiteljem lota zunaj Francije, da dobijo sre\u010dko za to priljubljeno loterijo","og_url":"https:\/\/jackpotlotteryonline.com\/play-online\/france-lotto\/","og_site_name":"Lotto Online - Crack The International Lottery Jackpots","article_modified_time":"2022-12-31T11:05:05+00:00","og_image":[{"url":"https:\/\/jackpotlotteryonline.com\/wp-content\/uploads\/2022\/10\/win_big.jpg"}],"twitter_card":"summary_large_image","twitter_misc":{"Est. reading time":"3 minute"},"schema":{"@context":"https:\/\/schema.org","@graph":[{"@type":"WebPage","@id":"https:\/\/jackpotlotteryonline.com\/play-online\/france-lotto\/","url":"https:\/\/jackpotlotteryonline.com\/play-online\/france-lotto\/","name":"Sodelujte v igri France Lotto na spletu, zunaj Francije","isPartOf":{"@id":"https:\/\/jackpotlotteryonline.com\/#website"},"primaryImageOfPage":{"@id":"https:\/\/jackpotlotteryonline.com\/play-online\/france-lotto\/#primaryimage"},"image":{"@id":"https:\/\/jackpotlotteryonline.com\/play-online\/france-lotto\/#primaryimage"},"thumbnailUrl":"https:\/\/jackpotlotteryonline.com\/wp-content\/uploads\/2022\/10\/win_big.jpg","datePublished":"2022-11-04T08:36:51+00:00","dateModified":"2022-12-31T11:05:05+00:00","description":"Kupite sre\u010dko za France lotto na tukaj - omogo\u010damo ljubiteljem lota zunaj Francije, da dobijo sre\u010dko za to priljubljeno loterijo","breadcrumb":{"@id":"https:\/\/jackpotlotteryonline.com\/play-online\/france-lotto\/#breadcrumb"},"inLanguage":"sl-SI","potentialAction":[{"@type":"ReadAction","target":["https:\/\/jackpotlotteryonline.com\/play-online\/france-lotto\/"]}]},{"@type":"ImageObject","inLanguage":"sl-SI","@id":"https:\/\/jackpotlotteryonline.com\/play-online\/france-lotto\/#primaryimage","url":"https:\/\/jackpotlotteryonline.com\/wp-content\/uploads\/2022\/10\/win_big.jpg","contentUrl":"https:\/\/jackpotlotteryonline.com\/wp-content\/uploads\/2022\/10\/win_big.jpg"},{"@type":"BreadcrumbList","@id":"https:\/\/jackpotlotteryonline.com\/play-online\/france-lotto\/#breadcrumb","itemListElement":[{"@type":"ListItem","position":1,"name":"Home","item":"https:\/\/jackpotlotteryonline.com\/sl\/"},{"@type":"ListItem","position":2,"name":"Kako igrati","item":"https:\/\/jackpotlotteryonline.com\/play-online\/"},{"@type":"ListItem","position":3,"name":"Igrajte francosko loterijo"}]},{"@type":"WebSite","@id":"https:\/\/jackpotlotteryonline.com\/#website","url":"https:\/\/jackpotlotteryonline.com\/","name":"Lotto Online - Crack The International Lottery Jackpots","description":"","potentialAction":[{"@type":"SearchAction","target":{"@type":"EntryPoint","urlTemplate":"https:\/\/jackpotlotteryonline.com\/?s={search_term_string}"},"query-input":"required name=search_term_string"}],"inLanguage":"sl-SI"}]}},"_links":{"self":[{"href":"https:\/\/jackpotlotteryonline.com\/sl\/wp-json\/wp\/v2\/pages\/36262","targetHints":{"allow":["GET"]}}],"collection":[{"href":"https:\/\/jackpotlotteryonline.com\/sl\/wp-json\/wp\/v2\/pages"}],"about":[{"href":"https:\/\/jackpotlotteryonline.com\/sl\/wp-json\/wp\/v2\/types\/page"}],"author":[{"embeddable":true,"href":"https:\/\/jackpotlotteryonline.com\/sl\/wp-json\/wp\/v2\/users\/1"}],"replies":[{"embeddable":true,"href":"https:\/\/jackpotlotteryonline.com\/sl\/wp-json\/wp\/v2\/comments?post=36262"}],"version-history":[{"count":0,"href":"https:\/\/jackpotlotteryonline.com\/sl\/wp-json\/wp\/v2\/pages\/36262\/revisions"}],"up":[{"embeddable":true,"href":"https:\/\/jackpotlotteryonline.com\/sl\/wp-json\/wp\/v2\/pages\/35721"}],"wp:attachment":[{"href":"https:\/\/jackpotlotteryonline.com\/sl\/wp-json\/wp\/v2\/media?parent=36262"}],"curies":[{"name":"wp","href":"https:\/\/api.w.org\/{rel}","templated":true}]}}