{"id":36320,"date":"2022-11-04T10:08:13","date_gmt":"2022-11-04T10:08:13","guid":{"rendered":"https:\/\/jackpotlotteryonline.com\/?page_id=36320"},"modified":"2022-12-31T10:10:50","modified_gmt":"2022-12-31T10:10:50","slug":"german-lotto","status":"publish","type":"page","link":"https:\/\/jackpotlotteryonline.com\/sl\/kako-igrati\/german-lotto\/","title":{"rendered":"Nem\u0161ki Lotto"},"content":{"rendered":"<h2>Nem\u0161ki Lotto je zdaj na voljo na spletu<\/h2>\n<p><img loading=\"lazy\" decoding=\"async\" class=\"alignright wp-image-18464 size-full\" src=\"https:\/\/jackpotlotteryonline.com\/wp-content\/uploads\/2022\/10\/win_lottery_online.jpg\" alt=\"igranje nem\u0161kega lota prek spleta\" width=\"231\" height=\"130\" \/><\/p>\n<p>Lotto v Nem\u010diji je star \u017ee ve\u010d kot pet desetletij, nem\u0161ki spletni loto pa organizirata in upravljata dru\u017ebi Deutscher Lotto in Toto Block. Z <a href=\"https:\/\/jackpotlotteryonline.com\/sl\/zmagovalne-stevilke\/german-lotto\">\u017erebanjem dvakrat tedensko<\/a>, v sredo in soboto, nem\u0161ki loto online najve\u010dkrat prina\u0161a enega najve\u010djih evropskih glavnih dobitkov. \u010ce torej \u017eivite zunaj Nem\u010dije, imate vse razloge za igranje nem\u0161kega lota s spletno sre\u010dko.<\/p>\n<p>\u010ce ne \u017eivite v Nem\u010diji, je va\u0161a edina mo\u017enost za igranje nem\u0161kega lota prek spleta pri nas. Ko se prijavite na na\u0161o spletno stran, lahko dobite vse pomembne informacije, ki se nana\u0161ajo na nem\u0161ki loto na spletu. To vklju\u010duje stare rezultate, generator loterijskih \u0161tevilk in obmo\u010dje, kjer lahko kupite sre\u010dko. Pomagali vam bodo tudi pri zahtevku za nagrado in njeni dostavi.<\/p>\n<h2>Kako deluje nem\u0161ka spletna igra loto<\/h2>\n<p>Vse, kar morate storiti, je, da<a href=\"https:\/\/jackpotlotteryonline.com\/sl\/kupiti-vstopnice\/lotto-germany\"> kupite sre\u010dko za nem\u0161ki loto online<\/a> in izberete 6 \u0161tevilk iz skupine 49. Izberete lahko tudi super \u0161tevilko med 1 in 10. V glavnem \u017erebanju se izberejo osnovne \u0161tevilke, nato pa se opravi \u0161e \u017erebanje za super\u0161tevilko. \u010ce se 6 osnovnih \u0161tevilk ujema, osvojite prvo nagrado. Glavni dobitek je podeljen, ko se va\u0161ih 6 osnovnih \u0161tevilk in super\u0161tevilka ujemata pri \u017erebanju.<\/p>\n<p>Nem\u0161ki loto lahko igrajo tudi ljudje zunaj Nem\u010dije prek spleta. Na na\u0161i spletni strani lahko izkoristite to prilo\u017enost in preizkusite svojo sre\u010do, preostalo logistiko pa prepustite nam. Za igranje nem\u0161kega lota s spletno sre\u010dko morate biti starej\u0161i od 18 let.<\/p>\n<section class=\"layout\" style=\"border: solid 1px; width: 100%;\">\n<div class=\"img-div\" style=\"margin-top: 5px;\"><img decoding=\"async\" class=\"wp-image-17212 alignleft\" style=\"height: 45px; margin: 8px 8px 0px;\" src=\"https:\/\/jackpotlotteryonline.com\/wp-content\/uploads\/2022\/11\/read1.jpg\" alt=\"Preberite\" width=\"\" height=\"\" \/><\/div>\n<div style=\"padding-left: 5px;\">\n<div style=\"font-size: 1.1em;\">\n<p><strong>Kak\u0161en avto bi kupili, \u010de bi zmagali na loteriji?<\/strong><\/p>\n<p style=\"font-size: 0.85em; margin-top: -1.5em;\">Zmagajte na loteriji in dobite nov avto <a href=\"https:\/\/jackpotlotteryonline.com\/sl\/kaksen-avto-bi-kupili-ce-bi-zmagali-na-loteriji\">preberi ve\u010d<\/a><\/p>\n<\/div>\n<\/div>\n<\/section>\n<h2>Zmaga v nem\u0161kem lotu na spletu<\/h2>\n<p><img loading=\"lazy\" decoding=\"async\" class=\"alignright size-medium wp-image-33350\" src=\"https:\/\/jackpotlotteryonline.com\/wp-content\/uploads\/2022\/11\/2_ticket_euromillions3-1-111x300.jpg\" alt=\"nem\u0161ki loto listek\" width=\"111\" height=\"300\" srcset=\"https:\/\/jackpotlotteryonline.com\/wp-content\/uploads\/2022\/11\/2_ticket_euromillions3-1-111x300.jpg 111w, https:\/\/jackpotlotteryonline.com\/wp-content\/uploads\/2022\/11\/2_ticket_euromillions3-1.jpg 180w\" sizes=\"auto, (max-width: 111px) 100vw, 111px\" \/><\/p>\n<p>Zmaga v nem\u0161kem spletnem lotu je odvisna od naklju\u010dja, a tako je tudi pri vseh drugih loterijah. Va\u0161e mo\u017enosti za zmago v nem\u0161kem spletnem lotu bomo pove\u010dali z uporabo generatorja loterijskih \u0161tevilk in informacijami o preteklih rezultatih, ki vam bodo pomagali izbrati sre\u010dne \u0161tevilke. Vse pomembne informacije v zvezi z nem\u0161ko spletno loterijo lotto so na voljo tam in jih lahko v celoti uporabite za pove\u010danje svojih mo\u017enosti.<\/p>\n<p>Nem\u0161ki loto online ni le eden najve\u010djih jackpotov v Evropi, ampak je tudi najbolj organizirana loterija na svetu, ki je vodena zelo profesionalno. Ko igrate nem\u0161ki loto online in \u010de zmagate, vam bomo brez te\u017eav pomagali prevzeti nagrado in poskrbeli, da vam bo nagradni znesek dostavljen brez te\u017eav.<\/p>\n<p>\u010ceprav je nem\u0161ka spletna loterija lotto ena najstarej\u0161ih loterij v Evropi, ni tako priljubljena kot druge. Razlog za to je, da zunaj Nem\u010dije ni tako zelo ogla\u0161evana. <strong>Vseeno pa to ni razlog, da ne bi igrali nem\u0161kega lota na spletu. Preizkusite svojo sre\u010do v lotu v Nem\u010diji \u0161e danes.<\/strong><\/p>\n","protected":false},"excerpt":{"rendered":"<p>Nem\u0161ki Lotto je zdaj na voljo na spletu Lotto v Nem\u010diji je star \u017ee ve\u010d kot pet desetletij, nem\u0161ki spletni loto pa organizirata in upravljata dru\u017ebi Deutscher Lotto in Toto Block. Z \u017erebanjem dvakrat tedensko, v sredo in soboto, nem\u0161ki loto online najve\u010dkrat prina\u0161a enega najve\u010djih evropskih glavnih dobitkov. \u010ce torej \u017eivite zunaj Nem\u010dije, imate [&hellip;]<\/p>\n","protected":false},"author":1,"featured_media":0,"parent":35721,"menu_order":8,"comment_status":"closed","ping_status":"closed","template":"lotto-german.php","meta":{"_et_pb_use_builder":"","_et_pb_old_content":"","_et_gb_content_width":"","exclude_from_search":false,"footnotes":""},"class_list":["post-36320","page","type-page","status-publish","hentry"],"yoast_head":"<!-- This site is optimized with the Yoast SEO plugin v23.3 - https:\/\/yoast.com\/wordpress\/plugins\/seo\/ -->\n<title>Igrajte nem\u0161ki Lotto zunaj Nem\u010dije s spletno sre\u010dko<\/title>\n<meta name=\"description\" content=\"\u017divite zunaj Nem\u010dije? Ni problema - igrajte nem\u0161ki loto s spletno sre\u010dko pri nas.\" \/>\n<meta name=\"robots\" content=\"index, follow, max-snippet:-1, max-image-preview:large, max-video-preview:-1\" \/>\n<link rel=\"canonical\" href=\"https:\/\/jackpotlotteryonline.com\/play-online\/german-lotto\/\" \/>\n<meta property=\"og:locale\" content=\"sl_SI\" \/>\n<meta property=\"og:type\" content=\"article\" \/>\n<meta property=\"og:title\" content=\"Igrajte nem\u0161ki Lotto zunaj Nem\u010dije s spletno sre\u010dko\" \/>\n<meta property=\"og:description\" content=\"\u017divite zunaj Nem\u010dije? Ni problema - igrajte nem\u0161ki loto s spletno sre\u010dko pri nas.\" \/>\n<meta property=\"og:url\" content=\"https:\/\/jackpotlotteryonline.com\/play-online\/german-lotto\/\" \/>\n<meta property=\"og:site_name\" content=\"Lotto Online - Crack The International Lottery Jackpots\" \/>\n<meta property=\"article:modified_time\" content=\"2022-12-31T10:10:50+00:00\" \/>\n<meta property=\"og:image\" content=\"https:\/\/jackpotlotteryonline.com\/wp-content\/uploads\/2022\/10\/win_lottery_online.jpg\" \/>\n<meta name=\"twitter:card\" content=\"summary_large_image\" \/>\n<meta name=\"twitter:label1\" content=\"Est. reading time\" \/>\n\t<meta name=\"twitter:data1\" content=\"3 minute\" \/>\n<!-- \/ Yoast SEO plugin. -->","yoast_head_json":{"title":"Igrajte nem\u0161ki Lotto zunaj Nem\u010dije s spletno sre\u010dko","description":"\u017divite zunaj Nem\u010dije? Ni problema - igrajte nem\u0161ki loto s spletno sre\u010dko pri nas.","robots":{"index":"index","follow":"follow","max-snippet":"max-snippet:-1","max-image-preview":"max-image-preview:large","max-video-preview":"max-video-preview:-1"},"canonical":"https:\/\/jackpotlotteryonline.com\/play-online\/german-lotto\/","og_locale":"sl_SI","og_type":"article","og_title":"Igrajte nem\u0161ki Lotto zunaj Nem\u010dije s spletno sre\u010dko","og_description":"\u017divite zunaj Nem\u010dije? Ni problema - igrajte nem\u0161ki loto s spletno sre\u010dko pri nas.","og_url":"https:\/\/jackpotlotteryonline.com\/play-online\/german-lotto\/","og_site_name":"Lotto Online - Crack The International Lottery Jackpots","article_modified_time":"2022-12-31T10:10:50+00:00","og_image":[{"url":"https:\/\/jackpotlotteryonline.com\/wp-content\/uploads\/2022\/10\/win_lottery_online.jpg"}],"twitter_card":"summary_large_image","twitter_misc":{"Est. reading time":"3 minute"},"schema":{"@context":"https:\/\/schema.org","@graph":[{"@type":"WebPage","@id":"https:\/\/jackpotlotteryonline.com\/play-online\/german-lotto\/","url":"https:\/\/jackpotlotteryonline.com\/play-online\/german-lotto\/","name":"Igrajte nem\u0161ki Lotto zunaj Nem\u010dije s spletno sre\u010dko","isPartOf":{"@id":"https:\/\/jackpotlotteryonline.com\/#website"},"primaryImageOfPage":{"@id":"https:\/\/jackpotlotteryonline.com\/play-online\/german-lotto\/#primaryimage"},"image":{"@id":"https:\/\/jackpotlotteryonline.com\/play-online\/german-lotto\/#primaryimage"},"thumbnailUrl":"https:\/\/jackpotlotteryonline.com\/wp-content\/uploads\/2022\/10\/win_lottery_online.jpg","datePublished":"2022-11-04T10:08:13+00:00","dateModified":"2022-12-31T10:10:50+00:00","description":"\u017divite zunaj Nem\u010dije? Ni problema - igrajte nem\u0161ki loto s spletno sre\u010dko pri nas.","breadcrumb":{"@id":"https:\/\/jackpotlotteryonline.com\/play-online\/german-lotto\/#breadcrumb"},"inLanguage":"sl-SI","potentialAction":[{"@type":"ReadAction","target":["https:\/\/jackpotlotteryonline.com\/play-online\/german-lotto\/"]}]},{"@type":"ImageObject","inLanguage":"sl-SI","@id":"https:\/\/jackpotlotteryonline.com\/play-online\/german-lotto\/#primaryimage","url":"https:\/\/jackpotlotteryonline.com\/wp-content\/uploads\/2022\/10\/win_lottery_online.jpg","contentUrl":"https:\/\/jackpotlotteryonline.com\/wp-content\/uploads\/2022\/10\/win_lottery_online.jpg"},{"@type":"BreadcrumbList","@id":"https:\/\/jackpotlotteryonline.com\/play-online\/german-lotto\/#breadcrumb","itemListElement":[{"@type":"ListItem","position":1,"name":"Home","item":"https:\/\/jackpotlotteryonline.com\/sl\/"},{"@type":"ListItem","position":2,"name":"Kako igrati","item":"https:\/\/jackpotlotteryonline.com\/play-online\/"},{"@type":"ListItem","position":3,"name":"Nem\u0161ki Lotto"}]},{"@type":"WebSite","@id":"https:\/\/jackpotlotteryonline.com\/#website","url":"https:\/\/jackpotlotteryonline.com\/","name":"Lotto Online - Crack The International Lottery Jackpots","description":"","potentialAction":[{"@type":"SearchAction","target":{"@type":"EntryPoint","urlTemplate":"https:\/\/jackpotlotteryonline.com\/?s={search_term_string}"},"query-input":"required name=search_term_string"}],"inLanguage":"sl-SI"}]}},"_links":{"self":[{"href":"https:\/\/jackpotlotteryonline.com\/sl\/wp-json\/wp\/v2\/pages\/36320","targetHints":{"allow":["GET"]}}],"collection":[{"href":"https:\/\/jackpotlotteryonline.com\/sl\/wp-json\/wp\/v2\/pages"}],"about":[{"href":"https:\/\/jackpotlotteryonline.com\/sl\/wp-json\/wp\/v2\/types\/page"}],"author":[{"embeddable":true,"href":"https:\/\/jackpotlotteryonline.com\/sl\/wp-json\/wp\/v2\/users\/1"}],"replies":[{"embeddable":true,"href":"https:\/\/jackpotlotteryonline.com\/sl\/wp-json\/wp\/v2\/comments?post=36320"}],"version-history":[{"count":0,"href":"https:\/\/jackpotlotteryonline.com\/sl\/wp-json\/wp\/v2\/pages\/36320\/revisions"}],"up":[{"embeddable":true,"href":"https:\/\/jackpotlotteryonline.com\/sl\/wp-json\/wp\/v2\/pages\/35721"}],"wp:attachment":[{"href":"https:\/\/jackpotlotteryonline.com\/sl\/wp-json\/wp\/v2\/media?parent=36320"}],"curies":[{"name":"wp","href":"https:\/\/api.w.org\/{rel}","templated":true}]}}