{"id":36431,"date":"2022-11-07T07:35:43","date_gmt":"2022-11-07T07:35:43","guid":{"rendered":"https:\/\/jackpotlotteryonline.com\/?page_id=36431"},"modified":"2022-12-19T16:45:30","modified_gmt":"2022-12-19T16:45:30","slug":"powerball","status":"publish","type":"page","link":"https:\/\/jackpotlotteryonline.com\/sl\/kupiti-vstopnice\/powerball\/","title":{"rendered":"Ameri\u0161ka loterija Powerball"},"content":{"rendered":"<h2>Kako dobiti sre\u010dke Powerball zunaj ZDA<\/h2>\n<p>Loterija obstaja v skoraj vsaki dr\u017eavi na svetu, vendar niso vse loterije tak\u0161ne kot Powerball in Mega Millions, veliki ameri\u0161ki loteriji. Glavni dobitki loterije v ZDA so dosegli zneske do 1,5 milijarde dolarjev (leta 2016). Glavni dobitki v drugih dr\u017eavah \u0161e nikoli niso dosegli tak\u0161nega zneska, zato si ljubitelji lota, kadarkoli preberejo o novem rekordnem glavnem dobitku v ZDA, zastavijo eno vpra\u0161anje: <strong>Ali lahko <a href=\"https:\/\/jackpotlotteryonline.com\/sl\/kako-igrati\/powerball\">Powerball igram zunaj ZDA<\/a>, morda prek spleta?<\/strong><\/p>\n<p><strong>Preprost odgovor je da &#8211; tudi \u010de \u017eivite zunaj ZDA<\/strong>, lahko igrate Powerball. Smo ugledna storitev, ki vam omogo\u010da nakup sre\u010dk za te velike loterije ali \u0161tevilne druge mednarodne loterije. Vse je tako preprosto, kot je le mogo\u010de &#8211; \u0161tevilke izberete prek spleta, mi pa po\u0161ljemo svoje agente v ZDA, da za vas kupijo sre\u010dke. Te sre\u010dke pripadajo vam, zato imate legitimno terjatev do same loterijske komisije. \u010ce zmagate, vam bomo pomagali tudi pri prejemu denarja.<\/p>\n<p>Pomembno je dejstvo, da boste tukaj dobili originalno sre\u010dko za loto in ne boste sodelovali v kak\u0161ni prevarantski loteriji!<\/p>\n<h2>Postopek nakupa loterijske sre\u010dke prek spleta<\/h2>\n<p><img loading=\"lazy\" decoding=\"async\" class=\"alignright size-full wp-image-34943\" src=\"https:\/\/jackpotlotteryonline.com\/wp-content\/uploads\/2022\/11\/2_ticket_powerball3-1.jpg\" alt=\"vstopnica za igro powerball\" width=\"180\" height=\"194\" \/><\/p>\n<p><strong>Najprej si ogledate vrh na\u0161e spletne strani,<\/strong> kjer kliknete na eno od pasic in izberete loterijo, v kateri \u017eelite sodelovati. Na\u0161a spletna stran je na voljo v ve\u010d kot 20 razli\u010dnih jezikih. Ve\u010dina strank kupuje sre\u010dke za ameri\u0161ke loterije Powerball in\/ali Mega Millions, zelo pogosto pa imajo velike dobitke tudi druge mednarodne loterije. Razvrstite jih lahko po velikosti glavnega dobitka in preprosto igrate loterijo, ki ima trenutno najvi\u0161ji znesek. \u010ce \u017eelite igrati ve\u010d loterij, je to prav tako enostavno &#8211; na primer, eno sre\u010dko lahko kupite za Powerball, drugo pa za \u0161panski El Gordo.<\/p>\n<p>Nato izberete \u0161tevilke &#8211; to je enostavno, saj vam bo na\u0161e spletno mesto pokazalo, koliko \u0161tevilk morate izbrati. \u010ce vam je to bolj v\u0161e\u010d, je na voljo funkcija hitre izbire, ki generira \u0161tevilke naklju\u010dno. Nato izberite, koliko sre\u010dk \u017eelite kupiti in za <a href=\"https:\/\/jackpotlotteryonline.com\/sl\/zmagovalne-stevilke\/powerball\">koliko \u017erebanj (tednov)<\/a> \u017eelite, da va\u0161a sre\u010dka velja. Glede na to, koliko tednov bo va\u0161a vstopnica sodelovala, boste dobili popust na ceno, ki jo boste pla\u010dali za vstopnico.<\/p>\n<p>Ko izberete vse mo\u017enosti, si lahko ogledate skupno ceno, naslednji korak pa je registracija uporabni\u0161kega ra\u010duna. Tudi pla\u010devanje sre\u010dk je preprosto &#8211; ve\u010dina strank izbere mo\u017enost pla\u010dila s kreditno kartico, na voljo pa so tudi druge mo\u017enosti, kot so (odvisno od dr\u017eave, iz katere ste) takoj\u0161nje ban\u010dno nakazilo ali kriptovalute.<\/p>\n<p>Za va\u0161a pla\u010dila bodo uporabljeni najnovej\u0161i in najbolj varni protokoli, tako da se vam ni treba bati goljufij s kreditnimi karticami. \u010ce \u017eelite, lahko izberete mo\u017enost, da dobite sre\u010dko za ve\u010d \u017erebanj, va\u0161e \u0161tevilke pa bodo sodelovale v loteriji Powerball ali katerikoli drugi loteriji, ki jo izberete, 2, 4, 6 ali celo 8 \u017erebanj zapored.\u00a0 Vendar je to le mo\u017enost &#8211; \u010de tega polja ne ozna\u010dite, se vam bo sre\u010dka zara\u010dunala le za eno \u017erebanje!<\/p>\n<p>Ve\u010dina ljudi zunaj ZDA igra le lokalno loterijo, ne da bi vedeli za to mo\u017enost igranja mednarodne loterije prek spleta. Toda zdaj, ko ste seznanjeni, kaj vam prepre\u010duje igranje za glavne dobitke, ki so pogosto stokrat vi\u0161ji od tistih, ki jih lahko osvojite v dr\u017eavi svojega prebivali\u0161\u010da? Morda boste naslednji dobitnik glavnega dobitka Powerball!<\/p>\n<section class=\"layout\" style=\"border: solid 1px; width: 100%;\">\n<div class=\"img-div\" style=\"margin-top: 5px;\"><img decoding=\"async\" class=\"wp-image-17212 alignleft\" style=\"height: 45px; margin: 8px 8px 0px;\" src=\"https:\/\/jackpotlotteryonline.com\/wp-content\/uploads\/2022\/11\/read1.jpg\" alt=\"igranje igre powerball zunaj ZDA\" width=\"\" height=\"\" \/><\/div>\n<div style=\"padding-left: 5px;\">\n<div style=\"font-size: 1.1em;\">\n<p><strong>Ali je igranje loterije iz drugih dr\u017eav na spletu zakonito?<\/strong><\/p>\n<p style=\"font-size: 0.85em; margin-top: -1.5em;\">Ali je zakonito kupiti loterijski listek prek spleta in ali bom dejansko prejel pla\u010dilo?\u00a0\u00a0<a href=\"https:\/\/jackpotlotteryonline.com\/sl\/ali-je-igranje-loterij-iz-drugih-drzav-na-spletu-zakonito\"> preberi ve\u010d<\/a><\/p>\n<\/div>\n<\/div>\n<\/section>\n<h2>Pregled spletnega programa Lotto ZDA<\/h2>\n<p>V Zdru\u017eenih dr\u017eavah Amerike je 43 zveznih dr\u017eav ter okro\u017eje Kolumbija, Ameri\u0161ki Devi\u0161ki otoki in Portoriko, kjer potekajo loterije. Na vsakem od teh obmo\u010dij so dr\u017eavne loterije, ki spadajo<strong> v kategorijo Lotto USA<\/strong>. Med glavnimi loterijami Lotto ZDA sta Mega Millions in Powerball. To sta obse\u017eni loteriji, ki sta na voljo prebivalcem iz vseh ZDA, zdaj pa lahko igralci iz tujine sodelujejo na spletu prek te na\u0161e storitve.<\/p>\n<h2>Powerball Lotto ZDA<\/h2>\n<p><img loading=\"lazy\" decoding=\"async\" class=\"alignright size-full wp-image-31721\" src=\"https:\/\/jackpotlotteryonline.com\/wp-content\/uploads\/2022\/11\/powerball_globe_logo.png\" alt=\"kupi powerball prek spleta\" width=\"200\" height=\"212\" \/><\/p>\n<p>Najbolj priljubljena igra Lotto ZDA je Powerball. Powerball se \u017ereba v Universal Studios na Floridi v ZDA, vendar je zanjo predpisana prepoved bivanja, kar pomeni, da lahko v tej igri Lotto USA sodelujejo tudi prebivalci dr\u017eav, kjer se ne igra Powerball, in celo igralci zunaj ZDA.<\/p>\n<p>Za sodelovanje v igri Powerball morajo biti igralci stari najmanj 18 let. Igralci morajo izbrati \u0161est \u0161tevilk &#8211; pet \u0161tevilk med 1 in 59 ter eno PowerBallovo \u0161tevilko med 1 in 39. Igralci lahko uporabijo funkcijo Quick Pick, ki bo naklju\u010dno izbrala 6 \u0161tevilk.<\/p>\n<p>Glavni dobitki igre Powerball obi\u010dajno zna\u0161ajo ve\u010d deset milijonov dolarjev, \u010deprav so v preteklosti pogosto presegli 200 milijonov dolarjev.<\/p>\n<h2>Mega Millions Lotto ZDA<\/h2>\n<p>Mega Millions je \u0161e ena <strong>loterija Lotto ZDA<\/strong>, ki se izvaja v ZDA in se dejansko \u017ereba v Atlanti v Georgii. Kljub temu Mega Millions nima zahteve glede stalnega prebivali\u0161\u010da, kar pomeni, da lahko v loteriji Mega Millions Lotto USA sodelujejo in zmagujejo tudi prebivalci dr\u017eav, ki niso \u010dlanice Mega Millions, in celo tisti, ki niso prebivalci ZDA.<\/p>\n<p>\u010ce \u017eelite igrati v igri Mega Million Lotto USA, morate biti stari 18 let ali ve\u010d. Izbrati morate 6 \u0161tevilk &#8211; pet \u0161tevilk med 1 in 56 ter eno \u0161tevilko Mega Ball med 1 in 46. Uporabite lahko mo\u017enost hitrega izbiranja, ki bo naklju\u010dno izbrala \u0161tevilke za vas.<\/p>\n<p>Igra Mega Million Lotto USA ponuja denarne nagrade in glavno nagrado. Znano je, da glavni dobitek, ki spremeni \u017eivljenje, dose\u017ee ve\u010d sto milijonov dolarjev, zato je zelo priljubljen.<\/p>\n<h3>NASPL &#8211; Zdru\u017eenje USA Lotto<\/h3>\n<p>Severnoameri\u0161ko zdru\u017eenje dr\u017eavnih in pokrajinskih loterij (NASPL) predstavlja vse dr\u017eavne in pokrajinske loterije ZDA ter kanadske loterije. Zdru\u017eenje NASPL u\u010dinkoviteje upravlja loterijo Lotto ZDA. Deluje kot vmesnik za Lotto USA, zagotavlja informacije, izvaja raziskave in razvoj, skrbi za varnost in usposablja osebje Lotto USA. Vse glavne loterije v ZDA so \u010dlanice NASPL.<\/p>\n","protected":false},"excerpt":{"rendered":"<p>Kako dobiti sre\u010dke Powerball zunaj ZDA Loterija obstaja v skoraj vsaki dr\u017eavi na svetu, vendar niso vse loterije tak\u0161ne kot Powerball in Mega Millions, veliki ameri\u0161ki loteriji. Glavni dobitki loterije v ZDA so dosegli zneske do 1,5 milijarde dolarjev (leta 2016). Glavni dobitki v drugih dr\u017eavah \u0161e nikoli niso dosegli tak\u0161nega zneska, zato si ljubitelji [&hellip;]<\/p>\n","protected":false},"author":1,"featured_media":0,"parent":35780,"menu_order":1,"comment_status":"closed","ping_status":"closed","template":"powerball-usa-info.php","meta":{"_et_pb_use_builder":"","_et_pb_old_content":"","_et_gb_content_width":"","exclude_from_search":false,"footnotes":""},"class_list":["post-36431","page","type-page","status-publish","hentry"],"yoast_head":"<!-- This site is optimized with the Yoast SEO plugin v23.3 - https:\/\/yoast.com\/wordpress\/plugins\/seo\/ -->\n<title>Spletni nakup sre\u010dk Powerball iz katere koli druge dr\u017eave zunaj ZDA<\/title>\n<meta name=\"description\" content=\"Preberite, kako lahko prebivalci drugih dr\u017eav igrajo za ogromne dobitke loterije Powerball prek spleta - lahko ste zunaj ZDA in \u0161e vedno igrate\" \/>\n<meta name=\"robots\" content=\"index, follow, max-snippet:-1, max-image-preview:large, max-video-preview:-1\" \/>\n<link rel=\"canonical\" href=\"https:\/\/jackpotlotteryonline.com\/buy-tickets\/powerball\/\" \/>\n<meta property=\"og:locale\" content=\"sl_SI\" \/>\n<meta property=\"og:type\" content=\"article\" \/>\n<meta property=\"og:title\" content=\"Spletni nakup sre\u010dk Powerball iz katere koli druge dr\u017eave zunaj ZDA\" \/>\n<meta property=\"og:description\" content=\"Preberite, kako lahko prebivalci drugih dr\u017eav igrajo za ogromne dobitke loterije Powerball prek spleta - lahko ste zunaj ZDA in \u0161e vedno igrate\" \/>\n<meta property=\"og:url\" content=\"https:\/\/jackpotlotteryonline.com\/buy-tickets\/powerball\/\" \/>\n<meta property=\"og:site_name\" content=\"Lotto Online - Crack The International Lottery Jackpots\" \/>\n<meta property=\"article:modified_time\" content=\"2022-12-19T16:45:30+00:00\" \/>\n<meta property=\"og:image\" content=\"https:\/\/jackpotlotteryonline.com\/wp-content\/uploads\/2022\/11\/2_ticket_powerball3-1.jpg\" \/>\n<meta name=\"twitter:card\" content=\"summary_large_image\" \/>\n<meta name=\"twitter:label1\" content=\"Est. reading time\" \/>\n\t<meta name=\"twitter:data1\" content=\"5 minut\" \/>\n<!-- \/ Yoast SEO plugin. -->","yoast_head_json":{"title":"Spletni nakup sre\u010dk Powerball iz katere koli druge dr\u017eave zunaj ZDA","description":"Preberite, kako lahko prebivalci drugih dr\u017eav igrajo za ogromne dobitke loterije Powerball prek spleta - lahko ste zunaj ZDA in \u0161e vedno igrate","robots":{"index":"index","follow":"follow","max-snippet":"max-snippet:-1","max-image-preview":"max-image-preview:large","max-video-preview":"max-video-preview:-1"},"canonical":"https:\/\/jackpotlotteryonline.com\/buy-tickets\/powerball\/","og_locale":"sl_SI","og_type":"article","og_title":"Spletni nakup sre\u010dk Powerball iz katere koli druge dr\u017eave zunaj ZDA","og_description":"Preberite, kako lahko prebivalci drugih dr\u017eav igrajo za ogromne dobitke loterije Powerball prek spleta - lahko ste zunaj ZDA in \u0161e vedno igrate","og_url":"https:\/\/jackpotlotteryonline.com\/buy-tickets\/powerball\/","og_site_name":"Lotto Online - Crack The International Lottery Jackpots","article_modified_time":"2022-12-19T16:45:30+00:00","og_image":[{"url":"https:\/\/jackpotlotteryonline.com\/wp-content\/uploads\/2022\/11\/2_ticket_powerball3-1.jpg"}],"twitter_card":"summary_large_image","twitter_misc":{"Est. reading time":"5 minut"},"schema":{"@context":"https:\/\/schema.org","@graph":[{"@type":"WebPage","@id":"https:\/\/jackpotlotteryonline.com\/buy-tickets\/powerball\/","url":"https:\/\/jackpotlotteryonline.com\/buy-tickets\/powerball\/","name":"Spletni nakup sre\u010dk Powerball iz katere koli druge dr\u017eave zunaj ZDA","isPartOf":{"@id":"https:\/\/jackpotlotteryonline.com\/#website"},"primaryImageOfPage":{"@id":"https:\/\/jackpotlotteryonline.com\/buy-tickets\/powerball\/#primaryimage"},"image":{"@id":"https:\/\/jackpotlotteryonline.com\/buy-tickets\/powerball\/#primaryimage"},"thumbnailUrl":"https:\/\/jackpotlotteryonline.com\/wp-content\/uploads\/2022\/11\/2_ticket_powerball3-1.jpg","datePublished":"2022-11-07T07:35:43+00:00","dateModified":"2022-12-19T16:45:30+00:00","description":"Preberite, kako lahko prebivalci drugih dr\u017eav igrajo za ogromne dobitke loterije Powerball prek spleta - lahko ste zunaj ZDA in \u0161e vedno igrate","breadcrumb":{"@id":"https:\/\/jackpotlotteryonline.com\/buy-tickets\/powerball\/#breadcrumb"},"inLanguage":"sl-SI","potentialAction":[{"@type":"ReadAction","target":["https:\/\/jackpotlotteryonline.com\/buy-tickets\/powerball\/"]}]},{"@type":"ImageObject","inLanguage":"sl-SI","@id":"https:\/\/jackpotlotteryonline.com\/buy-tickets\/powerball\/#primaryimage","url":"https:\/\/jackpotlotteryonline.com\/wp-content\/uploads\/2022\/11\/2_ticket_powerball3-1.jpg","contentUrl":"https:\/\/jackpotlotteryonline.com\/wp-content\/uploads\/2022\/11\/2_ticket_powerball3-1.jpg"},{"@type":"BreadcrumbList","@id":"https:\/\/jackpotlotteryonline.com\/buy-tickets\/powerball\/#breadcrumb","itemListElement":[{"@type":"ListItem","position":1,"name":"Home","item":"https:\/\/jackpotlotteryonline.com\/sl\/"},{"@type":"ListItem","position":2,"name":"Kako kupiti loterijske vstopnice na spletu","item":"https:\/\/jackpotlotteryonline.com\/sl\/kupiti-vstopnice\/"},{"@type":"ListItem","position":3,"name":"Ameri\u0161ka loterija Powerball"}]},{"@type":"WebSite","@id":"https:\/\/jackpotlotteryonline.com\/#website","url":"https:\/\/jackpotlotteryonline.com\/","name":"Lotto Online - Crack The International Lottery Jackpots","description":"","potentialAction":[{"@type":"SearchAction","target":{"@type":"EntryPoint","urlTemplate":"https:\/\/jackpotlotteryonline.com\/?s={search_term_string}"},"query-input":"required name=search_term_string"}],"inLanguage":"sl-SI"}]}},"_links":{"self":[{"href":"https:\/\/jackpotlotteryonline.com\/sl\/wp-json\/wp\/v2\/pages\/36431","targetHints":{"allow":["GET"]}}],"collection":[{"href":"https:\/\/jackpotlotteryonline.com\/sl\/wp-json\/wp\/v2\/pages"}],"about":[{"href":"https:\/\/jackpotlotteryonline.com\/sl\/wp-json\/wp\/v2\/types\/page"}],"author":[{"embeddable":true,"href":"https:\/\/jackpotlotteryonline.com\/sl\/wp-json\/wp\/v2\/users\/1"}],"replies":[{"embeddable":true,"href":"https:\/\/jackpotlotteryonline.com\/sl\/wp-json\/wp\/v2\/comments?post=36431"}],"version-history":[{"count":0,"href":"https:\/\/jackpotlotteryonline.com\/sl\/wp-json\/wp\/v2\/pages\/36431\/revisions"}],"up":[{"embeddable":true,"href":"https:\/\/jackpotlotteryonline.com\/sl\/wp-json\/wp\/v2\/pages\/35780"}],"wp:attachment":[{"href":"https:\/\/jackpotlotteryonline.com\/sl\/wp-json\/wp\/v2\/media?parent=36431"}],"curies":[{"name":"wp","href":"https:\/\/api.w.org\/{rel}","templated":true}]}}