{"id":36484,"date":"2022-11-07T08:53:36","date_gmt":"2022-11-07T08:53:36","guid":{"rendered":"https:\/\/jackpotlotteryonline.com\/?page_id=36484"},"modified":"2022-12-19T19:55:16","modified_gmt":"2022-12-19T19:55:16","slug":"euromillions","status":"publish","type":"page","link":"https:\/\/jackpotlotteryonline.com\/sl\/kupiti-vstopnice\/euromillions\/","title":{"rendered":"Ali lahko dobim vstopnico za Euromillions zunaj Evrope?"},"content":{"rendered":"<h2>Najve\u010dja evropska loterija je Euromillions<\/h2>\n<p><img loading=\"lazy\" decoding=\"async\" class=\"alignright wp-image-17411 size-full\" src=\"http:\/\/jackpotlotteryonline.com\/wp-content\/uploads\/2022\/10\/euromillions.png\" alt=\"nakup euromillions prek spleta\" width=\"200\" height=\"212\" \/><\/p>\n<p><a href=\"https:\/\/jackpotlotteryonline.com\/sl\/kako-igrati\/euromillions\">Euromillions<\/a> je loterija, ki jo ponujajo razli\u010dne evropske dr\u017eave. Zasnovana je bila tako, da ponuja bistveno ve\u010dje glavne dobitke kot nacionalne loterije teh posameznih dr\u017eav. To je bilo dose\u017eeno z vzpostavitvijo loterijske strukture z manj\u0161o verjetnostjo, kar pomeni ve\u010d mo\u017enih kombinacij \u0161tevilk. Dejstvo, da je za tak\u0161ne glavne dobitke obi\u010dajno potrebno ve\u010d \u010dasa, je v kombinaciji z ve\u010djim za\u010detnim dobitkom, ki zna\u0161a 10 milijonov evrov, privedlo do rednih glavnih dobitkov v vi\u0161ini ve\u010d kot 100 milijonov evrov.<\/p>\n<h2>Zakaj za igranje potrebujete spletno storitev za prodajo sre\u010dk?<\/h2>\n<p>\u010ce \u017eivite v eni od sodelujo\u010dih evropskih dr\u017eav, storitve, kot je na\u0161a, ne potrebujete. \u010ce pa ne, ali \u010de celo \u017eivite zunaj Evrope, potem je edini na\u010din, da dobite vstopnico za Euromillions, spletni. Vse, kar morate storiti, je, <strong>da kliknete na zgornji banner Euromillions<\/strong> in naro\u010dite vstopnice, nato pa je va\u0161a udele\u017eba zagotovljena. Mimogrede, dejanske vstopnice za Euromillions kupujemo pri uradnem prodajalcu vstopnic v Evropi.<\/p>\n<section class=\"layout\" style=\"border: solid 1px; width: 100%;\">\n<div class=\"img-div\" style=\"margin-top: 5px;\"><img decoding=\"async\" class=\"wp-image-17212 alignleft\" style=\"height: 45px; margin: 8px 8px 0px;\" src=\"http:\/\/jackpotlotteryonline.com\/wp-content\/uploads\/2022\/11\/read1.jpg\" alt=\"igranje Euromillions\" width=\"\" height=\"\" \/><\/div>\n<div style=\"padding-left: 5px;\">\n<div style=\"font-size: 1.1em;\">\n<p><strong>Loterije z najve\u010djimi mo\u017enostmi za veliko zmago<\/strong><\/p>\n<p style=\"font-size: 0.85em; margin-top: -1.5em;\">Katera loterija ima najbolj\u0161e mo\u017enosti za zmago?\u00a0<a href=\"https:\/\/jackpotlotteryonline.com\/sl\/katera-loterija-ima-najboljse-moznosti-za-zmago\"> preberi ve\u010d<\/a><\/p>\n<\/div>\n<\/div>\n<\/section>\n<h2>O Euromillions<\/h2>\n<p><a href=\"https:\/\/jackpotlotteryonline.com\/sl\/zmagovalne-stevilke\/euromillions\">Ta loterija ima dve tedenski \u017erebanji<\/a> v torek in petek. Njena struktura je enaka kot pri Eurojackpotu, le da glavni dobitek ni omejen in morate izbrati dve dodatni \u0161tevilki med 1 in 12. Prav tako ima 13 nagradnih stopenj.<\/p>\n<h2>Storitev nakupa vstopnic za mednarodne loterije<\/h2>\n<p><img loading=\"lazy\" decoding=\"async\" class=\"alignright size-full wp-image-33431\" src=\"http:\/\/jackpotlotteryonline.com\/wp-content\/uploads\/2022\/11\/2_ticket_euromillions-112x300-1.jpg\" alt=\"vstopnica za euromillions\" width=\"112\" height=\"300\" \/><\/p>\n<p>Poleg tega, da vam ponujamo spletne sre\u010dke za loteriji Euromillions in Eurojackpot, lahko pri nas izbirate med ve\u010d kot 20 loterijami. \u010ceprav se boste morda vedno odlo\u010dili za tisto z najve\u010djimi dobitki, je vredno razmisliti tudi o nekaterih &#8220;manj\u0161ih&#8221; loterijah. Morda ponujajo ugodnej\u0161e mo\u017enosti za dobitek ali ni\u017eje cene sre\u010dk.<\/p>\n<p>Prav tako vam ni treba skrbeti za varnost pla\u010dil in podatkov. Za obdelavo pla\u010dil uporabljamo izjemno varne protokole. Sprejemamo pla\u010dila s kreditnimi karticami, kriptovalutami, ban\u010dnim nakazilom in \u0161tevilnimi drugimi mo\u017enostmi.<\/p>\n<p>&nbsp;<\/p>\n","protected":false},"excerpt":{"rendered":"<p>Najve\u010dja evropska loterija je Euromillions Euromillions je loterija, ki jo ponujajo razli\u010dne evropske dr\u017eave. Zasnovana je bila tako, da ponuja bistveno ve\u010dje glavne dobitke kot nacionalne loterije teh posameznih dr\u017eav. To je bilo dose\u017eeno z vzpostavitvijo loterijske strukture z manj\u0161o verjetnostjo, kar pomeni ve\u010d mo\u017enih kombinacij \u0161tevilk. Dejstvo, da je za tak\u0161ne glavne dobitke obi\u010dajno [&hellip;]<\/p>\n","protected":false},"author":1,"featured_media":0,"parent":35780,"menu_order":3,"comment_status":"closed","ping_status":"closed","template":"euromillions-info.php","meta":{"_et_pb_use_builder":"","_et_pb_old_content":"","_et_gb_content_width":"","exclude_from_search":false,"footnotes":""},"class_list":["post-36484","page","type-page","status-publish","hentry"],"yoast_head":"<!-- This site is optimized with the Yoast SEO plugin v23.3 - https:\/\/yoast.com\/wordpress\/plugins\/seo\/ -->\n<title>Pridobite vstopnico za igro Euromillions iz dr\u017eav zunaj Evrope<\/title>\n<meta name=\"description\" content=\"Kako sodelovati v spletni igri Euromillions iz dr\u017eav zunaj Evrope - preprosto kupite vstopnico na na\u0161i spletni strani\" \/>\n<meta name=\"robots\" content=\"index, follow, max-snippet:-1, max-image-preview:large, max-video-preview:-1\" \/>\n<link rel=\"canonical\" href=\"https:\/\/jackpotlotteryonline.com\/buy-tickets\/euromillions\/\" \/>\n<meta property=\"og:locale\" content=\"sl_SI\" \/>\n<meta property=\"og:type\" content=\"article\" \/>\n<meta property=\"og:title\" content=\"Pridobite vstopnico za igro Euromillions iz dr\u017eav zunaj Evrope\" \/>\n<meta property=\"og:description\" content=\"Kako sodelovati v spletni igri Euromillions iz dr\u017eav zunaj Evrope - preprosto kupite vstopnico na na\u0161i spletni strani\" \/>\n<meta property=\"og:url\" content=\"https:\/\/jackpotlotteryonline.com\/buy-tickets\/euromillions\/\" \/>\n<meta property=\"og:site_name\" content=\"Lotto Online - Crack The International Lottery Jackpots\" \/>\n<meta property=\"article:modified_time\" content=\"2022-12-19T19:55:16+00:00\" \/>\n<meta property=\"og:image\" content=\"http:\/\/jackpotlotteryonline.com\/wp-content\/uploads\/2022\/10\/euromillions.png\" \/>\n<meta name=\"twitter:card\" content=\"summary_large_image\" \/>\n<meta name=\"twitter:label1\" content=\"Est. reading time\" \/>\n\t<meta name=\"twitter:data1\" content=\"2 minuti\" \/>\n<!-- \/ Yoast SEO plugin. -->","yoast_head_json":{"title":"Pridobite vstopnico za igro Euromillions iz dr\u017eav zunaj Evrope","description":"Kako sodelovati v spletni igri Euromillions iz dr\u017eav zunaj Evrope - preprosto kupite vstopnico na na\u0161i spletni strani","robots":{"index":"index","follow":"follow","max-snippet":"max-snippet:-1","max-image-preview":"max-image-preview:large","max-video-preview":"max-video-preview:-1"},"canonical":"https:\/\/jackpotlotteryonline.com\/buy-tickets\/euromillions\/","og_locale":"sl_SI","og_type":"article","og_title":"Pridobite vstopnico za igro Euromillions iz dr\u017eav zunaj Evrope","og_description":"Kako sodelovati v spletni igri Euromillions iz dr\u017eav zunaj Evrope - preprosto kupite vstopnico na na\u0161i spletni strani","og_url":"https:\/\/jackpotlotteryonline.com\/buy-tickets\/euromillions\/","og_site_name":"Lotto Online - Crack The International Lottery Jackpots","article_modified_time":"2022-12-19T19:55:16+00:00","og_image":[{"url":"http:\/\/jackpotlotteryonline.com\/wp-content\/uploads\/2022\/10\/euromillions.png"}],"twitter_card":"summary_large_image","twitter_misc":{"Est. reading time":"2 minuti"},"schema":{"@context":"https:\/\/schema.org","@graph":[{"@type":"WebPage","@id":"https:\/\/jackpotlotteryonline.com\/buy-tickets\/euromillions\/","url":"https:\/\/jackpotlotteryonline.com\/buy-tickets\/euromillions\/","name":"Pridobite vstopnico za igro Euromillions iz dr\u017eav zunaj Evrope","isPartOf":{"@id":"https:\/\/jackpotlotteryonline.com\/#website"},"primaryImageOfPage":{"@id":"https:\/\/jackpotlotteryonline.com\/buy-tickets\/euromillions\/#primaryimage"},"image":{"@id":"https:\/\/jackpotlotteryonline.com\/buy-tickets\/euromillions\/#primaryimage"},"thumbnailUrl":"http:\/\/jackpotlotteryonline.com\/wp-content\/uploads\/2022\/10\/euromillions.png","datePublished":"2022-11-07T08:53:36+00:00","dateModified":"2022-12-19T19:55:16+00:00","description":"Kako sodelovati v spletni igri Euromillions iz dr\u017eav zunaj Evrope - preprosto kupite vstopnico na na\u0161i spletni strani","breadcrumb":{"@id":"https:\/\/jackpotlotteryonline.com\/buy-tickets\/euromillions\/#breadcrumb"},"inLanguage":"sl-SI","potentialAction":[{"@type":"ReadAction","target":["https:\/\/jackpotlotteryonline.com\/buy-tickets\/euromillions\/"]}]},{"@type":"ImageObject","inLanguage":"sl-SI","@id":"https:\/\/jackpotlotteryonline.com\/buy-tickets\/euromillions\/#primaryimage","url":"http:\/\/jackpotlotteryonline.com\/wp-content\/uploads\/2022\/10\/euromillions.png","contentUrl":"http:\/\/jackpotlotteryonline.com\/wp-content\/uploads\/2022\/10\/euromillions.png"},{"@type":"BreadcrumbList","@id":"https:\/\/jackpotlotteryonline.com\/buy-tickets\/euromillions\/#breadcrumb","itemListElement":[{"@type":"ListItem","position":1,"name":"Home","item":"https:\/\/jackpotlotteryonline.com\/sl\/"},{"@type":"ListItem","position":2,"name":"Kako kupiti loterijske vstopnice na spletu","item":"https:\/\/jackpotlotteryonline.com\/sl\/kupiti-vstopnice\/"},{"@type":"ListItem","position":3,"name":"Ali lahko dobim vstopnico za Euromillions zunaj Evrope?"}]},{"@type":"WebSite","@id":"https:\/\/jackpotlotteryonline.com\/#website","url":"https:\/\/jackpotlotteryonline.com\/","name":"Lotto Online - Crack The International Lottery Jackpots","description":"","potentialAction":[{"@type":"SearchAction","target":{"@type":"EntryPoint","urlTemplate":"https:\/\/jackpotlotteryonline.com\/?s={search_term_string}"},"query-input":"required name=search_term_string"}],"inLanguage":"sl-SI"}]}},"_links":{"self":[{"href":"https:\/\/jackpotlotteryonline.com\/sl\/wp-json\/wp\/v2\/pages\/36484","targetHints":{"allow":["GET"]}}],"collection":[{"href":"https:\/\/jackpotlotteryonline.com\/sl\/wp-json\/wp\/v2\/pages"}],"about":[{"href":"https:\/\/jackpotlotteryonline.com\/sl\/wp-json\/wp\/v2\/types\/page"}],"author":[{"embeddable":true,"href":"https:\/\/jackpotlotteryonline.com\/sl\/wp-json\/wp\/v2\/users\/1"}],"replies":[{"embeddable":true,"href":"https:\/\/jackpotlotteryonline.com\/sl\/wp-json\/wp\/v2\/comments?post=36484"}],"version-history":[{"count":0,"href":"https:\/\/jackpotlotteryonline.com\/sl\/wp-json\/wp\/v2\/pages\/36484\/revisions"}],"up":[{"embeddable":true,"href":"https:\/\/jackpotlotteryonline.com\/sl\/wp-json\/wp\/v2\/pages\/35780"}],"wp:attachment":[{"href":"https:\/\/jackpotlotteryonline.com\/sl\/wp-json\/wp\/v2\/media?parent=36484"}],"curies":[{"name":"wp","href":"https:\/\/api.w.org\/{rel}","templated":true}]}}