{"id":36539,"date":"2022-11-07T10:52:10","date_gmt":"2022-11-07T10:52:10","guid":{"rendered":"https:\/\/jackpotlotteryonline.com\/?page_id=36539"},"modified":"2023-01-03T20:14:40","modified_gmt":"2023-01-03T20:14:40","slug":"eurojackpot","status":"publish","type":"page","link":"https:\/\/jackpotlotteryonline.com\/sl\/kupiti-vstopnice\/eurojackpot\/","title":{"rendered":"Nakup vstopnic za Eurojackpot zunaj sodelujo\u010dih dr\u017eav"},"content":{"rendered":"<h2>O igri Eurojackpot<\/h2>\n<p><a href=\"https:\/\/jackpotlotteryonline.com\/sl\/kako-igrati\/eurojackpot\">Eurojackpot<\/a> ima eno zanimivo zna\u010dilnost, ki jo morate poznati: Ko glavni dobitek dose\u017ee 90 milijonov evrov, je omejen na znesek, ki ga lahko osvojite. To pomeni, da se vsa sredstva od prodaje sre\u010dk, ki presegajo 90 milijonov evrov, pri\u0161tejejo k ceni drugega reda. Ta cena drugega reda bo potem bistveno vi\u0161ja. Glede na to, da je verjetnost za osvojitev te nagrade v primerjavi z glavnim dobitkom 10-krat ve\u010dja, je vedno dobra strategija, da se osredoto\u010dite na to loterijo, ko ta dose\u017ee prag 90 milijonov EUR.<\/p>\n<p><a href=\"https:\/\/jackpotlotteryonline.com\/sl\/zmagovalne-stevilke\/eurojackpot\">Eurojackpot ima samo en tedenski dan \u017erebanja<\/a>, in sicer petek. Izberite 5 od 50 \u0161tevilk ter dve dodatni \u0161tevilki med 1 in 10 in \u017ee ste na dobri poti do dobitka iz 12 vrst.<\/p>\n<h2>Kako kupiti sre\u010dke Eurojackpot<\/h2>\n<p><img loading=\"lazy\" decoding=\"async\" class=\"wp-image-26077 size-medium alignright\" src=\"https:\/\/jackpotlotteryonline.com\/wp-content\/uploads\/2022\/11\/1_buy_eurojackpot_ticket-300x99.jpg\" alt=\"nakup vstopnic Eurojackpot prek spleta\" width=\"300\" height=\"99\" srcset=\"https:\/\/jackpotlotteryonline.com\/wp-content\/uploads\/2022\/11\/1_buy_eurojackpot_ticket-300x99.jpg 300w, https:\/\/jackpotlotteryonline.com\/wp-content\/uploads\/2022\/11\/1_buy_eurojackpot_ticket.jpg 350w\" sizes=\"auto, (max-width: 300px) 100vw, 300px\" \/><\/p>\n<p>Eurojackpot je evropska loterija, vstopnice pa se ve\u010dinoma prodajajo v dr\u017eavah Eurojackpota. V loteriji Eurojackpot sodeluje 18 dr\u017eav in v njej lahko sodeluje vsakdo, ki \u017eivi v teh dr\u017eavah. Dr\u017eave Eurojackpot so Hrva\u0161ka, Danska, Estonija, Finska, Nem\u010dija, Islandija, Italija, Latvija, Litva, Nizozemska, Norve\u0161ka, Slovenija, \u0160panija in \u0160vedska.<\/p>\n<p>\u010ceprav je v Eurojackpot v\u010dlanjenih 18 dr\u017eav, se loterijski listki prodajajo tudi v nekaterih nesodelujo\u010dih dr\u017eavah na celini. Igralci v kateri koli od teh dr\u017eav lahko pridejo k kateremu koli prodajalcu loterije in kupijo loterijske listke. To pa ne velja za tiste igralce zunaj Evrope, ki \u017eelijo sodelovati v igri Eurojackpot.<\/p>\n<h2>Kaj storiti, \u010de \u017eivite zunaj Evrope?<\/h2>\n<p>\u010ce \u017eivite zunaj celine in \u017eelite sodelovati v igri Eurojackpot, je najbolje, da se odlo\u010dite za spletno igro. To lahko storite prek spleta ali mobilne naprave. Poiskati morate spletno stran loterije, kupiti sre\u010dko in se prijaviti v \u017erebanje. Nato po\u010dakajte, da preverite, ali ste zmagali. Postopek je preprost, vendar morate biti pozorni na nekaj stvari.<\/p>\n<p>Vstopnice za Eurojackpot se prodajajo na ve\u010d spletnih straneh, vendar je pomembno, da poi\u0161\u010dete zakonitega spletnega prodajalca. Internet vam omogo\u010da dostop do neverjetnih mednarodnih loterij, ne samo do Eurojackpota. Vendar pa morate biti prepri\u010dani, da ste vstopili v Eurojackpot v nasprotju s stavami proti izidu loterije. Da, to je razlika.<\/p>\n<section class=\"layout\" style=\"border: solid 1px; width: 100%;\">\n<div class=\"img-div\" style=\"margin-top: 5px;\"><img decoding=\"async\" class=\"wp-image-17212 alignleft\" style=\"height: 45px; margin: 8px 8px 0px;\" src=\"https:\/\/jackpotlotteryonline.com\/wp-content\/uploads\/2022\/11\/read1.jpg\" alt=\"Preberite\" width=\"\" height=\"\" \/><\/div>\n<div style=\"padding-left: 5px;\">\n<div style=\"font-size: 1.1em;\">\n<p><strong>Katera mednarodna loterija je najbolj\u0161a?<\/strong><\/p>\n<p style=\"font-size: 0.85em; margin-top: -1.5em;\">Katera od mednarodnih loterij ima najbolj\u0161e mo\u017enosti za zmago\u00a0 <a href=\"https:\/\/jackpotlotteryonline.com\/sk\/ktora-medzinarodna-loteria-je-najlepsia\">preberi ve\u010d<\/a><\/p>\n<\/div>\n<\/div>\n<\/section>\n<h2>Kje lahko dobite sre\u010dke Eurojackpot<\/h2>\n<p>Ko na spletu i\u0161\u010dete prodajalca Eurojackpota, ne hitite z nakupom vstopnice Eurojackpot, razen \u010de veste, da gre za consko spletno stran. Tovrstna spletna mesta igralcem omogo\u010dajo dostop do najbolj\u0161ih mednarodnih loterij, kot je Eurojackpot, tako da jim zagotovijo sre\u010delov.<\/p>\n<p>Prek spleta je mogo\u010de kupiti kupon Eurojackpot, vendar pri tem ne morete sodelovati v loteriji. To je zato, ker ta spletna mesta igralcem omogo\u010dajo le stave na izid loterije. Na spletni strani jackpotlotteryonline.com vam zagotavljamo, da se v loterijo Eurojackpot vklju\u010dite, ne glede na to, kje se nahajate.<\/p>\n<p>Ko vstop kupite pri nas, bodo na\u0161i zastopniki na vsebini \u0161li ven in kupili fizi\u010dni Eurojackpot listek z ustreznimi \u0161tevilkami. Na ta na\u010din boste, \u010deprav niste fizi\u010dno prisotni v dr\u017eavi, \u0161e vedno sodelovali v igri Eurojackpot. \u010ce se va\u0161 listek ujema z iz\u017erebanimi \u0161tevilkami, boste prejeli nagrado. Prav tako vam ni treba skrbeti za prevzem nagrade Eurojackpot, saj to namesto vas opravimo mi. Vse, kar morate storiti, je, da nagrado z na\u0161e platforme izpla\u010date na svoj spletni ra\u010dun.<\/p>\n<h2>Prednosti registracije na jackpotlotteryonline.com<\/h2>\n<p><img loading=\"lazy\" decoding=\"async\" class=\"alignright size-medium wp-image-28886\" src=\"https:\/\/jackpotlotteryonline.com\/wp-content\/uploads\/2022\/11\/1_pick_for_eurojackpot-300x100.jpg\" alt=\"vstopnica eurojackpot\" width=\"300\" height=\"100\" srcset=\"https:\/\/jackpotlotteryonline.com\/wp-content\/uploads\/2022\/11\/1_pick_for_eurojackpot-300x100.jpg 300w, https:\/\/jackpotlotteryonline.com\/wp-content\/uploads\/2022\/11\/1_pick_for_eurojackpot-600x200.jpg 600w, https:\/\/jackpotlotteryonline.com\/wp-content\/uploads\/2022\/11\/1_pick_for_eurojackpot.jpg 734w\" sizes=\"auto, (max-width: 300px) 100vw, 300px\" \/><\/p>\n<p>Jackpotlotteryonline.com je concierge spletna stran, zato na\u0161im strankam omogo\u010damo prijavo na loterije z vsega sveta. Verjamemo, da bi moral biti Eurojackpot na voljo vsem, ki so polnoletni in poslovno sposobni, zato smo to strast vnesli tudi v izvajanje na\u0161ih storitev. Ko se registrirate pri nas, dobite naslednje:<\/p>\n<ul>\n<li>dostop do ve\u010d kot dveh ducatov mednarodnih loterij, vklju\u010dno z Eurojackpotom<\/li>\n<li>brezhiben na\u010din igranja loterije<\/li>\n<li>Na enem mestu lahko igrate ve\u010d loterij in sodelujete v ve\u010d \u017erebanjih<\/li>\n<li>Ni vam treba spremljati vseh loterijskih sre\u010dk Eurojackpot, to namesto vas opravimo mi<\/li>\n<li>Spremljamo tudi va\u0161e dobitke in vas opozarjamo, da ne zamudite prevzema nagrade<\/li>\n<li>Svoje nagrade lahko preprosto izpla\u010date z na\u0161e platforme na svoj spletni ra\u010dun<\/li>\n<\/ul>\n<p>Osredoto\u010damo se na to, da vam zagotovimo prijetno izku\u0161njo pri igranju loterije. Na\u0161e storitve smo izbolj\u0161ali in \u0161e naprej izpopolnjujemo postopek, tako da je za na\u0161e igralce bolj intuitiven.<\/p>\n<h2>Za vstop v Eurojackpot sledite naslednjim korakom<\/h2>\n<p><strong>1. korak:<\/strong> obi\u0161\u010dite spletno stran jackpotlotteryonline.com in pojdite na loterijo, na katero se \u017eelite prijaviti, v tem primeru na Eurojackpot. Kliknite na njo.<\/p>\n<p><strong>Korak 2:<\/strong> izberite 5 glavnih \u0161tevilk in 2 dodatni \u0161tevilki. Izberete lahko ve\u010d vstopnih vrstic, da pove\u010date svoje mo\u017enosti za dobitek Eurojackpot. \u010ce nimate dolo\u010dene \u0161tevilke, uporabite mo\u017enost &#8220;Hitro izbrati vse&#8221;, da bo postopek izbire hitrej\u0161i.<\/p>\n<p><strong>Korak 3:<\/strong> Izberite vrsto sre\u010dke, ki jo \u017eelite kupiti. Kupite lahko posamezno ali pa kupite ve\u010d\u017erebanje, ki vam bo omogo\u010dilo udele\u017ebo v ve\u010d \u017erebanjih. \u010ce se udele\u017eite ve\u010d \u017erebanj, imate spet ve\u010djo mo\u017enost, da osvojite dobitek Eurojackpot.<\/p>\n<p><strong>4. korak:<\/strong> Pojdite na stran za pla\u010dilo. Na pla\u010dilni strani boste morali opraviti prijavo ali registracijo. Razlog za to je trojen:<\/p>\n<ol>\n<li>Da boste imeli vedno dostop do potrdila o prejemu nagrade Eurojackpot, saj boste le tako lahko zahtevali nagrado.<\/li>\n<li>da vas lahko opozorimo, \u010de osvojite Eurojackpot ali katero koli nagrado v drugih kategorijah. To bomo storili prek platforme in tudi prek va\u0161ega e-po\u0161tnega sporo\u010dila<\/li>\n<li>da boste lahko nagrade enostavno zahtevali in jih dvignili<\/li>\n<\/ol>\n<p>To je to. Sodelovanje v igri Eurojackpot, ne glede na to, kje se nahajate, je tako preprosto, kot \u010de sledite tem trem korakom. Zdaj lahko u\u017eivate v varnih in brezskrbnih stavah iz udobja svojega ra\u010dunalnika ali mobilne naprave.<\/p>\n<p>Zakaj se ne bi \u0161e danes registrirali pri nas in kupili sre\u010dke Eurojackpot zunaj Evrope? Igranje na loteriji je vznemirljivo in nikoli ne veste, kdaj boste imeli sre\u010do. \u010ce \u017eelite imeti prilo\u017enost, da postanete milijonar, pojdite na splet in \u0161e danes sodelujte v igri Eurojackpot.<\/p>\n","protected":false},"excerpt":{"rendered":"<p>O igri Eurojackpot Eurojackpot ima eno zanimivo zna\u010dilnost, ki jo morate poznati: Ko glavni dobitek dose\u017ee 90 milijonov evrov, je omejen na znesek, ki ga lahko osvojite. To pomeni, da se vsa sredstva od prodaje sre\u010dk, ki presegajo 90 milijonov evrov, pri\u0161tejejo k ceni drugega reda. Ta cena drugega reda bo potem bistveno vi\u0161ja. Glede [&hellip;]<\/p>\n","protected":false},"author":1,"featured_media":0,"parent":35780,"menu_order":4,"comment_status":"closed","ping_status":"closed","template":"eurojackpot-info.php","meta":{"_et_pb_use_builder":"","_et_pb_old_content":"","_et_gb_content_width":"","exclude_from_search":false,"footnotes":""},"class_list":["post-36539","page","type-page","status-publish","hentry"],"yoast_head":"<!-- This site is optimized with the Yoast SEO plugin v23.3 - https:\/\/yoast.com\/wordpress\/plugins\/seo\/ -->\n<title>Nakup vstopnic za Eurojackpot zunaj Evrope | Nakup vstopnic prek spleta<\/title>\n<meta name=\"description\" content=\"V nekaterih evropskih dr\u017eavah lahko vstopnice Eurojackpot kupite v trgovini. Tukaj pa lahko vstopnice kupite tudi zunaj Evrope\" \/>\n<meta name=\"robots\" content=\"index, follow, max-snippet:-1, max-image-preview:large, max-video-preview:-1\" \/>\n<link rel=\"canonical\" href=\"https:\/\/jackpotlotteryonline.com\/buy-tickets\/eurojackpot\/\" \/>\n<meta property=\"og:locale\" content=\"sl_SI\" \/>\n<meta property=\"og:type\" content=\"article\" \/>\n<meta property=\"og:title\" content=\"Nakup vstopnic za Eurojackpot zunaj Evrope | Nakup vstopnic prek spleta\" \/>\n<meta property=\"og:description\" content=\"V nekaterih evropskih dr\u017eavah lahko vstopnice Eurojackpot kupite v trgovini. Tukaj pa lahko vstopnice kupite tudi zunaj Evrope\" \/>\n<meta property=\"og:url\" content=\"https:\/\/jackpotlotteryonline.com\/buy-tickets\/eurojackpot\/\" \/>\n<meta property=\"og:site_name\" content=\"Lotto Online - Crack The International Lottery Jackpots\" \/>\n<meta property=\"article:modified_time\" content=\"2023-01-03T20:14:40+00:00\" \/>\n<meta property=\"og:image\" content=\"https:\/\/jackpotlotteryonline.com\/wp-content\/uploads\/2022\/11\/1_buy_eurojackpot_ticket-300x99.jpg\" \/>\n<meta name=\"twitter:card\" content=\"summary_large_image\" \/>\n<meta name=\"twitter:label1\" content=\"Est. reading time\" \/>\n\t<meta name=\"twitter:data1\" content=\"5 minut\" \/>\n<!-- \/ Yoast SEO plugin. -->","yoast_head_json":{"title":"Nakup vstopnic za Eurojackpot zunaj Evrope | Nakup vstopnic prek spleta","description":"V nekaterih evropskih dr\u017eavah lahko vstopnice Eurojackpot kupite v trgovini. Tukaj pa lahko vstopnice kupite tudi zunaj Evrope","robots":{"index":"index","follow":"follow","max-snippet":"max-snippet:-1","max-image-preview":"max-image-preview:large","max-video-preview":"max-video-preview:-1"},"canonical":"https:\/\/jackpotlotteryonline.com\/buy-tickets\/eurojackpot\/","og_locale":"sl_SI","og_type":"article","og_title":"Nakup vstopnic za Eurojackpot zunaj Evrope | Nakup vstopnic prek spleta","og_description":"V nekaterih evropskih dr\u017eavah lahko vstopnice Eurojackpot kupite v trgovini. Tukaj pa lahko vstopnice kupite tudi zunaj Evrope","og_url":"https:\/\/jackpotlotteryonline.com\/buy-tickets\/eurojackpot\/","og_site_name":"Lotto Online - Crack The International Lottery Jackpots","article_modified_time":"2023-01-03T20:14:40+00:00","og_image":[{"url":"https:\/\/jackpotlotteryonline.com\/wp-content\/uploads\/2022\/11\/1_buy_eurojackpot_ticket-300x99.jpg"}],"twitter_card":"summary_large_image","twitter_misc":{"Est. reading time":"5 minut"},"schema":{"@context":"https:\/\/schema.org","@graph":[{"@type":"WebPage","@id":"https:\/\/jackpotlotteryonline.com\/buy-tickets\/eurojackpot\/","url":"https:\/\/jackpotlotteryonline.com\/buy-tickets\/eurojackpot\/","name":"Nakup vstopnic za Eurojackpot zunaj Evrope | Nakup vstopnic prek spleta","isPartOf":{"@id":"https:\/\/jackpotlotteryonline.com\/#website"},"primaryImageOfPage":{"@id":"https:\/\/jackpotlotteryonline.com\/buy-tickets\/eurojackpot\/#primaryimage"},"image":{"@id":"https:\/\/jackpotlotteryonline.com\/buy-tickets\/eurojackpot\/#primaryimage"},"thumbnailUrl":"https:\/\/jackpotlotteryonline.com\/wp-content\/uploads\/2022\/11\/1_buy_eurojackpot_ticket-300x99.jpg","datePublished":"2022-11-07T10:52:10+00:00","dateModified":"2023-01-03T20:14:40+00:00","description":"V nekaterih evropskih dr\u017eavah lahko vstopnice Eurojackpot kupite v trgovini. Tukaj pa lahko vstopnice kupite tudi zunaj Evrope","breadcrumb":{"@id":"https:\/\/jackpotlotteryonline.com\/buy-tickets\/eurojackpot\/#breadcrumb"},"inLanguage":"sl-SI","potentialAction":[{"@type":"ReadAction","target":["https:\/\/jackpotlotteryonline.com\/buy-tickets\/eurojackpot\/"]}]},{"@type":"ImageObject","inLanguage":"sl-SI","@id":"https:\/\/jackpotlotteryonline.com\/buy-tickets\/eurojackpot\/#primaryimage","url":"https:\/\/jackpotlotteryonline.com\/wp-content\/uploads\/2022\/11\/1_buy_eurojackpot_ticket-300x99.jpg","contentUrl":"https:\/\/jackpotlotteryonline.com\/wp-content\/uploads\/2022\/11\/1_buy_eurojackpot_ticket-300x99.jpg"},{"@type":"BreadcrumbList","@id":"https:\/\/jackpotlotteryonline.com\/buy-tickets\/eurojackpot\/#breadcrumb","itemListElement":[{"@type":"ListItem","position":1,"name":"Home","item":"https:\/\/jackpotlotteryonline.com\/sl\/"},{"@type":"ListItem","position":2,"name":"Kako kupiti loterijske vstopnice na spletu","item":"https:\/\/jackpotlotteryonline.com\/sl\/kupiti-vstopnice\/"},{"@type":"ListItem","position":3,"name":"Nakup vstopnic za Eurojackpot zunaj sodelujo\u010dih dr\u017eav"}]},{"@type":"WebSite","@id":"https:\/\/jackpotlotteryonline.com\/#website","url":"https:\/\/jackpotlotteryonline.com\/","name":"Lotto Online - Crack The International Lottery Jackpots","description":"","potentialAction":[{"@type":"SearchAction","target":{"@type":"EntryPoint","urlTemplate":"https:\/\/jackpotlotteryonline.com\/?s={search_term_string}"},"query-input":"required name=search_term_string"}],"inLanguage":"sl-SI"}]}},"_links":{"self":[{"href":"https:\/\/jackpotlotteryonline.com\/sl\/wp-json\/wp\/v2\/pages\/36539","targetHints":{"allow":["GET"]}}],"collection":[{"href":"https:\/\/jackpotlotteryonline.com\/sl\/wp-json\/wp\/v2\/pages"}],"about":[{"href":"https:\/\/jackpotlotteryonline.com\/sl\/wp-json\/wp\/v2\/types\/page"}],"author":[{"embeddable":true,"href":"https:\/\/jackpotlotteryonline.com\/sl\/wp-json\/wp\/v2\/users\/1"}],"replies":[{"embeddable":true,"href":"https:\/\/jackpotlotteryonline.com\/sl\/wp-json\/wp\/v2\/comments?post=36539"}],"version-history":[{"count":0,"href":"https:\/\/jackpotlotteryonline.com\/sl\/wp-json\/wp\/v2\/pages\/36539\/revisions"}],"up":[{"embeddable":true,"href":"https:\/\/jackpotlotteryonline.com\/sl\/wp-json\/wp\/v2\/pages\/35780"}],"wp:attachment":[{"href":"https:\/\/jackpotlotteryonline.com\/sl\/wp-json\/wp\/v2\/media?parent=36539"}],"curies":[{"name":"wp","href":"https:\/\/api.w.org\/{rel}","templated":true}]}}