{"id":36593,"date":"2022-11-08T06:51:45","date_gmt":"2022-11-08T06:51:45","guid":{"rendered":"https:\/\/jackpotlotteryonline.com\/?page_id=36593"},"modified":"2023-01-03T20:31:57","modified_gmt":"2023-01-03T20:31:57","slug":"superenalotto","status":"publish","type":"page","link":"https:\/\/jackpotlotteryonline.com\/sl\/kupiti-vstopnice\/superenalotto\/","title":{"rendered":"Nakup vstopnic za Superenalotto"},"content":{"rendered":"<h2>Zakaj Superenalotto?<\/h2>\n<p>Ste se spra\u0161evali, kako lahko kupite vstopnice za Superenalotto zunaj Italije? Superenalotto je ena izmed bolj priljubljenih loterij na evropski celini. Zato ni presenetljivo, da igralci po vsem svetu redno stavijo na to loterijo.<\/p>\n<p>Na jackpotlotteryonline.com igralcem omogo\u010damo dostop do najbolj\u0161ih mednarodnih loterij, kot je Superenalotto. Omogo\u010damo vam nakup sre\u010dk, preverjanje rezultatov \u017erebanja in dostop do va\u0161ih dobitkov.<\/p>\n<p>Zakaj bi se igralec ob vse ve\u010djem \u0161tevilu svetovnih loterij odlo\u010dil staviti na Superenalotto? Dotaknili se bomo nekaterih razlogov, zaradi katerih Superenalotto hitro postaja priljubljena loterija med igralci. \u010ce se vam mudi s sklenitvijo stave, nas lahko obi\u0161\u010dete zdaj in si zagotovite prilo\u017enost za velik dobitek na Superenalotto.<\/p>\n<h2>Superenalotto ima neverjetne glavne dobitke<\/h2>\n<p>Razlog \u0161tevilka ena, zakaj igralci obo\u017eujejo italijansko igro Superenalotto, je verjetno neverjeten glavni dobitek. Zanimivo je, da se jackpot za\u010dne pri minimalnem znesku 2 milijona evrov. To se ne zdi impresiven znesek, \u010de pomislite, da ga ponuja veliko loterij.<\/p>\n<p>Vendar pa je prodajna to\u010dka ta, da jackpot Superenalotto ni omejen. \u010ce po enem \u017erebanju ni zmagovalca, se ta vrti in se vrti po vsakem \u017erebanju, dokler se ne najde zmagovalec. Da bi to \u0161e bolj poudarili, ima loterija Superenalotto <a href=\"https:\/\/jackpotlotteryonline.com\/sl\/zmagovalne-stevilke\/superenalotto\">tri \u017erebanja na teden<\/a>. Pri tem skoraj ni omejitev, kolikokrat se lahko glavni dobitek prevrne.<\/p>\n<p>Pred nekaj leti se je glavni dobitek prevrnil tolikokrat, da je rekordni glavni dobitek leta 2019 zna\u0161al 209,1 milijona evrov.<\/p>\n<h2>Ali smo omenili tri \u017erebanja na teden?<\/h2>\n<p>Ko igrate Superenalotto, imate vsak teden tri mo\u017enosti za veliko zmago. To pa zato, ker loterija Superenalotto izvaja \u017erebanja trikrat na teden, in sicer ob torkih, \u010detrtkih in sobotah.<\/p>\n<p>To pomeni, da se znesek glavnega dobitka, \u010de ni zmagovalca, pove\u010duje hitreje. Glavni dobitek Superenalotto bi se lahko v enem samem tednu potrojil. To je dovolj, da igralci pohitijo s stavami.<\/p>\n<p>Ne \u017eelite izgubiti v naslednjem \u017erebanju? Zakaj se ne odpravite na spletno stran jackpotlotteryonline.com in stavite na Superenalotto \u017ee zdaj? Nikoli ne veste, kdaj vam bo sre\u010da naklonjena.<\/p>\n<h2>Top 5 zmagovalcev Superenalotto<\/h2>\n<p><img loading=\"lazy\" decoding=\"async\" class=\"alignright size-full wp-image-31316\" src=\"http:\/\/jackpotlotteryonline.com\/wp-content\/uploads\/2022\/11\/logo_superenalotto.png\" alt=\"Superenalotto loterijska \u017eogica\" width=\"200\" height=\"212\" \/><\/p>\n<p>\u0160e vedno niste prepri\u010dani, ali \u017eelite staviti na loterijo Superenalotto? Ni problema. Ko boste prebrali o slastnih zneskih, ki so jih prejeli prej\u0161nji zmagovalci, vas bo to spodbudilo.<\/p>\n<p>Najve\u010dji jackpot je leta 2019 osvojil loterijski sindikat, znesek pa je zna\u0161al 209,1 milijona evrov. To smo na kratko \u017ee omenili, vendar je \u0161e nekaj, \u010desar nismo omenili. Ta glavni dobitek je osvojil en sam imetnik sre\u010dke. Si predstavljate, da bi se domov vrnili z ve\u010d kot dvesto milijoni evrov?<\/p>\n<p>Drugi najve\u010dji glavni dobitek je leta 2010 osvojil loterijski sindikat, znesek pa je zna\u0161al 177,7 milijona evrov. Temu sledi glavni dobitek v vi\u0161ini 163,5 milijona evrov, ki je bil leta 2016 osvojen z eno samo sre\u010dko. Naslednji najve\u010dji glavni dobitek je leta 2009 osvojil \u0161e en imetnik posamezne sre\u010dke, znesek pa je zna\u0161al 147,8 milijona EUR. Leta 2010 sta si glavni dobitek v vi\u0161ini 139 milijonov evrov delili dve sre\u010dki.<\/p>\n<h2>Kako igrati Superenalotto<\/h2>\n<p><a href=\"https:\/\/jackpotlotteryonline.com\/sl\/kako-igrati\/superenalotto\">\u010ce \u017eelite igrati Superenalotto<\/a>, izberite \u0161est glavnih \u0161tevilk med 1 in 90. Izberete lahko ve\u010d vrstic \u0161tevilk in tako pove\u010date svoje mo\u017enosti za dobitek na loteriji. Nato izberite \u0161tevilo \u017erebanj, v katerih \u017eelite sodelovati. \u010ce \u017eelite, se lahko odlo\u010dite, da boste v naslednjih petih tednih vsak teden sodelovali v vsakem \u017erebanju. V ve\u010d \u017erebanj se boste vklju\u010dili, ve\u010dje bodo va\u0161e mo\u017enosti za osvojitev nagrade.<\/p>\n<p>Na voljo je tudi t. i. Superzvezdnik, ki je mo\u017enost, ki pomaga izbolj\u0161ati va\u0161e mo\u017enosti za zmago. Kupite lahko tudi &#8220;Veselo \u0161tevilko&#8221;, ki se izbere od 1 do 90. \u0160tevilka Jolly ne vpliva na glavni dobitek, ampak se uporablja pri odlo\u010danju o zmagovalcu druge nagradne kategorije.<\/p>\n<p>Ko izberete \u0161tevilke, pla\u010dajte sre\u010dko in po\u010dakajte na \u017erebanje. Ko se registrirate pri nas, postopek avtomatiziramo, da je izku\u0161nja bolj preprosta. Tako vam prihranimo stres, da lahko u\u017eivate v zabavi brez te\u017eav.<\/p>\n<section class=\"layout\" style=\"border: solid 1px; width: 100%;\">\n<div class=\"img-div\" style=\"margin-top: 5px;\"><img decoding=\"async\" class=\"wp-image-17212 alignleft\" style=\"height: 45px; margin: 8px 8px 0px;\" src=\"http:\/\/jackpotlotteryonline.com\/wp-content\/uploads\/2022\/11\/read1.jpg\" alt=\"Preberite\" width=\"\" height=\"\" \/><\/div>\n<div style=\"padding-left: 5px;\">\n<div style=\"font-size: 1.1em;\">\n<p><strong>Izberite zmagovalne \u0161tevilke Loto ro\u010dno ali z uporabo RNG<\/strong><\/p>\n<p style=\"font-size: 0.85em; margin-top: -1.5em;\">Kako ustvariti zmagovalne \u0161tevilke loterije?\u00a0<a href=\"https:\/\/jackpotlotteryonline.com\/sl\/kako-ustvariti-zmagovalne-stevilke-loto\"> preberi ve\u010d<\/a><\/p>\n<\/div>\n<\/div>\n<\/section>\n<h2>Kak\u0161ne so mo\u017enosti za zmago v igri Superenalotto?<\/h2>\n<p>Na splo\u0161no loterija ni znana po tem, da bi imela velike mo\u017enosti za igralce. Resnica je, da mo\u017enosti za zmago niso zelo visoke. Zanimivo je, da je zaradi tega igranje loterije veliko bolj vznemirljivo. Kajti zmaga, ko se zdi, da vam kvote niso naklonjene, igralce navdaja z vzvi\u0161enim ob\u010dutkom. To je tudi \u010dudovit na\u010din, da veste, da je sre\u010da na va\u0161i strani.<\/p>\n<p>Verjetnost za osvojitev glavnega dobitka Superenalotto je 1 proti 622.614.630. Na voljo pa je 6 nagradnih kategorij in kategorija takoj\u0161njega dobitka v vrednosti 25 \u20ac. \u010ce upo\u0161tevate te mo\u017enosti, je verjetnost za osvojitev katere koli nagrade 1 proti 16.<\/p>\n<p>Vsak igralec bi se strinjal, da so to neverjetne kvote, ki so naklonjene igralcu.<\/p>\n<h2>Superenalotto nagradne kategorije<\/h2>\n<p><img loading=\"lazy\" decoding=\"async\" class=\"size-medium wp-image-35376 alignright\" src=\"http:\/\/jackpotlotteryonline.com\/wp-content\/uploads\/2022\/11\/2_ticket_superenalotto4-1-211x300.jpg\" alt=\"Nagradna sre\u010dka za Superenalotto\" width=\"211\" height=\"300\" srcset=\"https:\/\/jackpotlotteryonline.com\/wp-content\/uploads\/2022\/11\/2_ticket_superenalotto4-1-211x300.jpg 211w, https:\/\/jackpotlotteryonline.com\/wp-content\/uploads\/2022\/11\/2_ticket_superenalotto4-1.jpg 300w\" sizes=\"auto, (max-width: 211px) 100vw, 211px\" \/><\/p>\n<p>Med \u017erebanjem se \u0161est \u0161tevilk naklju\u010dno izbere iz bobna, v katerem so kroglice s \u0161tevilkami od 1 do 90. Glavni dobitek prejme vsaka sre\u010dka, ki se ujema z iz\u017erebanimi \u0161tevilkami.<\/p>\n<p>Glavni dobitek Superenalotto se za\u010dne pri 2 milijonih evrov, vendar je obi\u010dajno precej vi\u0161ji, saj se vrti. Druge nagradne kategorije so dolo\u010dene glede na odstotek razpolo\u017eljivih sredstev. Zato ni mogo\u010de ugotoviti, kolik\u0161en znesek bo razdeljen ob vsakem \u017erebanju.<\/p>\n<p>6 \u0161tevilk &#8211; glavni dobitek (17,4 % vseh sredstev)<br \/>\n5 + vesela \u0161tevilka &#8211; 13 %<br \/>\n5 \u0161tevilk &#8211; 4,2 %<br \/>\n4 \u0161tevilke &#8211; 4,2 %.<br \/>\n3 \u0161tevilke &#8211; 12,8<br \/>\n2 \u0161tevilki &#8211; 40 %<\/p>\n<p><strong>Za bolj\u0161o predstavo je tukaj prikazan povpre\u010dni znesek na \u017erebanje.<\/strong><\/p>\n<p>6 \u0161tevilk &#8211; 92.056.091,66 EUR<br \/>\n5 + \u0161tevilka Jolly &#8211; 594 951,95 EUR<br \/>\n5 \u0161tevilk &#8211; 49.736,38 EUR<br \/>\n4 \u0161tevilke &#8211; 354,83 EUR<br \/>\n3 \u0161tevilke &#8211; 27,15 EUR<br \/>\n2 \u0161tevilki &#8211; 5,48 EUR<\/p>\n<h2>Igrajte Superenalotto na internetu<\/h2>\n<p>Superenalotto je italijanska loterija in vstopnice se prodajajo samo v Italiji. \u010ce torej \u017eivite zunaj Italije, je edini na\u010din za dostop do igre Superenalotto nakup vstopnice prek spleta. To lahko storite pri spletnem prodajalcu loterije, kot je jackpotlotteryonline.com<\/p>\n<h2>Prednosti spletnega nakupa vpisov za Superenalotto<\/h2>\n<p>dobite hiter in takoj\u0161en dostop do loterije<\/p>\n<p>Je zelo priro\u010dno, saj vam ni treba zapustiti udobja svojega doma<\/p>\n<p>Prav tako je varnej\u0161i, saj je va\u0161a vstopnica shranjena v digitalni obliki. To je pomembno, saj je to edini na\u010din, da zahtevate svoj dobitek.<\/p>\n<p>Ni potrebe, da bi zamudili svoj dobitek, saj vas bomo nemudoma opozorili, \u010de boste osvojili katero koli nagrado<\/p>\n<p>Vsak dobitek lahko preprosto izpla\u010date prek spleta, ne da bi kamor koli od\u0161li<\/p>\n<h2>Prijavite se pri nas in igrajte Superenalotto<\/h2>\n<p>\u010ce \u017eivite zunaj Italije in \u017eelite kupiti dostop do loterije Superenalotto, lahko to storite tako, da se prijavite pri nas. Nudimo vam storitev concierge, ki vam omogo\u010da takoj\u0161en dostop do najbolj\u0161ih mednarodnih loterij, vklju\u010dno s Superenalotto.<\/p>\n<p>Na\u0161 cilj je, da na\u0161im strankam omogo\u010dimo prijetno izku\u0161njo z loterijo. Prepre\u010dujemo vam stres pri preprostih stvareh, tako da lahko u\u017eivate v sklepanju stav. Kupite svoje loterijske sre\u010dke pri nas zdaj in si zagotovite prilo\u017enost za veliko zmago na Superenalotto.<\/p>\n","protected":false},"excerpt":{"rendered":"<p>Zakaj Superenalotto? Ste se spra\u0161evali, kako lahko kupite vstopnice za Superenalotto zunaj Italije? Superenalotto je ena izmed bolj priljubljenih loterij na evropski celini. Zato ni presenetljivo, da igralci po vsem svetu redno stavijo na to loterijo. Na jackpotlotteryonline.com igralcem omogo\u010damo dostop do najbolj\u0161ih mednarodnih loterij, kot je Superenalotto. Omogo\u010damo vam nakup sre\u010dk, preverjanje rezultatov \u017erebanja [&hellip;]<\/p>\n","protected":false},"author":1,"featured_media":0,"parent":35780,"menu_order":5,"comment_status":"closed","ping_status":"closed","template":"superenalotto.php","meta":{"_et_pb_use_builder":"","_et_pb_old_content":"","_et_gb_content_width":"","exclude_from_search":false,"footnotes":""},"class_list":["post-36593","page","type-page","status-publish","hentry"],"yoast_head":"<!-- This site is optimized with the Yoast SEO plugin v23.3 - https:\/\/yoast.com\/wordpress\/plugins\/seo\/ -->\n<title>Nakup vstopnic za Superenalotto zunaj Italije | Nakup vstopnic na spletu<\/title>\n<meta name=\"description\" content=\"Ne \u017eivite v Italiji, vendar \u017eelite sodelovati v igri Superenalotto? Pridobite spletno vstopnico za Superenalotto prek nas\" \/>\n<meta name=\"robots\" content=\"index, follow, max-snippet:-1, max-image-preview:large, max-video-preview:-1\" \/>\n<link rel=\"canonical\" href=\"https:\/\/jackpotlotteryonline.com\/buy-tickets\/superenalotto\/\" \/>\n<meta property=\"og:locale\" content=\"sl_SI\" \/>\n<meta property=\"og:type\" content=\"article\" \/>\n<meta property=\"og:title\" content=\"Nakup vstopnic za Superenalotto zunaj Italije | Nakup vstopnic na spletu\" \/>\n<meta property=\"og:description\" content=\"Ne \u017eivite v Italiji, vendar \u017eelite sodelovati v igri Superenalotto? Pridobite spletno vstopnico za Superenalotto prek nas\" \/>\n<meta property=\"og:url\" content=\"https:\/\/jackpotlotteryonline.com\/buy-tickets\/superenalotto\/\" \/>\n<meta property=\"og:site_name\" content=\"Lotto Online - Crack The International Lottery Jackpots\" \/>\n<meta property=\"article:modified_time\" content=\"2023-01-03T20:31:57+00:00\" \/>\n<meta property=\"og:image\" content=\"http:\/\/jackpotlotteryonline.com\/wp-content\/uploads\/2022\/11\/logo_superenalotto.png\" \/>\n<meta name=\"twitter:card\" content=\"summary_large_image\" \/>\n<meta name=\"twitter:label1\" content=\"Est. reading time\" \/>\n\t<meta name=\"twitter:data1\" content=\"6 minut\" \/>\n<!-- \/ Yoast SEO plugin. -->","yoast_head_json":{"title":"Nakup vstopnic za Superenalotto zunaj Italije | Nakup vstopnic na spletu","description":"Ne \u017eivite v Italiji, vendar \u017eelite sodelovati v igri Superenalotto? Pridobite spletno vstopnico za Superenalotto prek nas","robots":{"index":"index","follow":"follow","max-snippet":"max-snippet:-1","max-image-preview":"max-image-preview:large","max-video-preview":"max-video-preview:-1"},"canonical":"https:\/\/jackpotlotteryonline.com\/buy-tickets\/superenalotto\/","og_locale":"sl_SI","og_type":"article","og_title":"Nakup vstopnic za Superenalotto zunaj Italije | Nakup vstopnic na spletu","og_description":"Ne \u017eivite v Italiji, vendar \u017eelite sodelovati v igri Superenalotto? Pridobite spletno vstopnico za Superenalotto prek nas","og_url":"https:\/\/jackpotlotteryonline.com\/buy-tickets\/superenalotto\/","og_site_name":"Lotto Online - Crack The International Lottery Jackpots","article_modified_time":"2023-01-03T20:31:57+00:00","og_image":[{"url":"http:\/\/jackpotlotteryonline.com\/wp-content\/uploads\/2022\/11\/logo_superenalotto.png"}],"twitter_card":"summary_large_image","twitter_misc":{"Est. reading time":"6 minut"},"schema":{"@context":"https:\/\/schema.org","@graph":[{"@type":"WebPage","@id":"https:\/\/jackpotlotteryonline.com\/buy-tickets\/superenalotto\/","url":"https:\/\/jackpotlotteryonline.com\/buy-tickets\/superenalotto\/","name":"Nakup vstopnic za Superenalotto zunaj Italije | Nakup vstopnic na spletu","isPartOf":{"@id":"https:\/\/jackpotlotteryonline.com\/#website"},"primaryImageOfPage":{"@id":"https:\/\/jackpotlotteryonline.com\/buy-tickets\/superenalotto\/#primaryimage"},"image":{"@id":"https:\/\/jackpotlotteryonline.com\/buy-tickets\/superenalotto\/#primaryimage"},"thumbnailUrl":"http:\/\/jackpotlotteryonline.com\/wp-content\/uploads\/2022\/11\/logo_superenalotto.png","datePublished":"2022-11-08T06:51:45+00:00","dateModified":"2023-01-03T20:31:57+00:00","description":"Ne \u017eivite v Italiji, vendar \u017eelite sodelovati v igri Superenalotto? Pridobite spletno vstopnico za Superenalotto prek nas","breadcrumb":{"@id":"https:\/\/jackpotlotteryonline.com\/buy-tickets\/superenalotto\/#breadcrumb"},"inLanguage":"sl-SI","potentialAction":[{"@type":"ReadAction","target":["https:\/\/jackpotlotteryonline.com\/buy-tickets\/superenalotto\/"]}]},{"@type":"ImageObject","inLanguage":"sl-SI","@id":"https:\/\/jackpotlotteryonline.com\/buy-tickets\/superenalotto\/#primaryimage","url":"http:\/\/jackpotlotteryonline.com\/wp-content\/uploads\/2022\/11\/logo_superenalotto.png","contentUrl":"http:\/\/jackpotlotteryonline.com\/wp-content\/uploads\/2022\/11\/logo_superenalotto.png"},{"@type":"BreadcrumbList","@id":"https:\/\/jackpotlotteryonline.com\/buy-tickets\/superenalotto\/#breadcrumb","itemListElement":[{"@type":"ListItem","position":1,"name":"Home","item":"https:\/\/jackpotlotteryonline.com\/sl\/"},{"@type":"ListItem","position":2,"name":"Kako kupiti loterijske vstopnice na spletu","item":"https:\/\/jackpotlotteryonline.com\/sl\/kupiti-vstopnice\/"},{"@type":"ListItem","position":3,"name":"Nakup vstopnic za Superenalotto"}]},{"@type":"WebSite","@id":"https:\/\/jackpotlotteryonline.com\/#website","url":"https:\/\/jackpotlotteryonline.com\/","name":"Lotto Online - Crack The International Lottery Jackpots","description":"","potentialAction":[{"@type":"SearchAction","target":{"@type":"EntryPoint","urlTemplate":"https:\/\/jackpotlotteryonline.com\/?s={search_term_string}"},"query-input":"required name=search_term_string"}],"inLanguage":"sl-SI"}]}},"_links":{"self":[{"href":"https:\/\/jackpotlotteryonline.com\/sl\/wp-json\/wp\/v2\/pages\/36593","targetHints":{"allow":["GET"]}}],"collection":[{"href":"https:\/\/jackpotlotteryonline.com\/sl\/wp-json\/wp\/v2\/pages"}],"about":[{"href":"https:\/\/jackpotlotteryonline.com\/sl\/wp-json\/wp\/v2\/types\/page"}],"author":[{"embeddable":true,"href":"https:\/\/jackpotlotteryonline.com\/sl\/wp-json\/wp\/v2\/users\/1"}],"replies":[{"embeddable":true,"href":"https:\/\/jackpotlotteryonline.com\/sl\/wp-json\/wp\/v2\/comments?post=36593"}],"version-history":[{"count":0,"href":"https:\/\/jackpotlotteryonline.com\/sl\/wp-json\/wp\/v2\/pages\/36593\/revisions"}],"up":[{"embeddable":true,"href":"https:\/\/jackpotlotteryonline.com\/sl\/wp-json\/wp\/v2\/pages\/35780"}],"wp:attachment":[{"href":"https:\/\/jackpotlotteryonline.com\/sl\/wp-json\/wp\/v2\/media?parent=36593"}],"curies":[{"name":"wp","href":"https:\/\/api.w.org\/{rel}","templated":true}]}}