{"id":36645,"date":"2022-11-08T08:33:20","date_gmt":"2022-11-08T08:33:20","guid":{"rendered":"https:\/\/jackpotlotteryonline.com\/?page_id=36645"},"modified":"2023-01-03T20:48:14","modified_gmt":"2023-01-03T20:48:14","slug":"el-gordo","status":"publish","type":"page","link":"https:\/\/jackpotlotteryonline.com\/sl\/kupiti-vstopnice\/el-gordo\/","title":{"rendered":"Kupi vstopnice za El Gordo"},"content":{"rendered":"<h2>Neverjetna \u0161panska loterija<\/h2>\n<p>El Gordo je pred vrati in ne vsakdo ima to sre\u010do, da lahko \u017eivi v \u0160paniji ali potuje vanjo. Kljub temu so igralci po vsem svetu navdu\u0161eni nad mislijo, da bodo sodelovali pri zabavi in praznovanjih, ki spremljajo to loterijo. V tej loteriji lahko sodelujejo tudi igralci, ki \u017eivijo zunaj dr\u017eave, mi pa vam bomo pokazali, kako to storiti.<\/p>\n<p>\u010ce ste novi<a href=\"https:\/\/jackpotlotteryonline.com\/sl\/kako-igrati\/el-gordo\"> igralec loterije<\/a>, vas bo morda zanimalo, da je to \u0161panska loterija. Imenuje se El Gordo, kar zaradi velikega glavnega dobitka pomeni &#8220;Debeli&#8221;. To naj bi bil najve\u010dji glavni dobitek na svetu.<\/p>\n<p>Kako lahko sodelujete v igri, \u010deprav ne \u017eivite v \u0160paniji? Berite naprej in povedali vam bomo vse o tem.<\/p>\n<h2>Kako kupiti sre\u010dke El Gordo zunaj \u0160panije<\/h2>\n<p><img loading=\"lazy\" decoding=\"async\" class=\"size-full wp-image-17870 alignright\" src=\"http:\/\/jackpotlotteryonline.com\/wp-content\/uploads\/2022\/10\/lotto_euros.jpg\" alt=\"Nakup vstopnice za El Gordo na spletu\" width=\"225\" height=\"134\" \/><\/p>\n<p>Loterijo El Gordo lahko najla\u017eje kupite prek spleta pri spletnem prodajalcu loterije, kot je jackpotlotteryonline.com. Zagotavljamo brezhibno storitev, zaradi katere je igranje najbolj\u0161ih mednarodnih loterij brezskrbna izku\u0161nja. Ko se registrirate pri nas, dobite prilagojeno platformo, ki je prilagojena va\u0161im potrebam.<\/p>\n<p>Na\u0161im strankam \u017eelimo zagotoviti u\u017eitek, ki ga prina\u0161a igranje loterije. Ko sodelujete v igri El Gordo, postanete del zgodovine in tradicije. Ta \u0161panska loterija je znana tudi kot bo\u017ei\u010dna loterija in brez nje sezona ni enaka.<\/p>\n<p>Sodelovanje v \u0161panski bo\u017ei\u010dni loteriji je lahko nekoliko zmedeno, \u010de sodelujete prvi\u010d. V nasprotju z drugimi loterijami ne morete izbirati \u0161tevilk. Na vsakem listku so \u0161tevilke \u017ee natisnjene. Da bi bila zmeda \u0161e ve\u010dja, je v loteriji El Gordo 100 000 \u0161tevilk. Na spletni strani jackpotlotteryonline.com vas vodimo skozi vsak korak.<\/p>\n<h2>Zakaj bi morali sodelovati v igri El Gordo<\/h2>\n<p>Obstaja ve\u010d razlogov, zakaj igralci po vsem svetu obo\u017eujejo El Gordo. Omenili smo \u017ee dejstvo, da je pre\u017eeta z zgodovino in tradicijo. Loterija je prvo \u017erebanje opravila leta 1812; to pomeni, da je stara \u017ee ve\u010d kot 200 let. El Gordo je druga najstarej\u0161a delujo\u010da loterija na svetu in je postala del \u0161panske kulture.<\/p>\n<p><a href=\"https:\/\/jackpotlotteryonline.com\/sl\/zmagovalne-stevilke\/el-gordo-draw-results\">\u017drebanje<\/a> poteka vsako leto 22. decembra, zato je to odli\u010den na\u010din za popestritev prazni\u010dnega \u010dasa. \u017drebanje je \u0161e ena veli\u010dastna prireditev, saj rezultate \u017erebanja pojejo u\u010denci \u0161ole San Ildefonso. Smo \u017ee omenili, da je El Gordo pre\u017eet s tradicijo? To je zagotovo nekaj, \u010desar se vsako leto veselijo stari in novi igralci.<\/p>\n<p>Poleg tega je El Gordo loterija, ki spodbuja in slavi skupnost. \u017detoni so razdeljeni v ve\u010d podrazdelitev in pogosto se zgodi, da se na podrazdelitev podpi\u0161ejo soseske. Zakaj ne bi naredili nekaj posebnega za svojo dru\u017eino in prijatelje, \u010de bi skupaj sodelovali v igri El Gordo? To je \u010dudovit na\u010din praznovanja bo\u017ei\u010da.<\/p>\n<section class=\"layout\" style=\"border: solid 1px; width: 100%;\">\n<div class=\"img-div\" style=\"margin-top: 5px;\"><img decoding=\"async\" class=\"wp-image-17212 alignleft\" style=\"height: 45px; margin: 8px 8px 0px;\" src=\"http:\/\/jackpotlotteryonline.com\/wp-content\/uploads\/2022\/11\/read1.jpg\" alt=\"Preberite\" width=\"\" height=\"\" \/><\/div>\n<div style=\"padding-left: 5px;\">\n<div style=\"font-size: 1.1em;\">\n<p><strong>Ne zamudite \u010dasov \u017erebanja najve\u010djih loterijskih jackpotov na svetu<\/strong><\/p>\n<p style=\"font-size: 0.85em; margin-top: -1.5em;\">Seznam \u010dasov \u017erebanja za mednarodne loterije \u00a0<a href=\"https:\/\/jackpotlotteryonline.com\/sl\/kdaj-so-casi-zrebanja-mednarodnih-loterij\">preberi ve\u010d<\/a><\/p>\n<\/div>\n<\/div>\n<\/section>\n<h2>Kako igrati El Gordo<\/h2>\n<p><img loading=\"lazy\" decoding=\"async\" class=\"alignright size-full wp-image-32459\" src=\"http:\/\/jackpotlotteryonline.com\/wp-content\/uploads\/2022\/11\/2_ticket_el_gordo-1.jpg\" alt=\"Loterijska vozovnica El Gordo\" width=\"213\" height=\"300\" \/><\/p>\n<p>Ko vstopite v \u0161pansko bo\u017ei\u010dno loterijo, ima lahko va\u0161 listek \u0161tevilke od 00000 do 99999. Vsak listek je razdeljen na deset delov, ki so \u0161e dodatno razdeljeni. Tako si lahko ne glede na svoj prora\u010dun privo\u0161\u010dite nakup sre\u010dke.<\/p>\n<p>Enako zanimivo je, da imajo igralci na loteriji El Gordo zelo veliko mo\u017enosti za dobitek. Skupni glavni dobitek zna\u0161a ve\u010d milijard evrov, kvote pa so neverjetne. Zato lahko igralci domov odidejo s tiso\u010di evrov, tudi \u010de ne osvojijo prve nagrade.<\/p>\n<p>Po nakupu sre\u010dke morate le \u0161e po\u010dakati na \u017erebanje, ki bo 22. decembra. Na na\u0161i spletni strani prosimo stranke, da se registrirajo, da jih bomo lahko obvestili takoj, ko bodo osvojili nagrado. Tudi izpla\u010dilo dobitkov je preprosto, saj lahko to storite na na\u0161i platformi.<\/p>\n<h2>Koraki za igranje El Gordo na spletu<\/h2>\n<ol>\n<li>Zdaj, ko ste tako kot mi navdu\u0161eni nad \u0161pansko bo\u017ei\u010dno loterijo, naj vas popeljemo skozi korake.<\/li>\n<li>Kupite sre\u010dko El Gordo na na\u0161em spletnem mestu<\/li>\n<li>Registrirajte se, da vas bomo v primeru dobitka lahko kontaktirali<\/li>\n<li>Po\u010dakajte na \u017erebanje<\/li>\n<\/ol>\n<h2>Izpla\u010dilo dobitka, \u010de ga dobite<\/h2>\n<p>Ko se registrirate pri nas, je vse tako preprosto. Odpravimo vse zaplete, tako da vam ostane samo u\u017eitek v igri. \u010ce i\u0161\u010dete loterijsko igro z dobrimi mo\u017enostmi, v kateri lahko u\u017eivate, potem ne i\u0161\u010dite ve\u010d.<\/p>\n<p>Omeniti moramo, da je igra El Gordo kljub velikim kvotam igra na sre\u010do. Nikakor ne morete zagotoviti, da boste zmagali, prav tako pa ni ni\u010desar, kar bi lahko reklo, da ne boste zmagali. Vendar pa je edini na\u010din, da imate mo\u017enost dobiti nagrado, ta, da sploh sodelujete na loteriji. Zato se zdaj registrirajte pri nas in kupite sre\u010dke \u0161panske bo\u017ei\u010dne loterije.<\/p>\n","protected":false},"excerpt":{"rendered":"<p>Neverjetna \u0161panska loterija El Gordo je pred vrati in ne vsakdo ima to sre\u010do, da lahko \u017eivi v \u0160paniji ali potuje vanjo. Kljub temu so igralci po vsem svetu navdu\u0161eni nad mislijo, da bodo sodelovali pri zabavi in praznovanjih, ki spremljajo to loterijo. V tej loteriji lahko sodelujejo tudi igralci, ki \u017eivijo zunaj dr\u017eave, mi [&hellip;]<\/p>\n","protected":false},"author":1,"featured_media":0,"parent":35780,"menu_order":6,"comment_status":"closed","ping_status":"closed","template":"el-gordo-info.php","meta":{"_et_pb_use_builder":"","_et_pb_old_content":"","_et_gb_content_width":"","exclude_from_search":false,"footnotes":""},"class_list":["post-36645","page","type-page","status-publish","hentry"],"yoast_head":"<!-- This site is optimized with the Yoast SEO plugin v23.3 - https:\/\/yoast.com\/wordpress\/plugins\/seo\/ -->\n<title>Nakup vstopnic El Gordo zunaj \u0160panije | El Gordo vstopnice na spletu<\/title>\n<meta name=\"description\" content=\"\u010ce \u017eivite zunaj \u0160panije, lahko vstopnice za El Gordo kupite prek spleta - tukaj prek tega spletnega servisa za nakup vstopnic\" \/>\n<meta name=\"robots\" content=\"index, follow, max-snippet:-1, max-image-preview:large, max-video-preview:-1\" \/>\n<link rel=\"canonical\" href=\"https:\/\/jackpotlotteryonline.com\/sl\/kupiti-vstopnice\/el-gordo\/\" \/>\n<meta property=\"og:locale\" content=\"sl_SI\" \/>\n<meta property=\"og:type\" content=\"article\" \/>\n<meta property=\"og:title\" content=\"Nakup vstopnic El Gordo zunaj \u0160panije | El Gordo vstopnice na spletu\" \/>\n<meta property=\"og:description\" content=\"\u010ce \u017eivite zunaj \u0160panije, lahko vstopnice za El Gordo kupite prek spleta - tukaj prek tega spletnega servisa za nakup vstopnic\" \/>\n<meta property=\"og:url\" content=\"https:\/\/jackpotlotteryonline.com\/sl\/kupiti-vstopnice\/el-gordo\/\" \/>\n<meta property=\"og:site_name\" content=\"Lotto Online - Crack The International Lottery Jackpots\" \/>\n<meta property=\"article:modified_time\" content=\"2023-01-03T20:48:14+00:00\" \/>\n<meta property=\"og:image\" content=\"http:\/\/jackpotlotteryonline.com\/wp-content\/uploads\/2022\/10\/lotto_euros.jpg\" \/>\n<meta name=\"twitter:card\" content=\"summary_large_image\" \/>\n<meta name=\"twitter:label1\" content=\"Est. reading time\" \/>\n\t<meta name=\"twitter:data1\" content=\"4 minute\" \/>\n<!-- \/ Yoast SEO plugin. -->","yoast_head_json":{"title":"Nakup vstopnic El Gordo zunaj \u0160panije | El Gordo vstopnice na spletu","description":"\u010ce \u017eivite zunaj \u0160panije, lahko vstopnice za El Gordo kupite prek spleta - tukaj prek tega spletnega servisa za nakup vstopnic","robots":{"index":"index","follow":"follow","max-snippet":"max-snippet:-1","max-image-preview":"max-image-preview:large","max-video-preview":"max-video-preview:-1"},"canonical":"https:\/\/jackpotlotteryonline.com\/sl\/kupiti-vstopnice\/el-gordo\/","og_locale":"sl_SI","og_type":"article","og_title":"Nakup vstopnic El Gordo zunaj \u0160panije | El Gordo vstopnice na spletu","og_description":"\u010ce \u017eivite zunaj \u0160panije, lahko vstopnice za El Gordo kupite prek spleta - tukaj prek tega spletnega servisa za nakup vstopnic","og_url":"https:\/\/jackpotlotteryonline.com\/sl\/kupiti-vstopnice\/el-gordo\/","og_site_name":"Lotto Online - Crack The International Lottery Jackpots","article_modified_time":"2023-01-03T20:48:14+00:00","og_image":[{"url":"http:\/\/jackpotlotteryonline.com\/wp-content\/uploads\/2022\/10\/lotto_euros.jpg"}],"twitter_card":"summary_large_image","twitter_misc":{"Est. reading time":"4 minute"},"schema":{"@context":"https:\/\/schema.org","@graph":[{"@type":"WebPage","@id":"https:\/\/jackpotlotteryonline.com\/sl\/kupiti-vstopnice\/el-gordo\/","url":"https:\/\/jackpotlotteryonline.com\/sl\/kupiti-vstopnice\/el-gordo\/","name":"Nakup vstopnic El Gordo zunaj \u0160panije | El Gordo vstopnice na spletu","isPartOf":{"@id":"https:\/\/jackpotlotteryonline.com\/#website"},"primaryImageOfPage":{"@id":"https:\/\/jackpotlotteryonline.com\/sl\/kupiti-vstopnice\/el-gordo\/#primaryimage"},"image":{"@id":"https:\/\/jackpotlotteryonline.com\/sl\/kupiti-vstopnice\/el-gordo\/#primaryimage"},"thumbnailUrl":"http:\/\/jackpotlotteryonline.com\/wp-content\/uploads\/2022\/10\/lotto_euros.jpg","datePublished":"2022-11-08T08:33:20+00:00","dateModified":"2023-01-03T20:48:14+00:00","description":"\u010ce \u017eivite zunaj \u0160panije, lahko vstopnice za El Gordo kupite prek spleta - tukaj prek tega spletnega servisa za nakup vstopnic","breadcrumb":{"@id":"https:\/\/jackpotlotteryonline.com\/sl\/kupiti-vstopnice\/el-gordo\/#breadcrumb"},"inLanguage":"sl-SI","potentialAction":[{"@type":"ReadAction","target":["https:\/\/jackpotlotteryonline.com\/sl\/kupiti-vstopnice\/el-gordo\/"]}]},{"@type":"ImageObject","inLanguage":"sl-SI","@id":"https:\/\/jackpotlotteryonline.com\/sl\/kupiti-vstopnice\/el-gordo\/#primaryimage","url":"http:\/\/jackpotlotteryonline.com\/wp-content\/uploads\/2022\/10\/lotto_euros.jpg","contentUrl":"http:\/\/jackpotlotteryonline.com\/wp-content\/uploads\/2022\/10\/lotto_euros.jpg"},{"@type":"BreadcrumbList","@id":"https:\/\/jackpotlotteryonline.com\/sl\/kupiti-vstopnice\/el-gordo\/#breadcrumb","itemListElement":[{"@type":"ListItem","position":1,"name":"Home","item":"https:\/\/jackpotlotteryonline.com\/sl\/"},{"@type":"ListItem","position":2,"name":"Kako kupiti loterijske vstopnice na spletu","item":"https:\/\/jackpotlotteryonline.com\/sl\/kupiti-vstopnice\/"},{"@type":"ListItem","position":3,"name":"Kupi vstopnice za El Gordo"}]},{"@type":"WebSite","@id":"https:\/\/jackpotlotteryonline.com\/#website","url":"https:\/\/jackpotlotteryonline.com\/","name":"Lotto Online - Crack The International Lottery Jackpots","description":"","potentialAction":[{"@type":"SearchAction","target":{"@type":"EntryPoint","urlTemplate":"https:\/\/jackpotlotteryonline.com\/?s={search_term_string}"},"query-input":"required name=search_term_string"}],"inLanguage":"sl-SI"}]}},"_links":{"self":[{"href":"https:\/\/jackpotlotteryonline.com\/sl\/wp-json\/wp\/v2\/pages\/36645","targetHints":{"allow":["GET"]}}],"collection":[{"href":"https:\/\/jackpotlotteryonline.com\/sl\/wp-json\/wp\/v2\/pages"}],"about":[{"href":"https:\/\/jackpotlotteryonline.com\/sl\/wp-json\/wp\/v2\/types\/page"}],"author":[{"embeddable":true,"href":"https:\/\/jackpotlotteryonline.com\/sl\/wp-json\/wp\/v2\/users\/1"}],"replies":[{"embeddable":true,"href":"https:\/\/jackpotlotteryonline.com\/sl\/wp-json\/wp\/v2\/comments?post=36645"}],"version-history":[{"count":0,"href":"https:\/\/jackpotlotteryonline.com\/sl\/wp-json\/wp\/v2\/pages\/36645\/revisions"}],"up":[{"embeddable":true,"href":"https:\/\/jackpotlotteryonline.com\/sl\/wp-json\/wp\/v2\/pages\/35780"}],"wp:attachment":[{"href":"https:\/\/jackpotlotteryonline.com\/sl\/wp-json\/wp\/v2\/media?parent=36645"}],"curies":[{"name":"wp","href":"https:\/\/api.w.org\/{rel}","templated":true}]}}