{"id":36697,"date":"2022-11-08T10:33:37","date_gmt":"2022-11-08T10:33:37","guid":{"rendered":"https:\/\/jackpotlotteryonline.com\/?page_id=36697"},"modified":"2023-01-03T21:16:05","modified_gmt":"2023-01-03T21:16:05","slug":"lotto-germany","status":"publish","type":"page","link":"https:\/\/jackpotlotteryonline.com\/sl\/kupiti-vstopnice\/lotto-germany\/","title":{"rendered":"Nakup vstopnic za Lotto Nem\u010dija"},"content":{"rendered":"<p>Igralcem, ki \u017eivijo zunaj Nem\u010dije, se morda zdi nakup sre\u010dk za nem\u0161ki loto nekoliko te\u017eji, vendar ni nujno, da je tako. Nem\u0161ki Lotto je znan tudi pod imenom 6 aus 49 in je ena najdlje trajajo\u010dih loterij v Evropi. Ustanovljena je bila leta 1955 in je hitro postala vodilna loterijska igra v dr\u017eavi.<\/p>\n<p>Vpisi za to loterijo so na voljo pri akreditiranih prodajalcih v Nem\u010diji. \u010ce pa \u017eivite v drugem delu sveta, se boste morali zanesti na zaupanja vredno spletno loterijsko stran, kot je jackpotlotteryoneline.com.<\/p>\n<p><a href=\"https:\/\/jackpotlotteryonline.com\/sl\/kako-igrati\/german-lotto\">Igranje spletne loterije<\/a> je preprosto in ko uporabljate na\u0161o spletno stran, postane brezhibna in prijetna izku\u0161nja.<\/p>\n<h2>Kako igrati nem\u0161ko loterijo na na\u0161em spletnem mestu<\/h2>\n<p><img loading=\"lazy\" decoding=\"async\" class=\"alignright size-medium wp-image-33350\" src=\"http:\/\/jackpotlotteryonline.com\/wp-content\/uploads\/2022\/11\/2_ticket_euromillions3-1-111x300.jpg\" alt=\"Nem\u0161ka lotto vstopnica\" width=\"111\" height=\"300\" srcset=\"https:\/\/jackpotlotteryonline.com\/wp-content\/uploads\/2022\/11\/2_ticket_euromillions3-1-111x300.jpg 111w, https:\/\/jackpotlotteryonline.com\/wp-content\/uploads\/2022\/11\/2_ticket_euromillions3-1.jpg 180w\" sizes=\"auto, (max-width: 111px) 100vw, 111px\" \/><\/p>\n<p>Dobesedni prevod 6 aus 49 je \u0161est od 49. \u010ce \u017eelite igrati nem\u0161ki loto, morate izbrati \u0161est \u0161tevilk od 1 do 49 in bonusno \u0161tevilko od 0 do 9. To je enako ne glede na to, ali igrate brez povezave ali prek interneta.<\/p>\n<p>Ko kupite vstopnico za nem\u0161ko loterijo na na\u0161i spletni strani, lahko izberete 6 \u0161tevilk od 49. Izberete lahko ve\u010d vrstic \u0161tevilk, saj se vsaka \u0161teje za vstopnico, kar vam omogo\u010da vi\u0161je kvote. Nato lahko izberete, ali \u017eelite vstopiti za eno ali ve\u010d \u017erebanj.<\/p>\n<p><a href=\"https:\/\/jackpotlotteryonline.com\/sl\/zmagovalne-stevilke\/german-lotto\">Nem\u0161ka loterija ima dve \u017erebanji na teden<\/a>, in sicer v sredo in soboto; odlo\u010dite se lahko za eno ali ve\u010d \u017erebanj. Ko se odlo\u010dite, morate v naslednjem koraku pla\u010dati svoj nakup. Takrat vas bomo prosili, da se pri nas registrirate. To je potrebno iz ve\u010d razlogov:<\/p>\n<ul>\n<li>Z registracijo lahko shranite svoje prijavne listi\u010de, saj jih boste potrebovali za uveljavljanje morebitnih dobitkov.<\/li>\n<li>lahko preprosto preverite rezultate \u017erebanja, \u010deprav vas bomo o morebitni zmagi obvestili prek nadzorne plo\u0161\u010de in po elektronski po\u0161ti.<\/li>\n<li>Prav tako lahko na na\u0161i platformi izpla\u010date morebitne dobitke.<\/li>\n<\/ul>\n<h2>Kako zmagati na loteriji<\/h2>\n<p>Med \u017erebanjem se iz\u017ereba \u0161est \u0161tevilk od 1 do 49. Bonusna \u0161tevilka, ki je znana kot Superzahl, se iz\u017ereba iz drugega stroja. \u010ce se va\u0161e \u0161tevilke ujemajo z iz\u017erebanimi \u0161tevilkami, osvojite glavni dobitek.<\/p>\n<p>Pomembno je poudariti, da glavni dobitek ni edina nagrada, ki jo lahko igralci osvojijo, ko igrajo nem\u0161ko loterijo. Ta evropska loterija ima 10 razli\u010dnih nagradnih kategorij in nagrado samo za ujemanje dveh \u0161tevilk in bonusne \u0161tevilke.<\/p>\n<p>Kot smo \u017ee omenili, so mo\u017enosti za zmago na tej loteriji precej dobre. Verjetnost za osvojitev glavnega dobitka je 1 proti 139.838.160, splo\u0161na verjetnost za osvojitev nagrade pa je 1 proti 31. \u010ce \u0161e nikoli niste igrali nem\u0161ke loterije 6 aus 49, je zdaj pravi \u010das, da razmislite o sklenitvi stave. To lahko storite tako, da na spletni strani jackpotlotteryoneline.com kupite vstopnico za loterijo.<\/p>\n<section class=\"layout\" style=\"border: solid 1px; width: 100%;\">\n<div class=\"img-div\" style=\"margin-top: 5px;\"><img decoding=\"async\" class=\"wp-image-17212 alignleft\" style=\"height: 45px; margin: 8px 8px 0px;\" src=\"http:\/\/jackpotlotteryonline.com\/wp-content\/uploads\/2022\/11\/read1.jpg\" alt=\"Preberite\" width=\"\" height=\"\" \/><\/div>\n<div style=\"padding-left: 5px;\">\n<div style=\"font-size: 1.1em;\">\n<p><strong>Kak\u0161en avto bi kupili, \u010de bi zmagali na loteriji?<\/strong><\/p>\n<p style=\"font-size: 0.85em; margin-top: -1.5em;\">Zmagajte na loteriji in dobite nov avto \u00a0<a href=\"https:\/\/jackpotlotteryonline.com\/sl\/kaksen-avto-bi-kupili-ce-bi-zmagali-na-loteriji\">preberi ve\u010d<\/a><\/p>\n<\/div>\n<\/div>\n<\/section>\n<h2>Kako vem, da imam pravo sre\u010dko?<\/h2>\n<p>To je zelo pomembno vpra\u0161anje, zlasti kadar kupujete nem\u0161ke loterijske listke prek spleta. Mo\u017eno je, da kupite listek, za katerega menite, da je vstopnica za loterijo, a kljub temu niste vklju\u010deni v loterijo.<\/p>\n<p>Loterija ima serijske \u0161tevilke, ki so natisnjene na vsaki sre\u010dki, te pa so pomembne pri ugotavljanju, ali je sre\u010dka pristna. Na spletni strani jackpotlotteryonline.com za svoje stranke izvajamo storitev concierge. S tem mislimo, da ko pri nas kupite svoje spletne loterijske listke, bodo va\u0161i listki imeli serijske \u0161tevilke, ki izvirajo iz nem\u0161ke loterije.<\/p>\n<p>Z drugimi besedami, z na\u0161o storitvijo boste dobili dostop do loterije. \u010ce se ujemate z iz\u017erebanimi \u0161tevilkami, boste osvojili glavni dobitek.<\/p>\n<h2>Kako lahko zahtevam svoj dobitek?<\/h2>\n<p><img loading=\"lazy\" decoding=\"async\" class=\"size-medium wp-image-27698 alignright\" src=\"http:\/\/jackpotlotteryonline.com\/wp-content\/uploads\/2022\/11\/1_lottery_results-300x150.jpg\" alt=\"nem\u0161ka loterija \u017eogice\" width=\"300\" height=\"150\" srcset=\"https:\/\/jackpotlotteryonline.com\/wp-content\/uploads\/2022\/11\/1_lottery_results-300x150.jpg 300w, https:\/\/jackpotlotteryonline.com\/wp-content\/uploads\/2022\/11\/1_lottery_results.jpg 350w\" sizes=\"auto, (max-width: 300px) 100vw, 300px\" \/><\/p>\n<p>Prednost igranja loterije pri nas je, da vam ni treba skrbeti za uveljavljanje dobitkov. Najprej je va\u0161 listek na varnem na va\u0161em ra\u010dunu in ni bojazni, da bi ga izgubili. Ker boste listek potrebovali za prevzem dobitka, je to dobro. Leta 2021 se je glavni dobitek v vi\u0161ini 11,3 milijona evrov vrnil v sklad, ker je tri leta ostal neprevzet. Ne \u017eelimo, da bi se to zgodilo tudi vam.<\/p>\n<p>Drugi\u010d, \u010de boste kaj osvojili, vas bomo o tem takoj obvestili in ko se boste naslednji\u010d prijavili v svoj ra\u010dun, vas bodo va\u0161a sredstva \u010dakala prav tam. Sredstva preprosto dvignite na svoj ban\u010dni ra\u010dun in \u017ee lahko u\u017eivate v svojem dobitku.<\/p>\n<p>Vemo, da vam je pri igranju loterije pomembno, da se dobro zabavate. Konec koncev naj bi bila to zabavna igra. Zato si neutrudno prizadevamo, da bi postopek skraj\u0161ali tako, da bo potekal gladko in brez te\u017eav, vi pa boste lahko svobodno u\u017eivali v igri.<\/p>\n<h2>6 aus 49 nagradnih stopenj<\/h2>\n<p>\u017delite vedeti, kaj lahko osvojite, ko igrate nem\u0161ki loto? Tukaj so razli\u010dne nagradne stopnje in odstotek nagradnega sklada, namenjen posamezni stopnji.<\/p>\n<p>Match 6 + Superzahl &#8211; 12,80 % (glavni dobitek)<br \/>\nSamo tekma 6 &#8211; 10 %.<br \/>\ntekma 5 + Superzahl &#8211; 5 %<br \/>\nSamo tekma 5 &#8211; 15 %.<br \/>\ntekma 4 + Superzahl &#8211; 5 %<br \/>\nSamo tekma 4 &#8211; 10 %.<br \/>\ntekma 3 + Superzahl &#8211; 10 %<br \/>\nSamo tekma 3 &#8211; 45 %.<br \/>\nMatch 2 + Superzahl &#8211; 6 EUR<\/p>\n<p>Upo\u0161tevajte, da so ostali dobitki dolo\u010deni po tem, ko je glavni dobitek vpla\u010dan v nagradni sklad.<\/p>\n<h2>Koliko zna\u0161a glavni dobitek?<\/h2>\n<p>Glavni dobitek za nem\u0161ko loterijo se za\u010dne pri 2 milijonih EUR in se po vsakem \u017erebanju, \u010de ni zmagovalca, obrne naprej. Tako se glavni dobitek pove\u010duje, dokler ne dose\u017ee slastnega zneska.<\/p>\n<p>Oktobra 2020 je na primer en imetnik sre\u010dke osvojil glavni dobitek v vi\u0161ini 42 583 626 EUR. Ta dobitek je bil najve\u010dji glavni dobitek v zgodovini nem\u0161kega lota. Tik za petami mu je bil glavni dobitek v vi\u0161ini 33 832 008 EUR, ki ga je prav tako osvojil igralec loterije.<\/p>\n<p>Ve\u010d drugih imetnikov nem\u0161kih loterijskih sre\u010dk je osvojilo glavne dobitke v vrednosti ve\u010d milijonov evrov. Zato ni presenetljivo, da igralci po vsem svetu hitijo s sodelovanjem v tedenskih \u017erebanjih.<\/p>\n<h2>Registrirajte se pri nas in igrajte loterijo na spletu<\/h2>\n<p>Za sodelovanje v nem\u0161ki loteriji vam ni treba \u017eiveti v Nem\u010diji. Ko se registrirate pri nas, dobite dostop do najbolj\u0161ih mednarodnih loterij. To vam resni\u010dno odpira svet mo\u017enosti. Upo\u0161tevajte tudi, da sredstva iz loterije v Nem\u010diji niso obdav\u010dena. Kljub temu vam svetujemo, da preverite dav\u010dno zakonodajo v kraju, kjer \u017eivite.<\/p>\n<p>Torej, kaj \u0161e \u010dakate? Registrirajte se pri nas za spletni nakup nem\u0161kih loterijskih sre\u010dk in sko\u010dite v vznemirljivi svet mednarodnih loterijskih iger.<\/p>\n","protected":false},"excerpt":{"rendered":"<p>Igralcem, ki \u017eivijo zunaj Nem\u010dije, se morda zdi nakup sre\u010dk za nem\u0161ki loto nekoliko te\u017eji, vendar ni nujno, da je tako. Nem\u0161ki Lotto je znan tudi pod imenom 6 aus 49 in je ena najdlje trajajo\u010dih loterij v Evropi. Ustanovljena je bila leta 1955 in je hitro postala vodilna loterijska igra v dr\u017eavi. Vpisi za [&hellip;]<\/p>\n","protected":false},"author":1,"featured_media":0,"parent":35780,"menu_order":8,"comment_status":"closed","ping_status":"closed","template":"lotto-german-info.php","meta":{"_et_pb_use_builder":"","_et_pb_old_content":"","_et_gb_content_width":"","exclude_from_search":false,"footnotes":""},"class_list":["post-36697","page","type-page","status-publish","hentry"],"yoast_head":"<!-- This site is optimized with the Yoast SEO plugin v23.3 - https:\/\/yoast.com\/wordpress\/plugins\/seo\/ -->\n<title>Nakup sre\u010dk za nem\u0161ko loterijo Lotto zunaj Nem\u010dije | Nem\u010dija Lotto na spletu<\/title>\n<meta name=\"description\" content=\"Vstopnice za Nem\u0161ko loto 6\/49 so na voljo tukaj, tukaj jih lahko varno kupite prek spleta iz dr\u017eav zunaj Nem\u010dije\" \/>\n<meta name=\"robots\" content=\"index, follow, max-snippet:-1, max-image-preview:large, max-video-preview:-1\" \/>\n<link rel=\"canonical\" href=\"https:\/\/jackpotlotteryonline.com\/buy-tickets\/lotto-germany\/\" \/>\n<meta property=\"og:locale\" content=\"sl_SI\" \/>\n<meta property=\"og:type\" content=\"article\" \/>\n<meta property=\"og:title\" content=\"Nakup sre\u010dk za nem\u0161ko loterijo Lotto zunaj Nem\u010dije | Nem\u010dija Lotto na spletu\" \/>\n<meta property=\"og:description\" content=\"Vstopnice za Nem\u0161ko loto 6\/49 so na voljo tukaj, tukaj jih lahko varno kupite prek spleta iz dr\u017eav zunaj Nem\u010dije\" \/>\n<meta property=\"og:url\" content=\"https:\/\/jackpotlotteryonline.com\/buy-tickets\/lotto-germany\/\" \/>\n<meta property=\"og:site_name\" content=\"Lotto Online - Crack The International Lottery Jackpots\" \/>\n<meta property=\"article:modified_time\" content=\"2023-01-03T21:16:05+00:00\" \/>\n<meta property=\"og:image\" content=\"http:\/\/jackpotlotteryonline.com\/wp-content\/uploads\/2022\/11\/2_ticket_euromillions3-1-111x300.jpg\" \/>\n<meta name=\"twitter:card\" content=\"summary_large_image\" \/>\n<meta name=\"twitter:label1\" content=\"Est. reading time\" \/>\n\t<meta name=\"twitter:data1\" content=\"5 minut\" \/>\n<!-- \/ Yoast SEO plugin. -->","yoast_head_json":{"title":"Nakup sre\u010dk za nem\u0161ko loterijo Lotto zunaj Nem\u010dije | Nem\u010dija Lotto na spletu","description":"Vstopnice za Nem\u0161ko loto 6\/49 so na voljo tukaj, tukaj jih lahko varno kupite prek spleta iz dr\u017eav zunaj Nem\u010dije","robots":{"index":"index","follow":"follow","max-snippet":"max-snippet:-1","max-image-preview":"max-image-preview:large","max-video-preview":"max-video-preview:-1"},"canonical":"https:\/\/jackpotlotteryonline.com\/buy-tickets\/lotto-germany\/","og_locale":"sl_SI","og_type":"article","og_title":"Nakup sre\u010dk za nem\u0161ko loterijo Lotto zunaj Nem\u010dije | Nem\u010dija Lotto na spletu","og_description":"Vstopnice za Nem\u0161ko loto 6\/49 so na voljo tukaj, tukaj jih lahko varno kupite prek spleta iz dr\u017eav zunaj Nem\u010dije","og_url":"https:\/\/jackpotlotteryonline.com\/buy-tickets\/lotto-germany\/","og_site_name":"Lotto Online - Crack The International Lottery Jackpots","article_modified_time":"2023-01-03T21:16:05+00:00","og_image":[{"url":"http:\/\/jackpotlotteryonline.com\/wp-content\/uploads\/2022\/11\/2_ticket_euromillions3-1-111x300.jpg"}],"twitter_card":"summary_large_image","twitter_misc":{"Est. reading time":"5 minut"},"schema":{"@context":"https:\/\/schema.org","@graph":[{"@type":"WebPage","@id":"https:\/\/jackpotlotteryonline.com\/buy-tickets\/lotto-germany\/","url":"https:\/\/jackpotlotteryonline.com\/buy-tickets\/lotto-germany\/","name":"Nakup sre\u010dk za nem\u0161ko loterijo Lotto zunaj Nem\u010dije | Nem\u010dija Lotto na spletu","isPartOf":{"@id":"https:\/\/jackpotlotteryonline.com\/#website"},"primaryImageOfPage":{"@id":"https:\/\/jackpotlotteryonline.com\/buy-tickets\/lotto-germany\/#primaryimage"},"image":{"@id":"https:\/\/jackpotlotteryonline.com\/buy-tickets\/lotto-germany\/#primaryimage"},"thumbnailUrl":"http:\/\/jackpotlotteryonline.com\/wp-content\/uploads\/2022\/11\/2_ticket_euromillions3-1-111x300.jpg","datePublished":"2022-11-08T10:33:37+00:00","dateModified":"2023-01-03T21:16:05+00:00","description":"Vstopnice za Nem\u0161ko loto 6\/49 so na voljo tukaj, tukaj jih lahko varno kupite prek spleta iz dr\u017eav zunaj Nem\u010dije","breadcrumb":{"@id":"https:\/\/jackpotlotteryonline.com\/buy-tickets\/lotto-germany\/#breadcrumb"},"inLanguage":"sl-SI","potentialAction":[{"@type":"ReadAction","target":["https:\/\/jackpotlotteryonline.com\/buy-tickets\/lotto-germany\/"]}]},{"@type":"ImageObject","inLanguage":"sl-SI","@id":"https:\/\/jackpotlotteryonline.com\/buy-tickets\/lotto-germany\/#primaryimage","url":"http:\/\/jackpotlotteryonline.com\/wp-content\/uploads\/2022\/11\/2_ticket_euromillions3-1-111x300.jpg","contentUrl":"http:\/\/jackpotlotteryonline.com\/wp-content\/uploads\/2022\/11\/2_ticket_euromillions3-1-111x300.jpg"},{"@type":"BreadcrumbList","@id":"https:\/\/jackpotlotteryonline.com\/buy-tickets\/lotto-germany\/#breadcrumb","itemListElement":[{"@type":"ListItem","position":1,"name":"Home","item":"https:\/\/jackpotlotteryonline.com\/sl\/"},{"@type":"ListItem","position":2,"name":"Kako kupiti loterijske vstopnice na spletu","item":"https:\/\/jackpotlotteryonline.com\/sl\/kupiti-vstopnice\/"},{"@type":"ListItem","position":3,"name":"Nakup vstopnic za Lotto Nem\u010dija"}]},{"@type":"WebSite","@id":"https:\/\/jackpotlotteryonline.com\/#website","url":"https:\/\/jackpotlotteryonline.com\/","name":"Lotto Online - Crack The International Lottery Jackpots","description":"","potentialAction":[{"@type":"SearchAction","target":{"@type":"EntryPoint","urlTemplate":"https:\/\/jackpotlotteryonline.com\/?s={search_term_string}"},"query-input":"required name=search_term_string"}],"inLanguage":"sl-SI"}]}},"_links":{"self":[{"href":"https:\/\/jackpotlotteryonline.com\/sl\/wp-json\/wp\/v2\/pages\/36697","targetHints":{"allow":["GET"]}}],"collection":[{"href":"https:\/\/jackpotlotteryonline.com\/sl\/wp-json\/wp\/v2\/pages"}],"about":[{"href":"https:\/\/jackpotlotteryonline.com\/sl\/wp-json\/wp\/v2\/types\/page"}],"author":[{"embeddable":true,"href":"https:\/\/jackpotlotteryonline.com\/sl\/wp-json\/wp\/v2\/users\/1"}],"replies":[{"embeddable":true,"href":"https:\/\/jackpotlotteryonline.com\/sl\/wp-json\/wp\/v2\/comments?post=36697"}],"version-history":[{"count":0,"href":"https:\/\/jackpotlotteryonline.com\/sl\/wp-json\/wp\/v2\/pages\/36697\/revisions"}],"up":[{"embeddable":true,"href":"https:\/\/jackpotlotteryonline.com\/sl\/wp-json\/wp\/v2\/pages\/35780"}],"wp:attachment":[{"href":"https:\/\/jackpotlotteryonline.com\/sl\/wp-json\/wp\/v2\/media?parent=36697"}],"curies":[{"name":"wp","href":"https:\/\/api.w.org\/{rel}","templated":true}]}}