{"id":36752,"date":"2022-11-08T12:58:53","date_gmt":"2022-11-08T12:58:53","guid":{"rendered":"https:\/\/jackpotlotteryonline.com\/?page_id=36752"},"modified":"2022-12-21T15:43:26","modified_gmt":"2022-12-21T15:43:26","slug":"la-primitiva","status":"publish","type":"page","link":"https:\/\/jackpotlotteryonline.com\/sl\/kupiti-vstopnice\/la-primitiva\/","title":{"rendered":"Nakup vstopnic za La Primitiva"},"content":{"rendered":"<h2>La Primitiva na spletu<\/h2>\n<p>\u0160panske loterije so vedno pritegnile domi\u0161ljijo mnogih in La Primitiva ni nobena izjema. Zdaj lahko vstopnico za <strong>La Primitivo kupite prek spleta tudi zunaj \u0160panije.<\/strong> Prej je bila La Primitiva omejena le na \u0161panske dr\u017eavljane, vendar se je s \u0161irjenjem komunikacij preselila v naslednjo generacijo in je na voljo vsem starej\u0161im od 18 let.<\/p>\n<p>Na na\u0161em spletnem mestu je zdaj mogo\u010de igrati igro La Primitiva Lotto prek spleta. Gre za eno najve\u010djih evropskih loterij z velikimi dobitki.<\/p>\n<p>\u010ce \u017eelite kupiti sre\u010dko za loto La Primitiva prek spleta in \u017eivite zunaj \u0160panije, je edina mo\u017enost, da jo kupite pri nas. S \u0161tevilnimi strankami z vsega sveta vam zagotavljamo najbolj\u0161e storitve, ki vklju\u010dujejo nakup sre\u010dke za La Primitivo v va\u0161em imenu, pomo\u010d pri izbiri \u0161tevilk in zagotavljanje varne dostave dobitka do vas.<\/p>\n<section class=\"layout\" style=\"border: solid 1px; width: 100%;\">\n<div class=\"img-div\" style=\"margin-top: 5px;\"><img decoding=\"async\" class=\"wp-image-17212 alignleft\" style=\"height: 45px; margin: 8px 8px 0px;\" src=\"http:\/\/jackpotlotteryonline.com\/wp-content\/uploads\/2022\/11\/read1.jpg\" alt=\"Preberite\" width=\"\" height=\"\" \/><\/div>\n<div style=\"padding-left: 5px;\">\n<div style=\"font-size: 1.1em;\">\n<p><strong>Kak\u0161na je skrivnost uspeha na loteriji?<\/strong><\/p>\n<p style=\"font-size: 0.85em; margin-top: -1.5em;\">Kako uspe\u0161no igrati na loteriji \u00a0<a href=\"https:\/\/jackpotlotteryonline.com\/sl\/kaj-je-tajnost-uspeha-loterije\">preberi ve\u010d<\/a><\/p>\n<\/div>\n<\/div>\n<\/section>\n<h2>Zakaj igrati igro La Primitiva na spletu<\/h2>\n<p><a href=\"https:\/\/jackpotlotteryonline.com\/sl\/zmagovalne-stevilke\/la-primitiva\">\u017drebanje igre La Primitiva<\/a> Online poteka trikrat na teden. To omogo\u010da, da se glavni dobitki hitro pove\u010dajo. Hkrati so mo\u017enosti za dobitek precej velike, tudi pri najvi\u0161jih nagradnih stopnjah. Vsak ljubitelj lota, ki sodeluje v igri La Primitiva Online, ima 1 proti 6 mo\u017enosti, da osvoji denarno nagrado.<\/p>\n<h2>La Primitiva proti El Gordo proti \u0161panski bo\u017ei\u010dni loteriji<\/h2>\n<p>Loterija La Primitiva je dale\u010d najve\u010dja loterija glede na ponujene nagrade in je ena najbolj iskanih med \u0161tevilnimi jackpot loterijami, ki jih lahko <a href=\"https:\/\/jackpotlotteryonline.com\/sl\/kako-igrati\/la-primitiva-2\">igrate na na\u0161em spletnem mestu<\/a>. Nobenega razloga ni, da bi izgubili upanje ali prilo\u017enost, tudi \u010de ne \u017eivite v \u0160paniji. \u010ce ste starej\u0161i od 18 let, lahko igrate kjer koli na svetu.<\/p>\n<p>El Gordo je povsem druga\u010dna loterija, vendar lahko tudi njo igrate na na\u0161em spletnem mestu. El Gordo se \u017ereba le enkrat na teden, ob nedeljah.<\/p>\n<p>Poleg rednih tedenskih \u017erebanj iger La Primitiva in El Gordo je na voljo tudi bo\u017ei\u010dna igra El Gordo, ki se \u017ereba le enkrat na leto, in sicer 22. decembra.<\/p>\n","protected":false},"excerpt":{"rendered":"<p>La Primitiva na spletu \u0160panske loterije so vedno pritegnile domi\u0161ljijo mnogih in La Primitiva ni nobena izjema. Zdaj lahko vstopnico za La Primitivo kupite prek spleta tudi zunaj \u0160panije. Prej je bila La Primitiva omejena le na \u0161panske dr\u017eavljane, vendar se je s \u0161irjenjem komunikacij preselila v naslednjo generacijo in je na voljo vsem starej\u0161im [&hellip;]<\/p>\n","protected":false},"author":1,"featured_media":0,"parent":35780,"menu_order":7,"comment_status":"closed","ping_status":"closed","template":"la-primitiva-info.php","meta":{"_et_pb_use_builder":"","_et_pb_old_content":"","_et_gb_content_width":"","exclude_from_search":false,"footnotes":""},"class_list":["post-36752","page","type-page","status-publish","hentry"],"yoast_head":"<!-- This site is optimized with the Yoast SEO plugin v23.3 - https:\/\/yoast.com\/wordpress\/plugins\/seo\/ -->\n<title>Nakup vstopnice za igro La Primitiva Lotto na spletu in zunaj \u0160panije<\/title>\n<meta name=\"description\" content=\"Kupite vstopnice za La Primitiva Lotto zunaj \u0160panije, prekri\u017eajte pesti, po\u010dakajte in poskrbite za veliko nagrado!\" \/>\n<meta name=\"robots\" content=\"index, follow, max-snippet:-1, max-image-preview:large, max-video-preview:-1\" \/>\n<link rel=\"canonical\" href=\"https:\/\/jackpotlotteryonline.com\/buy-tickets\/la-primitiva\/\" \/>\n<meta property=\"og:locale\" content=\"sl_SI\" \/>\n<meta property=\"og:type\" content=\"article\" \/>\n<meta property=\"og:title\" content=\"Nakup vstopnice za igro La Primitiva Lotto na spletu in zunaj \u0160panije\" \/>\n<meta property=\"og:description\" content=\"Kupite vstopnice za La Primitiva Lotto zunaj \u0160panije, prekri\u017eajte pesti, po\u010dakajte in poskrbite za veliko nagrado!\" \/>\n<meta property=\"og:url\" content=\"https:\/\/jackpotlotteryonline.com\/buy-tickets\/la-primitiva\/\" \/>\n<meta property=\"og:site_name\" content=\"Lotto Online - Crack The International Lottery Jackpots\" \/>\n<meta property=\"article:modified_time\" content=\"2022-12-21T15:43:26+00:00\" \/>\n<meta property=\"og:image\" content=\"http:\/\/jackpotlotteryonline.com\/wp-content\/uploads\/2022\/11\/read1.jpg\" \/>\n<meta name=\"twitter:card\" content=\"summary_large_image\" \/>\n<meta name=\"twitter:label1\" content=\"Est. reading time\" \/>\n\t<meta name=\"twitter:data1\" content=\"2 minuti\" \/>\n<!-- \/ Yoast SEO plugin. -->","yoast_head_json":{"title":"Nakup vstopnice za igro La Primitiva Lotto na spletu in zunaj \u0160panije","description":"Kupite vstopnice za La Primitiva Lotto zunaj \u0160panije, prekri\u017eajte pesti, po\u010dakajte in poskrbite za veliko nagrado!","robots":{"index":"index","follow":"follow","max-snippet":"max-snippet:-1","max-image-preview":"max-image-preview:large","max-video-preview":"max-video-preview:-1"},"canonical":"https:\/\/jackpotlotteryonline.com\/buy-tickets\/la-primitiva\/","og_locale":"sl_SI","og_type":"article","og_title":"Nakup vstopnice za igro La Primitiva Lotto na spletu in zunaj \u0160panije","og_description":"Kupite vstopnice za La Primitiva Lotto zunaj \u0160panije, prekri\u017eajte pesti, po\u010dakajte in poskrbite za veliko nagrado!","og_url":"https:\/\/jackpotlotteryonline.com\/buy-tickets\/la-primitiva\/","og_site_name":"Lotto Online - Crack The International Lottery Jackpots","article_modified_time":"2022-12-21T15:43:26+00:00","og_image":[{"url":"http:\/\/jackpotlotteryonline.com\/wp-content\/uploads\/2022\/11\/read1.jpg"}],"twitter_card":"summary_large_image","twitter_misc":{"Est. reading time":"2 minuti"},"schema":{"@context":"https:\/\/schema.org","@graph":[{"@type":"WebPage","@id":"https:\/\/jackpotlotteryonline.com\/buy-tickets\/la-primitiva\/","url":"https:\/\/jackpotlotteryonline.com\/buy-tickets\/la-primitiva\/","name":"Nakup vstopnice za igro La Primitiva Lotto na spletu in zunaj \u0160panije","isPartOf":{"@id":"https:\/\/jackpotlotteryonline.com\/#website"},"primaryImageOfPage":{"@id":"https:\/\/jackpotlotteryonline.com\/buy-tickets\/la-primitiva\/#primaryimage"},"image":{"@id":"https:\/\/jackpotlotteryonline.com\/buy-tickets\/la-primitiva\/#primaryimage"},"thumbnailUrl":"http:\/\/jackpotlotteryonline.com\/wp-content\/uploads\/2022\/11\/read1.jpg","datePublished":"2022-11-08T12:58:53+00:00","dateModified":"2022-12-21T15:43:26+00:00","description":"Kupite vstopnice za La Primitiva Lotto zunaj \u0160panije, prekri\u017eajte pesti, po\u010dakajte in poskrbite za veliko nagrado!","breadcrumb":{"@id":"https:\/\/jackpotlotteryonline.com\/buy-tickets\/la-primitiva\/#breadcrumb"},"inLanguage":"sl-SI","potentialAction":[{"@type":"ReadAction","target":["https:\/\/jackpotlotteryonline.com\/buy-tickets\/la-primitiva\/"]}]},{"@type":"ImageObject","inLanguage":"sl-SI","@id":"https:\/\/jackpotlotteryonline.com\/buy-tickets\/la-primitiva\/#primaryimage","url":"http:\/\/jackpotlotteryonline.com\/wp-content\/uploads\/2022\/11\/read1.jpg","contentUrl":"http:\/\/jackpotlotteryonline.com\/wp-content\/uploads\/2022\/11\/read1.jpg"},{"@type":"BreadcrumbList","@id":"https:\/\/jackpotlotteryonline.com\/buy-tickets\/la-primitiva\/#breadcrumb","itemListElement":[{"@type":"ListItem","position":1,"name":"Home","item":"https:\/\/jackpotlotteryonline.com\/sl\/"},{"@type":"ListItem","position":2,"name":"Kako kupiti loterijske vstopnice na spletu","item":"https:\/\/jackpotlotteryonline.com\/sl\/kupiti-vstopnice\/"},{"@type":"ListItem","position":3,"name":"Nakup vstopnic za La Primitiva"}]},{"@type":"WebSite","@id":"https:\/\/jackpotlotteryonline.com\/#website","url":"https:\/\/jackpotlotteryonline.com\/","name":"Lotto Online - Crack The International Lottery Jackpots","description":"","potentialAction":[{"@type":"SearchAction","target":{"@type":"EntryPoint","urlTemplate":"https:\/\/jackpotlotteryonline.com\/?s={search_term_string}"},"query-input":"required name=search_term_string"}],"inLanguage":"sl-SI"}]}},"_links":{"self":[{"href":"https:\/\/jackpotlotteryonline.com\/sl\/wp-json\/wp\/v2\/pages\/36752","targetHints":{"allow":["GET"]}}],"collection":[{"href":"https:\/\/jackpotlotteryonline.com\/sl\/wp-json\/wp\/v2\/pages"}],"about":[{"href":"https:\/\/jackpotlotteryonline.com\/sl\/wp-json\/wp\/v2\/types\/page"}],"author":[{"embeddable":true,"href":"https:\/\/jackpotlotteryonline.com\/sl\/wp-json\/wp\/v2\/users\/1"}],"replies":[{"embeddable":true,"href":"https:\/\/jackpotlotteryonline.com\/sl\/wp-json\/wp\/v2\/comments?post=36752"}],"version-history":[{"count":0,"href":"https:\/\/jackpotlotteryonline.com\/sl\/wp-json\/wp\/v2\/pages\/36752\/revisions"}],"up":[{"embeddable":true,"href":"https:\/\/jackpotlotteryonline.com\/sl\/wp-json\/wp\/v2\/pages\/35780"}],"wp:attachment":[{"href":"https:\/\/jackpotlotteryonline.com\/sl\/wp-json\/wp\/v2\/media?parent=36752"}],"curies":[{"name":"wp","href":"https:\/\/api.w.org\/{rel}","templated":true}]}}