{"id":36806,"date":"2022-11-09T07:25:16","date_gmt":"2022-11-09T07:25:16","guid":{"rendered":"https:\/\/jackpotlotteryonline.com\/?page_id=36806"},"modified":"2023-01-03T21:44:14","modified_gmt":"2023-01-03T21:44:14","slug":"lotto-france","status":"publish","type":"page","link":"https:\/\/jackpotlotteryonline.com\/sl\/kupiti-vstopnice\/lotto-france\/","title":{"rendered":"Nakup Lotto Francija vstopnice"},"content":{"rendered":"<p>Ali lahko kupite vstopnice za francosko igro Lotto zunaj evropske dr\u017eave? Morda ste izku\u0161en igralec ali novinec in se spra\u0161ujete, zakaj bi vas zanimala prav ta loterija. Z vami bomo delili nekaj razlogov, zakaj menimo, da je francoska nacionalna loterija odli\u010dna igra. \u010ce ste igralec iz drugega dela sveta, boste odkrili, kako lahko kupite vstopnice tudi za to loterijo.<\/p>\n<p>Loterija je igra na sre\u010do in v\u010dasih boste morda morali raz\u0161iriti mre\u017eo, da boste ujeli ve\u010djo ribo. V osnovi to pomeni, da morate raziskati druge loterije, da bi pove\u010dali svoje mo\u017enosti za zmago. Francoska loterija je dobra loterija, ki jo lahko preizkusite iz ve\u010d razlogov, ki se jih bomo dotaknili v tem \u010dlanku.<\/p>\n<h2>Neverjetni zneski glavnih dobitkov<\/h2>\n<p>Francoska loterija, imenovana tudi France Lotto ali na kratko Loto, ima zelo privla\u010dne glavne dobitke, ki privabljajo igralce z vsega sveta. Jackpot z za\u010detnim zneskom 2 milijona evrov lahko zraste \u0161e veliko bolj, \u010de ga po vsakem \u017erebanju ne osvojite.<\/p>\n<p>Glavni dobitek francoske loterije se obra\u010da, ko ni dobitnika, in se pove\u010duje, dokler ne dose\u017ee visokega zneska. Ko igrate to evropsko loterijo, ste lahko dobitnik glavnega dobitka v vi\u0161ini 11 milijonov EUR ali ve\u010d.<\/p>\n<p>Za ponazoritev: jackpot se po vsakem \u017erebanju pove\u010da za 1 milijon EUR in se lahko pove\u010da 34-krat zapored, preden se preneha obra\u010dati. Predstavljajte si, koliko lahko vse skupaj naraste, in to precej hitro.<\/p>\n<h2>Ve\u010d \u017erebanj na teden<\/h2>\n<p>Glavni dobitek tako hitro nara\u0161\u010da zaradi \u0161tevila \u017erebanj. <a href=\"https:\/\/jackpotlotteryonline.com\/sl\/zmagovalne-stevilke\/france-lotto-2\">Francoska loterija ima tri \u017erebanja na teden<\/a>, kar igralcem daje ve\u010d mo\u017enosti za velik dobitek. \u017drebanja potekajo ob ponedeljkih, sredah in sobotah.<\/p>\n<p>\u010ce se odlo\u010dite sodelovati na tej loteriji, vam priporo\u010damo, da sodelujete v ve\u010d \u017erebanjih, saj boste tako pove\u010dali svoje mo\u017enosti za zmago.<\/p>\n<h2>10 razli\u010dnih nagradnih kategorij<\/h2>\n<p><img loading=\"lazy\" decoding=\"async\" class=\"alignright size-full wp-image-30344\" src=\"http:\/\/jackpotlotteryonline.com\/wp-content\/uploads\/2022\/11\/1_winning_numbers_euromillions.jpg\" alt=\"Francija loterija nagradna kategorija\" width=\"300\" height=\"300\" srcset=\"https:\/\/jackpotlotteryonline.com\/wp-content\/uploads\/2022\/11\/1_winning_numbers_euromillions.jpg 300w, https:\/\/jackpotlotteryonline.com\/wp-content\/uploads\/2022\/11\/1_winning_numbers_euromillions-100x100.jpg 100w, https:\/\/jackpotlotteryonline.com\/wp-content\/uploads\/2022\/11\/1_winning_numbers_euromillions-150x150.jpg 150w\" sizes=\"auto, (max-width: 300px) 100vw, 300px\" \/><\/p>\n<p>Glavna nagrada je privla\u010dna, vendar to ni edina stvar, ki jo lahko osvojite, ko <a href=\"https:\/\/jackpotlotteryonline.com\/sl\/kako-igrati\/france-lotto\">igrate francoski loto<\/a>. Ta loterija, ki je bila ustanovljena leta 1978, ima deset razli\u010dnih nagradnih kategorij. Obstaja celo nagrada za ujemanje naklju\u010dne \u0161tevilke.<\/p>\n<p>Nagradne kategorije so navedene spodaj.<\/p>\n<p>Ujemanje 5 \u0161tevilk + naklju\u010dna \u0161tevilka &#8211; glavni dobitek<br \/>\nUjemite samo 5 \u0161tevilk &#8211; 8,44 % nagradnega sklada<br \/>\nujemanje 4 \u0161tevilk + naklju\u010dna \u0161tevilka &#8211; 2,06 % nagradnega sklada<br \/>\nUjemite samo 4 \u0161tevilke &#8211; 7,43 % nagradnega sklada<br \/>\nUjemanje 3 \u0161tevilk in \u0161tevila mo\u017enosti &#8211; 4,44 % nagradnega sklada<br \/>\nSamo 3 \u0161tevilke &#8211; 15,98 % nagradnega sklada<br \/>\nUjemanje 2 \u0161tevilk in \u0161tevila mo\u017enosti &#8211; 12,43 % nagradnega sklada<br \/>\nSamo ujemanje 2 \u0161tevilk &#8211; 49,22 % nagradnega sklada<br \/>\nUjemanje 1 \u0161tevilke + prilo\u017enostne \u0161tevilke &#8211; 2,20 \u20ac<br \/>\nSamo \u0161tevilka mo\u017enosti &#8211; 2,20 \u20ac<\/p>\n<h2>Enostavno igranje brez povezave in na spletu<\/h2>\n<p>\u0160e en razlog, da razmislite o igranju francoske loterije, je, da je sodelovanje na njej precej enostavno. \u010ce \u017eivite v Franciji, je sodelovanje na loteriji tako preprosto, kot \u010de se odpravite k registriranemu prodajalcu loterije in kupite loterijski listek. Na listku lahko izberete 5 glavnih \u0161tevilk in prilo\u017enostno \u0161tevilko. Izberete lahko ve\u010d vrstic \u0161tevilk in tako pove\u010date svoje mo\u017enosti za zmago na loteriji.<\/p>\n<p>\u010ce \u017eivite zunaj Francije, je sodelovanje na loteriji manj preprosto. Za to loterijo ne morete vstopiti v trgovino in kupiti sre\u010dk, zato lahko sre\u010dke kupite prek spleta. \u010ce se na loterijo prijavljate prek spleta, velja enako na\u010delo. To pomeni, da izberete 5 glavnih \u0161tevilk in prilo\u017enostno \u0161tevilko.<\/p>\n<p>Ne glede na to, ali igrate loterijo brez povezave ali prek spleta, morate izbrati \u0161tevilo \u017erebanj, v katerih \u017eelite sodelovati. Na koncu \u017erebanj zmaga tista sre\u010dka, ki se ujema z iz\u017erebanimi \u0161tevilkami.<\/p>\n<section class=\"layout\" style=\"border: solid 1px; width: 100%;\">\n<div class=\"img-div\" style=\"margin-top: 5px;\"><img decoding=\"async\" class=\"wp-image-17212 alignleft\" style=\"height: 45px; margin: 8px 8px 0px;\" src=\"http:\/\/jackpotlotteryonline.com\/wp-content\/uploads\/2022\/11\/read1.jpg\" alt=\"Preberite\" width=\"\" height=\"\" \/><\/div>\n<div style=\"padding-left: 5px;\">\n<div style=\"font-size: 1.1em;\">\n<p><strong>Oglejte si \u017erebanje loterijskih \u0161tevilk v \u017eivo<\/strong><\/p>\n<p style=\"font-size: 0.85em; margin-top: -1.5em;\">Kako gledati \u017erebanja v \u017eivo va\u0161ih najljub\u0161ih loterij\u00a0 <a href=\"https:\/\/jackpotlotteryonline.com\/sl\/spremljajte-svoje-loterijske-stevilke-ki-se-crpajo-v-zivo\"> preberi ve\u010d<\/a><\/p>\n<\/div>\n<\/div>\n<\/section>\n<h2>Igrajte francosko loterijo z jackpotlotteryonline.com<\/h2>\n<p>\u010ce ste novinec pri igranju loterije prek interneta, se lahko stvari hitro zapletejo. Kako se prebiti med razli\u010dnimi spletnimi stranmi, ki trdijo, da prodajajo loterijske sre\u010dke, do pristnih prodajalcev? To je preprosto. Poi\u0161\u010dite spletno mesto, ki ponuja storitve concierge.<\/p>\n<p>Na spletnem mestu jackpotlotteryoneline.com svojim strankam ponujamo storitve concierge, da bi jim zagotovili dostop do loterij po njihovi izbiri. Ko kupite vstop na na\u0161em spletnem mestu, bodo na\u0161i agenti v Franciji kupili fizi\u010dne listke z va\u0161o izbrano \u0161tevilko.<\/p>\n<p>Razlog za to je zagotovitev, da ne stavite le na izid loterije, ampak da se dejansko prijavljate v \u017erebanje za mo\u017enost osvojitve glavnega dobitka.<\/p>\n<h2>Nasveti za pove\u010danje mo\u017enosti za zmago<\/h2>\n<p><img loading=\"lazy\" decoding=\"async\" class=\"alignright size-full wp-image-35051\" src=\"http:\/\/jackpotlotteryonline.com\/wp-content\/uploads\/2022\/11\/2_ticket_saturday_lotto_au-1-166x300-1.jpg\" alt=\"Loterijski listek za Francijo\" width=\"166\" height=\"300\" \/><\/p>\n<p>Loterija je igra \u0161tevilk. Ve\u010d ko igrate, ve\u010dje so va\u0161e mo\u017enosti za zmago. Velik odstotek zmagovalcev loterije je razkril, da so pred zmago igrali ve\u010d let. Tukaj je nekaj na\u010dinov, kako lahko pove\u010date svoje mo\u017enosti za zmago na loteriji.<\/p>\n<ul>\n<li>Kupite ve\u010d vnosov za loterijo. To se zdi tako samoumevno, vendar obstajajo ljudje, ki kupijo eno samo prijavo za eno samo \u017erebanje in se nato po\u010dutijo razo\u010darane, ker niso zmagali. \u010ce \u017eelite pove\u010dati svoje mo\u017enosti za zmago, morate kupiti ve\u010d vpisov.<\/li>\n<li>Vstopite tudi v ve\u010d \u017erebanj. Logika je enaka tudi pri \u017erebanjih. V ve\u010d \u017erebanj kot se prijavite, ve\u010dje so va\u0161e mo\u017enosti za veliko zmago.<\/li>\n<li>Poskusite se pridru\u017eiti loterijskemu sindikatu. To je skupina ljudi, ki se zdru\u017ei in zdru\u017ei svoja sredstva, da bi lahko igrali na loteriji. Z zdru\u017eenimi sredstvi lahko kupijo ve\u010d vpisov in sodelujejo v ve\u010d \u017erebanjih. Zanimivo je, da je veliko loterijskih sindikatov v preteklih letih osvojilo neverjetne glavne dobitke, zato je to dobra mo\u017enost, ki jo lahko preizkusite.<\/li>\n<li>Verjemite, da boste zmagali. Zakon privla\u010dnosti je stvar in veliko loterijskih zmagovalcev bi vam povedalo, da so verjeli, da bodo zmagali na loteriji. \u010ce nameravate nekaj \u010dasa porabiti za igranje loterije, je dobro, da mo\u010dno verjamete, da boste zmagali.<\/li>\n<li>Ne obupajte. Sku\u0161njava je, da bi obupali, ko nekajkrat igrate brez dobitka. Toda \u010de si resni\u010dno \u017eelite velike zmage, morate biti dosledni. Stavite le toliko, kolikor si lahko privo\u0161\u010dite.<\/li>\n<li>Pri igranju loterije se ne pozabite zabavati. Konec koncev je to \u0161e vedno igra in dokler v njej u\u017eivate, je vredno.<\/li>\n<\/ul>\n<h2>Kupite francoske sre\u010dke Lotto zdaj<\/h2>\n<p>\u010ce ste tako kot mi navdu\u0161eni nad francosko loterijo, potem je \u010das, da kupite vstopnico za loterijo. Na sre\u010do ni ve\u010d pomembno, kje \u017eivite, saj lahko sre\u010dke kupite prek spleta.<\/p>\n<p>Ko se registrirate pri nas, vam ni treba skrbeti, da bi izgubili sre\u010dke ali pozabili preveriti rezultate. Za vse to poskrbimo namesto vas in vas opozorimo na morebitne dobitke. Svoje dobitke lahko prek na\u0161e platforme tudi preprosto izpla\u010date.<\/p>\n<p>Igranje na loteriji je na na\u0161em spletnem mestu povsem enostavno in brez stresa. Nikoli ne veste, ali bo ta dan sre\u010da na va\u0161i strani. Zakaj se torej ne bi \u0161e danes registrirali pri nas in kupili sre\u010dke za francosko igro loto?<\/p>\n","protected":false},"excerpt":{"rendered":"<p>Ali lahko kupite vstopnice za francosko igro Lotto zunaj evropske dr\u017eave? Morda ste izku\u0161en igralec ali novinec in se spra\u0161ujete, zakaj bi vas zanimala prav ta loterija. Z vami bomo delili nekaj razlogov, zakaj menimo, da je francoska nacionalna loterija odli\u010dna igra. \u010ce ste igralec iz drugega dela sveta, boste odkrili, kako lahko kupite vstopnice [&hellip;]<\/p>\n","protected":false},"author":1,"featured_media":0,"parent":35780,"menu_order":9,"comment_status":"closed","ping_status":"closed","template":"lotto-fr-info.php","meta":{"_et_pb_use_builder":"","_et_pb_old_content":"","_et_gb_content_width":"","exclude_from_search":false,"footnotes":""},"class_list":["post-36806","page","type-page","status-publish","hentry"],"yoast_head":"<!-- This site is optimized with the Yoast SEO plugin v23.3 - https:\/\/yoast.com\/wordpress\/plugins\/seo\/ -->\n<title>Nakup vstopnic za francosko loto zunaj Francije | Pridobite vstopnice za francosko loto na spletu<\/title>\n<meta name=\"description\" content=\"Za nakup vstopnic za France Lotto vam ni treba biti v Franciji. Svoje vstopnice za francosko loterijo lahko kupite na spletu tukaj!\" \/>\n<meta name=\"robots\" content=\"index, follow, max-snippet:-1, max-image-preview:large, max-video-preview:-1\" \/>\n<link rel=\"canonical\" href=\"https:\/\/jackpotlotteryonline.com\/buy-tickets\/lotto-france\/\" \/>\n<meta property=\"og:locale\" content=\"sl_SI\" \/>\n<meta property=\"og:type\" content=\"article\" \/>\n<meta property=\"og:title\" content=\"Nakup vstopnic za francosko loto zunaj Francije | Pridobite vstopnice za francosko loto na spletu\" \/>\n<meta property=\"og:description\" content=\"Za nakup vstopnic za France Lotto vam ni treba biti v Franciji. Svoje vstopnice za francosko loterijo lahko kupite na spletu tukaj!\" \/>\n<meta property=\"og:url\" content=\"https:\/\/jackpotlotteryonline.com\/buy-tickets\/lotto-france\/\" \/>\n<meta property=\"og:site_name\" content=\"Lotto Online - Crack The International Lottery Jackpots\" \/>\n<meta property=\"article:modified_time\" content=\"2023-01-03T21:44:14+00:00\" \/>\n<meta property=\"og:image\" content=\"http:\/\/jackpotlotteryonline.com\/wp-content\/uploads\/2022\/11\/1_winning_numbers_euromillions.jpg\" \/>\n<meta name=\"twitter:card\" content=\"summary_large_image\" \/>\n<meta name=\"twitter:label1\" content=\"Est. reading time\" \/>\n\t<meta name=\"twitter:data1\" content=\"6 minut\" \/>\n<!-- \/ Yoast SEO plugin. -->","yoast_head_json":{"title":"Nakup vstopnic za francosko loto zunaj Francije | Pridobite vstopnice za francosko loto na spletu","description":"Za nakup vstopnic za France Lotto vam ni treba biti v Franciji. Svoje vstopnice za francosko loterijo lahko kupite na spletu tukaj!","robots":{"index":"index","follow":"follow","max-snippet":"max-snippet:-1","max-image-preview":"max-image-preview:large","max-video-preview":"max-video-preview:-1"},"canonical":"https:\/\/jackpotlotteryonline.com\/buy-tickets\/lotto-france\/","og_locale":"sl_SI","og_type":"article","og_title":"Nakup vstopnic za francosko loto zunaj Francije | Pridobite vstopnice za francosko loto na spletu","og_description":"Za nakup vstopnic za France Lotto vam ni treba biti v Franciji. Svoje vstopnice za francosko loterijo lahko kupite na spletu tukaj!","og_url":"https:\/\/jackpotlotteryonline.com\/buy-tickets\/lotto-france\/","og_site_name":"Lotto Online - Crack The International Lottery Jackpots","article_modified_time":"2023-01-03T21:44:14+00:00","og_image":[{"url":"http:\/\/jackpotlotteryonline.com\/wp-content\/uploads\/2022\/11\/1_winning_numbers_euromillions.jpg"}],"twitter_card":"summary_large_image","twitter_misc":{"Est. reading time":"6 minut"},"schema":{"@context":"https:\/\/schema.org","@graph":[{"@type":"WebPage","@id":"https:\/\/jackpotlotteryonline.com\/buy-tickets\/lotto-france\/","url":"https:\/\/jackpotlotteryonline.com\/buy-tickets\/lotto-france\/","name":"Nakup vstopnic za francosko loto zunaj Francije | Pridobite vstopnice za francosko loto na spletu","isPartOf":{"@id":"https:\/\/jackpotlotteryonline.com\/#website"},"primaryImageOfPage":{"@id":"https:\/\/jackpotlotteryonline.com\/buy-tickets\/lotto-france\/#primaryimage"},"image":{"@id":"https:\/\/jackpotlotteryonline.com\/buy-tickets\/lotto-france\/#primaryimage"},"thumbnailUrl":"http:\/\/jackpotlotteryonline.com\/wp-content\/uploads\/2022\/11\/1_winning_numbers_euromillions.jpg","datePublished":"2022-11-09T07:25:16+00:00","dateModified":"2023-01-03T21:44:14+00:00","description":"Za nakup vstopnic za France Lotto vam ni treba biti v Franciji. Svoje vstopnice za francosko loterijo lahko kupite na spletu tukaj!","breadcrumb":{"@id":"https:\/\/jackpotlotteryonline.com\/buy-tickets\/lotto-france\/#breadcrumb"},"inLanguage":"sl-SI","potentialAction":[{"@type":"ReadAction","target":["https:\/\/jackpotlotteryonline.com\/buy-tickets\/lotto-france\/"]}]},{"@type":"ImageObject","inLanguage":"sl-SI","@id":"https:\/\/jackpotlotteryonline.com\/buy-tickets\/lotto-france\/#primaryimage","url":"http:\/\/jackpotlotteryonline.com\/wp-content\/uploads\/2022\/11\/1_winning_numbers_euromillions.jpg","contentUrl":"http:\/\/jackpotlotteryonline.com\/wp-content\/uploads\/2022\/11\/1_winning_numbers_euromillions.jpg"},{"@type":"BreadcrumbList","@id":"https:\/\/jackpotlotteryonline.com\/buy-tickets\/lotto-france\/#breadcrumb","itemListElement":[{"@type":"ListItem","position":1,"name":"Home","item":"https:\/\/jackpotlotteryonline.com\/sl\/"},{"@type":"ListItem","position":2,"name":"Kako kupiti loterijske vstopnice na spletu","item":"https:\/\/jackpotlotteryonline.com\/sl\/kupiti-vstopnice\/"},{"@type":"ListItem","position":3,"name":"Nakup Lotto Francija vstopnice"}]},{"@type":"WebSite","@id":"https:\/\/jackpotlotteryonline.com\/#website","url":"https:\/\/jackpotlotteryonline.com\/","name":"Lotto Online - Crack The International Lottery Jackpots","description":"","potentialAction":[{"@type":"SearchAction","target":{"@type":"EntryPoint","urlTemplate":"https:\/\/jackpotlotteryonline.com\/?s={search_term_string}"},"query-input":"required name=search_term_string"}],"inLanguage":"sl-SI"}]}},"_links":{"self":[{"href":"https:\/\/jackpotlotteryonline.com\/sl\/wp-json\/wp\/v2\/pages\/36806","targetHints":{"allow":["GET"]}}],"collection":[{"href":"https:\/\/jackpotlotteryonline.com\/sl\/wp-json\/wp\/v2\/pages"}],"about":[{"href":"https:\/\/jackpotlotteryonline.com\/sl\/wp-json\/wp\/v2\/types\/page"}],"author":[{"embeddable":true,"href":"https:\/\/jackpotlotteryonline.com\/sl\/wp-json\/wp\/v2\/users\/1"}],"replies":[{"embeddable":true,"href":"https:\/\/jackpotlotteryonline.com\/sl\/wp-json\/wp\/v2\/comments?post=36806"}],"version-history":[{"count":0,"href":"https:\/\/jackpotlotteryonline.com\/sl\/wp-json\/wp\/v2\/pages\/36806\/revisions"}],"up":[{"embeddable":true,"href":"https:\/\/jackpotlotteryonline.com\/sl\/wp-json\/wp\/v2\/pages\/35780"}],"wp:attachment":[{"href":"https:\/\/jackpotlotteryonline.com\/sl\/wp-json\/wp\/v2\/media?parent=36806"}],"curies":[{"name":"wp","href":"https:\/\/api.w.org\/{rel}","templated":true}]}}