{"id":36859,"date":"2022-11-09T09:16:46","date_gmt":"2022-11-09T09:16:46","guid":{"rendered":"https:\/\/jackpotlotteryonline.com\/?page_id=36859"},"modified":"2023-01-04T09:21:53","modified_gmt":"2023-01-04T09:21:53","slug":"lotto-america","status":"publish","type":"page","link":"https:\/\/jackpotlotteryonline.com\/sl\/kupiti-vstopnice\/lotto-america\/","title":{"rendered":"Lotto America vstopnice na spletu"},"content":{"rendered":"<p>Marca 2018 je dru\u017eina osvojila glavni dobitek Loto America v vi\u0161ini 23 milijonov dolarjev. To je najvi\u0161ji dobitek, ki ga je doslej osvojil kateri koli igralec, vendar je pritegnil pozornost k tej loteriji. Loterijo je leta 1988 ustanovilo sedem ameri\u0161kih zveznih dr\u017eav, nato pa se ji je pridru\u017eilo \u0161e ve\u010d drugih dr\u017eav. V preteklih letih je bilo v njej ve\u010d milijonarjev.<\/p>\n<p>Loterijo lahko kupite v kateri koli od sodelujo\u010dih dr\u017eav. Zanimivo je, da to ni edina loterija v ZDA, vendar je vedno privabila igralce od vsepovsod. \u010ce ste igralec zunaj Severne Amerike, se morda spra\u0161ujete, kako kupiti sre\u010dke za to loterijo.<\/p>\n<p>Popeljali vas bomo skozi <a href=\"https:\/\/jackpotlotteryonline.com\/sl\/kako-igrati\/lotto-america-2\">uspe\u0161no igranje te loterije zunaj ZDA<\/a>. Prav tako se bomo potrudili odgovoriti na vsa va\u0161a vpra\u0161anja o loteriji Lotto America in o tem, kako sodelovati na tej loteriji.<\/p>\n<h2>Kako deluje loterija?<\/h2>\n<p><img loading=\"lazy\" decoding=\"async\" class=\"size-full wp-image-29993 alignright\" src=\"https:\/\/jackpotlotteryonline.com\/wp-content\/uploads\/2022\/11\/1_win_lottery_usa_online.jpg\" alt=\"Lotto America vstopnice na spletu\" width=\"300\" height=\"200\" \/><\/p>\n<p>Kot ve\u010dina loterijskih iger je tudi ta igra igra \u0161tevilk na ve\u010d na\u010dinov. Gre za igro \u0161tevilk, saj igralci nimajo velikih mo\u017enosti za zmago. Vendar je to loterija in ni mogo\u010de vedeti, kdaj bo sre\u010da naklonjena igralcu. To je igra \u0161tevilk tudi po na\u010dinu igranja.<\/p>\n<p>Pri tej ameri\u0161ki loteriji morajo igralci izbrati pet glavnih \u0161tevilk med 1 in 52. Izbrati morate tudi \u0161tevilko Star Ball med 1 in 10. To je skupaj 6 \u0161tevilk. \u010ce niste prepri\u010dani, katere \u0161tevilke izbrati, lahko za hitrej\u0161e izbiranje uporabite samodejni izbirnik. Izberete lahko tudi ve\u010d vrstic \u0161tevilk, da pove\u010date svoje mo\u017enosti za dobitek.<\/p>\n<p>Nato izberete, v<a href=\"https:\/\/jackpotlotteryonline.com\/sl\/zmagovalne-stevilke\/lotto-america\"> koliko \u017erebanjih<\/a> \u017eelite sodelovati. Ta ameri\u0161ka loterija ima tri \u017erebanja na teden, in sicer v ponedeljek, sredo in soboto. Vklju\u010dite se lahko v ve\u010d \u017erebanj.<\/p>\n<section class=\"layout\" style=\"border: solid 1px; width: 100%;\">\n<div class=\"img-div\" style=\"margin-top: 5px;\"><img decoding=\"async\" class=\"wp-image-17212 alignleft\" style=\"height: 45px; margin: 8px 8px 0px;\" src=\"https:\/\/jackpotlotteryonline.com\/wp-content\/uploads\/2022\/11\/read1.jpg\" alt=\"Preberite\" width=\"\" height=\"\" \/><\/div>\n<div style=\"padding-left: 5px;\">\n<div style=\"font-size: 1.1em;\">\n<p><strong>Nekateri zmagovalci loterije so se vrnili v skupnost<\/strong><\/p>\n<p style=\"font-size: 0.85em; margin-top: -1.5em;\">Nekaj zanimivih in ganljivih zgodb o loterijskih zmagovalcih, ki se vra\u010dajo\u00a0<a href=\"https:\/\/jackpotlotteryonline.com\/sl\/zgodbe-o-loterijskih-zmagovalcih-ki-dajejo-nazaj\"> preberi ve\u010d<\/a><\/p>\n<\/div>\n<\/div>\n<\/section>\n<h2>Igranje bonusa All Star<\/h2>\n<p>Z bonusom All Star lahko pomno\u017eite svoj dobitek. Ko izbirate \u0161tevilke, lahko za dodatno pla\u010dilo vklju\u010dite bonus All Star. To je \u0161e posebej koristno za tiste, ki osvojijo nagrade v drugih kategorijah, saj lahko znatno pove\u010da znesek, ki ga odnesejo domov.<\/p>\n<p>Bonus All Star je naklju\u010dno izbran in objavljen na dan \u017erebanja. Upo\u0161tevajte, da ga ne morete vklju\u010diti po opravljenem nakupu. Vklju\u010diti ga je treba ob nakupu vstopnice.<\/p>\n<h2>Osvojitev glavnega dobitka<\/h2>\n<p>Glavni dobitek se za\u010dne pri 2 milijonih dolarjev. \u010ce po enem \u017erebanju ni dobitnika, se dobitek prenese v naslednje \u017erebanje. Nadaljuje se, dokler ne dose\u017ee 10 milijonov dolarjev. Kot smo omenili na za\u010detku, lahko dobitek prese\u017ee 10 milijonov dolarjev.<\/p>\n<p>Poudariti je treba, da glavni dobitek ni edini dobitek, ki ga igralec lahko osvoji pri igranju te ameri\u0161ke loterije. Ima \u0161e osem drugih nagradnih stopenj, vklju\u010dno z nagrado za ujemanje \u017eogice z zvezdami. V kombinaciji z bonusom All Star lahko igralec, ki osvoji pomo\u017eno nagrado, odide domov veliko bogatej\u0161i.<\/p>\n<h2>Ko osvojite<\/h2>\n<p>Na spletnem mestu Lotto America je navedeno, da lahko nagrado zahtevate le v dr\u017eavi, kjer ste zmagali. \u010ce ste na primer kupili sre\u010dko v dr\u017eavi Maine, morate za prevzem dobitka oditi v to dr\u017eavo. \u010ce pa \u017eivite zunaj dr\u017eave, je nekoliko druga\u010de.<\/p>\n<h2>Kako kupiti sre\u010dke lotto America zunaj ZDA<\/h2>\n<p><img loading=\"lazy\" decoding=\"async\" class=\"alignright size-medium wp-image-34079\" src=\"https:\/\/jackpotlotteryonline.com\/wp-content\/uploads\/2022\/11\/2_ticket_mon_wed_lotto_au-176x300.jpg\" alt=\"Loterija Lotto America vstopnice iz dr\u017eav zunaj ZDA\" width=\"176\" height=\"300\" srcset=\"https:\/\/jackpotlotteryonline.com\/wp-content\/uploads\/2022\/11\/2_ticket_mon_wed_lotto_au-176x300.jpg 176w, https:\/\/jackpotlotteryonline.com\/wp-content\/uploads\/2022\/11\/2_ticket_mon_wed_lotto_au.jpg 250w\" sizes=\"auto, (max-width: 176px) 100vw, 176px\" \/><\/p>\n<p>V tej loteriji lahko sodelujete le na dva na\u010dina. Prvi je, da kupite sre\u010dko pri prodajalcu v kateri koli od dr\u017eav, kjer se sre\u010dke prodajajo. Druga mo\u017enost pa je dostop do loterije prek interneta. Vse ve\u010d igralcev sodeluje v mednarodnih loterijah prek spleta.<\/p>\n<p>Obstajajo loterijska spletna mesta, ki igralcem omogo\u010dajo zakonit dostop do loterij po vsem svetu. Preden se odlo\u010dite za katero koli od teh spletnih strani, je najprej treba preveriti, ali gre za spletno stran s koncesijo. To je zato, da ne bi na koncu stavili na rezultate loterije, namesto da bi se udele\u017eili loterije.<\/p>\n<p>Ko pri nas kupite loterijski listek, dobite dostop do loterije po va\u0161i izbiri. Vodimo storitev concierge z zastopniki po vsem svetu. Ko kupite sre\u010dko prek spleta, bodo na\u0161i agenti v tej dr\u017eavi dobili tudi fizi\u010dni listek z ustreznimi \u0161tevilkami. Ne glede na to, kje se nahajate, ste lahko prepri\u010dani, da imate prilo\u017enost za veliko zmago.<\/p>\n","protected":false},"excerpt":{"rendered":"<p>Marca 2018 je dru\u017eina osvojila glavni dobitek Loto America v vi\u0161ini 23 milijonov dolarjev. To je najvi\u0161ji dobitek, ki ga je doslej osvojil kateri koli igralec, vendar je pritegnil pozornost k tej loteriji. Loterijo je leta 1988 ustanovilo sedem ameri\u0161kih zveznih dr\u017eav, nato pa se ji je pridru\u017eilo \u0161e ve\u010d drugih dr\u017eav. V preteklih letih [&hellip;]<\/p>\n","protected":false},"author":1,"featured_media":0,"parent":35780,"menu_order":13,"comment_status":"closed","ping_status":"closed","template":"lotto-america-info.php","meta":{"_et_pb_use_builder":"","_et_pb_old_content":"","_et_gb_content_width":"","exclude_from_search":false,"footnotes":""},"class_list":["post-36859","page","type-page","status-publish","hentry"],"yoast_head":"<!-- This site is optimized with the Yoast SEO plugin v23.3 - https:\/\/yoast.com\/wordpress\/plugins\/seo\/ -->\n<title>Nakup vstopnic Lotto America zunaj ZDA | Lotto America na spletu<\/title>\n<meta name=\"description\" content=\"Lotto America lahko igrate zunaj ZDA - preprosto kupite svojo Lotto America vstopnico prek na\u0161e spletne storitve\" \/>\n<meta name=\"robots\" content=\"index, follow, max-snippet:-1, max-image-preview:large, max-video-preview:-1\" \/>\n<link rel=\"canonical\" href=\"https:\/\/jackpotlotteryonline.com\/buy-tickets\/lotto-america\/\" \/>\n<meta property=\"og:locale\" content=\"sl_SI\" \/>\n<meta property=\"og:type\" content=\"article\" \/>\n<meta property=\"og:title\" content=\"Nakup vstopnic Lotto America zunaj ZDA | Lotto America na spletu\" \/>\n<meta property=\"og:description\" content=\"Lotto America lahko igrate zunaj ZDA - preprosto kupite svojo Lotto America vstopnico prek na\u0161e spletne storitve\" \/>\n<meta property=\"og:url\" content=\"https:\/\/jackpotlotteryonline.com\/buy-tickets\/lotto-america\/\" \/>\n<meta property=\"og:site_name\" content=\"Lotto Online - Crack The International Lottery Jackpots\" \/>\n<meta property=\"article:modified_time\" content=\"2023-01-04T09:21:53+00:00\" \/>\n<meta property=\"og:image\" content=\"https:\/\/jackpotlotteryonline.com\/wp-content\/uploads\/2022\/11\/1_win_lottery_usa_online.jpg\" \/>\n<meta name=\"twitter:card\" content=\"summary_large_image\" \/>\n<meta name=\"twitter:label1\" content=\"Est. reading time\" \/>\n\t<meta name=\"twitter:data1\" content=\"4 minute\" \/>\n<!-- \/ Yoast SEO plugin. -->","yoast_head_json":{"title":"Nakup vstopnic Lotto America zunaj ZDA | Lotto America na spletu","description":"Lotto America lahko igrate zunaj ZDA - preprosto kupite svojo Lotto America vstopnico prek na\u0161e spletne storitve","robots":{"index":"index","follow":"follow","max-snippet":"max-snippet:-1","max-image-preview":"max-image-preview:large","max-video-preview":"max-video-preview:-1"},"canonical":"https:\/\/jackpotlotteryonline.com\/buy-tickets\/lotto-america\/","og_locale":"sl_SI","og_type":"article","og_title":"Nakup vstopnic Lotto America zunaj ZDA | Lotto America na spletu","og_description":"Lotto America lahko igrate zunaj ZDA - preprosto kupite svojo Lotto America vstopnico prek na\u0161e spletne storitve","og_url":"https:\/\/jackpotlotteryonline.com\/buy-tickets\/lotto-america\/","og_site_name":"Lotto Online - Crack The International Lottery Jackpots","article_modified_time":"2023-01-04T09:21:53+00:00","og_image":[{"url":"https:\/\/jackpotlotteryonline.com\/wp-content\/uploads\/2022\/11\/1_win_lottery_usa_online.jpg"}],"twitter_card":"summary_large_image","twitter_misc":{"Est. reading time":"4 minute"},"schema":{"@context":"https:\/\/schema.org","@graph":[{"@type":"WebPage","@id":"https:\/\/jackpotlotteryonline.com\/buy-tickets\/lotto-america\/","url":"https:\/\/jackpotlotteryonline.com\/buy-tickets\/lotto-america\/","name":"Nakup vstopnic Lotto America zunaj ZDA | Lotto America na spletu","isPartOf":{"@id":"https:\/\/jackpotlotteryonline.com\/#website"},"primaryImageOfPage":{"@id":"https:\/\/jackpotlotteryonline.com\/buy-tickets\/lotto-america\/#primaryimage"},"image":{"@id":"https:\/\/jackpotlotteryonline.com\/buy-tickets\/lotto-america\/#primaryimage"},"thumbnailUrl":"https:\/\/jackpotlotteryonline.com\/wp-content\/uploads\/2022\/11\/1_win_lottery_usa_online.jpg","datePublished":"2022-11-09T09:16:46+00:00","dateModified":"2023-01-04T09:21:53+00:00","description":"Lotto America lahko igrate zunaj ZDA - preprosto kupite svojo Lotto America vstopnico prek na\u0161e spletne storitve","breadcrumb":{"@id":"https:\/\/jackpotlotteryonline.com\/buy-tickets\/lotto-america\/#breadcrumb"},"inLanguage":"sl-SI","potentialAction":[{"@type":"ReadAction","target":["https:\/\/jackpotlotteryonline.com\/buy-tickets\/lotto-america\/"]}]},{"@type":"ImageObject","inLanguage":"sl-SI","@id":"https:\/\/jackpotlotteryonline.com\/buy-tickets\/lotto-america\/#primaryimage","url":"https:\/\/jackpotlotteryonline.com\/wp-content\/uploads\/2022\/11\/1_win_lottery_usa_online.jpg","contentUrl":"https:\/\/jackpotlotteryonline.com\/wp-content\/uploads\/2022\/11\/1_win_lottery_usa_online.jpg"},{"@type":"BreadcrumbList","@id":"https:\/\/jackpotlotteryonline.com\/buy-tickets\/lotto-america\/#breadcrumb","itemListElement":[{"@type":"ListItem","position":1,"name":"Home","item":"https:\/\/jackpotlotteryonline.com\/sl\/"},{"@type":"ListItem","position":2,"name":"Kako kupiti loterijske vstopnice na spletu","item":"https:\/\/jackpotlotteryonline.com\/sl\/kupiti-vstopnice\/"},{"@type":"ListItem","position":3,"name":"Lotto America vstopnice na spletu"}]},{"@type":"WebSite","@id":"https:\/\/jackpotlotteryonline.com\/#website","url":"https:\/\/jackpotlotteryonline.com\/","name":"Lotto Online - Crack The International Lottery Jackpots","description":"","potentialAction":[{"@type":"SearchAction","target":{"@type":"EntryPoint","urlTemplate":"https:\/\/jackpotlotteryonline.com\/?s={search_term_string}"},"query-input":"required name=search_term_string"}],"inLanguage":"sl-SI"}]}},"_links":{"self":[{"href":"https:\/\/jackpotlotteryonline.com\/sl\/wp-json\/wp\/v2\/pages\/36859","targetHints":{"allow":["GET"]}}],"collection":[{"href":"https:\/\/jackpotlotteryonline.com\/sl\/wp-json\/wp\/v2\/pages"}],"about":[{"href":"https:\/\/jackpotlotteryonline.com\/sl\/wp-json\/wp\/v2\/types\/page"}],"author":[{"embeddable":true,"href":"https:\/\/jackpotlotteryonline.com\/sl\/wp-json\/wp\/v2\/users\/1"}],"replies":[{"embeddable":true,"href":"https:\/\/jackpotlotteryonline.com\/sl\/wp-json\/wp\/v2\/comments?post=36859"}],"version-history":[{"count":0,"href":"https:\/\/jackpotlotteryonline.com\/sl\/wp-json\/wp\/v2\/pages\/36859\/revisions"}],"up":[{"embeddable":true,"href":"https:\/\/jackpotlotteryonline.com\/sl\/wp-json\/wp\/v2\/pages\/35780"}],"wp:attachment":[{"href":"https:\/\/jackpotlotteryonline.com\/sl\/wp-json\/wp\/v2\/media?parent=36859"}],"curies":[{"name":"wp","href":"https:\/\/api.w.org\/{rel}","templated":true}]}}