{"id":36911,"date":"2022-11-09T10:18:44","date_gmt":"2022-11-09T10:18:44","guid":{"rendered":"https:\/\/jackpotlotteryonline.com\/?page_id=36911"},"modified":"2022-12-22T12:56:17","modified_gmt":"2022-12-22T12:56:17","slug":"uk-lottery","status":"publish","type":"page","link":"https:\/\/jackpotlotteryonline.com\/sl\/kupiti-vstopnice\/uk-lottery\/","title":{"rendered":"Velika Britanija Loterija"},"content":{"rendered":"<h2>Spletni pregled loterije v Zdru\u017eenem kraljestvu<\/h2>\n<p>Loterija Zdru\u017eenega kraljestva je priljubljena igra zaradi svoje sposobnosti ustvarjanja milijonarjev. Igrati jo je mogo\u010de tudi na spletu. <a href=\"https:\/\/jackpotlotteryonline.com\/sl\/zmagovalne-stevilke\/uk-lottery\">Igra se \u017ereba dvakrat na teden<\/a> ob sredah in sobotah.<\/p>\n<h2>Kako deluje Loterija Velike Britanije<\/h2>\n<p>Vsak igralec mora na svojem listku izbrati 6 \u0161tevilk iz nabora \u0161tevilk 1-49. Ob \u017erebanju se izbere \u0161est \u0161tevilk in ena bonusna \u0161tevilka. Zaradi razmeroma majhnega odstotka izpla\u010dil te loterije ne priporo\u010damo. Na spletu je na voljo veliko drugih mednarodnih loterijskih iger z bolj\u0161imi izpla\u010dili in vi\u0161jimi glavnimi dobitki.<\/p>\n<section class=\"layout\" style=\"border: solid 1px; width: 100%;\">\n<div class=\"img-div\" style=\"margin-top: 5px;\"><img decoding=\"async\" class=\"wp-image-17212 alignleft\" style=\"height: 45px; margin: 8px 8px 0px;\" src=\"https:\/\/jackpotlotteryonline.com\/wp-content\/uploads\/2022\/11\/read1.jpg\" alt=\"Preberite\" width=\"\" height=\"\" \/><\/div>\n<div style=\"padding-left: 5px;\">\n<div style=\"font-size: 1.1em;\">\n<p><strong>Evropske loterije<\/strong><\/p>\n<p style=\"font-size: 0.85em; margin-top: -1.5em;\">Katere evropske loterije so najbolj\u0161e? <a href=\"preberi ve\u010d\">preberi ve\u010d<\/a><\/p>\n<\/div>\n<\/div>\n<\/section>\n<h2>Zmaga na loteriji v Zdru\u017eenem kraljestvu<\/h2>\n<p><img loading=\"lazy\" decoding=\"async\" class=\"alignright size-medium wp-image-19520\" src=\"https:\/\/jackpotlotteryonline.com\/wp-content\/uploads\/2022\/10\/2_ticket_uk_lottery-192x300.jpg\" alt=\"Nakup loterijske sre\u010dke Zdru\u017eenega kraljestva\" width=\"192\" height=\"300\" srcset=\"https:\/\/jackpotlotteryonline.com\/wp-content\/uploads\/2022\/10\/2_ticket_uk_lottery-192x300.jpg 192w, https:\/\/jackpotlotteryonline.com\/wp-content\/uploads\/2022\/10\/2_ticket_uk_lottery.jpg 250w\" sizes=\"auto, (max-width: 192px) 100vw, 192px\" \/><\/p>\n<p>\u010ce \u017eelite osvojiti nagrado, morate iz\u017erebanim glavnim \u0161tevilkam ujeti najmanj tri \u0161tevilke. Bonusna \u0161tevilka je pomembna le, \u010de se ujemate z vsaj petimi glavnimi \u0161tevilkami v \u017erebanju.<\/p>\n<p>Zahtevek za dobitek je preprost. \u010ce boste osvojili do 2500 \u20ac, vam jih bomo izpla\u010dali neposredno na va\u0161 igralni ra\u010dun za loterijo tukaj na na\u0161em spletnem mestu. Za dobitke, vi\u0161je od 2500 \u20ac, vas bo kontaktirala na\u0161a slu\u017eba za podporo strankam in se dogovorila za neposredno izpla\u010dilo s strani loterijskega podjetja.<\/p>\n<p>Pribli\u017eno 45 % vseh britanskih loterijskih sredstev gre za denarne nagrade. \u010ce ujamete \u0161est glavnih \u0161tevilk, vam bo izpla\u010danih 52 % sredstev iz sklada; \u010de ujamete pet glavnih \u0161tevilk in bonusno \u0161tevilko, vam bo izpla\u010danih 16 % preostalih sredstev iz sklada; \u010de ujamete pet glavnih \u0161tevilk, vam bo izpla\u010danih 10 % preostalih sredstev iz sklada; \u010de ujamete \u0161tiri glavne \u0161tevilke, vam bo izpla\u010danih 22 % preostalih sredstev iz sklada in \u010de ujamete tri glavne \u0161tevilke, vam bo obi\u010dajno izpla\u010danih 10 GBP. UK Lotto ponuja tudi spletne igre takoj\u0161njega dobitka.<\/p>\n<h2>Igranje spletne loterije v Zdru\u017eenem kraljestvu<\/h2>\n<p><a href=\"https:\/\/jackpotlotteryonline.com\/sl\/kako-igrati\/uk-lottery\">Britansko loterijo Lotto lahko igrate prek spleta<\/a>, kar jo naredi bolj dostopno in priro\u010dno. Ni vam ve\u010d treba iti ven in kupiti sre\u010dke UK Lotto pri prodajalcu; zdaj lahko sre\u010dke kupite v udobju svojega doma in to ni odvisno od tega, ali \u017eivite v Zdru\u017eenem kraljestvu.<\/p>\n<p>\u010ce \u017eelite igrati britanski loto prek spleta in zunaj Zdru\u017eenega kraljestva, morate klikniti zgornji banner za britansko loterijo. Preprosto se morate registrirati in nato opraviti spletno pla\u010dilo.<\/p>\n<h2>Zakaj je ve\u010dina jackpotov mednarodne loterije privla\u010dnej\u0161a od loterije Zdru\u017eenega kraljestva<\/h2>\n<ul>\n<li>Glavni dobitki so pri mednarodnih loterijah veliko vi\u0161ji (preverite zneske v zgornji pasici)<\/li>\n<li>Loterija Zdru\u017eenega kraljestva kot dobitek razdeli le 45 % sredstev<\/li>\n<li>Na na\u0161em spletnem mestu lahko izbirate med \u0161tevilnimi mega loterijami in velikimi glavnimi dobitki!<\/li>\n<\/ul>\n","protected":false},"excerpt":{"rendered":"<p>Spletni pregled loterije v Zdru\u017eenem kraljestvu Loterija Zdru\u017eenega kraljestva je priljubljena igra zaradi svoje sposobnosti ustvarjanja milijonarjev. Igrati jo je mogo\u010de tudi na spletu. Igra se \u017ereba dvakrat na teden ob sredah in sobotah. Kako deluje Loterija Velike Britanije Vsak igralec mora na svojem listku izbrati 6 \u0161tevilk iz nabora \u0161tevilk 1-49. Ob \u017erebanju se [&hellip;]<\/p>\n","protected":false},"author":1,"featured_media":0,"parent":35780,"menu_order":10,"comment_status":"closed","ping_status":"closed","template":"lotto-uk-info.php","meta":{"_et_pb_use_builder":"","_et_pb_old_content":"","_et_gb_content_width":"","exclude_from_search":false,"footnotes":""},"class_list":["post-36911","page","type-page","status-publish","hentry"],"yoast_head":"<!-- This site is optimized with the Yoast SEO plugin v23.3 - https:\/\/yoast.com\/wordpress\/plugins\/seo\/ -->\n<title>Spletni nakup sre\u010dk za loterijo UK Lottery zunaj Zdru\u017eenega kraljestva<\/title>\n<meta name=\"description\" content=\"Kako deluje Loterija Zdru\u017eenega kraljestva in kako kupiti sre\u010dko in zmagati prek spleta zunaj Zdru\u017eenega kraljestva\" \/>\n<meta name=\"robots\" content=\"index, follow, max-snippet:-1, max-image-preview:large, max-video-preview:-1\" \/>\n<link rel=\"canonical\" href=\"https:\/\/jackpotlotteryonline.com\/sl\/kupiti-vstopnice\/uk-lottery\/\" \/>\n<meta property=\"og:locale\" content=\"sl_SI\" \/>\n<meta property=\"og:type\" content=\"article\" \/>\n<meta property=\"og:title\" content=\"Spletni nakup sre\u010dk za loterijo UK Lottery zunaj Zdru\u017eenega kraljestva\" \/>\n<meta property=\"og:description\" content=\"Kako deluje Loterija Zdru\u017eenega kraljestva in kako kupiti sre\u010dko in zmagati prek spleta zunaj Zdru\u017eenega kraljestva\" \/>\n<meta property=\"og:url\" content=\"https:\/\/jackpotlotteryonline.com\/sl\/kupiti-vstopnice\/uk-lottery\/\" \/>\n<meta property=\"og:site_name\" content=\"Lotto Online - Crack The International Lottery Jackpots\" \/>\n<meta property=\"article:modified_time\" content=\"2022-12-22T12:56:17+00:00\" \/>\n<meta property=\"og:image\" content=\"https:\/\/jackpotlotteryonline.com\/wp-content\/uploads\/2022\/11\/read1.jpg\" \/>\n<meta name=\"twitter:card\" content=\"summary_large_image\" \/>\n<meta name=\"twitter:label1\" content=\"Est. reading time\" \/>\n\t<meta name=\"twitter:data1\" content=\"2 minuti\" \/>\n<!-- \/ Yoast SEO plugin. -->","yoast_head_json":{"title":"Spletni nakup sre\u010dk za loterijo UK Lottery zunaj Zdru\u017eenega kraljestva","description":"Kako deluje Loterija Zdru\u017eenega kraljestva in kako kupiti sre\u010dko in zmagati prek spleta zunaj Zdru\u017eenega kraljestva","robots":{"index":"index","follow":"follow","max-snippet":"max-snippet:-1","max-image-preview":"max-image-preview:large","max-video-preview":"max-video-preview:-1"},"canonical":"https:\/\/jackpotlotteryonline.com\/sl\/kupiti-vstopnice\/uk-lottery\/","og_locale":"sl_SI","og_type":"article","og_title":"Spletni nakup sre\u010dk za loterijo UK Lottery zunaj Zdru\u017eenega kraljestva","og_description":"Kako deluje Loterija Zdru\u017eenega kraljestva in kako kupiti sre\u010dko in zmagati prek spleta zunaj Zdru\u017eenega kraljestva","og_url":"https:\/\/jackpotlotteryonline.com\/sl\/kupiti-vstopnice\/uk-lottery\/","og_site_name":"Lotto Online - Crack The International Lottery Jackpots","article_modified_time":"2022-12-22T12:56:17+00:00","og_image":[{"url":"https:\/\/jackpotlotteryonline.com\/wp-content\/uploads\/2022\/11\/read1.jpg"}],"twitter_card":"summary_large_image","twitter_misc":{"Est. reading time":"2 minuti"},"schema":{"@context":"https:\/\/schema.org","@graph":[{"@type":"WebPage","@id":"https:\/\/jackpotlotteryonline.com\/sl\/kupiti-vstopnice\/uk-lottery\/","url":"https:\/\/jackpotlotteryonline.com\/sl\/kupiti-vstopnice\/uk-lottery\/","name":"Spletni nakup sre\u010dk za loterijo UK Lottery zunaj Zdru\u017eenega kraljestva","isPartOf":{"@id":"https:\/\/jackpotlotteryonline.com\/#website"},"primaryImageOfPage":{"@id":"https:\/\/jackpotlotteryonline.com\/sl\/kupiti-vstopnice\/uk-lottery\/#primaryimage"},"image":{"@id":"https:\/\/jackpotlotteryonline.com\/sl\/kupiti-vstopnice\/uk-lottery\/#primaryimage"},"thumbnailUrl":"https:\/\/jackpotlotteryonline.com\/wp-content\/uploads\/2022\/11\/read1.jpg","datePublished":"2022-11-09T10:18:44+00:00","dateModified":"2022-12-22T12:56:17+00:00","description":"Kako deluje Loterija Zdru\u017eenega kraljestva in kako kupiti sre\u010dko in zmagati prek spleta zunaj Zdru\u017eenega kraljestva","breadcrumb":{"@id":"https:\/\/jackpotlotteryonline.com\/sl\/kupiti-vstopnice\/uk-lottery\/#breadcrumb"},"inLanguage":"sl-SI","potentialAction":[{"@type":"ReadAction","target":["https:\/\/jackpotlotteryonline.com\/sl\/kupiti-vstopnice\/uk-lottery\/"]}]},{"@type":"ImageObject","inLanguage":"sl-SI","@id":"https:\/\/jackpotlotteryonline.com\/sl\/kupiti-vstopnice\/uk-lottery\/#primaryimage","url":"https:\/\/jackpotlotteryonline.com\/wp-content\/uploads\/2022\/11\/read1.jpg","contentUrl":"https:\/\/jackpotlotteryonline.com\/wp-content\/uploads\/2022\/11\/read1.jpg"},{"@type":"BreadcrumbList","@id":"https:\/\/jackpotlotteryonline.com\/sl\/kupiti-vstopnice\/uk-lottery\/#breadcrumb","itemListElement":[{"@type":"ListItem","position":1,"name":"Home","item":"https:\/\/jackpotlotteryonline.com\/sl\/"},{"@type":"ListItem","position":2,"name":"Kako kupiti loterijske vstopnice na spletu","item":"https:\/\/jackpotlotteryonline.com\/sl\/kupiti-vstopnice\/"},{"@type":"ListItem","position":3,"name":"Velika Britanija Loterija"}]},{"@type":"WebSite","@id":"https:\/\/jackpotlotteryonline.com\/#website","url":"https:\/\/jackpotlotteryonline.com\/","name":"Lotto Online - Crack The International Lottery Jackpots","description":"","potentialAction":[{"@type":"SearchAction","target":{"@type":"EntryPoint","urlTemplate":"https:\/\/jackpotlotteryonline.com\/?s={search_term_string}"},"query-input":"required name=search_term_string"}],"inLanguage":"sl-SI"}]}},"_links":{"self":[{"href":"https:\/\/jackpotlotteryonline.com\/sl\/wp-json\/wp\/v2\/pages\/36911","targetHints":{"allow":["GET"]}}],"collection":[{"href":"https:\/\/jackpotlotteryonline.com\/sl\/wp-json\/wp\/v2\/pages"}],"about":[{"href":"https:\/\/jackpotlotteryonline.com\/sl\/wp-json\/wp\/v2\/types\/page"}],"author":[{"embeddable":true,"href":"https:\/\/jackpotlotteryonline.com\/sl\/wp-json\/wp\/v2\/users\/1"}],"replies":[{"embeddable":true,"href":"https:\/\/jackpotlotteryonline.com\/sl\/wp-json\/wp\/v2\/comments?post=36911"}],"version-history":[{"count":0,"href":"https:\/\/jackpotlotteryonline.com\/sl\/wp-json\/wp\/v2\/pages\/36911\/revisions"}],"up":[{"embeddable":true,"href":"https:\/\/jackpotlotteryonline.com\/sl\/wp-json\/wp\/v2\/pages\/35780"}],"wp:attachment":[{"href":"https:\/\/jackpotlotteryonline.com\/sl\/wp-json\/wp\/v2\/media?parent=36911"}],"curies":[{"name":"wp","href":"https:\/\/api.w.org\/{rel}","templated":true}]}}