{"id":36964,"date":"2022-11-09T11:36:48","date_gmt":"2022-11-09T11:36:48","guid":{"rendered":"https:\/\/jackpotlotteryonline.com\/?page_id=36964"},"modified":"2023-01-04T08:23:02","modified_gmt":"2023-01-04T08:23:02","slug":"set-for-life","status":"publish","type":"page","link":"https:\/\/jackpotlotteryonline.com\/sl\/kupiti-vstopnice\/set-for-life\/","title":{"rendered":"Nakup vstopnic Set for Life"},"content":{"rendered":"<p>Ali ste pripravljeni na prilo\u017enost, da postanete &#8220;Set for life&#8221;? Zdaj je pravi \u010das, da se potegujete za dobitek 10.000 funtov vsak mesec naslednjih 30 let, vse pa se za\u010dne z<a href=\"https:\/\/jackpotlotteryonline.com\/sl\/kako-igrati\/saturday-lotto\"> igranjem loterije v Zdru\u017eenem kraljestvu.<\/a><\/p>\n<p>To loterijo upravlja Nacionalna loterija Zdru\u017eenega kraljestva, njeno prvo \u017erebanje pa je bilo leta 1999. Od takrat je priljubljena med britanskimi igralci loterije, saj se jim zdi, da se skoraj ne morejo upreti dobitku 10.000 funtov na mesec za 30 let. Tudi vi se mu ne bi smeli upreti, \u010de je to pomembno za vas. Zmagati na tej loteriji je skoraj tako, kot da bi k vam domov vsak mesec pri\u0161el Bo\u017ei\u010dek.<br \/>\n<img loading=\"lazy\" decoding=\"async\" class=\"alignright size-medium wp-image-35457\" src=\"http:\/\/jackpotlotteryonline.com\/wp-content\/uploads\/2022\/11\/2_ticket_uk_lottery-192x300.jpg\" alt=\"Vstopnice Set for Life\" width=\"192\" height=\"300\" srcset=\"https:\/\/jackpotlotteryonline.com\/wp-content\/uploads\/2022\/11\/2_ticket_uk_lottery-192x300.jpg 192w, https:\/\/jackpotlotteryonline.com\/wp-content\/uploads\/2022\/11\/2_ticket_uk_lottery.jpg 250w\" sizes=\"auto, (max-width: 192px) 100vw, 192px\" \/><\/p>\n<p>Vstopnice za to britansko loterijo se prodajajo v \u0161iroki mre\u017ei prodajalcev v dr\u017eavi. \u010ce pa \u017eivite zunaj Zdru\u017eenega kraljestva, ni razloga, da tudi vi ne bi mogli kupiti sre\u010dk za to loterijo. Spletna stran Jackpotlotteryonline.com ljubiteljem lota omogo\u010da dostop do najbolj\u0161ih mednarodnih loterij iz udobja njihovih ra\u010dunalnikov ali mobilnih naprav.<\/p>\n<p>Registrirajte se pri nas in za\u010dnite igrati loterije v Zdru\u017eenem kraljestvu in drugod po svetu.<\/p>\n<h2>Kako igrati Set for Life na spletu<\/h2>\n<p>Ta loterija se razlikuje od drugih loterij, saj gre za rentno loterijo, zato zmagovalci ne bodo od\u0161li domov z milijoni evrov ali funtov. Vendar pa je edina razlika v na\u010dinu podelitve nagrade. Tako kot pri drugih loterijah mora igralec izbrati glavne \u0161tevilke iz dolo\u010denega razpona in posebno \u0161tevilko.<\/p>\n<p>\u010ce \u017eelite dobiti spletne sre\u010dke Set for Life, obi\u0161\u010dite izbrano spletno mesto in izberite pet glavnih \u0161tevilk med 1 in 47. Izberite dodatno bonusno \u0161tevilko, imenovano &#8220;Life Ball number&#8221;, iz razpona od 1 do 10. Uporabite lahko svoje sre\u010dne \u0161tevilke ali pa z orodjem za samodejno izbiranje izberite naklju\u010dno vrsto \u0161tevilk. Izberete lahko tudi ve\u010d vrstic \u0161tevilk in tako pove\u010date svoje mo\u017enosti za dobitek.<\/p>\n<p>\u010ce \u017eelite zmagati na loteriji, se morate ujemati z vsemi 6 iz\u017erebanimi \u0161tevilkami. \u010ce se registrirate pri nas, lahko sodelujete v<a href=\"https:\/\/jackpotlotteryonline.com\/sl\/zmagovalne-stevilke\/set-for-life\"> \u017erebanjih ve\u010d tednov vnaprej.<\/a><\/p>\n<h2>Nagrade<\/h2>\n<p><img loading=\"lazy\" decoding=\"async\" class=\"size-medium wp-image-30128 alignright\" src=\"http:\/\/jackpotlotteryonline.com\/wp-content\/uploads\/2022\/11\/1_win_online_lottery_jackpot-300x182.jpg\" alt=\"Nagrada britanske loterije\" width=\"300\" height=\"182\" srcset=\"https:\/\/jackpotlotteryonline.com\/wp-content\/uploads\/2022\/11\/1_win_online_lottery_jackpot-300x182.jpg 300w, https:\/\/jackpotlotteryonline.com\/wp-content\/uploads\/2022\/11\/1_win_online_lottery_jackpot.jpg 320w\" sizes=\"auto, (max-width: 300px) 100vw, 300px\" \/><\/p>\n<p>Govorili smo o glavnem dobitku, ki zna\u0161a 10 000 GBP vsak mesec za 30 let. Vendar to ni edina nagrada za igralce te loterije. \u010ce na primer ujamete le 5 glavnih \u0161tevilk, boste vsak mesec za eno leto prejeli 10.000 funtov. Ni slabo, kajne?<\/p>\n<p>Oglejmo si razdelitev nagrad in kaj lahko igralci pri\u010dakujejo ob nakupu sre\u010dk te britanske loterije.<\/p>\n<p>Ujemite 5 glavnih \u0161tevilk + \u017eogico Life Ball &#8211; 10.000 funtov vsak mesec za 30 let<br \/>\nUjemite samo 5 glavnih \u0161tevilk &#8211; 10.000 funtov vsak mesec za 1 leto<br \/>\nujemanje 4 glavnih \u0161tevilk + \u017eogica Life Ball &#8211; 250 \u00a3<br \/>\nUjemite samo 4 glavne \u0161tevilke &#8211; 50 GBP<br \/>\nUjemite 3 glavne \u0161tevilke + \u017eogico Life Ball &#8211; 30 \u00a3<br \/>\nUjemite samo 3 glavne \u0161tevilke &#8211; 20 GBP<br \/>\n2 glavni \u0161tevilki + \u017eogica Life Ball &#8211; 10 \u00a3<br \/>\nSamo 2 glavni \u0161tevilki &#8211; 5 funtov<\/p>\n<h2>Zahtevanje nagrade<\/h2>\n<p>Nagrado lahko zahtevate v 180 dneh, sicer je ne morete ve\u010d zahtevati. Loterijski dobitki v Zdru\u017eenem kraljestvu so neobdav\u010deni, zato lahko z vsemi dobitki razpolagate po lastni presoji. Vendar pa je za tiste, ki igrajo zunaj dr\u017eave, dobro, da se pozanimajo o dav\u010dni zakonodaji v kraju, kjer \u017eivijo.<\/p>\n<section class=\"layout\" style=\"border: solid 1px; width: 100%;\">\n<div class=\"img-div\" style=\"margin-top: 5px;\"><img decoding=\"async\" class=\"wp-image-17212 alignleft\" style=\"height: 45px; margin: 8px 8px 0px;\" src=\"http:\/\/jackpotlotteryonline.com\/wp-content\/uploads\/2022\/11\/read1.jpg\" alt=\"Preberite\" width=\"\" height=\"\" \/><\/div>\n<div style=\"padding-left: 5px;\">\n<div style=\"font-size: 1.1em;\">\n<p><strong>Davki na loterijske dobitke<\/strong><\/p>\n<p style=\"font-size: 0.85em; margin-top: -1.5em;\">Ali moram pla\u010dati davke na loterijske dobitke?\u00a0 <a href=\"https:\/\/jackpotlotteryonline.com\/sl\/moram-placati-davke-na-loterijske-dobitke\"> preberi ve\u010d<\/a><\/p>\n<\/div>\n<\/div>\n<\/section>\n<h2>Neverjetna \u017eivljenjska prilo\u017enost<\/h2>\n<p>Prilo\u017enost za dobitek Set za \u017eivljenje je \u017eivljenjska prilo\u017enost. \u010ce zmagate, vam nikoli ve\u010d ne bo treba skrbeti za svoje finance. Znane so zgodbe o zmagovalcih loterije, ki so porabili vse svoje premo\u017eenje in so zdaj v ste\u010daju. S to loterijo se vam to ne sme zgoditi. Tudi \u010de prvi mesec porabite vse, veste, da boste naslednji mesec lahko denar bolje porabili.<\/p>\n<p>Pomislite, kaj bi pomenilo, \u010de bi 30 let vsak mesec prejemali tak\u0161en znesek.<\/p>\n<h2>Registrirajte se pri nas in igrajte igro Set for Life<\/h2>\n<p>Pridobitev vstopnice za britansko loterijo za rente od koder koli \u0161e nikoli ni bila enostavnej\u0161a. Ko se registrirate pri nas, vam olaj\u0161amo igranje najbolj\u0161ih loterij po vsem svetu na enostaven in brezskrben na\u010din. Prizadevamo si za ustvarjanje nepozabnih izku\u0161enj za na\u0161e stranke. Zato se \u0161e danes registrirajte pri nas in kupite sre\u010dke Set for Life od koder koli na svetu.<\/p>\n","protected":false},"excerpt":{"rendered":"<p>Ali ste pripravljeni na prilo\u017enost, da postanete &#8220;Set for life&#8221;? Zdaj je pravi \u010das, da se potegujete za dobitek 10.000 funtov vsak mesec naslednjih 30 let, vse pa se za\u010dne z igranjem loterije v Zdru\u017eenem kraljestvu. To loterijo upravlja Nacionalna loterija Zdru\u017eenega kraljestva, njeno prvo \u017erebanje pa je bilo leta 1999. Od takrat je priljubljena [&hellip;]<\/p>\n","protected":false},"author":1,"featured_media":0,"parent":35780,"menu_order":11,"comment_status":"closed","ping_status":"closed","template":"set-for-life-info.php","meta":{"_et_pb_use_builder":"","_et_pb_old_content":"","_et_gb_content_width":"","exclude_from_search":false,"footnotes":""},"class_list":["post-36964","page","type-page","status-publish","hentry"],"yoast_head":"<!-- This site is optimized with the Yoast SEO plugin v23.3 - https:\/\/yoast.com\/wordpress\/plugins\/seo\/ -->\n<title>Nakup vstopnic za koncert Set for life zunaj Zdru\u017eenega kraljestva | Pridobite vstopnice za koncert Set for Life na spletu<\/title>\n<meta name=\"description\" content=\"Set za \u017eivljenje je zelo posebna loterija, a \u010de \u017eelite sodelovati zunaj Zdru\u017eenega kraljestva, morate vstopnico kupiti prek spleta tukaj\" \/>\n<meta name=\"robots\" content=\"index, follow, max-snippet:-1, max-image-preview:large, max-video-preview:-1\" \/>\n<link rel=\"canonical\" href=\"https:\/\/jackpotlotteryonline.com\/sl\/kupiti-vstopnice\/set-for-life\/\" \/>\n<meta property=\"og:locale\" content=\"sl_SI\" \/>\n<meta property=\"og:type\" content=\"article\" \/>\n<meta property=\"og:title\" content=\"Nakup vstopnic za koncert Set for life zunaj Zdru\u017eenega kraljestva | Pridobite vstopnice za koncert Set for Life na spletu\" \/>\n<meta property=\"og:description\" content=\"Set za \u017eivljenje je zelo posebna loterija, a \u010de \u017eelite sodelovati zunaj Zdru\u017eenega kraljestva, morate vstopnico kupiti prek spleta tukaj\" \/>\n<meta property=\"og:url\" content=\"https:\/\/jackpotlotteryonline.com\/sl\/kupiti-vstopnice\/set-for-life\/\" \/>\n<meta property=\"og:site_name\" content=\"Lotto Online - Crack The International Lottery Jackpots\" \/>\n<meta property=\"article:modified_time\" content=\"2023-01-04T08:23:02+00:00\" \/>\n<meta property=\"og:image\" content=\"http:\/\/jackpotlotteryonline.com\/wp-content\/uploads\/2022\/11\/2_ticket_uk_lottery-192x300.jpg\" \/>\n<meta name=\"twitter:card\" content=\"summary_large_image\" \/>\n<meta name=\"twitter:label1\" content=\"Est. reading time\" \/>\n\t<meta name=\"twitter:data1\" content=\"4 minute\" \/>\n<!-- \/ Yoast SEO plugin. -->","yoast_head_json":{"title":"Nakup vstopnic za koncert Set for life zunaj Zdru\u017eenega kraljestva | Pridobite vstopnice za koncert Set for Life na spletu","description":"Set za \u017eivljenje je zelo posebna loterija, a \u010de \u017eelite sodelovati zunaj Zdru\u017eenega kraljestva, morate vstopnico kupiti prek spleta tukaj","robots":{"index":"index","follow":"follow","max-snippet":"max-snippet:-1","max-image-preview":"max-image-preview:large","max-video-preview":"max-video-preview:-1"},"canonical":"https:\/\/jackpotlotteryonline.com\/sl\/kupiti-vstopnice\/set-for-life\/","og_locale":"sl_SI","og_type":"article","og_title":"Nakup vstopnic za koncert Set for life zunaj Zdru\u017eenega kraljestva | Pridobite vstopnice za koncert Set for Life na spletu","og_description":"Set za \u017eivljenje je zelo posebna loterija, a \u010de \u017eelite sodelovati zunaj Zdru\u017eenega kraljestva, morate vstopnico kupiti prek spleta tukaj","og_url":"https:\/\/jackpotlotteryonline.com\/sl\/kupiti-vstopnice\/set-for-life\/","og_site_name":"Lotto Online - Crack The International Lottery Jackpots","article_modified_time":"2023-01-04T08:23:02+00:00","og_image":[{"url":"http:\/\/jackpotlotteryonline.com\/wp-content\/uploads\/2022\/11\/2_ticket_uk_lottery-192x300.jpg"}],"twitter_card":"summary_large_image","twitter_misc":{"Est. reading time":"4 minute"},"schema":{"@context":"https:\/\/schema.org","@graph":[{"@type":"WebPage","@id":"https:\/\/jackpotlotteryonline.com\/sl\/kupiti-vstopnice\/set-for-life\/","url":"https:\/\/jackpotlotteryonline.com\/sl\/kupiti-vstopnice\/set-for-life\/","name":"Nakup vstopnic za koncert Set for life zunaj Zdru\u017eenega kraljestva | Pridobite vstopnice za koncert Set for Life na spletu","isPartOf":{"@id":"https:\/\/jackpotlotteryonline.com\/#website"},"primaryImageOfPage":{"@id":"https:\/\/jackpotlotteryonline.com\/sl\/kupiti-vstopnice\/set-for-life\/#primaryimage"},"image":{"@id":"https:\/\/jackpotlotteryonline.com\/sl\/kupiti-vstopnice\/set-for-life\/#primaryimage"},"thumbnailUrl":"http:\/\/jackpotlotteryonline.com\/wp-content\/uploads\/2022\/11\/2_ticket_uk_lottery-192x300.jpg","datePublished":"2022-11-09T11:36:48+00:00","dateModified":"2023-01-04T08:23:02+00:00","description":"Set za \u017eivljenje je zelo posebna loterija, a \u010de \u017eelite sodelovati zunaj Zdru\u017eenega kraljestva, morate vstopnico kupiti prek spleta tukaj","breadcrumb":{"@id":"https:\/\/jackpotlotteryonline.com\/sl\/kupiti-vstopnice\/set-for-life\/#breadcrumb"},"inLanguage":"sl-SI","potentialAction":[{"@type":"ReadAction","target":["https:\/\/jackpotlotteryonline.com\/sl\/kupiti-vstopnice\/set-for-life\/"]}]},{"@type":"ImageObject","inLanguage":"sl-SI","@id":"https:\/\/jackpotlotteryonline.com\/sl\/kupiti-vstopnice\/set-for-life\/#primaryimage","url":"http:\/\/jackpotlotteryonline.com\/wp-content\/uploads\/2022\/11\/2_ticket_uk_lottery-192x300.jpg","contentUrl":"http:\/\/jackpotlotteryonline.com\/wp-content\/uploads\/2022\/11\/2_ticket_uk_lottery-192x300.jpg"},{"@type":"BreadcrumbList","@id":"https:\/\/jackpotlotteryonline.com\/sl\/kupiti-vstopnice\/set-for-life\/#breadcrumb","itemListElement":[{"@type":"ListItem","position":1,"name":"Home","item":"https:\/\/jackpotlotteryonline.com\/sl\/"},{"@type":"ListItem","position":2,"name":"Kako kupiti loterijske vstopnice na spletu","item":"https:\/\/jackpotlotteryonline.com\/sl\/kupiti-vstopnice\/"},{"@type":"ListItem","position":3,"name":"Nakup vstopnic Set for Life"}]},{"@type":"WebSite","@id":"https:\/\/jackpotlotteryonline.com\/#website","url":"https:\/\/jackpotlotteryonline.com\/","name":"Lotto Online - Crack The International Lottery Jackpots","description":"","potentialAction":[{"@type":"SearchAction","target":{"@type":"EntryPoint","urlTemplate":"https:\/\/jackpotlotteryonline.com\/?s={search_term_string}"},"query-input":"required name=search_term_string"}],"inLanguage":"sl-SI"}]}},"_links":{"self":[{"href":"https:\/\/jackpotlotteryonline.com\/sl\/wp-json\/wp\/v2\/pages\/36964","targetHints":{"allow":["GET"]}}],"collection":[{"href":"https:\/\/jackpotlotteryonline.com\/sl\/wp-json\/wp\/v2\/pages"}],"about":[{"href":"https:\/\/jackpotlotteryonline.com\/sl\/wp-json\/wp\/v2\/types\/page"}],"author":[{"embeddable":true,"href":"https:\/\/jackpotlotteryonline.com\/sl\/wp-json\/wp\/v2\/users\/1"}],"replies":[{"embeddable":true,"href":"https:\/\/jackpotlotteryonline.com\/sl\/wp-json\/wp\/v2\/comments?post=36964"}],"version-history":[{"count":0,"href":"https:\/\/jackpotlotteryonline.com\/sl\/wp-json\/wp\/v2\/pages\/36964\/revisions"}],"up":[{"embeddable":true,"href":"https:\/\/jackpotlotteryonline.com\/sl\/wp-json\/wp\/v2\/pages\/35780"}],"wp:attachment":[{"href":"https:\/\/jackpotlotteryonline.com\/sl\/wp-json\/wp\/v2\/media?parent=36964"}],"curies":[{"name":"wp","href":"https:\/\/api.w.org\/{rel}","templated":true}]}}