{"id":37017,"date":"2022-11-09T13:34:04","date_gmt":"2022-11-09T13:34:04","guid":{"rendered":"https:\/\/jackpotlotteryonline.com\/?page_id=37017"},"modified":"2022-12-24T09:10:06","modified_gmt":"2022-12-24T09:10:06","slug":"mega-sena","status":"publish","type":"page","link":"https:\/\/jackpotlotteryonline.com\/sl\/kupiti-vstopnice\/mega-sena\/","title":{"rendered":"Nakup vstopnic Mega Sena"},"content":{"rendered":"<p>Mega Sena je najve\u010dja loterija v Braziliji z enim najve\u010djih jackpotov na svetu. Zato ni \u010dudno, da so igralci po vsem svetu \u017eeljni prilo\u017enosti za osvojitev glavnega dobitka. Zanimivo je, da je loterijo Mega Sena tudi enostavno igrati, la\u017eje kot \u0161tevilne druge mednarodne loterije. Enostavnost igranja, velik glavni dobitek in ugodne kvote so vse skupaj razlog, da je ta loterija zelo privla\u010dna za igralce po vsem svetu.<\/p>\n<p><a href=\"https:\/\/jackpotlotteryonline.com\/sl\/kako-igrati\/mega-sena-2\">Igranje loterije Mega Sena<\/a> je tako preprosto kot ujemanje \u0161estih iz\u017erebanih \u0161tevilk. Pri igranju te loterije ni posebnih ali bonus \u0161tevilk. Preprosto izberite 6 \u0161tevilk od 1 do 60 in <a href=\"https:\/\/jackpotlotteryonline.com\/sl\/zmagovalne-stevilke\/mega-sena\">sodelujte v \u017erebanju<\/a>.<\/p>\n<p>\u010ceprav morate za sodelovanje v \u017erebanju izbrati \u0161est \u0161tevilk, \u0161tevilo vrstic, ki jih lahko izberete, ni omejeno. Tako lahko izberete deset vrstic s \u0161estimi \u0161tevilkami in tako pove\u010date svoje mo\u017enosti za zmago na loteriji.<\/p>\n<h2>Kje kupiti sre\u010dke Mega Sena<\/h2>\n<p><img loading=\"lazy\" decoding=\"async\" class=\"alignright size-full wp-image-28778\" src=\"https:\/\/jackpotlotteryonline.com\/wp-content\/uploads\/2022\/11\/1_online_ticket_eurojackpot2.jpg\" alt=\"nakup vstopnic za tekmovanje Mega Sena\" width=\"300\" height=\"200\" \/><\/p>\n<p>\u010ce \u017eivite v Braziliji, je sodelovanje v tej loteriji tako preprosto, kot da se odpravite do prodajalca loterije in kupite sre\u010dke. Vendar to lahko predstavlja izziv za igralce, ki \u017eivijo zunaj dr\u017eave. \u010ce \u017eivite zunaj te jurisdikcije, imate na voljo eno mo\u017enost. Svoje sre\u010dke morate kupiti prek spleta.<\/p>\n<h2>Nakup sre\u010dk Mega Sena prek spleta<\/h2>\n<p>Igranje loterije prek spleta je precej preprosto in igralcem omogo\u010da, da se udele\u017eijo loterij z vsega sveta. Obi\u010dajno igralci, ki ne \u017eivijo v dolo\u010deni dr\u017eavi, ne bi mogli igrati loterije iz te dr\u017eave. Internet je demokratiziral udele\u017ebo na loteriji, saj je omogo\u010dil sodelovanje igralcem, ki jim je bila prej zaradi geografskih meja onemogo\u010dena udele\u017eba.<\/p>\n<p>Zdaj je igranje loterije Mega Sena tako preprosto kot obisk spletnega loterijskega mesta, kot je jackpotlotteryonline.com. Tam lahko kupite svojo sre\u010dko tako, da izberete \u0161tevilke in se odlo\u010dite, v koliko \u017erebanjih \u017eelite sodelovati. Ko to storite, morate le po\u010dakati na rezultate \u017erebanja.<\/p>\n<h2>Kak\u0161en je glavni dobitek te loterije?<\/h2>\n<p>Ali smo omenili, da je Mega Sena ena najve\u010djih loterij na svetu? To se morda zdi te\u017eko verjeti, \u010de upo\u0161tevate za\u010detni glavni dobitek v vi\u0161ini 450 00 USD, zlasti \u010de ga postavimo ob bok nekaterim drugim loterijam z ve\u010djimi za\u010detnimi glavnimi dobitki.<\/p>\n<p>Toda lepota igre Mega Sena je v tem, da se glavni dobitki lahko pove\u010dajo na neverjetno visoke zneske. Nekateri od najve\u010djih jackpotov, ki so jih osvojili igralci igre Mega Sena, so zna\u0161ali ve\u010d milijonov ameri\u0161kih dolarjev. Najve\u010dji glavni dobitek je zna\u0161al nekaj ve\u010d kot 73 milijonov ameri\u0161kih dolarjev.<\/p>\n<p>\u010ce to upo\u0161tevate, je jasno, da je igranje loterije Mega Sena lahko zelo dobra izbira, ko i\u0161\u010dete loterije, v katere bi se lahko vklju\u010dili.<\/p>\n<section class=\"layout\" style=\"border: solid 1px; width: 100%;\">\n<div class=\"img-div\" style=\"margin-top: 5px;\"><img decoding=\"async\" class=\"wp-image-17212 alignleft\" style=\"height: 45px; margin: 8px 8px 0px;\" src=\"https:\/\/jackpotlotteryonline.com\/wp-content\/uploads\/2022\/11\/read1.jpg\" alt=\"Preberite\" width=\"\" height=\"\" \/><\/div>\n<div style=\"padding-left: 5px;\">\n<div style=\"font-size: 1.1em;\">\n<p><strong>Nekaj trikov in nasvetov za izbiro \u0161tevilk<\/strong><\/p>\n<p style=\"font-size: 0.85em; margin-top: -1.5em;\">Pove\u010dajte svoje mo\u017enosti za zmago &#8211; uporabite strategijo za izbiro \u0161tevilk.\u00a0<a href=\"https:\/\/jackpotlotteryonline.com\/sl\/a-nekaj-trikov-in-nasvetov-za-izbiranje-svojih-stevilk\"> preberi ve\u010d<\/a><\/p>\n<\/div>\n<\/div>\n<\/section>\n<h2>Kaj se zgodi, \u010de zmagate na loteriji?<\/h2>\n<p>To je vpra\u0161anje, s katerim se pogosto sre\u010dujemo, zlasti od tistih, ki kupujejo sre\u010dke loterije Mega Sena zunaj ju\u017enoameri\u0161ke dr\u017eave. Morda se spra\u0161ujete, ali morate leteti vse do te ju\u017enoameri\u0161ke dr\u017eave, da bi prevzeli nagrado. Vendar to nikakor ni potrebno, \u010deprav \u010de si \u017eelite obiskati in u\u017eivati v znamenitostih, vsekakor rezervirajte let.<\/p>\n<p>\u010ce pa \u017eelite igrati na loteriji brez te\u017eav in brez stresa zahtevati svoj dobitek, je spletno igranje odli\u010den na\u010din za to.<\/p>\n<p>Ko se registrirate pri nas, naredimo \u0161e korak naprej in vam zagotovimo, da lahko sodelujete v mednarodnih loterijah po va\u0161i izbiri, vklju\u010dno z loterijo Mega Sena. Ne samo to, z na\u0161ega spletnega mesta lahko tudi enostavno izpla\u010date svoje dobitke na svoj ra\u010dun. Igranje loterije \u0161e nikoli ni bilo tako enostavno.<\/p>\n<h2>Kaj pa loterija Mega da Virada?<\/h2>\n<p><img loading=\"lazy\" decoding=\"async\" class=\"alignright size-full wp-image-35593\" src=\"https:\/\/jackpotlotteryonline.com\/wp-content\/uploads\/2022\/11\/2_ticket_uk_lottery2-1-190x300-1.jpg\" alt=\"Loterijski listek Mega Sena\" width=\"190\" height=\"300\" \/><\/p>\n<p>\u0160e posebej smo veseli, da ste vpra\u0161ali o tem, saj gre za enega najve\u010djih glavnih dobitkov. Pravzaprav je to najve\u010dji glavni dobitek leta v Braziliji, njegov znesek pa bi lahko zna\u0161al do 60 milijonov dolarjev.<\/p>\n<p>Mega da Virada je poseben glavni dobitek loterije Mega Sena, ki poteka enkrat na leto. \u017drebanje Mega Virada je vsako leto 31. oktobra in igralcem daje prilo\u017enost za velik dobitek.<\/p>\n<p>Poleg tega se dobitek Mega da Virada ne obra\u010da, zato ga je treba osvojiti, sicer ga za vse leto ni ve\u010d.<\/p>\n<h2>Redni dnevi \u017erebanja Mega Sena<\/h2>\n<p>Ko kupite sre\u010dke Mega Sena, lahko sodelujete v \u017erebanju v sredo ali soboto. Seveda se lahko udele\u017eite obeh, kar priporo\u010damo, saj se tako pove\u010dajo va\u0161e mo\u017enosti za osvojitev nagrade.<\/p>\n<p>\u010ce si resni\u010dno \u017eelite pove\u010dati svoje mo\u017enosti za osvojitev glavnega dobitka, razmislite o vklju\u010ditvi v loterijski sindikat. Prednost tega je, da bi imeli dostop do sklada, kar bi vam omogo\u010dilo sodelovanje v ve\u010d \u017erebanjih, ne da bi porabili vsa svoja sredstva.<\/p>\n<h2>Nagradne stopnje<\/h2>\n<p>Loterija Mega Sena ima tri nagradne stopnje, ki vklju\u010dujejo glavni dobitek. To pomeni, da imajo igralci poleg glavnega dobitka mo\u017enost osvojiti nagrade \u0161e v dveh drugih kategorijah. V nadaljevanju jih bomo na\u0161teli in prikazali, kako lahko v teh ravneh osvojite dobitke.<\/p>\n<p>Ujemite 6 \u0161tevilk &#8211; glavni dobitek &#8211; 35 % nagradnega sklada<br \/>\nUjemite 5 \u0161tevilk &#8211; 2. stopnja &#8211; 19 % nagradnega sklada<br \/>\nujemanje 4 \u0161tevilk &#8211; stopnja 3 &#8211; 19 % nagradnega sklada<\/p>\n<p><strong>Zanimivost: verjetnost, da osvojite nagrado, \u010de igrate z enim listkom s 6 \u0161tevilkami, je 1 proti 2.298.<\/strong><\/p>\n<h2>Registrirajte se pri nas in vstopite v loterijo Mega Sena<\/h2>\n<p>Naj vas dejstvo, da ne \u017eivite v Ju\u017eni Ameriki, ne ustavi pri u\u017eivanju v loteriji Mega Sena. Mo\u017enosti za zmago so velike, nagrade pa mamljive. \u010ce torej \u017eivite zunaj Brazilije, lahko kupite sre\u010dke Mega Sena na na\u0161i spletni strani tako, da se registrirate pri nas.<\/p>\n<p>Ponujamo re\u0161itev na enem mestu, ki poenostavlja celoten postopek igranja loterije. Zdaj se lahko sprostite in brez te\u017eav vpla\u010date svojo stavo, saj za vas poskrbimo za vse stresne stvari. Zakaj ne bi kupili sre\u010dk Mega Sena zdaj in imeli prilo\u017enost za veliko zmago?<\/p>\n","protected":false},"excerpt":{"rendered":"<p>Mega Sena je najve\u010dja loterija v Braziliji z enim najve\u010djih jackpotov na svetu. Zato ni \u010dudno, da so igralci po vsem svetu \u017eeljni prilo\u017enosti za osvojitev glavnega dobitka. Zanimivo je, da je loterijo Mega Sena tudi enostavno igrati, la\u017eje kot \u0161tevilne druge mednarodne loterije. Enostavnost igranja, velik glavni dobitek in ugodne kvote so vse skupaj [&hellip;]<\/p>\n","protected":false},"author":1,"featured_media":0,"parent":35780,"menu_order":15,"comment_status":"closed","ping_status":"closed","template":"megasena-info.php","meta":{"_et_pb_use_builder":"","_et_pb_old_content":"","_et_gb_content_width":"","exclude_from_search":false,"footnotes":""},"class_list":["post-37017","page","type-page","status-publish","hentry"],"yoast_head":"<!-- This site is optimized with the Yoast SEO plugin v23.3 - https:\/\/yoast.com\/wordpress\/plugins\/seo\/ -->\n<title>Nakup vstopnic Mega Sena zunaj Brazilije | Pridobite vstopnice Mega Sena na spletu<\/title>\n<meta name=\"description\" content=\"Za udele\u017ebo na Mega Sena vam ni treba biti v Braziliji, vstopnice za Mega Sena lahko kupite prek spleta na na\u0161i spletni strani\" \/>\n<meta name=\"robots\" content=\"index, follow, max-snippet:-1, max-image-preview:large, max-video-preview:-1\" \/>\n<link rel=\"canonical\" href=\"https:\/\/jackpotlotteryonline.com\/sl\/kupiti-vstopnice\/mega-sena\/\" \/>\n<meta property=\"og:locale\" content=\"sl_SI\" \/>\n<meta property=\"og:type\" content=\"article\" \/>\n<meta property=\"og:title\" content=\"Nakup vstopnic Mega Sena zunaj Brazilije | Pridobite vstopnice Mega Sena na spletu\" \/>\n<meta property=\"og:description\" content=\"Za udele\u017ebo na Mega Sena vam ni treba biti v Braziliji, vstopnice za Mega Sena lahko kupite prek spleta na na\u0161i spletni strani\" \/>\n<meta property=\"og:url\" content=\"https:\/\/jackpotlotteryonline.com\/sl\/kupiti-vstopnice\/mega-sena\/\" \/>\n<meta property=\"og:site_name\" content=\"Lotto Online - Crack The International Lottery Jackpots\" \/>\n<meta property=\"article:modified_time\" content=\"2022-12-24T09:10:06+00:00\" \/>\n<meta property=\"og:image\" content=\"https:\/\/jackpotlotteryonline.com\/wp-content\/uploads\/2022\/11\/1_online_ticket_eurojackpot2.jpg\" \/>\n<meta name=\"twitter:card\" content=\"summary_large_image\" \/>\n<meta name=\"twitter:label1\" content=\"Est. reading time\" \/>\n\t<meta name=\"twitter:data1\" content=\"5 minut\" \/>\n<!-- \/ Yoast SEO plugin. -->","yoast_head_json":{"title":"Nakup vstopnic Mega Sena zunaj Brazilije | Pridobite vstopnice Mega Sena na spletu","description":"Za udele\u017ebo na Mega Sena vam ni treba biti v Braziliji, vstopnice za Mega Sena lahko kupite prek spleta na na\u0161i spletni strani","robots":{"index":"index","follow":"follow","max-snippet":"max-snippet:-1","max-image-preview":"max-image-preview:large","max-video-preview":"max-video-preview:-1"},"canonical":"https:\/\/jackpotlotteryonline.com\/sl\/kupiti-vstopnice\/mega-sena\/","og_locale":"sl_SI","og_type":"article","og_title":"Nakup vstopnic Mega Sena zunaj Brazilije | Pridobite vstopnice Mega Sena na spletu","og_description":"Za udele\u017ebo na Mega Sena vam ni treba biti v Braziliji, vstopnice za Mega Sena lahko kupite prek spleta na na\u0161i spletni strani","og_url":"https:\/\/jackpotlotteryonline.com\/sl\/kupiti-vstopnice\/mega-sena\/","og_site_name":"Lotto Online - Crack The International Lottery Jackpots","article_modified_time":"2022-12-24T09:10:06+00:00","og_image":[{"url":"https:\/\/jackpotlotteryonline.com\/wp-content\/uploads\/2022\/11\/1_online_ticket_eurojackpot2.jpg"}],"twitter_card":"summary_large_image","twitter_misc":{"Est. reading time":"5 minut"},"schema":{"@context":"https:\/\/schema.org","@graph":[{"@type":"WebPage","@id":"https:\/\/jackpotlotteryonline.com\/sl\/kupiti-vstopnice\/mega-sena\/","url":"https:\/\/jackpotlotteryonline.com\/sl\/kupiti-vstopnice\/mega-sena\/","name":"Nakup vstopnic Mega Sena zunaj Brazilije | Pridobite vstopnice Mega Sena na spletu","isPartOf":{"@id":"https:\/\/jackpotlotteryonline.com\/#website"},"primaryImageOfPage":{"@id":"https:\/\/jackpotlotteryonline.com\/sl\/kupiti-vstopnice\/mega-sena\/#primaryimage"},"image":{"@id":"https:\/\/jackpotlotteryonline.com\/sl\/kupiti-vstopnice\/mega-sena\/#primaryimage"},"thumbnailUrl":"https:\/\/jackpotlotteryonline.com\/wp-content\/uploads\/2022\/11\/1_online_ticket_eurojackpot2.jpg","datePublished":"2022-11-09T13:34:04+00:00","dateModified":"2022-12-24T09:10:06+00:00","description":"Za udele\u017ebo na Mega Sena vam ni treba biti v Braziliji, vstopnice za Mega Sena lahko kupite prek spleta na na\u0161i spletni strani","breadcrumb":{"@id":"https:\/\/jackpotlotteryonline.com\/sl\/kupiti-vstopnice\/mega-sena\/#breadcrumb"},"inLanguage":"sl-SI","potentialAction":[{"@type":"ReadAction","target":["https:\/\/jackpotlotteryonline.com\/sl\/kupiti-vstopnice\/mega-sena\/"]}]},{"@type":"ImageObject","inLanguage":"sl-SI","@id":"https:\/\/jackpotlotteryonline.com\/sl\/kupiti-vstopnice\/mega-sena\/#primaryimage","url":"https:\/\/jackpotlotteryonline.com\/wp-content\/uploads\/2022\/11\/1_online_ticket_eurojackpot2.jpg","contentUrl":"https:\/\/jackpotlotteryonline.com\/wp-content\/uploads\/2022\/11\/1_online_ticket_eurojackpot2.jpg"},{"@type":"BreadcrumbList","@id":"https:\/\/jackpotlotteryonline.com\/sl\/kupiti-vstopnice\/mega-sena\/#breadcrumb","itemListElement":[{"@type":"ListItem","position":1,"name":"Home","item":"https:\/\/jackpotlotteryonline.com\/sl\/"},{"@type":"ListItem","position":2,"name":"Kako kupiti loterijske vstopnice na spletu","item":"https:\/\/jackpotlotteryonline.com\/sl\/kupiti-vstopnice\/"},{"@type":"ListItem","position":3,"name":"Nakup vstopnic Mega Sena"}]},{"@type":"WebSite","@id":"https:\/\/jackpotlotteryonline.com\/#website","url":"https:\/\/jackpotlotteryonline.com\/","name":"Lotto Online - Crack The International Lottery Jackpots","description":"","potentialAction":[{"@type":"SearchAction","target":{"@type":"EntryPoint","urlTemplate":"https:\/\/jackpotlotteryonline.com\/?s={search_term_string}"},"query-input":"required name=search_term_string"}],"inLanguage":"sl-SI"}]}},"_links":{"self":[{"href":"https:\/\/jackpotlotteryonline.com\/sl\/wp-json\/wp\/v2\/pages\/37017","targetHints":{"allow":["GET"]}}],"collection":[{"href":"https:\/\/jackpotlotteryonline.com\/sl\/wp-json\/wp\/v2\/pages"}],"about":[{"href":"https:\/\/jackpotlotteryonline.com\/sl\/wp-json\/wp\/v2\/types\/page"}],"author":[{"embeddable":true,"href":"https:\/\/jackpotlotteryonline.com\/sl\/wp-json\/wp\/v2\/users\/1"}],"replies":[{"embeddable":true,"href":"https:\/\/jackpotlotteryonline.com\/sl\/wp-json\/wp\/v2\/comments?post=37017"}],"version-history":[{"count":0,"href":"https:\/\/jackpotlotteryonline.com\/sl\/wp-json\/wp\/v2\/pages\/37017\/revisions"}],"up":[{"embeddable":true,"href":"https:\/\/jackpotlotteryonline.com\/sl\/wp-json\/wp\/v2\/pages\/35780"}],"wp:attachment":[{"href":"https:\/\/jackpotlotteryonline.com\/sl\/wp-json\/wp\/v2\/media?parent=37017"}],"curies":[{"name":"wp","href":"https:\/\/api.w.org\/{rel}","templated":true}]}}