{"id":37071,"date":"2022-11-10T07:36:56","date_gmt":"2022-11-10T07:36:56","guid":{"rendered":"https:\/\/jackpotlotteryonline.com\/?page_id=37071"},"modified":"2023-01-06T10:08:56","modified_gmt":"2023-01-06T10:08:56","slug":"new-york-lottery","status":"publish","type":"page","link":"https:\/\/jackpotlotteryonline.com\/sl\/kupiti-vstopnice\/new-york-lottery\/","title":{"rendered":"Vstopnice za New York Lottery"},"content":{"rendered":"<p>\u010ce i\u0161\u010dete loterijo s pestro zgodovino, je New York Lotto va\u0161a najbolj\u0161a izbira. Ta loterija, ki je pre\u017eeta z zgodovino in \u0161kandali, je bila ustanovljena tudi z dobrim namenom. <a href=\"https:\/\/jackpotlotteryonline.com\/sl\/kako-igrati\/new-york-lottery-2\">Igranje loterije<\/a> je dober na\u010din za zabavo, poleg tega pa vam omogo\u010da tudi nekaj, \u010desar se lahko veselite.<\/p>\n<p>Igralci zunaj ZDA, ki \u017eelijo kupiti sre\u010dke za to loterijo, lahko to storijo na spletni strani jackpotlotteryonline.com. Igralcem omogo\u010damo dostop do najbolj\u0161ih mednarodnih loterij ne glede na to, kje na svetu se nahajajo.<\/p>\n<h2>Kratka zgodovina loterije New York Lotto<\/h2>\n<p>To je loterija, ki jo vodi vlada zvezne dr\u017eave New York v ZDA. Ustanovljena je bila leta 1967 kot pomo\u010d pri financiranju izobra\u017eevanja v zvezni dr\u017eavi. Dr\u017eavljani zvezne dr\u017eave so na referendumu izglasovali spremembo ustave, ki je omogo\u010dila dr\u017eavno loterijo. Zanimivo je, da je bil prvi slogan loterije &#8220;Va\u0161a \u017eivljenjska prilo\u017enost za pomo\u010d izobra\u017eevanju&#8221;.<\/p>\n<p>\u010ce se morate dobro po\u010dutiti ob igranju loterije, je ta loterija dobra prilo\u017enost za vas. Ne le, da boste imeli prilo\u017enost za veliko zmago, ampak tudi veste, da ste pri tem naredili nekaj dobrega.<\/p>\n<p>Zanimivo je tudi dejstvo, da je to loterijo \u017ee na za\u010detku prizadel \u0161kandal, in to ne enkrat, ampak kar dvakrat. Leta 1975-6 je bila prodaja ustavljena, ker je bilo ugotovljeno, da so bile neprodane sre\u010dke razgla\u0161ene za dobitnike. Nato so v 80. letih prej\u0161njega stoletja dr\u017eavni uslu\u017ebenci manipulirali z rezultati v korist dru\u017eine in prijateljev. Ti \u010dasi so \u017ee zdavnaj minili in loterija je postala ena bolj zanesljivih v dr\u017eavi.<\/p>\n<h2>Kako kupiti sre\u010dke Lotto zunaj ZDA<\/h2>\n<p><img loading=\"lazy\" decoding=\"async\" class=\"alignright size-full wp-image-26402\" src=\"http:\/\/jackpotlotteryonline.com\/wp-content\/uploads\/2022\/11\/1_buy_online_ticket_powerball.jpg\" alt=\"Nagrada Loterije New York\" width=\"300\" height=\"194\" \/><\/p>\n<p>\u010ce \u017eivite zunaj Zdru\u017eenih dr\u017eav, obstaja samo en zakonit na\u010din za nakup loterijskih sre\u010dk. To je tako, da jih prek spleta kupite pri spletnem prodajalcu loterije, kot je jackpotlotteryonline.com.<\/p>\n<p>Za nakup sre\u010dk preprosto obi\u0161\u010dite spletno mesto in kliknite \u017eeleno loterijo. Nato izberite \u0161est \u0161tevilk od 1 do 59. Za pove\u010danje mo\u017enosti za zmago lahko kupite ve\u010d vrstic. Ko izberete \u0161tevilke, vstopite v izbrano \u017erebanje in opravite pla\u010dilo.<\/p>\n<p>Igranje loterije zunaj Zdru\u017eenih dr\u017eav prek interneta je zakonito in legitimno. Poleg tega igralcem po vsem svetu odpira svet mo\u017enosti. Ni vam ve\u010d treba biti omejeni z geografijo, saj lahko preprosto stavite brez meja.<\/p>\n<h2>Bonusna \u0161tevilka<\/h2>\n<p>Da, obstaja bonusna \u0161tevilka, ki je sedma iz\u017erebana \u0161tevilka. Vendar se bonusna \u0161tevilka ne uporablja za dolo\u010ditev glavnega dobitka, temve\u010d za drugi dobitek. Za osvojitev druge nagradne kategorije mora igralec ujemati \u0161est iz\u017erebanih \u0161tevilk in bonusno \u0161tevilko.<\/p>\n<section class=\"layout\" style=\"border: solid 1px; width: 100%;\">\n<div class=\"img-div\" style=\"margin-top: 5px;\"><img decoding=\"async\" class=\"wp-image-17212 alignleft\" style=\"height: 45px; margin: 8px 8px 0px;\" src=\"http:\/\/jackpotlotteryonline.com\/wp-content\/uploads\/2022\/11\/read1.jpg\" alt=\"Preberite\" width=\"\" height=\"\" \/><\/div>\n<div style=\"padding-left: 5px;\">\n<div style=\"font-size: 1.1em;\">\n<p><strong>Nasveti za loterijo<\/strong><\/p>\n<p style=\"font-size: 0.85em; margin-top: -1.5em;\">Nasveti, ki vam pomagajo zmagati na loteriji <a href=\"https:\/\/jackpotlotteryonline.com\/sl\/nasveti-ki-vam-pomagajo-zmagati-na-loteriji\"> preberi ve\u010d<\/a><\/p>\n<\/div>\n<\/div>\n<\/section>\n<h2>Nagradne kategorije<\/h2>\n<p>Verjetnost za osvojitev nagrade je 1 proti 92,05. Razdelitev nagrad je odvisna od celotne prodaje. Tako se za vsak loto 40 % prodaje nameni za denarne nagrade. Glavni dobitek je odstotek tega zneska in ni fiksni znesek. Nagradne kategorije so opisane spodaj:<\/p>\n<p>Kategorija 1: 6 \u0161tevilk &#8211; glavni dobitek (30 %)<br \/>\nKategorija 2: 5 + bonusna \u0161tevilka &#8211; 2,9 % prodaje<br \/>\nKategorija 3: 5 \u0161tevilk &#8211; 2,2 % prodaje<br \/>\nkategorija 4: 4 \u0161tevilke &#8211; 2,5 % prodaje<br \/>\nKategorija 5: 3 \u0161tevilke &#8211; 2,4 % prodaje<\/p>\n<h2>New York Lotto draw dni<\/h2>\n<p><a href=\"https:\/\/www.deepl.com\/translator#en\/sl\/read\">Newyor\u0161ka loterija (kot se v\u010dasih imenuje) ima dva dneva \u017erebanja na teden<\/a>. To so srede in sobote. Tako se lahko ve\u010d tednov vnaprej prijavite za ve\u010d dni \u017erebanja.<\/p>\n<p>\u010ce \u017eelite izvedeti, ali ste osvojili nagrado, si lahko \u017erebanja ogledate po televiziji ali preverite rezultate \u017erebanj v novicah. Vendar to lahko postane utrujajo\u010de, zlasti \u010de ste v tistem \u010dasu zelo zaposleni. \u010ce \u017eelite preprostej\u0161o mo\u017enost, se registrirajte pri nas in takoj vas bomo opozorili, \u010de boste osvojili dobitek.<\/p>\n<h2>Zakaj bi morali igrati na loteriji New York?<\/h2>\n<p>Ko pomislite na dejstvo, da je denarni dobitek odvisen od prodaje, vas lahko obupa. Kaj se zgodi, \u010de prodaja ni dobra? To pomeni, da se lahko glavni dobitek znatno zmanj\u0161a. To je resni\u010den strah, s katerim se sre\u010dujejo igralci, ko igrajo to loterijo.<\/p>\n<p>Vendar je nekaj stvari, ki govorijo v prid loteriji, ki jo vodi vlada zvezne dr\u017eave New York. Prva je, da je zanimanje za to loterijo veliko, zato je prodaja \u0161e vedno precej dobra. Glavni dobitek ni tako velik kot pri nekaterih drugih mednarodnih loterijah, vendar lahko igralci osvojijo do 10 milijonov dolarjev.<\/p>\n<p>Prav tako so mo\u017enosti za osvojitev nagrade veliko ve\u010dje kot pri drugih loterijah z ve\u010djimi glavnimi dobitki. \u010ceprav se nekaterim igralcem to morda ne zdi visoko tvegana stava, ugodne kvote vsekakor olaj\u0161ajo zadevo. Poleg tega glavni dobitek sploh ni slab in lahko iz zmagovalcev \u0161e vedno naredi milijonarje.<\/p>\n<h2>Registrirajte se pri nas za izku\u0161njo brez stresa<\/h2>\n<p><img loading=\"lazy\" decoding=\"async\" class=\"size-full wp-image-35321 alignright\" src=\"http:\/\/jackpotlotteryonline.com\/wp-content\/uploads\/2022\/11\/2_ticket_superenalotto-1.jpg\" alt=\"Loterijski listek New York Lotto\" width=\"228\" height=\"300\" \/><\/p>\n<p>Igranje New York Lotto je enostavno in brez te\u017eav, \u010de se registrirate pri nas. Ko obi\u0161\u010dete na\u0161o spletno stran, boste na\u0161li veliko \u0161tevilo mednarodnih loterij, v katere se lahko vklju\u010dite. Priskrbite si sre\u010dko in stavite na izbrano loterijo ter po \u017eelji izberite ve\u010d vnosov. \u010ce niste prepri\u010dani, katere \u0161tevilke izbrati, vam bo pri tem pomagalo na\u0161e orodje za samodejno izbiranje.<\/p>\n<p>Ko izberete \u0161tevilke, vstopite v \u017erebanje in pojdite na obmo\u010dje za pla\u010dilo. Na tej to\u010dki vas bomo pozvali k registraciji. Razlogi za to so naslednji:<\/p>\n<ul>\n<li>Ko se registrirate, lahko zagotovite, da bodo va\u0161e sre\u010dke na varnem, tako da boste zlahka prevzeli morebitne nagrade, ki jih boste osvojili.<\/li>\n<li>\u010ce boste osvojili katero koli nagrado, boste prejeli opozorilo na nadzorni plo\u0161\u010di in po e-po\u0161ti<\/li>\n<li>izpla\u010dilo nagrade \u0161e nikoli ni bilo tako enostavno, saj lahko to storite kar na na\u0161i platformi<\/li>\n<\/ul>\n<h2>Kako veste, da sodelujete v loteriji?<\/h2>\n<p>To je legitimno vpra\u0161anje, saj obstaja ve\u010d storitev, ki prodajajo sre\u010dke, vendar vam ne omogo\u010dajo dostopa do loterije. Njihova naloga je, da vam dajo mo\u017enost, da stavite na glavni dobitek. Tako lahko, tudi \u010de zmagate, dobite le del\u010dek zneska glavnega dobitka. Mi tega ne po\u010dnemo.<\/p>\n<p>Vodimo storitev concierge, ki na\u0161im strankam zagotavlja dostop do loterij po njihovi izbiri v realnem \u010dasu. Ko kupite vstopnico, bodo na\u0161i agenti v New Yorku kupili tudi fizi\u010dno sre\u010dko z va\u0161imi \u017eelenimi \u0161tevilkami. To pomeni, da \u010de se va\u0161e \u0161tevilke ujemajo z iz\u017erebanimi, ste osvojili glavni dobitek.<\/p>\n<p>Zdi se, da je to pravi \u010das, da omenimo, da je loterija igra na sre\u010do. Zato ni mogo\u010de dolo\u010diti, kdo bo zmagal. Vemo pa, da je edini na\u010din, da imate mo\u017enost za zmago, sklenitev stave. Zato se \u0161e dodatno potrudimo, da bi na\u0161im strankam zagotovili to mo\u017enost.<\/p>\n<h2>Igrajte spletno igro New York Lotto \u0161e danes<\/h2>\n<p>\u010cas je, da prenehate razmi\u0161ljati o nakupu loterijske sre\u010dke in jo kupite. To je lahko za\u010detek \u017eivljenjske pustolov\u0161\u010dine. Zakaj nas torej ne bi \u0161e danes obiskali na spletni strani jackpotlotteryonline.com in sklenili stavo od koder koli na svetu? Nikoli ne veste, kdaj boste zmagali na loteriji.<\/p>\n","protected":false},"excerpt":{"rendered":"<p>\u010ce i\u0161\u010dete loterijo s pestro zgodovino, je New York Lotto va\u0161a najbolj\u0161a izbira. Ta loterija, ki je pre\u017eeta z zgodovino in \u0161kandali, je bila ustanovljena tudi z dobrim namenom. Igranje loterije je dober na\u010din za zabavo, poleg tega pa vam omogo\u010da tudi nekaj, \u010desar se lahko veselite. Igralci zunaj ZDA, ki \u017eelijo kupiti sre\u010dke za [&hellip;]<\/p>\n","protected":false},"author":1,"featured_media":0,"parent":35780,"menu_order":14,"comment_status":"closed","ping_status":"closed","template":"newyork-info.php","meta":{"_et_pb_use_builder":"","_et_pb_old_content":"","_et_gb_content_width":"","exclude_from_search":false,"footnotes":""},"class_list":["post-37071","page","type-page","status-publish","hentry"],"yoast_head":"<!-- This site is optimized with the Yoast SEO plugin v23.3 - https:\/\/yoast.com\/wordpress\/plugins\/seo\/ -->\n<title>Nakup sre\u010dk za loterijo New York Lottery zunaj ZDA | Get New York Lotery tickets online<\/title>\n<meta name=\"description\" content=\"\u017delite kupiti vstopnico za loterijo New York Lottery, vendar \u017eivite zunaj ZDA? Svoje sre\u010dke za loto lahko kupite na spletu tukaj\" \/>\n<meta name=\"robots\" content=\"index, follow, max-snippet:-1, max-image-preview:large, max-video-preview:-1\" \/>\n<link rel=\"canonical\" href=\"https:\/\/jackpotlotteryonline.com\/sl\/kupiti-vstopnice\/new-york-lottery\/\" \/>\n<meta property=\"og:locale\" content=\"sl_SI\" \/>\n<meta property=\"og:type\" content=\"article\" \/>\n<meta property=\"og:title\" content=\"Nakup sre\u010dk za loterijo New York Lottery zunaj ZDA | Get New York Lotery tickets online\" \/>\n<meta property=\"og:description\" content=\"\u017delite kupiti vstopnico za loterijo New York Lottery, vendar \u017eivite zunaj ZDA? Svoje sre\u010dke za loto lahko kupite na spletu tukaj\" \/>\n<meta property=\"og:url\" content=\"https:\/\/jackpotlotteryonline.com\/sl\/kupiti-vstopnice\/new-york-lottery\/\" \/>\n<meta property=\"og:site_name\" content=\"Lotto Online - Crack The International Lottery Jackpots\" \/>\n<meta property=\"article:modified_time\" content=\"2023-01-06T10:08:56+00:00\" \/>\n<meta property=\"og:image\" content=\"http:\/\/jackpotlotteryonline.com\/wp-content\/uploads\/2022\/11\/1_buy_online_ticket_powerball.jpg\" \/>\n<meta name=\"twitter:card\" content=\"summary_large_image\" \/>\n<meta name=\"twitter:label1\" content=\"Est. reading time\" \/>\n\t<meta name=\"twitter:data1\" content=\"6 minut\" \/>\n<!-- \/ Yoast SEO plugin. -->","yoast_head_json":{"title":"Nakup sre\u010dk za loterijo New York Lottery zunaj ZDA | Get New York Lotery tickets online","description":"\u017delite kupiti vstopnico za loterijo New York Lottery, vendar \u017eivite zunaj ZDA? Svoje sre\u010dke za loto lahko kupite na spletu tukaj","robots":{"index":"index","follow":"follow","max-snippet":"max-snippet:-1","max-image-preview":"max-image-preview:large","max-video-preview":"max-video-preview:-1"},"canonical":"https:\/\/jackpotlotteryonline.com\/sl\/kupiti-vstopnice\/new-york-lottery\/","og_locale":"sl_SI","og_type":"article","og_title":"Nakup sre\u010dk za loterijo New York Lottery zunaj ZDA | Get New York Lotery tickets online","og_description":"\u017delite kupiti vstopnico za loterijo New York Lottery, vendar \u017eivite zunaj ZDA? Svoje sre\u010dke za loto lahko kupite na spletu tukaj","og_url":"https:\/\/jackpotlotteryonline.com\/sl\/kupiti-vstopnice\/new-york-lottery\/","og_site_name":"Lotto Online - Crack The International Lottery Jackpots","article_modified_time":"2023-01-06T10:08:56+00:00","og_image":[{"url":"http:\/\/jackpotlotteryonline.com\/wp-content\/uploads\/2022\/11\/1_buy_online_ticket_powerball.jpg"}],"twitter_card":"summary_large_image","twitter_misc":{"Est. reading time":"6 minut"},"schema":{"@context":"https:\/\/schema.org","@graph":[{"@type":"WebPage","@id":"https:\/\/jackpotlotteryonline.com\/sl\/kupiti-vstopnice\/new-york-lottery\/","url":"https:\/\/jackpotlotteryonline.com\/sl\/kupiti-vstopnice\/new-york-lottery\/","name":"Nakup sre\u010dk za loterijo New York Lottery zunaj ZDA | Get New York Lotery tickets online","isPartOf":{"@id":"https:\/\/jackpotlotteryonline.com\/#website"},"primaryImageOfPage":{"@id":"https:\/\/jackpotlotteryonline.com\/sl\/kupiti-vstopnice\/new-york-lottery\/#primaryimage"},"image":{"@id":"https:\/\/jackpotlotteryonline.com\/sl\/kupiti-vstopnice\/new-york-lottery\/#primaryimage"},"thumbnailUrl":"http:\/\/jackpotlotteryonline.com\/wp-content\/uploads\/2022\/11\/1_buy_online_ticket_powerball.jpg","datePublished":"2022-11-10T07:36:56+00:00","dateModified":"2023-01-06T10:08:56+00:00","description":"\u017delite kupiti vstopnico za loterijo New York Lottery, vendar \u017eivite zunaj ZDA? Svoje sre\u010dke za loto lahko kupite na spletu tukaj","breadcrumb":{"@id":"https:\/\/jackpotlotteryonline.com\/sl\/kupiti-vstopnice\/new-york-lottery\/#breadcrumb"},"inLanguage":"sl-SI","potentialAction":[{"@type":"ReadAction","target":["https:\/\/jackpotlotteryonline.com\/sl\/kupiti-vstopnice\/new-york-lottery\/"]}]},{"@type":"ImageObject","inLanguage":"sl-SI","@id":"https:\/\/jackpotlotteryonline.com\/sl\/kupiti-vstopnice\/new-york-lottery\/#primaryimage","url":"http:\/\/jackpotlotteryonline.com\/wp-content\/uploads\/2022\/11\/1_buy_online_ticket_powerball.jpg","contentUrl":"http:\/\/jackpotlotteryonline.com\/wp-content\/uploads\/2022\/11\/1_buy_online_ticket_powerball.jpg"},{"@type":"BreadcrumbList","@id":"https:\/\/jackpotlotteryonline.com\/sl\/kupiti-vstopnice\/new-york-lottery\/#breadcrumb","itemListElement":[{"@type":"ListItem","position":1,"name":"Home","item":"https:\/\/jackpotlotteryonline.com\/sl\/"},{"@type":"ListItem","position":2,"name":"Kako kupiti loterijske vstopnice na spletu","item":"https:\/\/jackpotlotteryonline.com\/sl\/kupiti-vstopnice\/"},{"@type":"ListItem","position":3,"name":"Vstopnice za New York Lottery"}]},{"@type":"WebSite","@id":"https:\/\/jackpotlotteryonline.com\/#website","url":"https:\/\/jackpotlotteryonline.com\/","name":"Lotto Online - Crack The International Lottery Jackpots","description":"","potentialAction":[{"@type":"SearchAction","target":{"@type":"EntryPoint","urlTemplate":"https:\/\/jackpotlotteryonline.com\/?s={search_term_string}"},"query-input":"required name=search_term_string"}],"inLanguage":"sl-SI"}]}},"_links":{"self":[{"href":"https:\/\/jackpotlotteryonline.com\/sl\/wp-json\/wp\/v2\/pages\/37071","targetHints":{"allow":["GET"]}}],"collection":[{"href":"https:\/\/jackpotlotteryonline.com\/sl\/wp-json\/wp\/v2\/pages"}],"about":[{"href":"https:\/\/jackpotlotteryonline.com\/sl\/wp-json\/wp\/v2\/types\/page"}],"author":[{"embeddable":true,"href":"https:\/\/jackpotlotteryonline.com\/sl\/wp-json\/wp\/v2\/users\/1"}],"replies":[{"embeddable":true,"href":"https:\/\/jackpotlotteryonline.com\/sl\/wp-json\/wp\/v2\/comments?post=37071"}],"version-history":[{"count":0,"href":"https:\/\/jackpotlotteryonline.com\/sl\/wp-json\/wp\/v2\/pages\/37071\/revisions"}],"up":[{"embeddable":true,"href":"https:\/\/jackpotlotteryonline.com\/sl\/wp-json\/wp\/v2\/pages\/35780"}],"wp:attachment":[{"href":"https:\/\/jackpotlotteryonline.com\/sl\/wp-json\/wp\/v2\/media?parent=37071"}],"curies":[{"name":"wp","href":"https:\/\/api.w.org\/{rel}","templated":true}]}}