{"id":37123,"date":"2022-11-10T09:42:17","date_gmt":"2022-11-10T09:42:17","guid":{"rendered":"https:\/\/jackpotlotteryonline.com\/?page_id=37123"},"modified":"2023-01-04T08:54:15","modified_gmt":"2023-01-04T08:54:15","slug":"thunderball","status":"publish","type":"page","link":"https:\/\/jackpotlotteryonline.com\/sl\/kupiti-vstopnice\/thunderball\/","title":{"rendered":"Nakup vstopnic za Thunderball"},"content":{"rendered":"<p>V Zdru\u017eenem kraljestvu ne manjka loterij, ki jih lahko igrajo igralci. Od iger loto do iger rent, za vsakogar se najde nekaj, in to skoraj vsak dan. Ena izmed najljub\u0161ih iger za igralce pa je Thunderball. Zanimiva je zato, ker je to loterija, ki ne ponuja glavnega dobitka v vrednosti ve\u010d milijonov funtov. Pravzaprav vam lahko zagotovimo, da tudi \u010de boste osvojili glavni dobitek, ne boste postali milijonarji. Zakaj torej igralci obo\u017eujejo to loterijo?<\/p>\n<p>Razlog je preprost: kvote so veliko bolj\u0161e kot pri drugih igrah z ve\u010djimi glavnimi dobitki. Zaradi \u0161tirih tedenskih \u017erebanj in visokega zneska glavnega dobitka ni \u010dudno, da se navdu\u0161enci nad igro lotto vsak teden zate\u010dejo k tej loteriji.<\/p>\n<p>\u010ce \u017eivite zunaj Zdru\u017eenega kraljestva, lahko sodelujete tudi v katerem koli \u017erebanju. Obi\u0161\u010dite spletno stran jackpotlotteryonline.com za u\u010dinkovit in brezstresen na\u010din nakupa loterijskih sre\u010dk, ne glede na to, kje se nahajate.<\/p>\n<h2>Kako deluje Thunderball?<\/h2>\n<p><img loading=\"lazy\" decoding=\"async\" class=\"alignright size-medium wp-image-30425\" src=\"http:\/\/jackpotlotteryonline.com\/wp-content\/uploads\/2022\/11\/1_you_win_jackpot-300x300.jpg\" alt=\"Kako igrati thunderball\" width=\"300\" height=\"300\" srcset=\"https:\/\/jackpotlotteryonline.com\/wp-content\/uploads\/2022\/11\/1_you_win_jackpot-300x300.jpg 300w, https:\/\/jackpotlotteryonline.com\/wp-content\/uploads\/2022\/11\/1_you_win_jackpot-100x100.jpg 100w, https:\/\/jackpotlotteryonline.com\/wp-content\/uploads\/2022\/11\/1_you_win_jackpot-150x150.jpg 150w, https:\/\/jackpotlotteryonline.com\/wp-content\/uploads\/2022\/11\/1_you_win_jackpot.jpg 320w\" sizes=\"auto, (max-width: 300px) 100vw, 300px\" \/><\/p>\n<p>Ta britanska loterija je preprosta in enostavna za igranje, zato izku\u0161eni igralci lota s to britansko loterijo ne bi smeli imeti te\u017eav.<\/p>\n<p>Za <a href=\"https:\/\/jackpotlotteryonline.com\/sl\/kako-igrati\/thunderball\">igranje te britanske loterije<\/a> morajo igralci izbrati pet glavnih \u0161tevilk od 1 do 39 in eno posebno \u0161tevilko od 1 do 14. Posebna \u0161tevilka se imenuje Thunderball.<\/p>\n<p>Ko izberete \u0161tevilke, se morate <a href=\"https:\/\/jackpotlotteryonline.com\/sl\/zmagovalne-stevilke\/thunderball\">udele\u017eiti \u017erebanja<\/a> in po\u010dakati na rezultate. Omenili smo \u017ee, da ponuja \u0161tiri tedenska \u017erebanja. To so \u0161tiri prilo\u017enosti za osvojitev glavnega dobitka! \u017drebanja potekajo v torek, sredo, \u010detrtek in soboto.<\/p>\n<h2>Ali je nakup loterijske sre\u010dke v Zdru\u017eenem kraljestvu prek spleta zakonit?<\/h2>\n<p>Vpra\u0161anje o tem, ali se lahko na loterijo prijavite prek spleta, je upravi\u010dena skrb. Res je, da obstajajo prevare, in nespametno bi bilo, \u010de bi to prezrli. Vendar pa obstajajo zakonita loterijska spletna mesta, ki prodajajo sre\u010dke za loterije po vsem svetu, in to je povsem zakonito.<\/p>\n<p>Prvi\u010d, ta britanska loterija ni omejena na dr\u017eavljane Zdru\u017eenega kraljestva. Edina omejitev je geografska, saj fizi\u010dne listke prodajajo prodajalci v dr\u017eavi. Nakup sre\u010dk prek spleta je edini na\u010din za igranje loterije zunaj dr\u017eave.<\/p>\n<p>Preden kupite sre\u010dko, se prepri\u010dajte, da uporabljate zakonitega prodajalca loterije, zlasti tistega, ki ima dober ugled. Dobro je preveriti, ali je v preteklosti \u017ee izpla\u010deval dobitke, da ne boste izgubili dobitka.<\/p>\n<section class=\"layout\" style=\"border: solid 1px; width: 100%;\">\n<div class=\"img-div\" style=\"margin-top: 5px;\"><img decoding=\"async\" class=\"wp-image-17212 alignleft\" style=\"height: 45px; margin: 8px 8px 0px;\" src=\"http:\/\/jackpotlotteryonline.com\/wp-content\/uploads\/2022\/11\/read1.jpg\" alt=\"Preberite\" width=\"\" height=\"\" \/><\/div>\n<div style=\"padding-left: 5px;\">\n<div style=\"font-size: 1.1em;\">\n<p><strong>Va\u0161a nacionalna loterija v mednarodni primerjavi<\/strong><\/p>\n<p style=\"font-size: 0.85em; margin-top: -1.5em;\">Va\u0161a lokalna loterija je lahko najslab\u0161a mo\u017enost &#8211; zakaj je bolj smiselno pla\u010dati ve\u010d, a se odlo\u010diti za ve\u010dje dobitke <a href=\"https:\/\/jackpotlotteryonline.com\/sl\/vasa-mestna-loterija-v-mednarodni-primerjavi\"> preberi ve\u010d<\/a><\/p>\n<\/div>\n<\/div>\n<\/section>\n<h2>Jackpot in nagrade<\/h2>\n<p>Kak\u0161en je torej glavni dobitek te britanske loterije? Glavni dobitek zna\u0161a petsto tiso\u010d funtov in je zagotovljen za vsako \u017erebanje. Jackpot prejme vsak listek, ki ustreza petim iz\u017erebanim \u0161tevilkam in posebni \u0161tevilki.<\/p>\n<p>Glavni dobitek ni edina nagrada, ki jo lahko igralci osvojijo na tej loteriji, saj so na voljo tudi druge nagradne stopnje. Tudi nagrada druge stopnje je fiksni znesek pet tiso\u010d funtov, kar je res odli\u010dno. Skupno je devet nagradnih stopenj, poleg tega pa obstaja \u0161e nagrada za ujemanje posebne \u0161tevilke.<\/p>\n<p>Tudi pri tej loteriji so kvote neverjetne, zato je od prvega \u017erebanja leta 1999 do danes prinesla toliko zmagovalcev. Zaradi velikega povpra\u0161evanja po tej loteriji se je iz enega tedenskega \u017erebanja spremenila v \u0161tiri tedenska \u017erebanja. \u010ce igrate to britansko loterijo, je verjetnost, da osvojite glavni dobitek, 1 proti 8 060 598, verjetnost, da osvojite katero koli nagrado, pa je 1 proti 13.<br \/>\n<img loading=\"lazy\" decoding=\"async\" class=\"alignright size-medium wp-image-35457\" src=\"http:\/\/jackpotlotteryonline.com\/wp-content\/uploads\/2022\/11\/2_ticket_uk_lottery-192x300.jpg\" alt=\"Vstopnica za igro thunderball\" width=\"192\" height=\"300\" srcset=\"https:\/\/jackpotlotteryonline.com\/wp-content\/uploads\/2022\/11\/2_ticket_uk_lottery-192x300.jpg 192w, https:\/\/jackpotlotteryonline.com\/wp-content\/uploads\/2022\/11\/2_ticket_uk_lottery.jpg 250w\" sizes=\"auto, (max-width: 192px) 100vw, 192px\" \/><\/p>\n<p><strong>Ko igrate to loterijo, lahko pri\u010dakujete dobitek:<\/strong><\/p>\n<p>Ujemite 5 \u0161tevilk + posebno \u0161tevilko &#8211; 500.000 \u00a3 (jackpot)<br \/>\nUjemite samo 5 \u0161tevilk &#8211; 5000 funtov<br \/>\nujemanje 4 \u0161tevilk + posebna \u0161tevilka &#8211; 250 \u00a3<br \/>\nUjemite samo 4 \u0161tevilke &#8211; 100 \u00a3.<br \/>\nujemanje 3 \u0161tevilk + posebna \u0161tevilka &#8211; 20 \u00a3<br \/>\nSamo 3 \u0161tevilke &#8211; 10 funtov<br \/>\nUjemanje 2 \u0161tevilk + posebna \u0161tevilka &#8211; 10 \u00a3<br \/>\nUjemanje 1 \u0161tevilke in posebne \u0161tevilke &#8211; 5 \u00a3<br \/>\nujemanje 0 \u0161tevilk + posebna \u0161tevilka &#8211; 3 \u00a3<\/p>\n<h2>Kako zahtevati nagrado<\/h2>\n<p>Na\u010din uveljavljanja nagrade je odvisen od tega, kako ste kupili loterijski listek. \u010ce ste se na loterijo uvrstili prek na\u0161ega spletnega mesta, lahko nagrado zahtevate tako, da se prijavite v svoj ra\u010dun in izpla\u010date svoj dobitek na na\u0161i platformi.<\/p>\n<p>Preden zahtevate nagrado, je pomembno, da veste nekaj stvari o igranju loterije v Zdru\u017eenem kraljestvu. Vemo \u017ee, da je loterija odprta za vse, ne glede na dr\u017eavljanstvo, vendar je tu nekaj stvari, ki jih je treba upo\u0161tevati:<\/p>\n<ul>\n<li>Loterija je odprta za igralce, starej\u0161e od 16 let.<\/li>\n<li>Nagrade se izpla\u010dajo v enkratnem znesku<\/li>\n<li>Loterijski dobitki v dr\u017eavi niso obdav\u010deni. \u010ce pa igrate zunaj dr\u017eave, morate preveriti dav\u010dno zakonodajo v svoji dr\u017eavi.<\/li>\n<li>Preden se dobitek vrne nazaj v sklad, imate 180 dni \u010dasa, da ga zahtevate.<\/li>\n<li>\u010ce ste se na loterijo prijavili prek fizi\u010dnega prodajalca, boste morda morali stopiti v stik z organizatorji loterije, da bi zahtevali svoj dobitek.<\/li>\n<\/ul>\n<h2>Zakaj bi morali igrati loterijo z nami<\/h2>\n<p>Smo prilagojena storitev concierge, ki igralcem po vsem svetu zagotavlja dostop do najbolj\u0161ih mednarodnih loterij. Ve\u010d let smo izpopolnjevali postopek, da bi na\u0161im strankam zagotovili razburljivo izku\u0161njo, ki je prijetna in brez stresa.<\/p>\n<p>Ko se registrirate pri nas, lahko na eni sami spletni platformi priro\u010dno vstopite v ve\u010d loterij. Zagotavljamo dodatno varnost, saj veste, da je va\u0161a vstopna listi\u010da na varnem, zato vam ni treba skrbeti, da bi jo izgubili. Prav tako se lahko sprostite, ker veste, da ne boste zamudili nobenega dobitka, saj vas bomo obvestili takoj, ko boste osvojili nagrado.<\/p>\n<p>V bistvu odstranimo vse vijake in \u0161kripce, ki so povezani z igranjem na loteriji, tako da lahko po\u010dnete tisto, kar vas najbolj veseli: zabavate se. Ni pomembno, kje na svetu se nahajate, ko imate internetno povezavo, lahko sodelujete v najbolj\u0161ih mednarodnih loterijah.<\/p>\n<p>Na spletni strani jackpotlotteryonline.com imate ve\u010d mo\u017enosti. Igrate lahko eno ali ve\u010d loterij, sodelujete v enem ali ve\u010d \u017erebanjih in celo nastavite naro\u010dnino, tako da bodo va\u0161e prijave potekale samodejno. Zakaj nas ne bi obiskali \u0161e danes in kupili sre\u010dk Thunderball zunaj Zdru\u017eenega kraljestva?<\/p>\n","protected":false},"excerpt":{"rendered":"<p>V Zdru\u017eenem kraljestvu ne manjka loterij, ki jih lahko igrajo igralci. Od iger loto do iger rent, za vsakogar se najde nekaj, in to skoraj vsak dan. Ena izmed najljub\u0161ih iger za igralce pa je Thunderball. Zanimiva je zato, ker je to loterija, ki ne ponuja glavnega dobitka v vrednosti ve\u010d milijonov funtov. Pravzaprav vam [&hellip;]<\/p>\n","protected":false},"author":1,"featured_media":0,"parent":35780,"menu_order":12,"comment_status":"closed","ping_status":"closed","template":"thunderball-info.php","meta":{"_et_pb_use_builder":"","_et_pb_old_content":"","_et_gb_content_width":"","exclude_from_search":false,"footnotes":""},"class_list":["post-37123","page","type-page","status-publish","hentry"],"yoast_head":"<!-- This site is optimized with the Yoast SEO plugin v23.3 - https:\/\/yoast.com\/wordpress\/plugins\/seo\/ -->\n<title>Nakup sre\u010dk Thunderball zunaj Zdru\u017eenega kraljestva | Loterija Thunderball na spletu<\/title>\n<meta name=\"description\" content=\"Kupite sre\u010dko Thunderball zunaj Zdru\u017eenega kraljestva, tako da jo kupite tukaj na spletu! Svojo skenirano vstopnico Thunderball lahko pridobite prek na\u0161e pravne storitve\" \/>\n<meta name=\"robots\" content=\"index, follow, max-snippet:-1, max-image-preview:large, max-video-preview:-1\" \/>\n<link rel=\"canonical\" href=\"https:\/\/jackpotlotteryonline.com\/sl\/kupiti-vstopnice\/thunderball\/\" \/>\n<meta property=\"og:locale\" content=\"sl_SI\" \/>\n<meta property=\"og:type\" content=\"article\" \/>\n<meta property=\"og:title\" content=\"Nakup sre\u010dk Thunderball zunaj Zdru\u017eenega kraljestva | Loterija Thunderball na spletu\" \/>\n<meta property=\"og:description\" content=\"Kupite sre\u010dko Thunderball zunaj Zdru\u017eenega kraljestva, tako da jo kupite tukaj na spletu! Svojo skenirano vstopnico Thunderball lahko pridobite prek na\u0161e pravne storitve\" \/>\n<meta property=\"og:url\" content=\"https:\/\/jackpotlotteryonline.com\/sl\/kupiti-vstopnice\/thunderball\/\" \/>\n<meta property=\"og:site_name\" content=\"Lotto Online - Crack The International Lottery Jackpots\" \/>\n<meta property=\"article:modified_time\" content=\"2023-01-04T08:54:15+00:00\" \/>\n<meta property=\"og:image\" content=\"http:\/\/jackpotlotteryonline.com\/wp-content\/uploads\/2022\/11\/1_you_win_jackpot-300x300.jpg\" \/>\n<meta name=\"twitter:card\" content=\"summary_large_image\" \/>\n<meta name=\"twitter:label1\" content=\"Est. reading time\" \/>\n\t<meta name=\"twitter:data1\" content=\"5 minut\" \/>\n<!-- \/ Yoast SEO plugin. -->","yoast_head_json":{"title":"Nakup sre\u010dk Thunderball zunaj Zdru\u017eenega kraljestva | Loterija Thunderball na spletu","description":"Kupite sre\u010dko Thunderball zunaj Zdru\u017eenega kraljestva, tako da jo kupite tukaj na spletu! Svojo skenirano vstopnico Thunderball lahko pridobite prek na\u0161e pravne storitve","robots":{"index":"index","follow":"follow","max-snippet":"max-snippet:-1","max-image-preview":"max-image-preview:large","max-video-preview":"max-video-preview:-1"},"canonical":"https:\/\/jackpotlotteryonline.com\/sl\/kupiti-vstopnice\/thunderball\/","og_locale":"sl_SI","og_type":"article","og_title":"Nakup sre\u010dk Thunderball zunaj Zdru\u017eenega kraljestva | Loterija Thunderball na spletu","og_description":"Kupite sre\u010dko Thunderball zunaj Zdru\u017eenega kraljestva, tako da jo kupite tukaj na spletu! Svojo skenirano vstopnico Thunderball lahko pridobite prek na\u0161e pravne storitve","og_url":"https:\/\/jackpotlotteryonline.com\/sl\/kupiti-vstopnice\/thunderball\/","og_site_name":"Lotto Online - Crack The International Lottery Jackpots","article_modified_time":"2023-01-04T08:54:15+00:00","og_image":[{"url":"http:\/\/jackpotlotteryonline.com\/wp-content\/uploads\/2022\/11\/1_you_win_jackpot-300x300.jpg"}],"twitter_card":"summary_large_image","twitter_misc":{"Est. reading time":"5 minut"},"schema":{"@context":"https:\/\/schema.org","@graph":[{"@type":"WebPage","@id":"https:\/\/jackpotlotteryonline.com\/sl\/kupiti-vstopnice\/thunderball\/","url":"https:\/\/jackpotlotteryonline.com\/sl\/kupiti-vstopnice\/thunderball\/","name":"Nakup sre\u010dk Thunderball zunaj Zdru\u017eenega kraljestva | Loterija Thunderball na spletu","isPartOf":{"@id":"https:\/\/jackpotlotteryonline.com\/#website"},"primaryImageOfPage":{"@id":"https:\/\/jackpotlotteryonline.com\/sl\/kupiti-vstopnice\/thunderball\/#primaryimage"},"image":{"@id":"https:\/\/jackpotlotteryonline.com\/sl\/kupiti-vstopnice\/thunderball\/#primaryimage"},"thumbnailUrl":"http:\/\/jackpotlotteryonline.com\/wp-content\/uploads\/2022\/11\/1_you_win_jackpot-300x300.jpg","datePublished":"2022-11-10T09:42:17+00:00","dateModified":"2023-01-04T08:54:15+00:00","description":"Kupite sre\u010dko Thunderball zunaj Zdru\u017eenega kraljestva, tako da jo kupite tukaj na spletu! Svojo skenirano vstopnico Thunderball lahko pridobite prek na\u0161e pravne storitve","breadcrumb":{"@id":"https:\/\/jackpotlotteryonline.com\/sl\/kupiti-vstopnice\/thunderball\/#breadcrumb"},"inLanguage":"sl-SI","potentialAction":[{"@type":"ReadAction","target":["https:\/\/jackpotlotteryonline.com\/sl\/kupiti-vstopnice\/thunderball\/"]}]},{"@type":"ImageObject","inLanguage":"sl-SI","@id":"https:\/\/jackpotlotteryonline.com\/sl\/kupiti-vstopnice\/thunderball\/#primaryimage","url":"http:\/\/jackpotlotteryonline.com\/wp-content\/uploads\/2022\/11\/1_you_win_jackpot-300x300.jpg","contentUrl":"http:\/\/jackpotlotteryonline.com\/wp-content\/uploads\/2022\/11\/1_you_win_jackpot-300x300.jpg"},{"@type":"BreadcrumbList","@id":"https:\/\/jackpotlotteryonline.com\/sl\/kupiti-vstopnice\/thunderball\/#breadcrumb","itemListElement":[{"@type":"ListItem","position":1,"name":"Home","item":"https:\/\/jackpotlotteryonline.com\/sl\/"},{"@type":"ListItem","position":2,"name":"Kako kupiti loterijske vstopnice na spletu","item":"https:\/\/jackpotlotteryonline.com\/sl\/kupiti-vstopnice\/"},{"@type":"ListItem","position":3,"name":"Nakup vstopnic za Thunderball"}]},{"@type":"WebSite","@id":"https:\/\/jackpotlotteryonline.com\/#website","url":"https:\/\/jackpotlotteryonline.com\/","name":"Lotto Online - Crack The International Lottery Jackpots","description":"","potentialAction":[{"@type":"SearchAction","target":{"@type":"EntryPoint","urlTemplate":"https:\/\/jackpotlotteryonline.com\/?s={search_term_string}"},"query-input":"required name=search_term_string"}],"inLanguage":"sl-SI"}]}},"_links":{"self":[{"href":"https:\/\/jackpotlotteryonline.com\/sl\/wp-json\/wp\/v2\/pages\/37123","targetHints":{"allow":["GET"]}}],"collection":[{"href":"https:\/\/jackpotlotteryonline.com\/sl\/wp-json\/wp\/v2\/pages"}],"about":[{"href":"https:\/\/jackpotlotteryonline.com\/sl\/wp-json\/wp\/v2\/types\/page"}],"author":[{"embeddable":true,"href":"https:\/\/jackpotlotteryonline.com\/sl\/wp-json\/wp\/v2\/users\/1"}],"replies":[{"embeddable":true,"href":"https:\/\/jackpotlotteryonline.com\/sl\/wp-json\/wp\/v2\/comments?post=37123"}],"version-history":[{"count":0,"href":"https:\/\/jackpotlotteryonline.com\/sl\/wp-json\/wp\/v2\/pages\/37123\/revisions"}],"up":[{"embeddable":true,"href":"https:\/\/jackpotlotteryonline.com\/sl\/wp-json\/wp\/v2\/pages\/35780"}],"wp:attachment":[{"href":"https:\/\/jackpotlotteryonline.com\/sl\/wp-json\/wp\/v2\/media?parent=37123"}],"curies":[{"name":"wp","href":"https:\/\/api.w.org\/{rel}","templated":true}]}}