{"id":37178,"date":"2022-11-10T12:58:02","date_gmt":"2022-11-10T12:58:02","guid":{"rendered":"https:\/\/jackpotlotteryonline.com\/?page_id=37178"},"modified":"2022-12-24T16:12:04","modified_gmt":"2022-12-24T16:12:04","slug":"powerball-australia","status":"publish","type":"page","link":"https:\/\/jackpotlotteryonline.com\/sl\/kupiti-vstopnice\/powerball-australia\/","title":{"rendered":"Nakup vstopnic Powerball Australia"},"content":{"rendered":"<p>Ko pomislite na to loterijo, najprej pomislite na ameri\u0161ko loterijo in ne na avstralsko razli\u010dico. To neverjetno loterijo obo\u017eujejo avstralski ljubitelji lota. Powerball Australia hitro postaja ena od priljubljenih mednarodnih loterij, saj igralci po vsem svetu prepoznavajo njen potencial.<\/p>\n<p>Z zajam\u010denim minimalnim glavnim dobitkom v vi\u0161ini 3 milijonov dolarjev se znesek obrne, \u010de po \u017erebanju ni zmagovalca. Ta se lahko obrne ve\u010dkrat, dokler ne postane precej velik. Rekordni jackpot v vi\u0161ini 160 milijonov dolarjev je bil osvojen oktobra 2022 z eno samo sre\u010dko.<\/p>\n<p>\u010ce \u017eelite raz\u0161iriti svoj domet kot igralec loterije, potem morate razmisliti o avstralski loteriji Powerball. Je zabavna, polna duha in igralcem ponuja prilo\u017enost za velike dobitke brez norih kvot ameri\u0161ke razli\u010dice. Poleg tega ni pomembno, kje \u017eivite, saj lahko<a href=\"https:\/\/jackpotlotteryonline.com\/sl\/kako-igrati\/powerball-australia\"> igrate prek spleta na spletni strani jackpotlotteryonline.com.<\/a><\/p>\n<h2>Kako deluje Powerball Australia?<\/h2>\n<p><img loading=\"lazy\" decoding=\"async\" class=\"size-full wp-image-31181 alignright\" src=\"http:\/\/jackpotlotteryonline.com\/wp-content\/uploads\/2022\/11\/logo_powerball-300x50-1.jpg\" alt=\"Powerball Avstralija\" width=\"300\" height=\"50\" \/><\/p>\n<p>Pri tej loteriji so \u017eogice z dvema nizoma \u0161tevilk v dveh razli\u010dnih sodih. Kroglice se naklju\u010dno iz\u017erebajo iz vsakega sod\u010dka in vsak vnos, ki ustreza iz\u017erebanim \u0161tevilkam, zmaga. V prvem sodu je 35 kroglic, igralci pa morajo izbrati 7 \u0161tevilk iz tega razpona. V drugem sodu je 20 \u0161tevilk, igralci pa izberejo ENO \u0161tevilko iz tega razpona.<\/p>\n<p>Vpisna vrstica ima 8 \u0161tevilk, listek pa ima lahko ve\u010d kot eno vpisno vrstico. Pravzaprav je priporo\u010dljivo vnesti ve\u010d vrstic, da se pove\u010dajo mo\u017enosti za dobitek. Verjetnost za osvojitev glavnega dobitka je 1 : 1:134 490 400.<\/p>\n<p>Da, te mo\u017enosti so precej visoke, vendar tako deluje loterija. To je igra \u0161tevilk in veliko je odvisno od sre\u010de. Ne morete vedeti, kdaj se bo sre\u010da odlo\u010dila, da bo igralcu naklonjena. Poleg tega je to zabaven hobi, \u010de se dr\u017eite tistega, kar si lahko privo\u0161\u010dite.<\/p>\n<h2>Ali lahko pove\u010date svoje mo\u017enosti za zmago?<\/h2>\n<p>Zanimivo je, da lahko pove\u010date svoje mo\u017enosti za osvojitev glavnega dobitka. Zagotovljene metode ni, \u010deprav ve\u010dina zmagovalcev priznava, da so igrali ve\u010dkrat, preden so kaj osvojili. V tem je skrivnost.<\/p>\n<p>Po na\u0161em najbolj\u0161em vedenju lahko mo\u017enosti za dobitek obrnete sebi v prid tako, da kupite ve\u010d vnosov. To pomeni ve\u010d vstopnih vrstic in ve\u010d \u017erebanj. Loterija ima \u017erebanja enkrat na teden ob \u010detrtkih. \u010ce vstopnice kupite na na\u0161em spletnem mestu, se lahko v \u017erebanja vklju\u010dite ve\u010d tednov vnaprej.<\/p>\n<p>Druga mo\u017enost je, da se pridru\u017eite loterijskemu sindikatu. Prednost pridru\u017eitve sindikatu je, da va\u0161 denar dose\u017ee veliko ve\u010d, kot \u010de igrate sami. Seveda si v primeru dobitka vsak \u010dlan sindikata razdeli dobitek.<\/p>\n<section class=\"layout\" style=\"border: solid 1px; width: 100%;\">\n<div class=\"img-div\" style=\"margin-top: 5px;\"><img decoding=\"async\" class=\"wp-image-17212 alignleft\" style=\"height: 45px; margin: 8px 8px 0px;\" src=\"http:\/\/jackpotlotteryonline.com\/wp-content\/uploads\/2022\/11\/read1.jpg\" alt=\"Preberite\" width=\"\" height=\"\" \/><\/div>\n<div style=\"padding-left: 5px;\">\n<div style=\"font-size: 1.1em;\">\n<p><strong>Izberite zmagovalne \u0161tevilke Loto ro\u010dno ali z uporabo RNG<\/strong><\/p>\n<p style=\"font-size: 0.85em; margin-top: -1.5em;\">Kako ustvariti zmagovalne \u0161tevilke loterije?\u00a0 <a href=\"https:\/\/jackpotlotteryonline.com\/sl\/kako-ustvariti-zmagovalne-stevilke-loto\">preberi ve\u010d<\/a><\/p>\n<\/div>\n<\/div>\n<\/section>\n<h2>Kako igrati spletno loterijo Aussie<\/h2>\n<p><img loading=\"lazy\" decoding=\"async\" class=\"alignright size-medium wp-image-34538\" src=\"http:\/\/jackpotlotteryonline.com\/wp-content\/uploads\/2022\/11\/2_ticket_powerball_au-157x300.jpg\" alt=\"Avstralska loterijska sre\u010dka\" width=\"157\" height=\"300\" srcset=\"https:\/\/jackpotlotteryonline.com\/wp-content\/uploads\/2022\/11\/2_ticket_powerball_au-157x300.jpg 157w, https:\/\/jackpotlotteryonline.com\/wp-content\/uploads\/2022\/11\/2_ticket_powerball_au.jpg 250w\" sizes=\"auto, (max-width: 157px) 100vw, 157px\" \/><\/p>\n<p>Igranje loterije prek spleta je preprosto in to lahko po\u010dnete, kjer koli ste. Ko nas obi\u0161\u010dete na jackpotlotteryonline.com, lahko preprosto kupite vstopnice za najbolj\u0161e mednarodne loterije, vklju\u010dno z loterijo Aussie. \u010ce \u017eelite kupiti vstopnice, preprosto izberite svoje \u0161tevilke in vstopite v \u017erebanje. \u010ce niste prepri\u010dani, katere \u0161tevilke uporabiti, uporabite na\u0161e orodje za hitro izbiranje, ki generira naklju\u010dne \u0161tevilke.<\/p>\n<p>Ko pridete na stran za pla\u010dilo, vas bomo prosili, da se registrirate. Tako bo va\u0161 listek ostal na varnem na va\u0161em ra\u010dunu. Svoje loterijske igre lahko nastavite tudi na avtopilota, tako da boste samodejno vklju\u010deni v \u017erebanja po va\u0161i izbiri. \u010ce boste osvojili nagrado, vas bomo o tem nemudoma obvestili, nato pa boste lahko nagrado dvignili na na\u0161i platformi.<\/p>\n<p>Trudimo se, da bi vam poenostavili izku\u0161njo z loterijo, tako da se lahko sprostite in osredoto\u010dite na dobro zabavo.<\/p>\n<h2>Razdelitev nagrad<\/h2>\n<p>Ta avstralska loterija ima 9 nagradnih razdelkov in igralcem ni treba ujeti vseh 8 iz\u017erebanih \u0161tevilk, da bi prejeli nagrado. \u010ceprav se glavni dobitek za\u010dne pri 3 milijonih dolarjev, se lahko ve\u010dkrat obrne, dokler ne postane veliko ve\u010dji.<\/p>\n<p>Upo\u0161tevajte, da vi\u0161ina glavnega dobitka ni omejena, vendar se lahko vrne na 3 milijone dolarjev le 25-krat.<\/p>\n<p>Nagrade v ni\u017ejih razdelkih so odstotni dele\u017e nagradnega sklada. Za la\u017ejo predstavo bomo z vami delili povpre\u010dni dobitek. To ni zajam\u010deno izpla\u010dilo za vsako \u017erebanje, saj se zneski lahko razlikujejo.<\/p>\n<p>Ujemanje 7 glavnih \u0161tevilk in posebne \u0161tevilke &#8211; 23.043.155,47 USD (povpre\u010dno izpla\u010dilo)<br \/>\nUjemanje samo 7 \u0161tevilk &#8211; 126.484,05 USD<br \/>\nUjemanje 6 \u0161tevilk + posebna \u0161tevilka &#8211; 5.326,97 USD<br \/>\nUjemanje samo 6 \u0161tevilk &#8211; 454,35 USD<br \/>\nUjemanje 5 \u0161tevilk + posebna \u0161tevilka &#8211; 158,34 USD<br \/>\nUjemanje 4 \u0161tevilk in posebne \u0161tevilke &#8211; 70,85 USD<br \/>\nUjemanje samo 5 \u0161tevilk &#8211; 42,23 USD<br \/>\nUjemanje 3 \u0161tevilk + posebna \u0161tevilka &#8211; 17,57 USD<br \/>\nUjemanje 2 \u0161tevilk in posebne \u0161tevilke &#8211; 10,71 USD<\/p>\n<h2>Kako preveriti rezultate<\/h2>\n<p>Rezultati so po vsakem \u017erebanju objavljeni na na\u0161i spletni strani. \u017drebanja potekajo vsak \u010detrtek ob 19:25 po srednjeevropskem \u010dasu.<\/p>\n<p>Zavedamo se, da se v\u010dasih zgodi, da se v \u017eivljenju zgodi kaj takega in da rezultatov <a href=\"https:\/\/jackpotlotteryonline.com\/sl\/zmagovalne-stevilke\/powerball-australia\">\u017erebanja ne morete preveriti takoj<\/a>. \u010ce torej osvojite katero koli nagrado, vas bomo o tem opozorili ne le prek va\u0161ega ra\u010duna, temve\u010d vam bomo poslali tudi elektronsko sporo\u010dilo. Tako vam ne bo treba zamuditi prevzema nagrade.<\/p>\n<h2>Registrirajte se pri nas za nakup vstopnic Powerball Australia na spletu<\/h2>\n<p>Ste navdu\u0161eni nad mo\u017enostjo igranja te loterije? Mi smo prav tako in z veseljem vam jo pribli\u017eamo na mobilno napravo v va\u0161i bli\u017eini. Ko imate internetno povezavo, lahko kupite vstopnico za avstralsko loterijo.<\/p>\n<p>Loterija je zabavna igra in povsod obstajajo zgodbe o loterijskih zmagovalcih. Morda boste tudi vi naslednji zmagovalec, vendar tega ne boste izvedeli, \u010de se ne boste udele\u017eili \u017erebanja. Postopek smo poenostavili, da bo za vas brez stresa. Za opravljanje nalog, povezanih z loterijo, vam ni treba zapustiti na\u0161e strani. Tako preprosto je.<\/p>\n<p>Ne glede na to, kje na svetu se nahajate, lahko vstopnico za najve\u010djo avstralsko loterijo kupite tukaj na na\u0161i strani. Registrirajte se pri nas \u0161e danes.<\/p>\n","protected":false},"excerpt":{"rendered":"<p>Ko pomislite na to loterijo, najprej pomislite na ameri\u0161ko loterijo in ne na avstralsko razli\u010dico. To neverjetno loterijo obo\u017eujejo avstralski ljubitelji lota. Powerball Australia hitro postaja ena od priljubljenih mednarodnih loterij, saj igralci po vsem svetu prepoznavajo njen potencial. Z zajam\u010denim minimalnim glavnim dobitkom v vi\u0161ini 3 milijonov dolarjev se znesek obrne, \u010de po \u017erebanju [&hellip;]<\/p>\n","protected":false},"author":1,"featured_media":0,"parent":35780,"menu_order":17,"comment_status":"closed","ping_status":"closed","template":"powerball-au-info.php","meta":{"_et_pb_use_builder":"","_et_pb_old_content":"","_et_gb_content_width":"","exclude_from_search":false,"footnotes":""},"class_list":["post-37178","page","type-page","status-publish","hentry"],"yoast_head":"<!-- This site is optimized with the Yoast SEO plugin v23.3 - https:\/\/yoast.com\/wordpress\/plugins\/seo\/ -->\n<title>Nakup vstopnic Powerball Australia zunaj Avstralije<\/title>\n<meta name=\"description\" content=\"Avstralska razli\u010dica loterije Powerball - sodelujete lahko, \u010de preprosto kupite spletno vstopnico tukaj na na\u0161i spletni strani\" \/>\n<meta name=\"robots\" content=\"index, follow, max-snippet:-1, max-image-preview:large, max-video-preview:-1\" \/>\n<link rel=\"canonical\" href=\"https:\/\/jackpotlotteryonline.com\/sl\/kupiti-vstopnice\/powerball-australia\/\" \/>\n<meta property=\"og:locale\" content=\"sl_SI\" \/>\n<meta property=\"og:type\" content=\"article\" \/>\n<meta property=\"og:title\" content=\"Nakup vstopnic Powerball Australia zunaj Avstralije\" \/>\n<meta property=\"og:description\" content=\"Avstralska razli\u010dica loterije Powerball - sodelujete lahko, \u010de preprosto kupite spletno vstopnico tukaj na na\u0161i spletni strani\" \/>\n<meta property=\"og:url\" content=\"https:\/\/jackpotlotteryonline.com\/sl\/kupiti-vstopnice\/powerball-australia\/\" \/>\n<meta property=\"og:site_name\" content=\"Lotto Online - Crack The International Lottery Jackpots\" \/>\n<meta property=\"article:modified_time\" content=\"2022-12-24T16:12:04+00:00\" \/>\n<meta property=\"og:image\" content=\"http:\/\/jackpotlotteryonline.com\/wp-content\/uploads\/2022\/11\/logo_powerball-300x50-1.jpg\" \/>\n<meta name=\"twitter:card\" content=\"summary_large_image\" \/>\n<meta name=\"twitter:label1\" content=\"Est. reading time\" \/>\n\t<meta name=\"twitter:data1\" content=\"5 minut\" \/>\n<!-- \/ Yoast SEO plugin. -->","yoast_head_json":{"title":"Nakup vstopnic Powerball Australia zunaj Avstralije","description":"Avstralska razli\u010dica loterije Powerball - sodelujete lahko, \u010de preprosto kupite spletno vstopnico tukaj na na\u0161i spletni strani","robots":{"index":"index","follow":"follow","max-snippet":"max-snippet:-1","max-image-preview":"max-image-preview:large","max-video-preview":"max-video-preview:-1"},"canonical":"https:\/\/jackpotlotteryonline.com\/sl\/kupiti-vstopnice\/powerball-australia\/","og_locale":"sl_SI","og_type":"article","og_title":"Nakup vstopnic Powerball Australia zunaj Avstralije","og_description":"Avstralska razli\u010dica loterije Powerball - sodelujete lahko, \u010de preprosto kupite spletno vstopnico tukaj na na\u0161i spletni strani","og_url":"https:\/\/jackpotlotteryonline.com\/sl\/kupiti-vstopnice\/powerball-australia\/","og_site_name":"Lotto Online - Crack The International Lottery Jackpots","article_modified_time":"2022-12-24T16:12:04+00:00","og_image":[{"url":"http:\/\/jackpotlotteryonline.com\/wp-content\/uploads\/2022\/11\/logo_powerball-300x50-1.jpg"}],"twitter_card":"summary_large_image","twitter_misc":{"Est. reading time":"5 minut"},"schema":{"@context":"https:\/\/schema.org","@graph":[{"@type":"WebPage","@id":"https:\/\/jackpotlotteryonline.com\/sl\/kupiti-vstopnice\/powerball-australia\/","url":"https:\/\/jackpotlotteryonline.com\/sl\/kupiti-vstopnice\/powerball-australia\/","name":"Nakup vstopnic Powerball Australia zunaj Avstralije","isPartOf":{"@id":"https:\/\/jackpotlotteryonline.com\/#website"},"primaryImageOfPage":{"@id":"https:\/\/jackpotlotteryonline.com\/sl\/kupiti-vstopnice\/powerball-australia\/#primaryimage"},"image":{"@id":"https:\/\/jackpotlotteryonline.com\/sl\/kupiti-vstopnice\/powerball-australia\/#primaryimage"},"thumbnailUrl":"http:\/\/jackpotlotteryonline.com\/wp-content\/uploads\/2022\/11\/logo_powerball-300x50-1.jpg","datePublished":"2022-11-10T12:58:02+00:00","dateModified":"2022-12-24T16:12:04+00:00","description":"Avstralska razli\u010dica loterije Powerball - sodelujete lahko, \u010de preprosto kupite spletno vstopnico tukaj na na\u0161i spletni strani","breadcrumb":{"@id":"https:\/\/jackpotlotteryonline.com\/sl\/kupiti-vstopnice\/powerball-australia\/#breadcrumb"},"inLanguage":"sl-SI","potentialAction":[{"@type":"ReadAction","target":["https:\/\/jackpotlotteryonline.com\/sl\/kupiti-vstopnice\/powerball-australia\/"]}]},{"@type":"ImageObject","inLanguage":"sl-SI","@id":"https:\/\/jackpotlotteryonline.com\/sl\/kupiti-vstopnice\/powerball-australia\/#primaryimage","url":"http:\/\/jackpotlotteryonline.com\/wp-content\/uploads\/2022\/11\/logo_powerball-300x50-1.jpg","contentUrl":"http:\/\/jackpotlotteryonline.com\/wp-content\/uploads\/2022\/11\/logo_powerball-300x50-1.jpg"},{"@type":"BreadcrumbList","@id":"https:\/\/jackpotlotteryonline.com\/sl\/kupiti-vstopnice\/powerball-australia\/#breadcrumb","itemListElement":[{"@type":"ListItem","position":1,"name":"Home","item":"https:\/\/jackpotlotteryonline.com\/sl\/"},{"@type":"ListItem","position":2,"name":"Kako kupiti loterijske vstopnice na spletu","item":"https:\/\/jackpotlotteryonline.com\/sl\/kupiti-vstopnice\/"},{"@type":"ListItem","position":3,"name":"Nakup vstopnic Powerball Australia"}]},{"@type":"WebSite","@id":"https:\/\/jackpotlotteryonline.com\/#website","url":"https:\/\/jackpotlotteryonline.com\/","name":"Lotto Online - Crack The International Lottery Jackpots","description":"","potentialAction":[{"@type":"SearchAction","target":{"@type":"EntryPoint","urlTemplate":"https:\/\/jackpotlotteryonline.com\/?s={search_term_string}"},"query-input":"required name=search_term_string"}],"inLanguage":"sl-SI"}]}},"_links":{"self":[{"href":"https:\/\/jackpotlotteryonline.com\/sl\/wp-json\/wp\/v2\/pages\/37178","targetHints":{"allow":["GET"]}}],"collection":[{"href":"https:\/\/jackpotlotteryonline.com\/sl\/wp-json\/wp\/v2\/pages"}],"about":[{"href":"https:\/\/jackpotlotteryonline.com\/sl\/wp-json\/wp\/v2\/types\/page"}],"author":[{"embeddable":true,"href":"https:\/\/jackpotlotteryonline.com\/sl\/wp-json\/wp\/v2\/users\/1"}],"replies":[{"embeddable":true,"href":"https:\/\/jackpotlotteryonline.com\/sl\/wp-json\/wp\/v2\/comments?post=37178"}],"version-history":[{"count":0,"href":"https:\/\/jackpotlotteryonline.com\/sl\/wp-json\/wp\/v2\/pages\/37178\/revisions"}],"up":[{"embeddable":true,"href":"https:\/\/jackpotlotteryonline.com\/sl\/wp-json\/wp\/v2\/pages\/35780"}],"wp:attachment":[{"href":"https:\/\/jackpotlotteryonline.com\/sl\/wp-json\/wp\/v2\/media?parent=37178"}],"curies":[{"name":"wp","href":"https:\/\/api.w.org\/{rel}","templated":true}]}}