{"id":37233,"date":"2022-11-11T06:54:50","date_gmt":"2022-11-11T06:54:50","guid":{"rendered":"https:\/\/jackpotlotteryonline.com\/?page_id=37233"},"modified":"2022-12-24T10:57:29","modified_gmt":"2022-12-24T10:57:29","slug":"oz-lotto","status":"publish","type":"page","link":"https:\/\/jackpotlotteryonline.com\/sl\/kupiti-vstopnice\/oz-lotto\/","title":{"rendered":"Nakup Oz Lotto vstopnice"},"content":{"rendered":"<p>Oz Lotto je prva avstralska nacionalna loterija. Za\u010dela se je leta 1994 in je zaradi velikega glavnega dobitka postala priljubljena med igralci po vsem svetu. Igralce pa privla\u010di \u0161e ve\u010d kot le velik glavni dobitek.<\/p>\n<p>Razli\u010dne loterije imajo svoja pravila in metode, skupno pa jim je, da kvote niso vedno ugodne. Vendar to ne velja za to avstralsko loterijo. \u010ce i\u0161\u010dete loterijo, ki ima neverjetne kvote, potem igrajte to loterijo Oz.<\/p>\n<p>Na splo\u0161no so loterije odprte za prebivalce dr\u017eav, v katerih je sede\u017e loterije. Tako je ta loterija odprta za vse, ki \u017eivijo v Avstraliji. Za sodelovanje v loteriji vam ni treba biti dr\u017eavljan. \u010ce pa \u017eivite zunaj dr\u017eave, boste morali loterijske sre\u010dke kupiti prek spleta.<\/p>\n<h2>Kako kupiti vstopnice Oz Lotto po vsem svetu<\/h2>\n<p><img loading=\"lazy\" decoding=\"async\" class=\"alignright size-full wp-image-31532\" src=\"http:\/\/jackpotlotteryonline.com\/wp-content\/uploads\/2022\/11\/lottoballs.jpg\" alt=\"Oz loterija\" width=\"245\" height=\"123\" \/><\/p>\n<p>Najbolj priro\u010den in preprost na\u010din za dostop do loterije Oz Lottery zunaj Avstralije je prek interneta. Obstajajo spletni prodajalci loterije, ki igralcem omogo\u010dajo dostop do najbolj\u0161ih mednarodnih loterij. Ta spletna mesta igralcem po vsem svetu omogo\u010dajo zakonit na\u010din, da se preizkusijo v osvajanju milijonskih dobitkov.<\/p>\n<p>Internet ponuja svet skoraj neskon\u010dnih mo\u017enosti, ki pa niso vse pozitivne. Iskanje katere koli naklju\u010dne strani z loterijami lahko privede do neprijetnih izku\u0161enj. Zato je vedno dobro poiskati zaupanja vredna spletna mesta, ki so se \u017ee izkazala pri igralcih. V nadaljevanju z vami delimo nasvete, ki vam bodo pomagali pri izbiri pravega prodajalca loterije na internetu.<\/p>\n<h2>Nasveti za uporabo pravega spletnega mesta loterije<\/h2>\n<p>Uporabljajte samo prodajalce, ki so registrirani v skladu z zakonom. Zakoniti prodajalec loterije ima dovoljenje za opravljanje dejavnosti in registriran sede\u017e. Ti podatki morajo biti zaradi verodostojnosti prikazani na spletni strani.<\/p>\n<p>Prepri\u010dajte se, da imajo \u0161iroko paleto mednarodnih loterij. Registracija na spletnem mestu, ki prikazuje le nekaj loterij, nima smisla. Glavno bistvo <a href=\"https:\/\/jackpotlotteryonline.com\/sl\/kako-igrati\/oz-lotto\">igranja loterije prek interneta<\/a> je dostopnost in priro\u010dnost. Kaj je bolj priro\u010dno kot mo\u017enost vstopa v ve\u010d mednarodnih loterij z enega samega spletnega mesta?<\/p>\n<p>\u010ce \u017eelite vstopiti v loterijo, uporabite spletno mesto s conciergeom. Ta zadnji nasvet je zelo pomemben, saj se lahko s svojim denarjem poslovite, ne da bi se dejansko udele\u017eili loterije. Nekatera spletna mesta loterije namre\u010d igralcem omogo\u010dajo, da stavijo na rezultat. Tako boste, tudi \u010de se va\u0161e \u0161tevilke ujemajo, upravi\u010deni le do del\u010dka glavnega dobitka, ker niste sodelovali na loteriji.<\/p>\n<section class=\"layout\" style=\"border: solid 1px; width: 100%;\">\n<div class=\"img-div\" style=\"margin-top: 5px;\"><img decoding=\"async\" class=\"wp-image-17212 alignleft\" style=\"height: 45px; margin: 8px 8px 0px;\" src=\"http:\/\/jackpotlotteryonline.com\/wp-content\/uploads\/2022\/11\/read1.jpg\" alt=\"Preberite\" width=\"\" height=\"\" \/><\/div>\n<div style=\"padding-left: 5px;\">\n<div style=\"font-size: 1.1em;\">\n<p><strong>Loterijske prevare, na katere morate biti pozorni<\/strong><\/p>\n<p style=\"font-size: 0.85em; margin-top: -1.5em;\">Ne nasedajte pastem loterije\u00a0 <a href=\"https:\/\/jackpotlotteryonline.com\/sl\/pazite-na-spletne-loterijske-prevare\"> preberi ve\u010d<\/a><\/p>\n<\/div>\n<\/div>\n<\/section>\n<h2>Registrirajte se pri nas in vstopite v spletno loterijo<\/h2>\n<p><img loading=\"lazy\" decoding=\"async\" class=\"size-medium wp-image-34403 alignright\" src=\"http:\/\/jackpotlotteryonline.com\/wp-content\/uploads\/2022\/11\/2_ticket_oz_lotto2-179x300.jpg\" alt=\"Lestvice Oz Lotto\" width=\"179\" height=\"300\" srcset=\"https:\/\/jackpotlotteryonline.com\/wp-content\/uploads\/2022\/11\/2_ticket_oz_lotto2-179x300.jpg 179w, https:\/\/jackpotlotteryonline.com\/wp-content\/uploads\/2022\/11\/2_ticket_oz_lotto2.jpg 250w\" sizes=\"auto, (max-width: 179px) 100vw, 179px\" \/><\/p>\n<p>Nakup loterijskih sre\u010dk prek interneta ali mobilne aplikacije je preprost in brez te\u017eav. Ko dolo\u010dite prodajalca, ki ga \u017eelite uporabiti, obi\u0161\u010dite njegovo spletno stran in izberite \u017eeleno loterijo. Naslednji korak je izbira \u0161tevilk. Za Oz Lotto morate izbrati deset \u0161tevilk od 1 do 47.<\/p>\n<p><a href=\"https:\/\/jackpotlotteryonline.com\/sl\/zmagovalne-stevilke\/oz-lotto\">Vstopite v \u017erebanje in izvedite pla\u010dilo<\/a>. \u017drebanje poteka enkrat na teden, in sicer v torek. Zanimivost spletnega igranja je, da lahko kupite ve\u010d sre\u010dk in se udele\u017eite ve\u010d \u017erebanj vnaprej. \u010ce niste prepri\u010dani, katero \u0161tevilko izbrati, lahko preprosto uporabite samodejni izbirnik \u0161tevilk.<\/p>\n<p>Kot smo \u017ee povedali, je igranje loterije prek spleta priro\u010den in brezstresen na\u010din za prijetno izku\u0161njo. Ne glede na to, ali ste izku\u0161eni igralec ali novinec, lahko prav tu do\u017eivite \u010dudovito potovanje. Na\u0161e storitve concierge igralcem omogo\u010dajo zakonit na\u010din vstopa v loterijo. Ko pri nas kupite sre\u010dko Oz lotto, dobite pravo ponudbo.<\/p>\n","protected":false},"excerpt":{"rendered":"<p>Oz Lotto je prva avstralska nacionalna loterija. Za\u010dela se je leta 1994 in je zaradi velikega glavnega dobitka postala priljubljena med igralci po vsem svetu. Igralce pa privla\u010di \u0161e ve\u010d kot le velik glavni dobitek. Razli\u010dne loterije imajo svoja pravila in metode, skupno pa jim je, da kvote niso vedno ugodne. Vendar to ne velja [&hellip;]<\/p>\n","protected":false},"author":1,"featured_media":0,"parent":35780,"menu_order":16,"comment_status":"closed","ping_status":"closed","template":"","meta":{"_et_pb_use_builder":"","_et_pb_old_content":"","_et_gb_content_width":"","exclude_from_search":false,"footnotes":""},"class_list":["post-37233","page","type-page","status-publish","hentry"],"yoast_head":"<!-- This site is optimized with the Yoast SEO plugin v23.3 - https:\/\/yoast.com\/wordpress\/plugins\/seo\/ -->\n<title>Nakup vstopnic Oz Lotto od zunaj Avstralije | Spletne vstopnice Oz Lotto<\/title>\n<meta name=\"description\" content=\"OZ Lotto lahko igrate, \u010de ne \u017eivite v Avstraliji, vam lahko priskrbimo zakonito vstopnico za to avstralsko loterijo na spletu\" \/>\n<meta name=\"robots\" content=\"index, follow, max-snippet:-1, max-image-preview:large, max-video-preview:-1\" \/>\n<link rel=\"canonical\" href=\"https:\/\/jackpotlotteryonline.com\/sl\/kupiti-vstopnice\/oz-lotto\/\" \/>\n<meta property=\"og:locale\" content=\"sl_SI\" \/>\n<meta property=\"og:type\" content=\"article\" \/>\n<meta property=\"og:title\" content=\"Nakup vstopnic Oz Lotto od zunaj Avstralije | Spletne vstopnice Oz Lotto\" \/>\n<meta property=\"og:description\" content=\"OZ Lotto lahko igrate, \u010de ne \u017eivite v Avstraliji, vam lahko priskrbimo zakonito vstopnico za to avstralsko loterijo na spletu\" \/>\n<meta property=\"og:url\" content=\"https:\/\/jackpotlotteryonline.com\/sl\/kupiti-vstopnice\/oz-lotto\/\" \/>\n<meta property=\"og:site_name\" content=\"Lotto Online - Crack The International Lottery Jackpots\" \/>\n<meta property=\"article:modified_time\" content=\"2022-12-24T10:57:29+00:00\" \/>\n<meta property=\"og:image\" content=\"http:\/\/jackpotlotteryonline.com\/wp-content\/uploads\/2022\/11\/lottoballs.jpg\" \/>\n<meta name=\"twitter:card\" content=\"summary_large_image\" \/>\n<meta name=\"twitter:label1\" content=\"Est. reading time\" \/>\n\t<meta name=\"twitter:data1\" content=\"3 minute\" \/>\n<!-- \/ Yoast SEO plugin. -->","yoast_head_json":{"title":"Nakup vstopnic Oz Lotto od zunaj Avstralije | Spletne vstopnice Oz Lotto","description":"OZ Lotto lahko igrate, \u010de ne \u017eivite v Avstraliji, vam lahko priskrbimo zakonito vstopnico za to avstralsko loterijo na spletu","robots":{"index":"index","follow":"follow","max-snippet":"max-snippet:-1","max-image-preview":"max-image-preview:large","max-video-preview":"max-video-preview:-1"},"canonical":"https:\/\/jackpotlotteryonline.com\/sl\/kupiti-vstopnice\/oz-lotto\/","og_locale":"sl_SI","og_type":"article","og_title":"Nakup vstopnic Oz Lotto od zunaj Avstralije | Spletne vstopnice Oz Lotto","og_description":"OZ Lotto lahko igrate, \u010de ne \u017eivite v Avstraliji, vam lahko priskrbimo zakonito vstopnico za to avstralsko loterijo na spletu","og_url":"https:\/\/jackpotlotteryonline.com\/sl\/kupiti-vstopnice\/oz-lotto\/","og_site_name":"Lotto Online - Crack The International Lottery Jackpots","article_modified_time":"2022-12-24T10:57:29+00:00","og_image":[{"url":"http:\/\/jackpotlotteryonline.com\/wp-content\/uploads\/2022\/11\/lottoballs.jpg"}],"twitter_card":"summary_large_image","twitter_misc":{"Est. reading time":"3 minute"},"schema":{"@context":"https:\/\/schema.org","@graph":[{"@type":"WebPage","@id":"https:\/\/jackpotlotteryonline.com\/sl\/kupiti-vstopnice\/oz-lotto\/","url":"https:\/\/jackpotlotteryonline.com\/sl\/kupiti-vstopnice\/oz-lotto\/","name":"Nakup vstopnic Oz Lotto od zunaj Avstralije | Spletne vstopnice Oz Lotto","isPartOf":{"@id":"https:\/\/jackpotlotteryonline.com\/#website"},"primaryImageOfPage":{"@id":"https:\/\/jackpotlotteryonline.com\/sl\/kupiti-vstopnice\/oz-lotto\/#primaryimage"},"image":{"@id":"https:\/\/jackpotlotteryonline.com\/sl\/kupiti-vstopnice\/oz-lotto\/#primaryimage"},"thumbnailUrl":"http:\/\/jackpotlotteryonline.com\/wp-content\/uploads\/2022\/11\/lottoballs.jpg","datePublished":"2022-11-11T06:54:50+00:00","dateModified":"2022-12-24T10:57:29+00:00","description":"OZ Lotto lahko igrate, \u010de ne \u017eivite v Avstraliji, vam lahko priskrbimo zakonito vstopnico za to avstralsko loterijo na spletu","breadcrumb":{"@id":"https:\/\/jackpotlotteryonline.com\/sl\/kupiti-vstopnice\/oz-lotto\/#breadcrumb"},"inLanguage":"sl-SI","potentialAction":[{"@type":"ReadAction","target":["https:\/\/jackpotlotteryonline.com\/sl\/kupiti-vstopnice\/oz-lotto\/"]}]},{"@type":"ImageObject","inLanguage":"sl-SI","@id":"https:\/\/jackpotlotteryonline.com\/sl\/kupiti-vstopnice\/oz-lotto\/#primaryimage","url":"http:\/\/jackpotlotteryonline.com\/wp-content\/uploads\/2022\/11\/lottoballs.jpg","contentUrl":"http:\/\/jackpotlotteryonline.com\/wp-content\/uploads\/2022\/11\/lottoballs.jpg"},{"@type":"BreadcrumbList","@id":"https:\/\/jackpotlotteryonline.com\/sl\/kupiti-vstopnice\/oz-lotto\/#breadcrumb","itemListElement":[{"@type":"ListItem","position":1,"name":"Home","item":"https:\/\/jackpotlotteryonline.com\/sl\/"},{"@type":"ListItem","position":2,"name":"Kako kupiti loterijske vstopnice na spletu","item":"https:\/\/jackpotlotteryonline.com\/sl\/kupiti-vstopnice\/"},{"@type":"ListItem","position":3,"name":"Nakup Oz Lotto vstopnice"}]},{"@type":"WebSite","@id":"https:\/\/jackpotlotteryonline.com\/#website","url":"https:\/\/jackpotlotteryonline.com\/","name":"Lotto Online - Crack The International Lottery Jackpots","description":"","potentialAction":[{"@type":"SearchAction","target":{"@type":"EntryPoint","urlTemplate":"https:\/\/jackpotlotteryonline.com\/?s={search_term_string}"},"query-input":"required name=search_term_string"}],"inLanguage":"sl-SI"}]}},"_links":{"self":[{"href":"https:\/\/jackpotlotteryonline.com\/sl\/wp-json\/wp\/v2\/pages\/37233","targetHints":{"allow":["GET"]}}],"collection":[{"href":"https:\/\/jackpotlotteryonline.com\/sl\/wp-json\/wp\/v2\/pages"}],"about":[{"href":"https:\/\/jackpotlotteryonline.com\/sl\/wp-json\/wp\/v2\/types\/page"}],"author":[{"embeddable":true,"href":"https:\/\/jackpotlotteryonline.com\/sl\/wp-json\/wp\/v2\/users\/1"}],"replies":[{"embeddable":true,"href":"https:\/\/jackpotlotteryonline.com\/sl\/wp-json\/wp\/v2\/comments?post=37233"}],"version-history":[{"count":0,"href":"https:\/\/jackpotlotteryonline.com\/sl\/wp-json\/wp\/v2\/pages\/37233\/revisions"}],"up":[{"embeddable":true,"href":"https:\/\/jackpotlotteryonline.com\/sl\/wp-json\/wp\/v2\/pages\/35780"}],"wp:attachment":[{"href":"https:\/\/jackpotlotteryonline.com\/sl\/wp-json\/wp\/v2\/media?parent=37233"}],"curies":[{"name":"wp","href":"https:\/\/api.w.org\/{rel}","templated":true}]}}