{"id":37289,"date":"2022-11-11T09:15:27","date_gmt":"2022-11-11T09:15:27","guid":{"rendered":"https:\/\/jackpotlotteryonline.com\/?page_id=37289"},"modified":"2022-12-24T21:31:20","modified_gmt":"2022-12-24T21:31:20","slug":"saturday-lotto","status":"publish","type":"page","link":"https:\/\/jackpotlotteryonline.com\/sl\/kupiti-vstopnice\/saturday-lotto\/","title":{"rendered":"Nakup vstopnic za soboto Lotto Avstralija"},"content":{"rendered":"<p>Avstralija ima veliko loterij, kot so Wednesday Lotto, Powerball in Saturday Lotto Australia. Sobotna loterija je priljubljena med igralci in ljudem daje nekaj, \u010desar se lahko veselijo vsak teden. Ko se je ta loterija prvi\u010d za\u010dela, so v njej lahko sodelovali samo igralci v dr\u017eavi Oz. Na sre\u010do lahko zdaj v loteriji Saturday Lottery sodelujejo igralci po vsem svetu.<\/p>\n<p>Kako lahko kupite sre\u010dke za sobotno loterijo zunaj dr\u017eave? Zakaj ne bi nadaljevali z branjem in to izvedeli? Popeljali vas bomo skozi postopek in odgovorili na vsa va\u0161a vpra\u0161anja. Za tiste, ki te loterije ne poznate, si bomo vzeli nekaj \u010dasa tudi za pogovor o njej. Upamo, da boste do konca branja \u017ee nestrpno \u010dakali na nakup sre\u010dk za to loterijo.<\/p>\n<h2>Kaj je Saturday Lotto Australia<\/h2>\n<p>To je loterija, ki je bila v dr\u017eavi uvedena leta 1972 in je zdaj postala ena izmed najljub\u0161ih loterij za igralce. V nekaterih delih dr\u017eave je znana kot Tatts lotto, X lotto in Gold lotto, vodi pa jo skupina Tatts lottery group.<\/p>\n<p>Ta loterija ima \u0161est nagradnih razdelkov, o katerih bomo govorili v kratkem. Loterija Sobota ima za\u010detni jackpot 5 milijonov avstralskih dolarjev. Neverjetno je, da so mo\u017enosti za osvojitev glavnega dobitka zelo dobre. V nasprotju z drugimi loterijami mora igralec za osvojitev glavnega dobitka ujeti le glavne \u0161tevilke.<\/p>\n<p>Obstajajo tudi dodatne \u0161tevilke, ki pa se uporabljajo za dolo\u010ditev dobitnikov drugih nagradnih razdelkov. Veliko pove dejstvo, da \u010deprav je loterija na voljo skoraj vsak dan v tednu, Avstralce privla\u010di prav ta loterija. V nadaljevanju bomo govorili o tem, kako igrati to loterijo in o razli\u010dnih nagradnih delih.<\/p>\n<h2>Kako igrati sobotno loterijo<\/h2>\n<p><img loading=\"lazy\" decoding=\"async\" class=\"alignright size-full wp-image-35132\" src=\"http:\/\/jackpotlotteryonline.com\/wp-content\/uploads\/2022\/11\/2_ticket_saturday_lotto_au2-1-180x300-1.jpg\" alt=\"Sobota loterija vozovnica\" width=\"180\" height=\"300\" \/><\/p>\n<p>Za <a href=\"https:\/\/jackpotlotteryonline.com\/sl\/kako-igrati\/igranje-sobota-lotto-na-spletu\">igranje te loterije<\/a> mora igralec izbrati 6 glavnih \u0161tevilk med 1 in 45. Nato 2 dodatni \u0161tevilki od 1 do 6. Dodatne \u0161tevilke se ne uporabljajo pri dolo\u010danju glavnega dobitka. Vse, kar mora igralec storiti, je, da se ujema z osmimi iz\u017erebanimi \u0161tevilkami, da bi osvojil glavni dobitek.<\/p>\n<p>Med \u017erebanjem se iz soda s 45 kroglicami naklju\u010dno izbere \u0161est kroglic. \u0160tevilke na teh kroglicah so dobitne \u0161tevilke in vsaka sre\u010dka, ki se ujema z njimi, je dobitna. Nato se iz drugega soda, v katerem je \u0161est kroglic, izbereta dve drugi kroglici. To so dodatne \u0161tevilke, ki se uporabljajo pri dolo\u010danju drugih nagradnih kategorij.<\/p>\n<p>Kot pove \u017ee ime, se \u017erebanja opravijo vsak teden ob sobotah. \u017drebanja se zaklju\u010dijo v soboto do 19.25 po srednjeevropskem \u010dasu. Igralci, ki \u017eelijo sodelovati v \u017erebanju v tistem tednu, morajo kupiti sre\u010dke pred zaprtjem.<\/p>\n<h2>Nagradni razdelki<\/h2>\n<p>Loto Tatts ima osem nagradnih razdelkov. Ko kupite sre\u010dko za to loterijo, imate mo\u017enost za katero koli od teh nagradnih kategorij. Zmagovalna kombinacija za vsak oddelek je navedena spodaj.<\/p>\n<p>Oddelek 1 (glavni dobitek) &#8211; ujemanje 6 glavnih \u0161tevilk<br \/>\nRazdelek 2 &#8211; Ujemite 5 glavnih \u0161tevilk in 1 dodatno \u0161tevilko<br \/>\nRazdelek 3 &#8211; Pohod poljubnih 5 glavnih \u0161tevilk<br \/>\nRazdelek 4 &#8211; Ujemite 4 glavne \u0161tevilke<br \/>\nRazdelek 5 &#8211; Ujemite 3 glavne \u0161tevilke + 1 dodatno \u0161tevilko<br \/>\nRazdelek 6 &#8211; Ujemite katere koli 3 glavne \u0161tevilke<\/p>\n<p>Organizatorji so omogo\u010dili, da lahko igralci osvojijo to loterijo. Mo\u017enosti so velike, glavni dobitek pa zna\u0161a 5 milijonov avstralskih dolarjev, zato je \u010dudno, da igralci obo\u017eujejo sobotno loterijo? \u010ce tega \u0161e niste storili, je zdaj pravi \u010das, da razmislite o nakupu sre\u010dke.<\/p>\n<h2>Prej\u0161nji zmagovalci<\/h2>\n<p>Preden vam povemo, kako kupiti sre\u010dke za to loterijo zunaj Oza, bi bilo dobro spregovoriti o prej\u0161njih zmagovalcih. V preteklih letih je bilo veliko zmagovalcev, zato bomo izbrali le nekaj nedavnih zmagovalcev in upamo, da vas bodo navdihnili.<\/p>\n<p>Prva na na\u0161em seznamu je avstralska mama, ki je \u017eelela ostati anonimna. Skupaj s \u0161e enim dobitnikom je osvojila sobotni glavni dobitek. Po poro\u010dilih je potrebovala dva tedna, preden je ugotovila, da je osvojila glavni dobitek. \u010ce bi \u010dakala dlje, nagrade ne bi mogla prevzeti. Na sre\u010do je \u0161la preverit in ugotovila, da je zmagala.<\/p>\n<p>Drugi dobitnik je mo\u0161ki, ki je ve\u010d let igral sobotno loterijo z istimi \u0161tevilkami. Njegova vztrajnost se je obrestovala in osvojil je glavni dobitek. \u0160tevilni zmagovalci loterije pravijo, da so igrali ve\u010d let, preden so zmagali na loteriji. V\u010dasih sta za \u017eelene rezultate potrebna vera in doslednost.<\/p>\n<section class=\"layout\" style=\"border: solid 1px; width: 100%;\">\n<div class=\"img-div\" style=\"margin-top: 5px;\"><img decoding=\"async\" class=\"wp-image-17212 alignleft\" style=\"height: 45px; margin: 8px 8px 0px;\" src=\"http:\/\/jackpotlotteryonline.com\/wp-content\/uploads\/2022\/11\/read1.jpg\" alt=\"Preberite\" width=\"\" height=\"\" \/><\/div>\n<div style=\"padding-left: 5px;\">\n<div style=\"font-size: 1.1em;\">\n<p><strong>Nekateri zmagovalci loterije so se vrnili v skupnost<\/strong><\/p>\n<p style=\"font-size: 0.85em; margin-top: -1.5em;\">Nekaj zanimivih in ganljivih zgodb o loterijskih zmagovalcih, ki se vra\u010dajo\u00a0<a href=\"https:\/\/jackpotlotteryonline.com\/sl\/zgodbe-o-loterijskih-zmagovalcih-ki-dajejo-nazaj\"> preberi ve\u010d<\/a><\/p>\n<\/div>\n<\/div>\n<\/section>\n<h2>Nakup vstopnic zunaj Avstralije<\/h2>\n<p>\u010ce ne \u017eivite v \u010dudoviti de\u017eeli Oz, kako lahko kupite vstopnice za Saturday Lotto? Pred internetom bi bilo to nemogo\u010de ali vsaj zelo te\u017eko. Toda zahvaljujo\u010d internetu lahko sre\u010dke za loterijo Tatts kupite prek spleta.<\/p>\n<p>Obstajajo spletni prodajalci loterij, ki igralcem omogo\u010dajo nakup sre\u010dk za najbolj\u0161e mednarodne loterije. Ti prodajalci vodijo tako imenovano storitev concierge, ki igralcem pomaga pri nakupu loterijskih sre\u010dk v kateri koli dr\u017eavi. Ko se prijavite na teh straneh, se lahko preprosto prijavite na loterijo Sobota in zahtevate morebitne dobitke.<\/p>\n<p>Na jackpotlotteryonline.com izvajamo storitev concierge, ki na\u0161im uporabnikom zagotavlja brezhibno izku\u0161njo. Ko se prijavite pri nas, lahko preprosto kupite svojo vstopnico za sobotno loterijo in \u0161tevilne druge mednarodne loterije. Vas skrbi, kako zahtevati nagrado, \u010de zmagate? Preprosto izpla\u010dajte svojo nagrado iz na\u0161e platforme brez te\u017eav.<\/p>\n<h2>Pogosto zastavljena vpra\u0161anja<\/h2>\n<p><img loading=\"lazy\" decoding=\"async\" class=\"wp-image-29264 alignright\" src=\"http:\/\/jackpotlotteryonline.com\/wp-content\/uploads\/2022\/11\/1_play_online_lotto-300x300.jpg\" alt=\"Spletna sobota loto Avstralija\" width=\"235\" height=\"235\" srcset=\"https:\/\/jackpotlotteryonline.com\/wp-content\/uploads\/2022\/11\/1_play_online_lotto-300x300.jpg 300w, https:\/\/jackpotlotteryonline.com\/wp-content\/uploads\/2022\/11\/1_play_online_lotto-100x100.jpg 100w, https:\/\/jackpotlotteryonline.com\/wp-content\/uploads\/2022\/11\/1_play_online_lotto-150x150.jpg 150w, https:\/\/jackpotlotteryonline.com\/wp-content\/uploads\/2022\/11\/1_play_online_lotto.jpg 480w\" sizes=\"auto, (max-width: 235px) 100vw, 235px\" \/><\/p>\n<p>Vemo, da se vam verjetno po glavi podi ve\u010d vpra\u0161anj. Ni\u010d hudega, saj smo tukaj, da vam odgovorimo na va\u0161a vpra\u0161anja. Tu bomo posku\u0161ali zajeti vse, \u010de pa vas \u0161e vedno kaj skrbi, se obrnite na nas. Vedno smo veseli, da vas lahko sli\u0161imo. Storili bomo vse, kar je v na\u0161i mo\u010di, da vam pomagamo na va\u0161i poti do loterijskega zmagovalca.<\/p>\n<h2>Ali lahko kupim loterijske sre\u010dke prek spleta?<\/h2>\n<p>Da, loterijske sre\u010dke lahko kupite prek spleta in to je povsem zakonito. Prepri\u010dajte se, da uporabljate zaupanja vrednega prodajalca loterijskih sre\u010dk, saj boste tako zagotovili, da vstopate na loterijo. \u0160tevilne loterijske skupine imajo spletne strani. \u010ce pa \u017eelite igrati na ve\u010d kot eni loteriji, bi bilo bolje, da se registrirate pri prodajalcu loterije. Natan\u010dneje pri tistem, ki omogo\u010da dostop do ve\u010d drugih loterij.<\/p>\n<h2>Kako kupim sre\u010dko?<\/h2>\n<p>\u010ce ste registrirani pri nas, je nakup loterijske sre\u010dke preprost. Preprosto izberite svoje \u0161tevilke in vstopite v \u017erebanje. Kupite lahko ve\u010d vstopov in tako pove\u010date svoje mo\u017enosti za nagrado. Vse je odvisno od vas. \u010ce niste prepri\u010dani, katero \u0161tevilko izbrati, lahko to namesto vas stori samodejni izbirnik. Trudimo se zagotoviti, da je postopek za igralce enostaven in intuitiven.<\/p>\n<h2>Kaj to\u010dno je storitev concierge?<\/h2>\n<p>Veseli smo, da ste nas vpra\u0161ali. Ko re\u010demo, da vodimo storitev concierge, to pomeni, da imamo zastopnike v razli\u010dnih dr\u017eavah, vklju\u010dno z Avstralijo. Ko pri nas kupite loterijsko sre\u010dko, gredo na\u0161i agenti ven in kupijo fizi\u010dno sre\u010dko z ustreznimi \u0161tevilkami. To pomeni, da ste, kjer koli ste, vklju\u010deni v loterijo.<\/p>\n<h2>Kako lahko zmagam?<\/h2>\n<p>Za zmago na tej avstralski loteriji morate le ujemati \u0161est glavnih iz\u017erebanih \u0161tevilk in postanete dobitnik glavnega dobitka. Dodatnih \u0161tevilk vam ni treba ujemati, saj se uporabljajo za dolo\u010danje nagrad v razdelkih 2 in 5.<\/p>\n<h2>Kako lahko preverim rezultate?<\/h2>\n<p>Po vsakem \u017erebanju rezultate objavimo tukaj na spletni strani jackpotlotteryonline.com. Za <a href=\"https:\/\/jackpotlotteryonline.com\/sl\/zmagovalne-stevilke\/saturday-lotto\">sobotno loterijo preprosto obi\u0161\u010dite stran<\/a> z rezultati po \u017erebanjih v soboto.<\/p>\n<h2>Kaj \u010de pozabim preveriti rezultate?<\/h2>\n<p>To je najbolj\u0161i del. Ko kupujete pri nas, ni pomembno, \u010de pozabite preveriti rezultate lota, saj vam krijemo hrbet. \u010ce osvojite nagrado, vam bomo poslali sporo\u010dilo na va\u0161o nadzorno plo\u0161\u010do in elektronsko sporo\u010dilo, s katerim vas bomo opozorili. Ko pri nas kupite loterijski listek, veste, da ste zavarovani.<\/p>\n<h2>Zmagal sem, kaj zdaj?<\/h2>\n<p>\u010ce ste na loteriji zmagali, vam najprej \u010destitam! Navdu\u0161eni smo za vas. \u010ce ste se pri nas registrirali, je naslednji korak preprost. Pojdite na svojo nadzorno plo\u0161\u010do in izpla\u010dajte svoja sredstva z razpolo\u017eljivimi metodami. To je tako preprosto.<\/p>\n<h2>Registrirajte se pri nas \u0161e danes!<\/h2>\n<p>Igranje loterije je zabavno in igralcem omogo\u010da, da se vsak teden ne\u010desa veselijo. Sobotna loterija ima lep glavni dobitek in ugodne kvote, zato je idealna tako za nove kot stare igralce. Zdaj ni ve\u010d omejena na Avstralce, saj lahko vstopnice za loterijo kupujejo ljudje povsod.<\/p>\n<p>\u010ce i\u0161\u010dete zanimivo igro, zakaj ne bi preizkusili loterije Tatts? Ne glede na to, kje se nahajate, lahko kupite kupon za to loterijo tako, da se registrirate pri nas. kupite ve\u010d vpla\u010dil in se zlahka udele\u017eite ve\u010d \u017erebanj vnaprej. Na\u0161a naloga je, da vam omogo\u010dimo igranje loterij po va\u0161i izbiri z minimalnim stresom.<\/p>\n<p>Med igranjem se sprostite in zabavajte, saj nikoli ne veste, ali bo to dan, ko boste osvojili veliko zmago. Zakaj ne bi kupili dostopa do loterije tako, da se \u0161e danes registrirate pri nas?<\/p>\n","protected":false},"excerpt":{"rendered":"<p>Avstralija ima veliko loterij, kot so Wednesday Lotto, Powerball in Saturday Lotto Australia. Sobotna loterija je priljubljena med igralci in ljudem daje nekaj, \u010desar se lahko veselijo vsak teden. Ko se je ta loterija prvi\u010d za\u010dela, so v njej lahko sodelovali samo igralci v dr\u017eavi Oz. Na sre\u010do lahko zdaj v loteriji Saturday Lottery sodelujejo [&hellip;]<\/p>\n","protected":false},"author":1,"featured_media":0,"parent":35780,"menu_order":18,"comment_status":"closed","ping_status":"closed","template":"saturday-lotto-info.php","meta":{"_et_pb_use_builder":"","_et_pb_old_content":"","_et_gb_content_width":"","exclude_from_search":false,"footnotes":""},"class_list":["post-37289","page","type-page","status-publish","hentry"],"yoast_head":"<!-- This site is optimized with the Yoast SEO plugin v23.3 - https:\/\/yoast.com\/wordpress\/plugins\/seo\/ -->\n<title>Nakup vstopnic za Saturday Lotto Australia iz zunaj Avstralije<\/title>\n<meta name=\"description\" content=\"Priljubljeni avstralski sobotni loto ima velike dobitke. Igralci od koderkoli lahko zdaj kupijo vstopnico za sobotni loto prek spleta.\" \/>\n<meta name=\"robots\" content=\"index, follow, max-snippet:-1, max-image-preview:large, max-video-preview:-1\" \/>\n<link rel=\"canonical\" href=\"https:\/\/jackpotlotteryonline.com\/sl\/kupiti-vstopnice\/saturday-lotto\/\" \/>\n<meta property=\"og:locale\" content=\"sl_SI\" \/>\n<meta property=\"og:type\" content=\"article\" \/>\n<meta property=\"og:title\" content=\"Nakup vstopnic za Saturday Lotto Australia iz zunaj Avstralije\" \/>\n<meta property=\"og:description\" content=\"Priljubljeni avstralski sobotni loto ima velike dobitke. Igralci od koderkoli lahko zdaj kupijo vstopnico za sobotni loto prek spleta.\" \/>\n<meta property=\"og:url\" content=\"https:\/\/jackpotlotteryonline.com\/sl\/kupiti-vstopnice\/saturday-lotto\/\" \/>\n<meta property=\"og:site_name\" content=\"Lotto Online - Crack The International Lottery Jackpots\" \/>\n<meta property=\"article:modified_time\" content=\"2022-12-24T21:31:20+00:00\" \/>\n<meta property=\"og:image\" content=\"http:\/\/jackpotlotteryonline.com\/wp-content\/uploads\/2022\/11\/2_ticket_saturday_lotto_au2-1-180x300-1.jpg\" \/>\n<meta name=\"twitter:card\" content=\"summary_large_image\" \/>\n<meta name=\"twitter:label1\" content=\"Est. reading time\" \/>\n\t<meta name=\"twitter:data1\" content=\"7 minut\" \/>\n<!-- \/ Yoast SEO plugin. -->","yoast_head_json":{"title":"Nakup vstopnic za Saturday Lotto Australia iz zunaj Avstralije","description":"Priljubljeni avstralski sobotni loto ima velike dobitke. Igralci od koderkoli lahko zdaj kupijo vstopnico za sobotni loto prek spleta.","robots":{"index":"index","follow":"follow","max-snippet":"max-snippet:-1","max-image-preview":"max-image-preview:large","max-video-preview":"max-video-preview:-1"},"canonical":"https:\/\/jackpotlotteryonline.com\/sl\/kupiti-vstopnice\/saturday-lotto\/","og_locale":"sl_SI","og_type":"article","og_title":"Nakup vstopnic za Saturday Lotto Australia iz zunaj Avstralije","og_description":"Priljubljeni avstralski sobotni loto ima velike dobitke. Igralci od koderkoli lahko zdaj kupijo vstopnico za sobotni loto prek spleta.","og_url":"https:\/\/jackpotlotteryonline.com\/sl\/kupiti-vstopnice\/saturday-lotto\/","og_site_name":"Lotto Online - Crack The International Lottery Jackpots","article_modified_time":"2022-12-24T21:31:20+00:00","og_image":[{"url":"http:\/\/jackpotlotteryonline.com\/wp-content\/uploads\/2022\/11\/2_ticket_saturday_lotto_au2-1-180x300-1.jpg"}],"twitter_card":"summary_large_image","twitter_misc":{"Est. reading time":"7 minut"},"schema":{"@context":"https:\/\/schema.org","@graph":[{"@type":"WebPage","@id":"https:\/\/jackpotlotteryonline.com\/sl\/kupiti-vstopnice\/saturday-lotto\/","url":"https:\/\/jackpotlotteryonline.com\/sl\/kupiti-vstopnice\/saturday-lotto\/","name":"Nakup vstopnic za Saturday Lotto Australia iz zunaj Avstralije","isPartOf":{"@id":"https:\/\/jackpotlotteryonline.com\/#website"},"primaryImageOfPage":{"@id":"https:\/\/jackpotlotteryonline.com\/sl\/kupiti-vstopnice\/saturday-lotto\/#primaryimage"},"image":{"@id":"https:\/\/jackpotlotteryonline.com\/sl\/kupiti-vstopnice\/saturday-lotto\/#primaryimage"},"thumbnailUrl":"http:\/\/jackpotlotteryonline.com\/wp-content\/uploads\/2022\/11\/2_ticket_saturday_lotto_au2-1-180x300-1.jpg","datePublished":"2022-11-11T09:15:27+00:00","dateModified":"2022-12-24T21:31:20+00:00","description":"Priljubljeni avstralski sobotni loto ima velike dobitke. Igralci od koderkoli lahko zdaj kupijo vstopnico za sobotni loto prek spleta.","breadcrumb":{"@id":"https:\/\/jackpotlotteryonline.com\/sl\/kupiti-vstopnice\/saturday-lotto\/#breadcrumb"},"inLanguage":"sl-SI","potentialAction":[{"@type":"ReadAction","target":["https:\/\/jackpotlotteryonline.com\/sl\/kupiti-vstopnice\/saturday-lotto\/"]}]},{"@type":"ImageObject","inLanguage":"sl-SI","@id":"https:\/\/jackpotlotteryonline.com\/sl\/kupiti-vstopnice\/saturday-lotto\/#primaryimage","url":"http:\/\/jackpotlotteryonline.com\/wp-content\/uploads\/2022\/11\/2_ticket_saturday_lotto_au2-1-180x300-1.jpg","contentUrl":"http:\/\/jackpotlotteryonline.com\/wp-content\/uploads\/2022\/11\/2_ticket_saturday_lotto_au2-1-180x300-1.jpg"},{"@type":"BreadcrumbList","@id":"https:\/\/jackpotlotteryonline.com\/sl\/kupiti-vstopnice\/saturday-lotto\/#breadcrumb","itemListElement":[{"@type":"ListItem","position":1,"name":"Home","item":"https:\/\/jackpotlotteryonline.com\/sl\/"},{"@type":"ListItem","position":2,"name":"Kako kupiti loterijske vstopnice na spletu","item":"https:\/\/jackpotlotteryonline.com\/sl\/kupiti-vstopnice\/"},{"@type":"ListItem","position":3,"name":"Nakup vstopnic za soboto Lotto Avstralija"}]},{"@type":"WebSite","@id":"https:\/\/jackpotlotteryonline.com\/#website","url":"https:\/\/jackpotlotteryonline.com\/","name":"Lotto Online - Crack The International Lottery Jackpots","description":"","potentialAction":[{"@type":"SearchAction","target":{"@type":"EntryPoint","urlTemplate":"https:\/\/jackpotlotteryonline.com\/?s={search_term_string}"},"query-input":"required name=search_term_string"}],"inLanguage":"sl-SI"}]}},"_links":{"self":[{"href":"https:\/\/jackpotlotteryonline.com\/sl\/wp-json\/wp\/v2\/pages\/37289","targetHints":{"allow":["GET"]}}],"collection":[{"href":"https:\/\/jackpotlotteryonline.com\/sl\/wp-json\/wp\/v2\/pages"}],"about":[{"href":"https:\/\/jackpotlotteryonline.com\/sl\/wp-json\/wp\/v2\/types\/page"}],"author":[{"embeddable":true,"href":"https:\/\/jackpotlotteryonline.com\/sl\/wp-json\/wp\/v2\/users\/1"}],"replies":[{"embeddable":true,"href":"https:\/\/jackpotlotteryonline.com\/sl\/wp-json\/wp\/v2\/comments?post=37289"}],"version-history":[{"count":0,"href":"https:\/\/jackpotlotteryonline.com\/sl\/wp-json\/wp\/v2\/pages\/37289\/revisions"}],"up":[{"embeddable":true,"href":"https:\/\/jackpotlotteryonline.com\/sl\/wp-json\/wp\/v2\/pages\/35780"}],"wp:attachment":[{"href":"https:\/\/jackpotlotteryonline.com\/sl\/wp-json\/wp\/v2\/media?parent=37289"}],"curies":[{"name":"wp","href":"https:\/\/api.w.org\/{rel}","templated":true}]}}