{"id":37783,"date":"2022-11-15T08:48:19","date_gmt":"2022-11-15T08:48:19","guid":{"rendered":"https:\/\/jackpotlotteryonline.com\/?page_id=37783"},"modified":"2022-11-15T08:48:19","modified_gmt":"2022-11-15T08:48:19","slug":"faq","status":"publish","type":"page","link":"https:\/\/jackpotlotteryonline.com\/sl\/faq\/","title":{"rendered":"POGOSTA VPRA\u0160ANJA"},"content":{"rendered":"<h2>Pogosta vpra\u0161anja o spletni loteriji<\/h2>\n<p>Tu bomo podali odgovore na najpogosteje zastavljena vpra\u0161anja o spletni loteriji in spletnih loterijskih jackpotih. Igranje spletnih loterij je najpriro\u010dnej\u0161i in najla\u017eji na\u010din, da se dokopljete do velikih mednarodnih loterijskih jackpotov.<\/p>\n<h2>Kako deluje?<\/h2>\n<p>Delujemo kot kurirska slu\u017eba med vami in razli\u010dnimi loterijami. Kupimo sre\u010dko v va\u0161em imenu in za va\u0161 ra\u010dun, nato skeniramo va\u0161o novo sre\u010dko in skenogram prenesemo v va\u0161 uporabni\u0161ki ra\u010dun, vam po\u0161ljemo sporo\u010dilo, ko zmagate, in vam pomagamo dobiti denar, ko zmagate tudi vi.<\/p>\n<h2>Katere so prednosti igranja prek nas?<\/h2>\n<ul>\n<li>ni vam treba iti v prodajalno loterije. Enostavno lahko igrate od doma ali iz pisarne<\/li>\n<li>pla\u010dujete lahko prek spleta, na primer s kreditno kartico ali na drug na\u010din<\/li>\n<li>va\u0161i loterijski dobitki do 2500 EUR bodo nakazani na va\u0161 ra\u010dun<\/li>\n<li>\u010de boste osvojili ve\u010d kot 2500 EUR, vam bomo brezpla\u010dno pomagali dobiti denar.<\/li>\n<li>\u010de osvojite denar, ni dodatnih stro\u0161kov.<\/li>\n<\/ul>\n<p><strong>Kdo lahko igra loterije?<\/strong><\/p>\n<p>Loterijo lahko igra vsakdo, ki je starej\u0161i od 18 let.<\/p>\n<p><strong>Ali lahko igram na loteriji iz tuje dr\u017eave?<\/strong><\/p>\n<p>Da, lahko. Ni pomembno, v kateri dr\u017eavi prebivate, igrate lahko katero koli loterijo in glavni dobitek loto v kateri koli dr\u017eavi po va\u0161i izbiri.<\/p>\n<p><strong>Ali lahko sam izberem \u0161tevilke lota?<\/strong><\/p>\n<p>Da. Izberete lahko \u0161tevilke, ki jih \u017eelite, ali pa lahko ra\u010dunalnik naklju\u010dno izbere va\u0161e \u0161tevilke.<\/p>\n<p><strong>Kako bom dobil svoj loterijski listek?<\/strong><\/p>\n<p>Ko bo va\u0161e pla\u010dilo obdelano, vam bomo po e-po\u0161ti poslali potrdilo o nakupu. Izbrane \u0161tevilke si lahko ogledate v svojem ra\u010dunu. Kmalu zatem si lahko v svojem ra\u010dunu ogledate tudi skenirano sre\u010dko.<\/p>\n<p><strong>Kako lahko pla\u010dam svojo loterijo ali sre\u010dko?<\/strong><\/p>\n<p>Na voljo so vam \u0161tevilne mo\u017enosti pla\u010dila, med katerimi so pla\u010dilo s kreditno kartico, ban\u010dnim nakazilom, razli\u010dnimi kriptovalutami in \u0161e ve\u010d.<\/p>\n<p><strong>Ali si vzamete dele\u017e mojega dobitka?<\/strong><\/p>\n<p>Ne. vsi loterijski dobitki vam bodo izpla\u010dani v celoti, brez odbitka kakr\u0161nih koli pristojbin.<\/p>\n<p><strong>Kdaj lahko oddam naro\u010dilo za loterijsko sre\u010dko?<\/strong><\/p>\n<p>\u010ce \u017eelite sodelovati na loteriji, morate svojo sre\u010dko naro\u010diti vsaj 2 uri pred \u017erebanjem. Tako bomo lahko obdelali va\u0161e naro\u010dilo loterijske sre\u010dke.<\/p>\n<p><strong>Kako vem, ali sem zmagal?<\/strong><\/p>\n<p>\u010ce boste zmagali, vam bomo poslali elektronsko sporo\u010dilo, v katerem vas bomo obvestili o va\u0161i zmagi. Prav tako bodo zmagovalne \u0161tevilke za vse loterije objavljene na na\u0161em spletnem mestu.<\/p>\n<p><strong>Kako dobim svoj denar, \u010de zmagam?<\/strong><\/p>\n<p>\u010ce osvojite znesek, ni\u017eji od 2500 EUR, bo denar nakazan na va\u0161 igralni ra\u010dun. Za vsak dobitek, vi\u0161ji od 2500 \u20ac, vam bomo poslali obrazec zahtevka, ki ga morate izpolniti. V njem se boste morali identificirati, nato pa bomo va\u0161 zahtevek posredovali loterijskemu podjetju. Loterijsko podjetje vam bo nato izdalo \u010dek. Upo\u0161tevajte, da nekatere loterijske dru\u017ebe zahtevajo, da v primeru dobitka glavnega dobitka svoj dobitek prevzamete osebno.<\/p>\n<p><strong>Ali je to zakonita storitev?<\/strong><\/p>\n<p>Da, je. Ker je na\u0161a storitev samo storitev po\u0161iljanja sporo\u010dil, je popolnoma zakonita.<\/p>\n<p><strong>Kako lahko vem, da je bila loterijska sre\u010dka kupljena v mojem imenu?<\/strong><\/p>\n<p>Ko boste pla\u010dali loterijsko sre\u010dko, boste prejeli potrdilo o pla\u010dilu. Dokler je va\u0161a sre\u010dka aktivna, boste prejeli obvestilo po e-po\u0161ti, po prijavi pa si lahko svoje sre\u010dke ogledate v svojem obmo\u010dju za stranke na na\u0161i spletni strani.<\/p>\n","protected":false},"excerpt":{"rendered":"<p>Pogosta vpra\u0161anja o spletni loteriji Tu bomo podali odgovore na najpogosteje zastavljena vpra\u0161anja o spletni loteriji in spletnih loterijskih jackpotih. Igranje spletnih loterij je najpriro\u010dnej\u0161i in najla\u017eji na\u010din, da se dokopljete do velikih mednarodnih loterijskih jackpotov. Kako deluje? Delujemo kot kurirska slu\u017eba med vami in razli\u010dnimi loterijami. Kupimo sre\u010dko v va\u0161em imenu in za va\u0161 [&hellip;]<\/p>\n","protected":false},"author":1,"featured_media":0,"parent":0,"menu_order":6,"comment_status":"closed","ping_status":"closed","template":"","meta":{"_et_pb_use_builder":"","_et_pb_old_content":"","_et_gb_content_width":"","exclude_from_search":false,"footnotes":""},"class_list":["post-37783","page","type-page","status-publish","hentry"],"yoast_head":"<!-- This site is optimized with the Yoast SEO plugin v23.3 - https:\/\/yoast.com\/wordpress\/plugins\/seo\/ -->\n<title>Pogosta vpra\u0161anja o loteriji | Pogosta vpra\u0161anja o spletni igri Lotto<\/title>\n<meta name=\"description\" content=\"Tu najdete odgovore na najpogostej\u0161a vpra\u0161anja o spletni loteriji in najbolj\u0161e storitve\" \/>\n<meta name=\"robots\" content=\"index, follow, max-snippet:-1, max-image-preview:large, max-video-preview:-1\" \/>\n<link rel=\"canonical\" href=\"https:\/\/jackpotlotteryonline.com\/sl\/faq\/\" \/>\n<meta property=\"og:locale\" content=\"sl_SI\" \/>\n<meta property=\"og:type\" content=\"article\" \/>\n<meta property=\"og:title\" content=\"Pogosta vpra\u0161anja o loteriji | Pogosta vpra\u0161anja o spletni igri Lotto\" \/>\n<meta property=\"og:description\" content=\"Tu najdete odgovore na najpogostej\u0161a vpra\u0161anja o spletni loteriji in najbolj\u0161e storitve\" \/>\n<meta property=\"og:url\" content=\"https:\/\/jackpotlotteryonline.com\/sl\/faq\/\" \/>\n<meta property=\"og:site_name\" content=\"Lotto Online - Crack The International Lottery Jackpots\" \/>\n<meta name=\"twitter:card\" content=\"summary_large_image\" \/>\n<meta name=\"twitter:label1\" content=\"Est. reading time\" \/>\n\t<meta name=\"twitter:data1\" content=\"3 minute\" \/>\n<!-- \/ Yoast SEO plugin. -->","yoast_head_json":{"title":"Pogosta vpra\u0161anja o loteriji | Pogosta vpra\u0161anja o spletni igri Lotto","description":"Tu najdete odgovore na najpogostej\u0161a vpra\u0161anja o spletni loteriji in najbolj\u0161e storitve","robots":{"index":"index","follow":"follow","max-snippet":"max-snippet:-1","max-image-preview":"max-image-preview:large","max-video-preview":"max-video-preview:-1"},"canonical":"https:\/\/jackpotlotteryonline.com\/sl\/faq\/","og_locale":"sl_SI","og_type":"article","og_title":"Pogosta vpra\u0161anja o loteriji | Pogosta vpra\u0161anja o spletni igri Lotto","og_description":"Tu najdete odgovore na najpogostej\u0161a vpra\u0161anja o spletni loteriji in najbolj\u0161e storitve","og_url":"https:\/\/jackpotlotteryonline.com\/sl\/faq\/","og_site_name":"Lotto Online - Crack The International Lottery Jackpots","twitter_card":"summary_large_image","twitter_misc":{"Est. reading time":"3 minute"},"schema":{"@context":"https:\/\/schema.org","@graph":[{"@type":"WebPage","@id":"https:\/\/jackpotlotteryonline.com\/sl\/faq\/","url":"https:\/\/jackpotlotteryonline.com\/sl\/faq\/","name":"Pogosta vpra\u0161anja o loteriji | Pogosta vpra\u0161anja o spletni igri Lotto","isPartOf":{"@id":"https:\/\/jackpotlotteryonline.com\/#website"},"datePublished":"2022-11-15T08:48:19+00:00","dateModified":"2022-11-15T08:48:19+00:00","description":"Tu najdete odgovore na najpogostej\u0161a vpra\u0161anja o spletni loteriji in najbolj\u0161e storitve","breadcrumb":{"@id":"https:\/\/jackpotlotteryonline.com\/sl\/faq\/#breadcrumb"},"inLanguage":"sl-SI","potentialAction":[{"@type":"ReadAction","target":["https:\/\/jackpotlotteryonline.com\/sl\/faq\/"]}]},{"@type":"BreadcrumbList","@id":"https:\/\/jackpotlotteryonline.com\/sl\/faq\/#breadcrumb","itemListElement":[{"@type":"ListItem","position":1,"name":"Home","item":"https:\/\/jackpotlotteryonline.com\/sl\/"},{"@type":"ListItem","position":2,"name":"POGOSTA VPRA\u0160ANJA"}]},{"@type":"WebSite","@id":"https:\/\/jackpotlotteryonline.com\/#website","url":"https:\/\/jackpotlotteryonline.com\/","name":"Lotto Online - Crack The International Lottery Jackpots","description":"","potentialAction":[{"@type":"SearchAction","target":{"@type":"EntryPoint","urlTemplate":"https:\/\/jackpotlotteryonline.com\/?s={search_term_string}"},"query-input":"required name=search_term_string"}],"inLanguage":"sl-SI"}]}},"_links":{"self":[{"href":"https:\/\/jackpotlotteryonline.com\/sl\/wp-json\/wp\/v2\/pages\/37783","targetHints":{"allow":["GET"]}}],"collection":[{"href":"https:\/\/jackpotlotteryonline.com\/sl\/wp-json\/wp\/v2\/pages"}],"about":[{"href":"https:\/\/jackpotlotteryonline.com\/sl\/wp-json\/wp\/v2\/types\/page"}],"author":[{"embeddable":true,"href":"https:\/\/jackpotlotteryonline.com\/sl\/wp-json\/wp\/v2\/users\/1"}],"replies":[{"embeddable":true,"href":"https:\/\/jackpotlotteryonline.com\/sl\/wp-json\/wp\/v2\/comments?post=37783"}],"version-history":[{"count":0,"href":"https:\/\/jackpotlotteryonline.com\/sl\/wp-json\/wp\/v2\/pages\/37783\/revisions"}],"wp:attachment":[{"href":"https:\/\/jackpotlotteryonline.com\/sl\/wp-json\/wp\/v2\/media?parent=37783"}],"curies":[{"name":"wp","href":"https:\/\/api.w.org\/{rel}","templated":true}]}}