{"id":39252,"date":"2022-11-22T12:06:31","date_gmt":"2022-11-22T12:06:31","guid":{"rendered":"https:\/\/jackpotlotteryonline.com\/?page_id=39252"},"modified":"2023-01-03T08:57:24","modified_gmt":"2023-01-03T08:57:24","slug":"la-primitiva-2","status":"publish","type":"page","link":"https:\/\/jackpotlotteryonline.com\/sl\/kako-igrati\/la-primitiva-2\/","title":{"rendered":"igranje La Primitiva online"},"content":{"rendered":"<p>\u0160panska loterija je ena najbolj priljubljenih evropskih loterij, ki privablja ljubitelje lota po vsej dr\u017eavi. La Primitiva je tudi ena najstarej\u0161ih loterij na svetu. Ustanovljena je bila leta 1763 in \u017ee skoraj 260 let razveseljuje ljubitelje loterije v dr\u017eavi. Prej je bila omejena le na igralce, ki so \u017eiveli na tej geografski lokaciji, zdaj pa lahko zaradi interneta v tej loteriji sodelujejo igralci po vsem svetu. Igre loto so zelo odvisne od sre\u010de in ta ni nobena izjema. Zato je pri vsakem \u017erebanju veliko prijav, saj si igralci prizadevajo za veliko zmago.<\/p>\n<p>\u010ce \u017eelite dobiti <a href=\"https:\/\/jackpotlotteryonline.com\/sl\/kupiti-vstopnice\/la-primitiva\">sre\u010dke za najbolj\u0161e mednarodne loterije,<\/a> vklju\u010dno z La Primitiva, obi\u0161\u010dite jackptlotteryonline.com zdaj, da za\u010dnete.<\/p>\n<h2>Kako igrati La Primitiva<\/h2>\n<p><img loading=\"lazy\" decoding=\"async\" class=\"alignright size-medium wp-image-28103\" src=\"http:\/\/jackpotlotteryonline.com\/wp-content\/uploads\/2022\/11\/1_lotto_jackpot_online-257x300.jpg\" alt=\"Igrajte loterijo La Primitiva\" width=\"257\" height=\"300\" srcset=\"https:\/\/jackpotlotteryonline.com\/wp-content\/uploads\/2022\/11\/1_lotto_jackpot_online-257x300.jpg 257w, https:\/\/jackpotlotteryonline.com\/wp-content\/uploads\/2022\/11\/1_lotto_jackpot_online.jpg 321w\" sizes=\"auto, (max-width: 257px) 100vw, 257px\" \/><\/p>\n<p>\u010ceprav je igranje \u0161panske loterije tako zabavno, je lahko za tiste, ki so na tem podro\u010dju novinci, nekoliko zmedeno. Zdi se, da je \u0161tevilk nekoliko ve\u010d, kot so jih nekateri igralci navajeni, in da so nekateri drugi pojmi morda te\u017eko razumljivi. Toda ko enkrat razumete, kako igrati La Primitiva, postane igra zelo preprosta.<\/p>\n<p>Prva stvar, ki jo morate razumeti pri igranju te loterije, sta Reintegro in Complementario. Reintegro in Complementarior sta bistvena za dolo\u010ditev dobitnika glavnega dobitka. \u010ce nameravate osvojiti glavni dobitek, morate nujno vedeti, kaj pomenita in kako delujeta.<\/p>\n<p>Reintegro (v angle\u0161\u010dini prevedeno refundacija) je ena od bonusnih \u0161tevilk, ki se uporabljajo pri izbiri dobitnikov nagrad. Complementario (v angle\u0161\u010dini prevedeno kot Complementary) je druga bonusna \u0161tevilka.<\/p>\n<p>Za igro La Primitiva mora igralec izbrati pet glavnih \u0161tevilk od 1 do 49 in Reintegro od 0 do 9. Glavni dobitek osvoji vsak, ki ima listek, ki se ujema z iz\u017erebanimi \u0161tevilkami.<\/p>\n<h2>Toda Reintegro je \u0161e ve\u010d.<\/h2>\n<p>Reintegro se uporablja za izbiro dobitnika glavnega dobitka. \u010ce \u017eelite osvojiti glavni dobitek, se morate ujemati s petimi glavnimi \u0161tevilkami in \u0161tevilko Reintegro.<\/p>\n<p>\u0160tevilka Reintegro se uporablja tudi za dolo\u010ditev druge nagradne kategorije. Igralci, ki zadenejo samo \u0161tevilko Reintegro, dobijo nazaj ceno svoje sre\u010dke. Zato se imenuje &#8220;povra\u010dilo&#8221;.<\/p>\n<section class=\"layout\" style=\"border: solid 1px; width: 100%;\">\n<div class=\"img-div\" style=\"margin-top: 5px;\"><img decoding=\"async\" class=\"wp-image-17212 alignleft\" style=\"height: 45px; margin: 8px 8px 0px;\" src=\"http:\/\/jackpotlotteryonline.com\/wp-content\/uploads\/2022\/11\/read1.jpg\" alt=\"Preberite\" width=\"\" height=\"\" \/><\/div>\n<div style=\"padding-left: 5px;\">\n<div style=\"font-size: 1.1em;\">\n<p><strong>Kak\u0161na je skrivnost uspeha na loteriji?<\/strong><\/p>\n<p style=\"font-size: 0.85em; margin-top: -1.5em;\">Kako uspe\u0161no igrati na loteriji\u00a0 <a href=\"https:\/\/jackpotlotteryonline.com\/sl\/kaj-je-tajnost-uspeha-loterije\">preberi ve\u010d<\/a><\/p>\n<\/div>\n<\/div>\n<\/section>\n<h2>Kaj pa Complementario?<\/h2>\n<p>Druga dodatna \u0161tevilka ni pomembna za osvojitev glavnega dobitka, vendar se uporablja pri dolo\u010danju nagradne kategorije Division 2. Tako bo dobitnik, ki bo zadel pet glavnih \u0161tevilk in \u0161tevilko Complementario, prejel nagrado.<\/p>\n<h2>Razumevanje delovanja Jokerja<\/h2>\n<p>Joker je \u0161e ena skrivnost, \u010de kupujete sre\u010dke La Primitiva prvi\u010d, saj se zdi, da ustvarja povsem druga\u010dno kategorijo nagrad. Pravzaprav ustvarja druga\u010dno kategorijo nagrad.\u00a0 Vendar je neobvezen in ob nakupu sre\u010dke se lahko odlo\u010dite za vklju\u010ditev Jokerja za dodatno ceno.<\/p>\n<p>Pri tem je Joker bolj podoben tomboli kot loteriji, saj igralci ne morejo izbirati \u0161tevilk. \u010ce se odlo\u010dite za Jokerja, se na va\u0161o sre\u010dko doda sedem naklju\u010dnih \u0161tevilk. To ne izni\u010di va\u0161e loterijske sre\u010dke, ampak je le dodatek. Joker igralcem omogo\u010da, da osvojijo do 1 milijon evrov. Ima sedem nagradnih kategorij. Navedite jih spodaj:<\/p>\n<p>1. nagrada &#8211; 1.000.000 \u20ac<\/p>\n<p>2. nagrada &#8211; 10.000 EUR<\/p>\n<p>3. nagrada &#8211; 1.000 EUR<\/p>\n<p>4. nagrada &#8211; 300 EUR<\/p>\n<p>5. nagrada &#8211; 50 \u20ac<\/p>\n<p>6. nagrada &#8211; 5 EUR<\/p>\n<p>7. nagrada &#8211; 5 EUR<\/p>\n<h2>Dobitek Jokerja<\/h2>\n<p>\u010ce osvojite tako loterijo kot Jokerja, boste morali izbrati enega, saj igralci v enem \u017erebanju z enim listkom ne morejo osvojiti obeh nagrad. Vendar bo izpla\u010dana vi\u0161ja nagrada.<\/p>\n<h2>Koraki za igranje spletne loterije<\/h2>\n<p><img loading=\"lazy\" decoding=\"async\" class=\"alignright size-medium wp-image-33512\" src=\"http:\/\/jackpotlotteryonline.com\/wp-content\/uploads\/2022\/11\/2_ticket_la_primitiva2-210x300.jpg\" alt=\"Spletna sre\u010dka La Primitiva\" width=\"210\" height=\"300\" srcset=\"https:\/\/jackpotlotteryonline.com\/wp-content\/uploads\/2022\/11\/2_ticket_la_primitiva2-210x300.jpg 210w, https:\/\/jackpotlotteryonline.com\/wp-content\/uploads\/2022\/11\/2_ticket_la_primitiva2.jpg 250w\" sizes=\"auto, (max-width: 210px) 100vw, 210px\" \/><\/p>\n<p>Pridobivanje sre\u010dk za loterijo prek spleta je eden od preprostih \u017eivljenjskih u\u017eitkov predvsem zato, ker je vse skupaj tako priro\u010dno in priro\u010dno. Svojo sre\u010dko lahko dobite z nekaj potegi ali dotiki. Tukaj je vodnik po korakih, kako to storiti na tem spletnem mestu.<\/p>\n<p><strong>1. korak:<\/strong> Obi\u0161\u010dite izbrano spletno mesto in poi\u0161\u010dite loterijo, ki jo \u017eelite igrati. Ljubiteljem loterije omogo\u010damo dostop do najrazli\u010dnej\u0161ih mednarodnih loterij, vklju\u010dno z La Primitiva.<\/p>\n<p><strong>Korak 2:<\/strong> Izberite pet glavnih \u0161tevilk in dve bonusni \u0161tevilki. \u010ce niste prepri\u010dani, katere \u0161tevilke \u017eelite uporabiti, lahko uporabite generator naklju\u010dnih \u0161tevilk na spletnem mestu. Prav tako lahko izberete ve\u010d kot eno vrsto \u0161tevilk, da pove\u010date svoje mo\u017enosti za zmago.<\/p>\n<p><strong>Korak 3:<\/strong><a href=\"https:\/\/jackpotlotteryonline.com\/sl\/zmagovalne-stevilke\/la-primitiva\"> Vstopite v \u017erebanje<\/a>. Upo\u0161tevajte, da \u010de sodelujete v enem \u017erebanju, lahko to storite le v ponedeljek. Druga \u017erebanja so tedenska in \u010de \u017eelite, lahko sodelujete v vseh.<\/p>\n<p><strong>Korak 4:<\/strong> Prijavite se in pla\u010dajte. Ko pridete na stran za pla\u010dilo, boste morali opraviti prijavo. To je zato, da boste lahko preprosto dostopali do svoje vstopnice iz svojega ra\u010duna in tudi zato, da vas bomo lahko opozorili, \u010de boste osvojili kak\u0161no nagrado. Prijaviti se boste morali le enkrat, pozneje pa se le prijavite v svoj ra\u010dun.<\/p>\n<p>To je vse, kar potrebujete za dostop do najbolj\u0161ih mednarodnih loterij iz udobja va\u0161ega ra\u010dunalnika ali mobilne naprave!<\/p>\n<h2>Rezultati \u017erebanja La Primitiva<\/h2>\n<p>Dnevi \u017erebanja so polni vznemirjenja in mnogi igralci na loteriji se jih veselijo. Takrat tisti, ki so sodelovali v \u017erebanju, izvedo, ali so osvojili glavni dobitek. Poleg glavnega dobitka lahko igralci osvojijo \u0161e druge nagrade, ki so razkrite na dan \u017erebanja.<\/p>\n<p>\u0160panska loterija ima tri tedenska \u017erebanja, in sicer v ponedeljek, \u010detrtek in soboto. To pomeni, da imajo igralci vsak teden tri prilo\u017enosti za zmago na loteriji. \u010ce igro La Primitive igrate prek interneta, se lahko udele\u017eite naslednjega \u017erebanja ali pa se samodejno udele\u017eite vsakega \u017erebanja. Ne pozabite, da ve\u010d \u017erebanj kot boste sodelovali, ve\u010dje so va\u0161e mo\u017enosti za dobitek na loteriji.<\/p>\n<p>Ko so \u017erebanja objavljena, lahko igralci rezultate \u017erebanja poslu\u0161ajo v \u017eivo. \u010ce pa za to nimate \u010dasa, se lahko vrnete sem in si ogledate rezultate \u017erebanj. Ne objavljamo le \u0161tevilk, ki se ujemajo z vsemi iz\u017erebanimi \u0161tevilkami, temve\u010d objavljamo tudi rezultate za druge stopnje.<\/p>\n<h2>O nagradah v igri La Primitiva: kaj lahko osvojite?<\/h2>\n<p>Poleg glavne nagrade je v igri La Primitiva \u0161e pet drugih nagradnih vrst. \u010ce upo\u0161tevamo tudi glavni dobitek, je to skupaj 6 nagradnih vrst. Obstaja celo nagrada za ujemanje samo \u0161tevilke Reintegro. Te nagrade morda niso milijonske, vendar zna\u0161ajo ve\u010d tiso\u010d evrov. Zato jih je vsekakor vredno preveriti.<\/p>\n<p>Pomembno je razumeti, da za druge stopnje ni posebne nagrade, saj je ta odvisna od \u0161tevila staviteljev za to \u017erebanje. Glavna nagrada je edina raven nagrade, ki je zagotovljena. 40 % zneska glavnega dobitka je namenjeno drugim nagradnim ravnem in se razdeli zmagovalcem v teh kategorijah.<\/p>\n<p>Lahko pa se odlo\u010dite tudi za igro Joker, ki znatno pove\u010da potencialni dobitek. Joker ima poleg glavnih nagradnih kategorij \u0161e sedem drugih nagradnih kategorij, kar igralcem igre La Primitiva daje \u0161e ve\u010d mo\u017enosti za zmago.<\/p>\n<h2>Nagradne kategorije<\/h2>\n<p>Jackpot &#8211; ujemanje 6 glavnih \u0161tevilk + Reintegro<\/p>\n<p>Razdelek 1 &#8211; ujemanje 6 glavnih \u0161tevilk<\/p>\n<p>Razdelek 2 &#8211; ujemanje 5 glavnih \u0161tevilk + brezpla\u010dna \u0161tevilka<\/p>\n<p>Razdelek 3 &#8211; Ujemite 5 glavnih \u0161tevilk<\/p>\n<p>Razdelek 4 &#8211; Ujemite 4 glavne \u0161tevilke<\/p>\n<p>Razdelek 5 &#8211; Ujemite 3 glavne \u0161tevilke<\/p>\n<p>Reintegro &#8211; ujemanje samo s \u0161tevilko Reintegro<\/p>\n<h2>Kako izpla\u010dati dobitek<\/h2>\n<p>Igralci se pogosto spra\u0161ujejo, kako lahko pridejo do svojih dobitkov, \u010de igrajo prek interneta. Odgovor na to vpra\u0161anje je odvisen od spletne strani loterije, ki jo uporabljate. Nekatera loterijska spletna mesta niso preve\u010d dobra pri izpla\u010devanju dobitkov, vendar je to prej izjema kot pravilo. Kljub temu je vedno dobro, da ostanete na varnem in se odlo\u010dite za zaupanja vrednega prodajalca loterije.<\/p>\n<p>\u010ce igrate na loteriji pri nas, lahko svoje dobitke preprosto izpla\u010date. Na\u0161 sistem smo zasnovali tako, da zagotavlja kar najbolj enostavno uporabo in ni\u010d stresa. Z ve\u010d mo\u017enostmi izpla\u010dila vam zagotavljamo varen na\u010din, da pridete do svojega dobitka.<\/p>\n<p>\u010ce je va\u0161 dobitek vi\u0161ji od dolo\u010denega zneska (na primer, \u010de ste osvojili glavni dobitek), se boste morali loterijskemu podjetju identificirati. Vendar ne skrbite, zagotovili vam bomo obrazec, ki ga morate izpolniti, in ko boste to storili, bomo zahtevke obdelali namesto vas.<\/p>\n<h2>Igrajte z nami in si zagotovite prilo\u017enost za veliko zmago<\/h2>\n<p>Zelo pomembno je, kje kupite sre\u010dke, in na na\u0161em spletnem mestu smo se potrudili, da smo ustvarili varno mesto za igralce po vsem svetu. S \u0161iroko paleto mednarodnih loterij lahko izberete katero koli igro, vklju\u010dno z La Primitiva. Glavne nagrade so velike, vendar ne pozabite, da ima ve\u010dina loterijskih iger ve\u010d nagradnih stopenj, pri \u010demer so nekateri zneski zelo velikodu\u0161ni.<\/p>\n<p>\u010ce ste pripravljeni na prilo\u017enost, da z igro La Primitiva osvojite velike dobitke, nas obi\u0161\u010dite zdaj in si priskrbite sre\u010dke. \u0160panska loterija s tremi tedenskimi \u017erebanji daje igralcem ve\u010d mo\u017enosti, da vsak teden osvojijo glavni dobitek. Na jackpotlotteryonline.com je vedno na voljo \u017erebanje, v katerem lahko sodelujete, in nikoli ne veste, ali je prav danes dan, ko boste osvojili veliko zmago.<\/p>\n","protected":false},"excerpt":{"rendered":"<p>\u0160panska loterija je ena najbolj priljubljenih evropskih loterij, ki privablja ljubitelje lota po vsej dr\u017eavi. La Primitiva je tudi ena najstarej\u0161ih loterij na svetu. Ustanovljena je bila leta 1763 in \u017ee skoraj 260 let razveseljuje ljubitelje loterije v dr\u017eavi. Prej je bila omejena le na igralce, ki so \u017eiveli na tej geografski lokaciji, zdaj pa [&hellip;]<\/p>\n","protected":false},"author":1,"featured_media":0,"parent":35721,"menu_order":7,"comment_status":"closed","ping_status":"closed","template":"la-primitiva.php","meta":{"_et_pb_use_builder":"","_et_pb_old_content":"","_et_gb_content_width":"","exclude_from_search":false,"footnotes":""},"class_list":["post-39252","page","type-page","status-publish","hentry"],"yoast_head":"<!-- This site is optimized with the Yoast SEO plugin v23.3 - https:\/\/yoast.com\/wordpress\/plugins\/seo\/ -->\n<title>Igraj \u0161pansko spletno loterijo La Primitiva iz katere koli dr\u017eave<\/title>\n<meta name=\"description\" content=\"Kako igrati \u0161pansko loterijo La Primitiva in osvojiti veliko zmago iz kateregakoli dela sveta. Spoznajte korake igranja spletne loterije in nagrade, ki jih lahko osvojite.\" \/>\n<meta name=\"robots\" content=\"index, follow, max-snippet:-1, max-image-preview:large, max-video-preview:-1\" \/>\n<link rel=\"canonical\" href=\"https:\/\/jackpotlotteryonline.com\/sl\/kako-igrati\/la-primitiva-2\/\" \/>\n<meta property=\"og:locale\" content=\"sl_SI\" \/>\n<meta property=\"og:type\" content=\"article\" \/>\n<meta property=\"og:title\" content=\"Igraj \u0161pansko spletno loterijo La Primitiva iz katere koli dr\u017eave\" \/>\n<meta property=\"og:description\" content=\"Kako igrati \u0161pansko loterijo La Primitiva in osvojiti veliko zmago iz kateregakoli dela sveta. Spoznajte korake igranja spletne loterije in nagrade, ki jih lahko osvojite.\" \/>\n<meta property=\"og:url\" content=\"https:\/\/jackpotlotteryonline.com\/sl\/kako-igrati\/la-primitiva-2\/\" \/>\n<meta property=\"og:site_name\" content=\"Lotto Online - Crack The International Lottery Jackpots\" \/>\n<meta property=\"article:modified_time\" content=\"2023-01-03T08:57:24+00:00\" \/>\n<meta property=\"og:image\" content=\"http:\/\/jackpotlotteryonline.com\/wp-content\/uploads\/2022\/11\/1_lotto_jackpot_online-257x300.jpg\" \/>\n<meta name=\"twitter:card\" content=\"summary_large_image\" \/>\n<meta name=\"twitter:label1\" content=\"Est. reading time\" \/>\n\t<meta name=\"twitter:data1\" content=\"7 minut\" \/>\n<!-- \/ Yoast SEO plugin. -->","yoast_head_json":{"title":"Igraj \u0161pansko spletno loterijo La Primitiva iz katere koli dr\u017eave","description":"Kako igrati \u0161pansko loterijo La Primitiva in osvojiti veliko zmago iz kateregakoli dela sveta. Spoznajte korake igranja spletne loterije in nagrade, ki jih lahko osvojite.","robots":{"index":"index","follow":"follow","max-snippet":"max-snippet:-1","max-image-preview":"max-image-preview:large","max-video-preview":"max-video-preview:-1"},"canonical":"https:\/\/jackpotlotteryonline.com\/sl\/kako-igrati\/la-primitiva-2\/","og_locale":"sl_SI","og_type":"article","og_title":"Igraj \u0161pansko spletno loterijo La Primitiva iz katere koli dr\u017eave","og_description":"Kako igrati \u0161pansko loterijo La Primitiva in osvojiti veliko zmago iz kateregakoli dela sveta. Spoznajte korake igranja spletne loterije in nagrade, ki jih lahko osvojite.","og_url":"https:\/\/jackpotlotteryonline.com\/sl\/kako-igrati\/la-primitiva-2\/","og_site_name":"Lotto Online - Crack The International Lottery Jackpots","article_modified_time":"2023-01-03T08:57:24+00:00","og_image":[{"url":"http:\/\/jackpotlotteryonline.com\/wp-content\/uploads\/2022\/11\/1_lotto_jackpot_online-257x300.jpg"}],"twitter_card":"summary_large_image","twitter_misc":{"Est. reading time":"7 minut"},"schema":{"@context":"https:\/\/schema.org","@graph":[{"@type":"WebPage","@id":"https:\/\/jackpotlotteryonline.com\/sl\/kako-igrati\/la-primitiva-2\/","url":"https:\/\/jackpotlotteryonline.com\/sl\/kako-igrati\/la-primitiva-2\/","name":"Igraj \u0161pansko spletno loterijo La Primitiva iz katere koli dr\u017eave","isPartOf":{"@id":"https:\/\/jackpotlotteryonline.com\/#website"},"primaryImageOfPage":{"@id":"https:\/\/jackpotlotteryonline.com\/sl\/kako-igrati\/la-primitiva-2\/#primaryimage"},"image":{"@id":"https:\/\/jackpotlotteryonline.com\/sl\/kako-igrati\/la-primitiva-2\/#primaryimage"},"thumbnailUrl":"http:\/\/jackpotlotteryonline.com\/wp-content\/uploads\/2022\/11\/1_lotto_jackpot_online-257x300.jpg","datePublished":"2022-11-22T12:06:31+00:00","dateModified":"2023-01-03T08:57:24+00:00","description":"Kako igrati \u0161pansko loterijo La Primitiva in osvojiti veliko zmago iz kateregakoli dela sveta. Spoznajte korake igranja spletne loterije in nagrade, ki jih lahko osvojite.","breadcrumb":{"@id":"https:\/\/jackpotlotteryonline.com\/sl\/kako-igrati\/la-primitiva-2\/#breadcrumb"},"inLanguage":"sl-SI","potentialAction":[{"@type":"ReadAction","target":["https:\/\/jackpotlotteryonline.com\/sl\/kako-igrati\/la-primitiva-2\/"]}]},{"@type":"ImageObject","inLanguage":"sl-SI","@id":"https:\/\/jackpotlotteryonline.com\/sl\/kako-igrati\/la-primitiva-2\/#primaryimage","url":"http:\/\/jackpotlotteryonline.com\/wp-content\/uploads\/2022\/11\/1_lotto_jackpot_online-257x300.jpg","contentUrl":"http:\/\/jackpotlotteryonline.com\/wp-content\/uploads\/2022\/11\/1_lotto_jackpot_online-257x300.jpg"},{"@type":"BreadcrumbList","@id":"https:\/\/jackpotlotteryonline.com\/sl\/kako-igrati\/la-primitiva-2\/#breadcrumb","itemListElement":[{"@type":"ListItem","position":1,"name":"Home","item":"https:\/\/jackpotlotteryonline.com\/sl\/"},{"@type":"ListItem","position":2,"name":"Kako igrati","item":"https:\/\/jackpotlotteryonline.com\/play-online\/"},{"@type":"ListItem","position":3,"name":"igranje La Primitiva online"}]},{"@type":"WebSite","@id":"https:\/\/jackpotlotteryonline.com\/#website","url":"https:\/\/jackpotlotteryonline.com\/","name":"Lotto Online - Crack The International Lottery Jackpots","description":"","potentialAction":[{"@type":"SearchAction","target":{"@type":"EntryPoint","urlTemplate":"https:\/\/jackpotlotteryonline.com\/?s={search_term_string}"},"query-input":"required name=search_term_string"}],"inLanguage":"sl-SI"}]}},"_links":{"self":[{"href":"https:\/\/jackpotlotteryonline.com\/sl\/wp-json\/wp\/v2\/pages\/39252","targetHints":{"allow":["GET"]}}],"collection":[{"href":"https:\/\/jackpotlotteryonline.com\/sl\/wp-json\/wp\/v2\/pages"}],"about":[{"href":"https:\/\/jackpotlotteryonline.com\/sl\/wp-json\/wp\/v2\/types\/page"}],"author":[{"embeddable":true,"href":"https:\/\/jackpotlotteryonline.com\/sl\/wp-json\/wp\/v2\/users\/1"}],"replies":[{"embeddable":true,"href":"https:\/\/jackpotlotteryonline.com\/sl\/wp-json\/wp\/v2\/comments?post=39252"}],"version-history":[{"count":0,"href":"https:\/\/jackpotlotteryonline.com\/sl\/wp-json\/wp\/v2\/pages\/39252\/revisions"}],"up":[{"embeddable":true,"href":"https:\/\/jackpotlotteryonline.com\/sl\/wp-json\/wp\/v2\/pages\/35721"}],"wp:attachment":[{"href":"https:\/\/jackpotlotteryonline.com\/sl\/wp-json\/wp\/v2\/media?parent=39252"}],"curies":[{"name":"wp","href":"https:\/\/api.w.org\/{rel}","templated":true}]}}