{"id":39333,"date":"2022-11-23T11:25:13","date_gmt":"2022-11-23T11:25:13","guid":{"rendered":"https:\/\/jackpotlotteryonline.com\/?page_id=39333"},"modified":"2024-07-07T10:00:54","modified_gmt":"2024-07-07T10:00:54","slug":"lotto-america","status":"publish","type":"page","link":"https:\/\/jackpotlotteryonline.com\/sl\/kako-igrati\/lotto-america\/","title":{"rendered":"Igranje Lotto America na spletu"},"content":{"rendered":"<p>\u017delite izvedeti, kako staviti na Lotto America od koder koli na svetu? ZDA imajo nekaj najve\u010djih loterij na svetu, kot je Lotto America. Zanimivo je, da je to tudi lotto, ki je pogosto spregledan v korist svojih veliko ve\u010djih bratrancev, Powerball in Mega Millions. Vendar pa nekateri izku\u0161eni igralci vedo, kako neverjeten je glavni dobitek, poleg tega pa so mo\u017enosti za dobitek veliko manj\u0161e kot na primer pri ameri\u0161kem Powerballu. \u010ce torej i\u0161\u010dete ameri\u0161ko loterijo, ki vam daje ve\u010dje mo\u017enosti za osvojitev glavnega dobitka kot druge loterije, si oglejte Lotto America.<\/p>\n<p>Res je, da je Lotto America loterija s sede\u017eem v ZDA, zato se sre\u010dke prodajajo v ZDA. Vendar pa lahko igralci kupijo sre\u010dke za to loterijo na spletnem mestu, kot je jackpotlotteryonline.com. Z vami bomo delili nekaj podrobnosti o tem, prav tako pa se bomo potrudili odgovoriti na pogosta vpra\u0161anja, ki so se pojavljala v zvezi z loterijo Lotto America.<\/p>\n<p>Berite dalje in se seznanite z loterijo Lotto America ter kako se prebiti skozi postopek nakupa sre\u010dk in zbiranja dobitkov.<\/p>\n<section class=\"layout\" style=\"border: solid 1px; width: 100%;\">\n<div class=\"img-div\" style=\"margin-top: 5px;\"><img decoding=\"async\" class=\"wp-image-17212 alignleft\" style=\"height: 45px; margin: 8px 8px 0px;\" src=\"https:\/\/jackpotlotteryonline.com\/wp-content\/uploads\/2022\/11\/read1.jpg\" alt=\"Preberite \" width=\"\" height=\"\" \/><\/div>\n<div style=\"padding-left: 5px;\">\n<div style=\"font-size: 1.1em;\">\n<p><strong>Izberite zmagovalne \u0161tevilke Loto ro\u010dno ali z uporabo RNG<\/strong><\/p>\n<p style=\"font-size: 0.85em; margin-top: -1.5em;\">Kako ustvariti zmagovalne \u0161tevilke loterije?\u00a0<a href=\"https:\/\/jackpotlotteryonline.com\/sl\/kako-ustvariti-zmagovalne-stevilke-loto\"> preberi ve\u010d<\/a><\/p>\n<\/div>\n<\/div>\n<\/section>\n<h2>Nekaj o Lotto America<\/h2>\n<p><img loading=\"lazy\" decoding=\"async\" class=\"alignright size-full wp-image-29534\" src=\"https:\/\/jackpotlotteryonline.com\/wp-content\/uploads\/2022\/11\/1_results_lottery_online5.jpg\" alt=\"Igrajte spletno igro Lotto America \" width=\"300\" height=\"200\" \/><\/p>\n<p>Lotto America je v primerjavi z drugimi loterijami po svetu razmeroma nova. Ustanovljena je bila leta 2017 in deluje \u0161ele pet let, ustanovljena pa je bila kot zamenjava za Hot Lotto, ki je bil pre\u017eet s \u0161tevilnimi \u0161kandali. S podrobnostmi vas ne bomo dolgo\u010dasili, dovolj je, da veste, da je bila Lotto America v petih letih delovanja brez \u0161kandalov.<\/p>\n<p>Lotto America je ve\u010ddr\u017eavna loterija, kar pomeni, da jo ponuja ve\u010d ameri\u0161kih zveznih dr\u017eav. Prebivalci teh zveznih dr\u017eav lahko sre\u010dke za Lotto America preprosto kupijo pri katerem koli prodajalcu loterije v dr\u017eavi. Toda kaj se zgodi, \u010de \u017eivite zunaj ZDA?<\/p>\n<p>Za igralce, ki \u017eivijo zunaj ZDA in \u017eelijo sodelovati v loteriji Lotto America, obstaja preprosta re\u0161itev. Internet je igralcem po vsem svetu omogo\u010dil, da sodelujejo v najbolj\u0161ih mednarodnih loterijah, tako da vpla\u010dajo svoje stave prek spletnega prodajalca loterije. V nadaljevanju bomo z vami delili nasvete o tem, kako igrati Lotto America prek spleta.<\/p>\n<h2>Igranje Lotto America na spletu<\/h2>\n<p>Prvi korak pri igranju spletne loterije Lotto America je, da poi\u0161\u010dete spletno stran, ki vam bo <a href=\"https:\/\/jackpotlotteryonline.com\/sl\/kupiti-vstopnice\/lotto-america\">omogo\u010dila nakup sre\u010dk<\/a>. To se zdi nekoliko samoumevno, vendar boste \u010dez trenutek videli, da to ni tako preprosto, kot se zdi.<\/p>\n<p>Resnica je, da obstaja ve\u010d spletnih strani, ki trdijo, da igralcem ponujajo mo\u017enost vstopa v Lotto America. Vendar pa ponujajo le prilo\u017enosti za stavljanje na izid igre Loto. \u010ce kupite sre\u010dke na tem spletnem mestu, dejansko niste vstopili v Lotto America in tudi \u010de ujamete vse iz\u017erebane \u0161tevilke, ne boste osvojili glavnega dobitka. Zato je izbira spletnega mesta, ki ga uporabljate, zelo pomembna.<\/p>\n<p><strong>Ko se odlo\u010dite za spletno mesto, sledite naslednjim korakom:<\/strong><\/p>\n<ol>\n<li>Obi\u0161\u010dite spletno mesto, ki ga \u017eelite uporabiti, in kliknite Lotto America<\/li>\n<li>Izberite 5 \u0161tevilk od 1 do 52 (\u010de niste prepri\u010dani, katere \u0161tevilke uporabiti, poskusite z avtomatskim generatorjem \u0161tevilk).<\/li>\n<li>Nato izberite bonusno \u0161tevilko (\u017eogica z zvezdicami) od 1 do 10.<\/li>\n<li>Kupite dodatne linije \u0161tevilk za ve\u010djo mo\u017enost dobitka<\/li>\n<li><a href=\"https:\/\/jackpotlotteryonline.com\/sl\/zmagovalne-stevilke\/lotto-america\">Sodelujte v \u017erebanjih<\/a> (sodelujete lahko v ve\u010d kot enem \u017erebanju)<\/li>\n<li>Registrirajte se in pla\u010dajte svoje prijave.<\/li>\n<\/ol>\n<h2>Za kaj je namenjena naro\u010dni\u0161ka storitev?<\/h2>\n<p>\u010ce uporabljate spletno mesto, kot je na\u0161e, obstaja tako imenovana naro\u010dni\u0161ka storitev, ki omogo\u010da nemoteno in brezstresno stavljenje. \u010ceprav je povsem v redu, \u010de ste enkratni igralec (\u010de vam je to ljub\u0161e), ve\u010dina igralcev igra pogosto. Najbolj\u0161i na\u010din za zmago v igri Lotto America je, da redno stavite, in prav to je namen te storitve.<\/p>\n<p>Nastavite jo lahko tako, da boste samodejno vklju\u010deni v prihodnja \u017erebanja. Lotto America ima vsak teden 3 dneve \u017erebanja: Ponedeljki, srede in sobote. Bodimo iskreni, lahko postane nekoliko naporno, \u010de se posku\u0161ate spomniti na nakup sre\u010dk za vsako \u017erebanje, vendar smo prav zato tukaj.<\/p>\n<p>Ko nastavite naro\u010dni\u0161ko storitev, se lahko sprostite in veste, da vam ne bo treba zamuditi nobenega \u017erebanja za Lotto America.<\/p>\n<h2>O na\u0161ih vratarskih storitvah<\/h2>\n<p>Omenili smo nevarnosti uporabe katere koli spletne strani na internetu za igranje igre Lotto America. Toda kako veste, da vstopate v Lotto America, ko igrate na na\u0161em spletnem mestu? No, to je preprosto. Ponujamo vam storitev, ki vam pomaga pri nakupu sre\u010dke v dr\u017eavi, kjer se igra loterija. Prav tako vam olaj\u0161amo uveljavljanje va\u0161ih zahtevkov, ko zmagate. V bistvu si nas lahko predstavljate kot storitev concierge za igralce loterije.<\/p>\n<p>Ko igrate Lotto America na na\u0161em spletnem mestu, se zgodi naslednje. Ko izberete svoje \u0161tevilke in opravite pla\u010dilo, bo na\u0161 zastopnik v ZDA kupil fizi\u010dno sre\u010dko z va\u0161imi \u0161tevilkami. Seveda za \u017erebanje, ki ste ga izbrali. Nato se ta listek skenira in prenese v va\u0161 ra\u010dun.<\/p>\n<p>To je povsem zakonit na\u010din igranja igre Lotto America s katerega koli konca sveta. Poleg tega zagotavlja, da ste resni\u010dno vklju\u010deni v izbrano loterijo.<\/p>\n<h2>Preverjanje risb<\/h2>\n<p><img loading=\"lazy\" decoding=\"async\" class=\"alignright size-full wp-image-30506\" src=\"https:\/\/jackpotlotteryonline.com\/wp-content\/uploads\/2022\/11\/3_screen_buy_lotto_tickets_online.jpg\" alt=\"Lotto America risbe\" width=\"300\" height=\"217\" \/><\/p>\n<p>Lotto America ima tri draw dni na teden, ponedeljek, sredo in soboto. Med \u017erebanji se razglasi zmagovalni listek. \u010ce \u017eelite osvojiti glavni dobitek, se mora va\u0161 listek ujemati s \u0161estimi iz\u017erebanimi \u0161tevilkami. Glavni dobitki Lotto America se za\u010dnejo pri 2 milijonih dolarjev in se lahko prenesejo, \u010de po \u017erebanju ni zmagovalca.<\/p>\n<p>Ker se po vsakem \u017erebanju (\u010de ni zmagovalca) prevalijo, lahko dose\u017eejo tudi 18 milijonov dolarjev. To je lep znesek za zmago, kajne?<\/p>\n<p>Po vsakem \u017erebanju lahko na na\u0161i spletni strani preverite, ali ste prejeli nagrado. Lotto America ima 9 razli\u010dnih nagradnih kategorij in \u010de boste osvojili katero koli nagrado, vam bomo poslali e-po\u0161tno sporo\u010dilo z opozorilom.<\/p>\n<h2>Kako zahtevati svoje dobitke<\/h2>\n<p>Vpra\u0161anje, ki ga pogosto sli\u0161imo od igralcev, je, kako priti do svojih dobitkov, ko sodelujejo v spletni igri Lotto America. \u010ce kupite sre\u010dke za Lotto America prek na\u0161ega spletnega mesta, vam ponujamo preprost in brezskrben na\u010din za uveljavljanje va\u0161ih dobitkov. Dobitki, ki zna\u0161ajo 2500 \u20ac, bodo nakazani na va\u0161 ra\u010dun, nato pa jih lahko brez dodatnih stro\u0161kov dvignete.<\/p>\n<p>\u010ce osvojite vi\u0161ji znesek, je postopek nekoliko druga\u010den. Zagotovili vam bomo obrazec za zahtevek, ki ga morate izpolniti, in ko boste to storili, bomo zahtevek obdelali namesto vas. Razlog za to je, da se boste morali identificirati. Poleg tega bodo nekatera loterijska podjetja morda zahtevala, da se za prevzem ve\u010djih zneskov zglasite osebno. \u010ce se to zgodi, vas bomo o tem takoj obvestili.<\/p>\n<h2>Nakupovanje sre\u010dk na Lotto America z nami<\/h2>\n<p>Ve\u010d let smo izkori\u0161\u010dali sodobno tehnologijo in rudarili bogate izku\u0161nje, da bi zagotovili mesto, kjer lahko igralci varno kupujejo sre\u010dke. Na na\u0161em spletnem mestu lahko preprosto kupite vstopnice za Lotto America ali katero koli drugo mednarodno loterijo, ki jo imamo na voljo.<\/p>\n<p>Zakaj ne bi kupili vstopnice pri nas \u0161e danes z vnosom Lotto America? Poskrbeli bomo za vse podrobnosti, tako da boste lahko po\u010deli tisto, kar imate najraje. Obi\u0161\u010dite jackpotlotteryonline.com za ve\u010d informacij.<\/p>\n","protected":false},"excerpt":{"rendered":"<p>\u017delite izvedeti, kako staviti na Lotto America od koder koli na svetu? ZDA imajo nekaj najve\u010djih loterij na svetu, kot je Lotto America. Zanimivo je, da je to tudi lotto, ki je pogosto spregledan v korist svojih veliko ve\u010djih bratrancev, Powerball in Mega Millions. Vendar pa nekateri izku\u0161eni igralci vedo, kako neverjeten je glavni dobitek, [&hellip;]<\/p>\n","protected":false},"author":1,"featured_media":0,"parent":35721,"menu_order":13,"comment_status":"closed","ping_status":"closed","template":"lotto-america.php","meta":{"_et_pb_use_builder":"","_et_pb_old_content":"","_et_gb_content_width":"","exclude_from_search":false,"footnotes":""},"class_list":["post-39333","page","type-page","status-publish","hentry"],"yoast_head":"<!-- This site is optimized with the Yoast SEO plugin v23.3 - https:\/\/yoast.com\/wordpress\/plugins\/seo\/ -->\n<title>Igranje Lotto America na spletu<\/title>\n<meta name=\"robots\" content=\"index, follow, max-snippet:-1, max-image-preview:large, max-video-preview:-1\" \/>\n<link rel=\"canonical\" href=\"https:\/\/jackpotlotteryonline.com\/sl\/kako-igrati\/lotto-america\/\" \/>\n<meta property=\"og:locale\" content=\"sl_SI\" \/>\n<meta property=\"og:type\" content=\"article\" \/>\n<meta property=\"og:title\" content=\"Igranje Lotto America na spletu\" \/>\n<meta property=\"og:description\" content=\"\u017delite izvedeti, kako staviti na Lotto America od koder koli na svetu? ZDA imajo nekaj najve\u010djih loterij na svetu, kot je Lotto America. Zanimivo je, da je to tudi lotto, ki je pogosto spregledan v korist svojih veliko ve\u010djih bratrancev, Powerball in Mega Millions. Vendar pa nekateri izku\u0161eni igralci vedo, kako neverjeten je glavni dobitek, [&hellip;]\" \/>\n<meta property=\"og:url\" content=\"https:\/\/jackpotlotteryonline.com\/sl\/kako-igrati\/lotto-america\/\" \/>\n<meta property=\"og:site_name\" content=\"Lotto Online - Crack The International Lottery Jackpots\" \/>\n<meta property=\"article:modified_time\" content=\"2024-07-07T10:00:54+00:00\" \/>\n<meta property=\"og:image\" content=\"https:\/\/jackpotlotteryonline.com\/wp-content\/uploads\/2022\/11\/read1.jpg\" \/>\n<meta name=\"twitter:card\" content=\"summary_large_image\" \/>\n<meta name=\"twitter:label1\" content=\"Est. reading time\" \/>\n\t<meta name=\"twitter:data1\" content=\"6 minut\" \/>\n<!-- \/ Yoast SEO plugin. -->","yoast_head_json":{"title":"Igranje Lotto America na spletu","robots":{"index":"index","follow":"follow","max-snippet":"max-snippet:-1","max-image-preview":"max-image-preview:large","max-video-preview":"max-video-preview:-1"},"canonical":"https:\/\/jackpotlotteryonline.com\/sl\/kako-igrati\/lotto-america\/","og_locale":"sl_SI","og_type":"article","og_title":"Igranje Lotto America na spletu","og_description":"\u017delite izvedeti, kako staviti na Lotto America od koder koli na svetu? ZDA imajo nekaj najve\u010djih loterij na svetu, kot je Lotto America. Zanimivo je, da je to tudi lotto, ki je pogosto spregledan v korist svojih veliko ve\u010djih bratrancev, Powerball in Mega Millions. Vendar pa nekateri izku\u0161eni igralci vedo, kako neverjeten je glavni dobitek, [&hellip;]","og_url":"https:\/\/jackpotlotteryonline.com\/sl\/kako-igrati\/lotto-america\/","og_site_name":"Lotto Online - Crack The International Lottery Jackpots","article_modified_time":"2024-07-07T10:00:54+00:00","og_image":[{"url":"https:\/\/jackpotlotteryonline.com\/wp-content\/uploads\/2022\/11\/read1.jpg"}],"twitter_card":"summary_large_image","twitter_misc":{"Est. reading time":"6 minut"},"schema":{"@context":"https:\/\/schema.org","@graph":[{"@type":"WebPage","@id":"https:\/\/jackpotlotteryonline.com\/sl\/kako-igrati\/lotto-america\/","url":"https:\/\/jackpotlotteryonline.com\/sl\/kako-igrati\/lotto-america\/","name":"Igranje Lotto America na spletu","isPartOf":{"@id":"https:\/\/jackpotlotteryonline.com\/#website"},"primaryImageOfPage":{"@id":"https:\/\/jackpotlotteryonline.com\/sl\/kako-igrati\/lotto-america\/#primaryimage"},"image":{"@id":"https:\/\/jackpotlotteryonline.com\/sl\/kako-igrati\/lotto-america\/#primaryimage"},"thumbnailUrl":"https:\/\/jackpotlotteryonline.com\/wp-content\/uploads\/2022\/11\/read1.jpg","datePublished":"2022-11-23T11:25:13+00:00","dateModified":"2024-07-07T10:00:54+00:00","breadcrumb":{"@id":"https:\/\/jackpotlotteryonline.com\/sl\/kako-igrati\/lotto-america\/#breadcrumb"},"inLanguage":"sl-SI","potentialAction":[{"@type":"ReadAction","target":["https:\/\/jackpotlotteryonline.com\/sl\/kako-igrati\/lotto-america\/"]}]},{"@type":"ImageObject","inLanguage":"sl-SI","@id":"https:\/\/jackpotlotteryonline.com\/sl\/kako-igrati\/lotto-america\/#primaryimage","url":"https:\/\/jackpotlotteryonline.com\/wp-content\/uploads\/2022\/11\/read1.jpg","contentUrl":"https:\/\/jackpotlotteryonline.com\/wp-content\/uploads\/2022\/11\/read1.jpg"},{"@type":"BreadcrumbList","@id":"https:\/\/jackpotlotteryonline.com\/sl\/kako-igrati\/lotto-america\/#breadcrumb","itemListElement":[{"@type":"ListItem","position":1,"name":"Home","item":"https:\/\/jackpotlotteryonline.com\/sl\/"},{"@type":"ListItem","position":2,"name":"Kako igrati","item":"https:\/\/jackpotlotteryonline.com\/play-online\/"},{"@type":"ListItem","position":3,"name":"Igranje Lotto America na spletu"}]},{"@type":"WebSite","@id":"https:\/\/jackpotlotteryonline.com\/#website","url":"https:\/\/jackpotlotteryonline.com\/","name":"Lotto Online - Crack The International Lottery Jackpots","description":"","potentialAction":[{"@type":"SearchAction","target":{"@type":"EntryPoint","urlTemplate":"https:\/\/jackpotlotteryonline.com\/?s={search_term_string}"},"query-input":"required name=search_term_string"}],"inLanguage":"sl-SI"}]}},"_links":{"self":[{"href":"https:\/\/jackpotlotteryonline.com\/sl\/wp-json\/wp\/v2\/pages\/39333","targetHints":{"allow":["GET"]}}],"collection":[{"href":"https:\/\/jackpotlotteryonline.com\/sl\/wp-json\/wp\/v2\/pages"}],"about":[{"href":"https:\/\/jackpotlotteryonline.com\/sl\/wp-json\/wp\/v2\/types\/page"}],"author":[{"embeddable":true,"href":"https:\/\/jackpotlotteryonline.com\/sl\/wp-json\/wp\/v2\/users\/1"}],"replies":[{"embeddable":true,"href":"https:\/\/jackpotlotteryonline.com\/sl\/wp-json\/wp\/v2\/comments?post=39333"}],"version-history":[{"count":0,"href":"https:\/\/jackpotlotteryonline.com\/sl\/wp-json\/wp\/v2\/pages\/39333\/revisions"}],"up":[{"embeddable":true,"href":"https:\/\/jackpotlotteryonline.com\/sl\/wp-json\/wp\/v2\/pages\/35721"}],"wp:attachment":[{"href":"https:\/\/jackpotlotteryonline.com\/sl\/wp-json\/wp\/v2\/media?parent=39333"}],"curies":[{"name":"wp","href":"https:\/\/api.w.org\/{rel}","templated":true}]}}