{"id":39511,"date":"2022-11-28T06:06:26","date_gmt":"2022-11-28T06:06:26","guid":{"rendered":"https:\/\/jackpotlotteryonline.com\/?page_id=39511"},"modified":"2023-01-03T17:47:16","modified_gmt":"2023-01-03T17:47:16","slug":"mega-sena-2","status":"publish","type":"page","link":"https:\/\/jackpotlotteryonline.com\/sl\/kako-igrati\/mega-sena-2\/","title":{"rendered":"Igrajo Mega-Sena loterije na spletu"},"content":{"rendered":"<p>\u017delite kupiti sre\u010dke za loterijo Mega-Sena od koder koli na svetu? Mega-Sena je najve\u010dja brazilska loterija, ki poteka \u017ee od leta 1996. Milijoni ljubiteljev loterije v Braziliji pred vsakim \u017erebanjem hitijo z nakupom sre\u010dk Mega-Sena, zdaj pa lahko tudi igralci po vsem svetu sodelujejo pri mo\u017enosti, da osvojijo milijone realov.<\/p>\n<p>Morda je eden od razlogov, zakaj je Mega-Sena tako priljubljena, ta, da jo upravlja banka, ki je najve\u010dja dr\u017eavna banka v Braziliji. Gotovo je nekaj pomirjujo\u010dega in zanesljivega v nakupu sre\u010dk za loterijo, ki je v lasti banke.<\/p>\n<p>Za tiste, ki \u017eivijo zunaj Brazilije, udele\u017eba na loteriji Mega-Sena ni ve\u010d nedosegljiva \u017eelja. Ne glede na to, kje \u017eivite, lahko sodelujete v loteriji Mega-Sena, \u010de ste seveda starej\u0161i od predpisane starosti. \u010ce \u017eelite izvedeti, kako lahko dostopate do brazilskih loterijskih sre\u010dk, nadaljujte z branjem.<\/p>\n<p>Mega-Sena ni edini loto, ki ga lahko igrate od koder koli. Obi\u0161\u010dite nas na spletni strani jackpotlotteryonline.com in izveste ve\u010d o najbolj\u0161ih mednarodnih loterijah, do katerih lahko pridobite dostop.<\/p>\n<h2>Kako igrati Mega-Sena na spletu<\/h2>\n<p>Ne glede na to, ali ste v Braziliji ali na drugem kontinentu, lahko igrate Mega-Sena. To lahko storite tako, da pri <a href=\"https:\/\/jackpotlotteryonline.com\/sl\/kupiti-vstopnice\/mega-sena\">nas kupite spletne<\/a> sre\u010dke. Uporabnikom omogo\u010damo dostop do loterij z vsega sveta, vklju\u010dno z loterijo Mega-Sena. \u010ce za igranje Mega-Sene uporabljate na\u0161o spletno stran, vam zagotavljamo enostaven postopek za brezstresno izku\u0161njo.<\/p>\n<p>Najprej obi\u0161\u010dite na\u0161o spletno stran, nato pa kliknite povezavo do loterije Mega-Sena. Nato morate izbrati 6 \u0161tevilk iz razpona od 1 do 60. Za vsako \u017erebanje lahko izberete do 6 nizov \u0161tevilk in tako pove\u010date svoje mo\u017enosti za osvojitev glavnega dobitka. Ko izberete \u0161tevilke, izberite dneve \u017erebanja in zaklju\u010dite postopek.<\/p>\n<p>Pri spletnem igranju morate uporabljati storitev, ki vam omogo\u010da dostop do igre Mega-Sena. Veliko spletnih mest to obljublja, a ko preberete drobni tisk, boste ugotovili, da vam omogo\u010dajo le stave na izid lota. \u010ce kupite sre\u010dke Mega-Sena na na\u0161em spletnem mestu, bomo poskrbeli, da boste vstopili v Mega-Sena in \u010de se va\u0161 listek ujema z iz\u017erebanimi \u0161tevilkami, boste zmagali.<\/p>\n<h2>Kako zmagati v igri Mega-Sena<\/h2>\n<p><img loading=\"lazy\" decoding=\"async\" class=\"size-medium wp-image-28319 alignright\" src=\"http:\/\/jackpotlotteryonline.com\/wp-content\/uploads\/2022\/11\/1_mega_lottery_jackpot-300x207.jpg\" alt=\"Zmagajte na loteriji Mega-Sena \" width=\"300\" height=\"207\" srcset=\"https:\/\/jackpotlotteryonline.com\/wp-content\/uploads\/2022\/11\/1_mega_lottery_jackpot-300x207.jpg 300w, https:\/\/jackpotlotteryonline.com\/wp-content\/uploads\/2022\/11\/1_mega_lottery_jackpot.jpg 320w\" sizes=\"auto, (max-width: 300px) 100vw, 300px\" \/><\/p>\n<p>Padajo\u010di denar. Lete\u010di zeleni bankovci, izolirani na beli podlagi, plo\u0161\u010dati denarni konfeti, koncept loterijskega dobitka. Vektorska ilustracija banner zaslu\u017eek denar ozadje<\/p>\n<p><a href=\"https:\/\/jackpotlotteryonline.com\/sl\/zmagovalne-stevilke\/mega-sena\">Zmagati v igri Mega-Sena pomen<\/a>i, da se ujemate z iz\u017erebanimi \u0161tevilkami. Na\u010deloma je med 60 mo\u017enimi \u0161tevilkami naklju\u010dno iz\u017erebanih 6 \u0161tevilk. Vsak listek, ki se ujema s \u0161estimi iz\u017erebanimi \u0161tevilkami, osvoji glavni dobitek.<\/p>\n<p>\u017drebanja Mega-Sena potekajo dvakrat tedensko, ob sredah in sobotah. Ob nakupu sre\u010dk Mega-Sena lahko izberete, v katerem \u017erebanju \u017eelite sodelovati. Sodelujete lahko tudi v ve\u010d \u017erebanjih. Tako ravnajo najbolj\u0161i igralci, da bi si zagotovili \u010dim ve\u010d mo\u017enosti za osvojitev glavnega dobitka.<\/p>\n<p>\u0160e ena prednost uporabe na\u0161e spletne strani je, da lahko preprosto nastavite storitev samodejne naro\u010dnine za nakup sre\u010dk Mega-Sena. To pomeni, da vam ni treba ro\u010dno vstopiti v vsako \u017erebanje. Na tak\u0161ne stvari zlahka pozabite in pomislite, kako grozno bi se po\u010dutili, \u010de bi v \u017erebanju, ki ga niste vnesli, lahko zmagali. Nastavite ga tako, da se samodejno vpi\u0161ete v vsako \u017erebanje.<\/p>\n<h2>Jackpot Mega-Sena<\/h2>\n<p>Glavni dobitek se za\u010dne pri 3 milijonih R$ in \u010de po \u017erebanju ni zmagovalca, se pove\u010da. In ta je lahko precej visok. Verjetnost za osvojitev glavnega dobitka je 1 proti 50 milijonom, kar je v primerjavi z drugimi vrhunskimi mednarodnimi loterijami res dobro.<\/p>\n<p>Najve\u010dji glavni dobitek, ki ga je kdo osvojil v igri Mega-Sena, je zna\u0161al pribli\u017eno 53 milijonov evrov. To je znesek, ki vam bo spremenil \u017eivljenje. Najvi\u0161ji glavni dobitek v igri Mega-Sena doslej pa je zna\u0161al kar 73 milijonov evrov.<\/p>\n<p>\u010ceprav glavni dobitek Mega-Sena ne dosega milijard dolarjev, ni dvoma, da lahko igralec na tej loteriji osvoji velik dobitek. \u010ce ste o tej loteriji \u0161e vedno razmi\u0161ljali, je zdaj \u010das, da se odlo\u010dite za nakup sre\u010dke.<\/p>\n<h2>Nagrade, ki jih lahko osvojite<\/h2>\n<p>Ob\u0161irno smo govorili o glavnem dobitku Mega-Sena, ki je najvi\u0161ja nagrada, ki jo lahko osvoji vsak igralec, ki sodeluje v tej igri loto. Vendar pa glavni dobitek ni edina nagrada, ki jo lahko osvojijo ljubitelji igre Mega-Sena.<\/p>\n<p>Mega-Sena ima skupaj 3 nagradne stopnje, vklju\u010dno z glavnim dobitkom. Nekoliko te\u017eko je natan\u010dno povedati, koliko bodo nagrade zna\u0161ale, saj je vsaki stopnji dodeljen dolo\u010den odstotek nagradnega sklada. Ve\u010d o nagradnih stopnjah si preberite v nadaljevanju.<\/p>\n<p>Glavni dobitek &#8211; Sena: Sena: ujemanje 6 \u0161tevilk &#8211; 35 % nagradnega sklada<\/p>\n<p>Stopnja 2 &#8211; Quina: Ujemite 5 \u0161tevilk &#8211; 19 % nagradnega sklada.<\/p>\n<p>Stopnja 3 &#8211; Quadra: Ujemite 4 \u0161tevilke &#8211; 19 % nagradnega sklada<\/p>\n<h2>Mega da virada<\/h2>\n<p>Kaj je mega da virada? \u010ce ste se \u017ee kdaj odlo\u010dili igrati Mega-Seno, ste naleteli na mega da virado. Je to \u0161e ena igra ali nagradna kategorija? Niti eno niti drugo. Namesto tega je del loterije Mega-Sena, vendar gre za posebno \u017erebanje, ki poteka vsako leto na silvestrovo.<\/p>\n<p>Mega da virada je igra, ki zaradi vi\u0161ine glavnega dobitka privla\u010di izku\u0161ene igralce po vsem svetu. Glavni dobitek za leto 2022 zna\u0161a neverjetnih 450 milijonov rupij in naj bi bil najve\u010dji dobitek v zgodovini igre Mega-Sena! Ni\u010d \u010dudnega, da navdu\u0161enci nad loterijo hitijo z nakupom vstopnic za to \u017erebanje.<\/p>\n<p>V \u017erebanje za mega seno se lahko prijavite tukaj na na\u0161em spletnem mestu. Za vstop v mega da virado vam ni treba iti skozi zanke in zanke. Razkrili vam bomo skrivnost: mega da virada je pravzaprav Mega-Sena, vendar gre za zadnje \u017erebanje v tem letu. To je to. Zato se 31. decembra prijavite v \u017erebanje Mega-Sena in si zagotovite prilo\u017enost za veliko zmago.<\/p>\n<h2>Resnica o igranju spletne loterije Mega-Sena<\/h2>\n<p><img loading=\"lazy\" decoding=\"async\" class=\"alignright size-medium wp-image-32000\" src=\"http:\/\/jackpotlotteryonline.com\/wp-content\/uploads\/2022\/11\/1_mega_lotto_ticket-213x300.jpg\" alt=\"Spletna vstopnica za loterijo Mega-Sena\" width=\"213\" height=\"300\" srcset=\"https:\/\/jackpotlotteryonline.com\/wp-content\/uploads\/2022\/11\/1_mega_lotto_ticket-213x300.jpg 213w, https:\/\/jackpotlotteryonline.com\/wp-content\/uploads\/2022\/11\/1_mega_lotto_ticket.jpg 320w\" sizes=\"auto, (max-width: 213px) 100vw, 213px\" \/><\/p>\n<p>Dobro, radi bi si vzeli nekaj minut \u010dasa in vam dali nekaj nasvetov o igranju loterije Mega-Sena na internetu. Preden kupite sre\u010dko za igro Mega-Sena, se morate prepri\u010dati, da sodelujete na loteriji. Najbolj\u0161i na\u010din je, da preverite, ali spletna stran deluje kot posrednik. To pomeni, da imajo v Braziliji zastopnike, ki bodo kupovali fizi\u010dne sre\u010dke Mega-Sena.<\/p>\n<p>\u0160e ena stvar, ki jo je treba upo\u0161tevati pri tej igri, je, da gre za igro \u0161tevilk. V bistvu je vse povezano s tem, koliko sre\u010de imate. Vendar pa obstaja nekaj na\u010dinov, kako lahko pomagate sre\u010di in pove\u010date svoje mo\u017enosti za zmago. Eden od teh na\u010dinov je nakup ve\u010d vstopnic.<\/p>\n<p>Mega-Sena ima zelo dobre kvote za igralce, zato ve\u010d ko kupite sre\u010dk, ve\u010dje so va\u0161e mo\u017enosti za zmago na loteriji. Enako velja za sodelovanje v ve\u010d \u017erebanjih. Vedno je dober na\u010drt, da se udele\u017eite ve\u010d \u017erebanj.<\/p>\n<h2>Zakaj bi morali igrati loterijo z nami<\/h2>\n<p>Na voljo je ve\u010d loterijskih spletnih mest, ki vam ponujajo mo\u017enost igranja loterije Mega-Sena. Zakaj bi namesto tega izbrali nas?<\/p>\n<ul>\n<li>Smo spletna stran s stre\u017enikom, ki ima loterijske agente po vsem svetu. Ko pri nas kupite sre\u010dko Mega-Sena, bodo na\u0161i agenti v Braziliji kupili sre\u010dko z izbranimi \u0161tevilkami. To zagotavlja, da boste sodelovali v \u017erebanju Mega-Sena.<\/li>\n<li>Svoj dobitek (do dolo\u010denega zneska) lahko izpla\u010date na na\u0161em spletnem mestu. Ne glede na vi\u0161ino dobitka vam ne zara\u010dunamo provizije.<\/li>\n<li>Ko kupite sre\u010dke na na\u0161em spletnem mestu, vam ni treba skrbeti, da bi zamudili \u017erebanja. Rezultate \u017erebanj objavimo na na\u0161em spletnem mestu in \u010de osvojite katero koli nagrado, vam po\u0161ljemo elektronsko sporo\u010dilo.<\/li>\n<li>Tukaj ste na varnem. Poskrbimo za dodatno za\u0161\u010dito va\u0161e vstopnice, zato vam nikoli ni treba skrbeti, da bi vstopnico izgubili.<\/li>\n<\/ul>\n<p>Nakup loterijskih sre\u010dk pri nas v bistvu pomeni, da si zagotavljate mirno \u017eivljenje. Ne \u017eelimo, da bi vas skrbele podrobnosti, zato to prepustite nam, vi pa se osredoto\u010dite na tisto, kar je pomembno.<\/p>\n<section class=\"layout\" style=\"border: solid 1px; width: 100%;\">\n<div class=\"img-div\" style=\"margin-top: 5px;\"><img decoding=\"async\" class=\"wp-image-17212 alignleft\" style=\"height: 45px; margin: 8px 8px 0px;\" src=\"http:\/\/jackpotlotteryonline.com\/wp-content\/uploads\/2022\/11\/read1.jpg\" alt=\"Preberite \" width=\"\" height=\"\" \/><\/div>\n<div style=\"padding-left: 5px;\">\n<div style=\"font-size: 1.1em;\">\n<p><strong>Davki na loterijske dobitke<\/strong><\/p>\n<p style=\"font-size: 0.85em; margin-top: -1.5em;\">Ali moram pla\u010dati davke na loterijske dobitke?\u00a0<a href=\"https:\/\/jackpotlotteryonline.com\/sl\/moram-placati-davke-na-loterijske-dobitke\"> preberi ve\u010d<\/a><\/p>\n<\/div>\n<\/div>\n<\/section>\n<h2>Registrirajte se pri nas in igrajte Mega-Sena na spletu<\/h2>\n<p>Ali ste pripravljeni vstopiti v igro Mega-Sena lotto? Ne i\u0161\u010dite ve\u010d, preprosto se registrirajte pri nas in za\u010dnite. Ko boste registrirani, boste dobili dostop do najbolj\u0161ih mednarodnih loterij, vklju\u010dno z Mega-Seno. Najbolj\u0161e pri tem je, da so va\u0161i dobitki pri igranju z nami varni; vse, kar osvojite, lahko izpla\u010date.<\/p>\n<p>Z veseljem svojim strankam ponujamo ve\u010d mo\u017enosti izbire. Zakaj bi se omejili le na eno loterijo, \u010de lahko igrate ve\u010d kot dva ducata razli\u010dnih iger? Na na\u0161i spletni strani boste na\u0161li vrhunske igre, kot so US Powerball, La Primitiva in Eurojackpot. V vsako igro na na\u0161em spletnem mestu se lahko enostavno vklju\u010dite.<\/p>\n<p>\u010cas je, da prenehate sedeti na ograji. \u010ce resno razmi\u0161ljate o veliki zmagi, se \u0161e danes prijavite v igro Mega-Sena. Naslednje \u017erebanje je lahko sre\u010da, na katero ste \u010dakali. Zdaj se odpravite na na\u0161o spletno stran in izbirajte med \u0161tevilnimi loterijami. Ne pozabite na vnaprej\u0161nje na\u010drtovanje za mega da vira.<\/p>\n","protected":false},"excerpt":{"rendered":"<p>\u017delite kupiti sre\u010dke za loterijo Mega-Sena od koder koli na svetu? Mega-Sena je najve\u010dja brazilska loterija, ki poteka \u017ee od leta 1996. Milijoni ljubiteljev loterije v Braziliji pred vsakim \u017erebanjem hitijo z nakupom sre\u010dk Mega-Sena, zdaj pa lahko tudi igralci po vsem svetu sodelujejo pri mo\u017enosti, da osvojijo milijone realov. Morda je eden od razlogov, [&hellip;]<\/p>\n","protected":false},"author":1,"featured_media":0,"parent":35721,"menu_order":15,"comment_status":"closed","ping_status":"closed","template":"megasena.php","meta":{"_et_pb_use_builder":"","_et_pb_old_content":"","_et_gb_content_width":"","exclude_from_search":false,"footnotes":""},"class_list":["post-39511","page","type-page","status-publish","hentry"],"yoast_head":"<!-- This site is optimized with the Yoast SEO plugin v23.3 - https:\/\/yoast.com\/wordpress\/plugins\/seo\/ -->\n<title>Nakup vstopnic za igro Mega-Sena prek spleta<\/title>\n<meta name=\"description\" content=\"Vstopnice za loterijo Mega-Sena lahko kupite na spletu. Spoznajte, kako igrati in izpla\u010dati svoje dobitke tukaj.\" \/>\n<meta name=\"robots\" content=\"index, follow, max-snippet:-1, max-image-preview:large, max-video-preview:-1\" \/>\n<link rel=\"canonical\" href=\"https:\/\/jackpotlotteryonline.com\/sl\/kako-igrati\/mega-sena-2\/\" \/>\n<meta property=\"og:locale\" content=\"sl_SI\" \/>\n<meta property=\"og:type\" content=\"article\" \/>\n<meta property=\"og:title\" content=\"Nakup vstopnic za igro Mega-Sena prek spleta\" \/>\n<meta property=\"og:description\" content=\"Vstopnice za loterijo Mega-Sena lahko kupite na spletu. Spoznajte, kako igrati in izpla\u010dati svoje dobitke tukaj.\" \/>\n<meta property=\"og:url\" content=\"https:\/\/jackpotlotteryonline.com\/sl\/kako-igrati\/mega-sena-2\/\" \/>\n<meta property=\"og:site_name\" content=\"Lotto Online - Crack The International Lottery Jackpots\" \/>\n<meta property=\"article:modified_time\" content=\"2023-01-03T17:47:16+00:00\" \/>\n<meta property=\"og:image\" content=\"http:\/\/jackpotlotteryonline.com\/wp-content\/uploads\/2022\/11\/1_mega_lottery_jackpot-300x207.jpg\" \/>\n<meta name=\"twitter:card\" content=\"summary_large_image\" \/>\n<meta name=\"twitter:label1\" content=\"Est. reading time\" \/>\n\t<meta name=\"twitter:data1\" content=\"7 minut\" \/>\n<!-- \/ Yoast SEO plugin. -->","yoast_head_json":{"title":"Nakup vstopnic za igro Mega-Sena prek spleta","description":"Vstopnice za loterijo Mega-Sena lahko kupite na spletu. Spoznajte, kako igrati in izpla\u010dati svoje dobitke tukaj.","robots":{"index":"index","follow":"follow","max-snippet":"max-snippet:-1","max-image-preview":"max-image-preview:large","max-video-preview":"max-video-preview:-1"},"canonical":"https:\/\/jackpotlotteryonline.com\/sl\/kako-igrati\/mega-sena-2\/","og_locale":"sl_SI","og_type":"article","og_title":"Nakup vstopnic za igro Mega-Sena prek spleta","og_description":"Vstopnice za loterijo Mega-Sena lahko kupite na spletu. Spoznajte, kako igrati in izpla\u010dati svoje dobitke tukaj.","og_url":"https:\/\/jackpotlotteryonline.com\/sl\/kako-igrati\/mega-sena-2\/","og_site_name":"Lotto Online - Crack The International Lottery Jackpots","article_modified_time":"2023-01-03T17:47:16+00:00","og_image":[{"url":"http:\/\/jackpotlotteryonline.com\/wp-content\/uploads\/2022\/11\/1_mega_lottery_jackpot-300x207.jpg"}],"twitter_card":"summary_large_image","twitter_misc":{"Est. reading time":"7 minut"},"schema":{"@context":"https:\/\/schema.org","@graph":[{"@type":"WebPage","@id":"https:\/\/jackpotlotteryonline.com\/sl\/kako-igrati\/mega-sena-2\/","url":"https:\/\/jackpotlotteryonline.com\/sl\/kako-igrati\/mega-sena-2\/","name":"Nakup vstopnic za igro Mega-Sena prek spleta","isPartOf":{"@id":"https:\/\/jackpotlotteryonline.com\/#website"},"primaryImageOfPage":{"@id":"https:\/\/jackpotlotteryonline.com\/sl\/kako-igrati\/mega-sena-2\/#primaryimage"},"image":{"@id":"https:\/\/jackpotlotteryonline.com\/sl\/kako-igrati\/mega-sena-2\/#primaryimage"},"thumbnailUrl":"http:\/\/jackpotlotteryonline.com\/wp-content\/uploads\/2022\/11\/1_mega_lottery_jackpot-300x207.jpg","datePublished":"2022-11-28T06:06:26+00:00","dateModified":"2023-01-03T17:47:16+00:00","description":"Vstopnice za loterijo Mega-Sena lahko kupite na spletu. Spoznajte, kako igrati in izpla\u010dati svoje dobitke tukaj.","breadcrumb":{"@id":"https:\/\/jackpotlotteryonline.com\/sl\/kako-igrati\/mega-sena-2\/#breadcrumb"},"inLanguage":"sl-SI","potentialAction":[{"@type":"ReadAction","target":["https:\/\/jackpotlotteryonline.com\/sl\/kako-igrati\/mega-sena-2\/"]}]},{"@type":"ImageObject","inLanguage":"sl-SI","@id":"https:\/\/jackpotlotteryonline.com\/sl\/kako-igrati\/mega-sena-2\/#primaryimage","url":"http:\/\/jackpotlotteryonline.com\/wp-content\/uploads\/2022\/11\/1_mega_lottery_jackpot-300x207.jpg","contentUrl":"http:\/\/jackpotlotteryonline.com\/wp-content\/uploads\/2022\/11\/1_mega_lottery_jackpot-300x207.jpg"},{"@type":"BreadcrumbList","@id":"https:\/\/jackpotlotteryonline.com\/sl\/kako-igrati\/mega-sena-2\/#breadcrumb","itemListElement":[{"@type":"ListItem","position":1,"name":"Home","item":"https:\/\/jackpotlotteryonline.com\/sl\/"},{"@type":"ListItem","position":2,"name":"Kako igrati","item":"https:\/\/jackpotlotteryonline.com\/play-online\/"},{"@type":"ListItem","position":3,"name":"Igrajo Mega-Sena loterije na spletu"}]},{"@type":"WebSite","@id":"https:\/\/jackpotlotteryonline.com\/#website","url":"https:\/\/jackpotlotteryonline.com\/","name":"Lotto Online - Crack The International Lottery Jackpots","description":"","potentialAction":[{"@type":"SearchAction","target":{"@type":"EntryPoint","urlTemplate":"https:\/\/jackpotlotteryonline.com\/?s={search_term_string}"},"query-input":"required name=search_term_string"}],"inLanguage":"sl-SI"}]}},"_links":{"self":[{"href":"https:\/\/jackpotlotteryonline.com\/sl\/wp-json\/wp\/v2\/pages\/39511","targetHints":{"allow":["GET"]}}],"collection":[{"href":"https:\/\/jackpotlotteryonline.com\/sl\/wp-json\/wp\/v2\/pages"}],"about":[{"href":"https:\/\/jackpotlotteryonline.com\/sl\/wp-json\/wp\/v2\/types\/page"}],"author":[{"embeddable":true,"href":"https:\/\/jackpotlotteryonline.com\/sl\/wp-json\/wp\/v2\/users\/1"}],"replies":[{"embeddable":true,"href":"https:\/\/jackpotlotteryonline.com\/sl\/wp-json\/wp\/v2\/comments?post=39511"}],"version-history":[{"count":0,"href":"https:\/\/jackpotlotteryonline.com\/sl\/wp-json\/wp\/v2\/pages\/39511\/revisions"}],"up":[{"embeddable":true,"href":"https:\/\/jackpotlotteryonline.com\/sl\/wp-json\/wp\/v2\/pages\/35721"}],"wp:attachment":[{"href":"https:\/\/jackpotlotteryonline.com\/sl\/wp-json\/wp\/v2\/media?parent=39511"}],"curies":[{"name":"wp","href":"https:\/\/api.w.org\/{rel}","templated":true}]}}