{"id":39563,"date":"2022-11-28T07:42:12","date_gmt":"2022-11-28T07:42:12","guid":{"rendered":"https:\/\/jackpotlotteryonline.com\/?page_id=39563"},"modified":"2023-01-03T18:09:06","modified_gmt":"2023-01-03T18:09:06","slug":"powerball-australia","status":"publish","type":"page","link":"https:\/\/jackpotlotteryonline.com\/sl\/kako-igrati\/powerball-australia\/","title":{"rendered":"igranje Powerball Australia na spletu"},"content":{"rendered":"<p>Obstaja razlog, zakaj ljubitelji loterije po vsem svetu hitijo igrati avstralski Powerball. Leto 2022 je bilo leto mega jackpotov in videli smo ve\u010d igralcev, ki so na mednarodnih loterijah osvojili milijone dolarjev. Pri vsem tem Powerball AU ni bil izjema, saj je bil oktobra 2022 osvojen doslej najve\u010dji jackpot v vi\u0161ini 160 milijonov avstralskih dolarjev. Zaradi ve\u010d velikih jackpotov, ki so jih osvojili posamezni imetniki sre\u010dk, bi morali razmisliti o igranju te igre Powerball.<\/p>\n<p>Zanimivo je, da je ta igra Powerball na voljo \u017ee nekaj \u010dasa. Prvo \u017erebanje je potekalo 23. maja 1996, tako da je stara \u017ee 25 let. Res je, da je v primerjavi z loterijami, kot je \u0161panska La Primitiva, Oz Powerball prakti\u010dno \u0161e otrok. (La Primitiva je bila ustanovljena leta 1763 in v to loterijo lahko vstopite na spletni strani jackpotlotteryonline.com).<\/p>\n<p>Zadnjih 25 let je loterija Oz Powerball slovela po radodarnih izpla\u010dilih in gore\u010dih obo\u017eevalcih. Pred tem so lahko v njej sodelovali le igralci, ki so \u017eiveli na celini. Zdaj lahko igralci po vsem svetu igrajo igro Powerball AU prek spleta iz udobja svojih ra\u010dunalnikov ali mobilnih naprav. Berite naprej in izvedeli boste, kako lahko igrate to loterijo na spletu.<\/p>\n<h2>Kako igrati Powerball Australia<\/h2>\n<p><img loading=\"lazy\" decoding=\"async\" class=\"alignright size-full wp-image-26402\" src=\"http:\/\/jackpotlotteryonline.com\/wp-content\/uploads\/2022\/11\/1_buy_online_ticket_powerball.jpg\" alt=\"igranje igre Powerball Australia prek spleta\" width=\"300\" height=\"194\" \/><\/p>\n<p>Ena od neverjetnih stvari pri tej loteriji je, da ima velike kvote. Verjetnost za osvojitev glavnega dobitka je 1 proti pribli\u017eno 76 milijonom. Vendar pa obstaja \u0161e ve\u010d drugih razdelitev, ki imajo fantasti\u010dne kvote.<\/p>\n<p>\u010ce \u017eelite igrati to loterijo Powerball, morate izbrati 7 \u0161tevilk od 1 do 35 in \u0161tevilko Powerball od 1 do 20. To je skupaj 8 \u0161tevilk za vsako vrstico. Upo\u0161tevajte, da lahko vnesete tudi ve\u010d vrstic in tako pove\u010date svoje mo\u017enosti za zmago na loteriji. Ve\u010d vrstic kot boste vnesli, ve\u010dje bodo va\u0161e mo\u017enosti za dobitek.<\/p>\n<p>Ko ste izbrali \u0161tevilke, morate v naslednjem koraku vstopiti v \u017erebanje. Ta loterija ima samo en dan \u017erebanja, in sicer vsak \u010detrtek zve\u010der. Kot si lahko predstavljate, so \u010detrtkovi ve\u010deri polni navdu\u0161enja za igralce na celini. Razburjenju se lahko pridru\u017eite tudi z igranjem igre Powerball.<\/p>\n<h2>Zakaj Powerball Avstralija?<\/h2>\n<p>To je zelo dobro vpra\u0161anje. Zahvaljujo\u010d internetu imajo loterijski navdu\u0161enci po vsem svetu na voljo veliko razli\u010dnih loterij, v katerih lahko sodelujejo. Zakaj bi razmislili o igranju loterije Powerball v Oz? S to loterijo imate v bistvu prilo\u017enost, da osvojite milijone, ne da bi se pri tem soo\u010dili z neverjetno visokimi mo\u017enostmi.<\/p>\n<p>Te\u017eava \u0161tevilnih drugih bolj priljubljenih loterij v drugih delih sveta so visoke kvote. Na primer, v ameri\u0161ki loteriji Powerball so mo\u017enosti za zmago 1 proti ve\u010d kot 200 milijonom. \u010ce to primerjamo z verjetnostjo 1 proti 76 milijonom za loterijo Oz Powerball, je jasno, zakaj se veliko igralcev odlo\u010da za to loterijo.<\/p>\n<section class=\"layout\" style=\"border: solid 1px; width: 100%;\">\n<div class=\"img-div\" style=\"margin-top: 5px;\"><img decoding=\"async\" class=\"wp-image-17212 alignleft\" style=\"height: 45px; margin: 8px 8px 0px;\" src=\"http:\/\/jackpotlotteryonline.com\/wp-content\/uploads\/2022\/11\/read1.jpg\" alt=\"Preberite \" width=\"\" height=\"\" \/><\/div>\n<div style=\"padding-left: 5px;\">\n<div style=\"font-size: 1.1em;\">\n<p><strong>Loterijske prevare, na katere morate biti pozorni<\/strong><\/p>\n<p style=\"font-size: 0.85em; margin-top: -1.5em;\">Ne nasedajte pastem loterije\u00a0<a href=\"https:\/\/jackpotlotteryonline.com\/sl\/pazite-na-spletne-loterijske-prevare\"> preberi ve\u010d<\/a><\/p>\n<\/div>\n<\/div>\n<\/section>\n<h2>Powerball v Avstraliji in Powerball v ZDA: v \u010dem je razlika?<\/h2>\n<p>Toda, ali je kak\u0161na razlika med loterijama Oz in US Powerball? Prva in najbolj o\u010ditna razlika je v vi\u0161ini glavnih dobitkov. Na svetu je zelo malo dobitkov, ki se po velikosti lahko primerjajo z ameri\u0161kim Powerballom. Nedavno je dosegel vrednost 2 milijardi ameri\u0161kih dolarjev. \u010ce boste igrali v igri Oz Powerball, ne boste dobili niti pribli\u017eno toliko.<\/p>\n<p>Tudi v ameri\u0161ki razli\u010dici je razpon od 1 do 69. To pomeni, da se iz sod\u010dka z 69 kroglicami iz\u017ereba 5 kroglic. V razli\u010dici OZ je 7 \u0161tevilk iz\u017erebanih iz sod\u010dka s 35 kroglicami. Poleg tega je Powerball v ZDA iz\u017ereban iz sod\u010dka s 26 kroglicami, v Avstraliji pa iz 20 kroglic.<\/p>\n<p>\u010ce \u017eelite loterijo, na kateri lahko morda osvojite milijone, ne da bi imeli opravka z visokimi kvotami, potem igrajte avstralski Powerball.<\/p>\n<h2>Igranje prek spleta<\/h2>\n<p>Zdaj, ko veste, da lahko igro Oz Powerball igrate od koder koli, vam predstavljamo, kako to storiti.<\/p>\n<ul>\n<li>Najprej obi\u0161\u010dite prodajalca loterije, kot je jackpotlotteryonline.com, in pojdite na stran za Australian Powerball.<\/li>\n<li>Nato izberite \u0161tevilke (za naklju\u010dno izbiro \u0161tevilk lahko uporabite samodejni generator \u0161tevilk).<\/li>\n<li><a href=\"https:\/\/jackpotlotteryonline.com\/sl\/zmagovalne-stevilke\/powerball-australia\">Vstopite v \u017erebanje<\/a> in dokon\u010dajte postopek.<\/li>\n<li>Osvojitev glavnega dobitka<\/li>\n<\/ul>\n<p>\u017drebanje poteka enkrat tedensko ob \u010detrtkih. Ko vstopite v \u017erebanje, morate po\u010dakati na rezultate. Glavni dobitek prejme vsak listek, ki ustreza osmim iz\u017erebanim \u0161tevilkam.<\/p>\n<p>Za ujemanje razli\u010dnih \u0161tevilk so na voljo tudi druge nagrade, vklju\u010dno z nagrado za ujemanje samo dveh \u0161tevilk in bonusne \u0161tevilke.<\/p>\n<h2>Nagrade, ki jih lahko osvojite<\/h2>\n<p><img loading=\"lazy\" decoding=\"async\" class=\"alignright size-medium wp-image-19277\" src=\"http:\/\/jackpotlotteryonline.com\/wp-content\/uploads\/2022\/10\/2_ticket_powerball_au2-163x300.jpg\" alt=\"Skeniranje loterijske sre\u010dke \" width=\"163\" height=\"300\" srcset=\"https:\/\/jackpotlotteryonline.com\/wp-content\/uploads\/2022\/10\/2_ticket_powerball_au2-163x300.jpg 163w, https:\/\/jackpotlotteryonline.com\/wp-content\/uploads\/2022\/10\/2_ticket_powerball_au2.jpg 250w\" sizes=\"auto, (max-width: 163px) 100vw, 163px\" \/><\/p>\n<p>Ko igrate na loteriji, je na voljo 9 nagradnih razdelkov.<\/p>\n<p>Razdelek 1: 7 \u0161tevilk + dodatna \u0161tevilka &#8211; glavni dobitek (povpre\u010dno 8 milijonov avstralskih dolarjev)<\/p>\n<p>Razdelek 2: samo 7 \u0161tevilk<\/p>\n<p>Razdelek 3: 6 \u0161tevilk + dodatna \u0161tevilka<\/p>\n<p>Razdelek 4: samo 6 \u0161tevilk<\/p>\n<p>Razdelek 5: 5 \u0161tevilk + dodatna \u0161tevilka<\/p>\n<p>Razdelek 6: samo 5 \u0161tevilk<\/p>\n<p>Razdelek 7: 4 \u0161tevilke + dodatna \u0161tevilka<\/p>\n<p>Razdelek 8: 3 \u0161tevilke + dodatna \u0161tevilka<\/p>\n<p>Razdelek 9: 2 \u0161tevilki + dodatna \u0161tevilka<\/p>\n<p>Nagrade, dodeljene posameznim divizijam, predstavljajo odstotek nagradnega sklada. \u010cim vi\u0161ji je nagradni sklad, tem ve\u010d denarja prejme posamezna divizija. Nagrade za 2. divizijo so zna\u0161ale do 800 000 avstralskih dolarjev.<\/p>\n<h2>Kupite svoje loterijske sre\u010dke na spletu<\/h2>\n<p>\u010ce ste ljubitelj loterije, lahko zdaj prek na\u0161ega spletnega mesta igrate loterijo prek spleta. Na\u0161im strankam olaj\u0161amo postopek, saj na enem mestu zagotavljamo vse, kar potrebujete. Tako lahko kupite sre\u010dke, preverite rezultate in \u010de zmagate, izpla\u010date svoj dobitek kar na na\u0161em spletnem mestu.<\/p>\n<p>Na voljo imamo ve\u010d mo\u017enosti, ki jih lahko uporabite za <a href=\"https:\/\/jackpotlotteryonline.com\/sl\/kupiti-vstopnice\/powerball-australia\">pla\u010dilo loterijskih sre\u010dk<\/a>. Svoj ra\u010dun lahko nastavite tudi tako, da se samodejno prijavite za ve\u010d \u017erebanj vnaprej. Na\u0161e stranke u\u017eivajo v razko\u0161ju, da jim ni treba preverjati rezultatov \u017erebanj, saj vas bomo obvestili, \u010de boste kaj osvojili.<\/p>\n<p>In nenazadnje, ko pri nas kupite loterijsko sre\u010dko, ste prepri\u010dani, da igrate loterijo po svoji izbiri. To pa zato, ker imamo v razli\u010dnih dr\u017eavah zastopnike, ki bodo kupili fizi\u010dno sre\u010dko z va\u0161imi ustreznimi \u0161tevilkami. Tako vam za igranje loterije ni treba biti fizi\u010dno v dr\u017eavi. Zdaj igrajte Powerball Australia.<\/p>\n","protected":false},"excerpt":{"rendered":"<p>Obstaja razlog, zakaj ljubitelji loterije po vsem svetu hitijo igrati avstralski Powerball. Leto 2022 je bilo leto mega jackpotov in videli smo ve\u010d igralcev, ki so na mednarodnih loterijah osvojili milijone dolarjev. Pri vsem tem Powerball AU ni bil izjema, saj je bil oktobra 2022 osvojen doslej najve\u010dji jackpot v vi\u0161ini 160 milijonov avstralskih dolarjev. [&hellip;]<\/p>\n","protected":false},"author":1,"featured_media":0,"parent":35721,"menu_order":17,"comment_status":"closed","ping_status":"closed","template":"powerball-au.php","meta":{"_et_pb_use_builder":"","_et_pb_old_content":"","_et_gb_content_width":"","exclude_from_search":false,"footnotes":""},"class_list":["post-39563","page","type-page","status-publish","hentry"],"yoast_head":"<!-- This site is optimized with the Yoast SEO plugin v23.3 - https:\/\/yoast.com\/wordpress\/plugins\/seo\/ -->\n<title>Igrajte Powerball Australia zunaj Avstralije<\/title>\n<meta name=\"description\" content=\"Za igranje igre Powerball Australia vam ni treba \u017eiveti v Avstraliji. Preberite, kako lahko igrate prek spleta.\" \/>\n<meta name=\"robots\" content=\"index, follow, max-snippet:-1, max-image-preview:large, max-video-preview:-1\" \/>\n<link rel=\"canonical\" href=\"https:\/\/jackpotlotteryonline.com\/sl\/kako-igrati\/powerball-australia\/\" \/>\n<meta property=\"og:locale\" content=\"sl_SI\" \/>\n<meta property=\"og:type\" content=\"article\" \/>\n<meta property=\"og:title\" content=\"Igrajte Powerball Australia zunaj Avstralije\" \/>\n<meta property=\"og:description\" content=\"Za igranje igre Powerball Australia vam ni treba \u017eiveti v Avstraliji. Preberite, kako lahko igrate prek spleta.\" \/>\n<meta property=\"og:url\" content=\"https:\/\/jackpotlotteryonline.com\/sl\/kako-igrati\/powerball-australia\/\" \/>\n<meta property=\"og:site_name\" content=\"Lotto Online - Crack The International Lottery Jackpots\" \/>\n<meta property=\"article:modified_time\" content=\"2023-01-03T18:09:06+00:00\" \/>\n<meta property=\"og:image\" content=\"http:\/\/jackpotlotteryonline.com\/wp-content\/uploads\/2022\/11\/1_buy_online_ticket_powerball.jpg\" \/>\n<meta name=\"twitter:card\" content=\"summary_large_image\" \/>\n<meta name=\"twitter:label1\" content=\"Est. reading time\" \/>\n\t<meta name=\"twitter:data1\" content=\"5 minut\" \/>\n<!-- \/ Yoast SEO plugin. -->","yoast_head_json":{"title":"Igrajte Powerball Australia zunaj Avstralije","description":"Za igranje igre Powerball Australia vam ni treba \u017eiveti v Avstraliji. Preberite, kako lahko igrate prek spleta.","robots":{"index":"index","follow":"follow","max-snippet":"max-snippet:-1","max-image-preview":"max-image-preview:large","max-video-preview":"max-video-preview:-1"},"canonical":"https:\/\/jackpotlotteryonline.com\/sl\/kako-igrati\/powerball-australia\/","og_locale":"sl_SI","og_type":"article","og_title":"Igrajte Powerball Australia zunaj Avstralije","og_description":"Za igranje igre Powerball Australia vam ni treba \u017eiveti v Avstraliji. Preberite, kako lahko igrate prek spleta.","og_url":"https:\/\/jackpotlotteryonline.com\/sl\/kako-igrati\/powerball-australia\/","og_site_name":"Lotto Online - Crack The International Lottery Jackpots","article_modified_time":"2023-01-03T18:09:06+00:00","og_image":[{"url":"http:\/\/jackpotlotteryonline.com\/wp-content\/uploads\/2022\/11\/1_buy_online_ticket_powerball.jpg"}],"twitter_card":"summary_large_image","twitter_misc":{"Est. reading time":"5 minut"},"schema":{"@context":"https:\/\/schema.org","@graph":[{"@type":"WebPage","@id":"https:\/\/jackpotlotteryonline.com\/sl\/kako-igrati\/powerball-australia\/","url":"https:\/\/jackpotlotteryonline.com\/sl\/kako-igrati\/powerball-australia\/","name":"Igrajte Powerball Australia zunaj Avstralije","isPartOf":{"@id":"https:\/\/jackpotlotteryonline.com\/#website"},"primaryImageOfPage":{"@id":"https:\/\/jackpotlotteryonline.com\/sl\/kako-igrati\/powerball-australia\/#primaryimage"},"image":{"@id":"https:\/\/jackpotlotteryonline.com\/sl\/kako-igrati\/powerball-australia\/#primaryimage"},"thumbnailUrl":"http:\/\/jackpotlotteryonline.com\/wp-content\/uploads\/2022\/11\/1_buy_online_ticket_powerball.jpg","datePublished":"2022-11-28T07:42:12+00:00","dateModified":"2023-01-03T18:09:06+00:00","description":"Za igranje igre Powerball Australia vam ni treba \u017eiveti v Avstraliji. Preberite, kako lahko igrate prek spleta.","breadcrumb":{"@id":"https:\/\/jackpotlotteryonline.com\/sl\/kako-igrati\/powerball-australia\/#breadcrumb"},"inLanguage":"sl-SI","potentialAction":[{"@type":"ReadAction","target":["https:\/\/jackpotlotteryonline.com\/sl\/kako-igrati\/powerball-australia\/"]}]},{"@type":"ImageObject","inLanguage":"sl-SI","@id":"https:\/\/jackpotlotteryonline.com\/sl\/kako-igrati\/powerball-australia\/#primaryimage","url":"http:\/\/jackpotlotteryonline.com\/wp-content\/uploads\/2022\/11\/1_buy_online_ticket_powerball.jpg","contentUrl":"http:\/\/jackpotlotteryonline.com\/wp-content\/uploads\/2022\/11\/1_buy_online_ticket_powerball.jpg"},{"@type":"BreadcrumbList","@id":"https:\/\/jackpotlotteryonline.com\/sl\/kako-igrati\/powerball-australia\/#breadcrumb","itemListElement":[{"@type":"ListItem","position":1,"name":"Home","item":"https:\/\/jackpotlotteryonline.com\/sl\/"},{"@type":"ListItem","position":2,"name":"Kako igrati","item":"https:\/\/jackpotlotteryonline.com\/play-online\/"},{"@type":"ListItem","position":3,"name":"igranje Powerball Australia na spletu"}]},{"@type":"WebSite","@id":"https:\/\/jackpotlotteryonline.com\/#website","url":"https:\/\/jackpotlotteryonline.com\/","name":"Lotto Online - Crack The International Lottery Jackpots","description":"","potentialAction":[{"@type":"SearchAction","target":{"@type":"EntryPoint","urlTemplate":"https:\/\/jackpotlotteryonline.com\/?s={search_term_string}"},"query-input":"required name=search_term_string"}],"inLanguage":"sl-SI"}]}},"_links":{"self":[{"href":"https:\/\/jackpotlotteryonline.com\/sl\/wp-json\/wp\/v2\/pages\/39563","targetHints":{"allow":["GET"]}}],"collection":[{"href":"https:\/\/jackpotlotteryonline.com\/sl\/wp-json\/wp\/v2\/pages"}],"about":[{"href":"https:\/\/jackpotlotteryonline.com\/sl\/wp-json\/wp\/v2\/types\/page"}],"author":[{"embeddable":true,"href":"https:\/\/jackpotlotteryonline.com\/sl\/wp-json\/wp\/v2\/users\/1"}],"replies":[{"embeddable":true,"href":"https:\/\/jackpotlotteryonline.com\/sl\/wp-json\/wp\/v2\/comments?post=39563"}],"version-history":[{"count":0,"href":"https:\/\/jackpotlotteryonline.com\/sl\/wp-json\/wp\/v2\/pages\/39563\/revisions"}],"up":[{"embeddable":true,"href":"https:\/\/jackpotlotteryonline.com\/sl\/wp-json\/wp\/v2\/pages\/35721"}],"wp:attachment":[{"href":"https:\/\/jackpotlotteryonline.com\/sl\/wp-json\/wp\/v2\/media?parent=39563"}],"curies":[{"name":"wp","href":"https:\/\/api.w.org\/{rel}","templated":true}]}}