{"id":39618,"date":"2022-11-28T09:53:46","date_gmt":"2022-11-28T09:53:46","guid":{"rendered":"https:\/\/jackpotlotteryonline.com\/?page_id=39618"},"modified":"2023-01-03T18:57:34","modified_gmt":"2023-01-03T18:57:34","slug":"igranje-sobota-lotto-na-spletu","status":"publish","type":"page","link":"https:\/\/jackpotlotteryonline.com\/sl\/kako-igrati\/igranje-sobota-lotto-na-spletu\/","title":{"rendered":"igranje sobota Lotto na spletu"},"content":{"rendered":"<p>Saturday Lotto je ena od priljubljenih avstralskih loterij, ki se je veselijo igralci po vsej dr\u017eavi. Eden od razlogov za to je, da se je iz nje v preteklosti izcimilo veliko milijonarjev. Glavni dobitek lahko dose\u017ee tudi 10 milijonov avstralskih dolarjev, kar je neverjetna nagrada, \u010de pomislite na to. Do zdaj ste morali imeti stalno prebivali\u0161\u010de v Avstraliji, da ste lahko igrali na tej loteriji, saj so bile sre\u010dke na voljo samo v tej dr\u017eavi. Z internetom se je to spremenilo, saj lahko igralci po vsem svetu igrajo na loteriji od koder koli.<\/p>\n<p>\u010ce \u017eelite igrati sobotno loterijo, morate le obiskati spletno stran jackpotlotteryonline.com in <a href=\"https:\/\/jackpotlotteryonline.com\/sl\/kupiti-vstopnice\/saturday-lotto\">kupiti loterijsko sre\u010dko<\/a>. Zanimivo je, da lahko tam dobite tudi sre\u010dke za vse najpomembnej\u0161e mednarodne loterije.<\/p>\n<h2>Izvor sobotnega lota<\/h2>\n<p><img loading=\"lazy\" decoding=\"async\" class=\"alignright size-medium wp-image-28103\" src=\"http:\/\/jackpotlotteryonline.com\/wp-content\/uploads\/2022\/11\/1_lotto_jackpot_online-257x300.jpg\" alt=\"Glavni dobitek sobota loto\" width=\"257\" height=\"300\" srcset=\"https:\/\/jackpotlotteryonline.com\/wp-content\/uploads\/2022\/11\/1_lotto_jackpot_online-257x300.jpg 257w, https:\/\/jackpotlotteryonline.com\/wp-content\/uploads\/2022\/11\/1_lotto_jackpot_online.jpg 321w\" sizes=\"auto, (max-width: 257px) 100vw, 257px\" \/><\/p>\n<p>Prvo \u017erebanje je potekalo 24. junija 1972 in je bil prvi tovrstni loto v Avstraliji. To je tudi najdlje trajajo\u010da loterija v Avstraliji. Igralci v razli\u010dnih delih Avstralije jo poznajo pod razli\u010dnimi imeni: V Avstraliji se uporabljajo razli\u010dna imena: Tattslotto, Gold lotto, X lotto ali preprosto lotto.<\/p>\n<p>Najmanj\u0161i zajam\u010deni znesek glavnega dobitka ob igranju je 5 milijonov avstralskih dolarjev, \u010de ni zmagovalca, pa se ta prenese v naslednji teden. Neverjetno pri tem lotu je, da imajo igralci res veliko verjetnost, da bodo osvojili glavni dobitek. Verjetnost je tako majhna, da se glavni dobitek le redko prevrne, saj se obi\u010dajno vedno najde zmagovalec.<\/p>\n<p>Sobotni loto enkrat na leto organizira tudi mega \u017erebanje, ki poteka po bo\u017ei\u010du. Glavni dobitek za mega \u017erebanja je precej visok in je bil pove\u010dan na 30 milijonov avstralskih dolarjev. V \u017erebanju mega obi\u010dajno zmaga ve\u010d dobitnikov.<\/p>\n<h2>Kako igrati spletno igro Saturday Lotto<\/h2>\n<p>\u010ce \u017eelite igrati igro Saturday Lotto, preprosto obi\u0161\u010dite spletno stran jackpotlotteryonline.com in pojdite na stran Lotto. Izberite \u0161est \u0161tevilk med 1 in 45. \u0160tevilke lahko vedno izberete ro\u010dno ali pa uporabite na\u0161 samodejni sistem za generiranje naklju\u010dnih \u0161tevilk.<\/p>\n<p><a href=\"https:\/\/jackpotlotteryonline.com\/sl\/zmagovalne-stevilke\/saturday-lotto\">Nato vnesite \u017erebanja.<\/a> Pravzaprav je samo eno \u017erebanje na teden, in sicer v soboto. Od tod tudi ime: Saturday Lotto. Lahko pa se odlo\u010dite, da boste vnesli do 10 zaporednih \u017erebanj. \u010ce izberete to mo\u017enost, boste naslednjih 10 tednov samodejno sodelovali v vsakem \u017erebanju.<\/p>\n<p>Ko vse to opravite, je naslednji korak obdelava va\u0161ega pla\u010dila. Prosili vas bomo, da se registrirate pri nas, da bomo lahko va\u0161o vstopnico med igranjem varovali. Prav tako vas bomo obvestili, \u010de boste kaj osvojili, nato pa boste lahko svoj dobitek izpla\u010dali na na\u0161i platformi.<\/p>\n<section class=\"layout\" style=\"border: solid 1px; width: 100%;\">\n<div class=\"img-div\" style=\"margin-top: 5px;\"><img decoding=\"async\" class=\"wp-image-17212 alignleft\" style=\"height: 45px; margin: 8px 8px 0px;\" src=\"http:\/\/jackpotlotteryonline.com\/wp-content\/uploads\/2022\/11\/read1.jpg\" alt=\"Preberite\" width=\"\" height=\"\" \/><\/div>\n<div style=\"padding-left: 5px;\">\n<div style=\"font-size: 1.1em;\">\n<p><strong>Nekaj trikov in nasvetov za izbiro \u0161tevilk<\/strong><\/p>\n<p style=\"font-size: 0.85em; margin-top: -1.5em;\">Pove\u010dajte svoje mo\u017enosti za zmago &#8211; uporabite strategijo za izbiro \u0161tevilk\u00a0<a href=\"https:\/\/jackpotlotteryonline.com\/sl\/a-nekaj-trikov-in-nasvetov-za-izbiranje-svojih-stevilk\">preberi ve\u010d<\/a><\/p>\n<\/div>\n<\/div>\n<\/section>\n<h2>Prednosti<\/h2>\n<p>Tisti, ki so navajeni kupovati fizi\u010dne loterijske sre\u010dke in se veseliti zmage, morda te\u017eko vidijo prednosti igranja prek spleta. Vendar jih bomo nekaj predstavili tukaj.<\/p>\n<p>Igranje spletne igre Saturday Lotto je priro\u010dno. Ni vam treba zapustiti kraja, kjer se nahajate, in iti kamor koli, saj lahko preprosto igrate na ra\u010dunalniku ali mobilni napravi. Prav tako to pomeni, da imate zdaj dostop do ve\u010djega \u0161tevila razli\u010dnih loterij z vsega sveta.<\/p>\n<p>Nakup sre\u010dk ni edina prednost pri igranju loterije. Morda je najpomembnej\u0161a prednost ta, da lahko enostavno izpla\u010date svoj dobitek. To je preprosto in pogosto vam ni treba opraviti nobenega zapletenega postopka, da bi dobili svoj dobitek.<\/p>\n<h2>Zmaga v sobotni igri loto<\/h2>\n<p>\u010ce \u017eelite zmagati v igri loto, morate ujeti vseh \u0161est iz\u017erebanih \u0161tevilk. Glavni dobitek osvoji vsak listek, ki ustreza vsem \u0161estim iz\u017erebanim \u0161tevilkam. Osvojite lahko tudi druge nagrade, ki jih bomo omenili pozneje. Upo\u0161tevajte, da lahko nagrado osvojite, \u010de ujemate tri iz\u017erebane \u0161tevilke.<\/p>\n<p>\u010ce na loteriji zmagate, lahko svoj dobitek z na\u0161e platforme izpla\u010date neposredno na svoj ra\u010dun.<\/p>\n<p>Upo\u0161tevajte, da morate v primeru, ko je va\u0161 dobitek vi\u0161ji od #2500, dobitek zahtevati neposredno od loterijskega podjetja. Vendar ne skrbite, pri tem vam bomo pomagali in vam dali obrazec za zahtevek, ki ga morate izpolniti.<\/p>\n<h2>Dodatne \u0161tevilke<\/h2>\n<p><img loading=\"lazy\" decoding=\"async\" class=\"alignright size-medium wp-image-29183\" src=\"http:\/\/jackpotlotteryonline.com\/wp-content\/uploads\/2022\/11\/1_play_lotto-online-300x199.jpg\" alt=\"igranje sobotnega lota prek spleta\" width=\"300\" height=\"199\" srcset=\"https:\/\/jackpotlotteryonline.com\/wp-content\/uploads\/2022\/11\/1_play_lotto-online-300x199.jpg 300w, https:\/\/jackpotlotteryonline.com\/wp-content\/uploads\/2022\/11\/1_play_lotto-online.jpg 350w\" sizes=\"auto, (max-width: 300px) 100vw, 300px\" \/><\/p>\n<p>\u010ce preverite razdelitve dobitkov, boste morda opazili, da so v nekaterih razdelitvah uporabljene dodatne \u0161tevilke. To niso \u0161tevilke, ki jih izberete sami in nimajo nobene zveze z osvojitvijo glavnega dobitka. So preprosto naklju\u010dno generirane \u0161tevilke, ki se izberejo med vsakim \u017erebanjem in se uporabijo za dolo\u010ditev razdelkov 2 in 5.<\/p>\n<h2>Nagrade<\/h2>\n<p>Ta igra Lotto ima \u0161est razli\u010dnih nagradnih razdelkov in \u017ee z ujemanjem treh glavnih \u0161tevilk lahko osvojite nagrado. Seveda je nagrada tem vi\u0161ja, \u010dim ve\u010d \u0161tevilk ujamete. Nagrada v 1. razdelku je glavni dobitek, za katerega morate ujeti vseh 6 \u0161tevilk, da ste upravi\u010deni do te nagrade.<\/p>\n<p>Igralci se pogosto osredoto\u010dijo na nagrado iz 1. dela, torej na glavni dobitek, pri \u010demer izklju\u010dijo druge nagradne dele\u017ee. Vendar lahko tudi v teh delih osvojite dober znesek. V nadaljevanju predstavljamo nagradne razdelke za igro Saturday Lotto in mo\u017enosti za dobitek v vsakem razdelku.<\/p>\n<p>Oddelek 1: 6 glavnih \u0161tevilk &#8211; glavni dobitek (1 proti 8.145.060)<\/p>\n<p>Razdelek 2: 5 glavnih \u0161tevilk + 1 ali 2 dodatni \u0161tevilki (1 proti 678.755)<\/p>\n<p>Razdelek 3: 5 glavnih \u0161tevilk (1 proti 36.689)<\/p>\n<p>Razdelek 4: 4 glavne \u0161tevilke (1 od 733)<\/p>\n<p>Oddelek 5: 3 glavne \u0161tevilke + 1 ali 2 dodatni \u0161tevilki (1 od 297)<\/p>\n<p>Oddelek 6: 3 glavne \u0161tevilke (1 od 53)<\/p>\n<h2>Prijavite se zdaj, da igrate sobotni loto<\/h2>\n<p>\u010ce ste pripravljeni igrati loto, lahko kupite sre\u010dke za loto tukaj na na\u0161em spletnem mestu. Ko se boste prijavili v \u017erebanje, boste imeli prilo\u017enost osvojiti milijone.<\/p>\n<p>Medtem ko ste tukaj, si lahko ogledate tudi druge loterije. Imamo \u0161iroko zbirko najbolj\u0161ih mednarodnih loterij in na\u0161im strankam omogo\u010damo dostop do teh loterij. Kupite lahko sre\u010dke za loterije iz ZDA, Evrope in Avstralije, ne glede na to, kje \u017eivite.<\/p>\n<p>Kot spletna stran \u0161tevilka ena za posredovanje pri loteriji smo poenostavili postopek in na\u0161im strankam zagotovili neverjetno izku\u0161njo. Prijavite se pri nas \u0161e danes in za\u010dnite igrati loto.<\/p>\n","protected":false},"excerpt":{"rendered":"<p>Saturday Lotto je ena od priljubljenih avstralskih loterij, ki se je veselijo igralci po vsej dr\u017eavi. Eden od razlogov za to je, da se je iz nje v preteklosti izcimilo veliko milijonarjev. Glavni dobitek lahko dose\u017ee tudi 10 milijonov avstralskih dolarjev, kar je neverjetna nagrada, \u010de pomislite na to. Do zdaj ste morali imeti stalno [&hellip;]<\/p>\n","protected":false},"author":1,"featured_media":0,"parent":35721,"menu_order":18,"comment_status":"closed","ping_status":"closed","template":"saturday-lotto.php","meta":{"_et_pb_use_builder":"","_et_pb_old_content":"","_et_gb_content_width":"","exclude_from_search":false,"footnotes":""},"class_list":["post-39618","page","type-page","status-publish","hentry"],"yoast_head":"<!-- This site is optimized with the Yoast SEO plugin v23.3 - https:\/\/yoast.com\/wordpress\/plugins\/seo\/ -->\n<title>Igranje sobotnega lota na spletu<\/title>\n<meta name=\"description\" content=\"U\u017eivajte v prilo\u017enosti za veliko zmago v igri Saturday Lotto z igranjem prek spleta, ne glede na to, kje se nahajate. Izvedite, kako.\" \/>\n<meta name=\"robots\" content=\"index, follow, max-snippet:-1, max-image-preview:large, max-video-preview:-1\" \/>\n<link rel=\"canonical\" href=\"https:\/\/jackpotlotteryonline.com\/sl\/kako-igrati\/igranje-sobota-lotto-na-spletu\/\" \/>\n<meta property=\"og:locale\" content=\"sl_SI\" \/>\n<meta property=\"og:type\" content=\"article\" \/>\n<meta property=\"og:title\" content=\"Igranje sobotnega lota na spletu\" \/>\n<meta property=\"og:description\" content=\"U\u017eivajte v prilo\u017enosti za veliko zmago v igri Saturday Lotto z igranjem prek spleta, ne glede na to, kje se nahajate. Izvedite, kako.\" \/>\n<meta property=\"og:url\" content=\"https:\/\/jackpotlotteryonline.com\/sl\/kako-igrati\/igranje-sobota-lotto-na-spletu\/\" \/>\n<meta property=\"og:site_name\" content=\"Lotto Online - Crack The International Lottery Jackpots\" \/>\n<meta property=\"article:modified_time\" content=\"2023-01-03T18:57:34+00:00\" \/>\n<meta property=\"og:image\" content=\"http:\/\/jackpotlotteryonline.com\/wp-content\/uploads\/2022\/11\/1_lotto_jackpot_online-257x300.jpg\" \/>\n<meta name=\"twitter:card\" content=\"summary_large_image\" \/>\n<meta name=\"twitter:label1\" content=\"Est. reading time\" \/>\n\t<meta name=\"twitter:data1\" content=\"5 minut\" \/>\n<!-- \/ Yoast SEO plugin. -->","yoast_head_json":{"title":"Igranje sobotnega lota na spletu","description":"U\u017eivajte v prilo\u017enosti za veliko zmago v igri Saturday Lotto z igranjem prek spleta, ne glede na to, kje se nahajate. Izvedite, kako.","robots":{"index":"index","follow":"follow","max-snippet":"max-snippet:-1","max-image-preview":"max-image-preview:large","max-video-preview":"max-video-preview:-1"},"canonical":"https:\/\/jackpotlotteryonline.com\/sl\/kako-igrati\/igranje-sobota-lotto-na-spletu\/","og_locale":"sl_SI","og_type":"article","og_title":"Igranje sobotnega lota na spletu","og_description":"U\u017eivajte v prilo\u017enosti za veliko zmago v igri Saturday Lotto z igranjem prek spleta, ne glede na to, kje se nahajate. Izvedite, kako.","og_url":"https:\/\/jackpotlotteryonline.com\/sl\/kako-igrati\/igranje-sobota-lotto-na-spletu\/","og_site_name":"Lotto Online - Crack The International Lottery Jackpots","article_modified_time":"2023-01-03T18:57:34+00:00","og_image":[{"url":"http:\/\/jackpotlotteryonline.com\/wp-content\/uploads\/2022\/11\/1_lotto_jackpot_online-257x300.jpg"}],"twitter_card":"summary_large_image","twitter_misc":{"Est. reading time":"5 minut"},"schema":{"@context":"https:\/\/schema.org","@graph":[{"@type":"WebPage","@id":"https:\/\/jackpotlotteryonline.com\/sl\/kako-igrati\/igranje-sobota-lotto-na-spletu\/","url":"https:\/\/jackpotlotteryonline.com\/sl\/kako-igrati\/igranje-sobota-lotto-na-spletu\/","name":"Igranje sobotnega lota na spletu","isPartOf":{"@id":"https:\/\/jackpotlotteryonline.com\/#website"},"primaryImageOfPage":{"@id":"https:\/\/jackpotlotteryonline.com\/sl\/kako-igrati\/igranje-sobota-lotto-na-spletu\/#primaryimage"},"image":{"@id":"https:\/\/jackpotlotteryonline.com\/sl\/kako-igrati\/igranje-sobota-lotto-na-spletu\/#primaryimage"},"thumbnailUrl":"http:\/\/jackpotlotteryonline.com\/wp-content\/uploads\/2022\/11\/1_lotto_jackpot_online-257x300.jpg","datePublished":"2022-11-28T09:53:46+00:00","dateModified":"2023-01-03T18:57:34+00:00","description":"U\u017eivajte v prilo\u017enosti za veliko zmago v igri Saturday Lotto z igranjem prek spleta, ne glede na to, kje se nahajate. Izvedite, kako.","breadcrumb":{"@id":"https:\/\/jackpotlotteryonline.com\/sl\/kako-igrati\/igranje-sobota-lotto-na-spletu\/#breadcrumb"},"inLanguage":"sl-SI","potentialAction":[{"@type":"ReadAction","target":["https:\/\/jackpotlotteryonline.com\/sl\/kako-igrati\/igranje-sobota-lotto-na-spletu\/"]}]},{"@type":"ImageObject","inLanguage":"sl-SI","@id":"https:\/\/jackpotlotteryonline.com\/sl\/kako-igrati\/igranje-sobota-lotto-na-spletu\/#primaryimage","url":"http:\/\/jackpotlotteryonline.com\/wp-content\/uploads\/2022\/11\/1_lotto_jackpot_online-257x300.jpg","contentUrl":"http:\/\/jackpotlotteryonline.com\/wp-content\/uploads\/2022\/11\/1_lotto_jackpot_online-257x300.jpg"},{"@type":"BreadcrumbList","@id":"https:\/\/jackpotlotteryonline.com\/sl\/kako-igrati\/igranje-sobota-lotto-na-spletu\/#breadcrumb","itemListElement":[{"@type":"ListItem","position":1,"name":"Home","item":"https:\/\/jackpotlotteryonline.com\/sl\/"},{"@type":"ListItem","position":2,"name":"Kako igrati","item":"https:\/\/jackpotlotteryonline.com\/play-online\/"},{"@type":"ListItem","position":3,"name":"igranje sobota Lotto na spletu"}]},{"@type":"WebSite","@id":"https:\/\/jackpotlotteryonline.com\/#website","url":"https:\/\/jackpotlotteryonline.com\/","name":"Lotto Online - Crack The International Lottery Jackpots","description":"","potentialAction":[{"@type":"SearchAction","target":{"@type":"EntryPoint","urlTemplate":"https:\/\/jackpotlotteryonline.com\/?s={search_term_string}"},"query-input":"required name=search_term_string"}],"inLanguage":"sl-SI"}]}},"_links":{"self":[{"href":"https:\/\/jackpotlotteryonline.com\/sl\/wp-json\/wp\/v2\/pages\/39618","targetHints":{"allow":["GET"]}}],"collection":[{"href":"https:\/\/jackpotlotteryonline.com\/sl\/wp-json\/wp\/v2\/pages"}],"about":[{"href":"https:\/\/jackpotlotteryonline.com\/sl\/wp-json\/wp\/v2\/types\/page"}],"author":[{"embeddable":true,"href":"https:\/\/jackpotlotteryonline.com\/sl\/wp-json\/wp\/v2\/users\/1"}],"replies":[{"embeddable":true,"href":"https:\/\/jackpotlotteryonline.com\/sl\/wp-json\/wp\/v2\/comments?post=39618"}],"version-history":[{"count":0,"href":"https:\/\/jackpotlotteryonline.com\/sl\/wp-json\/wp\/v2\/pages\/39618\/revisions"}],"up":[{"embeddable":true,"href":"https:\/\/jackpotlotteryonline.com\/sl\/wp-json\/wp\/v2\/pages\/35721"}],"wp:attachment":[{"href":"https:\/\/jackpotlotteryonline.com\/sl\/wp-json\/wp\/v2\/media?parent=39618"}],"curies":[{"name":"wp","href":"https:\/\/api.w.org\/{rel}","templated":true}]}}