{"id":39670,"date":"2022-11-28T12:50:16","date_gmt":"2022-11-28T12:50:16","guid":{"rendered":"https:\/\/jackpotlotteryonline.com\/?page_id=39670"},"modified":"2022-12-31T13:26:00","modified_gmt":"2022-12-31T13:26:00","slug":"saturday-lotto","status":"publish","type":"page","link":"https:\/\/jackpotlotteryonline.com\/sl\/kako-igrati\/saturday-lotto\/","title":{"rendered":"igranje Set For Life online"},"content":{"rendered":"<p>Veliko ve\u010d igralcev po vsem svetu se za\u010denja zavedati lepote tega, da so nastavljeni do konca \u017eivljenja. In prav to igralcem ponuja britanska loterija Set for Life: mo\u017enost, da vsak mesec 30 let osvojijo 10.000 funtov. Loterija se imenuje rentna, ker zmagovalec ne prejme enkratnega zneska. Na prvi pogled se to morda ne zdi tako privla\u010dno kot dobiti milijarde evrov. Vendar pa so nekateri igralci, ki jim ne ustreza ravnanje s tako veliko koli\u010dino denarja naenkrat. Poleg tega smo \u017ee brali o zmagovalcih loterije, ki so po nekaj letih ostali brez denarja. Pri tej britanski loteriji se to ne more zgoditi, saj dobitnik vsak mesec neprekinjeno prejme 10.000 funtov.<\/p>\n<p>\u010ce se spra\u0161ujete, kako lahko igrate to britansko rento zunaj Zdru\u017eenega kraljestva, imate sre\u010do. Tukaj bomo z vami delili informacije o tem, kako igrati to loterijo, in nasvete za igranje zunaj Zdru\u017eenega kraljestva.<\/p>\n<h2>Ali lahko igrate igro Set For Life zunaj Zdru\u017eenega kraljestva?<\/h2>\n<p><img loading=\"lazy\" decoding=\"async\" class=\"alignright size-medium wp-image-27941\" src=\"http:\/\/jackpotlotteryonline.com\/wp-content\/uploads\/2022\/11\/1_lottery_winner_ticket-200x300.jpg\" alt=\"osvojite veliko zmago s storitvijo Set for life\" width=\"200\" height=\"300\" srcset=\"https:\/\/jackpotlotteryonline.com\/wp-content\/uploads\/2022\/11\/1_lottery_winner_ticket-200x300.jpg 200w, https:\/\/jackpotlotteryonline.com\/wp-content\/uploads\/2022\/11\/1_lottery_winner_ticket.jpg 320w\" sizes=\"auto, (max-width: 200px) 100vw, 200px\" \/><\/p>\n<p>Loterija Set For Life je morda v osnovi britanska loterija, vendar si \u017eeljo po vsakomese\u010dnem velikem dobitku delijo igralci po vsem svetu. Bodimo iskreni, komu ne bi bila v\u0161e\u010d misel, da bi 30 let vsak mesec osvojil 10.000 funtov? Obi\u010dajno se igra igra Set For Life samo v Zdru\u017eenem kraljestvu, ker se tam prodajajo sre\u010dke. Vendar pa lahko igralci zdaj kupijo vstopnice kjer koli.<\/p>\n<p>Internet je omogo\u010dil veliko stvari, zlasti dostop do informacij. Zdaj lahko igralci po vsem svetu kupijo sre\u010dke za najbolj\u0161e mednarodne loterije, vklju\u010dno z igro Set For Life. \u010ce ste igralec zunaj Zdru\u017eenega kraljestva, <a href=\"https:\/\/jackpotlotteryonline.com\/sl\/kupiti-vstopnice\/set-for-life\">lahko vstopnice za britansko loterijo<\/a> za rente preprosto kupite na spletnem mestu jackpotlotlotteryonline.com.<\/p>\n<p>\u010ce vam je v\u0161e\u010d misel na to, da boste imeli vse do konca \u017eivljenja, pohitite in si kupite vstopnico pred naslednjim \u017erebanjem.<\/p>\n<h2>Kako igrati<\/h2>\n<p>Za igranje loterije v Veliki Britaniji morajo igralci izbrati 5 \u0161tevilk od 1 do 47 in 1 \u0161tevilko Life Ball od 1 do 10. Nato <a href=\"https:\/\/jackpotlotteryonline.com\/sl\/zmagovalne-stevilke\/set-for-life\">izberete dneve \u017erebanja<\/a>, v katerih \u017eelite sodelovati, in \u0161tevilo tednov, v katerih \u017eelite igrati.<\/p>\n<p>Ko uporabljate na\u0161o spletno stran, lahko uporabite na\u0161 generator \u0161tevilk za naklju\u010dno izbiro \u0161tevilk. Prav tako lahko nastavite, da se samodejno vklju\u010dite v vsako \u017erebanje ve\u010d tednov vnaprej. Tako vam ni treba skrbeti, da bi zamudili \u017erebanje. Poleg tega na na\u0161em spletnem mestu objavljamo neobdelane rezultate.<\/p>\n<p>\u017drebanja programa Set For Life potekajo vsak ponedeljek in \u010detrtek zve\u010der. Igranje z nami pomeni, da vam ni treba zamuditi \u017erebanja, ker niste kupili sre\u010dke pred njegovim zaklju\u010dkom.<\/p>\n<h2>Nasveti za igranje prek spleta<\/h2>\n<p>Preden kupite loterijsko sre\u010dko prek spleta, je pomembno, da veste nekaj stvari. To je nekaj nasvetov, ki vam bodo pomagali pri prijetnej\u0161i izku\u0161nji igranja.<\/p>\n<ul>\n<li>Za nakup loterijskih sre\u010dk vedno uporabite spletno mesto s conciergeom<\/li>\n<li>Prepri\u010dajte se, da lahko na spletnem mestu brez te\u017eav izpla\u010date svoj dobitek<\/li>\n<li>Kupite ve\u010d sre\u010dk in se udele\u017eite ve\u010d \u017erebanj, da pove\u010date svoje mo\u017enosti za zmago<\/li>\n<li>Uporabite spletno mesto, ki vas bo obvestilo (prek e-po\u0161te), ko boste osvojili nagrado<\/li>\n<\/ul>\n<h2>Nagradne kategorije programa Set For Life<\/h2>\n<div id=\"attachment_27779\" style=\"width: 222px\" class=\"wp-caption alignright\"><img loading=\"lazy\" decoding=\"async\" aria-describedby=\"caption-attachment-27779\" class=\"size-full wp-image-27779\" src=\"http:\/\/jackpotlotteryonline.com\/wp-content\/uploads\/2022\/11\/1_lottery_ticket.jpg\" alt=\"kako igrati igro Set za vse \u017eivljenje\" width=\"212\" height=\"142\" \/><p id=\"caption-attachment-27779\" class=\"wp-caption-text\">Izpolnjevanje loterijskega listka s svin\u010dnikom na leseni mizi, bli\u017enji posnetek. Prostor za besedilo<\/p><\/div>\n<p>Glavna nagrada te loterije v Zdru\u017eenem kraljestvu je neverjetnih 10.000 funtov vsak mesec v naslednjih 30 letih. To je, kot da bi za 30-letne po\u010ditnice dobili 10 tiso\u010dakov na mesec. Ta nagrada navdu\u0161uje \u0161tevilne igralce. \u0160e bolj navdu\u0161ujo\u010de pa je dejstvo, da ima ta loterija tudi nekaj drugih zanimivih nagrad. Tukaj so nagradne kategorije.<\/p>\n<p>Kategorija 1: Ujemite 5 \u0161tevilk in \u017eogico \u017eivljenja &#8211; 10 000 funtov vsak mesec za 30 let<\/p>\n<p>Kategorija 2: Ujemite samo 5 \u0161tevilk &#8211; 10 000 GBP vsak mesec za 1 leto<\/p>\n<p>Kategorija 3: ujemanje 4 \u0161tevilk + \u017eogica LIfe Ball &#8211; 250 GBP<\/p>\n<p>Kategorija 4: Ujemite samo 4 \u0161tevilke &#8211; 50 funtov<\/p>\n<p>Kategorija 5: Ujemite 3 \u0161tevilke + \u017eogico Life Ball &#8211; 30 GBP<\/p>\n<p>Kategorija 6: Ujemite samo 3 \u0161tevilke &#8211; 20 GBP<\/p>\n<p>Kategorija 7: Ujemite 2 \u0161tevilki in \u017eogico \u017eivljenja &#8211; 10 GBP<\/p>\n<p>Kategorija 8: Ujemite samo 2 \u0161tevilki &#8211; 5 funtov<\/p>\n<section class=\"layout\" style=\"border: solid 1px; width: 100%;\">\n<div class=\"img-div\" style=\"margin-top: 5px;\"><img decoding=\"async\" class=\"wp-image-17212 alignleft\" style=\"height: 45px; margin: 8px 8px 0px;\" src=\"http:\/\/jackpotlotteryonline.com\/wp-content\/uploads\/2022\/11\/read1.jpg\" alt=\"Preberite \" width=\"\" height=\"\" \/><\/div>\n<div style=\"padding-left: 5px;\">\n<div style=\"font-size: 1.1em;\">\n<p><strong>Nekateri zmagovalci loterije so se vrnili v skupnost<\/strong><\/p>\n<p style=\"font-size: 0.85em; margin-top: -1.5em;\">Nekaj zanimivih in ganljivih zgodb o loterijskih zmagovalcih, ki se vra\u010dajo<a href=\"https:\/\/jackpotlotteryonline.com\/sl\/zgodbe-o-loterijskih-zmagovalcih-ki-dajejo-nazaj\"> preberi ve\u010d<\/a><\/p>\n<\/div>\n<\/div>\n<\/section>\n<h2>Igrajte britansko loterijo za rente tukaj danes<\/h2>\n<p>Smo concierge loterijsko mesto, ki igralcem po vsem svetu omogo\u010da dostop do najbolj\u0161ih mednarodnih loterij. Ko pri nas kupite loterijske sre\u010dke, u\u017eivate v u\u017eitku igranja loterije brez kakr\u0161nih koli te\u017eav.<\/p>\n<p>\u010ce osvojite katero koli nagrado, lahko svoj dobitek preprosto izpla\u010date tukaj, na na\u0161em spletnem mestu. Pri nas je to tako preprosto. In \u010de je va\u0161 dobitek vi\u0161ji od dolo\u010denega zneska, vam bomo pomagali z obrazcem za zahtevek, da boste lahko prevzeli svoj dobitek.<\/p>\n<p>Vse, kar po\u010dnemo, je usmerjeno v zagotavljanje brezhibne loterijske izku\u0161nje za na\u0161e stranke. Zato \u0161e danes sodelujte v britanski loteriji Set for Life.<\/p>\n","protected":false},"excerpt":{"rendered":"<p>Veliko ve\u010d igralcev po vsem svetu se za\u010denja zavedati lepote tega, da so nastavljeni do konca \u017eivljenja. In prav to igralcem ponuja britanska loterija Set for Life: mo\u017enost, da vsak mesec 30 let osvojijo 10.000 funtov. Loterija se imenuje rentna, ker zmagovalec ne prejme enkratnega zneska. Na prvi pogled se to morda ne zdi tako [&hellip;]<\/p>\n","protected":false},"author":1,"featured_media":0,"parent":35721,"menu_order":11,"comment_status":"closed","ping_status":"closed","template":"set-for-life.php","meta":{"_et_pb_use_builder":"","_et_pb_old_content":"","_et_gb_content_width":"","exclude_from_search":false,"footnotes":""},"class_list":["post-39670","page","type-page","status-publish","hentry"],"yoast_head":"<!-- This site is optimized with the Yoast SEO plugin v23.3 - https:\/\/yoast.com\/wordpress\/plugins\/seo\/ -->\n<title>Igrajte igro Set for Life zunaj Zdru\u017eenega kraljestva<\/title>\n<meta name=\"description\" content=\"Igrajte spletno loterijo za rente v Zdru\u017eenem kraljestvu in osvojite prilo\u017enost, da boste imeli mo\u017enost biti nastavljeni do konca \u017eivljenja.\" \/>\n<meta name=\"robots\" content=\"index, follow, max-snippet:-1, max-image-preview:large, max-video-preview:-1\" \/>\n<link rel=\"canonical\" href=\"https:\/\/jackpotlotteryonline.com\/sl\/kako-igrati\/saturday-lotto\/\" \/>\n<meta property=\"og:locale\" content=\"sl_SI\" \/>\n<meta property=\"og:type\" content=\"article\" \/>\n<meta property=\"og:title\" content=\"Igrajte igro Set for Life zunaj Zdru\u017eenega kraljestva\" \/>\n<meta property=\"og:description\" content=\"Igrajte spletno loterijo za rente v Zdru\u017eenem kraljestvu in osvojite prilo\u017enost, da boste imeli mo\u017enost biti nastavljeni do konca \u017eivljenja.\" \/>\n<meta property=\"og:url\" content=\"https:\/\/jackpotlotteryonline.com\/sl\/kako-igrati\/saturday-lotto\/\" \/>\n<meta property=\"og:site_name\" content=\"Lotto Online - Crack The International Lottery Jackpots\" \/>\n<meta property=\"article:modified_time\" content=\"2022-12-31T13:26:00+00:00\" \/>\n<meta property=\"og:image\" content=\"http:\/\/jackpotlotteryonline.com\/wp-content\/uploads\/2022\/11\/1_lottery_winner_ticket-200x300.jpg\" \/>\n<meta name=\"twitter:card\" content=\"summary_large_image\" \/>\n<meta name=\"twitter:label1\" content=\"Est. reading time\" \/>\n\t<meta name=\"twitter:data1\" content=\"4 minute\" \/>\n<!-- \/ Yoast SEO plugin. -->","yoast_head_json":{"title":"Igrajte igro Set for Life zunaj Zdru\u017eenega kraljestva","description":"Igrajte spletno loterijo za rente v Zdru\u017eenem kraljestvu in osvojite prilo\u017enost, da boste imeli mo\u017enost biti nastavljeni do konca \u017eivljenja.","robots":{"index":"index","follow":"follow","max-snippet":"max-snippet:-1","max-image-preview":"max-image-preview:large","max-video-preview":"max-video-preview:-1"},"canonical":"https:\/\/jackpotlotteryonline.com\/sl\/kako-igrati\/saturday-lotto\/","og_locale":"sl_SI","og_type":"article","og_title":"Igrajte igro Set for Life zunaj Zdru\u017eenega kraljestva","og_description":"Igrajte spletno loterijo za rente v Zdru\u017eenem kraljestvu in osvojite prilo\u017enost, da boste imeli mo\u017enost biti nastavljeni do konca \u017eivljenja.","og_url":"https:\/\/jackpotlotteryonline.com\/sl\/kako-igrati\/saturday-lotto\/","og_site_name":"Lotto Online - Crack The International Lottery Jackpots","article_modified_time":"2022-12-31T13:26:00+00:00","og_image":[{"url":"http:\/\/jackpotlotteryonline.com\/wp-content\/uploads\/2022\/11\/1_lottery_winner_ticket-200x300.jpg"}],"twitter_card":"summary_large_image","twitter_misc":{"Est. reading time":"4 minute"},"schema":{"@context":"https:\/\/schema.org","@graph":[{"@type":"WebPage","@id":"https:\/\/jackpotlotteryonline.com\/sl\/kako-igrati\/saturday-lotto\/","url":"https:\/\/jackpotlotteryonline.com\/sl\/kako-igrati\/saturday-lotto\/","name":"Igrajte igro Set for Life zunaj Zdru\u017eenega kraljestva","isPartOf":{"@id":"https:\/\/jackpotlotteryonline.com\/#website"},"primaryImageOfPage":{"@id":"https:\/\/jackpotlotteryonline.com\/sl\/kako-igrati\/saturday-lotto\/#primaryimage"},"image":{"@id":"https:\/\/jackpotlotteryonline.com\/sl\/kako-igrati\/saturday-lotto\/#primaryimage"},"thumbnailUrl":"http:\/\/jackpotlotteryonline.com\/wp-content\/uploads\/2022\/11\/1_lottery_winner_ticket-200x300.jpg","datePublished":"2022-11-28T12:50:16+00:00","dateModified":"2022-12-31T13:26:00+00:00","description":"Igrajte spletno loterijo za rente v Zdru\u017eenem kraljestvu in osvojite prilo\u017enost, da boste imeli mo\u017enost biti nastavljeni do konca \u017eivljenja.","breadcrumb":{"@id":"https:\/\/jackpotlotteryonline.com\/sl\/kako-igrati\/saturday-lotto\/#breadcrumb"},"inLanguage":"sl-SI","potentialAction":[{"@type":"ReadAction","target":["https:\/\/jackpotlotteryonline.com\/sl\/kako-igrati\/saturday-lotto\/"]}]},{"@type":"ImageObject","inLanguage":"sl-SI","@id":"https:\/\/jackpotlotteryonline.com\/sl\/kako-igrati\/saturday-lotto\/#primaryimage","url":"http:\/\/jackpotlotteryonline.com\/wp-content\/uploads\/2022\/11\/1_lottery_winner_ticket-200x300.jpg","contentUrl":"http:\/\/jackpotlotteryonline.com\/wp-content\/uploads\/2022\/11\/1_lottery_winner_ticket-200x300.jpg"},{"@type":"BreadcrumbList","@id":"https:\/\/jackpotlotteryonline.com\/sl\/kako-igrati\/saturday-lotto\/#breadcrumb","itemListElement":[{"@type":"ListItem","position":1,"name":"Home","item":"https:\/\/jackpotlotteryonline.com\/sl\/"},{"@type":"ListItem","position":2,"name":"Kako igrati","item":"https:\/\/jackpotlotteryonline.com\/play-online\/"},{"@type":"ListItem","position":3,"name":"igranje Set For Life online"}]},{"@type":"WebSite","@id":"https:\/\/jackpotlotteryonline.com\/#website","url":"https:\/\/jackpotlotteryonline.com\/","name":"Lotto Online - Crack The International Lottery Jackpots","description":"","potentialAction":[{"@type":"SearchAction","target":{"@type":"EntryPoint","urlTemplate":"https:\/\/jackpotlotteryonline.com\/?s={search_term_string}"},"query-input":"required name=search_term_string"}],"inLanguage":"sl-SI"}]}},"_links":{"self":[{"href":"https:\/\/jackpotlotteryonline.com\/sl\/wp-json\/wp\/v2\/pages\/39670","targetHints":{"allow":["GET"]}}],"collection":[{"href":"https:\/\/jackpotlotteryonline.com\/sl\/wp-json\/wp\/v2\/pages"}],"about":[{"href":"https:\/\/jackpotlotteryonline.com\/sl\/wp-json\/wp\/v2\/types\/page"}],"author":[{"embeddable":true,"href":"https:\/\/jackpotlotteryonline.com\/sl\/wp-json\/wp\/v2\/users\/1"}],"replies":[{"embeddable":true,"href":"https:\/\/jackpotlotteryonline.com\/sl\/wp-json\/wp\/v2\/comments?post=39670"}],"version-history":[{"count":0,"href":"https:\/\/jackpotlotteryonline.com\/sl\/wp-json\/wp\/v2\/pages\/39670\/revisions"}],"up":[{"embeddable":true,"href":"https:\/\/jackpotlotteryonline.com\/sl\/wp-json\/wp\/v2\/pages\/35721"}],"wp:attachment":[{"href":"https:\/\/jackpotlotteryonline.com\/sl\/wp-json\/wp\/v2\/media?parent=39670"}],"curies":[{"name":"wp","href":"https:\/\/api.w.org\/{rel}","templated":true}]}}