{"id":39728,"date":"2022-11-29T08:30:27","date_gmt":"2022-11-29T08:30:27","guid":{"rendered":"https:\/\/jackpotlotteryonline.com\/?page_id=39728"},"modified":"2023-01-03T10:27:51","modified_gmt":"2023-01-03T10:27:51","slug":"new-york-lottery-2","status":"publish","type":"page","link":"https:\/\/jackpotlotteryonline.com\/sl\/kako-igrati\/new-york-lottery-2\/","title":{"rendered":"Igrajte New York loto na spletu"},"content":{"rendered":"<p>Zgodovina lota New York je pre\u017eeta z dobrimi dejanji in splo\u0161no pozitivnostjo. Loterija, ki je bila ustvarjena za pomo\u010d pri izobra\u017eevanju v zvezni dr\u017eavi, je dobra izbira za igralce, ki imajo radi malo altruizma ob svoji zabavi. \u010ce \u017eelite loterijo, ki vam omogo\u010da ob\u010dutek, da prispevate nekaj dobrega k svetu, potem morate razmisliti o loteriji New York lotto.<\/p>\n<p>Vendar pa se ve\u010dina igralcev spra\u0161uje, kako sodelovati v tej loteriji iz drugega dela sveta. Loto New York je dr\u017eavna loterija zvezne dr\u017eave New York v ZDA, kot ste verjetno \u017ee uganili iz imena. Zato je odprta za ljubitelje lota, ki \u017eivijo v tej zvezni dr\u017eavi, loterijske sre\u010dke pa so zlahka dostopne pri prodajalcih v zvezni dr\u017eavi. \u010ce \u017eivite zunaj zvezne dr\u017eave &#8211; ali celo na drugi celini &#8211; je to povsem druga zgodba.<\/p>\n<p>Toda nikar se ne bojte, predstavili vam bomo najbolj\u0161i na\u010din za nakup loterijskih sre\u010dk od koder koli na svetu. \u010ce se vam mudi v naslednje \u017erebanje, zakaj ne obi\u0161\u010dete spletne strani jackpotlotteryonline.com in za\u010dnete?<\/p>\n<h2>Nasveti za igranje lota v New Yorku<\/h2>\n<p>Zdaj pa preidimo k razlogu, zaradi katerega smo tukaj: kako igrati loto New York od koder koli. Preden se lotimo podrobnosti, je verjetno dobro deliti nekaj nasvetov za igranje lota. \u010ceprav tu govorimo o konkretnem lotu, ti nasveti veljajo tudi za druge vrhunske mednarodne loterije, v katere lahko mimogrede vstopite tudi tukaj.<\/p>\n<p><strong>Kot re\u010deno, tukaj so na\u0161i nasveti za igranje lota New York:<\/strong><\/p>\n<ul>\n<li>skrbno izberite svoje \u0161tevilke. Res je, da ni pravega na\u010dina za napovedovanje \u0161tevilk, ki bodo zmagale v igri loto, vendar je treba izbrati \u0161tevilke, ki vam nekaj pomenijo.<\/li>\n<li>Bodite pozorni na bonusno \u0161tevilko. To je nekaj, \u010desar veliko igralcev ne razume; dejstvo, da glavni dobitek ni vse, kar lahko osvojite. Bonusna \u0161tevilka je tista, ki dolo\u010da drugo stopnjo nagrade, s katero se prav tako lahko vrnete domov z dobrim zneskom.<\/li>\n<li>Ne zamudite \u017erebanj. \u010ce ste v igri zato, da bi zmagali, se morate osredoto\u010diti na sodelovanje v \u017erebanjih. Loto v New Yorku ima dve \u017erebanji na teden, in sicer v sredo in soboto. Potrudite se, da se udele\u017eite obeh \u017erebanj. V \u017erebanja lahko vstopite tudi ve\u010d tednov vnaprej (kako, vam bomo pokazali pozneje).<\/li>\n<\/ul>\n<h2>Brez povezave in prek spleta<\/h2>\n<p><img loading=\"lazy\" decoding=\"async\" class=\"alignright size-full wp-image-31505\" src=\"http:\/\/jackpotlotteryonline.com\/wp-content\/uploads\/2022\/11\/lotto2-300x84-1.png\" alt=\"igranje spletnega lota New York\" width=\"300\" height=\"84\" \/>Kak\u0161na je razlika med igranjem loterije prek spleta in brez povezave in ali obstajajo kak\u0161ne prednosti? Ja, ta vpra\u0161anja pogosto sli\u0161imo in so upravi\u010dena. \u010ce na primer \u017eivite v New Yorku, se seveda spra\u0161ujete, ali ima spletna udele\u017eba na loteriji kak\u0161no prednost. Eno vam lahko povemo: udobje.<\/p>\n<p>Ugotavljanje, kateri prodajalec prodaja katero loterijsko sre\u010dko, je lahko stresno, zlasti \u010de imate na voljo le nekaj minut, preden se prodaja sre\u010dk zaklju\u010di. Poleg tega se boste morda \u017eeleli prijaviti na ve\u010d loterij, kar postane nerodno, \u010de se morate premikati od enega prodajalca do drugega.<\/p>\n<p>Igranje loterije prek spleta omogo\u010da udobje, ki si ga doslej niste mogli niti predstavljati. Kar iz udobja ra\u010dunalnika ali mobilne naprave lahko kupite sre\u010dke, preverite rezultate \u017erebanja in izpla\u010date morebitne dobitke. Zagotavljamo vam, da ko boste enkrat poskusili igrati loterijo prek spleta, ne bo ve\u010d poti nazaj.<\/p>\n<h2>Kako igrati na spletu<\/h2>\n<p>Ne glede na to, ali ste izku\u0161en igralec ali novinec, je sodelovanje v spletni loteriji hitro, preprosto in povsem enostavno. \u010ce igrate loterijo New York, so spodaj navedeni naslednji koraki:<\/p>\n<ul>\n<li>Kliknite na loterijo, ki jo \u017eelite igrati.<\/li>\n<li>Izberite 6 \u0161tevilk od 1 do 59. Na voljo je tudi sedma \u0161tevilka, ki pa jo naklju\u010dno iz\u017ereba loterijsko podjetje in ni del va\u0161e sre\u010dke.<\/li>\n<li><a href=\"https:\/\/jackpotlotteryonline.com\/sl\/zmagovalne-stevilke\/new-york-lottery\">Vpi\u0161ite se v \u017erebanja<\/a>, ki so vsak teden ob sredah in sobotah. Sodelujete lahko samo v enem \u017erebanju ali v obeh.<\/li>\n<li>Dokon\u010dajte pla\u010dilo. Ve\u010dina loterijskih spletnih mest zahteva, da se registrirate, da lahko dokon\u010date pla\u010dilo. Tako boste po nakupu lahko enostavno dostopali do svoje vstopnice.<\/li>\n<\/ul>\n<p>Igranje spletne loterije je res tako preprosto. Glede na to, da ni nobenega drugega na\u010dina za pridobitev sre\u010dk za loterijo New York lotto zunaj zvezne dr\u017eave New York v ZDA, je to fantasti\u010den na\u010din tudi, \u010de \u017eivite v drugem delu sveta.<\/p>\n<section class=\"layout\" style=\"border: solid 1px; width: 100%;\">\n<div class=\"img-div\" style=\"margin-top: 5px;\"><img decoding=\"async\" class=\"wp-image-17212 alignleft\" style=\"height: 45px; margin: 8px 8px 0px;\" src=\"http:\/\/jackpotlotteryonline.com\/wp-content\/uploads\/2022\/11\/read1.jpg\" alt=\"Leer \" width=\"\" height=\"\" \/><\/div>\n<div style=\"padding-left: 5px;\">\n<div style=\"font-size: 1.1em;\">\n<p><strong>Kako dobim pla\u010dilo, \u010de zmagam na spletni loteriji?<\/strong><\/p>\n<p style=\"font-size: 0.85em; margin-top: -1.5em;\">Tako dobite svoj denar, \u010de zmagate na spletni loteriji<a href=\"https:\/\/jackpotlotteryonline.com\/sl\/kako-je-izplacano-ce-zmagam-loterijo-online\"> preberi ve\u010d<\/a><\/p>\n<\/div>\n<\/div>\n<\/section>\n<h2>Kako izbrati zmagovalne \u0161tevilke<\/h2>\n<p>Tema izbire zmagovalnih \u0161tevilk je zapletena, \u010deprav, \u010de jo pogledate od blizu, ne bi smela biti tak\u0161na. Pretirano jo zapletajo tisti, ki vam \u017eelijo ponuditi tako imenovane matemati\u010dne formule za zmago na loteriji. Resno, ne zaupajte nobeni tako imenovani znanstveni metodi.<\/p>\n<p>Loterija je igra na sre\u010do in newyor\u0161ki loto ni izjema. \u0160tevilke se generirajo naklju\u010dno in sre\u010da ima veliko opraviti s tem, kdo zmaga na loteriji.<\/p>\n<p>Glede na to je vedno dobro, da dejavnik sre\u010de nekoliko izkoristite in izberete svoje sre\u010dne \u0161tevilke. Tako lahko izberete rojstne dneve, obletnice, \u0161tevilke, ki so vam prina\u0161ale sre\u010do vse \u017eivljenje, itd. Lahko pa preprosto uporabite orodje samodejnega generatorja na na\u0161i spletni strani in naklju\u010dno izberete \u0161tevilke. Na koncu je vse odvisno od sre\u010de.<\/p>\n<h2>Kje kupiti vstopnice za New York loto<\/h2>\n<p><img loading=\"lazy\" decoding=\"async\" class=\"alignright size-medium wp-image-28913\" src=\"http:\/\/jackpotlotteryonline.com\/wp-content\/uploads\/2022\/11\/1_pick_lottery_numbers-300x200.jpg\" alt=\"kupite vstopnice za loto New York\" width=\"300\" height=\"200\" srcset=\"https:\/\/jackpotlotteryonline.com\/wp-content\/uploads\/2022\/11\/1_pick_lottery_numbers-300x200.jpg 300w, https:\/\/jackpotlotteryonline.com\/wp-content\/uploads\/2022\/11\/1_pick_lottery_numbers.jpg 320w\" sizes=\"auto, (max-width: 300px) 100vw, 300px\" \/>\u010ce ste pripravljeni sodelovati v lotu New York, je naslednji <a href=\"https:\/\/jackpotlotteryonline.com\/sl\/kupiti-vstopnice\/new-york-lottery\">korak nakup sre\u010dk<\/a>. To lahko storite prek spleta na spletni strani prodajalca loterije, kot je jackpotlotteryonline.com. Pri tem je treba biti pozoren na spletna mesta za loterijo, ki vam ne povedo natan\u010dno, kako bodo dobili va\u0161e vstopnice. Tak\u0161na spletna mesta vam lahko omogo\u010dijo le staviti na izid loterije, ne da bi pri tem dejansko sodelovali.<\/p>\n<p>Ko kupite loterijske sre\u010dke pri nas, bodo na\u0161i agenti v New Yorku kupili sre\u010dke z ustreznimi \u0161tevilkami. To je skoraj tako, kot da bi imeli svojega osebnega loterijskega agenta na razli\u010dnih koncih sveta.<\/p>\n<h2>Stopnje nagrad za New York lotto<\/h2>\n<p>Loto New York ima ve\u010d nagradnih stopenj. \u010ceprav si ve\u010dina igralcev prizadeva za glavni dobitek in bi si ga morali tudi vi, je dejstvo, da ga ne more osvojiti vsak. Kljub temu pa lahko igralci osvojijo ve\u010d drugih nagradnih kategorij.<\/p>\n<p>Glavna nagrada se za\u010dne pri 2 milijonih dolarjev, vendar naj vas ta znesek ne zavede. \u010ce po \u017erebanju ni zmagovalca, se nagrada prevesi in za\u010dne rasti in rasti. Najvi\u0161ji jackpot te loterije je zna\u0161al neverjetnih 176 milijonov dolarjev. Ja, popolnoma spremeni \u017eivljenje.<\/p>\n<p>Stopnja 1 (glavni dobitek) &#8211; ujemite vseh 6 iz\u017erebanih \u0161tevilk<\/p>\n<p>Stopnja 2 &#8211; ujemanje 5 \u0161tevilk in bonusne \u0161tevilke<\/p>\n<p>Stopnja 3 &#8211; ujemite 5 \u0161tevilk<\/p>\n<p>Stopnja 4 &#8211; ujemanje 4 \u0161tevilk<\/p>\n<p>Stopnja 5 &#8211; ujemanje 3 \u0161tevilk<\/p>\n<h2>Dobitek in izpla\u010dilo<\/h2>\n<p>Zmaga v New York lotto pomeni, da imate sre\u010dko, ki se ujema z iz\u017erebanimi \u0161tevilkami. Kdor se ujema z iz\u017erebanimi \u0161tevilkami, zmaga na loteriji. \u010ce \u017eelite izvedeti, ali ste zmagali na loteriji, morate preveriti rezultate \u017erebanja. \u010ce ste registrirani pri nas, vam bomo poslali e-po\u0161tno sporo\u010dilo, \u010de boste osvojili nagrado.<\/p>\n<p>\u010ce kupite sre\u010dke za loto pri nas, lahko svoje dobitke z na\u0161e platforme preprosto izpla\u010date na svoj ra\u010dun. \u010ce ste osvojili 2500 evrov ali manj, lahko svoj denar dvignete s preprostim klikom. \u010ce je znesek vi\u0161ji, vam bomo poslali obrazec za zahtevek, ki ga morate izpolniti, nato pa vam bomo pomagali pri obdelavi va\u0161ega dobitka.<\/p>\n<p>Pobrskajte za sre\u010dke za New York lotto zdaj na jackpotlotteryonline.com.<\/p>\n","protected":false},"excerpt":{"rendered":"<p>Zgodovina lota New York je pre\u017eeta z dobrimi dejanji in splo\u0161no pozitivnostjo. Loterija, ki je bila ustvarjena za pomo\u010d pri izobra\u017eevanju v zvezni dr\u017eavi, je dobra izbira za igralce, ki imajo radi malo altruizma ob svoji zabavi. \u010ce \u017eelite loterijo, ki vam omogo\u010da ob\u010dutek, da prispevate nekaj dobrega k svetu, potem morate razmisliti o loteriji [&hellip;]<\/p>\n","protected":false},"author":1,"featured_media":0,"parent":35721,"menu_order":14,"comment_status":"closed","ping_status":"closed","template":"newyork.php","meta":{"_et_pb_use_builder":"","_et_pb_old_content":"","_et_gb_content_width":"","exclude_from_search":false,"footnotes":""},"class_list":["post-39728","page","type-page","status-publish","hentry"],"yoast_head":"<!-- This site is optimized with the Yoast SEO plugin v23.3 - https:\/\/yoast.com\/wordpress\/plugins\/seo\/ -->\n<title>Kako igrati New York lotto od koder koli<\/title>\n<meta name=\"description\" content=\"Ne glede na to, kje se nahajate, lahko v igro New York lotto vstopite prek spleta. Ve\u010d informacij o tem, kako igrati in zmagati, najdete tukaj.\" \/>\n<meta name=\"robots\" content=\"index, follow, max-snippet:-1, max-image-preview:large, max-video-preview:-1\" \/>\n<link rel=\"canonical\" href=\"https:\/\/jackpotlotteryonline.com\/sl\/kako-igrati\/new-york-lottery-2\/\" \/>\n<meta property=\"og:locale\" content=\"sl_SI\" \/>\n<meta property=\"og:type\" content=\"article\" \/>\n<meta property=\"og:title\" content=\"Kako igrati New York lotto od koder koli\" \/>\n<meta property=\"og:description\" content=\"Ne glede na to, kje se nahajate, lahko v igro New York lotto vstopite prek spleta. Ve\u010d informacij o tem, kako igrati in zmagati, najdete tukaj.\" \/>\n<meta property=\"og:url\" content=\"https:\/\/jackpotlotteryonline.com\/sl\/kako-igrati\/new-york-lottery-2\/\" \/>\n<meta property=\"og:site_name\" content=\"Lotto Online - Crack The International Lottery Jackpots\" \/>\n<meta property=\"article:modified_time\" content=\"2023-01-03T10:27:51+00:00\" \/>\n<meta property=\"og:image\" content=\"http:\/\/jackpotlotteryonline.com\/wp-content\/uploads\/2022\/11\/lotto2-300x84-1.png\" \/>\n<meta name=\"twitter:card\" content=\"summary_large_image\" \/>\n<meta name=\"twitter:label1\" content=\"Est. reading time\" \/>\n\t<meta name=\"twitter:data1\" content=\"6 minut\" \/>\n<!-- \/ Yoast SEO plugin. -->","yoast_head_json":{"title":"Kako igrati New York lotto od koder koli","description":"Ne glede na to, kje se nahajate, lahko v igro New York lotto vstopite prek spleta. Ve\u010d informacij o tem, kako igrati in zmagati, najdete tukaj.","robots":{"index":"index","follow":"follow","max-snippet":"max-snippet:-1","max-image-preview":"max-image-preview:large","max-video-preview":"max-video-preview:-1"},"canonical":"https:\/\/jackpotlotteryonline.com\/sl\/kako-igrati\/new-york-lottery-2\/","og_locale":"sl_SI","og_type":"article","og_title":"Kako igrati New York lotto od koder koli","og_description":"Ne glede na to, kje se nahajate, lahko v igro New York lotto vstopite prek spleta. Ve\u010d informacij o tem, kako igrati in zmagati, najdete tukaj.","og_url":"https:\/\/jackpotlotteryonline.com\/sl\/kako-igrati\/new-york-lottery-2\/","og_site_name":"Lotto Online - Crack The International Lottery Jackpots","article_modified_time":"2023-01-03T10:27:51+00:00","og_image":[{"url":"http:\/\/jackpotlotteryonline.com\/wp-content\/uploads\/2022\/11\/lotto2-300x84-1.png"}],"twitter_card":"summary_large_image","twitter_misc":{"Est. reading time":"6 minut"},"schema":{"@context":"https:\/\/schema.org","@graph":[{"@type":"WebPage","@id":"https:\/\/jackpotlotteryonline.com\/sl\/kako-igrati\/new-york-lottery-2\/","url":"https:\/\/jackpotlotteryonline.com\/sl\/kako-igrati\/new-york-lottery-2\/","name":"Kako igrati New York lotto od koder koli","isPartOf":{"@id":"https:\/\/jackpotlotteryonline.com\/#website"},"primaryImageOfPage":{"@id":"https:\/\/jackpotlotteryonline.com\/sl\/kako-igrati\/new-york-lottery-2\/#primaryimage"},"image":{"@id":"https:\/\/jackpotlotteryonline.com\/sl\/kako-igrati\/new-york-lottery-2\/#primaryimage"},"thumbnailUrl":"http:\/\/jackpotlotteryonline.com\/wp-content\/uploads\/2022\/11\/lotto2-300x84-1.png","datePublished":"2022-11-29T08:30:27+00:00","dateModified":"2023-01-03T10:27:51+00:00","description":"Ne glede na to, kje se nahajate, lahko v igro New York lotto vstopite prek spleta. Ve\u010d informacij o tem, kako igrati in zmagati, najdete tukaj.","breadcrumb":{"@id":"https:\/\/jackpotlotteryonline.com\/sl\/kako-igrati\/new-york-lottery-2\/#breadcrumb"},"inLanguage":"sl-SI","potentialAction":[{"@type":"ReadAction","target":["https:\/\/jackpotlotteryonline.com\/sl\/kako-igrati\/new-york-lottery-2\/"]}]},{"@type":"ImageObject","inLanguage":"sl-SI","@id":"https:\/\/jackpotlotteryonline.com\/sl\/kako-igrati\/new-york-lottery-2\/#primaryimage","url":"http:\/\/jackpotlotteryonline.com\/wp-content\/uploads\/2022\/11\/lotto2-300x84-1.png","contentUrl":"http:\/\/jackpotlotteryonline.com\/wp-content\/uploads\/2022\/11\/lotto2-300x84-1.png"},{"@type":"BreadcrumbList","@id":"https:\/\/jackpotlotteryonline.com\/sl\/kako-igrati\/new-york-lottery-2\/#breadcrumb","itemListElement":[{"@type":"ListItem","position":1,"name":"Home","item":"https:\/\/jackpotlotteryonline.com\/sl\/"},{"@type":"ListItem","position":2,"name":"Kako igrati","item":"https:\/\/jackpotlotteryonline.com\/play-online\/"},{"@type":"ListItem","position":3,"name":"Igrajte New York loto na spletu"}]},{"@type":"WebSite","@id":"https:\/\/jackpotlotteryonline.com\/#website","url":"https:\/\/jackpotlotteryonline.com\/","name":"Lotto Online - Crack The International Lottery Jackpots","description":"","potentialAction":[{"@type":"SearchAction","target":{"@type":"EntryPoint","urlTemplate":"https:\/\/jackpotlotteryonline.com\/?s={search_term_string}"},"query-input":"required name=search_term_string"}],"inLanguage":"sl-SI"}]}},"_links":{"self":[{"href":"https:\/\/jackpotlotteryonline.com\/sl\/wp-json\/wp\/v2\/pages\/39728","targetHints":{"allow":["GET"]}}],"collection":[{"href":"https:\/\/jackpotlotteryonline.com\/sl\/wp-json\/wp\/v2\/pages"}],"about":[{"href":"https:\/\/jackpotlotteryonline.com\/sl\/wp-json\/wp\/v2\/types\/page"}],"author":[{"embeddable":true,"href":"https:\/\/jackpotlotteryonline.com\/sl\/wp-json\/wp\/v2\/users\/1"}],"replies":[{"embeddable":true,"href":"https:\/\/jackpotlotteryonline.com\/sl\/wp-json\/wp\/v2\/comments?post=39728"}],"version-history":[{"count":0,"href":"https:\/\/jackpotlotteryonline.com\/sl\/wp-json\/wp\/v2\/pages\/39728\/revisions"}],"up":[{"embeddable":true,"href":"https:\/\/jackpotlotteryonline.com\/sl\/wp-json\/wp\/v2\/pages\/35721"}],"wp:attachment":[{"href":"https:\/\/jackpotlotteryonline.com\/sl\/wp-json\/wp\/v2\/media?parent=39728"}],"curies":[{"name":"wp","href":"https:\/\/api.w.org\/{rel}","templated":true}]}}