{"id":40332,"date":"2022-12-02T10:59:47","date_gmt":"2022-12-02T10:59:47","guid":{"rendered":"https:\/\/jackpotlotteryonline.com\/?page_id=40332"},"modified":"2022-12-19T15:09:19","modified_gmt":"2022-12-19T15:09:19","slug":"mega-millions","status":"publish","type":"page","link":"https:\/\/jackpotlotteryonline.com\/sl\/kupiti-vstopnice\/mega-millions\/","title":{"rendered":"Vstopnice Mega Millions"},"content":{"rendered":"<h2>Kako lahko prek spleta kupite sre\u010dko Mega Millions?<\/h2>\n<p>\u010ce to berete, vas verjetno zanima nakup vstopnice Mega Millions. Mega Millions je ena od \u0161tevilnih loterij, ki svojim zmagovalcem ponujajo velike dobitke. Morda se zdaj spra\u0161ujete: &#8220;Kako lahko na spletu kupim sre\u010dko Mega Millions?&#8221;<\/p>\n<p>Za vas smo poskrbeli. Tukaj je vodnik, ki vam bo pomagal pri spletnem nakupu sre\u010dke Mega Millions.<\/p>\n<h2>Zakaj kupiti sre\u010dko Mega Millions prek spleta?<\/h2>\n<p><img loading=\"lazy\" decoding=\"async\" class=\"alignright size-full wp-image-31073\" src=\"http:\/\/jackpotlotteryonline.com\/wp-content\/uploads\/2022\/11\/logo_Mega_Millions_233x110.png\" alt=\"spletni nakup vstopnice za mega milijone\" width=\"232\" height=\"110\" \/>Mega milijoni je ameri\u0161ka loterija z velikimi glavnimi dobitki, ki spreminjajo \u017eivljenja in pogosto dosegajo ve\u010d sto milijonov funtov. Dobitek lahko \u010dez no\u010d spremeni va\u0161e \u017eivljenje, vendar le, \u010de imate sre\u010do in so vse dobitne \u0161tevilke pravilno ujete.<\/p>\n<p>\u010ce nameravate to<a href=\"https:\/\/jackpotlotteryonline.com\/sl\/kako-igrati\/mega-millions\"> loterijo igrati prek spleta<\/a>, to pomeni, da bomo v va\u0161em imenu kupili sre\u010dke prek na\u0161ih lokalnih trgovskih zastopnikov. Smo zaupanja vreden ponudnik storitev concierge, ki te storitve zagotavlja svojim strankam po vsem svetu. Na\u0161im strankam zagotavljamo najbolj\u0161e storitve, zato zakaj ne bi kupovali pri nas?<\/p>\n<p>Ker je Mega Millions velik glavni dobitek in v njem sodeluje veliko ljudi, so mo\u017enosti za dobitek precej visoke, zato ve\u010dina ljudi i\u0161\u010de metode, s katerimi lahko izbolj\u0161ajo svoje mo\u017enosti za dobitek v tem glavnem dobitku.<\/p>\n<p>Eden od na\u010dinov za izbolj\u0161anje mo\u017enosti je spletni nakup sre\u010dke Mega Millions. To lahko storite na na\u0161em spletnem mestu tako, da preprosto naro\u010dite sre\u010dko od koder koli na svetu, in skeniranje sre\u010dke Mega Millions bo na voljo na va\u0161em ra\u010dunu. Pri spletnem nakupu vstopnice Mega Millions vam ni treba skrbeti, da bi vstopnico izgubili ali da bi vam jo ukradli, saj bodo podatki o va\u0161i vstopnici varno shranjeni.<\/p>\n<p>Poleg tega je spletni nakup vstopnice Mega Millions bolj priro\u010den kot obisk fizi\u010dne trgovine, saj lahko naro\u010dilo opravite kar v udobju svojega doma in kjer koli na svetu. V tej loteriji Mega Millions boste sodelovali tako kot prebivalci ZDA, saj boste \u010dakali na \u017erebanja.<\/p>\n<h2>Postopek spletnega nakupa sre\u010dk Mega Millions<\/h2>\n<p>Preden pri nas kupite sre\u010dko Mega Millions, morate vedeti, da bomo delovali kot posrednik med vami in loterijo, kar vam bo omogo\u010dilo igranje in nakup sre\u010dk prek spleta, ne da bi vam bilo treba obiskati fizi\u010dno prodajalno loterije.<\/p>\n<p>Ali ste zdaj pripravljeni na spletni nakup sre\u010dke Mega Millions? \u010ce ste, v nadaljevanju predstavljamo nekaj korakov, ki jih morate upo\u0161tevati, da bo va\u0161 nakup sre\u010dke uspe\u0161en.<\/p>\n<p><strong>1. Ustvarite ra\u010dun.<\/strong><br \/>\n<img loading=\"lazy\" decoding=\"async\" class=\"alignright size-full wp-image-34025\" src=\"http:\/\/jackpotlotteryonline.com\/wp-content\/uploads\/2022\/11\/2_ticket_mega_millions3-1.jpg\" alt=\"spletni nakup vstopnice za mega milijone\" width=\"180\" height=\"193\" \/>\u010ce ste novinec, boste preusmerjeni na stran za prijavo, kjer boste navedli zahtevane podatke. Ko uspe\u0161no ustvarite svoj igralni ra\u010dun, se odpravite na stran loterije Mega Millions in naredite naslednje:<\/p>\n<p>Izberite \u0161tevilke, s katerimi \u017eelite igrati. To lahko storite ro\u010dno ali pa uporabite na\u0161 generator naklju\u010dnih \u0161tevilk, ki \u0161tevilke izbere naklju\u010dno.<\/p>\n<p>Nato izberite \u0161tevilo \u017erebanj, v katerih \u017eelite sodelovati. Izberete lahko eno \u017erebanje ali kupite sre\u010dke za ve\u010d \u017erebanj. \u010ce sodelujete v ve\u010d \u017erebanjih, se va\u0161e mo\u017enosti za osvojitev glavnega dobitka Mega Millions pove\u010dajo.<\/p>\n<p><strong>2. Kliknite gumb &#8220;Nadaljuj&#8221; in se odpravite na stran z blagajno.<\/strong><\/p>\n<p><strong>3. Na\u010dini pla\u010dila<\/strong><\/p>\n<p>Pojdite na stran za pla\u010dilo in pla\u010dajte svoje vstopnice. Po dolo\u010denem \u010dasu bo v va\u0161 ra\u010dun nalo\u017een sken va\u0161e vstopnice za igro Mega Millions.<\/p>\n<p><strong>4. Zdaj morate le \u0161e po\u010dakati na \u017erebanja, ki potekajo vsak torek in petek ob 23.00.<\/strong> \u010casovni pasovi se lahko razlikujejo, zato vam svetujemo, da med \u010dakanjem na<a href=\"https:\/\/jackpotlotteryonline.com\/sl\/zmagovalne-stevilke\/mega-millions\"> \u017erebanja<\/a> potrdite \u010dasovni pas.<\/p>\n<h2>Kaj se zgodi po osvojitvi glavnega dobitka Mega Millions?<\/h2>\n<p>\u010ce ste pravilno iz\u017erebali vse \u0161tevilke, se morda spra\u0161ujete, kaj storiti naprej ali kako boste prejeli nagrado. Prejeli boste celoten dobitek in za prevzem nagrade Mega Millions vam ne bo treba potovati v ZDA. Vedite le, da bo skeniranje va\u0161e sre\u010dke slu\u017eilo kot dokazilo o sodelovanju, zato ga shranite na varno; potrebovali ga boste.<\/p>\n<section class=\"layout\" style=\"border: solid 1px; width: 100%;\">\n<div class=\"img-div\" style=\"margin-top: 5px;\"><img decoding=\"async\" class=\"wp-image-17212 alignleft\" style=\"height: 45px; margin: 8px 8px 0px;\" src=\"http:\/\/jackpotlotteryonline.com\/wp-content\/uploads\/2022\/11\/read1.jpg\" alt=\"nagrajevanje zmagovalca\" width=\"\" height=\"\" \/><\/div>\n<div style=\"padding-left: 5px;\">\n<div style=\"font-size: 1.1em;\">\n<p><strong>Kako dobim pla\u010dilo, \u010de zmagam na spletni loteriji?<\/strong><\/p>\n<p style=\"font-size: 0.85em; margin-top: -1.5em;\">Tako dobite svoj denar, \u010de zmagate na spletni loteriji \u00a0<a href=\"https:\/\/jackpotlotteryonline.com\/sl\/kako-je-izplacano-ce-zmagam-loterijo-online\">preberi ve\u010d<\/a><\/p>\n<\/div>\n<\/div>\n<\/section>\n<h2>Nasveti, ki vam bodo pomagali oditi z glavnim dobitkom Mega Millions<\/h2>\n<p><img loading=\"lazy\" decoding=\"async\" class=\"size-medium wp-image-29858 alignright\" src=\"http:\/\/jackpotlotteryonline.com\/wp-content\/uploads\/2022\/11\/1_win_euromillions_lottery-300x164.jpg\" alt=\"spletni nakup vstopnice za mega milijone\" width=\"300\" height=\"164\" srcset=\"https:\/\/jackpotlotteryonline.com\/wp-content\/uploads\/2022\/11\/1_win_euromillions_lottery-300x164.jpg 300w, https:\/\/jackpotlotteryonline.com\/wp-content\/uploads\/2022\/11\/1_win_euromillions_lottery.jpg 350w\" sizes=\"auto, (max-width: 300px) 100vw, 300px\" \/>\u010ce nameravate igrati na loteriji Mega Millions in osvojiti glavni dobitek, morate upo\u0161tevati nekaj stvari, da pove\u010date svoje mo\u017enosti za zmago.<\/p>\n<p>Najprej za za\u010detek skrbno izberite svoje \u0161tevilke. Ne izbirajte preve\u010d pogostih \u0161tevilk; namesto tega razmislite o uporabi sre\u010dnih \u0161tevilk ali naklju\u010dnem izboru \u0161tevilk. Poskrbite, da bodo enakomerno razporejene, da ne boste izbrali istih \u0161tevilk kot drugi igralci.<\/p>\n<p>Drugi\u010d, primerjajte zadnje dobitne \u0161tevilke in preu\u010dite vzorce \u0161tevilk. Iz izbranih \u0161tevilk izlo\u010dite \u0161tevilke, ki so bile iz\u017erebane pred kratkim.<\/p>\n<p>Preu\u010dite tudi vzorec najpogostej\u0161ih zmagovalnih \u0161tevilk in jih ozna\u010dite kot \u0161tevilke z najve\u010djo pogostostjo dobitkov. Po njihovem opazovanju jih nekaj razdelite v skladu z izbranimi \u0161tevilkami.<\/p>\n<p>Nazadnje lahko na loteriji Mega Millions igrate v sindikatu. To pomeni, da kupite sre\u010dke v skupini, vsi dobitki pa se enakomerno razdelijo med vse sodelujo\u010de igralce. To je odli\u010dna metoda za izbolj\u0161anje mo\u017enosti za osvojitev glavnega dobitka.<\/p>\n<p>\u010ce boste igrali loterijo Mega Millions ob upo\u0161tevanju zgornjih nasvetov, kdo ve? Morda boste prav vi naslednji dobitnik glavnega dobitka. Preizkusite svojo sre\u010do \u0161e danes!<\/p>\n<h2>Zaklju\u010dek<\/h2>\n<p>\u010ce nimate stalnega prebivali\u0161\u010da v ZDA in upate, da boste osvojili glavni dobitek Mega Millions, je najbolje, da kupite sre\u010dko Mega Millions prek spleta. V tej loteriji lahko sodelujete iz katere koli dr\u017eave na svetu. Na kaj \u0161e \u010dakate? Kupite sre\u010dke \u0161e danes in imejte prilo\u017enost, da postanete sre\u010dni dobitnik glavnega dobitka.<\/p>\n<p>\u010ce \u017eelite ve\u010d informacij o tej loteriji, obi\u0161\u010dite na\u0161o stran s pogostimi vpra\u0161anji ali po\u0161ljite svoje vpra\u0161anje in na\u0161a slu\u017eba za podporo strankam vam bo odgovorila z ustreznimi informacijami. Medtem lahko raziskujete tudi druge loterije, ki so na voljo na na\u0161em spletnem mestu, in \u010de vas zanima, preprosto pritisnite gumb za igranje in zmagujte tudi v drugih loterijah.<\/p>\n","protected":false},"excerpt":{"rendered":"<p>Kako lahko prek spleta kupite sre\u010dko Mega Millions? \u010ce to berete, vas verjetno zanima nakup vstopnice Mega Millions. Mega Millions je ena od \u0161tevilnih loterij, ki svojim zmagovalcem ponujajo velike dobitke. Morda se zdaj spra\u0161ujete: &#8220;Kako lahko na spletu kupim sre\u010dko Mega Millions?&#8221; Za vas smo poskrbeli. Tukaj je vodnik, ki vam bo pomagal pri [&hellip;]<\/p>\n","protected":false},"author":1,"featured_media":0,"parent":35780,"menu_order":1,"comment_status":"closed","ping_status":"closed","template":"megamillion.php","meta":{"_et_pb_use_builder":"","_et_pb_old_content":"","_et_gb_content_width":"","exclude_from_search":false,"footnotes":""},"class_list":["post-40332","page","type-page","status-publish","hentry"],"yoast_head":"<!-- This site is optimized with the Yoast SEO plugin v23.3 - https:\/\/yoast.com\/wordpress\/plugins\/seo\/ -->\n<title>Spletni nakup sre\u010dk Mega Millions | Vstopnice za Mega Millions zunaj ZDA<\/title>\n<meta name=\"description\" content=\"\u010ce \u017eivite zunaj ZDA, lahko \u0161e vedno kupite vstopnice za igro Mega Millions na spletu, in sicer tukaj. Za vas kupimo prave vstopnice za Mega Millions in jih skeniramo\" \/>\n<meta name=\"robots\" content=\"index, follow, max-snippet:-1, max-image-preview:large, max-video-preview:-1\" \/>\n<link rel=\"canonical\" href=\"https:\/\/jackpotlotteryonline.com\/sl\/kupiti-vstopnice\/mega-millions\/\" \/>\n<meta property=\"og:locale\" content=\"sl_SI\" \/>\n<meta property=\"og:type\" content=\"article\" \/>\n<meta property=\"og:title\" content=\"Spletni nakup sre\u010dk Mega Millions | Vstopnice za Mega Millions zunaj ZDA\" \/>\n<meta property=\"og:description\" content=\"\u010ce \u017eivite zunaj ZDA, lahko \u0161e vedno kupite vstopnice za igro Mega Millions na spletu, in sicer tukaj. Za vas kupimo prave vstopnice za Mega Millions in jih skeniramo\" \/>\n<meta property=\"og:url\" content=\"https:\/\/jackpotlotteryonline.com\/sl\/kupiti-vstopnice\/mega-millions\/\" \/>\n<meta property=\"og:site_name\" content=\"Lotto Online - Crack The International Lottery Jackpots\" \/>\n<meta property=\"article:modified_time\" content=\"2022-12-19T15:09:19+00:00\" \/>\n<meta property=\"og:image\" content=\"http:\/\/jackpotlotteryonline.com\/wp-content\/uploads\/2022\/11\/logo_Mega_Millions_233x110.png\" \/>\n<meta name=\"twitter:card\" content=\"summary_large_image\" \/>\n<meta name=\"twitter:label1\" content=\"Est. reading time\" \/>\n\t<meta name=\"twitter:data1\" content=\"5 minut\" \/>\n<!-- \/ Yoast SEO plugin. -->","yoast_head_json":{"title":"Spletni nakup sre\u010dk Mega Millions | Vstopnice za Mega Millions zunaj ZDA","description":"\u010ce \u017eivite zunaj ZDA, lahko \u0161e vedno kupite vstopnice za igro Mega Millions na spletu, in sicer tukaj. Za vas kupimo prave vstopnice za Mega Millions in jih skeniramo","robots":{"index":"index","follow":"follow","max-snippet":"max-snippet:-1","max-image-preview":"max-image-preview:large","max-video-preview":"max-video-preview:-1"},"canonical":"https:\/\/jackpotlotteryonline.com\/sl\/kupiti-vstopnice\/mega-millions\/","og_locale":"sl_SI","og_type":"article","og_title":"Spletni nakup sre\u010dk Mega Millions | Vstopnice za Mega Millions zunaj ZDA","og_description":"\u010ce \u017eivite zunaj ZDA, lahko \u0161e vedno kupite vstopnice za igro Mega Millions na spletu, in sicer tukaj. Za vas kupimo prave vstopnice za Mega Millions in jih skeniramo","og_url":"https:\/\/jackpotlotteryonline.com\/sl\/kupiti-vstopnice\/mega-millions\/","og_site_name":"Lotto Online - Crack The International Lottery Jackpots","article_modified_time":"2022-12-19T15:09:19+00:00","og_image":[{"url":"http:\/\/jackpotlotteryonline.com\/wp-content\/uploads\/2022\/11\/logo_Mega_Millions_233x110.png"}],"twitter_card":"summary_large_image","twitter_misc":{"Est. reading time":"5 minut"},"schema":{"@context":"https:\/\/schema.org","@graph":[{"@type":"WebPage","@id":"https:\/\/jackpotlotteryonline.com\/sl\/kupiti-vstopnice\/mega-millions\/","url":"https:\/\/jackpotlotteryonline.com\/sl\/kupiti-vstopnice\/mega-millions\/","name":"Spletni nakup sre\u010dk Mega Millions | Vstopnice za Mega Millions zunaj ZDA","isPartOf":{"@id":"https:\/\/jackpotlotteryonline.com\/#website"},"primaryImageOfPage":{"@id":"https:\/\/jackpotlotteryonline.com\/sl\/kupiti-vstopnice\/mega-millions\/#primaryimage"},"image":{"@id":"https:\/\/jackpotlotteryonline.com\/sl\/kupiti-vstopnice\/mega-millions\/#primaryimage"},"thumbnailUrl":"http:\/\/jackpotlotteryonline.com\/wp-content\/uploads\/2022\/11\/logo_Mega_Millions_233x110.png","datePublished":"2022-12-02T10:59:47+00:00","dateModified":"2022-12-19T15:09:19+00:00","description":"\u010ce \u017eivite zunaj ZDA, lahko \u0161e vedno kupite vstopnice za igro Mega Millions na spletu, in sicer tukaj. Za vas kupimo prave vstopnice za Mega Millions in jih skeniramo","breadcrumb":{"@id":"https:\/\/jackpotlotteryonline.com\/sl\/kupiti-vstopnice\/mega-millions\/#breadcrumb"},"inLanguage":"sl-SI","potentialAction":[{"@type":"ReadAction","target":["https:\/\/jackpotlotteryonline.com\/sl\/kupiti-vstopnice\/mega-millions\/"]}]},{"@type":"ImageObject","inLanguage":"sl-SI","@id":"https:\/\/jackpotlotteryonline.com\/sl\/kupiti-vstopnice\/mega-millions\/#primaryimage","url":"http:\/\/jackpotlotteryonline.com\/wp-content\/uploads\/2022\/11\/logo_Mega_Millions_233x110.png","contentUrl":"http:\/\/jackpotlotteryonline.com\/wp-content\/uploads\/2022\/11\/logo_Mega_Millions_233x110.png"},{"@type":"BreadcrumbList","@id":"https:\/\/jackpotlotteryonline.com\/sl\/kupiti-vstopnice\/mega-millions\/#breadcrumb","itemListElement":[{"@type":"ListItem","position":1,"name":"Home","item":"https:\/\/jackpotlotteryonline.com\/sl\/"},{"@type":"ListItem","position":2,"name":"Kako kupiti loterijske vstopnice na spletu","item":"https:\/\/jackpotlotteryonline.com\/sl\/kupiti-vstopnice\/"},{"@type":"ListItem","position":3,"name":"Vstopnice Mega Millions"}]},{"@type":"WebSite","@id":"https:\/\/jackpotlotteryonline.com\/#website","url":"https:\/\/jackpotlotteryonline.com\/","name":"Lotto Online - Crack The International Lottery Jackpots","description":"","potentialAction":[{"@type":"SearchAction","target":{"@type":"EntryPoint","urlTemplate":"https:\/\/jackpotlotteryonline.com\/?s={search_term_string}"},"query-input":"required name=search_term_string"}],"inLanguage":"sl-SI"}]}},"_links":{"self":[{"href":"https:\/\/jackpotlotteryonline.com\/sl\/wp-json\/wp\/v2\/pages\/40332","targetHints":{"allow":["GET"]}}],"collection":[{"href":"https:\/\/jackpotlotteryonline.com\/sl\/wp-json\/wp\/v2\/pages"}],"about":[{"href":"https:\/\/jackpotlotteryonline.com\/sl\/wp-json\/wp\/v2\/types\/page"}],"author":[{"embeddable":true,"href":"https:\/\/jackpotlotteryonline.com\/sl\/wp-json\/wp\/v2\/users\/1"}],"replies":[{"embeddable":true,"href":"https:\/\/jackpotlotteryonline.com\/sl\/wp-json\/wp\/v2\/comments?post=40332"}],"version-history":[{"count":0,"href":"https:\/\/jackpotlotteryonline.com\/sl\/wp-json\/wp\/v2\/pages\/40332\/revisions"}],"up":[{"embeddable":true,"href":"https:\/\/jackpotlotteryonline.com\/sl\/wp-json\/wp\/v2\/pages\/35780"}],"wp:attachment":[{"href":"https:\/\/jackpotlotteryonline.com\/sl\/wp-json\/wp\/v2\/media?parent=40332"}],"curies":[{"name":"wp","href":"https:\/\/api.w.org\/{rel}","templated":true}]}}